{"id":8711,"date":"2023-01-01T06:58:48","date_gmt":"2023-01-01T06:58:48","guid":{"rendered":"https:\/\/global-hookah.com\/?post_type=product&#038;p=8711"},"modified":"2024-03-13T00:27:37","modified_gmt":"2024-03-13T00:27:37","slug":"arabian-2-hose-glass-hookah","status":"publish","type":"product","link":"https:\/\/global-hookah.com\/de\/produkt\/arabian-2-hose-glass-hookah\/","title":{"rendered":"Arabische 2 Schlauch Glas Wasserpfeife"},"content":{"rendered":"<div id=\"detail_decorate_root\" data-host=\"338149141\" data-magic-global=\"%7B%22bizId%22%3A2208927118496%2C%22pageId%22%3A20184260251%2C%22siteId%22%3A5007050098%7D\" data-id=\"detail_decorate_root\">\n<div class=\"J_module\">\n<div id=\"ali-anchor-AliMagic-msztba\" class=\"magic-0\" data-section=\"AliMagic-msztba\" data-section-title=\"Products Description\">\n<p><iframe title=\"2 Schlauch Glas Wasserpfeife\" width=\"500\" height=\"375\" src=\"https:\/\/www.youtube.com\/embed\/63trdQ25iis?feature=oembed\" frameborder=\"0\" allow=\"accelerometer; autoplay; clipboard-write; encrypted-media; gyroscope; picture-in-picture; web-share\" referrerpolicy=\"strict-origin-when-cross-origin\" allowfullscreen><\/iframe><\/p>\n<p>Der Araber <strong>2 Schlauch Glas Wasserpfeife<\/strong> ist ein wundersch\u00f6nes Kunstwerk, das bei jeder Zusammenkunft die Aufmerksamkeit auf sich ziehen wird. Diese Wasserpfeife wird mit zwei Schl\u00e4uchen und einer Glasschale geliefert, die ein extrem sanftes Raucherlebnis erm\u00f6glicht. Die Arabian Glass Hookah ist 28 cm hoch, kann aber dank ihres einzigartigen Designs problemlos in einer vertikalen Position aufbewahrt werden. Diese Glas-Wasserpfeife ist aus hochwertigen Materialien hergestellt, so dass sie jahrelang ohne Probleme halten wird.<\/p>\n<p>Die arabische Wasserpfeife ist aus hochwertigem Glas gefertigt und eignet sich perfekt f\u00fcr den Wasserpfeifenraucher, der ein authentisches nah\u00f6stliches Raucherlebnis sucht. Die arabische Wasserpfeife ist aus strapazierf\u00e4higem Glas mit einem sch\u00f6nen Design hergestellt. Der Glassockel ist mit einem verf\u00fchrerischen Muster verziert, das den Gesamteindruck noch verst\u00e4rkt. Die arabische Wasserpfeife wird auch mit einem passenden Glasschlauch geliefert, Sie k\u00f6nnen <a href=\"https:\/\/global-hookah.com\/product-category\/hookah-parts\/\">zus\u00e4tzliches Zubeh\u00f6r<\/a> wie Sch\u00fcssel und Tablett, falls erforderlich.<\/p>\n<p>Die Arabian 2 Hose Glass Hookah kommt mit allem, was Sie brauchen, um sofort loszulegen. Sie erhalten zwei Schl\u00e4uche, einen langen und einen kurzen, sowie eine gro\u00dfe Schale und eine Zange, damit Sie Ihre Pfeife leicht greifen k\u00f6nnen, ohne sich zu verbrennen. Wenn du dieser wundersch\u00f6nen Wasserpfeife noch mehr Stil verleihen m\u00f6chtest<\/p>\n<p>Die arabische 2-Schlauch-Glas-Wasserpfeife ist in verschiedenen Farben erh\u00e4ltlich, darunter blau, rot, gr\u00fcn und schwarz, so dass Sie die perfekte Farbe f\u00fcr Ihr Zuhause oder B\u00fcro w\u00e4hlen k\u00f6nnen! Jede Farbe hat auch ihre eigenen einzigartigen Muster in das Glas ge\u00e4tzt, die diese <a class=\"wpil_keyword_link\" href=\"https:\/\/global-hookah.com\/product-category\/wholesale-weed-pipes\/\"   title=\"Glaspfeife\" data-wpil-keyword-link=\"linked\">Glaspfeife<\/a> noch atemberaubender aussehen als je zuvor!<\/p>\n<\/div>\n<\/div>\n<div class=\"J_module\">\n<div class=\"icbu-pc-images magic-1\">\n<div>\n<div class=\"flex-layout-h\">\n<div class=\"flex-layout-v magic-2\">\n<div class=\"magic-3\"><img decoding=\"async\" class=\"magic-4\" src=\"\/\/sc04.alicdn.com\/kf\/Hb3f69fb2bdd6480691cb41297dedc115S\/244107664\/Hb3f69fb2bdd6480691cb41297dedc115S.jpg\" data-id=\"child-image-0\" \/><\/div>\n<\/div>\n<div class=\"text-wrapper magic-5\">\n<div class=\"text-wrapper-right text-theme-light text-align-left\">\n<div class=\"text-title\" data-id=\"right-title\">Informationen zum Produkt<\/div>\n<div class=\"text-content\" data-id=\"right-content\"><span class=\"magic-6\">H\u00f6he: 28cm<br \/>\nGewicht: 0,8 kg (mit Box)<br \/>\nPackungsgr\u00f6\u00dfe: 24<br \/>\nVerpackungsvolumen: 14* 14* 28cm<\/span><\/div>\n<\/div>\n<\/div>\n<\/div>\n<\/div>\n<\/div>\n<\/div>\n<div class=\"J_module\">\n<div class=\"icbu-pc-detailManyImage magic-7\" data-module-name=\"icbu-pc-detailManyImage\">\n<div class=\"magic-8\"><img decoding=\"async\" class=\"magic-9\" src=\"\/\/sc04.alicdn.com\/kf\/H432a6e3b7a2340aa9f4de8c201d24fdcu\/244107664\/H432a6e3b7a2340aa9f4de8c201d24fdcu.jpg\" \/><\/div>\n<div class=\"magic-8\"><img decoding=\"async\" class=\"magic-9\" src=\"\/\/sc04.alicdn.com\/kf\/H3b838ba9f5ce4fe4bcba2dcdfc35ceca5\/244107664\/H3b838ba9f5ce4fe4bcba2dcdfc35ceca5.jpg\" \/><\/div>\n<div class=\"magic-8\"><img decoding=\"async\" class=\"magic-9\" src=\"\/\/sc04.alicdn.com\/kf\/Hcb7e6225510c4ab68adb0f9b8722f8d10\/244107664\/Hcb7e6225510c4ab68adb0f9b8722f8d10.jpg\" \/><\/div>\n<div class=\"magic-8\"><img decoding=\"async\" class=\"magic-9\" src=\"\/\/sc04.alicdn.com\/kf\/H7f02154ed13a4869b49a5a509682912fh\/244107664\/H7f02154ed13a4869b49a5a509682912fh.jpg\" \/><\/div>\n<div class=\"magic-8\"><img decoding=\"async\" class=\"magic-9\" src=\"\/\/sc04.alicdn.com\/kf\/H1901e5889e2e4ce3877fc3b4937bdb02q\/244107664\/H1901e5889e2e4ce3877fc3b4937bdb02q.jpg\" \/><\/div>\n<div class=\"magic-8\"><img decoding=\"async\" class=\"magic-9\" src=\"\/\/sc04.alicdn.com\/kf\/He7aeff82973648bdb4bf3a1c536efeb4x\/244107664\/He7aeff82973648bdb4bf3a1c536efeb4x.jpg\" \/><\/div>\n<div class=\"magic-8\"><img decoding=\"async\" class=\"magic-9\" src=\"\/\/sc04.alicdn.com\/kf\/H50ea6573f2dc4684887e349817bc0296v\/244107664\/H50ea6573f2dc4684887e349817bc0296v.jpg\" \/><\/div>\n<div class=\"magic-8\"><\/div>\n<\/div>\n<\/div>\n<div class=\"J_module\">\n<div class=\"detail-decorate-json-renderer-container\">\n<div class=\"magic-10\">\n<div class=\"magic-11\">\n<div class=\"magic-12\">\n<div class=\"magic-13\">\n<p>H\u00f6he: 29cm<\/p>\n<div>Gewicht: 0,8 kg (mit Box)<br \/>\nPackungsgr\u00f6\u00dfe: 24<br \/>\nVerpackungsvolumen: 13 * 13* 29cm<\/div>\n<\/div>\n<\/div>\n<\/div>\n<\/div>\n<\/div>\n<\/div>\n<div class=\"J_module\"><\/div>\n<div class=\"J_module\"><\/div>\n<\/div>","protected":false},"excerpt":{"rendered":"<p>Die arabische 2-Schlauch-Glas-Hookah ist ein wundersch\u00f6nes Kunstwerk, das mit Sicherheit der Mittelpunkt des Geschehens sein wird.<\/p>","protected":false},"featured_media":8757,"comment_status":"open","ping_status":"closed","template":"","meta":{"iawp_total_views":2,"_joinchat":[]},"product_brand":[],"product_cat":[415,560],"product_tag":[79],"class_list":{"0":"post-8711","1":"product","2":"type-product","3":"status-publish","4":"has-post-thumbnail","6":"product_cat-accessories","7":"product_cat-glass-hookah-wholesale","8":"product_tag-arabian-hookah","10":"first","11":"outofstock","12":"shipping-taxable","13":"product-type-variable"},"yoast_head":"<!-- This site is optimized with the Yoast SEO Premium plugin v24.7 (Yoast SEO v26.8) - https:\/\/yoast.com\/product\/yoast-seo-premium-wordpress\/ -->\n<title>Arabian 2 Hose Glass Hookah - Global Hookah<\/title>\n<meta name=\"robots\" content=\"index, follow, max-snippet:-1, max-image-preview:large, max-video-preview:-1\" \/>\n<link rel=\"canonical\" href=\"https:\/\/global-hookah.com\/de\/produkt\/arabian-2-hose-glass-hookah\/\" \/>\n<meta property=\"og:locale\" content=\"de_DE\" \/>\n<meta property=\"og:type\" content=\"article\" \/>\n<meta property=\"og:title\" content=\"Arabian 2 Hose Glass Hookah\" \/>\n<meta property=\"og:description\" content=\"The Arabian 2 Hose Glass Hookah is a beautiful piece of art that is sure to be the center of\" \/>\n<meta property=\"og:url\" content=\"https:\/\/global-hookah.com\/de\/produkt\/arabian-2-hose-glass-hookah\/\" \/>\n<meta property=\"og:site_name\" content=\"Global Hookah\" \/>\n<meta property=\"article:modified_time\" content=\"2024-03-13T00:27:37+00:00\" \/>\n<meta property=\"og:image\" content=\"https:\/\/global-hookah.com\/wp-content\/uploads\/2023\/01\/H2fbf5526bdb44f26b6df318d0977addep.jpg\" \/>\n\t<meta property=\"og:image:width\" content=\"1000\" \/>\n\t<meta property=\"og:image:height\" content=\"1000\" \/>\n\t<meta property=\"og:image:type\" content=\"image\/jpeg\" \/>\n<meta name=\"twitter:card\" content=\"summary_large_image\" \/>\n<meta name=\"twitter:label1\" content=\"Gesch\u00e4tzte Lesezeit\" \/>\n\t<meta name=\"twitter:data1\" content=\"2\u00a0Minuten\" \/>\n<script type=\"application\/ld+json\" class=\"yoast-schema-graph\">{\"@context\":\"https:\/\/schema.org\",\"@graph\":[{\"@type\":\"WebPage\",\"@id\":\"https:\/\/global-hookah.com\/product\/arabian-2-hose-glass-hookah\/\",\"url\":\"https:\/\/global-hookah.com\/product\/arabian-2-hose-glass-hookah\/\",\"name\":\"Arabian 2 Hose Glass Hookah - Global Hookah\",\"isPartOf\":{\"@id\":\"https:\/\/global-hookah.com\/#website\"},\"primaryImageOfPage\":{\"@id\":\"https:\/\/global-hookah.com\/product\/arabian-2-hose-glass-hookah\/#primaryimage\"},\"image\":{\"@id\":\"https:\/\/global-hookah.com\/product\/arabian-2-hose-glass-hookah\/#primaryimage\"},\"thumbnailUrl\":\"https:\/\/global-hookah.com\/wp-content\/uploads\/2023\/01\/H2fbf5526bdb44f26b6df318d0977addep.jpg\",\"datePublished\":\"2023-01-01T06:58:48+00:00\",\"dateModified\":\"2024-03-13T00:27:37+00:00\",\"breadcrumb\":{\"@id\":\"https:\/\/global-hookah.com\/product\/arabian-2-hose-glass-hookah\/#breadcrumb\"},\"inLanguage\":\"de\",\"potentialAction\":[{\"@type\":\"ReadAction\",\"target\":[\"https:\/\/global-hookah.com\/product\/arabian-2-hose-glass-hookah\/\"]}]},{\"@type\":\"ImageObject\",\"inLanguage\":\"de\",\"@id\":\"https:\/\/global-hookah.com\/product\/arabian-2-hose-glass-hookah\/#primaryimage\",\"url\":\"https:\/\/global-hookah.com\/wp-content\/uploads\/2023\/01\/H2fbf5526bdb44f26b6df318d0977addep.jpg\",\"contentUrl\":\"https:\/\/global-hookah.com\/wp-content\/uploads\/2023\/01\/H2fbf5526bdb44f26b6df318d0977addep.jpg\",\"width\":1000,\"height\":1000},{\"@type\":\"BreadcrumbList\",\"@id\":\"https:\/\/global-hookah.com\/product\/arabian-2-hose-glass-hookah\/#breadcrumb\",\"itemListElement\":[{\"@type\":\"ListItem\",\"position\":1,\"name\":\"Home\",\"item\":\"https:\/\/global-hookah.com\/\"},{\"@type\":\"ListItem\",\"position\":2,\"name\":\"Shop\",\"item\":\"https:\/\/global-hookah.com\/shop\/\"},{\"@type\":\"ListItem\",\"position\":3,\"name\":\"Arabian 2 Hose Glass Hookah\"}]},{\"@type\":\"WebSite\",\"@id\":\"https:\/\/global-hookah.com\/#website\",\"url\":\"https:\/\/global-hookah.com\/\",\"name\":\"Global Hookah\",\"description\":\"Global Hookah\",\"publisher\":{\"@id\":\"https:\/\/global-hookah.com\/#organization\"},\"potentialAction\":[{\"@type\":\"SearchAction\",\"target\":{\"@type\":\"EntryPoint\",\"urlTemplate\":\"https:\/\/global-hookah.com\/?s={search_term_string}\"},\"query-input\":{\"@type\":\"PropertyValueSpecification\",\"valueRequired\":true,\"valueName\":\"search_term_string\"}}],\"inLanguage\":\"de\"},{\"@type\":\"Organization\",\"@id\":\"https:\/\/global-hookah.com\/#organization\",\"name\":\"Global Hookah\",\"url\":\"https:\/\/global-hookah.com\/\",\"logo\":{\"@type\":\"ImageObject\",\"inLanguage\":\"de\",\"@id\":\"https:\/\/global-hookah.com\/#\/schema\/logo\/image\/\",\"url\":\"https:\/\/global-hookah.com\/wp-content\/uploads\/2021\/10\/cropped-fgg.png\",\"contentUrl\":\"https:\/\/global-hookah.com\/wp-content\/uploads\/2021\/10\/cropped-fgg.png\",\"width\":512,\"height\":512,\"caption\":\"Global Hookah\"},\"image\":{\"@id\":\"https:\/\/global-hookah.com\/#\/schema\/logo\/image\/\"}}]}<\/script>\n<!-- \/ Yoast SEO Premium plugin. -->","yoast_head_json":{"title":"Arabische 2 Schlauch Glas Wasserpfeife - Global Hookah","robots":{"index":"index","follow":"follow","max-snippet":"max-snippet:-1","max-image-preview":"max-image-preview:large","max-video-preview":"max-video-preview:-1"},"canonical":"https:\/\/global-hookah.com\/de\/produkt\/arabian-2-hose-glass-hookah\/","og_locale":"de_DE","og_type":"article","og_title":"Arabian 2 Hose Glass Hookah","og_description":"The Arabian 2 Hose Glass Hookah is a beautiful piece of art that is sure to be the center of","og_url":"https:\/\/global-hookah.com\/de\/produkt\/arabian-2-hose-glass-hookah\/","og_site_name":"Global Hookah","article_modified_time":"2024-03-13T00:27:37+00:00","og_image":[{"width":1000,"height":1000,"url":"https:\/\/global-hookah.com\/wp-content\/uploads\/2023\/01\/H2fbf5526bdb44f26b6df318d0977addep.jpg","type":"image\/jpeg"}],"twitter_card":"summary_large_image","twitter_misc":{"Gesch\u00e4tzte Lesezeit":"2\u00a0Minuten"},"schema":{"@context":"https:\/\/schema.org","@graph":[{"@type":"WebPage","@id":"https:\/\/global-hookah.com\/product\/arabian-2-hose-glass-hookah\/","url":"https:\/\/global-hookah.com\/product\/arabian-2-hose-glass-hookah\/","name":"Arabische 2 Schlauch Glas Wasserpfeife - Global Hookah","isPartOf":{"@id":"https:\/\/global-hookah.com\/#website"},"primaryImageOfPage":{"@id":"https:\/\/global-hookah.com\/product\/arabian-2-hose-glass-hookah\/#primaryimage"},"image":{"@id":"https:\/\/global-hookah.com\/product\/arabian-2-hose-glass-hookah\/#primaryimage"},"thumbnailUrl":"https:\/\/global-hookah.com\/wp-content\/uploads\/2023\/01\/H2fbf5526bdb44f26b6df318d0977addep.jpg","datePublished":"2023-01-01T06:58:48+00:00","dateModified":"2024-03-13T00:27:37+00:00","breadcrumb":{"@id":"https:\/\/global-hookah.com\/product\/arabian-2-hose-glass-hookah\/#breadcrumb"},"inLanguage":"de","potentialAction":[{"@type":"ReadAction","target":["https:\/\/global-hookah.com\/product\/arabian-2-hose-glass-hookah\/"]}]},{"@type":"ImageObject","inLanguage":"de","@id":"https:\/\/global-hookah.com\/product\/arabian-2-hose-glass-hookah\/#primaryimage","url":"https:\/\/global-hookah.com\/wp-content\/uploads\/2023\/01\/H2fbf5526bdb44f26b6df318d0977addep.jpg","contentUrl":"https:\/\/global-hookah.com\/wp-content\/uploads\/2023\/01\/H2fbf5526bdb44f26b6df318d0977addep.jpg","width":1000,"height":1000},{"@type":"BreadcrumbList","@id":"https:\/\/global-hookah.com\/product\/arabian-2-hose-glass-hookah\/#breadcrumb","itemListElement":[{"@type":"ListItem","position":1,"name":"Home","item":"https:\/\/global-hookah.com\/"},{"@type":"ListItem","position":2,"name":"Shop","item":"https:\/\/global-hookah.com\/shop\/"},{"@type":"ListItem","position":3,"name":"Arabian 2 Hose Glass Hookah"}]},{"@type":"WebSite","@id":"https:\/\/global-hookah.com\/#website","url":"https:\/\/global-hookah.com\/","name":"Globale Wasserpfeife","description":"Globale Wasserpfeife","publisher":{"@id":"https:\/\/global-hookah.com\/#organization"},"potentialAction":[{"@type":"SearchAction","target":{"@type":"EntryPoint","urlTemplate":"https:\/\/global-hookah.com\/?s={search_term_string}"},"query-input":{"@type":"PropertyValueSpecification","valueRequired":true,"valueName":"search_term_string"}}],"inLanguage":"de"},{"@type":"Organization","@id":"https:\/\/global-hookah.com\/#organization","name":"Globale Wasserpfeife","url":"https:\/\/global-hookah.com\/","logo":{"@type":"ImageObject","inLanguage":"de","@id":"https:\/\/global-hookah.com\/#\/schema\/logo\/image\/","url":"https:\/\/global-hookah.com\/wp-content\/uploads\/2021\/10\/cropped-fgg.png","contentUrl":"https:\/\/global-hookah.com\/wp-content\/uploads\/2021\/10\/cropped-fgg.png","width":512,"height":512,"caption":"Global Hookah"},"image":{"@id":"https:\/\/global-hookah.com\/#\/schema\/logo\/image\/"}}]}},"_links":{"self":[{"href":"https:\/\/global-hookah.com\/de\/wp-json\/wp\/v2\/product\/8711","targetHints":{"allow":["GET"]}}],"collection":[{"href":"https:\/\/global-hookah.com\/de\/wp-json\/wp\/v2\/product"}],"about":[{"href":"https:\/\/global-hookah.com\/de\/wp-json\/wp\/v2\/types\/product"}],"replies":[{"embeddable":true,"href":"https:\/\/global-hookah.com\/de\/wp-json\/wp\/v2\/comments?post=8711"}],"version-history":[{"count":0,"href":"https:\/\/global-hookah.com\/de\/wp-json\/wp\/v2\/product\/8711\/revisions"}],"wp:featuredmedia":[{"embeddable":true,"href":"https:\/\/global-hookah.com\/de\/wp-json\/wp\/v2\/media\/8757"}],"wp:attachment":[{"href":"https:\/\/global-hookah.com\/de\/wp-json\/wp\/v2\/media?parent=8711"}],"wp:term":[{"taxonomy":"product_brand","embeddable":true,"href":"https:\/\/global-hookah.com\/de\/wp-json\/wp\/v2\/product_brand?post=8711"},{"taxonomy":"product_cat","embeddable":true,"href":"https:\/\/global-hookah.com\/de\/wp-json\/wp\/v2\/product_cat?post=8711"},{"taxonomy":"product_tag","embeddable":true,"href":"https:\/\/global-hookah.com\/de\/wp-json\/wp\/v2\/product_tag?post=8711"}],"curies":[{"name":"wp","href":"https:\/\/api.w.org\/{rel}","templated":true}]}}