{"id":9865,"date":"2023-01-05T02:38:19","date_gmt":"2023-01-05T02:38:19","guid":{"rendered":"https:\/\/global-hookah.com\/?post_type=product&#038;p=9865"},"modified":"2024-01-12T07:49:40","modified_gmt":"2024-01-12T07:49:40","slug":"gold-turkish-hookah-pipe","status":"publish","type":"product","link":"https:\/\/global-hookah.com\/de\/produkt\/gold-turkish-hookah-pipe\/","title":{"rendered":"Gold T\u00fcrkische Wasserpfeife"},"content":{"rendered":"<p>Die<strong> goldene t\u00fcrkische Wasserpfeife<\/strong> ist ein Muss f\u00fcr jeden Shisha-Raucher. Sie ist leicht, tragbar und einfach zu bedienen. Die Shisha-Pfeife hat einen abnehmbaren Kopf, der mit Shisha-Tabak gef\u00fcllt und mit Holzkohle angez\u00fcndet werden kann. Diese Shisha-Pfeife ist aus hochwertigem Glas gefertigt, was ihr ein authentisches Aussehen und Gef\u00fchl verleiht. Das bedeutet, dass Sie viele Jahre lang Freude an diesem Produkt haben werden, ohne dass Sie sich Sorgen machen m\u00fcssen, dass es durch regelm\u00e4\u00dfigen Gebrauch oder altersbedingte Abnutzung besch\u00e4digt werden k\u00f6nnte.<\/p>\n<p>Die <strong>goldene t\u00fcrkische Wasserpfeife<\/strong> hat einen Glasboden, der die Wasserkammer beherbergt, in die Sie Ihren Shisha-Tabak legen. Es kommt auch mit einem Schlauch, den Sie verwenden k\u00f6nnen, um den Rauch von Ihrem Shisha-Tabak produziert inhalieren. Die goldene Oberfl\u00e4che hebt diese Pfeife von anderen Shisha-Pfeifen auf dem heutigen Markt ab.<\/p>\n<p>Diese <strong>Gold T\u00fcrkische Wasserpfeife<\/strong> eignet sich sowohl f\u00fcr den pers\u00f6nlichen Gebrauch als auch als Geschenk f\u00fcr einen besonderen Menschen in Ihrem Leben!<\/p>","protected":false},"excerpt":{"rendered":"<p>Die goldene t\u00fcrkische Wasserpfeife ist ein Muss f\u00fcr jeden Wasserpfeifenraucher. Sie ist leicht, tragbar und einfach zu bedienen.<\/p>","protected":false},"featured_media":9867,"comment_status":"open","ping_status":"closed","template":"","meta":{"iawp_total_views":11,"_joinchat":[]},"product_brand":[],"product_cat":[415,560,559],"product_tag":[],"class_list":{"0":"post-9865","1":"product","2":"type-product","3":"status-publish","4":"has-post-thumbnail","6":"product_cat-accessories","7":"product_cat-glass-hookah-wholesale","8":"product_cat-portable-hookah-wholesale","10":"first","11":"instock","12":"shipping-taxable","13":"product-type-simple"},"yoast_head":"<!-- This site is optimized with the Yoast SEO Premium plugin v24.7 (Yoast SEO v26.8) - https:\/\/yoast.com\/product\/yoast-seo-premium-wordpress\/ -->\n<title>Gold Turkish Hookah Pipe - Global Hookah<\/title>\n<meta name=\"robots\" content=\"index, follow, max-snippet:-1, max-image-preview:large, max-video-preview:-1\" \/>\n<link rel=\"canonical\" href=\"https:\/\/global-hookah.com\/de\/produkt\/gold-turkish-hookah-pipe\/\" \/>\n<meta property=\"og:locale\" content=\"de_DE\" \/>\n<meta property=\"og:type\" content=\"article\" \/>\n<meta property=\"og:title\" content=\"Gold Turkish Hookah Pipe\" \/>\n<meta property=\"og:description\" content=\"The gold Turkish hookah pipe is a must for any hookah smoker. It is lightweight, portable and easy to use.\" \/>\n<meta property=\"og:url\" content=\"https:\/\/global-hookah.com\/de\/produkt\/gold-turkish-hookah-pipe\/\" \/>\n<meta property=\"og:site_name\" content=\"Global Hookah\" \/>\n<meta property=\"article:modified_time\" content=\"2024-01-12T07:49:40+00:00\" \/>\n<meta property=\"og:image\" content=\"https:\/\/global-hookah.com\/wp-content\/uploads\/2023\/01\/2.1.webp\" \/>\n\t<meta property=\"og:image:width\" content=\"800\" \/>\n\t<meta property=\"og:image:height\" content=\"800\" \/>\n\t<meta property=\"og:image:type\" content=\"image\/webp\" \/>\n<meta name=\"twitter:card\" content=\"summary_large_image\" \/>\n<meta name=\"twitter:label1\" content=\"Gesch\u00e4tzte Lesezeit\" \/>\n\t<meta name=\"twitter:data1\" content=\"1\u00a0Minute\" \/>\n<script type=\"application\/ld+json\" class=\"yoast-schema-graph\">{\"@context\":\"https:\/\/schema.org\",\"@graph\":[{\"@type\":\"WebPage\",\"@id\":\"https:\/\/global-hookah.com\/product\/gold-turkish-hookah-pipe\/\",\"url\":\"https:\/\/global-hookah.com\/product\/gold-turkish-hookah-pipe\/\",\"name\":\"Gold Turkish Hookah Pipe - Global Hookah\",\"isPartOf\":{\"@id\":\"https:\/\/global-hookah.com\/#website\"},\"primaryImageOfPage\":{\"@id\":\"https:\/\/global-hookah.com\/product\/gold-turkish-hookah-pipe\/#primaryimage\"},\"image\":{\"@id\":\"https:\/\/global-hookah.com\/product\/gold-turkish-hookah-pipe\/#primaryimage\"},\"thumbnailUrl\":\"https:\/\/global-hookah.com\/wp-content\/uploads\/2023\/01\/2.1.webp\",\"datePublished\":\"2023-01-05T02:38:19+00:00\",\"dateModified\":\"2024-01-12T07:49:40+00:00\",\"breadcrumb\":{\"@id\":\"https:\/\/global-hookah.com\/product\/gold-turkish-hookah-pipe\/#breadcrumb\"},\"inLanguage\":\"de\",\"potentialAction\":[{\"@type\":\"ReadAction\",\"target\":[\"https:\/\/global-hookah.com\/product\/gold-turkish-hookah-pipe\/\"]}]},{\"@type\":\"ImageObject\",\"inLanguage\":\"de\",\"@id\":\"https:\/\/global-hookah.com\/product\/gold-turkish-hookah-pipe\/#primaryimage\",\"url\":\"https:\/\/global-hookah.com\/wp-content\/uploads\/2023\/01\/2.1.webp\",\"contentUrl\":\"https:\/\/global-hookah.com\/wp-content\/uploads\/2023\/01\/2.1.webp\",\"width\":800,\"height\":800,\"caption\":\"Gold Turkish Hookah Pipe\"},{\"@type\":\"BreadcrumbList\",\"@id\":\"https:\/\/global-hookah.com\/product\/gold-turkish-hookah-pipe\/#breadcrumb\",\"itemListElement\":[{\"@type\":\"ListItem\",\"position\":1,\"name\":\"Home\",\"item\":\"https:\/\/global-hookah.com\/\"},{\"@type\":\"ListItem\",\"position\":2,\"name\":\"Shop\",\"item\":\"https:\/\/global-hookah.com\/shop\/\"},{\"@type\":\"ListItem\",\"position\":3,\"name\":\"Gold Turkish Hookah Pipe\"}]},{\"@type\":\"WebSite\",\"@id\":\"https:\/\/global-hookah.com\/#website\",\"url\":\"https:\/\/global-hookah.com\/\",\"name\":\"Global Hookah\",\"description\":\"Global Hookah\",\"publisher\":{\"@id\":\"https:\/\/global-hookah.com\/#organization\"},\"potentialAction\":[{\"@type\":\"SearchAction\",\"target\":{\"@type\":\"EntryPoint\",\"urlTemplate\":\"https:\/\/global-hookah.com\/?s={search_term_string}\"},\"query-input\":{\"@type\":\"PropertyValueSpecification\",\"valueRequired\":true,\"valueName\":\"search_term_string\"}}],\"inLanguage\":\"de\"},{\"@type\":\"Organization\",\"@id\":\"https:\/\/global-hookah.com\/#organization\",\"name\":\"Global Hookah\",\"url\":\"https:\/\/global-hookah.com\/\",\"logo\":{\"@type\":\"ImageObject\",\"inLanguage\":\"de\",\"@id\":\"https:\/\/global-hookah.com\/#\/schema\/logo\/image\/\",\"url\":\"https:\/\/global-hookah.com\/wp-content\/uploads\/2021\/10\/cropped-fgg.png\",\"contentUrl\":\"https:\/\/global-hookah.com\/wp-content\/uploads\/2021\/10\/cropped-fgg.png\",\"width\":512,\"height\":512,\"caption\":\"Global Hookah\"},\"image\":{\"@id\":\"https:\/\/global-hookah.com\/#\/schema\/logo\/image\/\"}}]}<\/script>\n<!-- \/ Yoast SEO Premium plugin. -->","yoast_head_json":{"title":"T\u00fcrkische Wasserpfeife Gold - Global Hookah","robots":{"index":"index","follow":"follow","max-snippet":"max-snippet:-1","max-image-preview":"max-image-preview:large","max-video-preview":"max-video-preview:-1"},"canonical":"https:\/\/global-hookah.com\/de\/produkt\/gold-turkish-hookah-pipe\/","og_locale":"de_DE","og_type":"article","og_title":"Gold Turkish Hookah Pipe","og_description":"The gold Turkish hookah pipe is a must for any hookah smoker. It is lightweight, portable and easy to use.","og_url":"https:\/\/global-hookah.com\/de\/produkt\/gold-turkish-hookah-pipe\/","og_site_name":"Global Hookah","article_modified_time":"2024-01-12T07:49:40+00:00","og_image":[{"width":800,"height":800,"url":"https:\/\/global-hookah.com\/wp-content\/uploads\/2023\/01\/2.1.webp","type":"image\/webp"}],"twitter_card":"summary_large_image","twitter_misc":{"Gesch\u00e4tzte Lesezeit":"1\u00a0Minute"},"schema":{"@context":"https:\/\/schema.org","@graph":[{"@type":"WebPage","@id":"https:\/\/global-hookah.com\/product\/gold-turkish-hookah-pipe\/","url":"https:\/\/global-hookah.com\/product\/gold-turkish-hookah-pipe\/","name":"T\u00fcrkische Wasserpfeife Gold - Global Hookah","isPartOf":{"@id":"https:\/\/global-hookah.com\/#website"},"primaryImageOfPage":{"@id":"https:\/\/global-hookah.com\/product\/gold-turkish-hookah-pipe\/#primaryimage"},"image":{"@id":"https:\/\/global-hookah.com\/product\/gold-turkish-hookah-pipe\/#primaryimage"},"thumbnailUrl":"https:\/\/global-hookah.com\/wp-content\/uploads\/2023\/01\/2.1.webp","datePublished":"2023-01-05T02:38:19+00:00","dateModified":"2024-01-12T07:49:40+00:00","breadcrumb":{"@id":"https:\/\/global-hookah.com\/product\/gold-turkish-hookah-pipe\/#breadcrumb"},"inLanguage":"de","potentialAction":[{"@type":"ReadAction","target":["https:\/\/global-hookah.com\/product\/gold-turkish-hookah-pipe\/"]}]},{"@type":"ImageObject","inLanguage":"de","@id":"https:\/\/global-hookah.com\/product\/gold-turkish-hookah-pipe\/#primaryimage","url":"https:\/\/global-hookah.com\/wp-content\/uploads\/2023\/01\/2.1.webp","contentUrl":"https:\/\/global-hookah.com\/wp-content\/uploads\/2023\/01\/2.1.webp","width":800,"height":800,"caption":"Gold Turkish Hookah Pipe"},{"@type":"BreadcrumbList","@id":"https:\/\/global-hookah.com\/product\/gold-turkish-hookah-pipe\/#breadcrumb","itemListElement":[{"@type":"ListItem","position":1,"name":"Home","item":"https:\/\/global-hookah.com\/"},{"@type":"ListItem","position":2,"name":"Shop","item":"https:\/\/global-hookah.com\/shop\/"},{"@type":"ListItem","position":3,"name":"Gold Turkish Hookah Pipe"}]},{"@type":"WebSite","@id":"https:\/\/global-hookah.com\/#website","url":"https:\/\/global-hookah.com\/","name":"Globale Wasserpfeife","description":"Globale Wasserpfeife","publisher":{"@id":"https:\/\/global-hookah.com\/#organization"},"potentialAction":[{"@type":"SearchAction","target":{"@type":"EntryPoint","urlTemplate":"https:\/\/global-hookah.com\/?s={search_term_string}"},"query-input":{"@type":"PropertyValueSpecification","valueRequired":true,"valueName":"search_term_string"}}],"inLanguage":"de"},{"@type":"Organization","@id":"https:\/\/global-hookah.com\/#organization","name":"Globale Wasserpfeife","url":"https:\/\/global-hookah.com\/","logo":{"@type":"ImageObject","inLanguage":"de","@id":"https:\/\/global-hookah.com\/#\/schema\/logo\/image\/","url":"https:\/\/global-hookah.com\/wp-content\/uploads\/2021\/10\/cropped-fgg.png","contentUrl":"https:\/\/global-hookah.com\/wp-content\/uploads\/2021\/10\/cropped-fgg.png","width":512,"height":512,"caption":"Global Hookah"},"image":{"@id":"https:\/\/global-hookah.com\/#\/schema\/logo\/image\/"}}]}},"_links":{"self":[{"href":"https:\/\/global-hookah.com\/de\/wp-json\/wp\/v2\/product\/9865","targetHints":{"allow":["GET"]}}],"collection":[{"href":"https:\/\/global-hookah.com\/de\/wp-json\/wp\/v2\/product"}],"about":[{"href":"https:\/\/global-hookah.com\/de\/wp-json\/wp\/v2\/types\/product"}],"replies":[{"embeddable":true,"href":"https:\/\/global-hookah.com\/de\/wp-json\/wp\/v2\/comments?post=9865"}],"version-history":[{"count":0,"href":"https:\/\/global-hookah.com\/de\/wp-json\/wp\/v2\/product\/9865\/revisions"}],"wp:featuredmedia":[{"embeddable":true,"href":"https:\/\/global-hookah.com\/de\/wp-json\/wp\/v2\/media\/9867"}],"wp:attachment":[{"href":"https:\/\/global-hookah.com\/de\/wp-json\/wp\/v2\/media?parent=9865"}],"wp:term":[{"taxonomy":"product_brand","embeddable":true,"href":"https:\/\/global-hookah.com\/de\/wp-json\/wp\/v2\/product_brand?post=9865"},{"taxonomy":"product_cat","embeddable":true,"href":"https:\/\/global-hookah.com\/de\/wp-json\/wp\/v2\/product_cat?post=9865"},{"taxonomy":"product_tag","embeddable":true,"href":"https:\/\/global-hookah.com\/de\/wp-json\/wp\/v2\/product_tag?post=9865"}],"curies":[{"name":"wp","href":"https:\/\/api.w.org\/{rel}","templated":true}]}}