{"id":9885,"date":"2023-01-05T02:43:45","date_gmt":"2023-01-05T02:43:45","guid":{"rendered":"https:\/\/global-hookah.com\/?post_type=product&#038;p=9885"},"modified":"2024-03-13T00:27:37","modified_gmt":"2024-03-13T00:27:37","slug":"attractive-style-medium-hookah-pipe","status":"publish","type":"product","link":"https:\/\/global-hookah.com\/de\/produkt\/attractive-style-medium-hookah-pipe\/","title":{"rendered":"Attraktive Style Medium Wasserpfeife"},"content":{"rendered":"<p><strong>Attraktive Stil Medium Hookah Pfeife<\/strong> ist eine ausgezeichnete Wahl f\u00fcr Sie zu verwenden. Mit seinem modernen und stilvollen Design kann es bei verschiedenen Gelegenheiten verwendet werden. Es hat eine sehr kompakte Gr\u00f6\u00dfe, so dass Sie es leicht mitnehmen k\u00f6nnen. Das f\u00fcr die Herstellung dieses Produkts verwendete Material ist hochwertiger Edelstahl, der sich leicht reinigen l\u00e4sst. Auch seine Form ist attraktiv und ansprechend genug, um ihn bei jeder Gelegenheit zu verwenden.<\/p>\n<p>Die <strong>Attraktive Style Medium Wasserpfeife<\/strong> hat ein sehr einfaches Design ohne Dekorationen auf sie, so kann es als Dekoration in Ihrem Zimmer oder als funktionelles St\u00fcck verwendet werden. Sie k\u00f6nnen es auch verwenden, um Tabak oder andere Arten von Kr\u00e4utern wie Marihuana oder Tabak zu rauchen.<\/p>\n<p>Wenn Sie ein Produkt kaufen m\u00f6chten <a href=\"https:\/\/global-hookah.com\/\">neue Wasserpfeife<\/a> aber nicht sicher sind, welche Art von Design Sie w\u00e4hlen sollten, dann ist dies die perfekte Option f\u00fcr Sie! Sie erhalten nicht nur eine hochfunktionale Wasserpfeife, sondern auch eine, die innen und au\u00dfen gut aussieht!<\/p>","protected":false},"excerpt":{"rendered":"<p>Attractive Style Medium Hookah Pipe ist eine ausgezeichnete Wahl f\u00fcr Sie zu verwenden. Mit seiner modernen und stilvollen Design, es<\/p>","protected":false},"featured_media":9886,"comment_status":"open","ping_status":"closed","template":"","meta":{"iawp_total_views":3,"_joinchat":[]},"product_brand":[],"product_cat":[415],"product_tag":[],"class_list":{"0":"post-9885","1":"product","2":"type-product","3":"status-publish","4":"has-post-thumbnail","6":"product_cat-accessories","8":"first","9":"instock","10":"sale","11":"shipping-taxable","12":"purchasable","13":"product-type-simple"},"yoast_head":"<!-- This site is optimized with the Yoast SEO Premium plugin v24.7 (Yoast SEO v26.8) - https:\/\/yoast.com\/product\/yoast-seo-premium-wordpress\/ -->\n<title>Attractive Style Medium hookah pipe - Global Hookah<\/title>\n<meta name=\"robots\" content=\"index, follow, max-snippet:-1, max-image-preview:large, max-video-preview:-1\" \/>\n<link rel=\"canonical\" href=\"https:\/\/global-hookah.com\/de\/produkt\/attractive-style-medium-hookah-pipe\/\" \/>\n<meta property=\"og:locale\" content=\"de_DE\" \/>\n<meta property=\"og:type\" content=\"article\" \/>\n<meta property=\"og:title\" content=\"Attractive Style Medium hookah pipe\" \/>\n<meta property=\"og:description\" content=\"Attractive Style Medium Hookah Pipe is an excellent choice for you to use. With its modern and stylish design, it\" \/>\n<meta property=\"og:url\" content=\"https:\/\/global-hookah.com\/de\/produkt\/attractive-style-medium-hookah-pipe\/\" \/>\n<meta property=\"og:site_name\" content=\"Global Hookah\" \/>\n<meta property=\"article:modified_time\" content=\"2024-03-13T00:27:37+00:00\" \/>\n<meta property=\"og:image\" content=\"https:\/\/global-hookah.com\/wp-content\/uploads\/2023\/01\/4.0.webp\" \/>\n\t<meta property=\"og:image:width\" content=\"800\" \/>\n\t<meta property=\"og:image:height\" content=\"800\" \/>\n\t<meta property=\"og:image:type\" content=\"image\/webp\" \/>\n<meta name=\"twitter:card\" content=\"summary_large_image\" \/>\n<meta name=\"twitter:label1\" content=\"Gesch\u00e4tzte Lesezeit\" \/>\n\t<meta name=\"twitter:data1\" content=\"1\u00a0Minute\" \/>\n<script type=\"application\/ld+json\" class=\"yoast-schema-graph\">{\"@context\":\"https:\/\/schema.org\",\"@graph\":[{\"@type\":\"WebPage\",\"@id\":\"https:\/\/global-hookah.com\/product\/attractive-style-medium-hookah-pipe\/\",\"url\":\"https:\/\/global-hookah.com\/product\/attractive-style-medium-hookah-pipe\/\",\"name\":\"Attractive Style Medium hookah pipe - Global Hookah\",\"isPartOf\":{\"@id\":\"https:\/\/global-hookah.com\/#website\"},\"primaryImageOfPage\":{\"@id\":\"https:\/\/global-hookah.com\/product\/attractive-style-medium-hookah-pipe\/#primaryimage\"},\"image\":{\"@id\":\"https:\/\/global-hookah.com\/product\/attractive-style-medium-hookah-pipe\/#primaryimage\"},\"thumbnailUrl\":\"https:\/\/global-hookah.com\/wp-content\/uploads\/2023\/01\/4.0.webp\",\"datePublished\":\"2023-01-05T02:43:45+00:00\",\"dateModified\":\"2024-03-13T00:27:37+00:00\",\"breadcrumb\":{\"@id\":\"https:\/\/global-hookah.com\/product\/attractive-style-medium-hookah-pipe\/#breadcrumb\"},\"inLanguage\":\"de\",\"potentialAction\":[{\"@type\":\"ReadAction\",\"target\":[\"https:\/\/global-hookah.com\/product\/attractive-style-medium-hookah-pipe\/\"]}]},{\"@type\":\"ImageObject\",\"inLanguage\":\"de\",\"@id\":\"https:\/\/global-hookah.com\/product\/attractive-style-medium-hookah-pipe\/#primaryimage\",\"url\":\"https:\/\/global-hookah.com\/wp-content\/uploads\/2023\/01\/4.0.webp\",\"contentUrl\":\"https:\/\/global-hookah.com\/wp-content\/uploads\/2023\/01\/4.0.webp\",\"width\":800,\"height\":800,\"caption\":\"Attractive Style Medium hookah pipe\"},{\"@type\":\"BreadcrumbList\",\"@id\":\"https:\/\/global-hookah.com\/product\/attractive-style-medium-hookah-pipe\/#breadcrumb\",\"itemListElement\":[{\"@type\":\"ListItem\",\"position\":1,\"name\":\"Home\",\"item\":\"https:\/\/global-hookah.com\/\"},{\"@type\":\"ListItem\",\"position\":2,\"name\":\"Shop\",\"item\":\"https:\/\/global-hookah.com\/shop\/\"},{\"@type\":\"ListItem\",\"position\":3,\"name\":\"Attractive Style Medium hookah pipe\"}]},{\"@type\":\"WebSite\",\"@id\":\"https:\/\/global-hookah.com\/#website\",\"url\":\"https:\/\/global-hookah.com\/\",\"name\":\"Global Hookah\",\"description\":\"Global Hookah\",\"publisher\":{\"@id\":\"https:\/\/global-hookah.com\/#organization\"},\"potentialAction\":[{\"@type\":\"SearchAction\",\"target\":{\"@type\":\"EntryPoint\",\"urlTemplate\":\"https:\/\/global-hookah.com\/?s={search_term_string}\"},\"query-input\":{\"@type\":\"PropertyValueSpecification\",\"valueRequired\":true,\"valueName\":\"search_term_string\"}}],\"inLanguage\":\"de\"},{\"@type\":\"Organization\",\"@id\":\"https:\/\/global-hookah.com\/#organization\",\"name\":\"Global Hookah\",\"url\":\"https:\/\/global-hookah.com\/\",\"logo\":{\"@type\":\"ImageObject\",\"inLanguage\":\"de\",\"@id\":\"https:\/\/global-hookah.com\/#\/schema\/logo\/image\/\",\"url\":\"https:\/\/global-hookah.com\/wp-content\/uploads\/2021\/10\/cropped-fgg.png\",\"contentUrl\":\"https:\/\/global-hookah.com\/wp-content\/uploads\/2021\/10\/cropped-fgg.png\",\"width\":512,\"height\":512,\"caption\":\"Global Hookah\"},\"image\":{\"@id\":\"https:\/\/global-hookah.com\/#\/schema\/logo\/image\/\"}}]}<\/script>\n<!-- \/ Yoast SEO Premium plugin. -->","yoast_head_json":{"title":"Attraktive Style Medium Wasserpfeife - Global Hookah","robots":{"index":"index","follow":"follow","max-snippet":"max-snippet:-1","max-image-preview":"max-image-preview:large","max-video-preview":"max-video-preview:-1"},"canonical":"https:\/\/global-hookah.com\/de\/produkt\/attractive-style-medium-hookah-pipe\/","og_locale":"de_DE","og_type":"article","og_title":"Attractive Style Medium hookah pipe","og_description":"Attractive Style Medium Hookah Pipe is an excellent choice for you to use. With its modern and stylish design, it","og_url":"https:\/\/global-hookah.com\/de\/produkt\/attractive-style-medium-hookah-pipe\/","og_site_name":"Global Hookah","article_modified_time":"2024-03-13T00:27:37+00:00","og_image":[{"width":800,"height":800,"url":"https:\/\/global-hookah.com\/wp-content\/uploads\/2023\/01\/4.0.webp","type":"image\/webp"}],"twitter_card":"summary_large_image","twitter_misc":{"Gesch\u00e4tzte Lesezeit":"1\u00a0Minute"},"schema":{"@context":"https:\/\/schema.org","@graph":[{"@type":"WebPage","@id":"https:\/\/global-hookah.com\/product\/attractive-style-medium-hookah-pipe\/","url":"https:\/\/global-hookah.com\/product\/attractive-style-medium-hookah-pipe\/","name":"Attraktive Style Medium Wasserpfeife - Global Hookah","isPartOf":{"@id":"https:\/\/global-hookah.com\/#website"},"primaryImageOfPage":{"@id":"https:\/\/global-hookah.com\/product\/attractive-style-medium-hookah-pipe\/#primaryimage"},"image":{"@id":"https:\/\/global-hookah.com\/product\/attractive-style-medium-hookah-pipe\/#primaryimage"},"thumbnailUrl":"https:\/\/global-hookah.com\/wp-content\/uploads\/2023\/01\/4.0.webp","datePublished":"2023-01-05T02:43:45+00:00","dateModified":"2024-03-13T00:27:37+00:00","breadcrumb":{"@id":"https:\/\/global-hookah.com\/product\/attractive-style-medium-hookah-pipe\/#breadcrumb"},"inLanguage":"de","potentialAction":[{"@type":"ReadAction","target":["https:\/\/global-hookah.com\/product\/attractive-style-medium-hookah-pipe\/"]}]},{"@type":"ImageObject","inLanguage":"de","@id":"https:\/\/global-hookah.com\/product\/attractive-style-medium-hookah-pipe\/#primaryimage","url":"https:\/\/global-hookah.com\/wp-content\/uploads\/2023\/01\/4.0.webp","contentUrl":"https:\/\/global-hookah.com\/wp-content\/uploads\/2023\/01\/4.0.webp","width":800,"height":800,"caption":"Attractive Style Medium hookah pipe"},{"@type":"BreadcrumbList","@id":"https:\/\/global-hookah.com\/product\/attractive-style-medium-hookah-pipe\/#breadcrumb","itemListElement":[{"@type":"ListItem","position":1,"name":"Home","item":"https:\/\/global-hookah.com\/"},{"@type":"ListItem","position":2,"name":"Shop","item":"https:\/\/global-hookah.com\/shop\/"},{"@type":"ListItem","position":3,"name":"Attractive Style Medium hookah pipe"}]},{"@type":"WebSite","@id":"https:\/\/global-hookah.com\/#website","url":"https:\/\/global-hookah.com\/","name":"Globale Wasserpfeife","description":"Globale Wasserpfeife","publisher":{"@id":"https:\/\/global-hookah.com\/#organization"},"potentialAction":[{"@type":"SearchAction","target":{"@type":"EntryPoint","urlTemplate":"https:\/\/global-hookah.com\/?s={search_term_string}"},"query-input":{"@type":"PropertyValueSpecification","valueRequired":true,"valueName":"search_term_string"}}],"inLanguage":"de"},{"@type":"Organization","@id":"https:\/\/global-hookah.com\/#organization","name":"Globale Wasserpfeife","url":"https:\/\/global-hookah.com\/","logo":{"@type":"ImageObject","inLanguage":"de","@id":"https:\/\/global-hookah.com\/#\/schema\/logo\/image\/","url":"https:\/\/global-hookah.com\/wp-content\/uploads\/2021\/10\/cropped-fgg.png","contentUrl":"https:\/\/global-hookah.com\/wp-content\/uploads\/2021\/10\/cropped-fgg.png","width":512,"height":512,"caption":"Global Hookah"},"image":{"@id":"https:\/\/global-hookah.com\/#\/schema\/logo\/image\/"}}]}},"_links":{"self":[{"href":"https:\/\/global-hookah.com\/de\/wp-json\/wp\/v2\/product\/9885","targetHints":{"allow":["GET"]}}],"collection":[{"href":"https:\/\/global-hookah.com\/de\/wp-json\/wp\/v2\/product"}],"about":[{"href":"https:\/\/global-hookah.com\/de\/wp-json\/wp\/v2\/types\/product"}],"replies":[{"embeddable":true,"href":"https:\/\/global-hookah.com\/de\/wp-json\/wp\/v2\/comments?post=9885"}],"version-history":[{"count":0,"href":"https:\/\/global-hookah.com\/de\/wp-json\/wp\/v2\/product\/9885\/revisions"}],"wp:featuredmedia":[{"embeddable":true,"href":"https:\/\/global-hookah.com\/de\/wp-json\/wp\/v2\/media\/9886"}],"wp:attachment":[{"href":"https:\/\/global-hookah.com\/de\/wp-json\/wp\/v2\/media?parent=9885"}],"wp:term":[{"taxonomy":"product_brand","embeddable":true,"href":"https:\/\/global-hookah.com\/de\/wp-json\/wp\/v2\/product_brand?post=9885"},{"taxonomy":"product_cat","embeddable":true,"href":"https:\/\/global-hookah.com\/de\/wp-json\/wp\/v2\/product_cat?post=9885"},{"taxonomy":"product_tag","embeddable":true,"href":"https:\/\/global-hookah.com\/de\/wp-json\/wp\/v2\/product_tag?post=9885"}],"curies":[{"name":"wp","href":"https:\/\/api.w.org\/{rel}","templated":true}]}}