{"id":3,"date":"2022-12-31T10:31:10","date_gmt":"2022-12-31T10:31:10","guid":{"rendered":"https:\/\/global-hookah.com\/?page_id=3"},"modified":"2023-12-27T01:20:18","modified_gmt":"2023-12-27T01:20:18","slug":"privacy-policy","status":"publish","type":"page","link":"https:\/\/global-hookah.com\/es\/privacy-policy\/","title":{"rendered":"Pol\u00edtica de privacidad"},"content":{"rendered":"<p>Valoramos mucho la protecci\u00f3n de la informaci\u00f3n personal de los usuarios. Esta pol\u00edtica describe c\u00f3mo podemos recoger, utilizar y procesar su informaci\u00f3n personal cuando utiliza nuestros servicios. Nos comprometemos a utilizar la informaci\u00f3n personal de forma legal, leg\u00edtima y transparente, y tomaremos todas las medidas razonablemente viables para garantizar la seguridad de su informaci\u00f3n personal.<\/p>\n\n\n\n<p>Recogida de informaci\u00f3n<\/p>\n\n\n\n<p>S\u00f3lo recopilaremos su informaci\u00f3n personal de identidad, como nombre, correo electr\u00f3nico, direcci\u00f3n, n\u00famero de tel\u00e9fono, etc., cuando est\u00e9 legalmente permitido y sea esencial para la prestaci\u00f3n de servicios. No recopilaremos informaci\u00f3n confidencial, como datos bancarios, de tarjetas de cr\u00e9dito, etc.<\/p>\n\n\n\n<p>Uso de la informaci\u00f3n<\/p>\n\n\n\n<p>No venderemos, intercambiaremos ni transferiremos su informaci\u00f3n personal a terceros a menos que la ley lo exija. Podemos utilizar informaci\u00f3n an\u00f3nima o agregada para analizar el uso de los productos y mejorar continuamente nuestros servicios.<\/p>\n\n\n\n<p>Seguridad de la informaci\u00f3n<\/p>\n\n\n\n<p>Utilizamos tecnolog\u00eda de encriptaci\u00f3n SSL para proteger la transmisi\u00f3n de su informaci\u00f3n. Nuestros servidores est\u00e1n configurados para garantizar la seguridad y cuentan con sistemas de prevenci\u00f3n de intrusiones para evitar ataques de piratas inform\u00e1ticos y filtraciones de datos.<\/p>\n\n\n\n<p>Sus derechos<\/p>\n\n\n\n<p>De acuerdo con la ley, usted tiene derecho a acceder, corregir y eliminar su informaci\u00f3n personal. P\u00f3ngase en contacto con nosotros en jesse@xiaoxiongcrafts.com.<\/p>\n\n\n\n<p>Si tiene alguna pregunta sobre esta pol\u00edtica de privacidad, no dude en ponerse en contacto con nosotros por correo electr\u00f3nico. Mejoraremos continuamente nuestros esfuerzos de protecci\u00f3n de la privacidad para ofrecer servicios m\u00e1s seguros y de calidad.<\/p>","protected":false},"excerpt":{"rendered":"<p>Valoramos mucho la protecci\u00f3n de los datos personales de los usuarios. Esta pol\u00edtica describe c\u00f3mo podemos recopilar, utilizar y procesar sus<\/p>","protected":false},"author":1,"featured_media":0,"parent":0,"menu_order":0,"comment_status":"closed","ping_status":"open","template":"","meta":{"iawp_total_views":24,"_joinchat":[],"footnotes":""},"class_list":["post-3","page","type-page","status-publish","hentry"],"yoast_head":"<!-- This site is optimized with the Yoast SEO Premium plugin v24.7 (Yoast SEO v26.8) - https:\/\/yoast.com\/product\/yoast-seo-premium-wordpress\/ -->\n<title>Privacy Policy - Global Hookah<\/title>\n<meta name=\"robots\" content=\"index, follow, max-snippet:-1, max-image-preview:large, max-video-preview:-1\" \/>\n<link rel=\"canonical\" href=\"https:\/\/global-hookah.com\/es\/privacy-policy\/\" \/>\n<meta property=\"og:locale\" content=\"es_ES\" \/>\n<meta property=\"og:type\" content=\"article\" \/>\n<meta property=\"og:title\" content=\"Privacy Policy\" \/>\n<meta property=\"og:description\" content=\"We highly value the protection of users&#8217; personal information. This policy describes how we may collect, use and process your\" \/>\n<meta property=\"og:url\" content=\"https:\/\/global-hookah.com\/es\/privacy-policy\/\" \/>\n<meta property=\"og:site_name\" content=\"Global Hookah\" \/>\n<meta property=\"article:modified_time\" content=\"2023-12-27T01:20:18+00:00\" \/>\n<meta name=\"twitter:card\" content=\"summary_large_image\" \/>\n<meta name=\"twitter:label1\" content=\"Tiempo de lectura\" \/>\n\t<meta name=\"twitter:data1\" content=\"1 minuto\" \/>\n<script type=\"application\/ld+json\" class=\"yoast-schema-graph\">{\"@context\":\"https:\/\/schema.org\",\"@graph\":[{\"@type\":\"WebPage\",\"@id\":\"https:\/\/global-hookah.com\/privacy-policy\/\",\"url\":\"https:\/\/global-hookah.com\/privacy-policy\/\",\"name\":\"Privacy Policy - Global Hookah\",\"isPartOf\":{\"@id\":\"https:\/\/global-hookah.com\/#website\"},\"datePublished\":\"2022-12-31T10:31:10+00:00\",\"dateModified\":\"2023-12-27T01:20:18+00:00\",\"breadcrumb\":{\"@id\":\"https:\/\/global-hookah.com\/privacy-policy\/#breadcrumb\"},\"inLanguage\":\"es\",\"potentialAction\":[{\"@type\":\"ReadAction\",\"target\":[\"https:\/\/global-hookah.com\/privacy-policy\/\"]}]},{\"@type\":\"BreadcrumbList\",\"@id\":\"https:\/\/global-hookah.com\/privacy-policy\/#breadcrumb\",\"itemListElement\":[{\"@type\":\"ListItem\",\"position\":1,\"name\":\"Home\",\"item\":\"https:\/\/global-hookah.com\/\"},{\"@type\":\"ListItem\",\"position\":2,\"name\":\"Privacy Policy\"}]},{\"@type\":\"WebSite\",\"@id\":\"https:\/\/global-hookah.com\/#website\",\"url\":\"https:\/\/global-hookah.com\/\",\"name\":\"Global Hookah\",\"description\":\"Global Hookah\",\"publisher\":{\"@id\":\"https:\/\/global-hookah.com\/#organization\"},\"potentialAction\":[{\"@type\":\"SearchAction\",\"target\":{\"@type\":\"EntryPoint\",\"urlTemplate\":\"https:\/\/global-hookah.com\/?s={search_term_string}\"},\"query-input\":{\"@type\":\"PropertyValueSpecification\",\"valueRequired\":true,\"valueName\":\"search_term_string\"}}],\"inLanguage\":\"es\"},{\"@type\":\"Organization\",\"@id\":\"https:\/\/global-hookah.com\/#organization\",\"name\":\"Global Hookah\",\"url\":\"https:\/\/global-hookah.com\/\",\"logo\":{\"@type\":\"ImageObject\",\"inLanguage\":\"es\",\"@id\":\"https:\/\/global-hookah.com\/#\/schema\/logo\/image\/\",\"url\":\"https:\/\/global-hookah.com\/wp-content\/uploads\/2021\/10\/cropped-fgg.png\",\"contentUrl\":\"https:\/\/global-hookah.com\/wp-content\/uploads\/2021\/10\/cropped-fgg.png\",\"width\":512,\"height\":512,\"caption\":\"Global Hookah\"},\"image\":{\"@id\":\"https:\/\/global-hookah.com\/#\/schema\/logo\/image\/\"}}]}<\/script>\n<!-- \/ Yoast SEO Premium plugin. -->","yoast_head_json":{"title":"Pol\u00edtica de privacidad - Global Hookah","robots":{"index":"index","follow":"follow","max-snippet":"max-snippet:-1","max-image-preview":"max-image-preview:large","max-video-preview":"max-video-preview:-1"},"canonical":"https:\/\/global-hookah.com\/es\/privacy-policy\/","og_locale":"es_ES","og_type":"article","og_title":"Privacy Policy","og_description":"We highly value the protection of users&#8217; personal information. This policy describes how we may collect, use and process your","og_url":"https:\/\/global-hookah.com\/es\/privacy-policy\/","og_site_name":"Global Hookah","article_modified_time":"2023-12-27T01:20:18+00:00","twitter_card":"summary_large_image","twitter_misc":{"Tiempo de lectura":"1 minuto"},"schema":{"@context":"https:\/\/schema.org","@graph":[{"@type":"WebPage","@id":"https:\/\/global-hookah.com\/privacy-policy\/","url":"https:\/\/global-hookah.com\/privacy-policy\/","name":"Pol\u00edtica de privacidad - Global Hookah","isPartOf":{"@id":"https:\/\/global-hookah.com\/#website"},"datePublished":"2022-12-31T10:31:10+00:00","dateModified":"2023-12-27T01:20:18+00:00","breadcrumb":{"@id":"https:\/\/global-hookah.com\/privacy-policy\/#breadcrumb"},"inLanguage":"es","potentialAction":[{"@type":"ReadAction","target":["https:\/\/global-hookah.com\/privacy-policy\/"]}]},{"@type":"BreadcrumbList","@id":"https:\/\/global-hookah.com\/privacy-policy\/#breadcrumb","itemListElement":[{"@type":"ListItem","position":1,"name":"Home","item":"https:\/\/global-hookah.com\/"},{"@type":"ListItem","position":2,"name":"Privacy Policy"}]},{"@type":"WebSite","@id":"https:\/\/global-hookah.com\/#website","url":"https:\/\/global-hookah.com\/","name":"Global Hookah","description":"Global Hookah","publisher":{"@id":"https:\/\/global-hookah.com\/#organization"},"potentialAction":[{"@type":"SearchAction","target":{"@type":"EntryPoint","urlTemplate":"https:\/\/global-hookah.com\/?s={search_term_string}"},"query-input":{"@type":"PropertyValueSpecification","valueRequired":true,"valueName":"search_term_string"}}],"inLanguage":"es"},{"@type":"Organization","@id":"https:\/\/global-hookah.com\/#organization","name":"Global Hookah","url":"https:\/\/global-hookah.com\/","logo":{"@type":"ImageObject","inLanguage":"es","@id":"https:\/\/global-hookah.com\/#\/schema\/logo\/image\/","url":"https:\/\/global-hookah.com\/wp-content\/uploads\/2021\/10\/cropped-fgg.png","contentUrl":"https:\/\/global-hookah.com\/wp-content\/uploads\/2021\/10\/cropped-fgg.png","width":512,"height":512,"caption":"Global Hookah"},"image":{"@id":"https:\/\/global-hookah.com\/#\/schema\/logo\/image\/"}}]}},"_links":{"self":[{"href":"https:\/\/global-hookah.com\/es\/wp-json\/wp\/v2\/pages\/3","targetHints":{"allow":["GET"]}}],"collection":[{"href":"https:\/\/global-hookah.com\/es\/wp-json\/wp\/v2\/pages"}],"about":[{"href":"https:\/\/global-hookah.com\/es\/wp-json\/wp\/v2\/types\/page"}],"author":[{"embeddable":true,"href":"https:\/\/global-hookah.com\/es\/wp-json\/wp\/v2\/users\/1"}],"replies":[{"embeddable":true,"href":"https:\/\/global-hookah.com\/es\/wp-json\/wp\/v2\/comments?post=3"}],"version-history":[{"count":0,"href":"https:\/\/global-hookah.com\/es\/wp-json\/wp\/v2\/pages\/3\/revisions"}],"wp:attachment":[{"href":"https:\/\/global-hookah.com\/es\/wp-json\/wp\/v2\/media?parent=3"}],"curies":[{"name":"wp","href":"https:\/\/api.w.org\/{rel}","templated":true}]}}