{"id":10029,"date":"2023-01-10T12:31:45","date_gmt":"2023-01-10T12:31:45","guid":{"rendered":"https:\/\/global-hookah.com\/?post_type=product&#038;p=10029"},"modified":"2024-01-12T04:00:08","modified_gmt":"2024-01-12T04:00:08","slug":"pretty-hookah-set","status":"publish","type":"product","link":"https:\/\/global-hookah.com\/es\/producto\/pretty-hookah-set\/","title":{"rendered":"Set de narguile bonito"},"content":{"rendered":"<p>Esta es la <strong>Set de narguile bonito<\/strong>. Viene con un narguile, 3 mangueras y 2 bases de cristal. Este set de narguile mide 53 cm de alto y viene con una cazoleta incorporada y una manguera extra\u00edble. Este<strong> Set de narguile bonito<\/strong> tiene una base de cristal que facilita su limpieza y mantenimiento. La cazoleta o la parte superior de este set de narguile se puede limpiar f\u00e1cilmente con s\u00f3lo enjuagarlo bajo el grifo, pero tambi\u00e9n puedes meterlo en el lavavajillas si quieres deshacerte de todos esos residuos de fumar.<\/p>\n<p>DISE\u00d1O EXQUISITO: Este<strong> Pretty Hookah Set i<\/strong>Est\u00e1 dise\u00f1ado con los m\u00e1s altos est\u00e1ndares de calidad y tiene un aspecto bonito, estilizado y elegante. Viene con 3 adaptadores de manguera. Puede ser utilizado por varias personas para aumentar la diversi\u00f3n de la experiencia hookah.<\/p>\n<p>F\u00c1CIL DE MONTAR\/ DESMONTAR: El juego de pipas hookah viene desmontado en una caja para que puedas montarlo f\u00e1cilmente siguiendo el manual de instrucciones. Adem\u00e1s, cuando quieras limpiarla o guardarla, s\u00f3lo tienes que desmontar las piezas y volver a guardarlas en la caja.<\/p>\n<p>TE MANTIENE SANO Y EN FORMA: Fumar con Hookahs ha ganado popularidad entre la gente que quiere dejar de fumar cigarrillos o puros porque son m\u00e1s sanos que los cigarrillos o puros y contienen menos nicotina que los cigarrillos y puros.<\/p>\n<p>Se trata de un<a href=\"https:\/\/global-hookah.com\/\"> gran <strong>Hookah <\/strong>regalo<\/a> idea para cualquiera que disfrute fumando narguile en casa o en fiestas. \u00a1Tambi\u00e9n es ideal para aquellos que les gusta viajar con sus narguiles porque las piezas se desmontan f\u00e1cilmente y pueden caber en cualquier maleta o mochila sin ocupar mucho espacio!<\/p>","protected":false},"excerpt":{"rendered":"<p>Este es el Pretty Hookah Set. Viene con un narguile, 3 mangueras y 2 bases de cristal. Este set de narguile<\/p>","protected":false},"featured_media":10035,"comment_status":"open","ping_status":"closed","template":"","meta":{"iawp_total_views":17,"_joinchat":[]},"product_brand":[],"product_cat":[415,560],"product_tag":[],"class_list":{"0":"post-10029","1":"product","2":"type-product","3":"status-publish","4":"has-post-thumbnail","6":"product_cat-accessories","7":"product_cat-glass-hookah-wholesale","9":"first","10":"instock","11":"shipping-taxable","12":"product-type-external"},"yoast_head":"<!-- This site is optimized with the Yoast SEO Premium plugin v24.7 (Yoast SEO v26.8) - https:\/\/yoast.com\/product\/yoast-seo-premium-wordpress\/ -->\n<title>Pretty Hookah Set - Global Hookah<\/title>\n<meta name=\"robots\" content=\"index, follow, max-snippet:-1, max-image-preview:large, max-video-preview:-1\" \/>\n<link rel=\"canonical\" href=\"https:\/\/global-hookah.com\/es\/producto\/pretty-hookah-set\/\" \/>\n<meta property=\"og:locale\" content=\"es_ES\" \/>\n<meta property=\"og:type\" content=\"article\" \/>\n<meta property=\"og:title\" content=\"Pretty Hookah Set\" \/>\n<meta property=\"og:description\" content=\"This is the Pretty Hookah Set. It comes with a hookah, 3 hoses and 2 glass bases. This hookah set\" \/>\n<meta property=\"og:url\" content=\"https:\/\/global-hookah.com\/es\/producto\/pretty-hookah-set\/\" \/>\n<meta property=\"og:site_name\" content=\"Global Hookah\" \/>\n<meta property=\"article:modified_time\" content=\"2024-01-12T04:00:08+00:00\" \/>\n<meta property=\"og:image\" content=\"https:\/\/global-hookah.com\/wp-content\/uploads\/2023\/01\/\u4e3b\u56fe-02-2.jpg\" \/>\n\t<meta property=\"og:image:width\" content=\"1500\" \/>\n\t<meta property=\"og:image:height\" content=\"1500\" \/>\n\t<meta property=\"og:image:type\" content=\"image\/jpeg\" \/>\n<meta name=\"twitter:card\" content=\"summary_large_image\" \/>\n<meta name=\"twitter:label1\" content=\"Tiempo de lectura\" \/>\n\t<meta name=\"twitter:data1\" content=\"1 minuto\" \/>\n<script type=\"application\/ld+json\" class=\"yoast-schema-graph\">{\"@context\":\"https:\/\/schema.org\",\"@graph\":[{\"@type\":\"WebPage\",\"@id\":\"https:\/\/global-hookah.com\/product\/pretty-hookah-set\/\",\"url\":\"https:\/\/global-hookah.com\/product\/pretty-hookah-set\/\",\"name\":\"Pretty Hookah Set - Global Hookah\",\"isPartOf\":{\"@id\":\"https:\/\/global-hookah.com\/#website\"},\"primaryImageOfPage\":{\"@id\":\"https:\/\/global-hookah.com\/product\/pretty-hookah-set\/#primaryimage\"},\"image\":{\"@id\":\"https:\/\/global-hookah.com\/product\/pretty-hookah-set\/#primaryimage\"},\"thumbnailUrl\":\"https:\/\/global-hookah.com\/wp-content\/uploads\/2023\/01\/\u4e3b\u56fe-02-2.jpg\",\"datePublished\":\"2023-01-10T12:31:45+00:00\",\"dateModified\":\"2024-01-12T04:00:08+00:00\",\"breadcrumb\":{\"@id\":\"https:\/\/global-hookah.com\/product\/pretty-hookah-set\/#breadcrumb\"},\"inLanguage\":\"es\",\"potentialAction\":[{\"@type\":\"ReadAction\",\"target\":[\"https:\/\/global-hookah.com\/product\/pretty-hookah-set\/\"]}]},{\"@type\":\"ImageObject\",\"inLanguage\":\"es\",\"@id\":\"https:\/\/global-hookah.com\/product\/pretty-hookah-set\/#primaryimage\",\"url\":\"https:\/\/global-hookah.com\/wp-content\/uploads\/2023\/01\/\u4e3b\u56fe-02-2.jpg\",\"contentUrl\":\"https:\/\/global-hookah.com\/wp-content\/uploads\/2023\/01\/\u4e3b\u56fe-02-2.jpg\",\"width\":1500,\"height\":1500},{\"@type\":\"BreadcrumbList\",\"@id\":\"https:\/\/global-hookah.com\/product\/pretty-hookah-set\/#breadcrumb\",\"itemListElement\":[{\"@type\":\"ListItem\",\"position\":1,\"name\":\"Home\",\"item\":\"https:\/\/global-hookah.com\/\"},{\"@type\":\"ListItem\",\"position\":2,\"name\":\"Shop\",\"item\":\"https:\/\/global-hookah.com\/shop\/\"},{\"@type\":\"ListItem\",\"position\":3,\"name\":\"Pretty Hookah Set\"}]},{\"@type\":\"WebSite\",\"@id\":\"https:\/\/global-hookah.com\/#website\",\"url\":\"https:\/\/global-hookah.com\/\",\"name\":\"Global Hookah\",\"description\":\"Global Hookah\",\"publisher\":{\"@id\":\"https:\/\/global-hookah.com\/#organization\"},\"potentialAction\":[{\"@type\":\"SearchAction\",\"target\":{\"@type\":\"EntryPoint\",\"urlTemplate\":\"https:\/\/global-hookah.com\/?s={search_term_string}\"},\"query-input\":{\"@type\":\"PropertyValueSpecification\",\"valueRequired\":true,\"valueName\":\"search_term_string\"}}],\"inLanguage\":\"es\"},{\"@type\":\"Organization\",\"@id\":\"https:\/\/global-hookah.com\/#organization\",\"name\":\"Global Hookah\",\"url\":\"https:\/\/global-hookah.com\/\",\"logo\":{\"@type\":\"ImageObject\",\"inLanguage\":\"es\",\"@id\":\"https:\/\/global-hookah.com\/#\/schema\/logo\/image\/\",\"url\":\"https:\/\/global-hookah.com\/wp-content\/uploads\/2021\/10\/cropped-fgg.png\",\"contentUrl\":\"https:\/\/global-hookah.com\/wp-content\/uploads\/2021\/10\/cropped-fgg.png\",\"width\":512,\"height\":512,\"caption\":\"Global Hookah\"},\"image\":{\"@id\":\"https:\/\/global-hookah.com\/#\/schema\/logo\/image\/\"}}]}<\/script>\n<!-- \/ Yoast SEO Premium plugin. -->","yoast_head_json":{"title":"Pretty Hookah Set - Global Hookah","robots":{"index":"index","follow":"follow","max-snippet":"max-snippet:-1","max-image-preview":"max-image-preview:large","max-video-preview":"max-video-preview:-1"},"canonical":"https:\/\/global-hookah.com\/es\/producto\/pretty-hookah-set\/","og_locale":"es_ES","og_type":"article","og_title":"Pretty Hookah Set","og_description":"This is the Pretty Hookah Set. It comes with a hookah, 3 hoses and 2 glass bases. This hookah set","og_url":"https:\/\/global-hookah.com\/es\/producto\/pretty-hookah-set\/","og_site_name":"Global Hookah","article_modified_time":"2024-01-12T04:00:08+00:00","og_image":[{"width":1500,"height":1500,"url":"https:\/\/global-hookah.com\/wp-content\/uploads\/2023\/01\/\u4e3b\u56fe-02-2.jpg","type":"image\/jpeg"}],"twitter_card":"summary_large_image","twitter_misc":{"Tiempo de lectura":"1 minuto"},"schema":{"@context":"https:\/\/schema.org","@graph":[{"@type":"WebPage","@id":"https:\/\/global-hookah.com\/product\/pretty-hookah-set\/","url":"https:\/\/global-hookah.com\/product\/pretty-hookah-set\/","name":"Pretty Hookah Set - Global Hookah","isPartOf":{"@id":"https:\/\/global-hookah.com\/#website"},"primaryImageOfPage":{"@id":"https:\/\/global-hookah.com\/product\/pretty-hookah-set\/#primaryimage"},"image":{"@id":"https:\/\/global-hookah.com\/product\/pretty-hookah-set\/#primaryimage"},"thumbnailUrl":"https:\/\/global-hookah.com\/wp-content\/uploads\/2023\/01\/\u4e3b\u56fe-02-2.jpg","datePublished":"2023-01-10T12:31:45+00:00","dateModified":"2024-01-12T04:00:08+00:00","breadcrumb":{"@id":"https:\/\/global-hookah.com\/product\/pretty-hookah-set\/#breadcrumb"},"inLanguage":"es","potentialAction":[{"@type":"ReadAction","target":["https:\/\/global-hookah.com\/product\/pretty-hookah-set\/"]}]},{"@type":"ImageObject","inLanguage":"es","@id":"https:\/\/global-hookah.com\/product\/pretty-hookah-set\/#primaryimage","url":"https:\/\/global-hookah.com\/wp-content\/uploads\/2023\/01\/\u4e3b\u56fe-02-2.jpg","contentUrl":"https:\/\/global-hookah.com\/wp-content\/uploads\/2023\/01\/\u4e3b\u56fe-02-2.jpg","width":1500,"height":1500},{"@type":"BreadcrumbList","@id":"https:\/\/global-hookah.com\/product\/pretty-hookah-set\/#breadcrumb","itemListElement":[{"@type":"ListItem","position":1,"name":"Home","item":"https:\/\/global-hookah.com\/"},{"@type":"ListItem","position":2,"name":"Shop","item":"https:\/\/global-hookah.com\/shop\/"},{"@type":"ListItem","position":3,"name":"Pretty Hookah Set"}]},{"@type":"WebSite","@id":"https:\/\/global-hookah.com\/#website","url":"https:\/\/global-hookah.com\/","name":"Global Hookah","description":"Global Hookah","publisher":{"@id":"https:\/\/global-hookah.com\/#organization"},"potentialAction":[{"@type":"SearchAction","target":{"@type":"EntryPoint","urlTemplate":"https:\/\/global-hookah.com\/?s={search_term_string}"},"query-input":{"@type":"PropertyValueSpecification","valueRequired":true,"valueName":"search_term_string"}}],"inLanguage":"es"},{"@type":"Organization","@id":"https:\/\/global-hookah.com\/#organization","name":"Global Hookah","url":"https:\/\/global-hookah.com\/","logo":{"@type":"ImageObject","inLanguage":"es","@id":"https:\/\/global-hookah.com\/#\/schema\/logo\/image\/","url":"https:\/\/global-hookah.com\/wp-content\/uploads\/2021\/10\/cropped-fgg.png","contentUrl":"https:\/\/global-hookah.com\/wp-content\/uploads\/2021\/10\/cropped-fgg.png","width":512,"height":512,"caption":"Global Hookah"},"image":{"@id":"https:\/\/global-hookah.com\/#\/schema\/logo\/image\/"}}]}},"_links":{"self":[{"href":"https:\/\/global-hookah.com\/es\/wp-json\/wp\/v2\/product\/10029","targetHints":{"allow":["GET"]}}],"collection":[{"href":"https:\/\/global-hookah.com\/es\/wp-json\/wp\/v2\/product"}],"about":[{"href":"https:\/\/global-hookah.com\/es\/wp-json\/wp\/v2\/types\/product"}],"replies":[{"embeddable":true,"href":"https:\/\/global-hookah.com\/es\/wp-json\/wp\/v2\/comments?post=10029"}],"version-history":[{"count":0,"href":"https:\/\/global-hookah.com\/es\/wp-json\/wp\/v2\/product\/10029\/revisions"}],"wp:featuredmedia":[{"embeddable":true,"href":"https:\/\/global-hookah.com\/es\/wp-json\/wp\/v2\/media\/10035"}],"wp:attachment":[{"href":"https:\/\/global-hookah.com\/es\/wp-json\/wp\/v2\/media?parent=10029"}],"wp:term":[{"taxonomy":"product_brand","embeddable":true,"href":"https:\/\/global-hookah.com\/es\/wp-json\/wp\/v2\/product_brand?post=10029"},{"taxonomy":"product_cat","embeddable":true,"href":"https:\/\/global-hookah.com\/es\/wp-json\/wp\/v2\/product_cat?post=10029"},{"taxonomy":"product_tag","embeddable":true,"href":"https:\/\/global-hookah.com\/es\/wp-json\/wp\/v2\/product_tag?post=10029"}],"curies":[{"name":"wp","href":"https:\/\/api.w.org\/{rel}","templated":true}]}}