{"id":10041,"date":"2023-01-10T13:00:41","date_gmt":"2023-01-10T13:00:41","guid":{"rendered":"https:\/\/global-hookah.com\/?post_type=product&#038;p=10041"},"modified":"2023-01-10T13:06:08","modified_gmt":"2023-01-10T13:06:08","slug":"diamond-hookah","status":"publish","type":"product","link":"https:\/\/global-hookah.com\/es\/producto\/diamond-hookah\/","title":{"rendered":"Hookah Diamante"},"content":{"rendered":"<p>El nuevo <strong>Hookah Diamante<\/strong> es una pipa de agua giratoria 360 grados que viene con un dise\u00f1o \u00fanico. Es el tipo de narguile que le encantar\u00eda mostrar en su pr\u00f3xima fiesta o evento. Con su dise\u00f1o simple y aspecto elegante, usted estar\u00e1 seguro de destacar entre la multitud.<\/p>\n<p>En<strong> Hookah Diamante<\/strong> est\u00e1 hecho de acero inoxidable, por lo que es duradero y f\u00e1cil de limpiar. Adem\u00e1s, podr\u00e1 utilizarla durante a\u00f1os sin preocuparse por la oxidaci\u00f3n o la corrosi\u00f3n.<\/p>\n<p>En<strong> Hookah Diamante<\/strong> presenta un interesante dise\u00f1o que le permite girarla 360 grados, lo que le facilitar\u00e1 encontrar el \u00e1ngulo perfecto para fumar su tabaco favorito.<\/p>\n<p>Tambi\u00e9n te encantar\u00e1 el hecho de que este narguile viene con una base ancha, que lo hace lo suficientemente estable para que puedas usarlo incluso estando de pie.<\/p>\n<p>Ofrecen una variedad de diferentes pipas hookah incluyendo el estilo egipcio cl\u00e1sico, estilo moderno, base de cristal o base de acr\u00edlico, tallos altos o cortos y m\u00e1s. Incluso puede conseguir una <a href=\"https:\/\/global-hookah.com\/\">juego de mangueras dobles<\/a> \u00a1si quieres compartir tu humo con un amigo!<\/p>","protected":false},"excerpt":{"rendered":"<p>La nueva Diamond Hookah es una pipa de agua giratoria 360 grados con un dise\u00f1o \u00fanico. Es el tipo de narguile<\/p>","protected":false},"featured_media":10047,"comment_status":"open","ping_status":"closed","template":"","meta":{"iawp_total_views":0,"_joinchat":[]},"product_brand":[],"product_cat":[415],"product_tag":[],"class_list":{"0":"post-10041","1":"product","2":"type-product","3":"status-publish","4":"has-post-thumbnail","6":"product_cat-accessories","8":"first","9":"instock","10":"shipping-taxable","11":"product-type-external"},"yoast_head":"<!-- This site is optimized with the Yoast SEO Premium plugin v24.7 (Yoast SEO v26.8) - https:\/\/yoast.com\/product\/yoast-seo-premium-wordpress\/ -->\n<title>Diamond Hookah - Global Hookah<\/title>\n<meta name=\"robots\" content=\"index, follow, max-snippet:-1, max-image-preview:large, max-video-preview:-1\" \/>\n<link rel=\"canonical\" href=\"https:\/\/global-hookah.com\/es\/producto\/diamond-hookah\/\" \/>\n<meta property=\"og:locale\" content=\"es_ES\" \/>\n<meta property=\"og:type\" content=\"article\" \/>\n<meta property=\"og:title\" content=\"Diamond Hookah\" \/>\n<meta property=\"og:description\" content=\"The new Diamond Hookah is a 360-degree rotatable hookah that comes with a unique design. It&#8217;s the kind of hookah\" \/>\n<meta property=\"og:url\" content=\"https:\/\/global-hookah.com\/es\/producto\/diamond-hookah\/\" \/>\n<meta property=\"og:site_name\" content=\"Global Hookah\" \/>\n<meta property=\"article:modified_time\" content=\"2023-01-10T13:06:08+00:00\" \/>\n<meta property=\"og:image\" content=\"https:\/\/global-hookah.com\/wp-content\/uploads\/2023\/01\/\u4e3b\u56fe-05-3.jpg\" \/>\n\t<meta property=\"og:image:width\" content=\"800\" \/>\n\t<meta property=\"og:image:height\" content=\"800\" \/>\n\t<meta property=\"og:image:type\" content=\"image\/jpeg\" \/>\n<meta name=\"twitter:card\" content=\"summary_large_image\" \/>\n<meta name=\"twitter:label1\" content=\"Tiempo de lectura\" \/>\n\t<meta name=\"twitter:data1\" content=\"1 minuto\" \/>\n<script type=\"application\/ld+json\" class=\"yoast-schema-graph\">{\"@context\":\"https:\/\/schema.org\",\"@graph\":[{\"@type\":\"WebPage\",\"@id\":\"https:\/\/global-hookah.com\/product\/diamond-hookah\/\",\"url\":\"https:\/\/global-hookah.com\/product\/diamond-hookah\/\",\"name\":\"Diamond Hookah - Global Hookah\",\"isPartOf\":{\"@id\":\"https:\/\/global-hookah.com\/#website\"},\"primaryImageOfPage\":{\"@id\":\"https:\/\/global-hookah.com\/product\/diamond-hookah\/#primaryimage\"},\"image\":{\"@id\":\"https:\/\/global-hookah.com\/product\/diamond-hookah\/#primaryimage\"},\"thumbnailUrl\":\"https:\/\/global-hookah.com\/wp-content\/uploads\/2023\/01\/\u4e3b\u56fe-05-3.jpg\",\"datePublished\":\"2023-01-10T13:00:41+00:00\",\"dateModified\":\"2023-01-10T13:06:08+00:00\",\"breadcrumb\":{\"@id\":\"https:\/\/global-hookah.com\/product\/diamond-hookah\/#breadcrumb\"},\"inLanguage\":\"es\",\"potentialAction\":[{\"@type\":\"ReadAction\",\"target\":[\"https:\/\/global-hookah.com\/product\/diamond-hookah\/\"]}]},{\"@type\":\"ImageObject\",\"inLanguage\":\"es\",\"@id\":\"https:\/\/global-hookah.com\/product\/diamond-hookah\/#primaryimage\",\"url\":\"https:\/\/global-hookah.com\/wp-content\/uploads\/2023\/01\/\u4e3b\u56fe-05-3.jpg\",\"contentUrl\":\"https:\/\/global-hookah.com\/wp-content\/uploads\/2023\/01\/\u4e3b\u56fe-05-3.jpg\",\"width\":800,\"height\":800,\"caption\":\"Diamond Hookah\"},{\"@type\":\"BreadcrumbList\",\"@id\":\"https:\/\/global-hookah.com\/product\/diamond-hookah\/#breadcrumb\",\"itemListElement\":[{\"@type\":\"ListItem\",\"position\":1,\"name\":\"Home\",\"item\":\"https:\/\/global-hookah.com\/\"},{\"@type\":\"ListItem\",\"position\":2,\"name\":\"Shop\",\"item\":\"https:\/\/global-hookah.com\/shop\/\"},{\"@type\":\"ListItem\",\"position\":3,\"name\":\"Diamond Hookah\"}]},{\"@type\":\"WebSite\",\"@id\":\"https:\/\/global-hookah.com\/#website\",\"url\":\"https:\/\/global-hookah.com\/\",\"name\":\"Global Hookah\",\"description\":\"Global Hookah\",\"publisher\":{\"@id\":\"https:\/\/global-hookah.com\/#organization\"},\"potentialAction\":[{\"@type\":\"SearchAction\",\"target\":{\"@type\":\"EntryPoint\",\"urlTemplate\":\"https:\/\/global-hookah.com\/?s={search_term_string}\"},\"query-input\":{\"@type\":\"PropertyValueSpecification\",\"valueRequired\":true,\"valueName\":\"search_term_string\"}}],\"inLanguage\":\"es\"},{\"@type\":\"Organization\",\"@id\":\"https:\/\/global-hookah.com\/#organization\",\"name\":\"Global Hookah\",\"url\":\"https:\/\/global-hookah.com\/\",\"logo\":{\"@type\":\"ImageObject\",\"inLanguage\":\"es\",\"@id\":\"https:\/\/global-hookah.com\/#\/schema\/logo\/image\/\",\"url\":\"https:\/\/global-hookah.com\/wp-content\/uploads\/2021\/10\/cropped-fgg.png\",\"contentUrl\":\"https:\/\/global-hookah.com\/wp-content\/uploads\/2021\/10\/cropped-fgg.png\",\"width\":512,\"height\":512,\"caption\":\"Global Hookah\"},\"image\":{\"@id\":\"https:\/\/global-hookah.com\/#\/schema\/logo\/image\/\"}}]}<\/script>\n<!-- \/ Yoast SEO Premium plugin. -->","yoast_head_json":{"title":"Diamond Hookah - Global Hookah","robots":{"index":"index","follow":"follow","max-snippet":"max-snippet:-1","max-image-preview":"max-image-preview:large","max-video-preview":"max-video-preview:-1"},"canonical":"https:\/\/global-hookah.com\/es\/producto\/diamond-hookah\/","og_locale":"es_ES","og_type":"article","og_title":"Diamond Hookah","og_description":"The new Diamond Hookah is a 360-degree rotatable hookah that comes with a unique design. It&#8217;s the kind of hookah","og_url":"https:\/\/global-hookah.com\/es\/producto\/diamond-hookah\/","og_site_name":"Global Hookah","article_modified_time":"2023-01-10T13:06:08+00:00","og_image":[{"width":800,"height":800,"url":"https:\/\/global-hookah.com\/wp-content\/uploads\/2023\/01\/\u4e3b\u56fe-05-3.jpg","type":"image\/jpeg"}],"twitter_card":"summary_large_image","twitter_misc":{"Tiempo de lectura":"1 minuto"},"schema":{"@context":"https:\/\/schema.org","@graph":[{"@type":"WebPage","@id":"https:\/\/global-hookah.com\/product\/diamond-hookah\/","url":"https:\/\/global-hookah.com\/product\/diamond-hookah\/","name":"Diamond Hookah - Global Hookah","isPartOf":{"@id":"https:\/\/global-hookah.com\/#website"},"primaryImageOfPage":{"@id":"https:\/\/global-hookah.com\/product\/diamond-hookah\/#primaryimage"},"image":{"@id":"https:\/\/global-hookah.com\/product\/diamond-hookah\/#primaryimage"},"thumbnailUrl":"https:\/\/global-hookah.com\/wp-content\/uploads\/2023\/01\/\u4e3b\u56fe-05-3.jpg","datePublished":"2023-01-10T13:00:41+00:00","dateModified":"2023-01-10T13:06:08+00:00","breadcrumb":{"@id":"https:\/\/global-hookah.com\/product\/diamond-hookah\/#breadcrumb"},"inLanguage":"es","potentialAction":[{"@type":"ReadAction","target":["https:\/\/global-hookah.com\/product\/diamond-hookah\/"]}]},{"@type":"ImageObject","inLanguage":"es","@id":"https:\/\/global-hookah.com\/product\/diamond-hookah\/#primaryimage","url":"https:\/\/global-hookah.com\/wp-content\/uploads\/2023\/01\/\u4e3b\u56fe-05-3.jpg","contentUrl":"https:\/\/global-hookah.com\/wp-content\/uploads\/2023\/01\/\u4e3b\u56fe-05-3.jpg","width":800,"height":800,"caption":"Diamond Hookah"},{"@type":"BreadcrumbList","@id":"https:\/\/global-hookah.com\/product\/diamond-hookah\/#breadcrumb","itemListElement":[{"@type":"ListItem","position":1,"name":"Home","item":"https:\/\/global-hookah.com\/"},{"@type":"ListItem","position":2,"name":"Shop","item":"https:\/\/global-hookah.com\/shop\/"},{"@type":"ListItem","position":3,"name":"Diamond Hookah"}]},{"@type":"WebSite","@id":"https:\/\/global-hookah.com\/#website","url":"https:\/\/global-hookah.com\/","name":"Global Hookah","description":"Global Hookah","publisher":{"@id":"https:\/\/global-hookah.com\/#organization"},"potentialAction":[{"@type":"SearchAction","target":{"@type":"EntryPoint","urlTemplate":"https:\/\/global-hookah.com\/?s={search_term_string}"},"query-input":{"@type":"PropertyValueSpecification","valueRequired":true,"valueName":"search_term_string"}}],"inLanguage":"es"},{"@type":"Organization","@id":"https:\/\/global-hookah.com\/#organization","name":"Global Hookah","url":"https:\/\/global-hookah.com\/","logo":{"@type":"ImageObject","inLanguage":"es","@id":"https:\/\/global-hookah.com\/#\/schema\/logo\/image\/","url":"https:\/\/global-hookah.com\/wp-content\/uploads\/2021\/10\/cropped-fgg.png","contentUrl":"https:\/\/global-hookah.com\/wp-content\/uploads\/2021\/10\/cropped-fgg.png","width":512,"height":512,"caption":"Global Hookah"},"image":{"@id":"https:\/\/global-hookah.com\/#\/schema\/logo\/image\/"}}]}},"_links":{"self":[{"href":"https:\/\/global-hookah.com\/es\/wp-json\/wp\/v2\/product\/10041","targetHints":{"allow":["GET"]}}],"collection":[{"href":"https:\/\/global-hookah.com\/es\/wp-json\/wp\/v2\/product"}],"about":[{"href":"https:\/\/global-hookah.com\/es\/wp-json\/wp\/v2\/types\/product"}],"replies":[{"embeddable":true,"href":"https:\/\/global-hookah.com\/es\/wp-json\/wp\/v2\/comments?post=10041"}],"version-history":[{"count":0,"href":"https:\/\/global-hookah.com\/es\/wp-json\/wp\/v2\/product\/10041\/revisions"}],"wp:featuredmedia":[{"embeddable":true,"href":"https:\/\/global-hookah.com\/es\/wp-json\/wp\/v2\/media\/10047"}],"wp:attachment":[{"href":"https:\/\/global-hookah.com\/es\/wp-json\/wp\/v2\/media?parent=10041"}],"wp:term":[{"taxonomy":"product_brand","embeddable":true,"href":"https:\/\/global-hookah.com\/es\/wp-json\/wp\/v2\/product_brand?post=10041"},{"taxonomy":"product_cat","embeddable":true,"href":"https:\/\/global-hookah.com\/es\/wp-json\/wp\/v2\/product_cat?post=10041"},{"taxonomy":"product_tag","embeddable":true,"href":"https:\/\/global-hookah.com\/es\/wp-json\/wp\/v2\/product_tag?post=10041"}],"curies":[{"name":"wp","href":"https:\/\/api.w.org\/{rel}","templated":true}]}}