{"id":10130,"date":"2023-01-22T04:26:13","date_gmt":"2023-01-22T04:26:13","guid":{"rendered":"https:\/\/global-hookah.com\/?post_type=product&#038;p=10130"},"modified":"2023-01-22T09:08:34","modified_gmt":"2023-01-22T09:08:34","slug":"beautiful-high-quality-glass-spoon-pipes","status":"publish","type":"product","link":"https:\/\/global-hookah.com\/es\/producto\/beautiful-high-quality-glass-spoon-pipes\/","title":{"rendered":"Preciosas pipas de vidrio de alta calidad"},"content":{"rendered":"<p>El cuenco de cristal de nuestro <strong>Cucharas de vidrio de alta calidad<\/strong> es lo suficientemente grande y profunda como para contener una gran cantidad de marihuana o tabaco. Puedes llenarla f\u00e1cilmente con tus hierbas favoritas y fumarlas sin tener que hacer frecuentes viajes para rellenar tu pipa. la pipa mientras a\u00fan est\u00e1 caliente o templada, a diferencia de las pipas normales que tienden a calentarse mucho y a quemarte los dedos cuando intentas fumar mientras a\u00fan est\u00e1n calientes.<\/p>\n<h2>Tal vez se pregunte qu\u00e9 hace tan especiales a estas preciosas pipas de vidrio con cuchara. Bueno, aqu\u00ed est\u00e1n algunas de las ventajas que vienen con su uso:<\/h2>\n<p><strong>No son t\u00f3xicos<\/strong><\/p>\n<p>Dado que las Pipas Cuchara de Vidrio est\u00e1n hechas de vidrio borosilicato, estas <strong>preciosas pipas cuchara de cristal de alta calidad<\/strong> no son t\u00f3xicos; de hecho, \u00a1no contienen ning\u00fan producto qu\u00edmico! Esto significa que si se te cae accidentalmente tu nuevo tubo de cuchara al suelo o se te cae al agua (cosa que ya ha ocurrido alguna vez), no har\u00e1 da\u00f1o a nadie que entre en contacto con \u00e9l.<\/p>\n<p><strong>Las pipas de vidrio son f\u00e1ciles de limpiar<\/strong><\/p>\n<p>Otra cosa que hace que estos <strong>Cucharas de vidrio<\/strong> es que son f\u00e1ciles de limpiar. Si se le cae comida o bebida en la pipa, todo lo que tiene que hacer es desmontarla, enjuagarla bien con agua tibia y volver a montarla. Esto eliminar\u00e1 cualquier residuo del interior de la pipa para que puedas volver a usarla lo antes posible.<\/p>\n<p><strong>F\u00e1cil de transportar<\/strong><br \/>\nTambi\u00e9n son muy peque\u00f1os por lo que pueden caber f\u00e1cilmente en su bolsillo o bolso haci\u00e9ndolos perfectos para viajar o cualquier otro momento en que usted necesita ser discreto acerca de fumar su hierba.<\/p>\n<p>Nuestra <strong>Preciosas pipas de cuchara<\/strong> \u00a1vienen en muchos tama\u00f1os diferentes para que pueda elegir cu\u00e1l es el adecuado para usted! Los mas pequenos son ideales si quieres algo que sea facil de transportar pero que tambien te de un buen flujo de aire mientras fumas tus hierbas. Los m\u00e1s grandes funcionan mejor si prefieres usar cuencos m\u00e1s grandes, ya que proporcionan m\u00e1s espacio dentro del propio cuenco, \u00a1lo que permite fumadas m\u00e1s grandes!<\/p>","protected":false},"excerpt":{"rendered":"<p>El cuenco de cristal de nuestras Pipas de Cuchara de Cristal de Alta Calidad es lo suficientemente grande y profundo como para contener una gran cantidad<\/p>","protected":false},"featured_media":10133,"comment_status":"open","ping_status":"closed","template":"","meta":{"iawp_total_views":1,"_joinchat":[]},"product_brand":[],"product_cat":[415],"product_tag":[],"class_list":{"0":"post-10130","1":"product","2":"type-product","3":"status-publish","4":"has-post-thumbnail","6":"product_cat-accessories","8":"first","9":"instock","10":"shipping-taxable","11":"purchasable","12":"product-type-variable"},"yoast_head":"<!-- This site is optimized with the Yoast SEO Premium plugin v24.7 (Yoast SEO v26.8) - https:\/\/yoast.com\/product\/yoast-seo-premium-wordpress\/ -->\n<title>Beautiful High Quality Glass Spoon Pipes - Global Hookah<\/title>\n<meta name=\"robots\" content=\"index, follow, max-snippet:-1, max-image-preview:large, max-video-preview:-1\" \/>\n<link rel=\"canonical\" href=\"https:\/\/global-hookah.com\/es\/producto\/beautiful-high-quality-glass-spoon-pipes\/\" \/>\n<meta property=\"og:locale\" content=\"es_ES\" \/>\n<meta property=\"og:type\" content=\"article\" \/>\n<meta property=\"og:title\" content=\"Beautiful High Quality Glass Spoon Pipes\" \/>\n<meta property=\"og:description\" content=\"The glass bowl of our High Quality Glass Spoon Pipes is large and deep enough to hold a large amount\" \/>\n<meta property=\"og:url\" content=\"https:\/\/global-hookah.com\/es\/producto\/beautiful-high-quality-glass-spoon-pipes\/\" \/>\n<meta property=\"og:site_name\" content=\"Global Hookah\" \/>\n<meta property=\"article:modified_time\" content=\"2023-01-22T09:08:34+00:00\" \/>\n<meta property=\"og:image\" content=\"https:\/\/global-hookah.com\/wp-content\/uploads\/2023\/01\/\u4e3b\u56fe-00.jpg\" \/>\n\t<meta property=\"og:image:width\" content=\"800\" \/>\n\t<meta property=\"og:image:height\" content=\"800\" \/>\n\t<meta property=\"og:image:type\" content=\"image\/jpeg\" \/>\n<meta name=\"twitter:card\" content=\"summary_large_image\" \/>\n<meta name=\"twitter:label1\" content=\"Tiempo de lectura\" \/>\n\t<meta name=\"twitter:data1\" content=\"2 minutos\" \/>\n<script type=\"application\/ld+json\" class=\"yoast-schema-graph\">{\"@context\":\"https:\/\/schema.org\",\"@graph\":[{\"@type\":\"WebPage\",\"@id\":\"https:\/\/global-hookah.com\/product\/beautiful-high-quality-glass-spoon-pipes\/\",\"url\":\"https:\/\/global-hookah.com\/product\/beautiful-high-quality-glass-spoon-pipes\/\",\"name\":\"Beautiful High Quality Glass Spoon Pipes - Global Hookah\",\"isPartOf\":{\"@id\":\"https:\/\/global-hookah.com\/#website\"},\"primaryImageOfPage\":{\"@id\":\"https:\/\/global-hookah.com\/product\/beautiful-high-quality-glass-spoon-pipes\/#primaryimage\"},\"image\":{\"@id\":\"https:\/\/global-hookah.com\/product\/beautiful-high-quality-glass-spoon-pipes\/#primaryimage\"},\"thumbnailUrl\":\"https:\/\/global-hookah.com\/wp-content\/uploads\/2023\/01\/\u4e3b\u56fe-00.jpg\",\"datePublished\":\"2023-01-22T04:26:13+00:00\",\"dateModified\":\"2023-01-22T09:08:34+00:00\",\"breadcrumb\":{\"@id\":\"https:\/\/global-hookah.com\/product\/beautiful-high-quality-glass-spoon-pipes\/#breadcrumb\"},\"inLanguage\":\"es\",\"potentialAction\":[{\"@type\":\"ReadAction\",\"target\":[\"https:\/\/global-hookah.com\/product\/beautiful-high-quality-glass-spoon-pipes\/\"]}]},{\"@type\":\"ImageObject\",\"inLanguage\":\"es\",\"@id\":\"https:\/\/global-hookah.com\/product\/beautiful-high-quality-glass-spoon-pipes\/#primaryimage\",\"url\":\"https:\/\/global-hookah.com\/wp-content\/uploads\/2023\/01\/\u4e3b\u56fe-00.jpg\",\"contentUrl\":\"https:\/\/global-hookah.com\/wp-content\/uploads\/2023\/01\/\u4e3b\u56fe-00.jpg\",\"width\":800,\"height\":800,\"caption\":\"High Quality Glass Spoon Pipes\"},{\"@type\":\"BreadcrumbList\",\"@id\":\"https:\/\/global-hookah.com\/product\/beautiful-high-quality-glass-spoon-pipes\/#breadcrumb\",\"itemListElement\":[{\"@type\":\"ListItem\",\"position\":1,\"name\":\"Home\",\"item\":\"https:\/\/global-hookah.com\/\"},{\"@type\":\"ListItem\",\"position\":2,\"name\":\"Shop\",\"item\":\"https:\/\/global-hookah.com\/shop\/\"},{\"@type\":\"ListItem\",\"position\":3,\"name\":\"Beautiful High Quality Glass Spoon Pipes\"}]},{\"@type\":\"WebSite\",\"@id\":\"https:\/\/global-hookah.com\/#website\",\"url\":\"https:\/\/global-hookah.com\/\",\"name\":\"Global Hookah\",\"description\":\"Global Hookah\",\"publisher\":{\"@id\":\"https:\/\/global-hookah.com\/#organization\"},\"potentialAction\":[{\"@type\":\"SearchAction\",\"target\":{\"@type\":\"EntryPoint\",\"urlTemplate\":\"https:\/\/global-hookah.com\/?s={search_term_string}\"},\"query-input\":{\"@type\":\"PropertyValueSpecification\",\"valueRequired\":true,\"valueName\":\"search_term_string\"}}],\"inLanguage\":\"es\"},{\"@type\":\"Organization\",\"@id\":\"https:\/\/global-hookah.com\/#organization\",\"name\":\"Global Hookah\",\"url\":\"https:\/\/global-hookah.com\/\",\"logo\":{\"@type\":\"ImageObject\",\"inLanguage\":\"es\",\"@id\":\"https:\/\/global-hookah.com\/#\/schema\/logo\/image\/\",\"url\":\"https:\/\/global-hookah.com\/wp-content\/uploads\/2021\/10\/cropped-fgg.png\",\"contentUrl\":\"https:\/\/global-hookah.com\/wp-content\/uploads\/2021\/10\/cropped-fgg.png\",\"width\":512,\"height\":512,\"caption\":\"Global Hookah\"},\"image\":{\"@id\":\"https:\/\/global-hookah.com\/#\/schema\/logo\/image\/\"}}]}<\/script>\n<!-- \/ Yoast SEO Premium plugin. -->","yoast_head_json":{"title":"Preciosas pipas de vidrio de alta calidad - Global Hookah","robots":{"index":"index","follow":"follow","max-snippet":"max-snippet:-1","max-image-preview":"max-image-preview:large","max-video-preview":"max-video-preview:-1"},"canonical":"https:\/\/global-hookah.com\/es\/producto\/beautiful-high-quality-glass-spoon-pipes\/","og_locale":"es_ES","og_type":"article","og_title":"Beautiful High Quality Glass Spoon Pipes","og_description":"The glass bowl of our High Quality Glass Spoon Pipes is large and deep enough to hold a large amount","og_url":"https:\/\/global-hookah.com\/es\/producto\/beautiful-high-quality-glass-spoon-pipes\/","og_site_name":"Global Hookah","article_modified_time":"2023-01-22T09:08:34+00:00","og_image":[{"width":800,"height":800,"url":"https:\/\/global-hookah.com\/wp-content\/uploads\/2023\/01\/\u4e3b\u56fe-00.jpg","type":"image\/jpeg"}],"twitter_card":"summary_large_image","twitter_misc":{"Tiempo de lectura":"2 minutos"},"schema":{"@context":"https:\/\/schema.org","@graph":[{"@type":"WebPage","@id":"https:\/\/global-hookah.com\/product\/beautiful-high-quality-glass-spoon-pipes\/","url":"https:\/\/global-hookah.com\/product\/beautiful-high-quality-glass-spoon-pipes\/","name":"Preciosas pipas de vidrio de alta calidad - Global Hookah","isPartOf":{"@id":"https:\/\/global-hookah.com\/#website"},"primaryImageOfPage":{"@id":"https:\/\/global-hookah.com\/product\/beautiful-high-quality-glass-spoon-pipes\/#primaryimage"},"image":{"@id":"https:\/\/global-hookah.com\/product\/beautiful-high-quality-glass-spoon-pipes\/#primaryimage"},"thumbnailUrl":"https:\/\/global-hookah.com\/wp-content\/uploads\/2023\/01\/\u4e3b\u56fe-00.jpg","datePublished":"2023-01-22T04:26:13+00:00","dateModified":"2023-01-22T09:08:34+00:00","breadcrumb":{"@id":"https:\/\/global-hookah.com\/product\/beautiful-high-quality-glass-spoon-pipes\/#breadcrumb"},"inLanguage":"es","potentialAction":[{"@type":"ReadAction","target":["https:\/\/global-hookah.com\/product\/beautiful-high-quality-glass-spoon-pipes\/"]}]},{"@type":"ImageObject","inLanguage":"es","@id":"https:\/\/global-hookah.com\/product\/beautiful-high-quality-glass-spoon-pipes\/#primaryimage","url":"https:\/\/global-hookah.com\/wp-content\/uploads\/2023\/01\/\u4e3b\u56fe-00.jpg","contentUrl":"https:\/\/global-hookah.com\/wp-content\/uploads\/2023\/01\/\u4e3b\u56fe-00.jpg","width":800,"height":800,"caption":"High Quality Glass Spoon Pipes"},{"@type":"BreadcrumbList","@id":"https:\/\/global-hookah.com\/product\/beautiful-high-quality-glass-spoon-pipes\/#breadcrumb","itemListElement":[{"@type":"ListItem","position":1,"name":"Home","item":"https:\/\/global-hookah.com\/"},{"@type":"ListItem","position":2,"name":"Shop","item":"https:\/\/global-hookah.com\/shop\/"},{"@type":"ListItem","position":3,"name":"Beautiful High Quality Glass Spoon Pipes"}]},{"@type":"WebSite","@id":"https:\/\/global-hookah.com\/#website","url":"https:\/\/global-hookah.com\/","name":"Global Hookah","description":"Global Hookah","publisher":{"@id":"https:\/\/global-hookah.com\/#organization"},"potentialAction":[{"@type":"SearchAction","target":{"@type":"EntryPoint","urlTemplate":"https:\/\/global-hookah.com\/?s={search_term_string}"},"query-input":{"@type":"PropertyValueSpecification","valueRequired":true,"valueName":"search_term_string"}}],"inLanguage":"es"},{"@type":"Organization","@id":"https:\/\/global-hookah.com\/#organization","name":"Global Hookah","url":"https:\/\/global-hookah.com\/","logo":{"@type":"ImageObject","inLanguage":"es","@id":"https:\/\/global-hookah.com\/#\/schema\/logo\/image\/","url":"https:\/\/global-hookah.com\/wp-content\/uploads\/2021\/10\/cropped-fgg.png","contentUrl":"https:\/\/global-hookah.com\/wp-content\/uploads\/2021\/10\/cropped-fgg.png","width":512,"height":512,"caption":"Global Hookah"},"image":{"@id":"https:\/\/global-hookah.com\/#\/schema\/logo\/image\/"}}]}},"_links":{"self":[{"href":"https:\/\/global-hookah.com\/es\/wp-json\/wp\/v2\/product\/10130","targetHints":{"allow":["GET"]}}],"collection":[{"href":"https:\/\/global-hookah.com\/es\/wp-json\/wp\/v2\/product"}],"about":[{"href":"https:\/\/global-hookah.com\/es\/wp-json\/wp\/v2\/types\/product"}],"replies":[{"embeddable":true,"href":"https:\/\/global-hookah.com\/es\/wp-json\/wp\/v2\/comments?post=10130"}],"version-history":[{"count":0,"href":"https:\/\/global-hookah.com\/es\/wp-json\/wp\/v2\/product\/10130\/revisions"}],"wp:featuredmedia":[{"embeddable":true,"href":"https:\/\/global-hookah.com\/es\/wp-json\/wp\/v2\/media\/10133"}],"wp:attachment":[{"href":"https:\/\/global-hookah.com\/es\/wp-json\/wp\/v2\/media?parent=10130"}],"wp:term":[{"taxonomy":"product_brand","embeddable":true,"href":"https:\/\/global-hookah.com\/es\/wp-json\/wp\/v2\/product_brand?post=10130"},{"taxonomy":"product_cat","embeddable":true,"href":"https:\/\/global-hookah.com\/es\/wp-json\/wp\/v2\/product_cat?post=10130"},{"taxonomy":"product_tag","embeddable":true,"href":"https:\/\/global-hookah.com\/es\/wp-json\/wp\/v2\/product_tag?post=10130"}],"curies":[{"name":"wp","href":"https:\/\/api.w.org\/{rel}","templated":true}]}}