{"id":10155,"date":"2023-01-22T08:30:10","date_gmt":"2023-01-22T08:30:10","guid":{"rendered":"https:\/\/global-hookah.com\/?post_type=product&#038;p=10155"},"modified":"2024-03-13T00:28:29","modified_gmt":"2024-03-13T00:28:29","slug":"3-5-inch-blue-clear-glass-spoon-pipes","status":"publish","type":"product","link":"https:\/\/global-hookah.com\/es\/producto\/3-5-inch-blue-clear-glass-spoon-pipes\/","title":{"rendered":"Pipas de cuchara de cristal transparente azul de 3,5 pulgadas"},"content":{"rendered":"<p>Este <strong>Cucharas de vidrio transparente<\/strong> es imprescindible en cualquier colecci\u00f3n de vasos. Tiene un dise\u00f1o genial que har\u00e1 que tus amigos se mueran de envidia. Puedes usar esta pipa para tabaco o marihuana y seguro que te impresionar\u00e1.<\/p>\n<p>Los cuencos de estos <strong>Cucharas de vidrio transparente<\/strong> tienen un agujero grande, que permite m\u00e1s flujo de aire que otros estilos de pipa. El agujero m\u00e1s grande crea un golpe m\u00e1s suave, pero tambi\u00e9n significa que estas pipas no se recomiendan para su uso con concentrados. Esta peque\u00f1a <strong>Tubos de vidrio de 3,5 pulgadas<\/strong> son estupendas para fumar hierba o tabaco, pero tambi\u00e9n pueden utilizarse como accesorio para a\u00f1adir a su colecci\u00f3n.<\/p>\n<p>\u00a1Esta pipa de cuchara transparente mide 3.5 pulgadas, Este tama\u00f1o hace que sea f\u00e1cil de llevar con usted dondequiera que vaya! Y esta cuchara \/ taz\u00f3n de estilo paja tambi\u00e9n hace que sea m\u00e1s f\u00e1cil de limpiar despu\u00e9s de cada uso, como se puede soplar a trav\u00e9s de la tuber\u00eda sin tener que preocuparse de la ceniza que cae en la boca.<\/p>\n<p>El color azul en este <strong>Tubos de vidrio de 3,5<\/strong> se ve muy bien contra el material de vidrio de base transparente, que permite que la luz brille a trav\u00e9s de cuando se ve desde diferentes \u00e1ngulos. Esto hace que sea f\u00e1cil ver lo que hay dentro de tu cazoleta mientras fumas por la noche o en cualquier momento.<\/p>","protected":false},"excerpt":{"rendered":"<p>Esta cuchara de cristal transparente es imprescindible en cualquier colecci\u00f3n de cristal. Tiene un dise\u00f1o fresco que<\/p>","protected":false},"featured_media":10161,"comment_status":"open","ping_status":"closed","template":"","meta":{"iawp_total_views":1,"_joinchat":[]},"product_brand":[],"product_cat":[415],"product_tag":[],"class_list":{"0":"post-10155","1":"product","2":"type-product","3":"status-publish","4":"has-post-thumbnail","6":"product_cat-accessories","8":"first","9":"instock","10":"sale","11":"shipping-taxable","12":"purchasable","13":"product-type-variable"},"yoast_head":"<!-- This site is optimized with the Yoast SEO Premium plugin v24.7 (Yoast SEO v26.8) - https:\/\/yoast.com\/product\/yoast-seo-premium-wordpress\/ -->\n<title>3.5 Inch Blue Clear Glass Spoon Pipes - Global Hookah<\/title>\n<meta name=\"robots\" content=\"index, follow, max-snippet:-1, max-image-preview:large, max-video-preview:-1\" \/>\n<link rel=\"canonical\" href=\"https:\/\/global-hookah.com\/es\/producto\/3-5-inch-blue-clear-glass-spoon-pipes\/\" \/>\n<meta property=\"og:locale\" content=\"es_ES\" \/>\n<meta property=\"og:type\" content=\"article\" \/>\n<meta property=\"og:title\" content=\"3.5 Inch Blue Clear Glass Spoon Pipes\" \/>\n<meta property=\"og:description\" content=\"This Clear Glass Spoon Pipes is a must have for any glass collection. It has a cool design that will\" \/>\n<meta property=\"og:url\" content=\"https:\/\/global-hookah.com\/es\/producto\/3-5-inch-blue-clear-glass-spoon-pipes\/\" \/>\n<meta property=\"og:site_name\" content=\"Global Hookah\" \/>\n<meta property=\"article:modified_time\" content=\"2024-03-13T00:28:29+00:00\" \/>\n<meta property=\"og:image\" content=\"https:\/\/global-hookah.com\/wp-content\/uploads\/2023\/01\/\u4e3b\u56fe-08.jpg\" \/>\n\t<meta property=\"og:image:width\" content=\"800\" \/>\n\t<meta property=\"og:image:height\" content=\"800\" \/>\n\t<meta property=\"og:image:type\" content=\"image\/jpeg\" \/>\n<meta name=\"twitter:card\" content=\"summary_large_image\" \/>\n<meta name=\"twitter:label1\" content=\"Tiempo de lectura\" \/>\n\t<meta name=\"twitter:data1\" content=\"1 minuto\" \/>\n<script type=\"application\/ld+json\" class=\"yoast-schema-graph\">{\"@context\":\"https:\/\/schema.org\",\"@graph\":[{\"@type\":\"WebPage\",\"@id\":\"https:\/\/global-hookah.com\/product\/3-5-inch-blue-clear-glass-spoon-pipes\/\",\"url\":\"https:\/\/global-hookah.com\/product\/3-5-inch-blue-clear-glass-spoon-pipes\/\",\"name\":\"3.5 Inch Blue Clear Glass Spoon Pipes - Global Hookah\",\"isPartOf\":{\"@id\":\"https:\/\/global-hookah.com\/#website\"},\"primaryImageOfPage\":{\"@id\":\"https:\/\/global-hookah.com\/product\/3-5-inch-blue-clear-glass-spoon-pipes\/#primaryimage\"},\"image\":{\"@id\":\"https:\/\/global-hookah.com\/product\/3-5-inch-blue-clear-glass-spoon-pipes\/#primaryimage\"},\"thumbnailUrl\":\"https:\/\/global-hookah.com\/wp-content\/uploads\/2023\/01\/\u4e3b\u56fe-08.jpg\",\"datePublished\":\"2023-01-22T08:30:10+00:00\",\"dateModified\":\"2024-03-13T00:28:29+00:00\",\"breadcrumb\":{\"@id\":\"https:\/\/global-hookah.com\/product\/3-5-inch-blue-clear-glass-spoon-pipes\/#breadcrumb\"},\"inLanguage\":\"es\",\"potentialAction\":[{\"@type\":\"ReadAction\",\"target\":[\"https:\/\/global-hookah.com\/product\/3-5-inch-blue-clear-glass-spoon-pipes\/\"]}]},{\"@type\":\"ImageObject\",\"inLanguage\":\"es\",\"@id\":\"https:\/\/global-hookah.com\/product\/3-5-inch-blue-clear-glass-spoon-pipes\/#primaryimage\",\"url\":\"https:\/\/global-hookah.com\/wp-content\/uploads\/2023\/01\/\u4e3b\u56fe-08.jpg\",\"contentUrl\":\"https:\/\/global-hookah.com\/wp-content\/uploads\/2023\/01\/\u4e3b\u56fe-08.jpg\",\"width\":800,\"height\":800,\"caption\":\"3.5 Inch Blue Clear Glass Spoon Pipes\"},{\"@type\":\"BreadcrumbList\",\"@id\":\"https:\/\/global-hookah.com\/product\/3-5-inch-blue-clear-glass-spoon-pipes\/#breadcrumb\",\"itemListElement\":[{\"@type\":\"ListItem\",\"position\":1,\"name\":\"Home\",\"item\":\"https:\/\/global-hookah.com\/\"},{\"@type\":\"ListItem\",\"position\":2,\"name\":\"Shop\",\"item\":\"https:\/\/global-hookah.com\/shop\/\"},{\"@type\":\"ListItem\",\"position\":3,\"name\":\"3.5 Inch Blue Clear Glass Spoon Pipes\"}]},{\"@type\":\"WebSite\",\"@id\":\"https:\/\/global-hookah.com\/#website\",\"url\":\"https:\/\/global-hookah.com\/\",\"name\":\"Global Hookah\",\"description\":\"Global Hookah\",\"publisher\":{\"@id\":\"https:\/\/global-hookah.com\/#organization\"},\"potentialAction\":[{\"@type\":\"SearchAction\",\"target\":{\"@type\":\"EntryPoint\",\"urlTemplate\":\"https:\/\/global-hookah.com\/?s={search_term_string}\"},\"query-input\":{\"@type\":\"PropertyValueSpecification\",\"valueRequired\":true,\"valueName\":\"search_term_string\"}}],\"inLanguage\":\"es\"},{\"@type\":\"Organization\",\"@id\":\"https:\/\/global-hookah.com\/#organization\",\"name\":\"Global Hookah\",\"url\":\"https:\/\/global-hookah.com\/\",\"logo\":{\"@type\":\"ImageObject\",\"inLanguage\":\"es\",\"@id\":\"https:\/\/global-hookah.com\/#\/schema\/logo\/image\/\",\"url\":\"https:\/\/global-hookah.com\/wp-content\/uploads\/2021\/10\/cropped-fgg.png\",\"contentUrl\":\"https:\/\/global-hookah.com\/wp-content\/uploads\/2021\/10\/cropped-fgg.png\",\"width\":512,\"height\":512,\"caption\":\"Global Hookah\"},\"image\":{\"@id\":\"https:\/\/global-hookah.com\/#\/schema\/logo\/image\/\"}}]}<\/script>\n<!-- \/ Yoast SEO Premium plugin. -->","yoast_head_json":{"title":"3.5 Pulgadas Azul Claro Cuchara de vidrio Pipes - Global Hookah","robots":{"index":"index","follow":"follow","max-snippet":"max-snippet:-1","max-image-preview":"max-image-preview:large","max-video-preview":"max-video-preview:-1"},"canonical":"https:\/\/global-hookah.com\/es\/producto\/3-5-inch-blue-clear-glass-spoon-pipes\/","og_locale":"es_ES","og_type":"article","og_title":"3.5 Inch Blue Clear Glass Spoon Pipes","og_description":"This Clear Glass Spoon Pipes is a must have for any glass collection. It has a cool design that will","og_url":"https:\/\/global-hookah.com\/es\/producto\/3-5-inch-blue-clear-glass-spoon-pipes\/","og_site_name":"Global Hookah","article_modified_time":"2024-03-13T00:28:29+00:00","og_image":[{"width":800,"height":800,"url":"https:\/\/global-hookah.com\/wp-content\/uploads\/2023\/01\/\u4e3b\u56fe-08.jpg","type":"image\/jpeg"}],"twitter_card":"summary_large_image","twitter_misc":{"Tiempo de lectura":"1 minuto"},"schema":{"@context":"https:\/\/schema.org","@graph":[{"@type":"WebPage","@id":"https:\/\/global-hookah.com\/product\/3-5-inch-blue-clear-glass-spoon-pipes\/","url":"https:\/\/global-hookah.com\/product\/3-5-inch-blue-clear-glass-spoon-pipes\/","name":"3.5 Pulgadas Azul Claro Cuchara de vidrio Pipes - Global Hookah","isPartOf":{"@id":"https:\/\/global-hookah.com\/#website"},"primaryImageOfPage":{"@id":"https:\/\/global-hookah.com\/product\/3-5-inch-blue-clear-glass-spoon-pipes\/#primaryimage"},"image":{"@id":"https:\/\/global-hookah.com\/product\/3-5-inch-blue-clear-glass-spoon-pipes\/#primaryimage"},"thumbnailUrl":"https:\/\/global-hookah.com\/wp-content\/uploads\/2023\/01\/\u4e3b\u56fe-08.jpg","datePublished":"2023-01-22T08:30:10+00:00","dateModified":"2024-03-13T00:28:29+00:00","breadcrumb":{"@id":"https:\/\/global-hookah.com\/product\/3-5-inch-blue-clear-glass-spoon-pipes\/#breadcrumb"},"inLanguage":"es","potentialAction":[{"@type":"ReadAction","target":["https:\/\/global-hookah.com\/product\/3-5-inch-blue-clear-glass-spoon-pipes\/"]}]},{"@type":"ImageObject","inLanguage":"es","@id":"https:\/\/global-hookah.com\/product\/3-5-inch-blue-clear-glass-spoon-pipes\/#primaryimage","url":"https:\/\/global-hookah.com\/wp-content\/uploads\/2023\/01\/\u4e3b\u56fe-08.jpg","contentUrl":"https:\/\/global-hookah.com\/wp-content\/uploads\/2023\/01\/\u4e3b\u56fe-08.jpg","width":800,"height":800,"caption":"3.5 Inch Blue Clear Glass Spoon Pipes"},{"@type":"BreadcrumbList","@id":"https:\/\/global-hookah.com\/product\/3-5-inch-blue-clear-glass-spoon-pipes\/#breadcrumb","itemListElement":[{"@type":"ListItem","position":1,"name":"Home","item":"https:\/\/global-hookah.com\/"},{"@type":"ListItem","position":2,"name":"Shop","item":"https:\/\/global-hookah.com\/shop\/"},{"@type":"ListItem","position":3,"name":"3.5 Inch Blue Clear Glass Spoon Pipes"}]},{"@type":"WebSite","@id":"https:\/\/global-hookah.com\/#website","url":"https:\/\/global-hookah.com\/","name":"Global Hookah","description":"Global Hookah","publisher":{"@id":"https:\/\/global-hookah.com\/#organization"},"potentialAction":[{"@type":"SearchAction","target":{"@type":"EntryPoint","urlTemplate":"https:\/\/global-hookah.com\/?s={search_term_string}"},"query-input":{"@type":"PropertyValueSpecification","valueRequired":true,"valueName":"search_term_string"}}],"inLanguage":"es"},{"@type":"Organization","@id":"https:\/\/global-hookah.com\/#organization","name":"Global Hookah","url":"https:\/\/global-hookah.com\/","logo":{"@type":"ImageObject","inLanguage":"es","@id":"https:\/\/global-hookah.com\/#\/schema\/logo\/image\/","url":"https:\/\/global-hookah.com\/wp-content\/uploads\/2021\/10\/cropped-fgg.png","contentUrl":"https:\/\/global-hookah.com\/wp-content\/uploads\/2021\/10\/cropped-fgg.png","width":512,"height":512,"caption":"Global Hookah"},"image":{"@id":"https:\/\/global-hookah.com\/#\/schema\/logo\/image\/"}}]}},"_links":{"self":[{"href":"https:\/\/global-hookah.com\/es\/wp-json\/wp\/v2\/product\/10155","targetHints":{"allow":["GET"]}}],"collection":[{"href":"https:\/\/global-hookah.com\/es\/wp-json\/wp\/v2\/product"}],"about":[{"href":"https:\/\/global-hookah.com\/es\/wp-json\/wp\/v2\/types\/product"}],"replies":[{"embeddable":true,"href":"https:\/\/global-hookah.com\/es\/wp-json\/wp\/v2\/comments?post=10155"}],"version-history":[{"count":0,"href":"https:\/\/global-hookah.com\/es\/wp-json\/wp\/v2\/product\/10155\/revisions"}],"wp:featuredmedia":[{"embeddable":true,"href":"https:\/\/global-hookah.com\/es\/wp-json\/wp\/v2\/media\/10161"}],"wp:attachment":[{"href":"https:\/\/global-hookah.com\/es\/wp-json\/wp\/v2\/media?parent=10155"}],"wp:term":[{"taxonomy":"product_brand","embeddable":true,"href":"https:\/\/global-hookah.com\/es\/wp-json\/wp\/v2\/product_brand?post=10155"},{"taxonomy":"product_cat","embeddable":true,"href":"https:\/\/global-hookah.com\/es\/wp-json\/wp\/v2\/product_cat?post=10155"},{"taxonomy":"product_tag","embeddable":true,"href":"https:\/\/global-hookah.com\/es\/wp-json\/wp\/v2\/product_tag?post=10155"}],"curies":[{"name":"wp","href":"https:\/\/api.w.org\/{rel}","templated":true}]}}