{"id":10176,"date":"2023-01-23T04:13:35","date_gmt":"2023-01-23T04:13:35","guid":{"rendered":"https:\/\/global-hookah.com\/?post_type=product&#038;p=10176"},"modified":"2023-01-23T04:47:24","modified_gmt":"2023-01-23T04:47:24","slug":"cartoon-owl-creative-silicone-herb-pipe","status":"publish","type":"product","link":"https:\/\/global-hookah.com\/es\/producto\/cartoon-owl-creative-silicone-herb-pipe\/","title":{"rendered":"B\u00faho de dibujos animados Pipa de silicona creativa para hierbas"},"content":{"rendered":"<p><strong>B\u00faho de dibujos animados Pipa de silicona creativa para hierbas<\/strong> es una nueva pipa de silicona con forma de b\u00faho. El b\u00faho de dibujos animados creativa pipa de hierbas de silicona tiene un dise\u00f1o ergon\u00f3mico y c\u00f3modo tacto de la mano, para que pueda disfrutar de su tiempo de fumar.<\/p>\n<p>En <strong>B\u00faho de dibujos animados Pipa de silicona creativa para hierbas<\/strong> Se puede utilizar para fumar tabaco o hierbas. Est\u00e1 hecho de material de silicona de grado alimenticio, muy seguro de usar. Se puede limpiar con alcohol o agua despu\u00e9s de cada uso.<\/p>\n<p>El dise\u00f1o de b\u00faho de dibujos animados en el tubo hace que se vea muy adorable y fresco. Puedes llevar esta pipa de silicona a cualquier parte porque es muy port\u00e1til y peque\u00f1a. Incluso puede ponerlo en su bolsillo o bolso sin preocuparse de que se ensucie o da\u00f1e por cualquier medio.<\/p>\n<p>En <strong>B\u00faho de dibujos animados Pipa de silicona creativa para hierbas<\/strong> viene en diferentes estilos y colores para que usted elija. Usted puede disfrutar de su tiempo de fumar con esta pipa lindo b\u00faho de dibujos animados.<\/p>","protected":false},"excerpt":{"rendered":"<p>Cartoon Owl Creative Silicone Herb Pipe es una nueva pipa de silicona con forma de b\u00faho. El b\u00faho<\/p>","protected":false},"featured_media":10178,"comment_status":"open","ping_status":"closed","template":"","meta":{"iawp_total_views":3,"_joinchat":[]},"product_brand":[],"product_cat":[415],"product_tag":[],"class_list":{"0":"post-10176","1":"product","2":"type-product","3":"status-publish","4":"has-post-thumbnail","6":"product_cat-accessories","8":"first","9":"instock","10":"sale","11":"shipping-taxable","12":"purchasable","13":"product-type-variable"},"yoast_head":"<!-- This site is optimized with the Yoast SEO Premium plugin v24.7 (Yoast SEO v26.8) - https:\/\/yoast.com\/product\/yoast-seo-premium-wordpress\/ -->\n<title>Cartoon Owl Creative Silicone Herb Pipe - Global Hookah<\/title>\n<meta name=\"robots\" content=\"index, follow, max-snippet:-1, max-image-preview:large, max-video-preview:-1\" \/>\n<link rel=\"canonical\" href=\"https:\/\/global-hookah.com\/es\/producto\/cartoon-owl-creative-silicone-herb-pipe\/\" \/>\n<meta property=\"og:locale\" content=\"es_ES\" \/>\n<meta property=\"og:type\" content=\"article\" \/>\n<meta property=\"og:title\" content=\"Cartoon Owl Creative Silicone Herb Pipe\" \/>\n<meta property=\"og:description\" content=\"Cartoon Owl Creative Silicone Herb Pipe is a new style silicone pipe that is shaped like an owl. The Cartoon\" \/>\n<meta property=\"og:url\" content=\"https:\/\/global-hookah.com\/es\/producto\/cartoon-owl-creative-silicone-herb-pipe\/\" \/>\n<meta property=\"og:site_name\" content=\"Global Hookah\" \/>\n<meta property=\"article:modified_time\" content=\"2023-01-23T04:47:24+00:00\" \/>\n<meta property=\"og:image\" content=\"https:\/\/global-hookah.com\/wp-content\/uploads\/2023\/01\/\u4e3b\u56fe-05-6.jpg\" \/>\n\t<meta property=\"og:image:width\" content=\"1000\" \/>\n\t<meta property=\"og:image:height\" content=\"1000\" \/>\n\t<meta property=\"og:image:type\" content=\"image\/jpeg\" \/>\n<meta name=\"twitter:card\" content=\"summary_large_image\" \/>\n<meta name=\"twitter:label1\" content=\"Tiempo de lectura\" \/>\n\t<meta name=\"twitter:data1\" content=\"1 minuto\" \/>\n<script type=\"application\/ld+json\" class=\"yoast-schema-graph\">{\"@context\":\"https:\/\/schema.org\",\"@graph\":[{\"@type\":\"WebPage\",\"@id\":\"https:\/\/global-hookah.com\/product\/cartoon-owl-creative-silicone-herb-pipe\/\",\"url\":\"https:\/\/global-hookah.com\/product\/cartoon-owl-creative-silicone-herb-pipe\/\",\"name\":\"Cartoon Owl Creative Silicone Herb Pipe - Global Hookah\",\"isPartOf\":{\"@id\":\"https:\/\/global-hookah.com\/#website\"},\"primaryImageOfPage\":{\"@id\":\"https:\/\/global-hookah.com\/product\/cartoon-owl-creative-silicone-herb-pipe\/#primaryimage\"},\"image\":{\"@id\":\"https:\/\/global-hookah.com\/product\/cartoon-owl-creative-silicone-herb-pipe\/#primaryimage\"},\"thumbnailUrl\":\"https:\/\/global-hookah.com\/wp-content\/uploads\/2023\/01\/\u4e3b\u56fe-05-6.jpg\",\"datePublished\":\"2023-01-23T04:13:35+00:00\",\"dateModified\":\"2023-01-23T04:47:24+00:00\",\"breadcrumb\":{\"@id\":\"https:\/\/global-hookah.com\/product\/cartoon-owl-creative-silicone-herb-pipe\/#breadcrumb\"},\"inLanguage\":\"es\",\"potentialAction\":[{\"@type\":\"ReadAction\",\"target\":[\"https:\/\/global-hookah.com\/product\/cartoon-owl-creative-silicone-herb-pipe\/\"]}]},{\"@type\":\"ImageObject\",\"inLanguage\":\"es\",\"@id\":\"https:\/\/global-hookah.com\/product\/cartoon-owl-creative-silicone-herb-pipe\/#primaryimage\",\"url\":\"https:\/\/global-hookah.com\/wp-content\/uploads\/2023\/01\/\u4e3b\u56fe-05-6.jpg\",\"contentUrl\":\"https:\/\/global-hookah.com\/wp-content\/uploads\/2023\/01\/\u4e3b\u56fe-05-6.jpg\",\"width\":1000,\"height\":1000,\"caption\":\"Cartoon Owl Creative Silicone Herb Pipe\"},{\"@type\":\"BreadcrumbList\",\"@id\":\"https:\/\/global-hookah.com\/product\/cartoon-owl-creative-silicone-herb-pipe\/#breadcrumb\",\"itemListElement\":[{\"@type\":\"ListItem\",\"position\":1,\"name\":\"Home\",\"item\":\"https:\/\/global-hookah.com\/\"},{\"@type\":\"ListItem\",\"position\":2,\"name\":\"Shop\",\"item\":\"https:\/\/global-hookah.com\/shop\/\"},{\"@type\":\"ListItem\",\"position\":3,\"name\":\"Cartoon Owl Creative Silicone Herb Pipe\"}]},{\"@type\":\"WebSite\",\"@id\":\"https:\/\/global-hookah.com\/#website\",\"url\":\"https:\/\/global-hookah.com\/\",\"name\":\"Global Hookah\",\"description\":\"Global Hookah\",\"publisher\":{\"@id\":\"https:\/\/global-hookah.com\/#organization\"},\"potentialAction\":[{\"@type\":\"SearchAction\",\"target\":{\"@type\":\"EntryPoint\",\"urlTemplate\":\"https:\/\/global-hookah.com\/?s={search_term_string}\"},\"query-input\":{\"@type\":\"PropertyValueSpecification\",\"valueRequired\":true,\"valueName\":\"search_term_string\"}}],\"inLanguage\":\"es\"},{\"@type\":\"Organization\",\"@id\":\"https:\/\/global-hookah.com\/#organization\",\"name\":\"Global Hookah\",\"url\":\"https:\/\/global-hookah.com\/\",\"logo\":{\"@type\":\"ImageObject\",\"inLanguage\":\"es\",\"@id\":\"https:\/\/global-hookah.com\/#\/schema\/logo\/image\/\",\"url\":\"https:\/\/global-hookah.com\/wp-content\/uploads\/2021\/10\/cropped-fgg.png\",\"contentUrl\":\"https:\/\/global-hookah.com\/wp-content\/uploads\/2021\/10\/cropped-fgg.png\",\"width\":512,\"height\":512,\"caption\":\"Global Hookah\"},\"image\":{\"@id\":\"https:\/\/global-hookah.com\/#\/schema\/logo\/image\/\"}}]}<\/script>\n<!-- \/ Yoast SEO Premium plugin. -->","yoast_head_json":{"title":"B\u00faho de dibujos animados pipa de hierba de silicona creativa - Global Hookah","robots":{"index":"index","follow":"follow","max-snippet":"max-snippet:-1","max-image-preview":"max-image-preview:large","max-video-preview":"max-video-preview:-1"},"canonical":"https:\/\/global-hookah.com\/es\/producto\/cartoon-owl-creative-silicone-herb-pipe\/","og_locale":"es_ES","og_type":"article","og_title":"Cartoon Owl Creative Silicone Herb Pipe","og_description":"Cartoon Owl Creative Silicone Herb Pipe is a new style silicone pipe that is shaped like an owl. The Cartoon","og_url":"https:\/\/global-hookah.com\/es\/producto\/cartoon-owl-creative-silicone-herb-pipe\/","og_site_name":"Global Hookah","article_modified_time":"2023-01-23T04:47:24+00:00","og_image":[{"width":1000,"height":1000,"url":"https:\/\/global-hookah.com\/wp-content\/uploads\/2023\/01\/\u4e3b\u56fe-05-6.jpg","type":"image\/jpeg"}],"twitter_card":"summary_large_image","twitter_misc":{"Tiempo de lectura":"1 minuto"},"schema":{"@context":"https:\/\/schema.org","@graph":[{"@type":"WebPage","@id":"https:\/\/global-hookah.com\/product\/cartoon-owl-creative-silicone-herb-pipe\/","url":"https:\/\/global-hookah.com\/product\/cartoon-owl-creative-silicone-herb-pipe\/","name":"B\u00faho de dibujos animados pipa de hierba de silicona creativa - Global Hookah","isPartOf":{"@id":"https:\/\/global-hookah.com\/#website"},"primaryImageOfPage":{"@id":"https:\/\/global-hookah.com\/product\/cartoon-owl-creative-silicone-herb-pipe\/#primaryimage"},"image":{"@id":"https:\/\/global-hookah.com\/product\/cartoon-owl-creative-silicone-herb-pipe\/#primaryimage"},"thumbnailUrl":"https:\/\/global-hookah.com\/wp-content\/uploads\/2023\/01\/\u4e3b\u56fe-05-6.jpg","datePublished":"2023-01-23T04:13:35+00:00","dateModified":"2023-01-23T04:47:24+00:00","breadcrumb":{"@id":"https:\/\/global-hookah.com\/product\/cartoon-owl-creative-silicone-herb-pipe\/#breadcrumb"},"inLanguage":"es","potentialAction":[{"@type":"ReadAction","target":["https:\/\/global-hookah.com\/product\/cartoon-owl-creative-silicone-herb-pipe\/"]}]},{"@type":"ImageObject","inLanguage":"es","@id":"https:\/\/global-hookah.com\/product\/cartoon-owl-creative-silicone-herb-pipe\/#primaryimage","url":"https:\/\/global-hookah.com\/wp-content\/uploads\/2023\/01\/\u4e3b\u56fe-05-6.jpg","contentUrl":"https:\/\/global-hookah.com\/wp-content\/uploads\/2023\/01\/\u4e3b\u56fe-05-6.jpg","width":1000,"height":1000,"caption":"Cartoon Owl Creative Silicone Herb Pipe"},{"@type":"BreadcrumbList","@id":"https:\/\/global-hookah.com\/product\/cartoon-owl-creative-silicone-herb-pipe\/#breadcrumb","itemListElement":[{"@type":"ListItem","position":1,"name":"Home","item":"https:\/\/global-hookah.com\/"},{"@type":"ListItem","position":2,"name":"Shop","item":"https:\/\/global-hookah.com\/shop\/"},{"@type":"ListItem","position":3,"name":"Cartoon Owl Creative Silicone Herb Pipe"}]},{"@type":"WebSite","@id":"https:\/\/global-hookah.com\/#website","url":"https:\/\/global-hookah.com\/","name":"Global Hookah","description":"Global Hookah","publisher":{"@id":"https:\/\/global-hookah.com\/#organization"},"potentialAction":[{"@type":"SearchAction","target":{"@type":"EntryPoint","urlTemplate":"https:\/\/global-hookah.com\/?s={search_term_string}"},"query-input":{"@type":"PropertyValueSpecification","valueRequired":true,"valueName":"search_term_string"}}],"inLanguage":"es"},{"@type":"Organization","@id":"https:\/\/global-hookah.com\/#organization","name":"Global Hookah","url":"https:\/\/global-hookah.com\/","logo":{"@type":"ImageObject","inLanguage":"es","@id":"https:\/\/global-hookah.com\/#\/schema\/logo\/image\/","url":"https:\/\/global-hookah.com\/wp-content\/uploads\/2021\/10\/cropped-fgg.png","contentUrl":"https:\/\/global-hookah.com\/wp-content\/uploads\/2021\/10\/cropped-fgg.png","width":512,"height":512,"caption":"Global Hookah"},"image":{"@id":"https:\/\/global-hookah.com\/#\/schema\/logo\/image\/"}}]}},"_links":{"self":[{"href":"https:\/\/global-hookah.com\/es\/wp-json\/wp\/v2\/product\/10176","targetHints":{"allow":["GET"]}}],"collection":[{"href":"https:\/\/global-hookah.com\/es\/wp-json\/wp\/v2\/product"}],"about":[{"href":"https:\/\/global-hookah.com\/es\/wp-json\/wp\/v2\/types\/product"}],"replies":[{"embeddable":true,"href":"https:\/\/global-hookah.com\/es\/wp-json\/wp\/v2\/comments?post=10176"}],"version-history":[{"count":0,"href":"https:\/\/global-hookah.com\/es\/wp-json\/wp\/v2\/product\/10176\/revisions"}],"wp:featuredmedia":[{"embeddable":true,"href":"https:\/\/global-hookah.com\/es\/wp-json\/wp\/v2\/media\/10178"}],"wp:attachment":[{"href":"https:\/\/global-hookah.com\/es\/wp-json\/wp\/v2\/media?parent=10176"}],"wp:term":[{"taxonomy":"product_brand","embeddable":true,"href":"https:\/\/global-hookah.com\/es\/wp-json\/wp\/v2\/product_brand?post=10176"},{"taxonomy":"product_cat","embeddable":true,"href":"https:\/\/global-hookah.com\/es\/wp-json\/wp\/v2\/product_cat?post=10176"},{"taxonomy":"product_tag","embeddable":true,"href":"https:\/\/global-hookah.com\/es\/wp-json\/wp\/v2\/product_tag?post=10176"}],"curies":[{"name":"wp","href":"https:\/\/api.w.org\/{rel}","templated":true}]}}