{"id":10238,"date":"2023-01-23T09:51:31","date_gmt":"2023-01-23T09:51:31","guid":{"rendered":"https:\/\/global-hookah.com\/product\/arab-eagle-small-hookah-shisha-pipe-set-with-hookah-hose\/"},"modified":"2024-01-12T04:00:06","modified_gmt":"2024-01-12T04:00:06","slug":"arab-eagle-small-hookah-shisha-pipe-set-with-hookah-hose","status":"publish","type":"product","link":"https:\/\/global-hookah.com\/es\/producto\/arab-eagle-small-hookah-shisha-pipe-set-with-hookah-hose\/","title":{"rendered":"\u00c1guila \u00c1rabe Peque\u00f1a Hookah Shisha Pipe Set Con Hookah Manguera"},"content":{"rendered":"<div class=\"product-specs-list-container\">\n<p><strong>\u00c1guila \u00c1rabe Peque\u00f1a Hookah Shisha Pipe Set Con Hookah Manguera<\/strong> es una gran opci\u00f3n tanto para principiantes como para fumadores de narguile experimentados. Esta pipa de humo \u00e1rabe viene con una cazoleta y una manguera a juego, que est\u00e1n hechas de vidrio de alta calidad, para que pueda disfrutar de su narguile sin preocuparse de ning\u00fan problema. Este <strong>juego de pipas hookah peque\u00f1as<\/strong> Tambi\u00e9n es muy f\u00e1cil de limpiar y mantener, por lo que es la elecci\u00f3n perfecta para cualquiera que quiera disfrutar de su narguile sin complicaciones.<\/p>\n<\/div>\n<p>La duraci\u00f3n de este <strong>shisha \u00e1rabe<\/strong> es de aproximadamente 11 pies. La cazoleta puede contener hasta 50 gramos de tabaco u otras mezclas. La bandeja para el carb\u00f3n est\u00e1 hecha de acero inoxidable pulido y mantiene el carb\u00f3n ardiendo uniformemente durante toda la sesi\u00f3n de fumado. Este <strong>Pipa de narguile peque\u00f1a<\/strong> puede utilizarse con una sola manguera o <a href=\"https:\/\/global-hookah.com\/product-category\/hookah-parts\/\">manguera doble<\/a>ya que viene con un adaptador.<\/p>\n<p><span style=\"font-size: 26.0pt; color: #ffff00; background-color: #ff0000;\"><span style=\"font-size: 26.0pt; color: #ffff00; background-color: #ff0000;\"><img fetchpriority=\"high\" decoding=\"async\" src=\"https:\/\/ae01.alicdn.com\/kf\/S107cd783c76f4d42b1e5b10507de3642C.jpg?width=800&amp;height=800&amp;hash=1600\" width=\"790\" height=\"790\" \/><\/span><br \/>\n<img decoding=\"async\" src=\"https:\/\/ae03.alicdn.com\/kf\/Sc55260c4c9af48efb4ddf9e7aabaedd5Z.jpg\" width=\"790\" height=\"790\" \/><br \/>\n<img decoding=\"async\" src=\"https:\/\/ae03.alicdn.com\/kf\/S98e36e4f1d254dcaa55c0ffa75cce3afk.jpg\" width=\"790\" height=\"790\" \/><span style=\"font-size: 26.0pt; color: #ffff00; background-color: #ff0000;\"><img loading=\"lazy\" decoding=\"async\" src=\"https:\/\/ae03.alicdn.com\/kf\/S70397cd898f04967be84a95143f81cd6X.jpg\" width=\"790\" height=\"790\" \/><\/span><span style=\"font-size: 26.0pt; color: #ffff00; background-color: #ff0000;\"><img loading=\"lazy\" decoding=\"async\" src=\"https:\/\/ae01.alicdn.com\/kf\/Sc93d04fd535749b794ebb4f42b137d10q.jpg?width=800&amp;height=800&amp;hash=1600\" width=\"790\" height=\"790\" \/><span style=\"font-size: 26.0pt; color: #ffff00; background-color: #ff0000;\"><img loading=\"lazy\" decoding=\"async\" src=\"https:\/\/ae03.alicdn.com\/kf\/S4d85e8aae9344d9c88c63cda57ebc5b01.jpg\" width=\"790\" height=\"790\" \/><\/span><\/span><span style=\"font-size: 26.0pt; color: #ffff00; background-color: #ff0000;\"><img loading=\"lazy\" decoding=\"async\" src=\"https:\/\/ae03.alicdn.com\/kf\/Saa628e649cf044b29b13edb7002cae532.jpg\" width=\"790\" height=\"790\" \/><\/span><span style=\"font-size: 26.0pt; color: #ffff00; background-color: #ff0000;\"><img loading=\"lazy\" decoding=\"async\" src=\"https:\/\/ae03.alicdn.com\/kf\/S5a4b9600f0f94adbab899abde2642f2dr.jpg\" width=\"790\" height=\"790\" \/><\/span><\/span><\/p>","protected":false},"excerpt":{"rendered":"<p>\u00c1guila \u00c1rabe Peque\u00f1o Hookah Shisha Pipe Set Con Hookah Manguera es una gran opci\u00f3n tanto para principiantes y experimentados hookah<\/p>","protected":false},"featured_media":10239,"comment_status":"open","ping_status":"closed","template":"","meta":{"iawp_total_views":34,"_joinchat":[]},"product_brand":[],"product_cat":[415,560],"product_tag":[],"class_list":{"0":"post-10238","1":"product","2":"type-product","3":"status-publish","4":"has-post-thumbnail","6":"product_cat-accessories","7":"product_cat-glass-hookah-wholesale","9":"first","10":"instock","11":"sale","12":"shipping-taxable","13":"purchasable","14":"product-type-variable"},"yoast_head":"<!-- This site is optimized with the Yoast SEO Premium plugin v24.7 (Yoast SEO v26.8) - https:\/\/yoast.com\/product\/yoast-seo-premium-wordpress\/ -->\n<title>Arab Eagle Small Hookah Shisha Pipe Set With Hookah Hose - Global Hookah<\/title>\n<meta name=\"robots\" content=\"index, follow, max-snippet:-1, max-image-preview:large, max-video-preview:-1\" \/>\n<link rel=\"canonical\" href=\"https:\/\/global-hookah.com\/es\/ru\/\u043f\u0440\u043e\u0434\u0443\u043a\u0442\/arab-eagle-small-hookah-shisha-pipe-set-with-hookah-hose\/\" \/>\n<meta property=\"og:locale\" content=\"es_ES\" \/>\n<meta property=\"og:type\" content=\"article\" \/>\n<meta property=\"og:title\" content=\"Arab Eagle Small Hookah Shisha Pipe Set With Hookah Hose\" \/>\n<meta property=\"og:description\" content=\"Arab Eagle Small Hookah Shisha Pipe Set With Hookah Hose is a great choice for both beginners and experienced hookah\" \/>\n<meta property=\"og:url\" content=\"https:\/\/global-hookah.com\/es\/ru\/\u043f\u0440\u043e\u0434\u0443\u043a\u0442\/arab-eagle-small-hookah-shisha-pipe-set-with-hookah-hose\/\" \/>\n<meta property=\"og:site_name\" content=\"Global Hookah\" \/>\n<meta property=\"article:modified_time\" content=\"2024-01-12T04:00:06+00:00\" \/>\n<meta property=\"og:image\" content=\"https:\/\/global-hookah.com\/wp-content\/uploads\/2023\/01\/Arab-Eagle-Small-Hookah-Shisha-Pipe-Set-With-Hookah-Hose-Ceramic-Bowl-Cachimba-Nargile-Sheesha-Narguile.jpg\" \/>\n\t<meta property=\"og:image:width\" content=\"800\" \/>\n\t<meta property=\"og:image:height\" content=\"800\" \/>\n\t<meta property=\"og:image:type\" content=\"image\/jpeg\" \/>\n<meta name=\"twitter:card\" content=\"summary_large_image\" \/>\n<meta name=\"twitter:label1\" content=\"Tiempo de lectura\" \/>\n\t<meta name=\"twitter:data1\" content=\"3 minutos\" \/>\n<script type=\"application\/ld+json\" class=\"yoast-schema-graph\">{\"@context\":\"https:\/\/schema.org\",\"@graph\":[{\"@type\":\"WebPage\",\"@id\":\"https:\/\/global-hookah.com\/ru\/\u043f\u0440\u043e\u0434\u0443\u043a\u0442\/arab-eagle-small-hookah-shisha-pipe-set-with-hookah-hose\/\",\"url\":\"https:\/\/global-hookah.com\/ru\/\u043f\u0440\u043e\u0434\u0443\u043a\u0442\/arab-eagle-small-hookah-shisha-pipe-set-with-hookah-hose\/\",\"name\":\"Arab Eagle Small Hookah Shisha Pipe Set With Hookah Hose - Global Hookah\",\"isPartOf\":{\"@id\":\"https:\/\/global-hookah.com\/#website\"},\"primaryImageOfPage\":{\"@id\":\"https:\/\/global-hookah.com\/ru\/\u043f\u0440\u043e\u0434\u0443\u043a\u0442\/arab-eagle-small-hookah-shisha-pipe-set-with-hookah-hose\/#primaryimage\"},\"image\":{\"@id\":\"https:\/\/global-hookah.com\/ru\/\u043f\u0440\u043e\u0434\u0443\u043a\u0442\/arab-eagle-small-hookah-shisha-pipe-set-with-hookah-hose\/#primaryimage\"},\"thumbnailUrl\":\"https:\/\/global-hookah.com\/wp-content\/uploads\/2023\/01\/Arab-Eagle-Small-Hookah-Shisha-Pipe-Set-With-Hookah-Hose-Ceramic-Bowl-Cachimba-Nargile-Sheesha-Narguile.jpg\",\"datePublished\":\"2023-01-23T09:51:31+00:00\",\"dateModified\":\"2024-01-12T04:00:06+00:00\",\"breadcrumb\":{\"@id\":\"https:\/\/global-hookah.com\/ru\/\u043f\u0440\u043e\u0434\u0443\u043a\u0442\/arab-eagle-small-hookah-shisha-pipe-set-with-hookah-hose\/#breadcrumb\"},\"inLanguage\":\"es\",\"potentialAction\":[{\"@type\":\"ReadAction\",\"target\":[\"https:\/\/global-hookah.com\/ru\/\u043f\u0440\u043e\u0434\u0443\u043a\u0442\/arab-eagle-small-hookah-shisha-pipe-set-with-hookah-hose\/\"]}]},{\"@type\":\"ImageObject\",\"inLanguage\":\"es\",\"@id\":\"https:\/\/global-hookah.com\/ru\/\u043f\u0440\u043e\u0434\u0443\u043a\u0442\/arab-eagle-small-hookah-shisha-pipe-set-with-hookah-hose\/#primaryimage\",\"url\":\"https:\/\/global-hookah.com\/wp-content\/uploads\/2023\/01\/Arab-Eagle-Small-Hookah-Shisha-Pipe-Set-With-Hookah-Hose-Ceramic-Bowl-Cachimba-Nargile-Sheesha-Narguile.jpg\",\"contentUrl\":\"https:\/\/global-hookah.com\/wp-content\/uploads\/2023\/01\/Arab-Eagle-Small-Hookah-Shisha-Pipe-Set-With-Hookah-Hose-Ceramic-Bowl-Cachimba-Nargile-Sheesha-Narguile.jpg\",\"width\":800,\"height\":800,\"caption\":\"Small Hookah Shisha Pipe Set\"},{\"@type\":\"BreadcrumbList\",\"@id\":\"https:\/\/global-hookah.com\/ru\/\u043f\u0440\u043e\u0434\u0443\u043a\u0442\/arab-eagle-small-hookah-shisha-pipe-set-with-hookah-hose\/#breadcrumb\",\"itemListElement\":[{\"@type\":\"ListItem\",\"position\":1,\"name\":\"Home\",\"item\":\"https:\/\/global-hookah.com\/\"},{\"@type\":\"ListItem\",\"position\":2,\"name\":\"Shop\",\"item\":\"https:\/\/global-hookah.com\/shop\/\"},{\"@type\":\"ListItem\",\"position\":3,\"name\":\"Arab Eagle Small Hookah Shisha Pipe Set With Hookah Hose\"}]},{\"@type\":\"WebSite\",\"@id\":\"https:\/\/global-hookah.com\/#website\",\"url\":\"https:\/\/global-hookah.com\/\",\"name\":\"Global Hookah\",\"description\":\"Global Hookah\",\"publisher\":{\"@id\":\"https:\/\/global-hookah.com\/#organization\"},\"potentialAction\":[{\"@type\":\"SearchAction\",\"target\":{\"@type\":\"EntryPoint\",\"urlTemplate\":\"https:\/\/global-hookah.com\/?s={search_term_string}\"},\"query-input\":{\"@type\":\"PropertyValueSpecification\",\"valueRequired\":true,\"valueName\":\"search_term_string\"}}],\"inLanguage\":\"es\"},{\"@type\":\"Organization\",\"@id\":\"https:\/\/global-hookah.com\/#organization\",\"name\":\"Global Hookah\",\"url\":\"https:\/\/global-hookah.com\/\",\"logo\":{\"@type\":\"ImageObject\",\"inLanguage\":\"es\",\"@id\":\"https:\/\/global-hookah.com\/#\/schema\/logo\/image\/\",\"url\":\"https:\/\/global-hookah.com\/wp-content\/uploads\/2021\/10\/cropped-fgg.png\",\"contentUrl\":\"https:\/\/global-hookah.com\/wp-content\/uploads\/2021\/10\/cropped-fgg.png\",\"width\":512,\"height\":512,\"caption\":\"Global Hookah\"},\"image\":{\"@id\":\"https:\/\/global-hookah.com\/#\/schema\/logo\/image\/\"}}]}<\/script>\n<!-- \/ Yoast SEO Premium plugin. -->","yoast_head_json":{"title":"\u00c1guila \u00c1rabe Peque\u00f1a Hookah Shisha Pipe Set Con Hookah Manguera - Global Hookah","robots":{"index":"index","follow":"follow","max-snippet":"max-snippet:-1","max-image-preview":"max-image-preview:large","max-video-preview":"max-video-preview:-1"},"canonical":"https:\/\/global-hookah.com\/es\/ru\/\u043f\u0440\u043e\u0434\u0443\u043a\u0442\/arab-eagle-small-hookah-shisha-pipe-set-with-hookah-hose\/","og_locale":"es_ES","og_type":"article","og_title":"Arab Eagle Small Hookah Shisha Pipe Set With Hookah Hose","og_description":"Arab Eagle Small Hookah Shisha Pipe Set With Hookah Hose is a great choice for both beginners and experienced hookah","og_url":"https:\/\/global-hookah.com\/es\/ru\/\u043f\u0440\u043e\u0434\u0443\u043a\u0442\/arab-eagle-small-hookah-shisha-pipe-set-with-hookah-hose\/","og_site_name":"Global Hookah","article_modified_time":"2024-01-12T04:00:06+00:00","og_image":[{"width":800,"height":800,"url":"https:\/\/global-hookah.com\/wp-content\/uploads\/2023\/01\/Arab-Eagle-Small-Hookah-Shisha-Pipe-Set-With-Hookah-Hose-Ceramic-Bowl-Cachimba-Nargile-Sheesha-Narguile.jpg","type":"image\/jpeg"}],"twitter_card":"summary_large_image","twitter_misc":{"Tiempo de lectura":"3 minutos"},"schema":{"@context":"https:\/\/schema.org","@graph":[{"@type":"WebPage","@id":"https:\/\/global-hookah.com\/ru\/\u043f\u0440\u043e\u0434\u0443\u043a\u0442\/arab-eagle-small-hookah-shisha-pipe-set-with-hookah-hose\/","url":"https:\/\/global-hookah.com\/ru\/\u043f\u0440\u043e\u0434\u0443\u043a\u0442\/arab-eagle-small-hookah-shisha-pipe-set-with-hookah-hose\/","name":"\u00c1guila \u00c1rabe Peque\u00f1a Hookah Shisha Pipe Set Con Hookah Manguera - Global Hookah","isPartOf":{"@id":"https:\/\/global-hookah.com\/#website"},"primaryImageOfPage":{"@id":"https:\/\/global-hookah.com\/ru\/\u043f\u0440\u043e\u0434\u0443\u043a\u0442\/arab-eagle-small-hookah-shisha-pipe-set-with-hookah-hose\/#primaryimage"},"image":{"@id":"https:\/\/global-hookah.com\/ru\/\u043f\u0440\u043e\u0434\u0443\u043a\u0442\/arab-eagle-small-hookah-shisha-pipe-set-with-hookah-hose\/#primaryimage"},"thumbnailUrl":"https:\/\/global-hookah.com\/wp-content\/uploads\/2023\/01\/Arab-Eagle-Small-Hookah-Shisha-Pipe-Set-With-Hookah-Hose-Ceramic-Bowl-Cachimba-Nargile-Sheesha-Narguile.jpg","datePublished":"2023-01-23T09:51:31+00:00","dateModified":"2024-01-12T04:00:06+00:00","breadcrumb":{"@id":"https:\/\/global-hookah.com\/ru\/\u043f\u0440\u043e\u0434\u0443\u043a\u0442\/arab-eagle-small-hookah-shisha-pipe-set-with-hookah-hose\/#breadcrumb"},"inLanguage":"es","potentialAction":[{"@type":"ReadAction","target":["https:\/\/global-hookah.com\/ru\/\u043f\u0440\u043e\u0434\u0443\u043a\u0442\/arab-eagle-small-hookah-shisha-pipe-set-with-hookah-hose\/"]}]},{"@type":"ImageObject","inLanguage":"es","@id":"https:\/\/global-hookah.com\/ru\/\u043f\u0440\u043e\u0434\u0443\u043a\u0442\/arab-eagle-small-hookah-shisha-pipe-set-with-hookah-hose\/#primaryimage","url":"https:\/\/global-hookah.com\/wp-content\/uploads\/2023\/01\/Arab-Eagle-Small-Hookah-Shisha-Pipe-Set-With-Hookah-Hose-Ceramic-Bowl-Cachimba-Nargile-Sheesha-Narguile.jpg","contentUrl":"https:\/\/global-hookah.com\/wp-content\/uploads\/2023\/01\/Arab-Eagle-Small-Hookah-Shisha-Pipe-Set-With-Hookah-Hose-Ceramic-Bowl-Cachimba-Nargile-Sheesha-Narguile.jpg","width":800,"height":800,"caption":"Small Hookah Shisha Pipe Set"},{"@type":"BreadcrumbList","@id":"https:\/\/global-hookah.com\/ru\/\u043f\u0440\u043e\u0434\u0443\u043a\u0442\/arab-eagle-small-hookah-shisha-pipe-set-with-hookah-hose\/#breadcrumb","itemListElement":[{"@type":"ListItem","position":1,"name":"Home","item":"https:\/\/global-hookah.com\/"},{"@type":"ListItem","position":2,"name":"Shop","item":"https:\/\/global-hookah.com\/shop\/"},{"@type":"ListItem","position":3,"name":"Arab Eagle Small Hookah Shisha Pipe Set With Hookah Hose"}]},{"@type":"WebSite","@id":"https:\/\/global-hookah.com\/#website","url":"https:\/\/global-hookah.com\/","name":"Global Hookah","description":"Global Hookah","publisher":{"@id":"https:\/\/global-hookah.com\/#organization"},"potentialAction":[{"@type":"SearchAction","target":{"@type":"EntryPoint","urlTemplate":"https:\/\/global-hookah.com\/?s={search_term_string}"},"query-input":{"@type":"PropertyValueSpecification","valueRequired":true,"valueName":"search_term_string"}}],"inLanguage":"es"},{"@type":"Organization","@id":"https:\/\/global-hookah.com\/#organization","name":"Global Hookah","url":"https:\/\/global-hookah.com\/","logo":{"@type":"ImageObject","inLanguage":"es","@id":"https:\/\/global-hookah.com\/#\/schema\/logo\/image\/","url":"https:\/\/global-hookah.com\/wp-content\/uploads\/2021\/10\/cropped-fgg.png","contentUrl":"https:\/\/global-hookah.com\/wp-content\/uploads\/2021\/10\/cropped-fgg.png","width":512,"height":512,"caption":"Global Hookah"},"image":{"@id":"https:\/\/global-hookah.com\/#\/schema\/logo\/image\/"}}]}},"_links":{"self":[{"href":"https:\/\/global-hookah.com\/es\/wp-json\/wp\/v2\/product\/10238","targetHints":{"allow":["GET"]}}],"collection":[{"href":"https:\/\/global-hookah.com\/es\/wp-json\/wp\/v2\/product"}],"about":[{"href":"https:\/\/global-hookah.com\/es\/wp-json\/wp\/v2\/types\/product"}],"replies":[{"embeddable":true,"href":"https:\/\/global-hookah.com\/es\/wp-json\/wp\/v2\/comments?post=10238"}],"version-history":[{"count":0,"href":"https:\/\/global-hookah.com\/es\/wp-json\/wp\/v2\/product\/10238\/revisions"}],"wp:featuredmedia":[{"embeddable":true,"href":"https:\/\/global-hookah.com\/es\/wp-json\/wp\/v2\/media\/10239"}],"wp:attachment":[{"href":"https:\/\/global-hookah.com\/es\/wp-json\/wp\/v2\/media?parent=10238"}],"wp:term":[{"taxonomy":"product_brand","embeddable":true,"href":"https:\/\/global-hookah.com\/es\/wp-json\/wp\/v2\/product_brand?post=10238"},{"taxonomy":"product_cat","embeddable":true,"href":"https:\/\/global-hookah.com\/es\/wp-json\/wp\/v2\/product_cat?post=10238"},{"taxonomy":"product_tag","embeddable":true,"href":"https:\/\/global-hookah.com\/es\/wp-json\/wp\/v2\/product_tag?post=10238"}],"curies":[{"name":"wp","href":"https:\/\/api.w.org\/{rel}","templated":true}]}}