{"id":10257,"date":"2023-01-24T04:34:08","date_gmt":"2023-01-24T04:34:08","guid":{"rendered":"https:\/\/global-hookah.com\/?post_type=product&#038;p=10257"},"modified":"2024-03-13T00:28:29","modified_gmt":"2024-03-13T00:28:29","slug":"zinc-alloy-herbal-hookah-shisha-with-pvc-hose","status":"publish","type":"product","link":"https:\/\/global-hookah.com\/es\/producto\/zinc-alloy-herbal-hookah-shisha-with-pvc-hose\/","title":{"rendered":"Aleaci\u00f3n De Zinc Herbal Hookah Shisha Con Manguera De Pvc"},"content":{"rendered":"<p>Se trata de un <strong>Shisha Hookah de hierbas de aleaci\u00f3n de zinc<\/strong> con un bello aspecto. Est\u00e1 fabricada en aleaci\u00f3n de zinc macizo y cuenta con un cuenco de cristal y un v\u00e1stago de acero inoxidable. El <strong>Shisha Hookah de hierbas de aleaci\u00f3n de zinc<\/strong> tiene un dise\u00f1o ergon\u00f3mico que lo hace muy c\u00f3modo de sujetar y usar y est\u00e1 recubierto de color plateado, lo que le da un aspecto muy lujoso. Consta de un cabezal, un cuerpo y un <a href=\"https:\/\/global-hookah.com\/product-category\/hookah-parts\/\">manguera<\/a>. La cabeza contiene la cazoleta, donde se quema el tabaco u otras sustancias, y una abertura para introducir el humo en la boca.<\/p>\n<p>Puede inhalar el mejor de los sabores con este <strong>Shisha de hierbas Hookah<\/strong>. Y nuestro <strong>narguile de hierbas<\/strong> se puede utilizar para una variedad de hierbas y especias como tabaco, cannabis, kief y m\u00e1s. Y viene con un estuche de almacenamiento que hace que sea conveniente para llevar a todas partes . Tambi\u00e9n puede almacenar otras cosas en ella cuando no est\u00e9 en uso.<\/p>\n<p>Este <strong>narguile de hierbas\u00a0<\/strong>ha sido dise\u00f1ado para ofrecerle la mejor experiencia de fumar sin tener que preocuparse acerca de cualquier producto qu\u00edmico nocivo o aditivos que podr\u00edan estar presentes en las shishas tradicionales o e-cigarrillos. \u00a1Tambi\u00e9n es perfecto para aquellos que buscan una radici\u00f3n m\u00e1s saludable, ya que no hay productos qu\u00edmicos nocivos involucrados durante el uso de este dispositivo sea lo que sea!<\/p>","protected":false},"excerpt":{"rendered":"<p>Se trata de una aleaci\u00f3n de zinc Herbal Hookah Shisha con un aspecto hermoso. Est\u00e1 hecho de aleaci\u00f3n de zinc s\u00f3lido y<\/p>","protected":false},"featured_media":10263,"comment_status":"open","ping_status":"closed","template":"","meta":{"iawp_total_views":4,"_joinchat":[]},"product_brand":[],"product_cat":[415,560],"product_tag":[],"class_list":{"0":"post-10257","1":"product","2":"type-product","3":"status-publish","4":"has-post-thumbnail","6":"product_cat-accessories","7":"product_cat-glass-hookah-wholesale","9":"first","10":"instock","11":"sale","12":"shipping-taxable","13":"purchasable","14":"product-type-simple"},"yoast_head":"<!-- This site is optimized with the Yoast SEO Premium plugin v24.7 (Yoast SEO v26.8) - https:\/\/yoast.com\/product\/yoast-seo-premium-wordpress\/ -->\n<title>Zinc Alloy Herbal Hookah Shisha With Pvc Hose - Global Hookah<\/title>\n<meta name=\"robots\" content=\"index, follow, max-snippet:-1, max-image-preview:large, max-video-preview:-1\" \/>\n<link rel=\"canonical\" href=\"https:\/\/global-hookah.com\/es\/producto\/zinc-alloy-herbal-hookah-shisha-with-pvc-hose\/\" \/>\n<meta property=\"og:locale\" content=\"es_ES\" \/>\n<meta property=\"og:type\" content=\"article\" \/>\n<meta property=\"og:title\" content=\"Zinc Alloy Herbal Hookah Shisha With Pvc Hose\" \/>\n<meta property=\"og:description\" content=\"This is a Zinc Alloy Herbal Hookah Shisha with a beautiful appearance. It is made of solid zinc alloy and\" \/>\n<meta property=\"og:url\" content=\"https:\/\/global-hookah.com\/es\/producto\/zinc-alloy-herbal-hookah-shisha-with-pvc-hose\/\" \/>\n<meta property=\"og:site_name\" content=\"Global Hookah\" \/>\n<meta property=\"article:modified_time\" content=\"2024-03-13T00:28:29+00:00\" \/>\n<meta property=\"og:image\" content=\"https:\/\/global-hookah.com\/wp-content\/uploads\/2023\/01\/Main-07.jpg\" \/>\n\t<meta property=\"og:image:width\" content=\"1000\" \/>\n\t<meta property=\"og:image:height\" content=\"1000\" \/>\n\t<meta property=\"og:image:type\" content=\"image\/jpeg\" \/>\n<meta name=\"twitter:card\" content=\"summary_large_image\" \/>\n<meta name=\"twitter:label1\" content=\"Tiempo de lectura\" \/>\n\t<meta name=\"twitter:data1\" content=\"1 minuto\" \/>\n<script type=\"application\/ld+json\" class=\"yoast-schema-graph\">{\"@context\":\"https:\/\/schema.org\",\"@graph\":[{\"@type\":\"WebPage\",\"@id\":\"https:\/\/global-hookah.com\/product\/zinc-alloy-herbal-hookah-shisha-with-pvc-hose\/\",\"url\":\"https:\/\/global-hookah.com\/product\/zinc-alloy-herbal-hookah-shisha-with-pvc-hose\/\",\"name\":\"Zinc Alloy Herbal Hookah Shisha With Pvc Hose - Global Hookah\",\"isPartOf\":{\"@id\":\"https:\/\/global-hookah.com\/#website\"},\"primaryImageOfPage\":{\"@id\":\"https:\/\/global-hookah.com\/product\/zinc-alloy-herbal-hookah-shisha-with-pvc-hose\/#primaryimage\"},\"image\":{\"@id\":\"https:\/\/global-hookah.com\/product\/zinc-alloy-herbal-hookah-shisha-with-pvc-hose\/#primaryimage\"},\"thumbnailUrl\":\"https:\/\/global-hookah.com\/wp-content\/uploads\/2023\/01\/Main-07.jpg\",\"datePublished\":\"2023-01-24T04:34:08+00:00\",\"dateModified\":\"2024-03-13T00:28:29+00:00\",\"breadcrumb\":{\"@id\":\"https:\/\/global-hookah.com\/product\/zinc-alloy-herbal-hookah-shisha-with-pvc-hose\/#breadcrumb\"},\"inLanguage\":\"es\",\"potentialAction\":[{\"@type\":\"ReadAction\",\"target\":[\"https:\/\/global-hookah.com\/product\/zinc-alloy-herbal-hookah-shisha-with-pvc-hose\/\"]}]},{\"@type\":\"ImageObject\",\"inLanguage\":\"es\",\"@id\":\"https:\/\/global-hookah.com\/product\/zinc-alloy-herbal-hookah-shisha-with-pvc-hose\/#primaryimage\",\"url\":\"https:\/\/global-hookah.com\/wp-content\/uploads\/2023\/01\/Main-07.jpg\",\"contentUrl\":\"https:\/\/global-hookah.com\/wp-content\/uploads\/2023\/01\/Main-07.jpg\",\"width\":1000,\"height\":1000,\"caption\":\"Herbal Hookah Shisha\"},{\"@type\":\"BreadcrumbList\",\"@id\":\"https:\/\/global-hookah.com\/product\/zinc-alloy-herbal-hookah-shisha-with-pvc-hose\/#breadcrumb\",\"itemListElement\":[{\"@type\":\"ListItem\",\"position\":1,\"name\":\"Home\",\"item\":\"https:\/\/global-hookah.com\/\"},{\"@type\":\"ListItem\",\"position\":2,\"name\":\"Shop\",\"item\":\"https:\/\/global-hookah.com\/shop\/\"},{\"@type\":\"ListItem\",\"position\":3,\"name\":\"Zinc Alloy Herbal Hookah Shisha With Pvc Hose\"}]},{\"@type\":\"WebSite\",\"@id\":\"https:\/\/global-hookah.com\/#website\",\"url\":\"https:\/\/global-hookah.com\/\",\"name\":\"Global Hookah\",\"description\":\"Global Hookah\",\"publisher\":{\"@id\":\"https:\/\/global-hookah.com\/#organization\"},\"potentialAction\":[{\"@type\":\"SearchAction\",\"target\":{\"@type\":\"EntryPoint\",\"urlTemplate\":\"https:\/\/global-hookah.com\/?s={search_term_string}\"},\"query-input\":{\"@type\":\"PropertyValueSpecification\",\"valueRequired\":true,\"valueName\":\"search_term_string\"}}],\"inLanguage\":\"es\"},{\"@type\":\"Organization\",\"@id\":\"https:\/\/global-hookah.com\/#organization\",\"name\":\"Global Hookah\",\"url\":\"https:\/\/global-hookah.com\/\",\"logo\":{\"@type\":\"ImageObject\",\"inLanguage\":\"es\",\"@id\":\"https:\/\/global-hookah.com\/#\/schema\/logo\/image\/\",\"url\":\"https:\/\/global-hookah.com\/wp-content\/uploads\/2021\/10\/cropped-fgg.png\",\"contentUrl\":\"https:\/\/global-hookah.com\/wp-content\/uploads\/2021\/10\/cropped-fgg.png\",\"width\":512,\"height\":512,\"caption\":\"Global Hookah\"},\"image\":{\"@id\":\"https:\/\/global-hookah.com\/#\/schema\/logo\/image\/\"}}]}<\/script>\n<!-- \/ Yoast SEO Premium plugin. -->","yoast_head_json":{"title":"Aleaci\u00f3n de Zinc Herbal Hookah Shisha Con Pvc Manguera - Global Hookah","robots":{"index":"index","follow":"follow","max-snippet":"max-snippet:-1","max-image-preview":"max-image-preview:large","max-video-preview":"max-video-preview:-1"},"canonical":"https:\/\/global-hookah.com\/es\/producto\/zinc-alloy-herbal-hookah-shisha-with-pvc-hose\/","og_locale":"es_ES","og_type":"article","og_title":"Zinc Alloy Herbal Hookah Shisha With Pvc Hose","og_description":"This is a Zinc Alloy Herbal Hookah Shisha with a beautiful appearance. It is made of solid zinc alloy and","og_url":"https:\/\/global-hookah.com\/es\/producto\/zinc-alloy-herbal-hookah-shisha-with-pvc-hose\/","og_site_name":"Global Hookah","article_modified_time":"2024-03-13T00:28:29+00:00","og_image":[{"width":1000,"height":1000,"url":"https:\/\/global-hookah.com\/wp-content\/uploads\/2023\/01\/Main-07.jpg","type":"image\/jpeg"}],"twitter_card":"summary_large_image","twitter_misc":{"Tiempo de lectura":"1 minuto"},"schema":{"@context":"https:\/\/schema.org","@graph":[{"@type":"WebPage","@id":"https:\/\/global-hookah.com\/product\/zinc-alloy-herbal-hookah-shisha-with-pvc-hose\/","url":"https:\/\/global-hookah.com\/product\/zinc-alloy-herbal-hookah-shisha-with-pvc-hose\/","name":"Aleaci\u00f3n de Zinc Herbal Hookah Shisha Con Pvc Manguera - Global Hookah","isPartOf":{"@id":"https:\/\/global-hookah.com\/#website"},"primaryImageOfPage":{"@id":"https:\/\/global-hookah.com\/product\/zinc-alloy-herbal-hookah-shisha-with-pvc-hose\/#primaryimage"},"image":{"@id":"https:\/\/global-hookah.com\/product\/zinc-alloy-herbal-hookah-shisha-with-pvc-hose\/#primaryimage"},"thumbnailUrl":"https:\/\/global-hookah.com\/wp-content\/uploads\/2023\/01\/Main-07.jpg","datePublished":"2023-01-24T04:34:08+00:00","dateModified":"2024-03-13T00:28:29+00:00","breadcrumb":{"@id":"https:\/\/global-hookah.com\/product\/zinc-alloy-herbal-hookah-shisha-with-pvc-hose\/#breadcrumb"},"inLanguage":"es","potentialAction":[{"@type":"ReadAction","target":["https:\/\/global-hookah.com\/product\/zinc-alloy-herbal-hookah-shisha-with-pvc-hose\/"]}]},{"@type":"ImageObject","inLanguage":"es","@id":"https:\/\/global-hookah.com\/product\/zinc-alloy-herbal-hookah-shisha-with-pvc-hose\/#primaryimage","url":"https:\/\/global-hookah.com\/wp-content\/uploads\/2023\/01\/Main-07.jpg","contentUrl":"https:\/\/global-hookah.com\/wp-content\/uploads\/2023\/01\/Main-07.jpg","width":1000,"height":1000,"caption":"Herbal Hookah Shisha"},{"@type":"BreadcrumbList","@id":"https:\/\/global-hookah.com\/product\/zinc-alloy-herbal-hookah-shisha-with-pvc-hose\/#breadcrumb","itemListElement":[{"@type":"ListItem","position":1,"name":"Home","item":"https:\/\/global-hookah.com\/"},{"@type":"ListItem","position":2,"name":"Shop","item":"https:\/\/global-hookah.com\/shop\/"},{"@type":"ListItem","position":3,"name":"Zinc Alloy Herbal Hookah Shisha With Pvc Hose"}]},{"@type":"WebSite","@id":"https:\/\/global-hookah.com\/#website","url":"https:\/\/global-hookah.com\/","name":"Global Hookah","description":"Global Hookah","publisher":{"@id":"https:\/\/global-hookah.com\/#organization"},"potentialAction":[{"@type":"SearchAction","target":{"@type":"EntryPoint","urlTemplate":"https:\/\/global-hookah.com\/?s={search_term_string}"},"query-input":{"@type":"PropertyValueSpecification","valueRequired":true,"valueName":"search_term_string"}}],"inLanguage":"es"},{"@type":"Organization","@id":"https:\/\/global-hookah.com\/#organization","name":"Global Hookah","url":"https:\/\/global-hookah.com\/","logo":{"@type":"ImageObject","inLanguage":"es","@id":"https:\/\/global-hookah.com\/#\/schema\/logo\/image\/","url":"https:\/\/global-hookah.com\/wp-content\/uploads\/2021\/10\/cropped-fgg.png","contentUrl":"https:\/\/global-hookah.com\/wp-content\/uploads\/2021\/10\/cropped-fgg.png","width":512,"height":512,"caption":"Global Hookah"},"image":{"@id":"https:\/\/global-hookah.com\/#\/schema\/logo\/image\/"}}]}},"_links":{"self":[{"href":"https:\/\/global-hookah.com\/es\/wp-json\/wp\/v2\/product\/10257","targetHints":{"allow":["GET"]}}],"collection":[{"href":"https:\/\/global-hookah.com\/es\/wp-json\/wp\/v2\/product"}],"about":[{"href":"https:\/\/global-hookah.com\/es\/wp-json\/wp\/v2\/types\/product"}],"replies":[{"embeddable":true,"href":"https:\/\/global-hookah.com\/es\/wp-json\/wp\/v2\/comments?post=10257"}],"version-history":[{"count":0,"href":"https:\/\/global-hookah.com\/es\/wp-json\/wp\/v2\/product\/10257\/revisions"}],"wp:featuredmedia":[{"embeddable":true,"href":"https:\/\/global-hookah.com\/es\/wp-json\/wp\/v2\/media\/10263"}],"wp:attachment":[{"href":"https:\/\/global-hookah.com\/es\/wp-json\/wp\/v2\/media?parent=10257"}],"wp:term":[{"taxonomy":"product_brand","embeddable":true,"href":"https:\/\/global-hookah.com\/es\/wp-json\/wp\/v2\/product_brand?post=10257"},{"taxonomy":"product_cat","embeddable":true,"href":"https:\/\/global-hookah.com\/es\/wp-json\/wp\/v2\/product_cat?post=10257"},{"taxonomy":"product_tag","embeddable":true,"href":"https:\/\/global-hookah.com\/es\/wp-json\/wp\/v2\/product_tag?post=10257"}],"curies":[{"name":"wp","href":"https:\/\/api.w.org\/{rel}","templated":true}]}}