{"id":10398,"date":"2023-02-03T10:26:39","date_gmt":"2023-02-03T10:26:39","guid":{"rendered":"https:\/\/global-hookah.com\/?post_type=product&#038;p=10398"},"modified":"2023-03-08T13:53:59","modified_gmt":"2023-03-08T13:53:59","slug":"double-hookah-pipe-in-the-shape-of-the-eiffel-tower","status":"publish","type":"product","link":"https:\/\/global-hookah.com\/es\/producto\/double-hookah-pipe-in-the-shape-of-the-eiffel-tower\/","title":{"rendered":"Pipa doble para narguile con forma de Torre Eiffel"},"content":{"rendered":"<p>este <strong>Pipa doble Hookah<\/strong> en forma de Torre Eiffel no s\u00f3lo es utilitario, sino tambi\u00e9n un magn\u00edfico complemento para cualquier lugar. La paleta de colores \u00fanica del dise\u00f1o mejora el aspecto de cualquier habitaci\u00f3n. Puede hacer la maleta y llev\u00e1rsela en su pr\u00f3ximo viaje familiar.<\/p>\n<p>Este<strong> Pipa doble Hookah<\/strong> cuenta con un sistema de seguridad incorporado, que le permite relajarse mientras experimenta diversas sensaciones al fumar sin temor a quemarse los dedos. Adem\u00e1s de sus ventajas para la salud, puede ayudar a blanquear los dientes.<\/p>\n<p>Este <strong>hookah pot pipa doble<\/strong> viene con dos mangueras, lo que la hace apta para su uso en diversas situaciones, como casas particulares, instituciones p\u00fablicas y hoteles y complejos tur\u00edsticos de alta gama. Le resultar\u00e1 muy \u00fatil cuando vengan sus amigos a jugar.<\/p>\n<p>La temperatura de nuestro narguile doble mejorado puede cambiarse f\u00e1cilmente. A medida que el conducto de ventilaci\u00f3n se endurece, basta con abrirlo y cerrarlo para que el narguile reciba m\u00e1s calor. Como consecuencia, tendr\u00e1 una experiencia consistente y deliciosa al encender.<\/p>\n<p>Este <strong>narguile de doble manguera<\/strong> con la forma de la Torre Eiffel es a la vez visualmente bella y operacionalmente excepcional, lo que la convierte en la opci\u00f3n perfecta para cualquiera que desee fumar con estilo. Gracias a su impresionante aspecto, sus medidas de seguridad integradas y su f\u00e1cil gesti\u00f3n de la temperatura, esta pipa hookah ser\u00e1 sin duda un \u00e9xito entre los fumadores.<\/p>","protected":false},"excerpt":{"rendered":"<p>esta pipa doble para narguile en forma de Torre Eiffel no s\u00f3lo es utilitaria, sino tambi\u00e9n un magn\u00edfico complemento.<\/p>","protected":false},"featured_media":10402,"comment_status":"open","ping_status":"closed","template":"","meta":{"iawp_total_views":3,"_joinchat":[]},"product_brand":[],"product_cat":[415],"product_tag":[],"class_list":{"0":"post-10398","1":"product","2":"type-product","3":"status-publish","4":"has-post-thumbnail","6":"product_cat-accessories","8":"first","9":"instock","10":"shipping-taxable","11":"purchasable","12":"product-type-simple"},"yoast_head":"<!-- This site is optimized with the Yoast SEO Premium plugin v24.7 (Yoast SEO v26.8) - https:\/\/yoast.com\/product\/yoast-seo-premium-wordpress\/ -->\n<title>Double Hookah Pipe In The Shape Of The Eiffel Tower - Global Hookah<\/title>\n<meta name=\"robots\" content=\"index, follow, max-snippet:-1, max-image-preview:large, max-video-preview:-1\" \/>\n<link rel=\"canonical\" href=\"https:\/\/global-hookah.com\/es\/producto\/double-hookah-pipe-in-the-shape-of-the-eiffel-tower\/\" \/>\n<meta property=\"og:locale\" content=\"es_ES\" \/>\n<meta property=\"og:type\" content=\"article\" \/>\n<meta property=\"og:title\" content=\"Double Hookah Pipe In The Shape Of The Eiffel Tower\" \/>\n<meta property=\"og:description\" content=\"this Double Hookah Pipe in the Shape of the Eiffel Tower is not only utilitarian, but also a gorgeous addition\" \/>\n<meta property=\"og:url\" content=\"https:\/\/global-hookah.com\/es\/producto\/double-hookah-pipe-in-the-shape-of-the-eiffel-tower\/\" \/>\n<meta property=\"og:site_name\" content=\"Global Hookah\" \/>\n<meta property=\"article:modified_time\" content=\"2023-03-08T13:53:59+00:00\" \/>\n<meta property=\"og:image\" content=\"https:\/\/global-hookah.com\/wp-content\/uploads\/2023\/02\/b84aa25b046ba9d7eb487403e372e5e.jpg\" \/>\n\t<meta property=\"og:image:width\" content=\"1000\" \/>\n\t<meta property=\"og:image:height\" content=\"1000\" \/>\n\t<meta property=\"og:image:type\" content=\"image\/jpeg\" \/>\n<meta name=\"twitter:card\" content=\"summary_large_image\" \/>\n<meta name=\"twitter:label1\" content=\"Tiempo de lectura\" \/>\n\t<meta name=\"twitter:data1\" content=\"1 minuto\" \/>\n<script type=\"application\/ld+json\" class=\"yoast-schema-graph\">{\"@context\":\"https:\/\/schema.org\",\"@graph\":[{\"@type\":\"WebPage\",\"@id\":\"https:\/\/global-hookah.com\/product\/double-hookah-pipe-in-the-shape-of-the-eiffel-tower\/\",\"url\":\"https:\/\/global-hookah.com\/product\/double-hookah-pipe-in-the-shape-of-the-eiffel-tower\/\",\"name\":\"Double Hookah Pipe In The Shape Of The Eiffel Tower - Global Hookah\",\"isPartOf\":{\"@id\":\"https:\/\/global-hookah.com\/#website\"},\"primaryImageOfPage\":{\"@id\":\"https:\/\/global-hookah.com\/product\/double-hookah-pipe-in-the-shape-of-the-eiffel-tower\/#primaryimage\"},\"image\":{\"@id\":\"https:\/\/global-hookah.com\/product\/double-hookah-pipe-in-the-shape-of-the-eiffel-tower\/#primaryimage\"},\"thumbnailUrl\":\"https:\/\/global-hookah.com\/wp-content\/uploads\/2023\/02\/b84aa25b046ba9d7eb487403e372e5e.jpg\",\"datePublished\":\"2023-02-03T10:26:39+00:00\",\"dateModified\":\"2023-03-08T13:53:59+00:00\",\"breadcrumb\":{\"@id\":\"https:\/\/global-hookah.com\/product\/double-hookah-pipe-in-the-shape-of-the-eiffel-tower\/#breadcrumb\"},\"inLanguage\":\"es\",\"potentialAction\":[{\"@type\":\"ReadAction\",\"target\":[\"https:\/\/global-hookah.com\/product\/double-hookah-pipe-in-the-shape-of-the-eiffel-tower\/\"]}]},{\"@type\":\"ImageObject\",\"inLanguage\":\"es\",\"@id\":\"https:\/\/global-hookah.com\/product\/double-hookah-pipe-in-the-shape-of-the-eiffel-tower\/#primaryimage\",\"url\":\"https:\/\/global-hookah.com\/wp-content\/uploads\/2023\/02\/b84aa25b046ba9d7eb487403e372e5e.jpg\",\"contentUrl\":\"https:\/\/global-hookah.com\/wp-content\/uploads\/2023\/02\/b84aa25b046ba9d7eb487403e372e5e.jpg\",\"width\":1000,\"height\":1000,\"caption\":\"Double Hookah Pipe In The Shape Of The Eiffel Tower\"},{\"@type\":\"BreadcrumbList\",\"@id\":\"https:\/\/global-hookah.com\/product\/double-hookah-pipe-in-the-shape-of-the-eiffel-tower\/#breadcrumb\",\"itemListElement\":[{\"@type\":\"ListItem\",\"position\":1,\"name\":\"Home\",\"item\":\"https:\/\/global-hookah.com\/\"},{\"@type\":\"ListItem\",\"position\":2,\"name\":\"Shop\",\"item\":\"https:\/\/global-hookah.com\/shop\/\"},{\"@type\":\"ListItem\",\"position\":3,\"name\":\"Double Hookah Pipe In The Shape Of The Eiffel Tower\"}]},{\"@type\":\"WebSite\",\"@id\":\"https:\/\/global-hookah.com\/#website\",\"url\":\"https:\/\/global-hookah.com\/\",\"name\":\"Global Hookah\",\"description\":\"Global Hookah\",\"publisher\":{\"@id\":\"https:\/\/global-hookah.com\/#organization\"},\"potentialAction\":[{\"@type\":\"SearchAction\",\"target\":{\"@type\":\"EntryPoint\",\"urlTemplate\":\"https:\/\/global-hookah.com\/?s={search_term_string}\"},\"query-input\":{\"@type\":\"PropertyValueSpecification\",\"valueRequired\":true,\"valueName\":\"search_term_string\"}}],\"inLanguage\":\"es\"},{\"@type\":\"Organization\",\"@id\":\"https:\/\/global-hookah.com\/#organization\",\"name\":\"Global Hookah\",\"url\":\"https:\/\/global-hookah.com\/\",\"logo\":{\"@type\":\"ImageObject\",\"inLanguage\":\"es\",\"@id\":\"https:\/\/global-hookah.com\/#\/schema\/logo\/image\/\",\"url\":\"https:\/\/global-hookah.com\/wp-content\/uploads\/2021\/10\/cropped-fgg.png\",\"contentUrl\":\"https:\/\/global-hookah.com\/wp-content\/uploads\/2021\/10\/cropped-fgg.png\",\"width\":512,\"height\":512,\"caption\":\"Global Hookah\"},\"image\":{\"@id\":\"https:\/\/global-hookah.com\/#\/schema\/logo\/image\/\"}}]}<\/script>\n<!-- \/ Yoast SEO Premium plugin. -->","yoast_head_json":{"title":"Pipa doble para narguile en forma de Torre Eiffel - Global Hookah","robots":{"index":"index","follow":"follow","max-snippet":"max-snippet:-1","max-image-preview":"max-image-preview:large","max-video-preview":"max-video-preview:-1"},"canonical":"https:\/\/global-hookah.com\/es\/producto\/double-hookah-pipe-in-the-shape-of-the-eiffel-tower\/","og_locale":"es_ES","og_type":"article","og_title":"Double Hookah Pipe In The Shape Of The Eiffel Tower","og_description":"this Double Hookah Pipe in the Shape of the Eiffel Tower is not only utilitarian, but also a gorgeous addition","og_url":"https:\/\/global-hookah.com\/es\/producto\/double-hookah-pipe-in-the-shape-of-the-eiffel-tower\/","og_site_name":"Global Hookah","article_modified_time":"2023-03-08T13:53:59+00:00","og_image":[{"width":1000,"height":1000,"url":"https:\/\/global-hookah.com\/wp-content\/uploads\/2023\/02\/b84aa25b046ba9d7eb487403e372e5e.jpg","type":"image\/jpeg"}],"twitter_card":"summary_large_image","twitter_misc":{"Tiempo de lectura":"1 minuto"},"schema":{"@context":"https:\/\/schema.org","@graph":[{"@type":"WebPage","@id":"https:\/\/global-hookah.com\/product\/double-hookah-pipe-in-the-shape-of-the-eiffel-tower\/","url":"https:\/\/global-hookah.com\/product\/double-hookah-pipe-in-the-shape-of-the-eiffel-tower\/","name":"Pipa doble para narguile en forma de Torre Eiffel - Global Hookah","isPartOf":{"@id":"https:\/\/global-hookah.com\/#website"},"primaryImageOfPage":{"@id":"https:\/\/global-hookah.com\/product\/double-hookah-pipe-in-the-shape-of-the-eiffel-tower\/#primaryimage"},"image":{"@id":"https:\/\/global-hookah.com\/product\/double-hookah-pipe-in-the-shape-of-the-eiffel-tower\/#primaryimage"},"thumbnailUrl":"https:\/\/global-hookah.com\/wp-content\/uploads\/2023\/02\/b84aa25b046ba9d7eb487403e372e5e.jpg","datePublished":"2023-02-03T10:26:39+00:00","dateModified":"2023-03-08T13:53:59+00:00","breadcrumb":{"@id":"https:\/\/global-hookah.com\/product\/double-hookah-pipe-in-the-shape-of-the-eiffel-tower\/#breadcrumb"},"inLanguage":"es","potentialAction":[{"@type":"ReadAction","target":["https:\/\/global-hookah.com\/product\/double-hookah-pipe-in-the-shape-of-the-eiffel-tower\/"]}]},{"@type":"ImageObject","inLanguage":"es","@id":"https:\/\/global-hookah.com\/product\/double-hookah-pipe-in-the-shape-of-the-eiffel-tower\/#primaryimage","url":"https:\/\/global-hookah.com\/wp-content\/uploads\/2023\/02\/b84aa25b046ba9d7eb487403e372e5e.jpg","contentUrl":"https:\/\/global-hookah.com\/wp-content\/uploads\/2023\/02\/b84aa25b046ba9d7eb487403e372e5e.jpg","width":1000,"height":1000,"caption":"Double Hookah Pipe In The Shape Of The Eiffel Tower"},{"@type":"BreadcrumbList","@id":"https:\/\/global-hookah.com\/product\/double-hookah-pipe-in-the-shape-of-the-eiffel-tower\/#breadcrumb","itemListElement":[{"@type":"ListItem","position":1,"name":"Home","item":"https:\/\/global-hookah.com\/"},{"@type":"ListItem","position":2,"name":"Shop","item":"https:\/\/global-hookah.com\/shop\/"},{"@type":"ListItem","position":3,"name":"Double Hookah Pipe In The Shape Of The Eiffel Tower"}]},{"@type":"WebSite","@id":"https:\/\/global-hookah.com\/#website","url":"https:\/\/global-hookah.com\/","name":"Global Hookah","description":"Global Hookah","publisher":{"@id":"https:\/\/global-hookah.com\/#organization"},"potentialAction":[{"@type":"SearchAction","target":{"@type":"EntryPoint","urlTemplate":"https:\/\/global-hookah.com\/?s={search_term_string}"},"query-input":{"@type":"PropertyValueSpecification","valueRequired":true,"valueName":"search_term_string"}}],"inLanguage":"es"},{"@type":"Organization","@id":"https:\/\/global-hookah.com\/#organization","name":"Global Hookah","url":"https:\/\/global-hookah.com\/","logo":{"@type":"ImageObject","inLanguage":"es","@id":"https:\/\/global-hookah.com\/#\/schema\/logo\/image\/","url":"https:\/\/global-hookah.com\/wp-content\/uploads\/2021\/10\/cropped-fgg.png","contentUrl":"https:\/\/global-hookah.com\/wp-content\/uploads\/2021\/10\/cropped-fgg.png","width":512,"height":512,"caption":"Global Hookah"},"image":{"@id":"https:\/\/global-hookah.com\/#\/schema\/logo\/image\/"}}]}},"_links":{"self":[{"href":"https:\/\/global-hookah.com\/es\/wp-json\/wp\/v2\/product\/10398","targetHints":{"allow":["GET"]}}],"collection":[{"href":"https:\/\/global-hookah.com\/es\/wp-json\/wp\/v2\/product"}],"about":[{"href":"https:\/\/global-hookah.com\/es\/wp-json\/wp\/v2\/types\/product"}],"replies":[{"embeddable":true,"href":"https:\/\/global-hookah.com\/es\/wp-json\/wp\/v2\/comments?post=10398"}],"version-history":[{"count":0,"href":"https:\/\/global-hookah.com\/es\/wp-json\/wp\/v2\/product\/10398\/revisions"}],"wp:featuredmedia":[{"embeddable":true,"href":"https:\/\/global-hookah.com\/es\/wp-json\/wp\/v2\/media\/10402"}],"wp:attachment":[{"href":"https:\/\/global-hookah.com\/es\/wp-json\/wp\/v2\/media?parent=10398"}],"wp:term":[{"taxonomy":"product_brand","embeddable":true,"href":"https:\/\/global-hookah.com\/es\/wp-json\/wp\/v2\/product_brand?post=10398"},{"taxonomy":"product_cat","embeddable":true,"href":"https:\/\/global-hookah.com\/es\/wp-json\/wp\/v2\/product_cat?post=10398"},{"taxonomy":"product_tag","embeddable":true,"href":"https:\/\/global-hookah.com\/es\/wp-json\/wp\/v2\/product_tag?post=10398"}],"curies":[{"name":"wp","href":"https:\/\/api.w.org\/{rel}","templated":true}]}}