{"id":10432,"date":"2023-02-08T20:23:24","date_gmt":"2023-02-08T20:23:24","guid":{"rendered":"https:\/\/global-hookah.com\/?post_type=product&#038;p=10432"},"modified":"2024-01-12T04:00:00","modified_gmt":"2024-01-12T04:00:00","slug":"medium-saudi-arabian-hookah-set","status":"publish","type":"product","link":"https:\/\/global-hookah.com\/es\/producto\/medium-saudi-arabian-hookah-set\/","title":{"rendered":"Set de narguile saud\u00ed mediano"},"content":{"rendered":"<p>Despu\u00e9s de un largo d\u00eda, nada mejor que relajarse con este <strong>Set de narguile saud\u00ed mediano<\/strong>. Nuestro narguile es una obra de arte desde todos los puntos de vista, gracias a su sofisticado dise\u00f1o y su fina artesan\u00eda.<\/p>\n<p>Como nuestro set de narguile tiene 2 mangueras, pueden usarlo hasta 2 personas a la vez, lo que lo hace ideal para eventos y reuniones de grupo. Con este set, puede organizar una fiesta en su casa y hacer que todos sus amigos se unan a la diversi\u00f3n.<\/p>\n<p>Todo el <strong>Set de narguile saud\u00ed mediano<\/strong> tiene un jarr\u00f3n de cristal, eje con tallo hacia abajo, <a href=\"https:\/\/global-hookah.com\/product-category\/hookah-parts\/\">Manguera<\/a>Taz\u00f3n de cer\u00e1mica, cenicero, par de pinzas y otros accesorios.<\/p>\n<p>Como el cristal se rompe con tanta facilidad, tomamos precauciones adicionales para asegurarnos de que su narguile llegue en perfecto estado. Para un env\u00edo seguro, hemos cubierto el paquete con varias capas de bolsas de burbujas. Por favor, inf\u00f3rmenos de inmediato si la mercanc\u00eda que recibe est\u00e1 rota; la sustituiremos o le devolveremos el importe \u00edntegro, lo que usted prefiera.<\/p>\n<p>Elija el <strong>Set de narguile saud\u00ed mediano<\/strong> si quiere sorprender a sus amigos y relajarse con todo lujo de detalles al mismo tiempo.<\/p>","protected":false},"excerpt":{"rendered":"<p>Despu\u00e9s de un largo d\u00eda, nada mejor que relajarse con este set de narguile mediano de Arabia Saud\u00ed. Nuestro narguile es una pieza de<\/p>","protected":false},"featured_media":10435,"comment_status":"open","ping_status":"closed","template":"","meta":{"iawp_total_views":3,"_joinchat":[]},"product_brand":[],"product_cat":[415,560],"product_tag":[],"class_list":{"0":"post-10432","1":"product","2":"type-product","3":"status-publish","4":"has-post-thumbnail","6":"product_cat-accessories","7":"product_cat-glass-hookah-wholesale","9":"first","10":"instock","11":"shipping-taxable","12":"purchasable","13":"product-type-simple"},"yoast_head":"<!-- This site is optimized with the Yoast SEO Premium plugin v24.7 (Yoast SEO v26.8) - https:\/\/yoast.com\/product\/yoast-seo-premium-wordpress\/ -->\n<title>Medium Saudi Arabian Hookah Set - Global Hookah<\/title>\n<meta name=\"robots\" content=\"index, follow, max-snippet:-1, max-image-preview:large, max-video-preview:-1\" \/>\n<link rel=\"canonical\" href=\"https:\/\/global-hookah.com\/es\/pt\/produto\/conjunto-medio-de-narguile-da-arabia-saudita\/\" \/>\n<meta property=\"og:locale\" content=\"es_ES\" \/>\n<meta property=\"og:type\" content=\"article\" \/>\n<meta property=\"og:title\" content=\"Medium Saudi Arabian Hookah Set\" \/>\n<meta property=\"og:description\" content=\"After a long day, nothing beats unwinding with this Medium Saudi Arabian Hookah Set. Our hookah is a piece of\" \/>\n<meta property=\"og:url\" content=\"https:\/\/global-hookah.com\/es\/pt\/produto\/conjunto-medio-de-narguile-da-arabia-saudita\/\" \/>\n<meta property=\"og:site_name\" content=\"Global Hookah\" \/>\n<meta property=\"article:modified_time\" content=\"2024-01-12T04:00:00+00:00\" \/>\n<meta property=\"og:image\" content=\"https:\/\/global-hookah.com\/wp-content\/uploads\/2023\/02\/cd8669ebcd0dd311d3204c7678793db.jpg\" \/>\n\t<meta property=\"og:image:width\" content=\"800\" \/>\n\t<meta property=\"og:image:height\" content=\"800\" \/>\n\t<meta property=\"og:image:type\" content=\"image\/jpeg\" \/>\n<meta name=\"twitter:card\" content=\"summary_large_image\" \/>\n<meta name=\"twitter:label1\" content=\"Tiempo de lectura\" \/>\n\t<meta name=\"twitter:data1\" content=\"1 minuto\" \/>\n<script type=\"application\/ld+json\" class=\"yoast-schema-graph\">{\"@context\":\"https:\/\/schema.org\",\"@graph\":[{\"@type\":\"WebPage\",\"@id\":\"https:\/\/global-hookah.com\/pt\/produto\/conjunto-medio-de-narguile-da-arabia-saudita\/\",\"url\":\"https:\/\/global-hookah.com\/pt\/produto\/conjunto-medio-de-narguile-da-arabia-saudita\/\",\"name\":\"Medium Saudi Arabian Hookah Set - Global Hookah\",\"isPartOf\":{\"@id\":\"https:\/\/global-hookah.com\/#website\"},\"primaryImageOfPage\":{\"@id\":\"https:\/\/global-hookah.com\/pt\/produto\/conjunto-medio-de-narguile-da-arabia-saudita\/#primaryimage\"},\"image\":{\"@id\":\"https:\/\/global-hookah.com\/pt\/produto\/conjunto-medio-de-narguile-da-arabia-saudita\/#primaryimage\"},\"thumbnailUrl\":\"https:\/\/global-hookah.com\/wp-content\/uploads\/2023\/02\/cd8669ebcd0dd311d3204c7678793db.jpg\",\"datePublished\":\"2023-02-08T20:23:24+00:00\",\"dateModified\":\"2024-01-12T04:00:00+00:00\",\"breadcrumb\":{\"@id\":\"https:\/\/global-hookah.com\/pt\/produto\/conjunto-medio-de-narguile-da-arabia-saudita\/#breadcrumb\"},\"inLanguage\":\"es\",\"potentialAction\":[{\"@type\":\"ReadAction\",\"target\":[\"https:\/\/global-hookah.com\/pt\/produto\/conjunto-medio-de-narguile-da-arabia-saudita\/\"]}]},{\"@type\":\"ImageObject\",\"inLanguage\":\"es\",\"@id\":\"https:\/\/global-hookah.com\/pt\/produto\/conjunto-medio-de-narguile-da-arabia-saudita\/#primaryimage\",\"url\":\"https:\/\/global-hookah.com\/wp-content\/uploads\/2023\/02\/cd8669ebcd0dd311d3204c7678793db.jpg\",\"contentUrl\":\"https:\/\/global-hookah.com\/wp-content\/uploads\/2023\/02\/cd8669ebcd0dd311d3204c7678793db.jpg\",\"width\":800,\"height\":800,\"caption\":\"Saudi Arabian Hookah Set\"},{\"@type\":\"BreadcrumbList\",\"@id\":\"https:\/\/global-hookah.com\/pt\/produto\/conjunto-medio-de-narguile-da-arabia-saudita\/#breadcrumb\",\"itemListElement\":[{\"@type\":\"ListItem\",\"position\":1,\"name\":\"Home\",\"item\":\"https:\/\/global-hookah.com\/\"},{\"@type\":\"ListItem\",\"position\":2,\"name\":\"Shop\",\"item\":\"https:\/\/global-hookah.com\/shop\/\"},{\"@type\":\"ListItem\",\"position\":3,\"name\":\"Medium Saudi Arabian Hookah Set\"}]},{\"@type\":\"WebSite\",\"@id\":\"https:\/\/global-hookah.com\/#website\",\"url\":\"https:\/\/global-hookah.com\/\",\"name\":\"Global Hookah\",\"description\":\"Global Hookah\",\"publisher\":{\"@id\":\"https:\/\/global-hookah.com\/#organization\"},\"potentialAction\":[{\"@type\":\"SearchAction\",\"target\":{\"@type\":\"EntryPoint\",\"urlTemplate\":\"https:\/\/global-hookah.com\/?s={search_term_string}\"},\"query-input\":{\"@type\":\"PropertyValueSpecification\",\"valueRequired\":true,\"valueName\":\"search_term_string\"}}],\"inLanguage\":\"es\"},{\"@type\":\"Organization\",\"@id\":\"https:\/\/global-hookah.com\/#organization\",\"name\":\"Global Hookah\",\"url\":\"https:\/\/global-hookah.com\/\",\"logo\":{\"@type\":\"ImageObject\",\"inLanguage\":\"es\",\"@id\":\"https:\/\/global-hookah.com\/#\/schema\/logo\/image\/\",\"url\":\"https:\/\/global-hookah.com\/wp-content\/uploads\/2021\/10\/cropped-fgg.png\",\"contentUrl\":\"https:\/\/global-hookah.com\/wp-content\/uploads\/2021\/10\/cropped-fgg.png\",\"width\":512,\"height\":512,\"caption\":\"Global Hookah\"},\"image\":{\"@id\":\"https:\/\/global-hookah.com\/#\/schema\/logo\/image\/\"}}]}<\/script>\n<!-- \/ Yoast SEO Premium plugin. -->","yoast_head_json":{"title":"Set de narguile saud\u00ed mediano - Global Hookah","robots":{"index":"index","follow":"follow","max-snippet":"max-snippet:-1","max-image-preview":"max-image-preview:large","max-video-preview":"max-video-preview:-1"},"canonical":"https:\/\/global-hookah.com\/es\/pt\/produto\/conjunto-medio-de-narguile-da-arabia-saudita\/","og_locale":"es_ES","og_type":"article","og_title":"Medium Saudi Arabian Hookah Set","og_description":"After a long day, nothing beats unwinding with this Medium Saudi Arabian Hookah Set. Our hookah is a piece of","og_url":"https:\/\/global-hookah.com\/es\/pt\/produto\/conjunto-medio-de-narguile-da-arabia-saudita\/","og_site_name":"Global Hookah","article_modified_time":"2024-01-12T04:00:00+00:00","og_image":[{"width":800,"height":800,"url":"https:\/\/global-hookah.com\/wp-content\/uploads\/2023\/02\/cd8669ebcd0dd311d3204c7678793db.jpg","type":"image\/jpeg"}],"twitter_card":"summary_large_image","twitter_misc":{"Tiempo de lectura":"1 minuto"},"schema":{"@context":"https:\/\/schema.org","@graph":[{"@type":"WebPage","@id":"https:\/\/global-hookah.com\/pt\/produto\/conjunto-medio-de-narguile-da-arabia-saudita\/","url":"https:\/\/global-hookah.com\/pt\/produto\/conjunto-medio-de-narguile-da-arabia-saudita\/","name":"Set de narguile saud\u00ed mediano - Global Hookah","isPartOf":{"@id":"https:\/\/global-hookah.com\/#website"},"primaryImageOfPage":{"@id":"https:\/\/global-hookah.com\/pt\/produto\/conjunto-medio-de-narguile-da-arabia-saudita\/#primaryimage"},"image":{"@id":"https:\/\/global-hookah.com\/pt\/produto\/conjunto-medio-de-narguile-da-arabia-saudita\/#primaryimage"},"thumbnailUrl":"https:\/\/global-hookah.com\/wp-content\/uploads\/2023\/02\/cd8669ebcd0dd311d3204c7678793db.jpg","datePublished":"2023-02-08T20:23:24+00:00","dateModified":"2024-01-12T04:00:00+00:00","breadcrumb":{"@id":"https:\/\/global-hookah.com\/pt\/produto\/conjunto-medio-de-narguile-da-arabia-saudita\/#breadcrumb"},"inLanguage":"es","potentialAction":[{"@type":"ReadAction","target":["https:\/\/global-hookah.com\/pt\/produto\/conjunto-medio-de-narguile-da-arabia-saudita\/"]}]},{"@type":"ImageObject","inLanguage":"es","@id":"https:\/\/global-hookah.com\/pt\/produto\/conjunto-medio-de-narguile-da-arabia-saudita\/#primaryimage","url":"https:\/\/global-hookah.com\/wp-content\/uploads\/2023\/02\/cd8669ebcd0dd311d3204c7678793db.jpg","contentUrl":"https:\/\/global-hookah.com\/wp-content\/uploads\/2023\/02\/cd8669ebcd0dd311d3204c7678793db.jpg","width":800,"height":800,"caption":"Saudi Arabian Hookah Set"},{"@type":"BreadcrumbList","@id":"https:\/\/global-hookah.com\/pt\/produto\/conjunto-medio-de-narguile-da-arabia-saudita\/#breadcrumb","itemListElement":[{"@type":"ListItem","position":1,"name":"Home","item":"https:\/\/global-hookah.com\/"},{"@type":"ListItem","position":2,"name":"Shop","item":"https:\/\/global-hookah.com\/shop\/"},{"@type":"ListItem","position":3,"name":"Medium Saudi Arabian Hookah Set"}]},{"@type":"WebSite","@id":"https:\/\/global-hookah.com\/#website","url":"https:\/\/global-hookah.com\/","name":"Global Hookah","description":"Global Hookah","publisher":{"@id":"https:\/\/global-hookah.com\/#organization"},"potentialAction":[{"@type":"SearchAction","target":{"@type":"EntryPoint","urlTemplate":"https:\/\/global-hookah.com\/?s={search_term_string}"},"query-input":{"@type":"PropertyValueSpecification","valueRequired":true,"valueName":"search_term_string"}}],"inLanguage":"es"},{"@type":"Organization","@id":"https:\/\/global-hookah.com\/#organization","name":"Global Hookah","url":"https:\/\/global-hookah.com\/","logo":{"@type":"ImageObject","inLanguage":"es","@id":"https:\/\/global-hookah.com\/#\/schema\/logo\/image\/","url":"https:\/\/global-hookah.com\/wp-content\/uploads\/2021\/10\/cropped-fgg.png","contentUrl":"https:\/\/global-hookah.com\/wp-content\/uploads\/2021\/10\/cropped-fgg.png","width":512,"height":512,"caption":"Global Hookah"},"image":{"@id":"https:\/\/global-hookah.com\/#\/schema\/logo\/image\/"}}]}},"_links":{"self":[{"href":"https:\/\/global-hookah.com\/es\/wp-json\/wp\/v2\/product\/10432","targetHints":{"allow":["GET"]}}],"collection":[{"href":"https:\/\/global-hookah.com\/es\/wp-json\/wp\/v2\/product"}],"about":[{"href":"https:\/\/global-hookah.com\/es\/wp-json\/wp\/v2\/types\/product"}],"replies":[{"embeddable":true,"href":"https:\/\/global-hookah.com\/es\/wp-json\/wp\/v2\/comments?post=10432"}],"version-history":[{"count":0,"href":"https:\/\/global-hookah.com\/es\/wp-json\/wp\/v2\/product\/10432\/revisions"}],"wp:featuredmedia":[{"embeddable":true,"href":"https:\/\/global-hookah.com\/es\/wp-json\/wp\/v2\/media\/10435"}],"wp:attachment":[{"href":"https:\/\/global-hookah.com\/es\/wp-json\/wp\/v2\/media?parent=10432"}],"wp:term":[{"taxonomy":"product_brand","embeddable":true,"href":"https:\/\/global-hookah.com\/es\/wp-json\/wp\/v2\/product_brand?post=10432"},{"taxonomy":"product_cat","embeddable":true,"href":"https:\/\/global-hookah.com\/es\/wp-json\/wp\/v2\/product_cat?post=10432"},{"taxonomy":"product_tag","embeddable":true,"href":"https:\/\/global-hookah.com\/es\/wp-json\/wp\/v2\/product_tag?post=10432"}],"curies":[{"name":"wp","href":"https:\/\/api.w.org\/{rel}","templated":true}]}}