{"id":10467,"date":"2023-02-09T12:15:21","date_gmt":"2023-02-09T12:15:21","guid":{"rendered":"https:\/\/global-hookah.com\/?post_type=product&#038;p=10467"},"modified":"2023-03-08T14:11:42","modified_gmt":"2023-03-08T14:11:42","slug":"acrylic-hookah-box-set-with-single-and-double-pipe","status":"publish","type":"product","link":"https:\/\/global-hookah.com\/es\/producto\/acrylic-hookah-box-set-with-single-and-double-pipe\/","title":{"rendered":"Juego de caja acr\u00edlica para narguile con pipa simple y doble"},"content":{"rendered":"<p>Este <strong>caja acr\u00edlica para narguile Set<\/strong> es ideal para viajar, ya que el narguile y sus accesorios se pueden guardar perfectamente en la bolsa de transporte suministrada. Es ideal para viajar ya que es r\u00e1pido de montar y desmontar. Despu\u00e9s de su uso, el <a href=\"https:\/\/global-hookah.com\/product-category\/hookahs\/hookah-set\/\"><strong>set de narguile<\/strong><\/a> puede limpiarse de forma r\u00e1pida y sencilla, garantizando que siempre est\u00e9 lista para su pr\u00f3xima sesi\u00f3n.<\/p>\n<p>Con una construcci\u00f3n de acr\u00edlico y aluminio de alta calidad, el <strong>hookah acr\u00edlico de caja plana<\/strong> est\u00e1 hecho para resistir. Como la cazoleta y el ojal del narguile est\u00e1n hechos de silicona, pueden soportar temperaturas de hasta 230 grados Celsius.<\/p>","protected":false},"excerpt":{"rendered":"<p>Esta caja acr\u00edlica para narguile es ideal para viajar, ya que el narguile y sus accesorios pueden guardarse perfectamente en su interior.<\/p>","protected":false},"featured_media":10471,"comment_status":"open","ping_status":"closed","template":"","meta":{"iawp_total_views":1,"_joinchat":[]},"product_brand":[],"product_cat":[415],"product_tag":[],"class_list":{"0":"post-10467","1":"product","2":"type-product","3":"status-publish","4":"has-post-thumbnail","6":"product_cat-accessories","8":"first","9":"instock","10":"shipping-taxable","11":"purchasable","12":"product-type-simple"},"yoast_head":"<!-- This site is optimized with the Yoast SEO Premium plugin v24.7 (Yoast SEO v26.8) - https:\/\/yoast.com\/product\/yoast-seo-premium-wordpress\/ -->\n<title>Acrylic Hookah Box Set With Single And Double Pipe - Global Hookah<\/title>\n<meta name=\"robots\" content=\"index, follow, max-snippet:-1, max-image-preview:large, max-video-preview:-1\" \/>\n<link rel=\"canonical\" href=\"https:\/\/global-hookah.com\/es\/producto\/acrylic-hookah-box-set-with-single-and-double-pipe\/\" \/>\n<meta property=\"og:locale\" content=\"es_ES\" \/>\n<meta property=\"og:type\" content=\"article\" \/>\n<meta property=\"og:title\" content=\"Acrylic Hookah Box Set With Single And Double Pipe\" \/>\n<meta property=\"og:description\" content=\"This acrylic hookah box Set is great for travel since the hookah and its accessories can be neatly stored inside\" \/>\n<meta property=\"og:url\" content=\"https:\/\/global-hookah.com\/es\/producto\/acrylic-hookah-box-set-with-single-and-double-pipe\/\" \/>\n<meta property=\"og:site_name\" content=\"Global Hookah\" \/>\n<meta property=\"article:modified_time\" content=\"2023-03-08T14:11:42+00:00\" \/>\n<meta property=\"og:image\" content=\"https:\/\/global-hookah.com\/wp-content\/uploads\/2023\/02\/99828bb166f1c7f1eee4c55be7f6a9a.jpg\" \/>\n\t<meta property=\"og:image:width\" content=\"1280\" \/>\n\t<meta property=\"og:image:height\" content=\"1280\" \/>\n\t<meta property=\"og:image:type\" content=\"image\/jpeg\" \/>\n<meta name=\"twitter:card\" content=\"summary_large_image\" \/>\n<meta name=\"twitter:label1\" content=\"Tiempo de lectura\" \/>\n\t<meta name=\"twitter:data1\" content=\"1 minuto\" \/>\n<script type=\"application\/ld+json\" class=\"yoast-schema-graph\">{\"@context\":\"https:\/\/schema.org\",\"@graph\":[{\"@type\":\"WebPage\",\"@id\":\"https:\/\/global-hookah.com\/product\/acrylic-hookah-box-set-with-single-and-double-pipe\/\",\"url\":\"https:\/\/global-hookah.com\/product\/acrylic-hookah-box-set-with-single-and-double-pipe\/\",\"name\":\"Acrylic Hookah Box Set With Single And Double Pipe - Global Hookah\",\"isPartOf\":{\"@id\":\"https:\/\/global-hookah.com\/#website\"},\"primaryImageOfPage\":{\"@id\":\"https:\/\/global-hookah.com\/product\/acrylic-hookah-box-set-with-single-and-double-pipe\/#primaryimage\"},\"image\":{\"@id\":\"https:\/\/global-hookah.com\/product\/acrylic-hookah-box-set-with-single-and-double-pipe\/#primaryimage\"},\"thumbnailUrl\":\"https:\/\/global-hookah.com\/wp-content\/uploads\/2023\/02\/99828bb166f1c7f1eee4c55be7f6a9a.jpg\",\"datePublished\":\"2023-02-09T12:15:21+00:00\",\"dateModified\":\"2023-03-08T14:11:42+00:00\",\"breadcrumb\":{\"@id\":\"https:\/\/global-hookah.com\/product\/acrylic-hookah-box-set-with-single-and-double-pipe\/#breadcrumb\"},\"inLanguage\":\"es\",\"potentialAction\":[{\"@type\":\"ReadAction\",\"target\":[\"https:\/\/global-hookah.com\/product\/acrylic-hookah-box-set-with-single-and-double-pipe\/\"]}]},{\"@type\":\"ImageObject\",\"inLanguage\":\"es\",\"@id\":\"https:\/\/global-hookah.com\/product\/acrylic-hookah-box-set-with-single-and-double-pipe\/#primaryimage\",\"url\":\"https:\/\/global-hookah.com\/wp-content\/uploads\/2023\/02\/99828bb166f1c7f1eee4c55be7f6a9a.jpg\",\"contentUrl\":\"https:\/\/global-hookah.com\/wp-content\/uploads\/2023\/02\/99828bb166f1c7f1eee4c55be7f6a9a.jpg\",\"width\":1280,\"height\":1280,\"caption\":\"Acrylic Hookah Box\"},{\"@type\":\"BreadcrumbList\",\"@id\":\"https:\/\/global-hookah.com\/product\/acrylic-hookah-box-set-with-single-and-double-pipe\/#breadcrumb\",\"itemListElement\":[{\"@type\":\"ListItem\",\"position\":1,\"name\":\"Home\",\"item\":\"https:\/\/global-hookah.com\/\"},{\"@type\":\"ListItem\",\"position\":2,\"name\":\"Shop\",\"item\":\"https:\/\/global-hookah.com\/shop\/\"},{\"@type\":\"ListItem\",\"position\":3,\"name\":\"Acrylic Hookah Box Set With Single And Double Pipe\"}]},{\"@type\":\"WebSite\",\"@id\":\"https:\/\/global-hookah.com\/#website\",\"url\":\"https:\/\/global-hookah.com\/\",\"name\":\"Global Hookah\",\"description\":\"Global Hookah\",\"publisher\":{\"@id\":\"https:\/\/global-hookah.com\/#organization\"},\"potentialAction\":[{\"@type\":\"SearchAction\",\"target\":{\"@type\":\"EntryPoint\",\"urlTemplate\":\"https:\/\/global-hookah.com\/?s={search_term_string}\"},\"query-input\":{\"@type\":\"PropertyValueSpecification\",\"valueRequired\":true,\"valueName\":\"search_term_string\"}}],\"inLanguage\":\"es\"},{\"@type\":\"Organization\",\"@id\":\"https:\/\/global-hookah.com\/#organization\",\"name\":\"Global Hookah\",\"url\":\"https:\/\/global-hookah.com\/\",\"logo\":{\"@type\":\"ImageObject\",\"inLanguage\":\"es\",\"@id\":\"https:\/\/global-hookah.com\/#\/schema\/logo\/image\/\",\"url\":\"https:\/\/global-hookah.com\/wp-content\/uploads\/2021\/10\/cropped-fgg.png\",\"contentUrl\":\"https:\/\/global-hookah.com\/wp-content\/uploads\/2021\/10\/cropped-fgg.png\",\"width\":512,\"height\":512,\"caption\":\"Global Hookah\"},\"image\":{\"@id\":\"https:\/\/global-hookah.com\/#\/schema\/logo\/image\/\"}}]}<\/script>\n<!-- \/ Yoast SEO Premium plugin. -->","yoast_head_json":{"title":"Acr\u00edlico Hookah Box Set Con Pipa Simple Y Doble - Global Hookah","robots":{"index":"index","follow":"follow","max-snippet":"max-snippet:-1","max-image-preview":"max-image-preview:large","max-video-preview":"max-video-preview:-1"},"canonical":"https:\/\/global-hookah.com\/es\/producto\/acrylic-hookah-box-set-with-single-and-double-pipe\/","og_locale":"es_ES","og_type":"article","og_title":"Acrylic Hookah Box Set With Single And Double Pipe","og_description":"This acrylic hookah box Set is great for travel since the hookah and its accessories can be neatly stored inside","og_url":"https:\/\/global-hookah.com\/es\/producto\/acrylic-hookah-box-set-with-single-and-double-pipe\/","og_site_name":"Global Hookah","article_modified_time":"2023-03-08T14:11:42+00:00","og_image":[{"width":1280,"height":1280,"url":"https:\/\/global-hookah.com\/wp-content\/uploads\/2023\/02\/99828bb166f1c7f1eee4c55be7f6a9a.jpg","type":"image\/jpeg"}],"twitter_card":"summary_large_image","twitter_misc":{"Tiempo de lectura":"1 minuto"},"schema":{"@context":"https:\/\/schema.org","@graph":[{"@type":"WebPage","@id":"https:\/\/global-hookah.com\/product\/acrylic-hookah-box-set-with-single-and-double-pipe\/","url":"https:\/\/global-hookah.com\/product\/acrylic-hookah-box-set-with-single-and-double-pipe\/","name":"Acr\u00edlico Hookah Box Set Con Pipa Simple Y Doble - Global Hookah","isPartOf":{"@id":"https:\/\/global-hookah.com\/#website"},"primaryImageOfPage":{"@id":"https:\/\/global-hookah.com\/product\/acrylic-hookah-box-set-with-single-and-double-pipe\/#primaryimage"},"image":{"@id":"https:\/\/global-hookah.com\/product\/acrylic-hookah-box-set-with-single-and-double-pipe\/#primaryimage"},"thumbnailUrl":"https:\/\/global-hookah.com\/wp-content\/uploads\/2023\/02\/99828bb166f1c7f1eee4c55be7f6a9a.jpg","datePublished":"2023-02-09T12:15:21+00:00","dateModified":"2023-03-08T14:11:42+00:00","breadcrumb":{"@id":"https:\/\/global-hookah.com\/product\/acrylic-hookah-box-set-with-single-and-double-pipe\/#breadcrumb"},"inLanguage":"es","potentialAction":[{"@type":"ReadAction","target":["https:\/\/global-hookah.com\/product\/acrylic-hookah-box-set-with-single-and-double-pipe\/"]}]},{"@type":"ImageObject","inLanguage":"es","@id":"https:\/\/global-hookah.com\/product\/acrylic-hookah-box-set-with-single-and-double-pipe\/#primaryimage","url":"https:\/\/global-hookah.com\/wp-content\/uploads\/2023\/02\/99828bb166f1c7f1eee4c55be7f6a9a.jpg","contentUrl":"https:\/\/global-hookah.com\/wp-content\/uploads\/2023\/02\/99828bb166f1c7f1eee4c55be7f6a9a.jpg","width":1280,"height":1280,"caption":"Acrylic Hookah Box"},{"@type":"BreadcrumbList","@id":"https:\/\/global-hookah.com\/product\/acrylic-hookah-box-set-with-single-and-double-pipe\/#breadcrumb","itemListElement":[{"@type":"ListItem","position":1,"name":"Home","item":"https:\/\/global-hookah.com\/"},{"@type":"ListItem","position":2,"name":"Shop","item":"https:\/\/global-hookah.com\/shop\/"},{"@type":"ListItem","position":3,"name":"Acrylic Hookah Box Set With Single And Double Pipe"}]},{"@type":"WebSite","@id":"https:\/\/global-hookah.com\/#website","url":"https:\/\/global-hookah.com\/","name":"Global Hookah","description":"Global Hookah","publisher":{"@id":"https:\/\/global-hookah.com\/#organization"},"potentialAction":[{"@type":"SearchAction","target":{"@type":"EntryPoint","urlTemplate":"https:\/\/global-hookah.com\/?s={search_term_string}"},"query-input":{"@type":"PropertyValueSpecification","valueRequired":true,"valueName":"search_term_string"}}],"inLanguage":"es"},{"@type":"Organization","@id":"https:\/\/global-hookah.com\/#organization","name":"Global Hookah","url":"https:\/\/global-hookah.com\/","logo":{"@type":"ImageObject","inLanguage":"es","@id":"https:\/\/global-hookah.com\/#\/schema\/logo\/image\/","url":"https:\/\/global-hookah.com\/wp-content\/uploads\/2021\/10\/cropped-fgg.png","contentUrl":"https:\/\/global-hookah.com\/wp-content\/uploads\/2021\/10\/cropped-fgg.png","width":512,"height":512,"caption":"Global Hookah"},"image":{"@id":"https:\/\/global-hookah.com\/#\/schema\/logo\/image\/"}}]}},"_links":{"self":[{"href":"https:\/\/global-hookah.com\/es\/wp-json\/wp\/v2\/product\/10467","targetHints":{"allow":["GET"]}}],"collection":[{"href":"https:\/\/global-hookah.com\/es\/wp-json\/wp\/v2\/product"}],"about":[{"href":"https:\/\/global-hookah.com\/es\/wp-json\/wp\/v2\/types\/product"}],"replies":[{"embeddable":true,"href":"https:\/\/global-hookah.com\/es\/wp-json\/wp\/v2\/comments?post=10467"}],"version-history":[{"count":0,"href":"https:\/\/global-hookah.com\/es\/wp-json\/wp\/v2\/product\/10467\/revisions"}],"wp:featuredmedia":[{"embeddable":true,"href":"https:\/\/global-hookah.com\/es\/wp-json\/wp\/v2\/media\/10471"}],"wp:attachment":[{"href":"https:\/\/global-hookah.com\/es\/wp-json\/wp\/v2\/media?parent=10467"}],"wp:term":[{"taxonomy":"product_brand","embeddable":true,"href":"https:\/\/global-hookah.com\/es\/wp-json\/wp\/v2\/product_brand?post=10467"},{"taxonomy":"product_cat","embeddable":true,"href":"https:\/\/global-hookah.com\/es\/wp-json\/wp\/v2\/product_cat?post=10467"},{"taxonomy":"product_tag","embeddable":true,"href":"https:\/\/global-hookah.com\/es\/wp-json\/wp\/v2\/product_tag?post=10467"}],"curies":[{"name":"wp","href":"https:\/\/api.w.org\/{rel}","templated":true}]}}