{"id":10859,"date":"2023-03-03T12:51:05","date_gmt":"2023-03-03T12:51:05","guid":{"rendered":"https:\/\/global-hookah.com\/?post_type=product&#038;p=10859"},"modified":"2024-03-13T00:27:37","modified_gmt":"2024-03-13T00:27:37","slug":"alien-gas-mask-bong-with-acrylic-water-pipe","status":"publish","type":"product","link":"https:\/\/global-hookah.com\/es\/producto\/alien-gas-mask-bong-with-acrylic-water-pipe\/","title":{"rendered":"M\u00e1scara de gas Alien Bong con tubo de agua acr\u00edlico"},"content":{"rendered":"<p>Para desconectar y divertirse, nada mejor que el <strong>Alien Gas Mask Bong con tubo de agua acr\u00edlico<\/strong>. El dise\u00f1o alien\u00edgena de este <strong>m\u00e1scara de gas para hierba bong<\/strong> incluye incluso una m\u00e1scara de gas. La cazoleta, apta para tabaco o cannabis, est\u00e1 situada debajo de la m\u00e1scara. La boquilla tambi\u00e9n tiene un peque\u00f1o orificio de respiraci\u00f3n en la parte inferior para que puedas inspirar f\u00e1cilmente mientras la llevas puesta sin tener que quit\u00e1rtela de la cara.<\/p>\n<p>La silicona y el acr\u00edlico utilizados para construir el <strong>m\u00e1scara de gas para hierba bong<\/strong> garantizan una larga duraci\u00f3n y una limpieza r\u00e1pida y sencilla tras su uso.<\/p>\n<p>Y la divertida m\u00e1scara alien\u00edgena tambi\u00e9n cuenta con un orificio de carburaci\u00f3n para que puedas controlar el flujo de aire mientras inhalas tu humo. Tambi\u00e9n puedes a\u00f1adir cubitos de hielo a la cazoleta antes de encenderla para conseguir caladas a\u00fan m\u00e1s intensas.<\/p>\n<p>En<strong> M\u00e1scara de gas Alien Bong<\/strong> es un <a href=\"https:\/\/global-hookah.com\/product-category\/cases\/\">gran hierba Bong regalo<\/a> para cualquier fumador al que le guste fumar de algo diferente o inusual.<\/p>","protected":false},"excerpt":{"rendered":"<p>Para relajarse y divertirse, nada mejor que la cachimba Alien Gas Mask con tubo de agua acr\u00edlico. El dise\u00f1o alien\u00edgena de<\/p>","protected":false},"featured_media":10861,"comment_status":"open","ping_status":"closed","template":"","meta":{"iawp_total_views":14,"_joinchat":[]},"product_brand":[],"product_cat":[204],"product_tag":[],"class_list":{"0":"post-10859","1":"product","2":"type-product","3":"status-publish","4":"has-post-thumbnail","6":"product_cat-gas-mask-bong-wholesale","8":"first","9":"instock","10":"sale","11":"shipping-taxable","12":"purchasable","13":"product-type-simple"},"yoast_head":"<!-- This site is optimized with the Yoast SEO Premium plugin v24.7 (Yoast SEO v26.8) - https:\/\/yoast.com\/product\/yoast-seo-premium-wordpress\/ -->\n<title>Alien Gas Mask Bong With Acrylic Water Pipe - Global Hookah<\/title>\n<meta name=\"robots\" content=\"index, follow, max-snippet:-1, max-image-preview:large, max-video-preview:-1\" \/>\n<link rel=\"canonical\" href=\"https:\/\/global-hookah.com\/es\/producto\/alien-gas-mask-bong-with-acrylic-water-pipe\/\" \/>\n<meta property=\"og:locale\" content=\"es_ES\" \/>\n<meta property=\"og:type\" content=\"article\" \/>\n<meta property=\"og:title\" content=\"Alien Gas Mask Bong With Acrylic Water Pipe\" \/>\n<meta property=\"og:description\" content=\"To unwind and have fun, nothing beats the Alien Gas Mask Bong with Acrylic Water Pipe. The alien-like design of\" \/>\n<meta property=\"og:url\" content=\"https:\/\/global-hookah.com\/es\/producto\/alien-gas-mask-bong-with-acrylic-water-pipe\/\" \/>\n<meta property=\"og:site_name\" content=\"Global Hookah\" \/>\n<meta property=\"article:modified_time\" content=\"2024-03-13T00:27:37+00:00\" \/>\n<meta property=\"og:image\" content=\"https:\/\/global-hookah.com\/wp-content\/uploads\/2023\/03\/\u4e3b\u56fe-01.jpg\" \/>\n\t<meta property=\"og:image:width\" content=\"1000\" \/>\n\t<meta property=\"og:image:height\" content=\"1000\" \/>\n\t<meta property=\"og:image:type\" content=\"image\/jpeg\" \/>\n<meta name=\"twitter:card\" content=\"summary_large_image\" \/>\n<meta name=\"twitter:label1\" content=\"Tiempo de lectura\" \/>\n\t<meta name=\"twitter:data1\" content=\"1 minuto\" \/>\n<script type=\"application\/ld+json\" class=\"yoast-schema-graph\">{\"@context\":\"https:\/\/schema.org\",\"@graph\":[{\"@type\":\"WebPage\",\"@id\":\"https:\/\/global-hookah.com\/product\/alien-gas-mask-bong-with-acrylic-water-pipe\/\",\"url\":\"https:\/\/global-hookah.com\/product\/alien-gas-mask-bong-with-acrylic-water-pipe\/\",\"name\":\"Alien Gas Mask Bong With Acrylic Water Pipe - Global Hookah\",\"isPartOf\":{\"@id\":\"https:\/\/global-hookah.com\/#website\"},\"primaryImageOfPage\":{\"@id\":\"https:\/\/global-hookah.com\/product\/alien-gas-mask-bong-with-acrylic-water-pipe\/#primaryimage\"},\"image\":{\"@id\":\"https:\/\/global-hookah.com\/product\/alien-gas-mask-bong-with-acrylic-water-pipe\/#primaryimage\"},\"thumbnailUrl\":\"https:\/\/global-hookah.com\/wp-content\/uploads\/2023\/03\/\u4e3b\u56fe-01.jpg\",\"datePublished\":\"2023-03-03T12:51:05+00:00\",\"dateModified\":\"2024-03-13T00:27:37+00:00\",\"breadcrumb\":{\"@id\":\"https:\/\/global-hookah.com\/product\/alien-gas-mask-bong-with-acrylic-water-pipe\/#breadcrumb\"},\"inLanguage\":\"es\",\"potentialAction\":[{\"@type\":\"ReadAction\",\"target\":[\"https:\/\/global-hookah.com\/product\/alien-gas-mask-bong-with-acrylic-water-pipe\/\"]}]},{\"@type\":\"ImageObject\",\"inLanguage\":\"es\",\"@id\":\"https:\/\/global-hookah.com\/product\/alien-gas-mask-bong-with-acrylic-water-pipe\/#primaryimage\",\"url\":\"https:\/\/global-hookah.com\/wp-content\/uploads\/2023\/03\/\u4e3b\u56fe-01.jpg\",\"contentUrl\":\"https:\/\/global-hookah.com\/wp-content\/uploads\/2023\/03\/\u4e3b\u56fe-01.jpg\",\"width\":1000,\"height\":1000,\"caption\":\"Alien Gas Mask Bong\"},{\"@type\":\"BreadcrumbList\",\"@id\":\"https:\/\/global-hookah.com\/product\/alien-gas-mask-bong-with-acrylic-water-pipe\/#breadcrumb\",\"itemListElement\":[{\"@type\":\"ListItem\",\"position\":1,\"name\":\"Home\",\"item\":\"https:\/\/global-hookah.com\/\"},{\"@type\":\"ListItem\",\"position\":2,\"name\":\"Shop\",\"item\":\"https:\/\/global-hookah.com\/shop\/\"},{\"@type\":\"ListItem\",\"position\":3,\"name\":\"Alien Gas Mask Bong With Acrylic Water Pipe\"}]},{\"@type\":\"WebSite\",\"@id\":\"https:\/\/global-hookah.com\/#website\",\"url\":\"https:\/\/global-hookah.com\/\",\"name\":\"Global Hookah\",\"description\":\"Global Hookah\",\"publisher\":{\"@id\":\"https:\/\/global-hookah.com\/#organization\"},\"potentialAction\":[{\"@type\":\"SearchAction\",\"target\":{\"@type\":\"EntryPoint\",\"urlTemplate\":\"https:\/\/global-hookah.com\/?s={search_term_string}\"},\"query-input\":{\"@type\":\"PropertyValueSpecification\",\"valueRequired\":true,\"valueName\":\"search_term_string\"}}],\"inLanguage\":\"es\"},{\"@type\":\"Organization\",\"@id\":\"https:\/\/global-hookah.com\/#organization\",\"name\":\"Global Hookah\",\"url\":\"https:\/\/global-hookah.com\/\",\"logo\":{\"@type\":\"ImageObject\",\"inLanguage\":\"es\",\"@id\":\"https:\/\/global-hookah.com\/#\/schema\/logo\/image\/\",\"url\":\"https:\/\/global-hookah.com\/wp-content\/uploads\/2021\/10\/cropped-fgg.png\",\"contentUrl\":\"https:\/\/global-hookah.com\/wp-content\/uploads\/2021\/10\/cropped-fgg.png\",\"width\":512,\"height\":512,\"caption\":\"Global Hookah\"},\"image\":{\"@id\":\"https:\/\/global-hookah.com\/#\/schema\/logo\/image\/\"}}]}<\/script>\n<!-- \/ Yoast SEO Premium plugin. -->","yoast_head_json":{"title":"Bong M\u00e1scara de Gas Alien con Tubo de Agua Acr\u00edlico - Global Hookah","robots":{"index":"index","follow":"follow","max-snippet":"max-snippet:-1","max-image-preview":"max-image-preview:large","max-video-preview":"max-video-preview:-1"},"canonical":"https:\/\/global-hookah.com\/es\/producto\/alien-gas-mask-bong-with-acrylic-water-pipe\/","og_locale":"es_ES","og_type":"article","og_title":"Alien Gas Mask Bong With Acrylic Water Pipe","og_description":"To unwind and have fun, nothing beats the Alien Gas Mask Bong with Acrylic Water Pipe. The alien-like design of","og_url":"https:\/\/global-hookah.com\/es\/producto\/alien-gas-mask-bong-with-acrylic-water-pipe\/","og_site_name":"Global Hookah","article_modified_time":"2024-03-13T00:27:37+00:00","og_image":[{"width":1000,"height":1000,"url":"https:\/\/global-hookah.com\/wp-content\/uploads\/2023\/03\/\u4e3b\u56fe-01.jpg","type":"image\/jpeg"}],"twitter_card":"summary_large_image","twitter_misc":{"Tiempo de lectura":"1 minuto"},"schema":{"@context":"https:\/\/schema.org","@graph":[{"@type":"WebPage","@id":"https:\/\/global-hookah.com\/product\/alien-gas-mask-bong-with-acrylic-water-pipe\/","url":"https:\/\/global-hookah.com\/product\/alien-gas-mask-bong-with-acrylic-water-pipe\/","name":"Bong M\u00e1scara de Gas Alien con Tubo de Agua Acr\u00edlico - Global Hookah","isPartOf":{"@id":"https:\/\/global-hookah.com\/#website"},"primaryImageOfPage":{"@id":"https:\/\/global-hookah.com\/product\/alien-gas-mask-bong-with-acrylic-water-pipe\/#primaryimage"},"image":{"@id":"https:\/\/global-hookah.com\/product\/alien-gas-mask-bong-with-acrylic-water-pipe\/#primaryimage"},"thumbnailUrl":"https:\/\/global-hookah.com\/wp-content\/uploads\/2023\/03\/\u4e3b\u56fe-01.jpg","datePublished":"2023-03-03T12:51:05+00:00","dateModified":"2024-03-13T00:27:37+00:00","breadcrumb":{"@id":"https:\/\/global-hookah.com\/product\/alien-gas-mask-bong-with-acrylic-water-pipe\/#breadcrumb"},"inLanguage":"es","potentialAction":[{"@type":"ReadAction","target":["https:\/\/global-hookah.com\/product\/alien-gas-mask-bong-with-acrylic-water-pipe\/"]}]},{"@type":"ImageObject","inLanguage":"es","@id":"https:\/\/global-hookah.com\/product\/alien-gas-mask-bong-with-acrylic-water-pipe\/#primaryimage","url":"https:\/\/global-hookah.com\/wp-content\/uploads\/2023\/03\/\u4e3b\u56fe-01.jpg","contentUrl":"https:\/\/global-hookah.com\/wp-content\/uploads\/2023\/03\/\u4e3b\u56fe-01.jpg","width":1000,"height":1000,"caption":"Alien Gas Mask Bong"},{"@type":"BreadcrumbList","@id":"https:\/\/global-hookah.com\/product\/alien-gas-mask-bong-with-acrylic-water-pipe\/#breadcrumb","itemListElement":[{"@type":"ListItem","position":1,"name":"Home","item":"https:\/\/global-hookah.com\/"},{"@type":"ListItem","position":2,"name":"Shop","item":"https:\/\/global-hookah.com\/shop\/"},{"@type":"ListItem","position":3,"name":"Alien Gas Mask Bong With Acrylic Water Pipe"}]},{"@type":"WebSite","@id":"https:\/\/global-hookah.com\/#website","url":"https:\/\/global-hookah.com\/","name":"Global Hookah","description":"Global Hookah","publisher":{"@id":"https:\/\/global-hookah.com\/#organization"},"potentialAction":[{"@type":"SearchAction","target":{"@type":"EntryPoint","urlTemplate":"https:\/\/global-hookah.com\/?s={search_term_string}"},"query-input":{"@type":"PropertyValueSpecification","valueRequired":true,"valueName":"search_term_string"}}],"inLanguage":"es"},{"@type":"Organization","@id":"https:\/\/global-hookah.com\/#organization","name":"Global Hookah","url":"https:\/\/global-hookah.com\/","logo":{"@type":"ImageObject","inLanguage":"es","@id":"https:\/\/global-hookah.com\/#\/schema\/logo\/image\/","url":"https:\/\/global-hookah.com\/wp-content\/uploads\/2021\/10\/cropped-fgg.png","contentUrl":"https:\/\/global-hookah.com\/wp-content\/uploads\/2021\/10\/cropped-fgg.png","width":512,"height":512,"caption":"Global Hookah"},"image":{"@id":"https:\/\/global-hookah.com\/#\/schema\/logo\/image\/"}}]}},"_links":{"self":[{"href":"https:\/\/global-hookah.com\/es\/wp-json\/wp\/v2\/product\/10859","targetHints":{"allow":["GET"]}}],"collection":[{"href":"https:\/\/global-hookah.com\/es\/wp-json\/wp\/v2\/product"}],"about":[{"href":"https:\/\/global-hookah.com\/es\/wp-json\/wp\/v2\/types\/product"}],"replies":[{"embeddable":true,"href":"https:\/\/global-hookah.com\/es\/wp-json\/wp\/v2\/comments?post=10859"}],"version-history":[{"count":0,"href":"https:\/\/global-hookah.com\/es\/wp-json\/wp\/v2\/product\/10859\/revisions"}],"wp:featuredmedia":[{"embeddable":true,"href":"https:\/\/global-hookah.com\/es\/wp-json\/wp\/v2\/media\/10861"}],"wp:attachment":[{"href":"https:\/\/global-hookah.com\/es\/wp-json\/wp\/v2\/media?parent=10859"}],"wp:term":[{"taxonomy":"product_brand","embeddable":true,"href":"https:\/\/global-hookah.com\/es\/wp-json\/wp\/v2\/product_brand?post=10859"},{"taxonomy":"product_cat","embeddable":true,"href":"https:\/\/global-hookah.com\/es\/wp-json\/wp\/v2\/product_cat?post=10859"},{"taxonomy":"product_tag","embeddable":true,"href":"https:\/\/global-hookah.com\/es\/wp-json\/wp\/v2\/product_tag?post=10859"}],"curies":[{"name":"wp","href":"https:\/\/api.w.org\/{rel}","templated":true}]}}