{"id":10909,"date":"2023-03-03T13:24:06","date_gmt":"2023-03-03T13:24:06","guid":{"rendered":"https:\/\/global-hookah.com\/?post_type=product&#038;p=10909"},"modified":"2024-03-13T00:27:37","modified_gmt":"2024-03-13T00:27:37","slug":"skull-gas-mask-bong","status":"publish","type":"product","link":"https:\/\/global-hookah.com\/es\/producto\/skull-gas-mask-bong\/","title":{"rendered":"Calavera M\u00e1scara de Gas Bong"},"content":{"rendered":"<p>En <strong>Calavera M\u00e1scara de Gas Bong<\/strong> es un dispositivo de fumar elegante y \u00fanico, este Bong tiene forma de calavera, d\u00e1ndole un aspecto \u00fanico y elegante, si est\u00e1s de fiesta con amigos puede ser de inter\u00e9s<\/p>\n<p>Este <strong>Calavera M\u00e1scara de Gas Bong<\/strong> normalmente consiste en una cazoleta de bong, una pipa conectada al Gas Mask Bong y una elegante m\u00e1scara de gas de calavera, s\u00f3lo tienes que llenar el Bong con agua para que el humo est\u00e9 en el agua antes de entrar en la m\u00e1scara de gas Filtrado y enfriado, este proceso de filtrado elimina cualquier impureza, a\u00f1adiendo una experiencia de fumar m\u00e1s placentera para ti<\/p>\n<p>Tanto si busca una pieza \u00fanica como algo que mejore su experiencia de fumar, nuestra selecci\u00f3n de <a href=\"https:\/\/global-hookah.com\/product-category\/bongs\/gas-mask-bong\/\">m\u00e1scaras de gas bongs<\/a> seguro que tiene lo que necesita<\/p>","protected":false},"excerpt":{"rendered":"<p>El Skull Gas Mask Bong es un dispositivo de fumar elegante y \u00fanico, este Bong tiene la forma de un cr\u00e1neo, dando<\/p>","protected":false},"featured_media":10911,"comment_status":"open","ping_status":"closed","template":"","meta":{"iawp_total_views":7,"_joinchat":[]},"product_brand":[],"product_cat":[204],"product_tag":[],"class_list":{"0":"post-10909","1":"product","2":"type-product","3":"status-publish","4":"has-post-thumbnail","6":"product_cat-gas-mask-bong-wholesale","8":"first","9":"instock","10":"sale","11":"shipping-taxable","12":"purchasable","13":"product-type-simple"},"yoast_head":"<!-- This site is optimized with the Yoast SEO Premium plugin v24.7 (Yoast SEO v26.8) - https:\/\/yoast.com\/product\/yoast-seo-premium-wordpress\/ -->\n<title>Skull Gas Mask Bong - Global Hookah<\/title>\n<meta name=\"robots\" content=\"index, follow, max-snippet:-1, max-image-preview:large, max-video-preview:-1\" \/>\n<link rel=\"canonical\" href=\"https:\/\/global-hookah.com\/es\/producto\/skull-gas-mask-bong\/\" \/>\n<meta property=\"og:locale\" content=\"es_ES\" \/>\n<meta property=\"og:type\" content=\"article\" \/>\n<meta property=\"og:title\" content=\"Skull Gas Mask Bong\" \/>\n<meta property=\"og:description\" content=\"The Skull Gas Mask Bong is a stylish and unique smoking device, this Bong is shaped like a skull, giving\" \/>\n<meta property=\"og:url\" content=\"https:\/\/global-hookah.com\/es\/producto\/skull-gas-mask-bong\/\" \/>\n<meta property=\"og:site_name\" content=\"Global Hookah\" \/>\n<meta property=\"article:modified_time\" content=\"2024-03-13T00:27:37+00:00\" \/>\n<meta property=\"og:image\" content=\"https:\/\/global-hookah.com\/wp-content\/uploads\/2023\/03\/\u4e3b\u56fe-01-4.jpg\" \/>\n\t<meta property=\"og:image:width\" content=\"1000\" \/>\n\t<meta property=\"og:image:height\" content=\"1000\" \/>\n\t<meta property=\"og:image:type\" content=\"image\/jpeg\" \/>\n<meta name=\"twitter:card\" content=\"summary_large_image\" \/>\n<meta name=\"twitter:label1\" content=\"Tiempo de lectura\" \/>\n\t<meta name=\"twitter:data1\" content=\"1 minuto\" \/>\n<script type=\"application\/ld+json\" class=\"yoast-schema-graph\">{\"@context\":\"https:\/\/schema.org\",\"@graph\":[{\"@type\":\"WebPage\",\"@id\":\"https:\/\/global-hookah.com\/product\/skull-gas-mask-bong\/\",\"url\":\"https:\/\/global-hookah.com\/product\/skull-gas-mask-bong\/\",\"name\":\"Skull Gas Mask Bong - Global Hookah\",\"isPartOf\":{\"@id\":\"https:\/\/global-hookah.com\/#website\"},\"primaryImageOfPage\":{\"@id\":\"https:\/\/global-hookah.com\/product\/skull-gas-mask-bong\/#primaryimage\"},\"image\":{\"@id\":\"https:\/\/global-hookah.com\/product\/skull-gas-mask-bong\/#primaryimage\"},\"thumbnailUrl\":\"https:\/\/global-hookah.com\/wp-content\/uploads\/2023\/03\/\u4e3b\u56fe-01-4.jpg\",\"datePublished\":\"2023-03-03T13:24:06+00:00\",\"dateModified\":\"2024-03-13T00:27:37+00:00\",\"breadcrumb\":{\"@id\":\"https:\/\/global-hookah.com\/product\/skull-gas-mask-bong\/#breadcrumb\"},\"inLanguage\":\"es\",\"potentialAction\":[{\"@type\":\"ReadAction\",\"target\":[\"https:\/\/global-hookah.com\/product\/skull-gas-mask-bong\/\"]}]},{\"@type\":\"ImageObject\",\"inLanguage\":\"es\",\"@id\":\"https:\/\/global-hookah.com\/product\/skull-gas-mask-bong\/#primaryimage\",\"url\":\"https:\/\/global-hookah.com\/wp-content\/uploads\/2023\/03\/\u4e3b\u56fe-01-4.jpg\",\"contentUrl\":\"https:\/\/global-hookah.com\/wp-content\/uploads\/2023\/03\/\u4e3b\u56fe-01-4.jpg\",\"width\":1000,\"height\":1000,\"caption\":\"Skull Gas Mask Bong\"},{\"@type\":\"BreadcrumbList\",\"@id\":\"https:\/\/global-hookah.com\/product\/skull-gas-mask-bong\/#breadcrumb\",\"itemListElement\":[{\"@type\":\"ListItem\",\"position\":1,\"name\":\"Home\",\"item\":\"https:\/\/global-hookah.com\/\"},{\"@type\":\"ListItem\",\"position\":2,\"name\":\"Shop\",\"item\":\"https:\/\/global-hookah.com\/shop\/\"},{\"@type\":\"ListItem\",\"position\":3,\"name\":\"Skull Gas Mask Bong\"}]},{\"@type\":\"WebSite\",\"@id\":\"https:\/\/global-hookah.com\/#website\",\"url\":\"https:\/\/global-hookah.com\/\",\"name\":\"Global Hookah\",\"description\":\"Global Hookah\",\"publisher\":{\"@id\":\"https:\/\/global-hookah.com\/#organization\"},\"potentialAction\":[{\"@type\":\"SearchAction\",\"target\":{\"@type\":\"EntryPoint\",\"urlTemplate\":\"https:\/\/global-hookah.com\/?s={search_term_string}\"},\"query-input\":{\"@type\":\"PropertyValueSpecification\",\"valueRequired\":true,\"valueName\":\"search_term_string\"}}],\"inLanguage\":\"es\"},{\"@type\":\"Organization\",\"@id\":\"https:\/\/global-hookah.com\/#organization\",\"name\":\"Global Hookah\",\"url\":\"https:\/\/global-hookah.com\/\",\"logo\":{\"@type\":\"ImageObject\",\"inLanguage\":\"es\",\"@id\":\"https:\/\/global-hookah.com\/#\/schema\/logo\/image\/\",\"url\":\"https:\/\/global-hookah.com\/wp-content\/uploads\/2021\/10\/cropped-fgg.png\",\"contentUrl\":\"https:\/\/global-hookah.com\/wp-content\/uploads\/2021\/10\/cropped-fgg.png\",\"width\":512,\"height\":512,\"caption\":\"Global Hookah\"},\"image\":{\"@id\":\"https:\/\/global-hookah.com\/#\/schema\/logo\/image\/\"}}]}<\/script>\n<!-- \/ Yoast SEO Premium plugin. -->","yoast_head_json":{"title":"Bong Calavera M\u00e1scara de Gas - Global Hookah","robots":{"index":"index","follow":"follow","max-snippet":"max-snippet:-1","max-image-preview":"max-image-preview:large","max-video-preview":"max-video-preview:-1"},"canonical":"https:\/\/global-hookah.com\/es\/producto\/skull-gas-mask-bong\/","og_locale":"es_ES","og_type":"article","og_title":"Skull Gas Mask Bong","og_description":"The Skull Gas Mask Bong is a stylish and unique smoking device, this Bong is shaped like a skull, giving","og_url":"https:\/\/global-hookah.com\/es\/producto\/skull-gas-mask-bong\/","og_site_name":"Global Hookah","article_modified_time":"2024-03-13T00:27:37+00:00","og_image":[{"width":1000,"height":1000,"url":"https:\/\/global-hookah.com\/wp-content\/uploads\/2023\/03\/\u4e3b\u56fe-01-4.jpg","type":"image\/jpeg"}],"twitter_card":"summary_large_image","twitter_misc":{"Tiempo de lectura":"1 minuto"},"schema":{"@context":"https:\/\/schema.org","@graph":[{"@type":"WebPage","@id":"https:\/\/global-hookah.com\/product\/skull-gas-mask-bong\/","url":"https:\/\/global-hookah.com\/product\/skull-gas-mask-bong\/","name":"Bong Calavera M\u00e1scara de Gas - Global Hookah","isPartOf":{"@id":"https:\/\/global-hookah.com\/#website"},"primaryImageOfPage":{"@id":"https:\/\/global-hookah.com\/product\/skull-gas-mask-bong\/#primaryimage"},"image":{"@id":"https:\/\/global-hookah.com\/product\/skull-gas-mask-bong\/#primaryimage"},"thumbnailUrl":"https:\/\/global-hookah.com\/wp-content\/uploads\/2023\/03\/\u4e3b\u56fe-01-4.jpg","datePublished":"2023-03-03T13:24:06+00:00","dateModified":"2024-03-13T00:27:37+00:00","breadcrumb":{"@id":"https:\/\/global-hookah.com\/product\/skull-gas-mask-bong\/#breadcrumb"},"inLanguage":"es","potentialAction":[{"@type":"ReadAction","target":["https:\/\/global-hookah.com\/product\/skull-gas-mask-bong\/"]}]},{"@type":"ImageObject","inLanguage":"es","@id":"https:\/\/global-hookah.com\/product\/skull-gas-mask-bong\/#primaryimage","url":"https:\/\/global-hookah.com\/wp-content\/uploads\/2023\/03\/\u4e3b\u56fe-01-4.jpg","contentUrl":"https:\/\/global-hookah.com\/wp-content\/uploads\/2023\/03\/\u4e3b\u56fe-01-4.jpg","width":1000,"height":1000,"caption":"Skull Gas Mask Bong"},{"@type":"BreadcrumbList","@id":"https:\/\/global-hookah.com\/product\/skull-gas-mask-bong\/#breadcrumb","itemListElement":[{"@type":"ListItem","position":1,"name":"Home","item":"https:\/\/global-hookah.com\/"},{"@type":"ListItem","position":2,"name":"Shop","item":"https:\/\/global-hookah.com\/shop\/"},{"@type":"ListItem","position":3,"name":"Skull Gas Mask Bong"}]},{"@type":"WebSite","@id":"https:\/\/global-hookah.com\/#website","url":"https:\/\/global-hookah.com\/","name":"Global Hookah","description":"Global Hookah","publisher":{"@id":"https:\/\/global-hookah.com\/#organization"},"potentialAction":[{"@type":"SearchAction","target":{"@type":"EntryPoint","urlTemplate":"https:\/\/global-hookah.com\/?s={search_term_string}"},"query-input":{"@type":"PropertyValueSpecification","valueRequired":true,"valueName":"search_term_string"}}],"inLanguage":"es"},{"@type":"Organization","@id":"https:\/\/global-hookah.com\/#organization","name":"Global Hookah","url":"https:\/\/global-hookah.com\/","logo":{"@type":"ImageObject","inLanguage":"es","@id":"https:\/\/global-hookah.com\/#\/schema\/logo\/image\/","url":"https:\/\/global-hookah.com\/wp-content\/uploads\/2021\/10\/cropped-fgg.png","contentUrl":"https:\/\/global-hookah.com\/wp-content\/uploads\/2021\/10\/cropped-fgg.png","width":512,"height":512,"caption":"Global Hookah"},"image":{"@id":"https:\/\/global-hookah.com\/#\/schema\/logo\/image\/"}}]}},"_links":{"self":[{"href":"https:\/\/global-hookah.com\/es\/wp-json\/wp\/v2\/product\/10909","targetHints":{"allow":["GET"]}}],"collection":[{"href":"https:\/\/global-hookah.com\/es\/wp-json\/wp\/v2\/product"}],"about":[{"href":"https:\/\/global-hookah.com\/es\/wp-json\/wp\/v2\/types\/product"}],"replies":[{"embeddable":true,"href":"https:\/\/global-hookah.com\/es\/wp-json\/wp\/v2\/comments?post=10909"}],"version-history":[{"count":0,"href":"https:\/\/global-hookah.com\/es\/wp-json\/wp\/v2\/product\/10909\/revisions"}],"wp:featuredmedia":[{"embeddable":true,"href":"https:\/\/global-hookah.com\/es\/wp-json\/wp\/v2\/media\/10911"}],"wp:attachment":[{"href":"https:\/\/global-hookah.com\/es\/wp-json\/wp\/v2\/media?parent=10909"}],"wp:term":[{"taxonomy":"product_brand","embeddable":true,"href":"https:\/\/global-hookah.com\/es\/wp-json\/wp\/v2\/product_brand?post=10909"},{"taxonomy":"product_cat","embeddable":true,"href":"https:\/\/global-hookah.com\/es\/wp-json\/wp\/v2\/product_cat?post=10909"},{"taxonomy":"product_tag","embeddable":true,"href":"https:\/\/global-hookah.com\/es\/wp-json\/wp\/v2\/product_tag?post=10909"}],"curies":[{"name":"wp","href":"https:\/\/api.w.org\/{rel}","templated":true}]}}