{"id":10951,"date":"2023-03-04T11:07:55","date_gmt":"2023-03-04T11:07:55","guid":{"rendered":"https:\/\/global-hookah.com\/?post_type=product&#038;p=10951"},"modified":"2024-04-29T01:13:49","modified_gmt":"2024-04-29T01:13:49","slug":"star-wars-gas-mask-bong","status":"publish","type":"product","link":"https:\/\/global-hookah.com\/es\/producto\/star-wars-gas-mask-bong\/","title":{"rendered":"Star Wars M\u00e1scara de Gas Bong al por mayor"},"content":{"rendered":"<p>Queridos fans de Star Wars, \u00bfest\u00e1is buscando la cachimba m\u00e1s futurista con tem\u00e1tica de Star Wars? Pues me alegra deciros que \u00a1hab\u00e9is venido al lugar adecuado! Estas <strong>Bongs de m\u00e1scara de gas<\/strong> nosotros al por mayor son populares con Star Wars III Es amado por los fans de la serie, incluy\u00e9ndome a m\u00ed. Como fan de Star Wars, me gusta mucho este dise\u00f1o futurista y tecnol\u00f3gico.<\/p>\n<p>La primera vez que ve el<strong> M\u00e1scara de gas Bong<\/strong>Quedar\u00e1s tan impresionado como yo. \u00a1Es simplemente incre\u00edble y genial! Est\u00e1n hechos de silicona y acr\u00edlico de alta calidad, y nuestros dise\u00f1adores les dieron un aspecto futurista s\u00faper durante el proceso de dise\u00f1o<\/p>\n<p>Sobre todo, s\u00f3lo pesa 700 g, por lo que es f\u00e1cil de transportar incluso cuando viajamos. Y lo mejor de todo, \u00a1ofrecemos precios al por mayor reales que incluso un cazador de gangas como yo encuentra incre\u00edblemente baratos!<\/p>\n<p>Si desea <strong>venta al por mayor Gas Mask Bong<\/strong>entonces <strong>m\u00e1scara de gas bong de alta calidad<\/strong> es su primera opci\u00f3n. Y cuanto mayor sea su <strong>cantidad al por mayor<\/strong>mayor ser\u00e1 el descuento.<\/p>","protected":false},"excerpt":{"rendered":"<p>Queridos fans de Star Wars, \u00bfest\u00e1is buscando la cachimba m\u00e1s futurista con tem\u00e1tica de Star Wars? Pues me complace<\/p>","protected":false},"featured_media":10957,"comment_status":"open","ping_status":"closed","template":"","meta":{"iawp_total_views":24,"_joinchat":[]},"product_brand":[],"product_cat":[204],"product_tag":[],"class_list":{"0":"post-10951","1":"product","2":"type-product","3":"status-publish","4":"has-post-thumbnail","6":"product_cat-gas-mask-bong-wholesale","8":"first","9":"instock","10":"shipping-taxable","11":"product-type-external"},"yoast_head":"<!-- This site is optimized with the Yoast SEO Premium plugin v24.7 (Yoast SEO v26.8) - https:\/\/yoast.com\/product\/yoast-seo-premium-wordpress\/ -->\n<title>Star Wars Gas Mask Bong Wholesale - Global Hookah<\/title>\n<meta name=\"robots\" content=\"index, follow, max-snippet:-1, max-image-preview:large, max-video-preview:-1\" \/>\n<link rel=\"canonical\" href=\"https:\/\/global-hookah.com\/es\/producto\/star-wars-gas-mask-bong\/\" \/>\n<meta property=\"og:locale\" content=\"es_ES\" \/>\n<meta property=\"og:type\" content=\"article\" \/>\n<meta property=\"og:title\" content=\"Star Wars Gas Mask Bong Wholesale\" \/>\n<meta property=\"og:description\" content=\"Dear fellow Star Wars fans, are you looking for the most futuristic Star Wars-themed bong ever? So I&#8217;m happy to\" \/>\n<meta property=\"og:url\" content=\"https:\/\/global-hookah.com\/es\/producto\/star-wars-gas-mask-bong\/\" \/>\n<meta property=\"og:site_name\" content=\"Global Hookah\" \/>\n<meta property=\"article:modified_time\" content=\"2024-04-29T01:13:49+00:00\" \/>\n<meta property=\"og:image\" content=\"https:\/\/global-hookah.com\/wp-content\/uploads\/2023\/03\/\u4e3b\u56fe-01-6.jpg\" \/>\n\t<meta property=\"og:image:width\" content=\"800\" \/>\n\t<meta property=\"og:image:height\" content=\"800\" \/>\n\t<meta property=\"og:image:type\" content=\"image\/jpeg\" \/>\n<meta name=\"twitter:card\" content=\"summary_large_image\" \/>\n<meta name=\"twitter:label1\" content=\"Tiempo de lectura\" \/>\n\t<meta name=\"twitter:data1\" content=\"1 minuto\" \/>\n<script type=\"application\/ld+json\" class=\"yoast-schema-graph\">{\"@context\":\"https:\/\/schema.org\",\"@graph\":[{\"@type\":\"WebPage\",\"@id\":\"https:\/\/global-hookah.com\/product\/star-wars-gas-mask-bong\/\",\"url\":\"https:\/\/global-hookah.com\/product\/star-wars-gas-mask-bong\/\",\"name\":\"Star Wars Gas Mask Bong Wholesale - Global Hookah\",\"isPartOf\":{\"@id\":\"https:\/\/global-hookah.com\/#website\"},\"primaryImageOfPage\":{\"@id\":\"https:\/\/global-hookah.com\/product\/star-wars-gas-mask-bong\/#primaryimage\"},\"image\":{\"@id\":\"https:\/\/global-hookah.com\/product\/star-wars-gas-mask-bong\/#primaryimage\"},\"thumbnailUrl\":\"https:\/\/global-hookah.com\/wp-content\/uploads\/2023\/03\/\u4e3b\u56fe-01-6.jpg\",\"datePublished\":\"2023-03-04T11:07:55+00:00\",\"dateModified\":\"2024-04-29T01:13:49+00:00\",\"breadcrumb\":{\"@id\":\"https:\/\/global-hookah.com\/product\/star-wars-gas-mask-bong\/#breadcrumb\"},\"inLanguage\":\"es\",\"potentialAction\":[{\"@type\":\"ReadAction\",\"target\":[\"https:\/\/global-hookah.com\/product\/star-wars-gas-mask-bong\/\"]}]},{\"@type\":\"ImageObject\",\"inLanguage\":\"es\",\"@id\":\"https:\/\/global-hookah.com\/product\/star-wars-gas-mask-bong\/#primaryimage\",\"url\":\"https:\/\/global-hookah.com\/wp-content\/uploads\/2023\/03\/\u4e3b\u56fe-01-6.jpg\",\"contentUrl\":\"https:\/\/global-hookah.com\/wp-content\/uploads\/2023\/03\/\u4e3b\u56fe-01-6.jpg\",\"width\":800,\"height\":800,\"caption\":\"Star Wars Gas Mask Bong\"},{\"@type\":\"BreadcrumbList\",\"@id\":\"https:\/\/global-hookah.com\/product\/star-wars-gas-mask-bong\/#breadcrumb\",\"itemListElement\":[{\"@type\":\"ListItem\",\"position\":1,\"name\":\"Home\",\"item\":\"https:\/\/global-hookah.com\/\"},{\"@type\":\"ListItem\",\"position\":2,\"name\":\"Shop\",\"item\":\"https:\/\/global-hookah.com\/shop\/\"},{\"@type\":\"ListItem\",\"position\":3,\"name\":\"Star Wars Gas Mask Bong Wholesale\"}]},{\"@type\":\"WebSite\",\"@id\":\"https:\/\/global-hookah.com\/#website\",\"url\":\"https:\/\/global-hookah.com\/\",\"name\":\"Global Hookah\",\"description\":\"Global Hookah\",\"publisher\":{\"@id\":\"https:\/\/global-hookah.com\/#organization\"},\"potentialAction\":[{\"@type\":\"SearchAction\",\"target\":{\"@type\":\"EntryPoint\",\"urlTemplate\":\"https:\/\/global-hookah.com\/?s={search_term_string}\"},\"query-input\":{\"@type\":\"PropertyValueSpecification\",\"valueRequired\":true,\"valueName\":\"search_term_string\"}}],\"inLanguage\":\"es\"},{\"@type\":\"Organization\",\"@id\":\"https:\/\/global-hookah.com\/#organization\",\"name\":\"Global Hookah\",\"url\":\"https:\/\/global-hookah.com\/\",\"logo\":{\"@type\":\"ImageObject\",\"inLanguage\":\"es\",\"@id\":\"https:\/\/global-hookah.com\/#\/schema\/logo\/image\/\",\"url\":\"https:\/\/global-hookah.com\/wp-content\/uploads\/2021\/10\/cropped-fgg.png\",\"contentUrl\":\"https:\/\/global-hookah.com\/wp-content\/uploads\/2021\/10\/cropped-fgg.png\",\"width\":512,\"height\":512,\"caption\":\"Global Hookah\"},\"image\":{\"@id\":\"https:\/\/global-hookah.com\/#\/schema\/logo\/image\/\"}}]}<\/script>\n<!-- \/ Yoast SEO Premium plugin. -->","yoast_head_json":{"title":"Bong M\u00e1scara de Gas Star Wars al por mayor - Global Hookah","robots":{"index":"index","follow":"follow","max-snippet":"max-snippet:-1","max-image-preview":"max-image-preview:large","max-video-preview":"max-video-preview:-1"},"canonical":"https:\/\/global-hookah.com\/es\/producto\/star-wars-gas-mask-bong\/","og_locale":"es_ES","og_type":"article","og_title":"Star Wars Gas Mask Bong Wholesale","og_description":"Dear fellow Star Wars fans, are you looking for the most futuristic Star Wars-themed bong ever? So I&#8217;m happy to","og_url":"https:\/\/global-hookah.com\/es\/producto\/star-wars-gas-mask-bong\/","og_site_name":"Global Hookah","article_modified_time":"2024-04-29T01:13:49+00:00","og_image":[{"width":800,"height":800,"url":"https:\/\/global-hookah.com\/wp-content\/uploads\/2023\/03\/\u4e3b\u56fe-01-6.jpg","type":"image\/jpeg"}],"twitter_card":"summary_large_image","twitter_misc":{"Tiempo de lectura":"1 minuto"},"schema":{"@context":"https:\/\/schema.org","@graph":[{"@type":"WebPage","@id":"https:\/\/global-hookah.com\/product\/star-wars-gas-mask-bong\/","url":"https:\/\/global-hookah.com\/product\/star-wars-gas-mask-bong\/","name":"Bong M\u00e1scara de Gas Star Wars al por mayor - Global Hookah","isPartOf":{"@id":"https:\/\/global-hookah.com\/#website"},"primaryImageOfPage":{"@id":"https:\/\/global-hookah.com\/product\/star-wars-gas-mask-bong\/#primaryimage"},"image":{"@id":"https:\/\/global-hookah.com\/product\/star-wars-gas-mask-bong\/#primaryimage"},"thumbnailUrl":"https:\/\/global-hookah.com\/wp-content\/uploads\/2023\/03\/\u4e3b\u56fe-01-6.jpg","datePublished":"2023-03-04T11:07:55+00:00","dateModified":"2024-04-29T01:13:49+00:00","breadcrumb":{"@id":"https:\/\/global-hookah.com\/product\/star-wars-gas-mask-bong\/#breadcrumb"},"inLanguage":"es","potentialAction":[{"@type":"ReadAction","target":["https:\/\/global-hookah.com\/product\/star-wars-gas-mask-bong\/"]}]},{"@type":"ImageObject","inLanguage":"es","@id":"https:\/\/global-hookah.com\/product\/star-wars-gas-mask-bong\/#primaryimage","url":"https:\/\/global-hookah.com\/wp-content\/uploads\/2023\/03\/\u4e3b\u56fe-01-6.jpg","contentUrl":"https:\/\/global-hookah.com\/wp-content\/uploads\/2023\/03\/\u4e3b\u56fe-01-6.jpg","width":800,"height":800,"caption":"Star Wars Gas Mask Bong"},{"@type":"BreadcrumbList","@id":"https:\/\/global-hookah.com\/product\/star-wars-gas-mask-bong\/#breadcrumb","itemListElement":[{"@type":"ListItem","position":1,"name":"Home","item":"https:\/\/global-hookah.com\/"},{"@type":"ListItem","position":2,"name":"Shop","item":"https:\/\/global-hookah.com\/shop\/"},{"@type":"ListItem","position":3,"name":"Star Wars Gas Mask Bong Wholesale"}]},{"@type":"WebSite","@id":"https:\/\/global-hookah.com\/#website","url":"https:\/\/global-hookah.com\/","name":"Global Hookah","description":"Global Hookah","publisher":{"@id":"https:\/\/global-hookah.com\/#organization"},"potentialAction":[{"@type":"SearchAction","target":{"@type":"EntryPoint","urlTemplate":"https:\/\/global-hookah.com\/?s={search_term_string}"},"query-input":{"@type":"PropertyValueSpecification","valueRequired":true,"valueName":"search_term_string"}}],"inLanguage":"es"},{"@type":"Organization","@id":"https:\/\/global-hookah.com\/#organization","name":"Global Hookah","url":"https:\/\/global-hookah.com\/","logo":{"@type":"ImageObject","inLanguage":"es","@id":"https:\/\/global-hookah.com\/#\/schema\/logo\/image\/","url":"https:\/\/global-hookah.com\/wp-content\/uploads\/2021\/10\/cropped-fgg.png","contentUrl":"https:\/\/global-hookah.com\/wp-content\/uploads\/2021\/10\/cropped-fgg.png","width":512,"height":512,"caption":"Global Hookah"},"image":{"@id":"https:\/\/global-hookah.com\/#\/schema\/logo\/image\/"}}]}},"_links":{"self":[{"href":"https:\/\/global-hookah.com\/es\/wp-json\/wp\/v2\/product\/10951","targetHints":{"allow":["GET"]}}],"collection":[{"href":"https:\/\/global-hookah.com\/es\/wp-json\/wp\/v2\/product"}],"about":[{"href":"https:\/\/global-hookah.com\/es\/wp-json\/wp\/v2\/types\/product"}],"replies":[{"embeddable":true,"href":"https:\/\/global-hookah.com\/es\/wp-json\/wp\/v2\/comments?post=10951"}],"version-history":[{"count":0,"href":"https:\/\/global-hookah.com\/es\/wp-json\/wp\/v2\/product\/10951\/revisions"}],"wp:featuredmedia":[{"embeddable":true,"href":"https:\/\/global-hookah.com\/es\/wp-json\/wp\/v2\/media\/10957"}],"wp:attachment":[{"href":"https:\/\/global-hookah.com\/es\/wp-json\/wp\/v2\/media?parent=10951"}],"wp:term":[{"taxonomy":"product_brand","embeddable":true,"href":"https:\/\/global-hookah.com\/es\/wp-json\/wp\/v2\/product_brand?post=10951"},{"taxonomy":"product_cat","embeddable":true,"href":"https:\/\/global-hookah.com\/es\/wp-json\/wp\/v2\/product_cat?post=10951"},{"taxonomy":"product_tag","embeddable":true,"href":"https:\/\/global-hookah.com\/es\/wp-json\/wp\/v2\/product_tag?post=10951"}],"curies":[{"name":"wp","href":"https:\/\/api.w.org\/{rel}","templated":true}]}}