{"id":10959,"date":"2023-03-04T11:18:14","date_gmt":"2023-03-04T11:18:14","guid":{"rendered":"https:\/\/global-hookah.com\/?post_type=product&#038;p=10959"},"modified":"2023-12-19T06:27:39","modified_gmt":"2023-12-19T06:27:39","slug":"cool-pumpkin-head-silicone-gas-mask-bong","status":"publish","type":"product","link":"https:\/\/global-hookah.com\/es\/producto\/cool-pumpkin-head-silicone-gas-mask-bong\/","title":{"rendered":"Cool Pumpkin Head M\u00e1scara de gas de silicona Bong"},"content":{"rendered":"<p>Este <strong>Cabeza de calabaza de silicona m\u00e1scara de gas Bong<\/strong>\u00a0Est\u00e1 fabricado con material de silicona 100% no t\u00f3xico y apto para uso alimentario, que es seguro y suave. El dise\u00f1o de gran apertura permite fumar f\u00e1cilmente, y el enfriador incorporado puede enfriar el humo. La parte trasera de la m\u00e1scara est\u00e1 equipada con una interfaz de soporte de cigarrillo conveniente, que se puede conectar a una manguera de pipa de agua.<\/p>\n<p>Lo mejor <strong>Cabeza de calabaza de silicona m\u00e1scara de gas Bong<\/strong> tiene un dise\u00f1o realista, con globos oculares salientes e hileras de colmillos. Llevarlo puesto es como transformarse en un genial hombre calabaza de Halloween. Por eso, este <a href=\"https:\/\/global-hookah.com\/product-category\/bongs\/gas-mask-bong\/\" rel=\"tag\">M\u00e1scara de gas Bong<\/a> es sin duda uno de los favoritos entre los coleccionistas de equipos para fumadores y los entusiastas del Cosplay.<\/p>\n<p>Consigue esta genial pipa de agua con m\u00e1scara de cabeza de calabaza para colocarte y tener un aspecto s\u00faper Halloween al mismo tiempo. \u00a1S\u00e9 el m\u00e1s guay!<\/p>","protected":false},"excerpt":{"rendered":"<p>Esta cabeza de calabaza de silicona m\u00e1scara de gas Bong est\u00e1 hecho de material de silicona no t\u00f3xica de grado alimenticio 100%, que es seguro y suave. El<\/p>","protected":false},"featured_media":10966,"comment_status":"open","ping_status":"closed","template":"","meta":{"iawp_total_views":13,"_joinchat":[]},"product_brand":[],"product_cat":[204],"product_tag":[],"class_list":{"0":"post-10959","1":"product","2":"type-product","3":"status-publish","4":"has-post-thumbnail","6":"product_cat-gas-mask-bong-wholesale","8":"first","9":"instock","10":"shipping-taxable","11":"product-type-simple"},"yoast_head":"<!-- This site is optimized with the Yoast SEO Premium plugin v24.7 (Yoast SEO v26.8) - https:\/\/yoast.com\/product\/yoast-seo-premium-wordpress\/ -->\n<title>Cool Pumpkin Head Silicone Gas Mask Bong - Global Hookah<\/title>\n<meta name=\"robots\" content=\"index, follow, max-snippet:-1, max-image-preview:large, max-video-preview:-1\" \/>\n<link rel=\"canonical\" href=\"https:\/\/global-hookah.com\/es\/producto\/cool-pumpkin-head-silicone-gas-mask-bong\/\" \/>\n<meta property=\"og:locale\" content=\"es_ES\" \/>\n<meta property=\"og:type\" content=\"article\" \/>\n<meta property=\"og:title\" content=\"Cool Pumpkin Head Silicone Gas Mask Bong\" \/>\n<meta property=\"og:description\" content=\"This Pumpkin Head Silicone Gas Mask Bong\u00a0is made of 100% food-grade non-toxic silicone material, which is safe and soft. The\" \/>\n<meta property=\"og:url\" content=\"https:\/\/global-hookah.com\/es\/producto\/cool-pumpkin-head-silicone-gas-mask-bong\/\" \/>\n<meta property=\"og:site_name\" content=\"Global Hookah\" \/>\n<meta property=\"article:modified_time\" content=\"2023-12-19T06:27:39+00:00\" \/>\n<meta property=\"og:image\" content=\"https:\/\/global-hookah.com\/wp-content\/uploads\/2023\/03\/\u4e3b\u56fe-02-7.jpg\" \/>\n\t<meta property=\"og:image:width\" content=\"1280\" \/>\n\t<meta property=\"og:image:height\" content=\"1280\" \/>\n\t<meta property=\"og:image:type\" content=\"image\/jpeg\" \/>\n<meta name=\"twitter:card\" content=\"summary_large_image\" \/>\n<meta name=\"twitter:label1\" content=\"Tiempo de lectura\" \/>\n\t<meta name=\"twitter:data1\" content=\"1 minuto\" \/>\n<script type=\"application\/ld+json\" class=\"yoast-schema-graph\">{\"@context\":\"https:\/\/schema.org\",\"@graph\":[{\"@type\":\"WebPage\",\"@id\":\"https:\/\/global-hookah.com\/product\/cool-pumpkin-head-silicone-gas-mask-bong\/\",\"url\":\"https:\/\/global-hookah.com\/product\/cool-pumpkin-head-silicone-gas-mask-bong\/\",\"name\":\"Cool Pumpkin Head Silicone Gas Mask Bong - Global Hookah\",\"isPartOf\":{\"@id\":\"https:\/\/global-hookah.com\/#website\"},\"primaryImageOfPage\":{\"@id\":\"https:\/\/global-hookah.com\/product\/cool-pumpkin-head-silicone-gas-mask-bong\/#primaryimage\"},\"image\":{\"@id\":\"https:\/\/global-hookah.com\/product\/cool-pumpkin-head-silicone-gas-mask-bong\/#primaryimage\"},\"thumbnailUrl\":\"https:\/\/global-hookah.com\/wp-content\/uploads\/2023\/03\/\u4e3b\u56fe-02-7.jpg\",\"datePublished\":\"2023-03-04T11:18:14+00:00\",\"dateModified\":\"2023-12-19T06:27:39+00:00\",\"breadcrumb\":{\"@id\":\"https:\/\/global-hookah.com\/product\/cool-pumpkin-head-silicone-gas-mask-bong\/#breadcrumb\"},\"inLanguage\":\"es\",\"potentialAction\":[{\"@type\":\"ReadAction\",\"target\":[\"https:\/\/global-hookah.com\/product\/cool-pumpkin-head-silicone-gas-mask-bong\/\"]}]},{\"@type\":\"ImageObject\",\"inLanguage\":\"es\",\"@id\":\"https:\/\/global-hookah.com\/product\/cool-pumpkin-head-silicone-gas-mask-bong\/#primaryimage\",\"url\":\"https:\/\/global-hookah.com\/wp-content\/uploads\/2023\/03\/\u4e3b\u56fe-02-7.jpg\",\"contentUrl\":\"https:\/\/global-hookah.com\/wp-content\/uploads\/2023\/03\/\u4e3b\u56fe-02-7.jpg\",\"width\":1280,\"height\":1280,\"caption\":\"Cool Pumpkin Head Silicone Gas Mask Bong\"},{\"@type\":\"BreadcrumbList\",\"@id\":\"https:\/\/global-hookah.com\/product\/cool-pumpkin-head-silicone-gas-mask-bong\/#breadcrumb\",\"itemListElement\":[{\"@type\":\"ListItem\",\"position\":1,\"name\":\"Home\",\"item\":\"https:\/\/global-hookah.com\/\"},{\"@type\":\"ListItem\",\"position\":2,\"name\":\"Shop\",\"item\":\"https:\/\/global-hookah.com\/shop\/\"},{\"@type\":\"ListItem\",\"position\":3,\"name\":\"Cool Pumpkin Head Silicone Gas Mask Bong\"}]},{\"@type\":\"WebSite\",\"@id\":\"https:\/\/global-hookah.com\/#website\",\"url\":\"https:\/\/global-hookah.com\/\",\"name\":\"Global Hookah\",\"description\":\"Global Hookah\",\"publisher\":{\"@id\":\"https:\/\/global-hookah.com\/#organization\"},\"potentialAction\":[{\"@type\":\"SearchAction\",\"target\":{\"@type\":\"EntryPoint\",\"urlTemplate\":\"https:\/\/global-hookah.com\/?s={search_term_string}\"},\"query-input\":{\"@type\":\"PropertyValueSpecification\",\"valueRequired\":true,\"valueName\":\"search_term_string\"}}],\"inLanguage\":\"es\"},{\"@type\":\"Organization\",\"@id\":\"https:\/\/global-hookah.com\/#organization\",\"name\":\"Global Hookah\",\"url\":\"https:\/\/global-hookah.com\/\",\"logo\":{\"@type\":\"ImageObject\",\"inLanguage\":\"es\",\"@id\":\"https:\/\/global-hookah.com\/#\/schema\/logo\/image\/\",\"url\":\"https:\/\/global-hookah.com\/wp-content\/uploads\/2021\/10\/cropped-fgg.png\",\"contentUrl\":\"https:\/\/global-hookah.com\/wp-content\/uploads\/2021\/10\/cropped-fgg.png\",\"width\":512,\"height\":512,\"caption\":\"Global Hookah\"},\"image\":{\"@id\":\"https:\/\/global-hookah.com\/#\/schema\/logo\/image\/\"}}]}<\/script>\n<!-- \/ Yoast SEO Premium plugin. -->","yoast_head_json":{"title":"Cool Pumpkin Head Silicone Gas Mask Bong - Global Hookah","robots":{"index":"index","follow":"follow","max-snippet":"max-snippet:-1","max-image-preview":"max-image-preview:large","max-video-preview":"max-video-preview:-1"},"canonical":"https:\/\/global-hookah.com\/es\/producto\/cool-pumpkin-head-silicone-gas-mask-bong\/","og_locale":"es_ES","og_type":"article","og_title":"Cool Pumpkin Head Silicone Gas Mask Bong","og_description":"This Pumpkin Head Silicone Gas Mask Bong\u00a0is made of 100% food-grade non-toxic silicone material, which is safe and soft. The","og_url":"https:\/\/global-hookah.com\/es\/producto\/cool-pumpkin-head-silicone-gas-mask-bong\/","og_site_name":"Global Hookah","article_modified_time":"2023-12-19T06:27:39+00:00","og_image":[{"width":1280,"height":1280,"url":"https:\/\/global-hookah.com\/wp-content\/uploads\/2023\/03\/\u4e3b\u56fe-02-7.jpg","type":"image\/jpeg"}],"twitter_card":"summary_large_image","twitter_misc":{"Tiempo de lectura":"1 minuto"},"schema":{"@context":"https:\/\/schema.org","@graph":[{"@type":"WebPage","@id":"https:\/\/global-hookah.com\/product\/cool-pumpkin-head-silicone-gas-mask-bong\/","url":"https:\/\/global-hookah.com\/product\/cool-pumpkin-head-silicone-gas-mask-bong\/","name":"Cool Pumpkin Head Silicone Gas Mask Bong - Global Hookah","isPartOf":{"@id":"https:\/\/global-hookah.com\/#website"},"primaryImageOfPage":{"@id":"https:\/\/global-hookah.com\/product\/cool-pumpkin-head-silicone-gas-mask-bong\/#primaryimage"},"image":{"@id":"https:\/\/global-hookah.com\/product\/cool-pumpkin-head-silicone-gas-mask-bong\/#primaryimage"},"thumbnailUrl":"https:\/\/global-hookah.com\/wp-content\/uploads\/2023\/03\/\u4e3b\u56fe-02-7.jpg","datePublished":"2023-03-04T11:18:14+00:00","dateModified":"2023-12-19T06:27:39+00:00","breadcrumb":{"@id":"https:\/\/global-hookah.com\/product\/cool-pumpkin-head-silicone-gas-mask-bong\/#breadcrumb"},"inLanguage":"es","potentialAction":[{"@type":"ReadAction","target":["https:\/\/global-hookah.com\/product\/cool-pumpkin-head-silicone-gas-mask-bong\/"]}]},{"@type":"ImageObject","inLanguage":"es","@id":"https:\/\/global-hookah.com\/product\/cool-pumpkin-head-silicone-gas-mask-bong\/#primaryimage","url":"https:\/\/global-hookah.com\/wp-content\/uploads\/2023\/03\/\u4e3b\u56fe-02-7.jpg","contentUrl":"https:\/\/global-hookah.com\/wp-content\/uploads\/2023\/03\/\u4e3b\u56fe-02-7.jpg","width":1280,"height":1280,"caption":"Cool Pumpkin Head Silicone Gas Mask Bong"},{"@type":"BreadcrumbList","@id":"https:\/\/global-hookah.com\/product\/cool-pumpkin-head-silicone-gas-mask-bong\/#breadcrumb","itemListElement":[{"@type":"ListItem","position":1,"name":"Home","item":"https:\/\/global-hookah.com\/"},{"@type":"ListItem","position":2,"name":"Shop","item":"https:\/\/global-hookah.com\/shop\/"},{"@type":"ListItem","position":3,"name":"Cool Pumpkin Head Silicone Gas Mask Bong"}]},{"@type":"WebSite","@id":"https:\/\/global-hookah.com\/#website","url":"https:\/\/global-hookah.com\/","name":"Global Hookah","description":"Global Hookah","publisher":{"@id":"https:\/\/global-hookah.com\/#organization"},"potentialAction":[{"@type":"SearchAction","target":{"@type":"EntryPoint","urlTemplate":"https:\/\/global-hookah.com\/?s={search_term_string}"},"query-input":{"@type":"PropertyValueSpecification","valueRequired":true,"valueName":"search_term_string"}}],"inLanguage":"es"},{"@type":"Organization","@id":"https:\/\/global-hookah.com\/#organization","name":"Global Hookah","url":"https:\/\/global-hookah.com\/","logo":{"@type":"ImageObject","inLanguage":"es","@id":"https:\/\/global-hookah.com\/#\/schema\/logo\/image\/","url":"https:\/\/global-hookah.com\/wp-content\/uploads\/2021\/10\/cropped-fgg.png","contentUrl":"https:\/\/global-hookah.com\/wp-content\/uploads\/2021\/10\/cropped-fgg.png","width":512,"height":512,"caption":"Global Hookah"},"image":{"@id":"https:\/\/global-hookah.com\/#\/schema\/logo\/image\/"}}]}},"_links":{"self":[{"href":"https:\/\/global-hookah.com\/es\/wp-json\/wp\/v2\/product\/10959","targetHints":{"allow":["GET"]}}],"collection":[{"href":"https:\/\/global-hookah.com\/es\/wp-json\/wp\/v2\/product"}],"about":[{"href":"https:\/\/global-hookah.com\/es\/wp-json\/wp\/v2\/types\/product"}],"replies":[{"embeddable":true,"href":"https:\/\/global-hookah.com\/es\/wp-json\/wp\/v2\/comments?post=10959"}],"version-history":[{"count":0,"href":"https:\/\/global-hookah.com\/es\/wp-json\/wp\/v2\/product\/10959\/revisions"}],"wp:featuredmedia":[{"embeddable":true,"href":"https:\/\/global-hookah.com\/es\/wp-json\/wp\/v2\/media\/10966"}],"wp:attachment":[{"href":"https:\/\/global-hookah.com\/es\/wp-json\/wp\/v2\/media?parent=10959"}],"wp:term":[{"taxonomy":"product_brand","embeddable":true,"href":"https:\/\/global-hookah.com\/es\/wp-json\/wp\/v2\/product_brand?post=10959"},{"taxonomy":"product_cat","embeddable":true,"href":"https:\/\/global-hookah.com\/es\/wp-json\/wp\/v2\/product_cat?post=10959"},{"taxonomy":"product_tag","embeddable":true,"href":"https:\/\/global-hookah.com\/es\/wp-json\/wp\/v2\/product_tag?post=10959"}],"curies":[{"name":"wp","href":"https:\/\/api.w.org\/{rel}","templated":true}]}}