{"id":10983,"date":"2023-03-04T11:49:43","date_gmt":"2023-03-04T11:49:43","guid":{"rendered":"https:\/\/global-hookah.com\/?post_type=product&#038;p=10983"},"modified":"2024-01-12T03:59:53","modified_gmt":"2024-01-12T03:59:53","slug":"blue-trumpet-arabian-hookah-pipe-wholesale","status":"publish","type":"product","link":"https:\/\/global-hookah.com\/es\/producto\/blue-trumpet-arabian-hookah-pipe-wholesale\/","title":{"rendered":"Pipa Hookah \u00c1rabe Trompeta Azul al por mayor"},"content":{"rendered":"<p>La base y el jarr\u00f3n del narguile est\u00e1n hechos a mano con un precioso cristal de Bohemia que capta y refleja la luz de forma brillante. Cada <strong>Pipa Hookah \u00e1rabe<\/strong> est\u00e1 art\u00edsticamente adornado de forma \u00fanica con intrincados remolinos y verticilos soplados a mano en tonos de azul celeste intenso, morado real o rojo rub\u00ed. El ahumado crea un cautivador efecto visual desde el vibrante jarr\u00f3n de cristal lleno de agua.<\/p>\n<p>En <strong>Pipa Hookah \u00e1rabe<\/strong> destaca entre la multitud con su vaso en forma de trompeta y su ingenioso sistema de v\u00e1lvula de purga. Limpiar el humo del narguile es ahora m\u00e1s r\u00e1pido y eficaz que nunca gracias a la exclusiva v\u00e1lvula de purga. Para mayor comodidad de limpieza y portabilidad, tambi\u00e9n se puede desmontar r\u00e1pidamente.<\/p>\n<p>Las piezas intercambiables le permiten personalizar su configuraci\u00f3n y probar diferentes combinaciones de mangueras y cazoletas. Puedes conseguir la fumada perfecta cada vez con opciones que van desde las cazoletas de arcilla tradicionales hasta las modernas cazoletas de silicona.<\/p>\n<p>El suave flujo de aire permite una calada sin esfuerzo ni restricciones gracias a su amplia apertura. La experiencia de fumar superior y facilidad de uso que ofrece la pipa Arabian Hookah ser\u00e1 apreciado por los fumadores de todos los rangos. As\u00ed que si usted quiere comprar al por mayor Arabian Hookah est\u00e1 disponible a un gran precio. Nuestro<a href=\"https:\/\/global-hookah.com\/product-category\/wholesale-hookah\/\"> negocio mayorista de narguile<\/a> puede satisfacer perfectamente sus necesidades<\/p>\n<p>Tama\u00f1o: Altura 27CM<\/p>\n<p>Color: rojo, azul, negro, amarillo<\/p>\n<p>Material: aleaci\u00f3n + hierro + botella de cristal<\/p>\n<p>Cantidad por embalaje: 24pcs\/ctn<\/p>","protected":false},"excerpt":{"rendered":"<p>La base y el jarr\u00f3n del narguile est\u00e1n hechos a mano con un precioso cristal de Bohemia que capta y refleja la luz de forma brillante. Cada narguile \u00e1rabe<\/p>","protected":false},"featured_media":10987,"comment_status":"open","ping_status":"closed","template":"","meta":{"iawp_total_views":3,"_joinchat":[]},"product_brand":[],"product_cat":[560,119],"product_tag":[],"class_list":{"0":"post-10983","1":"product","2":"type-product","3":"status-publish","4":"has-post-thumbnail","6":"product_cat-glass-hookah-wholesale","7":"product_cat-wholesale-hookah","9":"first","10":"instock","11":"shipping-taxable","12":"purchasable","13":"product-type-simple"},"yoast_head":"<!-- This site is optimized with the Yoast SEO Premium plugin v24.7 (Yoast SEO v26.8) - https:\/\/yoast.com\/product\/yoast-seo-premium-wordpress\/ -->\n<title>Blue Trumpet Arabian Hookah Pipe Wholesale - Global Hookah<\/title>\n<meta name=\"robots\" content=\"index, follow, max-snippet:-1, max-image-preview:large, max-video-preview:-1\" \/>\n<link rel=\"canonical\" href=\"https:\/\/global-hookah.com\/es\/producto\/blue-trumpet-arabian-hookah-pipe-wholesale\/\" \/>\n<meta property=\"og:locale\" content=\"es_ES\" \/>\n<meta property=\"og:type\" content=\"article\" \/>\n<meta property=\"og:title\" content=\"Blue Trumpet Arabian Hookah Pipe Wholesale\" \/>\n<meta property=\"og:description\" content=\"Beautiful Bohemian crystal that brilliantly catches and reflects light is handcrafted into the hookah base and vase. Each Arabian Hookah\" \/>\n<meta property=\"og:url\" content=\"https:\/\/global-hookah.com\/es\/producto\/blue-trumpet-arabian-hookah-pipe-wholesale\/\" \/>\n<meta property=\"og:site_name\" content=\"Global Hookah\" \/>\n<meta property=\"article:modified_time\" content=\"2024-01-12T03:59:53+00:00\" \/>\n<meta property=\"og:image\" content=\"https:\/\/global-hookah.com\/wp-content\/uploads\/2023\/03\/\u4e3b\u56fe-05-8.jpg\" \/>\n\t<meta property=\"og:image:width\" content=\"800\" \/>\n\t<meta property=\"og:image:height\" content=\"800\" \/>\n\t<meta property=\"og:image:type\" content=\"image\/jpeg\" \/>\n<meta name=\"twitter:card\" content=\"summary_large_image\" \/>\n<meta name=\"twitter:label1\" content=\"Tiempo de lectura\" \/>\n\t<meta name=\"twitter:data1\" content=\"1 minuto\" \/>\n<script type=\"application\/ld+json\" class=\"yoast-schema-graph\">{\"@context\":\"https:\/\/schema.org\",\"@graph\":[{\"@type\":\"WebPage\",\"@id\":\"https:\/\/global-hookah.com\/product\/blue-trumpet-arabian-hookah-pipe-wholesale\/\",\"url\":\"https:\/\/global-hookah.com\/product\/blue-trumpet-arabian-hookah-pipe-wholesale\/\",\"name\":\"Blue Trumpet Arabian Hookah Pipe Wholesale - Global Hookah\",\"isPartOf\":{\"@id\":\"https:\/\/global-hookah.com\/#website\"},\"primaryImageOfPage\":{\"@id\":\"https:\/\/global-hookah.com\/product\/blue-trumpet-arabian-hookah-pipe-wholesale\/#primaryimage\"},\"image\":{\"@id\":\"https:\/\/global-hookah.com\/product\/blue-trumpet-arabian-hookah-pipe-wholesale\/#primaryimage\"},\"thumbnailUrl\":\"https:\/\/global-hookah.com\/wp-content\/uploads\/2023\/03\/\u4e3b\u56fe-05-8.jpg\",\"datePublished\":\"2023-03-04T11:49:43+00:00\",\"dateModified\":\"2024-01-12T03:59:53+00:00\",\"breadcrumb\":{\"@id\":\"https:\/\/global-hookah.com\/product\/blue-trumpet-arabian-hookah-pipe-wholesale\/#breadcrumb\"},\"inLanguage\":\"es\",\"potentialAction\":[{\"@type\":\"ReadAction\",\"target\":[\"https:\/\/global-hookah.com\/product\/blue-trumpet-arabian-hookah-pipe-wholesale\/\"]}]},{\"@type\":\"ImageObject\",\"inLanguage\":\"es\",\"@id\":\"https:\/\/global-hookah.com\/product\/blue-trumpet-arabian-hookah-pipe-wholesale\/#primaryimage\",\"url\":\"https:\/\/global-hookah.com\/wp-content\/uploads\/2023\/03\/\u4e3b\u56fe-05-8.jpg\",\"contentUrl\":\"https:\/\/global-hookah.com\/wp-content\/uploads\/2023\/03\/\u4e3b\u56fe-05-8.jpg\",\"width\":800,\"height\":800,\"caption\":\"Arabian Hookah Pipe Wholesale\"},{\"@type\":\"BreadcrumbList\",\"@id\":\"https:\/\/global-hookah.com\/product\/blue-trumpet-arabian-hookah-pipe-wholesale\/#breadcrumb\",\"itemListElement\":[{\"@type\":\"ListItem\",\"position\":1,\"name\":\"Home\",\"item\":\"https:\/\/global-hookah.com\/\"},{\"@type\":\"ListItem\",\"position\":2,\"name\":\"Shop\",\"item\":\"https:\/\/global-hookah.com\/shop\/\"},{\"@type\":\"ListItem\",\"position\":3,\"name\":\"Blue Trumpet Arabian Hookah Pipe Wholesale\"}]},{\"@type\":\"WebSite\",\"@id\":\"https:\/\/global-hookah.com\/#website\",\"url\":\"https:\/\/global-hookah.com\/\",\"name\":\"Global Hookah\",\"description\":\"Global Hookah\",\"publisher\":{\"@id\":\"https:\/\/global-hookah.com\/#organization\"},\"potentialAction\":[{\"@type\":\"SearchAction\",\"target\":{\"@type\":\"EntryPoint\",\"urlTemplate\":\"https:\/\/global-hookah.com\/?s={search_term_string}\"},\"query-input\":{\"@type\":\"PropertyValueSpecification\",\"valueRequired\":true,\"valueName\":\"search_term_string\"}}],\"inLanguage\":\"es\"},{\"@type\":\"Organization\",\"@id\":\"https:\/\/global-hookah.com\/#organization\",\"name\":\"Global Hookah\",\"url\":\"https:\/\/global-hookah.com\/\",\"logo\":{\"@type\":\"ImageObject\",\"inLanguage\":\"es\",\"@id\":\"https:\/\/global-hookah.com\/#\/schema\/logo\/image\/\",\"url\":\"https:\/\/global-hookah.com\/wp-content\/uploads\/2021\/10\/cropped-fgg.png\",\"contentUrl\":\"https:\/\/global-hookah.com\/wp-content\/uploads\/2021\/10\/cropped-fgg.png\",\"width\":512,\"height\":512,\"caption\":\"Global Hookah\"},\"image\":{\"@id\":\"https:\/\/global-hookah.com\/#\/schema\/logo\/image\/\"}}]}<\/script>\n<!-- \/ Yoast SEO Premium plugin. -->","yoast_head_json":{"title":"Pipa Hookah \u00c1rabe Trompeta Azul al por mayor - Global Hookah","robots":{"index":"index","follow":"follow","max-snippet":"max-snippet:-1","max-image-preview":"max-image-preview:large","max-video-preview":"max-video-preview:-1"},"canonical":"https:\/\/global-hookah.com\/es\/producto\/blue-trumpet-arabian-hookah-pipe-wholesale\/","og_locale":"es_ES","og_type":"article","og_title":"Blue Trumpet Arabian Hookah Pipe Wholesale","og_description":"Beautiful Bohemian crystal that brilliantly catches and reflects light is handcrafted into the hookah base and vase. Each Arabian Hookah","og_url":"https:\/\/global-hookah.com\/es\/producto\/blue-trumpet-arabian-hookah-pipe-wholesale\/","og_site_name":"Global Hookah","article_modified_time":"2024-01-12T03:59:53+00:00","og_image":[{"width":800,"height":800,"url":"https:\/\/global-hookah.com\/wp-content\/uploads\/2023\/03\/\u4e3b\u56fe-05-8.jpg","type":"image\/jpeg"}],"twitter_card":"summary_large_image","twitter_misc":{"Tiempo de lectura":"1 minuto"},"schema":{"@context":"https:\/\/schema.org","@graph":[{"@type":"WebPage","@id":"https:\/\/global-hookah.com\/product\/blue-trumpet-arabian-hookah-pipe-wholesale\/","url":"https:\/\/global-hookah.com\/product\/blue-trumpet-arabian-hookah-pipe-wholesale\/","name":"Pipa Hookah \u00c1rabe Trompeta Azul al por mayor - Global Hookah","isPartOf":{"@id":"https:\/\/global-hookah.com\/#website"},"primaryImageOfPage":{"@id":"https:\/\/global-hookah.com\/product\/blue-trumpet-arabian-hookah-pipe-wholesale\/#primaryimage"},"image":{"@id":"https:\/\/global-hookah.com\/product\/blue-trumpet-arabian-hookah-pipe-wholesale\/#primaryimage"},"thumbnailUrl":"https:\/\/global-hookah.com\/wp-content\/uploads\/2023\/03\/\u4e3b\u56fe-05-8.jpg","datePublished":"2023-03-04T11:49:43+00:00","dateModified":"2024-01-12T03:59:53+00:00","breadcrumb":{"@id":"https:\/\/global-hookah.com\/product\/blue-trumpet-arabian-hookah-pipe-wholesale\/#breadcrumb"},"inLanguage":"es","potentialAction":[{"@type":"ReadAction","target":["https:\/\/global-hookah.com\/product\/blue-trumpet-arabian-hookah-pipe-wholesale\/"]}]},{"@type":"ImageObject","inLanguage":"es","@id":"https:\/\/global-hookah.com\/product\/blue-trumpet-arabian-hookah-pipe-wholesale\/#primaryimage","url":"https:\/\/global-hookah.com\/wp-content\/uploads\/2023\/03\/\u4e3b\u56fe-05-8.jpg","contentUrl":"https:\/\/global-hookah.com\/wp-content\/uploads\/2023\/03\/\u4e3b\u56fe-05-8.jpg","width":800,"height":800,"caption":"Arabian Hookah Pipe Wholesale"},{"@type":"BreadcrumbList","@id":"https:\/\/global-hookah.com\/product\/blue-trumpet-arabian-hookah-pipe-wholesale\/#breadcrumb","itemListElement":[{"@type":"ListItem","position":1,"name":"Home","item":"https:\/\/global-hookah.com\/"},{"@type":"ListItem","position":2,"name":"Shop","item":"https:\/\/global-hookah.com\/shop\/"},{"@type":"ListItem","position":3,"name":"Blue Trumpet Arabian Hookah Pipe Wholesale"}]},{"@type":"WebSite","@id":"https:\/\/global-hookah.com\/#website","url":"https:\/\/global-hookah.com\/","name":"Global Hookah","description":"Global Hookah","publisher":{"@id":"https:\/\/global-hookah.com\/#organization"},"potentialAction":[{"@type":"SearchAction","target":{"@type":"EntryPoint","urlTemplate":"https:\/\/global-hookah.com\/?s={search_term_string}"},"query-input":{"@type":"PropertyValueSpecification","valueRequired":true,"valueName":"search_term_string"}}],"inLanguage":"es"},{"@type":"Organization","@id":"https:\/\/global-hookah.com\/#organization","name":"Global Hookah","url":"https:\/\/global-hookah.com\/","logo":{"@type":"ImageObject","inLanguage":"es","@id":"https:\/\/global-hookah.com\/#\/schema\/logo\/image\/","url":"https:\/\/global-hookah.com\/wp-content\/uploads\/2021\/10\/cropped-fgg.png","contentUrl":"https:\/\/global-hookah.com\/wp-content\/uploads\/2021\/10\/cropped-fgg.png","width":512,"height":512,"caption":"Global Hookah"},"image":{"@id":"https:\/\/global-hookah.com\/#\/schema\/logo\/image\/"}}]}},"_links":{"self":[{"href":"https:\/\/global-hookah.com\/es\/wp-json\/wp\/v2\/product\/10983","targetHints":{"allow":["GET"]}}],"collection":[{"href":"https:\/\/global-hookah.com\/es\/wp-json\/wp\/v2\/product"}],"about":[{"href":"https:\/\/global-hookah.com\/es\/wp-json\/wp\/v2\/types\/product"}],"replies":[{"embeddable":true,"href":"https:\/\/global-hookah.com\/es\/wp-json\/wp\/v2\/comments?post=10983"}],"version-history":[{"count":0,"href":"https:\/\/global-hookah.com\/es\/wp-json\/wp\/v2\/product\/10983\/revisions"}],"wp:featuredmedia":[{"embeddable":true,"href":"https:\/\/global-hookah.com\/es\/wp-json\/wp\/v2\/media\/10987"}],"wp:attachment":[{"href":"https:\/\/global-hookah.com\/es\/wp-json\/wp\/v2\/media?parent=10983"}],"wp:term":[{"taxonomy":"product_brand","embeddable":true,"href":"https:\/\/global-hookah.com\/es\/wp-json\/wp\/v2\/product_brand?post=10983"},{"taxonomy":"product_cat","embeddable":true,"href":"https:\/\/global-hookah.com\/es\/wp-json\/wp\/v2\/product_cat?post=10983"},{"taxonomy":"product_tag","embeddable":true,"href":"https:\/\/global-hookah.com\/es\/wp-json\/wp\/v2\/product_tag?post=10983"}],"curies":[{"name":"wp","href":"https:\/\/api.w.org\/{rel}","templated":true}]}}