{"id":11008,"date":"2023-03-04T12:01:10","date_gmt":"2023-03-04T12:01:10","guid":{"rendered":"https:\/\/global-hookah.com\/?post_type=product&#038;p=11008"},"modified":"2023-03-14T11:45:44","modified_gmt":"2023-03-14T11:45:44","slug":"acrylic-inverted-triangle-hookah","status":"publish","type":"product","link":"https:\/\/global-hookah.com\/es\/producto\/acrylic-inverted-triangle-hookah\/","title":{"rendered":"Narguile acr\u00edlico tri\u00e1ngulo invertido"},"content":{"rendered":"<p>En <strong>Narguile acr\u00edlico tri\u00e1ngulo invertido<\/strong> es un <a href=\"https:\/\/global-hookah.com\/\">accesorio para fumadores de alta calidad<\/a> que le har\u00e1 la vida m\u00e1s f\u00e1cil. El acr\u00edlico de alta calidad utilizado en su construcci\u00f3n garantiza que, con un uso frecuente, este narguile durar\u00e1 mucho tiempo. Su cl\u00e1sica forma triangular la convierte en el centro de atenci\u00f3n ideal para cenas y otras reuniones sociales.<\/p>\n<p>Este narguile tiene el tama\u00f1o perfecto para la movilidad e, ya que mide 25 cm de alto, 20 cm de ancho y 10,5 cm de profundidad. Es a la vez un art\u00edculo de moda y funcional. El acr\u00edlico de alta calidad utilizado en su construcci\u00f3n garantiza que tendr\u00e1 un aspecto agradable durante mucho tiempo. Por su exquisito aspecto y su robusta construcci\u00f3n, el <strong>Narguile acr\u00edlico tri\u00e1ngulo invertido<\/strong> ser\u00e1 el centro de atenci\u00f3n de su colecci\u00f3n.<\/p>\n<p>Su construcci\u00f3n y funcionamiento son sencillos y no requiere manual de instrucciones. Para una sesi\u00f3n de fumada agradable y placentera, se suministran una manguera larga y una boquilla. Durar\u00e1 mucho tiempo gracias a su s\u00f3lida construcci\u00f3n.<\/p>\n<p>Para garantizar un env\u00edo seguro, el narguile se coloca en una robusta caja de 31x11x27 cm. El sitio <strong>Narguile acr\u00edlico tri\u00e1ngulo invertido<\/strong> es una fant\u00e1stica adici\u00f3n a la colecci\u00f3n de cualquier fumador, ya sea experimentado o inexperto. Este es el d\u00eda para comprar uno y empezar a tener la mejor experiencia de la manera m\u00e1s moderna imaginable.<\/p>","protected":false},"excerpt":{"rendered":"<p>El Acrylic Inverted Triangle Hookah es un accesorio para fumar de alta calidad que le har\u00e1 la vida m\u00e1s sencilla. El acr\u00edlico de alta calidad utilizado<\/p>","protected":false},"featured_media":11014,"comment_status":"open","ping_status":"closed","template":"","meta":{"iawp_total_views":1,"_joinchat":[]},"product_brand":[],"product_cat":[415],"product_tag":[],"class_list":{"0":"post-11008","1":"product","2":"type-product","3":"status-publish","4":"has-post-thumbnail","6":"product_cat-accessories","8":"first","9":"instock","10":"shipping-taxable","11":"purchasable","12":"product-type-simple"},"yoast_head":"<!-- This site is optimized with the Yoast SEO Premium plugin v24.7 (Yoast SEO v26.8) - https:\/\/yoast.com\/product\/yoast-seo-premium-wordpress\/ -->\n<title>Acrylic Inverted Triangle Hookah - Global Hookah<\/title>\n<meta name=\"robots\" content=\"index, follow, max-snippet:-1, max-image-preview:large, max-video-preview:-1\" \/>\n<link rel=\"canonical\" href=\"https:\/\/global-hookah.com\/es\/producto\/acrylic-inverted-triangle-hookah\/\" \/>\n<meta property=\"og:locale\" content=\"es_ES\" \/>\n<meta property=\"og:type\" content=\"article\" \/>\n<meta property=\"og:title\" content=\"Acrylic Inverted Triangle Hookah\" \/>\n<meta property=\"og:description\" content=\"The Acrylic Inverted Triangle Hookah is a high-quality smoking accessory that will make your life simpler. The high-quality acrylic utilized\" \/>\n<meta property=\"og:url\" content=\"https:\/\/global-hookah.com\/es\/producto\/acrylic-inverted-triangle-hookah\/\" \/>\n<meta property=\"og:site_name\" content=\"Global Hookah\" \/>\n<meta property=\"article:modified_time\" content=\"2023-03-14T11:45:44+00:00\" \/>\n<meta property=\"og:image\" content=\"https:\/\/global-hookah.com\/wp-content\/uploads\/2023\/03\/\u4e3b\u56fe-01-12.jpg\" \/>\n\t<meta property=\"og:image:width\" content=\"1000\" \/>\n\t<meta property=\"og:image:height\" content=\"1000\" \/>\n\t<meta property=\"og:image:type\" content=\"image\/jpeg\" \/>\n<meta name=\"twitter:card\" content=\"summary_large_image\" \/>\n<meta name=\"twitter:label1\" content=\"Tiempo de lectura\" \/>\n\t<meta name=\"twitter:data1\" content=\"1 minuto\" \/>\n<script type=\"application\/ld+json\" class=\"yoast-schema-graph\">{\"@context\":\"https:\/\/schema.org\",\"@graph\":[{\"@type\":\"WebPage\",\"@id\":\"https:\/\/global-hookah.com\/product\/acrylic-inverted-triangle-hookah\/\",\"url\":\"https:\/\/global-hookah.com\/product\/acrylic-inverted-triangle-hookah\/\",\"name\":\"Acrylic Inverted Triangle Hookah - Global Hookah\",\"isPartOf\":{\"@id\":\"https:\/\/global-hookah.com\/#website\"},\"primaryImageOfPage\":{\"@id\":\"https:\/\/global-hookah.com\/product\/acrylic-inverted-triangle-hookah\/#primaryimage\"},\"image\":{\"@id\":\"https:\/\/global-hookah.com\/product\/acrylic-inverted-triangle-hookah\/#primaryimage\"},\"thumbnailUrl\":\"https:\/\/global-hookah.com\/wp-content\/uploads\/2023\/03\/\u4e3b\u56fe-01-12.jpg\",\"datePublished\":\"2023-03-04T12:01:10+00:00\",\"dateModified\":\"2023-03-14T11:45:44+00:00\",\"breadcrumb\":{\"@id\":\"https:\/\/global-hookah.com\/product\/acrylic-inverted-triangle-hookah\/#breadcrumb\"},\"inLanguage\":\"es\",\"potentialAction\":[{\"@type\":\"ReadAction\",\"target\":[\"https:\/\/global-hookah.com\/product\/acrylic-inverted-triangle-hookah\/\"]}]},{\"@type\":\"ImageObject\",\"inLanguage\":\"es\",\"@id\":\"https:\/\/global-hookah.com\/product\/acrylic-inverted-triangle-hookah\/#primaryimage\",\"url\":\"https:\/\/global-hookah.com\/wp-content\/uploads\/2023\/03\/\u4e3b\u56fe-01-12.jpg\",\"contentUrl\":\"https:\/\/global-hookah.com\/wp-content\/uploads\/2023\/03\/\u4e3b\u56fe-01-12.jpg\",\"width\":1000,\"height\":1000,\"caption\":\"Acrylic inverted triangle hookah\"},{\"@type\":\"BreadcrumbList\",\"@id\":\"https:\/\/global-hookah.com\/product\/acrylic-inverted-triangle-hookah\/#breadcrumb\",\"itemListElement\":[{\"@type\":\"ListItem\",\"position\":1,\"name\":\"Home\",\"item\":\"https:\/\/global-hookah.com\/\"},{\"@type\":\"ListItem\",\"position\":2,\"name\":\"Shop\",\"item\":\"https:\/\/global-hookah.com\/shop\/\"},{\"@type\":\"ListItem\",\"position\":3,\"name\":\"Acrylic Inverted Triangle Hookah\"}]},{\"@type\":\"WebSite\",\"@id\":\"https:\/\/global-hookah.com\/#website\",\"url\":\"https:\/\/global-hookah.com\/\",\"name\":\"Global Hookah\",\"description\":\"Global Hookah\",\"publisher\":{\"@id\":\"https:\/\/global-hookah.com\/#organization\"},\"potentialAction\":[{\"@type\":\"SearchAction\",\"target\":{\"@type\":\"EntryPoint\",\"urlTemplate\":\"https:\/\/global-hookah.com\/?s={search_term_string}\"},\"query-input\":{\"@type\":\"PropertyValueSpecification\",\"valueRequired\":true,\"valueName\":\"search_term_string\"}}],\"inLanguage\":\"es\"},{\"@type\":\"Organization\",\"@id\":\"https:\/\/global-hookah.com\/#organization\",\"name\":\"Global Hookah\",\"url\":\"https:\/\/global-hookah.com\/\",\"logo\":{\"@type\":\"ImageObject\",\"inLanguage\":\"es\",\"@id\":\"https:\/\/global-hookah.com\/#\/schema\/logo\/image\/\",\"url\":\"https:\/\/global-hookah.com\/wp-content\/uploads\/2021\/10\/cropped-fgg.png\",\"contentUrl\":\"https:\/\/global-hookah.com\/wp-content\/uploads\/2021\/10\/cropped-fgg.png\",\"width\":512,\"height\":512,\"caption\":\"Global Hookah\"},\"image\":{\"@id\":\"https:\/\/global-hookah.com\/#\/schema\/logo\/image\/\"}}]}<\/script>\n<!-- \/ Yoast SEO Premium plugin. -->","yoast_head_json":{"title":"Narguile acr\u00edlico tri\u00e1ngulo invertido - Global Hookah","robots":{"index":"index","follow":"follow","max-snippet":"max-snippet:-1","max-image-preview":"max-image-preview:large","max-video-preview":"max-video-preview:-1"},"canonical":"https:\/\/global-hookah.com\/es\/producto\/acrylic-inverted-triangle-hookah\/","og_locale":"es_ES","og_type":"article","og_title":"Acrylic Inverted Triangle Hookah","og_description":"The Acrylic Inverted Triangle Hookah is a high-quality smoking accessory that will make your life simpler. The high-quality acrylic utilized","og_url":"https:\/\/global-hookah.com\/es\/producto\/acrylic-inverted-triangle-hookah\/","og_site_name":"Global Hookah","article_modified_time":"2023-03-14T11:45:44+00:00","og_image":[{"width":1000,"height":1000,"url":"https:\/\/global-hookah.com\/wp-content\/uploads\/2023\/03\/\u4e3b\u56fe-01-12.jpg","type":"image\/jpeg"}],"twitter_card":"summary_large_image","twitter_misc":{"Tiempo de lectura":"1 minuto"},"schema":{"@context":"https:\/\/schema.org","@graph":[{"@type":"WebPage","@id":"https:\/\/global-hookah.com\/product\/acrylic-inverted-triangle-hookah\/","url":"https:\/\/global-hookah.com\/product\/acrylic-inverted-triangle-hookah\/","name":"Narguile acr\u00edlico tri\u00e1ngulo invertido - Global Hookah","isPartOf":{"@id":"https:\/\/global-hookah.com\/#website"},"primaryImageOfPage":{"@id":"https:\/\/global-hookah.com\/product\/acrylic-inverted-triangle-hookah\/#primaryimage"},"image":{"@id":"https:\/\/global-hookah.com\/product\/acrylic-inverted-triangle-hookah\/#primaryimage"},"thumbnailUrl":"https:\/\/global-hookah.com\/wp-content\/uploads\/2023\/03\/\u4e3b\u56fe-01-12.jpg","datePublished":"2023-03-04T12:01:10+00:00","dateModified":"2023-03-14T11:45:44+00:00","breadcrumb":{"@id":"https:\/\/global-hookah.com\/product\/acrylic-inverted-triangle-hookah\/#breadcrumb"},"inLanguage":"es","potentialAction":[{"@type":"ReadAction","target":["https:\/\/global-hookah.com\/product\/acrylic-inverted-triangle-hookah\/"]}]},{"@type":"ImageObject","inLanguage":"es","@id":"https:\/\/global-hookah.com\/product\/acrylic-inverted-triangle-hookah\/#primaryimage","url":"https:\/\/global-hookah.com\/wp-content\/uploads\/2023\/03\/\u4e3b\u56fe-01-12.jpg","contentUrl":"https:\/\/global-hookah.com\/wp-content\/uploads\/2023\/03\/\u4e3b\u56fe-01-12.jpg","width":1000,"height":1000,"caption":"Acrylic inverted triangle hookah"},{"@type":"BreadcrumbList","@id":"https:\/\/global-hookah.com\/product\/acrylic-inverted-triangle-hookah\/#breadcrumb","itemListElement":[{"@type":"ListItem","position":1,"name":"Home","item":"https:\/\/global-hookah.com\/"},{"@type":"ListItem","position":2,"name":"Shop","item":"https:\/\/global-hookah.com\/shop\/"},{"@type":"ListItem","position":3,"name":"Acrylic Inverted Triangle Hookah"}]},{"@type":"WebSite","@id":"https:\/\/global-hookah.com\/#website","url":"https:\/\/global-hookah.com\/","name":"Global Hookah","description":"Global Hookah","publisher":{"@id":"https:\/\/global-hookah.com\/#organization"},"potentialAction":[{"@type":"SearchAction","target":{"@type":"EntryPoint","urlTemplate":"https:\/\/global-hookah.com\/?s={search_term_string}"},"query-input":{"@type":"PropertyValueSpecification","valueRequired":true,"valueName":"search_term_string"}}],"inLanguage":"es"},{"@type":"Organization","@id":"https:\/\/global-hookah.com\/#organization","name":"Global Hookah","url":"https:\/\/global-hookah.com\/","logo":{"@type":"ImageObject","inLanguage":"es","@id":"https:\/\/global-hookah.com\/#\/schema\/logo\/image\/","url":"https:\/\/global-hookah.com\/wp-content\/uploads\/2021\/10\/cropped-fgg.png","contentUrl":"https:\/\/global-hookah.com\/wp-content\/uploads\/2021\/10\/cropped-fgg.png","width":512,"height":512,"caption":"Global Hookah"},"image":{"@id":"https:\/\/global-hookah.com\/#\/schema\/logo\/image\/"}}]}},"_links":{"self":[{"href":"https:\/\/global-hookah.com\/es\/wp-json\/wp\/v2\/product\/11008","targetHints":{"allow":["GET"]}}],"collection":[{"href":"https:\/\/global-hookah.com\/es\/wp-json\/wp\/v2\/product"}],"about":[{"href":"https:\/\/global-hookah.com\/es\/wp-json\/wp\/v2\/types\/product"}],"replies":[{"embeddable":true,"href":"https:\/\/global-hookah.com\/es\/wp-json\/wp\/v2\/comments?post=11008"}],"version-history":[{"count":0,"href":"https:\/\/global-hookah.com\/es\/wp-json\/wp\/v2\/product\/11008\/revisions"}],"wp:featuredmedia":[{"embeddable":true,"href":"https:\/\/global-hookah.com\/es\/wp-json\/wp\/v2\/media\/11014"}],"wp:attachment":[{"href":"https:\/\/global-hookah.com\/es\/wp-json\/wp\/v2\/media?parent=11008"}],"wp:term":[{"taxonomy":"product_brand","embeddable":true,"href":"https:\/\/global-hookah.com\/es\/wp-json\/wp\/v2\/product_brand?post=11008"},{"taxonomy":"product_cat","embeddable":true,"href":"https:\/\/global-hookah.com\/es\/wp-json\/wp\/v2\/product_cat?post=11008"},{"taxonomy":"product_tag","embeddable":true,"href":"https:\/\/global-hookah.com\/es\/wp-json\/wp\/v2\/product_tag?post=11008"}],"curies":[{"name":"wp","href":"https:\/\/api.w.org\/{rel}","templated":true}]}}