{"id":11167,"date":"2023-03-08T11:53:03","date_gmt":"2023-03-08T11:53:03","guid":{"rendered":"https:\/\/global-hookah.com\/?post_type=product&#038;p=11167"},"modified":"2024-01-12T03:58:01","modified_gmt":"2024-01-12T03:58:01","slug":"single-pipe-plastic-shisha-hookah","status":"publish","type":"product","link":"https:\/\/global-hookah.com\/es\/producto\/single-pipe-plastic-shisha-hookah\/","title":{"rendered":"Shisha Hookah de pl\u00e1stico de un solo tubo"},"content":{"rendered":"<p>Este es el mejor nivel de entrada <strong>Shisha de pl\u00e1stico<\/strong> para principiantes, est\u00e1 hecho de pl\u00e1stico ecol\u00f3gico, El pl\u00e1stico tambi\u00e9n es muy duradero, por lo que no tendr\u00e1 que preocuparse de que se rompa o agriete con el tiempo como algunos <a href=\"https:\/\/global-hookah.com\/\">otros Hookah<\/a><\/p>\n<p>La manguera unida a la parte superior del cuenco tiene rosca, por lo que se puede acoplar a cualquier tipo de cuenco, incluido el cuenco tradicional de estilo egipcio o nuestros nuevos cuencos de cristal. Y <strong>Shisha de pl\u00e1stico de una sola pipa<\/strong> la base es muy estable, lo que permite utilizarla con mayor seguridad<\/p>\n<p>El recogedor de cenizas se sit\u00faa en la parte superior del tubo de bajada y ayuda a evitar que el tabaco o las hierbas entren en contacto con el agua cuando se echa una bocanada de humo.<\/p>\n<p>Porque <strong><em>Shisha de pl\u00e1stico de una sola pipa<\/em><\/strong> no requieren un montaje complicado ni conocimientos especiales para su uso. As\u00ed que<strong> Shisha de pl\u00e1stico de una sola pipa<\/strong> es muy popular entre los principiantes. \u00a1Lo \u00fanico que tienes que hacer es poner tu tabaco aromatizado favorito en la cazoleta, encenderlo y empezar a fumar!<\/p>","protected":false},"excerpt":{"rendered":"<p>Esta es la mejor Shisha de pl\u00e1stico para principiantes, est\u00e1 hecha de pl\u00e1stico ecol\u00f3gico.<\/p>","protected":false},"featured_media":11172,"comment_status":"open","ping_status":"closed","template":"","meta":{"iawp_total_views":1,"_joinchat":[]},"product_brand":[],"product_cat":[415,560],"product_tag":[],"class_list":{"0":"post-11167","1":"product","2":"type-product","3":"status-publish","4":"has-post-thumbnail","6":"product_cat-accessories","7":"product_cat-glass-hookah-wholesale","9":"first","10":"instock","11":"shipping-taxable","12":"purchasable","13":"product-type-simple"},"yoast_head":"<!-- This site is optimized with the Yoast SEO Premium plugin v24.7 (Yoast SEO v26.8) - https:\/\/yoast.com\/product\/yoast-seo-premium-wordpress\/ -->\n<title>Single Pipe Plastic Shisha Hookah - Global Hookah<\/title>\n<meta name=\"robots\" content=\"index, follow, max-snippet:-1, max-image-preview:large, max-video-preview:-1\" \/>\n<link rel=\"canonical\" href=\"https:\/\/global-hookah.com\/es\/producto\/single-pipe-plastic-shisha-hookah\/\" \/>\n<meta property=\"og:locale\" content=\"es_ES\" \/>\n<meta property=\"og:type\" content=\"article\" \/>\n<meta property=\"og:title\" content=\"Single Pipe Plastic Shisha Hookah\" \/>\n<meta property=\"og:description\" content=\"This is a best entry-level Plastic Shisha for beginners, it is made of eco-friendly plastic, The plastic is also very\" \/>\n<meta property=\"og:url\" content=\"https:\/\/global-hookah.com\/es\/producto\/single-pipe-plastic-shisha-hookah\/\" \/>\n<meta property=\"og:site_name\" content=\"Global Hookah\" \/>\n<meta property=\"article:modified_time\" content=\"2024-01-12T03:58:01+00:00\" \/>\n<meta property=\"og:image\" content=\"https:\/\/global-hookah.com\/wp-content\/uploads\/2023\/03\/\u4e3b\u56fe-05-22.jpg\" \/>\n\t<meta property=\"og:image:width\" content=\"800\" \/>\n\t<meta property=\"og:image:height\" content=\"800\" \/>\n\t<meta property=\"og:image:type\" content=\"image\/jpeg\" \/>\n<meta name=\"twitter:card\" content=\"summary_large_image\" \/>\n<meta name=\"twitter:label1\" content=\"Tiempo de lectura\" \/>\n\t<meta name=\"twitter:data1\" content=\"1 minuto\" \/>\n<script type=\"application\/ld+json\" class=\"yoast-schema-graph\">{\"@context\":\"https:\/\/schema.org\",\"@graph\":[{\"@type\":\"WebPage\",\"@id\":\"https:\/\/global-hookah.com\/product\/single-pipe-plastic-shisha-hookah\/\",\"url\":\"https:\/\/global-hookah.com\/product\/single-pipe-plastic-shisha-hookah\/\",\"name\":\"Single Pipe Plastic Shisha Hookah - Global Hookah\",\"isPartOf\":{\"@id\":\"https:\/\/global-hookah.com\/#website\"},\"primaryImageOfPage\":{\"@id\":\"https:\/\/global-hookah.com\/product\/single-pipe-plastic-shisha-hookah\/#primaryimage\"},\"image\":{\"@id\":\"https:\/\/global-hookah.com\/product\/single-pipe-plastic-shisha-hookah\/#primaryimage\"},\"thumbnailUrl\":\"https:\/\/global-hookah.com\/wp-content\/uploads\/2023\/03\/\u4e3b\u56fe-05-22.jpg\",\"datePublished\":\"2023-03-08T11:53:03+00:00\",\"dateModified\":\"2024-01-12T03:58:01+00:00\",\"breadcrumb\":{\"@id\":\"https:\/\/global-hookah.com\/product\/single-pipe-plastic-shisha-hookah\/#breadcrumb\"},\"inLanguage\":\"es\",\"potentialAction\":[{\"@type\":\"ReadAction\",\"target\":[\"https:\/\/global-hookah.com\/product\/single-pipe-plastic-shisha-hookah\/\"]}]},{\"@type\":\"ImageObject\",\"inLanguage\":\"es\",\"@id\":\"https:\/\/global-hookah.com\/product\/single-pipe-plastic-shisha-hookah\/#primaryimage\",\"url\":\"https:\/\/global-hookah.com\/wp-content\/uploads\/2023\/03\/\u4e3b\u56fe-05-22.jpg\",\"contentUrl\":\"https:\/\/global-hookah.com\/wp-content\/uploads\/2023\/03\/\u4e3b\u56fe-05-22.jpg\",\"width\":800,\"height\":800,\"caption\":\"Single Pipe Plastic Shisha Hookah\"},{\"@type\":\"BreadcrumbList\",\"@id\":\"https:\/\/global-hookah.com\/product\/single-pipe-plastic-shisha-hookah\/#breadcrumb\",\"itemListElement\":[{\"@type\":\"ListItem\",\"position\":1,\"name\":\"Home\",\"item\":\"https:\/\/global-hookah.com\/\"},{\"@type\":\"ListItem\",\"position\":2,\"name\":\"Shop\",\"item\":\"https:\/\/global-hookah.com\/shop\/\"},{\"@type\":\"ListItem\",\"position\":3,\"name\":\"Single Pipe Plastic Shisha Hookah\"}]},{\"@type\":\"WebSite\",\"@id\":\"https:\/\/global-hookah.com\/#website\",\"url\":\"https:\/\/global-hookah.com\/\",\"name\":\"Global Hookah\",\"description\":\"Global Hookah\",\"publisher\":{\"@id\":\"https:\/\/global-hookah.com\/#organization\"},\"potentialAction\":[{\"@type\":\"SearchAction\",\"target\":{\"@type\":\"EntryPoint\",\"urlTemplate\":\"https:\/\/global-hookah.com\/?s={search_term_string}\"},\"query-input\":{\"@type\":\"PropertyValueSpecification\",\"valueRequired\":true,\"valueName\":\"search_term_string\"}}],\"inLanguage\":\"es\"},{\"@type\":\"Organization\",\"@id\":\"https:\/\/global-hookah.com\/#organization\",\"name\":\"Global Hookah\",\"url\":\"https:\/\/global-hookah.com\/\",\"logo\":{\"@type\":\"ImageObject\",\"inLanguage\":\"es\",\"@id\":\"https:\/\/global-hookah.com\/#\/schema\/logo\/image\/\",\"url\":\"https:\/\/global-hookah.com\/wp-content\/uploads\/2021\/10\/cropped-fgg.png\",\"contentUrl\":\"https:\/\/global-hookah.com\/wp-content\/uploads\/2021\/10\/cropped-fgg.png\",\"width\":512,\"height\":512,\"caption\":\"Global Hookah\"},\"image\":{\"@id\":\"https:\/\/global-hookah.com\/#\/schema\/logo\/image\/\"}}]}<\/script>\n<!-- \/ Yoast SEO Premium plugin. -->","yoast_head_json":{"title":"Shisha Hookah de pl\u00e1stico de un solo tubo - Global Hookah","robots":{"index":"index","follow":"follow","max-snippet":"max-snippet:-1","max-image-preview":"max-image-preview:large","max-video-preview":"max-video-preview:-1"},"canonical":"https:\/\/global-hookah.com\/es\/producto\/single-pipe-plastic-shisha-hookah\/","og_locale":"es_ES","og_type":"article","og_title":"Single Pipe Plastic Shisha Hookah","og_description":"This is a best entry-level Plastic Shisha for beginners, it is made of eco-friendly plastic, The plastic is also very","og_url":"https:\/\/global-hookah.com\/es\/producto\/single-pipe-plastic-shisha-hookah\/","og_site_name":"Global Hookah","article_modified_time":"2024-01-12T03:58:01+00:00","og_image":[{"width":800,"height":800,"url":"https:\/\/global-hookah.com\/wp-content\/uploads\/2023\/03\/\u4e3b\u56fe-05-22.jpg","type":"image\/jpeg"}],"twitter_card":"summary_large_image","twitter_misc":{"Tiempo de lectura":"1 minuto"},"schema":{"@context":"https:\/\/schema.org","@graph":[{"@type":"WebPage","@id":"https:\/\/global-hookah.com\/product\/single-pipe-plastic-shisha-hookah\/","url":"https:\/\/global-hookah.com\/product\/single-pipe-plastic-shisha-hookah\/","name":"Shisha Hookah de pl\u00e1stico de un solo tubo - Global Hookah","isPartOf":{"@id":"https:\/\/global-hookah.com\/#website"},"primaryImageOfPage":{"@id":"https:\/\/global-hookah.com\/product\/single-pipe-plastic-shisha-hookah\/#primaryimage"},"image":{"@id":"https:\/\/global-hookah.com\/product\/single-pipe-plastic-shisha-hookah\/#primaryimage"},"thumbnailUrl":"https:\/\/global-hookah.com\/wp-content\/uploads\/2023\/03\/\u4e3b\u56fe-05-22.jpg","datePublished":"2023-03-08T11:53:03+00:00","dateModified":"2024-01-12T03:58:01+00:00","breadcrumb":{"@id":"https:\/\/global-hookah.com\/product\/single-pipe-plastic-shisha-hookah\/#breadcrumb"},"inLanguage":"es","potentialAction":[{"@type":"ReadAction","target":["https:\/\/global-hookah.com\/product\/single-pipe-plastic-shisha-hookah\/"]}]},{"@type":"ImageObject","inLanguage":"es","@id":"https:\/\/global-hookah.com\/product\/single-pipe-plastic-shisha-hookah\/#primaryimage","url":"https:\/\/global-hookah.com\/wp-content\/uploads\/2023\/03\/\u4e3b\u56fe-05-22.jpg","contentUrl":"https:\/\/global-hookah.com\/wp-content\/uploads\/2023\/03\/\u4e3b\u56fe-05-22.jpg","width":800,"height":800,"caption":"Single Pipe Plastic Shisha Hookah"},{"@type":"BreadcrumbList","@id":"https:\/\/global-hookah.com\/product\/single-pipe-plastic-shisha-hookah\/#breadcrumb","itemListElement":[{"@type":"ListItem","position":1,"name":"Home","item":"https:\/\/global-hookah.com\/"},{"@type":"ListItem","position":2,"name":"Shop","item":"https:\/\/global-hookah.com\/shop\/"},{"@type":"ListItem","position":3,"name":"Single Pipe Plastic Shisha Hookah"}]},{"@type":"WebSite","@id":"https:\/\/global-hookah.com\/#website","url":"https:\/\/global-hookah.com\/","name":"Global Hookah","description":"Global Hookah","publisher":{"@id":"https:\/\/global-hookah.com\/#organization"},"potentialAction":[{"@type":"SearchAction","target":{"@type":"EntryPoint","urlTemplate":"https:\/\/global-hookah.com\/?s={search_term_string}"},"query-input":{"@type":"PropertyValueSpecification","valueRequired":true,"valueName":"search_term_string"}}],"inLanguage":"es"},{"@type":"Organization","@id":"https:\/\/global-hookah.com\/#organization","name":"Global Hookah","url":"https:\/\/global-hookah.com\/","logo":{"@type":"ImageObject","inLanguage":"es","@id":"https:\/\/global-hookah.com\/#\/schema\/logo\/image\/","url":"https:\/\/global-hookah.com\/wp-content\/uploads\/2021\/10\/cropped-fgg.png","contentUrl":"https:\/\/global-hookah.com\/wp-content\/uploads\/2021\/10\/cropped-fgg.png","width":512,"height":512,"caption":"Global Hookah"},"image":{"@id":"https:\/\/global-hookah.com\/#\/schema\/logo\/image\/"}}]}},"_links":{"self":[{"href":"https:\/\/global-hookah.com\/es\/wp-json\/wp\/v2\/product\/11167","targetHints":{"allow":["GET"]}}],"collection":[{"href":"https:\/\/global-hookah.com\/es\/wp-json\/wp\/v2\/product"}],"about":[{"href":"https:\/\/global-hookah.com\/es\/wp-json\/wp\/v2\/types\/product"}],"replies":[{"embeddable":true,"href":"https:\/\/global-hookah.com\/es\/wp-json\/wp\/v2\/comments?post=11167"}],"version-history":[{"count":0,"href":"https:\/\/global-hookah.com\/es\/wp-json\/wp\/v2\/product\/11167\/revisions"}],"wp:featuredmedia":[{"embeddable":true,"href":"https:\/\/global-hookah.com\/es\/wp-json\/wp\/v2\/media\/11172"}],"wp:attachment":[{"href":"https:\/\/global-hookah.com\/es\/wp-json\/wp\/v2\/media?parent=11167"}],"wp:term":[{"taxonomy":"product_brand","embeddable":true,"href":"https:\/\/global-hookah.com\/es\/wp-json\/wp\/v2\/product_brand?post=11167"},{"taxonomy":"product_cat","embeddable":true,"href":"https:\/\/global-hookah.com\/es\/wp-json\/wp\/v2\/product_cat?post=11167"},{"taxonomy":"product_tag","embeddable":true,"href":"https:\/\/global-hookah.com\/es\/wp-json\/wp\/v2\/product_tag?post=11167"}],"curies":[{"name":"wp","href":"https:\/\/api.w.org\/{rel}","templated":true}]}}