{"id":11275,"date":"2023-03-09T11:28:30","date_gmt":"2023-03-09T11:28:30","guid":{"rendered":"https:\/\/global-hookah.com\/?post_type=product&#038;p=11275"},"modified":"2023-03-16T12:36:16","modified_gmt":"2023-03-16T12:36:16","slug":"arabian-gun-type-resin-hookah","status":"publish","type":"product","link":"https:\/\/global-hookah.com\/es\/producto\/arabian-gun-type-resin-hookah\/","title":{"rendered":"Hookah de resina tipo pistola \u00e1rabe"},"content":{"rendered":"<div><\/div>\n<p>Este <strong>Hookah de resina tipo pistola \u00e1rabe<\/strong> se ha fabricado meticulosamente con materiales de alta calidad para que dure muchos a\u00f1os. Su robusta construcci\u00f3n garantiza que resistir\u00e1 el desgaste del uso frecuente, convirti\u00e9ndola en un art\u00edculo imprescindible para todas las fiestas que organices en los a\u00f1os venideros.<\/p>\n<p>En <strong>Hookah de resina tipo pistola \u00e1rabe<\/strong> es un gran tema de conversaci\u00f3n gracias a su llamativo dise\u00f1o AK47. La variedad de colores le permite elegir el que mejor se adapte a sus invitados.<\/p>\n<p>En <a href=\"https:\/\/global-hookah.com\/\">shisha hookah set<\/a> es perfecto para reuniones sociales y tambi\u00e9n puede regalarse. Una cuenca de arcilla, una manguera de silicona con una punta de manguera de metal, es seguro para impresionar a<\/p>\n<p><strong>Hookah de resina tipo pistola \u00e1rabe<\/strong> no requiere herramientas para su montaje y puede montarse en menos de un minuto. Adem\u00e1s, puede desmontarse r\u00e1pidamente para guardarlo y transportarlo con facilidad, lo que lo convierte en un compa\u00f1ero de viaje ideal para los fumadores que siempre est\u00e1n en movimiento.<\/p>\n<p>En conclusi\u00f3n, la <strong>Hookah de resina tipo pistola \u00e1rabe<\/strong> es la mejor opci\u00f3n para cualquiera que desee exhalar humo con la delicadeza de un experto. El momento de conseguir la mejor experiencia de fumar de tu vida es ahora, \u00a1as\u00ed que haz clic en \"A\u00f1adir al carrito\"!<\/p>","protected":false},"excerpt":{"rendered":"<p>Esta pipa de agua de resina tipo pistola \u00e1rabe se ha fabricado meticulosamente con materiales de alta calidad para que dure muchos a\u00f1os. La construcci\u00f3n robusta<\/p>","protected":false},"featured_media":11277,"comment_status":"open","ping_status":"closed","template":"","meta":{"iawp_total_views":2,"_joinchat":[]},"product_brand":[],"product_cat":[415],"product_tag":[],"class_list":{"0":"post-11275","1":"product","2":"type-product","3":"status-publish","4":"has-post-thumbnail","6":"product_cat-accessories","8":"first","9":"instock","10":"sale","11":"shipping-taxable","12":"purchasable","13":"product-type-simple"},"yoast_head":"<!-- This site is optimized with the Yoast SEO Premium plugin v24.7 (Yoast SEO v26.8) - https:\/\/yoast.com\/product\/yoast-seo-premium-wordpress\/ -->\n<title>Arabian Gun Type Resin Hookah - Global Hookah<\/title>\n<meta name=\"robots\" content=\"index, follow, max-snippet:-1, max-image-preview:large, max-video-preview:-1\" \/>\n<link rel=\"canonical\" href=\"https:\/\/global-hookah.com\/es\/it\/prodotto\/arabian-gun-type-resin-hookah\/\" \/>\n<meta property=\"og:locale\" content=\"es_ES\" \/>\n<meta property=\"og:type\" content=\"article\" \/>\n<meta property=\"og:title\" content=\"Arabian Gun Type Resin Hookah\" \/>\n<meta property=\"og:description\" content=\"This Arabian Gun Type Resin Hookah has been meticulously fashioned from high-quality materials to endure for years. The sturdy build\" \/>\n<meta property=\"og:url\" content=\"https:\/\/global-hookah.com\/es\/it\/prodotto\/arabian-gun-type-resin-hookah\/\" \/>\n<meta property=\"og:site_name\" content=\"Global Hookah\" \/>\n<meta property=\"article:modified_time\" content=\"2023-03-16T12:36:16+00:00\" \/>\n<meta property=\"og:image\" content=\"https:\/\/global-hookah.com\/wp-content\/uploads\/2023\/03\/\u4e3b\u56fe-02-29.jpg\" \/>\n\t<meta property=\"og:image:width\" content=\"750\" \/>\n\t<meta property=\"og:image:height\" content=\"750\" \/>\n\t<meta property=\"og:image:type\" content=\"image\/jpeg\" \/>\n<meta name=\"twitter:card\" content=\"summary_large_image\" \/>\n<meta name=\"twitter:label1\" content=\"Tiempo de lectura\" \/>\n\t<meta name=\"twitter:data1\" content=\"1 minuto\" \/>\n<script type=\"application\/ld+json\" class=\"yoast-schema-graph\">{\"@context\":\"https:\/\/schema.org\",\"@graph\":[{\"@type\":\"WebPage\",\"@id\":\"https:\/\/global-hookah.com\/it\/prodotto\/arabian-gun-type-resin-hookah\/\",\"url\":\"https:\/\/global-hookah.com\/it\/prodotto\/arabian-gun-type-resin-hookah\/\",\"name\":\"Arabian Gun Type Resin Hookah - Global Hookah\",\"isPartOf\":{\"@id\":\"https:\/\/global-hookah.com\/#website\"},\"primaryImageOfPage\":{\"@id\":\"https:\/\/global-hookah.com\/it\/prodotto\/arabian-gun-type-resin-hookah\/#primaryimage\"},\"image\":{\"@id\":\"https:\/\/global-hookah.com\/it\/prodotto\/arabian-gun-type-resin-hookah\/#primaryimage\"},\"thumbnailUrl\":\"https:\/\/global-hookah.com\/wp-content\/uploads\/2023\/03\/\u4e3b\u56fe-02-29.jpg\",\"datePublished\":\"2023-03-09T11:28:30+00:00\",\"dateModified\":\"2023-03-16T12:36:16+00:00\",\"breadcrumb\":{\"@id\":\"https:\/\/global-hookah.com\/it\/prodotto\/arabian-gun-type-resin-hookah\/#breadcrumb\"},\"inLanguage\":\"es\",\"potentialAction\":[{\"@type\":\"ReadAction\",\"target\":[\"https:\/\/global-hookah.com\/it\/prodotto\/arabian-gun-type-resin-hookah\/\"]}]},{\"@type\":\"ImageObject\",\"inLanguage\":\"es\",\"@id\":\"https:\/\/global-hookah.com\/it\/prodotto\/arabian-gun-type-resin-hookah\/#primaryimage\",\"url\":\"https:\/\/global-hookah.com\/wp-content\/uploads\/2023\/03\/\u4e3b\u56fe-02-29.jpg\",\"contentUrl\":\"https:\/\/global-hookah.com\/wp-content\/uploads\/2023\/03\/\u4e3b\u56fe-02-29.jpg\",\"width\":750,\"height\":750,\"caption\":\"hookah gun ak47\"},{\"@type\":\"BreadcrumbList\",\"@id\":\"https:\/\/global-hookah.com\/it\/prodotto\/arabian-gun-type-resin-hookah\/#breadcrumb\",\"itemListElement\":[{\"@type\":\"ListItem\",\"position\":1,\"name\":\"Home\",\"item\":\"https:\/\/global-hookah.com\/\"},{\"@type\":\"ListItem\",\"position\":2,\"name\":\"Shop\",\"item\":\"https:\/\/global-hookah.com\/shop\/\"},{\"@type\":\"ListItem\",\"position\":3,\"name\":\"Arabian Gun Type Resin Hookah\"}]},{\"@type\":\"WebSite\",\"@id\":\"https:\/\/global-hookah.com\/#website\",\"url\":\"https:\/\/global-hookah.com\/\",\"name\":\"Global Hookah\",\"description\":\"Global Hookah\",\"publisher\":{\"@id\":\"https:\/\/global-hookah.com\/#organization\"},\"potentialAction\":[{\"@type\":\"SearchAction\",\"target\":{\"@type\":\"EntryPoint\",\"urlTemplate\":\"https:\/\/global-hookah.com\/?s={search_term_string}\"},\"query-input\":{\"@type\":\"PropertyValueSpecification\",\"valueRequired\":true,\"valueName\":\"search_term_string\"}}],\"inLanguage\":\"es\"},{\"@type\":\"Organization\",\"@id\":\"https:\/\/global-hookah.com\/#organization\",\"name\":\"Global Hookah\",\"url\":\"https:\/\/global-hookah.com\/\",\"logo\":{\"@type\":\"ImageObject\",\"inLanguage\":\"es\",\"@id\":\"https:\/\/global-hookah.com\/#\/schema\/logo\/image\/\",\"url\":\"https:\/\/global-hookah.com\/wp-content\/uploads\/2021\/10\/cropped-fgg.png\",\"contentUrl\":\"https:\/\/global-hookah.com\/wp-content\/uploads\/2021\/10\/cropped-fgg.png\",\"width\":512,\"height\":512,\"caption\":\"Global Hookah\"},\"image\":{\"@id\":\"https:\/\/global-hookah.com\/#\/schema\/logo\/image\/\"}}]}<\/script>\n<!-- \/ Yoast SEO Premium plugin. -->","yoast_head_json":{"title":"Narguile de resina tipo pistola \u00e1rabe - Global Hookah","robots":{"index":"index","follow":"follow","max-snippet":"max-snippet:-1","max-image-preview":"max-image-preview:large","max-video-preview":"max-video-preview:-1"},"canonical":"https:\/\/global-hookah.com\/es\/it\/prodotto\/arabian-gun-type-resin-hookah\/","og_locale":"es_ES","og_type":"article","og_title":"Arabian Gun Type Resin Hookah","og_description":"This Arabian Gun Type Resin Hookah has been meticulously fashioned from high-quality materials to endure for years. The sturdy build","og_url":"https:\/\/global-hookah.com\/es\/it\/prodotto\/arabian-gun-type-resin-hookah\/","og_site_name":"Global Hookah","article_modified_time":"2023-03-16T12:36:16+00:00","og_image":[{"width":750,"height":750,"url":"https:\/\/global-hookah.com\/wp-content\/uploads\/2023\/03\/\u4e3b\u56fe-02-29.jpg","type":"image\/jpeg"}],"twitter_card":"summary_large_image","twitter_misc":{"Tiempo de lectura":"1 minuto"},"schema":{"@context":"https:\/\/schema.org","@graph":[{"@type":"WebPage","@id":"https:\/\/global-hookah.com\/it\/prodotto\/arabian-gun-type-resin-hookah\/","url":"https:\/\/global-hookah.com\/it\/prodotto\/arabian-gun-type-resin-hookah\/","name":"Narguile de resina tipo pistola \u00e1rabe - Global Hookah","isPartOf":{"@id":"https:\/\/global-hookah.com\/#website"},"primaryImageOfPage":{"@id":"https:\/\/global-hookah.com\/it\/prodotto\/arabian-gun-type-resin-hookah\/#primaryimage"},"image":{"@id":"https:\/\/global-hookah.com\/it\/prodotto\/arabian-gun-type-resin-hookah\/#primaryimage"},"thumbnailUrl":"https:\/\/global-hookah.com\/wp-content\/uploads\/2023\/03\/\u4e3b\u56fe-02-29.jpg","datePublished":"2023-03-09T11:28:30+00:00","dateModified":"2023-03-16T12:36:16+00:00","breadcrumb":{"@id":"https:\/\/global-hookah.com\/it\/prodotto\/arabian-gun-type-resin-hookah\/#breadcrumb"},"inLanguage":"es","potentialAction":[{"@type":"ReadAction","target":["https:\/\/global-hookah.com\/it\/prodotto\/arabian-gun-type-resin-hookah\/"]}]},{"@type":"ImageObject","inLanguage":"es","@id":"https:\/\/global-hookah.com\/it\/prodotto\/arabian-gun-type-resin-hookah\/#primaryimage","url":"https:\/\/global-hookah.com\/wp-content\/uploads\/2023\/03\/\u4e3b\u56fe-02-29.jpg","contentUrl":"https:\/\/global-hookah.com\/wp-content\/uploads\/2023\/03\/\u4e3b\u56fe-02-29.jpg","width":750,"height":750,"caption":"hookah gun ak47"},{"@type":"BreadcrumbList","@id":"https:\/\/global-hookah.com\/it\/prodotto\/arabian-gun-type-resin-hookah\/#breadcrumb","itemListElement":[{"@type":"ListItem","position":1,"name":"Home","item":"https:\/\/global-hookah.com\/"},{"@type":"ListItem","position":2,"name":"Shop","item":"https:\/\/global-hookah.com\/shop\/"},{"@type":"ListItem","position":3,"name":"Arabian Gun Type Resin Hookah"}]},{"@type":"WebSite","@id":"https:\/\/global-hookah.com\/#website","url":"https:\/\/global-hookah.com\/","name":"Global Hookah","description":"Global Hookah","publisher":{"@id":"https:\/\/global-hookah.com\/#organization"},"potentialAction":[{"@type":"SearchAction","target":{"@type":"EntryPoint","urlTemplate":"https:\/\/global-hookah.com\/?s={search_term_string}"},"query-input":{"@type":"PropertyValueSpecification","valueRequired":true,"valueName":"search_term_string"}}],"inLanguage":"es"},{"@type":"Organization","@id":"https:\/\/global-hookah.com\/#organization","name":"Global Hookah","url":"https:\/\/global-hookah.com\/","logo":{"@type":"ImageObject","inLanguage":"es","@id":"https:\/\/global-hookah.com\/#\/schema\/logo\/image\/","url":"https:\/\/global-hookah.com\/wp-content\/uploads\/2021\/10\/cropped-fgg.png","contentUrl":"https:\/\/global-hookah.com\/wp-content\/uploads\/2021\/10\/cropped-fgg.png","width":512,"height":512,"caption":"Global Hookah"},"image":{"@id":"https:\/\/global-hookah.com\/#\/schema\/logo\/image\/"}}]}},"_links":{"self":[{"href":"https:\/\/global-hookah.com\/es\/wp-json\/wp\/v2\/product\/11275","targetHints":{"allow":["GET"]}}],"collection":[{"href":"https:\/\/global-hookah.com\/es\/wp-json\/wp\/v2\/product"}],"about":[{"href":"https:\/\/global-hookah.com\/es\/wp-json\/wp\/v2\/types\/product"}],"replies":[{"embeddable":true,"href":"https:\/\/global-hookah.com\/es\/wp-json\/wp\/v2\/comments?post=11275"}],"version-history":[{"count":0,"href":"https:\/\/global-hookah.com\/es\/wp-json\/wp\/v2\/product\/11275\/revisions"}],"wp:featuredmedia":[{"embeddable":true,"href":"https:\/\/global-hookah.com\/es\/wp-json\/wp\/v2\/media\/11277"}],"wp:attachment":[{"href":"https:\/\/global-hookah.com\/es\/wp-json\/wp\/v2\/media?parent=11275"}],"wp:term":[{"taxonomy":"product_brand","embeddable":true,"href":"https:\/\/global-hookah.com\/es\/wp-json\/wp\/v2\/product_brand?post=11275"},{"taxonomy":"product_cat","embeddable":true,"href":"https:\/\/global-hookah.com\/es\/wp-json\/wp\/v2\/product_cat?post=11275"},{"taxonomy":"product_tag","embeddable":true,"href":"https:\/\/global-hookah.com\/es\/wp-json\/wp\/v2\/product_tag?post=11275"}],"curies":[{"name":"wp","href":"https:\/\/api.w.org\/{rel}","templated":true}]}}