{"id":11283,"date":"2023-03-09T11:44:21","date_gmt":"2023-03-09T11:44:21","guid":{"rendered":"https:\/\/global-hookah.com\/?post_type=product&#038;p=11283"},"modified":"2023-03-16T11:52:51","modified_gmt":"2023-03-16T11:52:51","slug":"snake-shaped-resin-hookah","status":"publish","type":"product","link":"https:\/\/global-hookah.com\/es\/producto\/snake-shaped-resin-hookah\/","title":{"rendered":"Narguile de resina con forma de serpiente"},"content":{"rendered":"<p>Este<strong> Narguile de resina con forma de serpiente<\/strong> fabricado con resina de alta calidad, est\u00e1 construido para durar y dise\u00f1ado para elevar su experiencia de fumar a nuevas alturas.<\/p>\n<p>Este <strong>Narguile de resina con forma de serpiente<\/strong> tiene una caracter\u00edstica forma de serpiente y viene con una, dos, tres o cuatro mangueras para que pueda adaptar su sesi\u00f3n de fumado a sus preferencias. Las boquillas de acero inoxidable de cada manguera proporcionan una experiencia de fumado placentera y sin complicaciones en todo momento.<\/p>\n<p>Tanto si fuma solo como en grupo, este cigarrillo de 42 cent\u00edmetros de alto <strong>Narguile de resina con forma de serpiente<\/strong> ser\u00e1 el tama\u00f1o ideal. La base es fuerte y estable, para que su narguile no se vuelque, y el exquisito dise\u00f1o de serpiente eleva su <a href=\"https:\/\/global-hookah.com\/\">equipo de fumadores<\/a> al siguiente nivel.<\/p>","protected":false},"excerpt":{"rendered":"<p>Este Hookah de resina con forma de serpiente, fabricado con resina de alta calidad, est\u00e1 hecho para durar y dise\u00f1ado para elevar su experiencia de fumar a un nivel superior.<\/p>","protected":false},"featured_media":11289,"comment_status":"open","ping_status":"closed","template":"","meta":{"iawp_total_views":27,"_joinchat":[]},"product_brand":[],"product_cat":[415],"product_tag":[],"class_list":{"0":"post-11283","1":"product","2":"type-product","3":"status-publish","4":"has-post-thumbnail","6":"product_cat-accessories","8":"first","9":"instock","10":"shipping-taxable","11":"purchasable","12":"product-type-simple"},"yoast_head":"<!-- This site is optimized with the Yoast SEO Premium plugin v24.7 (Yoast SEO v26.8) - https:\/\/yoast.com\/product\/yoast-seo-premium-wordpress\/ -->\n<title>Snake-shaped Resin Hookah - Global Hookah<\/title>\n<meta name=\"robots\" content=\"index, follow, max-snippet:-1, max-image-preview:large, max-video-preview:-1\" \/>\n<link rel=\"canonical\" href=\"https:\/\/global-hookah.com\/es\/ru\/\u043f\u0440\u043e\u0434\u0443\u043a\u0442\/\u043a\u0430\u043b\u044c\u044f\u043d-\u0438\u0437-\u0441\u043c\u043e\u043b\u044b-\u0432-\u0444\u043e\u0440\u043c\u0435-\u0437\u043c\u0435\u0438\/\" \/>\n<meta property=\"og:locale\" content=\"es_ES\" \/>\n<meta property=\"og:type\" content=\"article\" \/>\n<meta property=\"og:title\" content=\"Snake-shaped Resin Hookah\" \/>\n<meta property=\"og:description\" content=\"This Snake-shaped Resin Hookah made of high-quality resin, is built to last and engineered to elevate your smoking experience to\" \/>\n<meta property=\"og:url\" content=\"https:\/\/global-hookah.com\/es\/ru\/\u043f\u0440\u043e\u0434\u0443\u043a\u0442\/\u043a\u0430\u043b\u044c\u044f\u043d-\u0438\u0437-\u0441\u043c\u043e\u043b\u044b-\u0432-\u0444\u043e\u0440\u043c\u0435-\u0437\u043c\u0435\u0438\/\" \/>\n<meta property=\"og:site_name\" content=\"Global Hookah\" \/>\n<meta property=\"article:modified_time\" content=\"2023-03-16T11:52:51+00:00\" \/>\n<meta property=\"og:image\" content=\"https:\/\/global-hookah.com\/wp-content\/uploads\/2023\/03\/\u4e3b\u56fe-07-4.jpg\" \/>\n\t<meta property=\"og:image:width\" content=\"1000\" \/>\n\t<meta property=\"og:image:height\" content=\"1000\" \/>\n\t<meta property=\"og:image:type\" content=\"image\/jpeg\" \/>\n<meta name=\"twitter:card\" content=\"summary_large_image\" \/>\n<meta name=\"twitter:label1\" content=\"Tiempo de lectura\" \/>\n\t<meta name=\"twitter:data1\" content=\"1 minuto\" \/>\n<script type=\"application\/ld+json\" class=\"yoast-schema-graph\">{\"@context\":\"https:\/\/schema.org\",\"@graph\":[{\"@type\":\"WebPage\",\"@id\":\"https:\/\/global-hookah.com\/ru\/\u043f\u0440\u043e\u0434\u0443\u043a\u0442\/%d0%ba%d0%b0%d0%bb%d1%8c%d1%8f%d0%bd-%d0%b8%d0%b7-%d1%81%d0%bc%d0%be%d0%bb%d1%8b-%d0%b2-%d1%84%d0%be%d1%80%d0%bc%d0%b5-%d0%b7%d0%bc%d0%b5%d0%b8\/\",\"url\":\"https:\/\/global-hookah.com\/ru\/\u043f\u0440\u043e\u0434\u0443\u043a\u0442\/%d0%ba%d0%b0%d0%bb%d1%8c%d1%8f%d0%bd-%d0%b8%d0%b7-%d1%81%d0%bc%d0%be%d0%bb%d1%8b-%d0%b2-%d1%84%d0%be%d1%80%d0%bc%d0%b5-%d0%b7%d0%bc%d0%b5%d0%b8\/\",\"name\":\"Snake-shaped Resin Hookah - Global Hookah\",\"isPartOf\":{\"@id\":\"https:\/\/global-hookah.com\/#website\"},\"primaryImageOfPage\":{\"@id\":\"https:\/\/global-hookah.com\/ru\/\u043f\u0440\u043e\u0434\u0443\u043a\u0442\/%d0%ba%d0%b0%d0%bb%d1%8c%d1%8f%d0%bd-%d0%b8%d0%b7-%d1%81%d0%bc%d0%be%d0%bb%d1%8b-%d0%b2-%d1%84%d0%be%d1%80%d0%bc%d0%b5-%d0%b7%d0%bc%d0%b5%d0%b8\/#primaryimage\"},\"image\":{\"@id\":\"https:\/\/global-hookah.com\/ru\/\u043f\u0440\u043e\u0434\u0443\u043a\u0442\/%d0%ba%d0%b0%d0%bb%d1%8c%d1%8f%d0%bd-%d0%b8%d0%b7-%d1%81%d0%bc%d0%be%d0%bb%d1%8b-%d0%b2-%d1%84%d0%be%d1%80%d0%bc%d0%b5-%d0%b7%d0%bc%d0%b5%d0%b8\/#primaryimage\"},\"thumbnailUrl\":\"https:\/\/global-hookah.com\/wp-content\/uploads\/2023\/03\/\u4e3b\u56fe-07-4.jpg\",\"datePublished\":\"2023-03-09T11:44:21+00:00\",\"dateModified\":\"2023-03-16T11:52:51+00:00\",\"breadcrumb\":{\"@id\":\"https:\/\/global-hookah.com\/ru\/\u043f\u0440\u043e\u0434\u0443\u043a\u0442\/%d0%ba%d0%b0%d0%bb%d1%8c%d1%8f%d0%bd-%d0%b8%d0%b7-%d1%81%d0%bc%d0%be%d0%bb%d1%8b-%d0%b2-%d1%84%d0%be%d1%80%d0%bc%d0%b5-%d0%b7%d0%bc%d0%b5%d0%b8\/#breadcrumb\"},\"inLanguage\":\"es\",\"potentialAction\":[{\"@type\":\"ReadAction\",\"target\":[\"https:\/\/global-hookah.com\/ru\/\u043f\u0440\u043e\u0434\u0443\u043a\u0442\/%d0%ba%d0%b0%d0%bb%d1%8c%d1%8f%d0%bd-%d0%b8%d0%b7-%d1%81%d0%bc%d0%be%d0%bb%d1%8b-%d0%b2-%d1%84%d0%be%d1%80%d0%bc%d0%b5-%d0%b7%d0%bc%d0%b5%d0%b8\/\"]}]},{\"@type\":\"ImageObject\",\"inLanguage\":\"es\",\"@id\":\"https:\/\/global-hookah.com\/ru\/\u043f\u0440\u043e\u0434\u0443\u043a\u0442\/%d0%ba%d0%b0%d0%bb%d1%8c%d1%8f%d0%bd-%d0%b8%d0%b7-%d1%81%d0%bc%d0%be%d0%bb%d1%8b-%d0%b2-%d1%84%d0%be%d1%80%d0%bc%d0%b5-%d0%b7%d0%bc%d0%b5%d0%b8\/#primaryimage\",\"url\":\"https:\/\/global-hookah.com\/wp-content\/uploads\/2023\/03\/\u4e3b\u56fe-07-4.jpg\",\"contentUrl\":\"https:\/\/global-hookah.com\/wp-content\/uploads\/2023\/03\/\u4e3b\u56fe-07-4.jpg\",\"width\":1000,\"height\":1000,\"caption\":\"Snake-shaped Resin Hookah\"},{\"@type\":\"BreadcrumbList\",\"@id\":\"https:\/\/global-hookah.com\/ru\/\u043f\u0440\u043e\u0434\u0443\u043a\u0442\/%d0%ba%d0%b0%d0%bb%d1%8c%d1%8f%d0%bd-%d0%b8%d0%b7-%d1%81%d0%bc%d0%be%d0%bb%d1%8b-%d0%b2-%d1%84%d0%be%d1%80%d0%bc%d0%b5-%d0%b7%d0%bc%d0%b5%d0%b8\/#breadcrumb\",\"itemListElement\":[{\"@type\":\"ListItem\",\"position\":1,\"name\":\"Home\",\"item\":\"https:\/\/global-hookah.com\/\"},{\"@type\":\"ListItem\",\"position\":2,\"name\":\"Shop\",\"item\":\"https:\/\/global-hookah.com\/shop\/\"},{\"@type\":\"ListItem\",\"position\":3,\"name\":\"Snake-shaped Resin Hookah\"}]},{\"@type\":\"WebSite\",\"@id\":\"https:\/\/global-hookah.com\/#website\",\"url\":\"https:\/\/global-hookah.com\/\",\"name\":\"Global Hookah\",\"description\":\"Global Hookah\",\"publisher\":{\"@id\":\"https:\/\/global-hookah.com\/#organization\"},\"potentialAction\":[{\"@type\":\"SearchAction\",\"target\":{\"@type\":\"EntryPoint\",\"urlTemplate\":\"https:\/\/global-hookah.com\/?s={search_term_string}\"},\"query-input\":{\"@type\":\"PropertyValueSpecification\",\"valueRequired\":true,\"valueName\":\"search_term_string\"}}],\"inLanguage\":\"es\"},{\"@type\":\"Organization\",\"@id\":\"https:\/\/global-hookah.com\/#organization\",\"name\":\"Global Hookah\",\"url\":\"https:\/\/global-hookah.com\/\",\"logo\":{\"@type\":\"ImageObject\",\"inLanguage\":\"es\",\"@id\":\"https:\/\/global-hookah.com\/#\/schema\/logo\/image\/\",\"url\":\"https:\/\/global-hookah.com\/wp-content\/uploads\/2021\/10\/cropped-fgg.png\",\"contentUrl\":\"https:\/\/global-hookah.com\/wp-content\/uploads\/2021\/10\/cropped-fgg.png\",\"width\":512,\"height\":512,\"caption\":\"Global Hookah\"},\"image\":{\"@id\":\"https:\/\/global-hookah.com\/#\/schema\/logo\/image\/\"}}]}<\/script>\n<!-- \/ Yoast SEO Premium plugin. -->","yoast_head_json":{"title":"Narguile de resina en forma de serpiente - Global Hookah","robots":{"index":"index","follow":"follow","max-snippet":"max-snippet:-1","max-image-preview":"max-image-preview:large","max-video-preview":"max-video-preview:-1"},"canonical":"https:\/\/global-hookah.com\/es\/ru\/\u043f\u0440\u043e\u0434\u0443\u043a\u0442\/\u043a\u0430\u043b\u044c\u044f\u043d-\u0438\u0437-\u0441\u043c\u043e\u043b\u044b-\u0432-\u0444\u043e\u0440\u043c\u0435-\u0437\u043c\u0435\u0438\/","og_locale":"es_ES","og_type":"article","og_title":"Snake-shaped Resin Hookah","og_description":"This Snake-shaped Resin Hookah made of high-quality resin, is built to last and engineered to elevate your smoking experience to","og_url":"https:\/\/global-hookah.com\/es\/ru\/\u043f\u0440\u043e\u0434\u0443\u043a\u0442\/\u043a\u0430\u043b\u044c\u044f\u043d-\u0438\u0437-\u0441\u043c\u043e\u043b\u044b-\u0432-\u0444\u043e\u0440\u043c\u0435-\u0437\u043c\u0435\u0438\/","og_site_name":"Global Hookah","article_modified_time":"2023-03-16T11:52:51+00:00","og_image":[{"width":1000,"height":1000,"url":"https:\/\/global-hookah.com\/wp-content\/uploads\/2023\/03\/\u4e3b\u56fe-07-4.jpg","type":"image\/jpeg"}],"twitter_card":"summary_large_image","twitter_misc":{"Tiempo de lectura":"1 minuto"},"schema":{"@context":"https:\/\/schema.org","@graph":[{"@type":"WebPage","@id":"https:\/\/global-hookah.com\/ru\/\u043f\u0440\u043e\u0434\u0443\u043a\u0442\/%d0%ba%d0%b0%d0%bb%d1%8c%d1%8f%d0%bd-%d0%b8%d0%b7-%d1%81%d0%bc%d0%be%d0%bb%d1%8b-%d0%b2-%d1%84%d0%be%d1%80%d0%bc%d0%b5-%d0%b7%d0%bc%d0%b5%d0%b8\/","url":"https:\/\/global-hookah.com\/ru\/\u043f\u0440\u043e\u0434\u0443\u043a\u0442\/%d0%ba%d0%b0%d0%bb%d1%8c%d1%8f%d0%bd-%d0%b8%d0%b7-%d1%81%d0%bc%d0%be%d0%bb%d1%8b-%d0%b2-%d1%84%d0%be%d1%80%d0%bc%d0%b5-%d0%b7%d0%bc%d0%b5%d0%b8\/","name":"Narguile de resina en forma de serpiente - Global Hookah","isPartOf":{"@id":"https:\/\/global-hookah.com\/#website"},"primaryImageOfPage":{"@id":"https:\/\/global-hookah.com\/ru\/\u043f\u0440\u043e\u0434\u0443\u043a\u0442\/%d0%ba%d0%b0%d0%bb%d1%8c%d1%8f%d0%bd-%d0%b8%d0%b7-%d1%81%d0%bc%d0%be%d0%bb%d1%8b-%d0%b2-%d1%84%d0%be%d1%80%d0%bc%d0%b5-%d0%b7%d0%bc%d0%b5%d0%b8\/#primaryimage"},"image":{"@id":"https:\/\/global-hookah.com\/ru\/\u043f\u0440\u043e\u0434\u0443\u043a\u0442\/%d0%ba%d0%b0%d0%bb%d1%8c%d1%8f%d0%bd-%d0%b8%d0%b7-%d1%81%d0%bc%d0%be%d0%bb%d1%8b-%d0%b2-%d1%84%d0%be%d1%80%d0%bc%d0%b5-%d0%b7%d0%bc%d0%b5%d0%b8\/#primaryimage"},"thumbnailUrl":"https:\/\/global-hookah.com\/wp-content\/uploads\/2023\/03\/\u4e3b\u56fe-07-4.jpg","datePublished":"2023-03-09T11:44:21+00:00","dateModified":"2023-03-16T11:52:51+00:00","breadcrumb":{"@id":"https:\/\/global-hookah.com\/ru\/\u043f\u0440\u043e\u0434\u0443\u043a\u0442\/%d0%ba%d0%b0%d0%bb%d1%8c%d1%8f%d0%bd-%d0%b8%d0%b7-%d1%81%d0%bc%d0%be%d0%bb%d1%8b-%d0%b2-%d1%84%d0%be%d1%80%d0%bc%d0%b5-%d0%b7%d0%bc%d0%b5%d0%b8\/#breadcrumb"},"inLanguage":"es","potentialAction":[{"@type":"ReadAction","target":["https:\/\/global-hookah.com\/ru\/\u043f\u0440\u043e\u0434\u0443\u043a\u0442\/%d0%ba%d0%b0%d0%bb%d1%8c%d1%8f%d0%bd-%d0%b8%d0%b7-%d1%81%d0%bc%d0%be%d0%bb%d1%8b-%d0%b2-%d1%84%d0%be%d1%80%d0%bc%d0%b5-%d0%b7%d0%bc%d0%b5%d0%b8\/"]}]},{"@type":"ImageObject","inLanguage":"es","@id":"https:\/\/global-hookah.com\/ru\/\u043f\u0440\u043e\u0434\u0443\u043a\u0442\/%d0%ba%d0%b0%d0%bb%d1%8c%d1%8f%d0%bd-%d0%b8%d0%b7-%d1%81%d0%bc%d0%be%d0%bb%d1%8b-%d0%b2-%d1%84%d0%be%d1%80%d0%bc%d0%b5-%d0%b7%d0%bc%d0%b5%d0%b8\/#primaryimage","url":"https:\/\/global-hookah.com\/wp-content\/uploads\/2023\/03\/\u4e3b\u56fe-07-4.jpg","contentUrl":"https:\/\/global-hookah.com\/wp-content\/uploads\/2023\/03\/\u4e3b\u56fe-07-4.jpg","width":1000,"height":1000,"caption":"Snake-shaped Resin Hookah"},{"@type":"BreadcrumbList","@id":"https:\/\/global-hookah.com\/ru\/\u043f\u0440\u043e\u0434\u0443\u043a\u0442\/%d0%ba%d0%b0%d0%bb%d1%8c%d1%8f%d0%bd-%d0%b8%d0%b7-%d1%81%d0%bc%d0%be%d0%bb%d1%8b-%d0%b2-%d1%84%d0%be%d1%80%d0%bc%d0%b5-%d0%b7%d0%bc%d0%b5%d0%b8\/#breadcrumb","itemListElement":[{"@type":"ListItem","position":1,"name":"Home","item":"https:\/\/global-hookah.com\/"},{"@type":"ListItem","position":2,"name":"Shop","item":"https:\/\/global-hookah.com\/shop\/"},{"@type":"ListItem","position":3,"name":"Snake-shaped Resin Hookah"}]},{"@type":"WebSite","@id":"https:\/\/global-hookah.com\/#website","url":"https:\/\/global-hookah.com\/","name":"Global Hookah","description":"Global Hookah","publisher":{"@id":"https:\/\/global-hookah.com\/#organization"},"potentialAction":[{"@type":"SearchAction","target":{"@type":"EntryPoint","urlTemplate":"https:\/\/global-hookah.com\/?s={search_term_string}"},"query-input":{"@type":"PropertyValueSpecification","valueRequired":true,"valueName":"search_term_string"}}],"inLanguage":"es"},{"@type":"Organization","@id":"https:\/\/global-hookah.com\/#organization","name":"Global Hookah","url":"https:\/\/global-hookah.com\/","logo":{"@type":"ImageObject","inLanguage":"es","@id":"https:\/\/global-hookah.com\/#\/schema\/logo\/image\/","url":"https:\/\/global-hookah.com\/wp-content\/uploads\/2021\/10\/cropped-fgg.png","contentUrl":"https:\/\/global-hookah.com\/wp-content\/uploads\/2021\/10\/cropped-fgg.png","width":512,"height":512,"caption":"Global Hookah"},"image":{"@id":"https:\/\/global-hookah.com\/#\/schema\/logo\/image\/"}}]}},"_links":{"self":[{"href":"https:\/\/global-hookah.com\/es\/wp-json\/wp\/v2\/product\/11283","targetHints":{"allow":["GET"]}}],"collection":[{"href":"https:\/\/global-hookah.com\/es\/wp-json\/wp\/v2\/product"}],"about":[{"href":"https:\/\/global-hookah.com\/es\/wp-json\/wp\/v2\/types\/product"}],"replies":[{"embeddable":true,"href":"https:\/\/global-hookah.com\/es\/wp-json\/wp\/v2\/comments?post=11283"}],"version-history":[{"count":0,"href":"https:\/\/global-hookah.com\/es\/wp-json\/wp\/v2\/product\/11283\/revisions"}],"wp:featuredmedia":[{"embeddable":true,"href":"https:\/\/global-hookah.com\/es\/wp-json\/wp\/v2\/media\/11289"}],"wp:attachment":[{"href":"https:\/\/global-hookah.com\/es\/wp-json\/wp\/v2\/media?parent=11283"}],"wp:term":[{"taxonomy":"product_brand","embeddable":true,"href":"https:\/\/global-hookah.com\/es\/wp-json\/wp\/v2\/product_brand?post=11283"},{"taxonomy":"product_cat","embeddable":true,"href":"https:\/\/global-hookah.com\/es\/wp-json\/wp\/v2\/product_cat?post=11283"},{"taxonomy":"product_tag","embeddable":true,"href":"https:\/\/global-hookah.com\/es\/wp-json\/wp\/v2\/product_tag?post=11283"}],"curies":[{"name":"wp","href":"https:\/\/api.w.org\/{rel}","templated":true}]}}