{"id":11533,"date":"2023-05-06T14:22:44","date_gmt":"2023-05-06T14:22:44","guid":{"rendered":"https:\/\/global-hookah.com\/?post_type=product&#038;p=11533"},"modified":"2024-01-12T03:57:57","modified_gmt":"2024-01-12T03:57:57","slug":"single-hookah-water-pipe-for-marijuana","status":"publish","type":"product","link":"https:\/\/global-hookah.com\/es\/producto\/single-hookah-water-pipe-for-marijuana\/","title":{"rendered":"Pipa de agua Hookah simple para marihuana"},"content":{"rendered":"<p>Si quieres que fumar marihuana sea m\u00e1s agradable, prueba a utilizar un <strong>pipa de agua hookah<\/strong>. Las tuber\u00edas de agua tambi\u00e9n son m\u00e1s eficientes a la hora de suministrar THC, el ingrediente activo de la marihuana, que las tuber\u00edas de agua. <a href=\"https:\/\/global-hookah.com\">articulaciones tradicionales<\/a> o blunts. Especialmente cuando inhalas a trav\u00e9s de la manguera, el humo viaja a trav\u00e9s del agua de la botella antes de llegar a tu boca. Esto enfr\u00eda el humo, haci\u00e9ndolo m\u00e1s c\u00f3modo de inhalar.<\/p>\n<p><strong>Caracter\u00edsticas de la pipa de agua hookah<\/strong><\/p>\n<p>F\u00e1cil de utilizar: El <strong>pipa de agua hookah<\/strong> La cachimba es f\u00e1cil de cargar y de limpiar. No necesitas herramientas ni utensilios especiales para usarla. S\u00f3lo tienes que llenar la cazoleta con tu tabaco o hierba favorita y encenderla.<\/p>\n<p>Un humo incre\u00edblemente suave: El cristal de este <strong>pipa de agua hookah para marihuana<\/strong> es grueso y resistente, lo que garantiza que el humo ser\u00e1 suave y fresco cada vez que d\u00e9 una calada.<\/p>\n<p>- Perfecta para el fumador viajero, la pipa de agua individual es f\u00e1cil de transportar y guardar. La cazoleta de cristal es desmontable para facilitar su limpieza y mantenimiento. La boquilla tambi\u00e9n es desmontable para facilitar su limpieza.<\/p>\n<p>Este <strong>pipa narguile<\/strong> es atractivo y se ver\u00eda excelente en exhibici\u00f3n en cualquier \u00e1rea de su casa o lugar de trabajo. Tambi\u00e9n es un regalo estupendo para una persona especial que tambi\u00e9n aprecie el consumo de marihuana.<\/p>\n<p>Adem\u00e1s, cuenta con una cazoleta de gran tama\u00f1o con un amplio orificio que facilita la adici\u00f3n de tabaco o marihuana, por lo que es ideal para compartir con amigos o familiares. Esto elimina la necesidad de esperar el turno de otra persona para que cada uno pueda tomar su propia calada de la misma manguera al mismo tiempo.<\/p>","protected":false},"excerpt":{"rendered":"<p>Si quieres que fumar marihuana sea m\u00e1s agradable, prueba a utilizar una pipa de agua hookah. Las pipas de agua tambi\u00e9n son m\u00e1s<\/p>","protected":false},"featured_media":11536,"comment_status":"open","ping_status":"closed","template":"","meta":{"iawp_total_views":3,"_joinchat":[]},"product_brand":[],"product_cat":[415,560],"product_tag":[],"class_list":{"0":"post-11533","1":"product","2":"type-product","3":"status-publish","4":"has-post-thumbnail","6":"product_cat-accessories","7":"product_cat-glass-hookah-wholesale","9":"first","10":"instock","11":"shipping-taxable","12":"product-type-external"},"yoast_head":"<!-- This site is optimized with the Yoast SEO Premium plugin v24.7 (Yoast SEO v26.8) - https:\/\/yoast.com\/product\/yoast-seo-premium-wordpress\/ -->\n<title>Single Hookah Water Pipe For Marijuana - Global Hookah<\/title>\n<meta name=\"robots\" content=\"index, follow, max-snippet:-1, max-image-preview:large, max-video-preview:-1\" \/>\n<link rel=\"canonical\" href=\"https:\/\/global-hookah.com\/es\/producto\/single-hookah-water-pipe-for-marijuana\/\" \/>\n<meta property=\"og:locale\" content=\"es_ES\" \/>\n<meta property=\"og:type\" content=\"article\" \/>\n<meta property=\"og:title\" content=\"Single Hookah Water Pipe For Marijuana\" \/>\n<meta property=\"og:description\" content=\"If you want to make smoking marijuana more enjoyable, try using a hookah water pipe. Water pipes are also more\" \/>\n<meta property=\"og:url\" content=\"https:\/\/global-hookah.com\/es\/producto\/single-hookah-water-pipe-for-marijuana\/\" \/>\n<meta property=\"og:site_name\" content=\"Global Hookah\" \/>\n<meta property=\"article:modified_time\" content=\"2024-01-12T03:57:57+00:00\" \/>\n<meta property=\"og:image\" content=\"https:\/\/global-hookah.com\/wp-content\/uploads\/2023\/05\/\u4e3b\u56fe-02-3.jpg\" \/>\n\t<meta property=\"og:image:width\" content=\"1000\" \/>\n\t<meta property=\"og:image:height\" content=\"1000\" \/>\n\t<meta property=\"og:image:type\" content=\"image\/jpeg\" \/>\n<meta name=\"twitter:card\" content=\"summary_large_image\" \/>\n<meta name=\"twitter:label1\" content=\"Tiempo de lectura\" \/>\n\t<meta name=\"twitter:data1\" content=\"2 minutos\" \/>\n<script type=\"application\/ld+json\" class=\"yoast-schema-graph\">{\"@context\":\"https:\/\/schema.org\",\"@graph\":[{\"@type\":\"WebPage\",\"@id\":\"https:\/\/global-hookah.com\/product\/single-hookah-water-pipe-for-marijuana\/\",\"url\":\"https:\/\/global-hookah.com\/product\/single-hookah-water-pipe-for-marijuana\/\",\"name\":\"Single Hookah Water Pipe For Marijuana - Global Hookah\",\"isPartOf\":{\"@id\":\"https:\/\/global-hookah.com\/#website\"},\"primaryImageOfPage\":{\"@id\":\"https:\/\/global-hookah.com\/product\/single-hookah-water-pipe-for-marijuana\/#primaryimage\"},\"image\":{\"@id\":\"https:\/\/global-hookah.com\/product\/single-hookah-water-pipe-for-marijuana\/#primaryimage\"},\"thumbnailUrl\":\"https:\/\/global-hookah.com\/wp-content\/uploads\/2023\/05\/\u4e3b\u56fe-02-3.jpg\",\"datePublished\":\"2023-05-06T14:22:44+00:00\",\"dateModified\":\"2024-01-12T03:57:57+00:00\",\"breadcrumb\":{\"@id\":\"https:\/\/global-hookah.com\/product\/single-hookah-water-pipe-for-marijuana\/#breadcrumb\"},\"inLanguage\":\"es\",\"potentialAction\":[{\"@type\":\"ReadAction\",\"target\":[\"https:\/\/global-hookah.com\/product\/single-hookah-water-pipe-for-marijuana\/\"]}]},{\"@type\":\"ImageObject\",\"inLanguage\":\"es\",\"@id\":\"https:\/\/global-hookah.com\/product\/single-hookah-water-pipe-for-marijuana\/#primaryimage\",\"url\":\"https:\/\/global-hookah.com\/wp-content\/uploads\/2023\/05\/\u4e3b\u56fe-02-3.jpg\",\"contentUrl\":\"https:\/\/global-hookah.com\/wp-content\/uploads\/2023\/05\/\u4e3b\u56fe-02-3.jpg\",\"width\":1000,\"height\":1000,\"caption\":\"Single Hookah Water Pipe For Marijuana\"},{\"@type\":\"BreadcrumbList\",\"@id\":\"https:\/\/global-hookah.com\/product\/single-hookah-water-pipe-for-marijuana\/#breadcrumb\",\"itemListElement\":[{\"@type\":\"ListItem\",\"position\":1,\"name\":\"Home\",\"item\":\"https:\/\/global-hookah.com\/\"},{\"@type\":\"ListItem\",\"position\":2,\"name\":\"Shop\",\"item\":\"https:\/\/global-hookah.com\/shop\/\"},{\"@type\":\"ListItem\",\"position\":3,\"name\":\"Single Hookah Water Pipe For Marijuana\"}]},{\"@type\":\"WebSite\",\"@id\":\"https:\/\/global-hookah.com\/#website\",\"url\":\"https:\/\/global-hookah.com\/\",\"name\":\"Global Hookah\",\"description\":\"Global Hookah\",\"publisher\":{\"@id\":\"https:\/\/global-hookah.com\/#organization\"},\"potentialAction\":[{\"@type\":\"SearchAction\",\"target\":{\"@type\":\"EntryPoint\",\"urlTemplate\":\"https:\/\/global-hookah.com\/?s={search_term_string}\"},\"query-input\":{\"@type\":\"PropertyValueSpecification\",\"valueRequired\":true,\"valueName\":\"search_term_string\"}}],\"inLanguage\":\"es\"},{\"@type\":\"Organization\",\"@id\":\"https:\/\/global-hookah.com\/#organization\",\"name\":\"Global Hookah\",\"url\":\"https:\/\/global-hookah.com\/\",\"logo\":{\"@type\":\"ImageObject\",\"inLanguage\":\"es\",\"@id\":\"https:\/\/global-hookah.com\/#\/schema\/logo\/image\/\",\"url\":\"https:\/\/global-hookah.com\/wp-content\/uploads\/2021\/10\/cropped-fgg.png\",\"contentUrl\":\"https:\/\/global-hookah.com\/wp-content\/uploads\/2021\/10\/cropped-fgg.png\",\"width\":512,\"height\":512,\"caption\":\"Global Hookah\"},\"image\":{\"@id\":\"https:\/\/global-hookah.com\/#\/schema\/logo\/image\/\"}}]}<\/script>\n<!-- \/ Yoast SEO Premium plugin. -->","yoast_head_json":{"title":"Pipa de Agua para Marihuana - Global Hookah","robots":{"index":"index","follow":"follow","max-snippet":"max-snippet:-1","max-image-preview":"max-image-preview:large","max-video-preview":"max-video-preview:-1"},"canonical":"https:\/\/global-hookah.com\/es\/producto\/single-hookah-water-pipe-for-marijuana\/","og_locale":"es_ES","og_type":"article","og_title":"Single Hookah Water Pipe For Marijuana","og_description":"If you want to make smoking marijuana more enjoyable, try using a hookah water pipe. Water pipes are also more","og_url":"https:\/\/global-hookah.com\/es\/producto\/single-hookah-water-pipe-for-marijuana\/","og_site_name":"Global Hookah","article_modified_time":"2024-01-12T03:57:57+00:00","og_image":[{"width":1000,"height":1000,"url":"https:\/\/global-hookah.com\/wp-content\/uploads\/2023\/05\/\u4e3b\u56fe-02-3.jpg","type":"image\/jpeg"}],"twitter_card":"summary_large_image","twitter_misc":{"Tiempo de lectura":"2 minutos"},"schema":{"@context":"https:\/\/schema.org","@graph":[{"@type":"WebPage","@id":"https:\/\/global-hookah.com\/product\/single-hookah-water-pipe-for-marijuana\/","url":"https:\/\/global-hookah.com\/product\/single-hookah-water-pipe-for-marijuana\/","name":"Pipa de Agua para Marihuana - Global Hookah","isPartOf":{"@id":"https:\/\/global-hookah.com\/#website"},"primaryImageOfPage":{"@id":"https:\/\/global-hookah.com\/product\/single-hookah-water-pipe-for-marijuana\/#primaryimage"},"image":{"@id":"https:\/\/global-hookah.com\/product\/single-hookah-water-pipe-for-marijuana\/#primaryimage"},"thumbnailUrl":"https:\/\/global-hookah.com\/wp-content\/uploads\/2023\/05\/\u4e3b\u56fe-02-3.jpg","datePublished":"2023-05-06T14:22:44+00:00","dateModified":"2024-01-12T03:57:57+00:00","breadcrumb":{"@id":"https:\/\/global-hookah.com\/product\/single-hookah-water-pipe-for-marijuana\/#breadcrumb"},"inLanguage":"es","potentialAction":[{"@type":"ReadAction","target":["https:\/\/global-hookah.com\/product\/single-hookah-water-pipe-for-marijuana\/"]}]},{"@type":"ImageObject","inLanguage":"es","@id":"https:\/\/global-hookah.com\/product\/single-hookah-water-pipe-for-marijuana\/#primaryimage","url":"https:\/\/global-hookah.com\/wp-content\/uploads\/2023\/05\/\u4e3b\u56fe-02-3.jpg","contentUrl":"https:\/\/global-hookah.com\/wp-content\/uploads\/2023\/05\/\u4e3b\u56fe-02-3.jpg","width":1000,"height":1000,"caption":"Single Hookah Water Pipe For Marijuana"},{"@type":"BreadcrumbList","@id":"https:\/\/global-hookah.com\/product\/single-hookah-water-pipe-for-marijuana\/#breadcrumb","itemListElement":[{"@type":"ListItem","position":1,"name":"Home","item":"https:\/\/global-hookah.com\/"},{"@type":"ListItem","position":2,"name":"Shop","item":"https:\/\/global-hookah.com\/shop\/"},{"@type":"ListItem","position":3,"name":"Single Hookah Water Pipe For Marijuana"}]},{"@type":"WebSite","@id":"https:\/\/global-hookah.com\/#website","url":"https:\/\/global-hookah.com\/","name":"Global Hookah","description":"Global Hookah","publisher":{"@id":"https:\/\/global-hookah.com\/#organization"},"potentialAction":[{"@type":"SearchAction","target":{"@type":"EntryPoint","urlTemplate":"https:\/\/global-hookah.com\/?s={search_term_string}"},"query-input":{"@type":"PropertyValueSpecification","valueRequired":true,"valueName":"search_term_string"}}],"inLanguage":"es"},{"@type":"Organization","@id":"https:\/\/global-hookah.com\/#organization","name":"Global Hookah","url":"https:\/\/global-hookah.com\/","logo":{"@type":"ImageObject","inLanguage":"es","@id":"https:\/\/global-hookah.com\/#\/schema\/logo\/image\/","url":"https:\/\/global-hookah.com\/wp-content\/uploads\/2021\/10\/cropped-fgg.png","contentUrl":"https:\/\/global-hookah.com\/wp-content\/uploads\/2021\/10\/cropped-fgg.png","width":512,"height":512,"caption":"Global Hookah"},"image":{"@id":"https:\/\/global-hookah.com\/#\/schema\/logo\/image\/"}}]}},"_links":{"self":[{"href":"https:\/\/global-hookah.com\/es\/wp-json\/wp\/v2\/product\/11533","targetHints":{"allow":["GET"]}}],"collection":[{"href":"https:\/\/global-hookah.com\/es\/wp-json\/wp\/v2\/product"}],"about":[{"href":"https:\/\/global-hookah.com\/es\/wp-json\/wp\/v2\/types\/product"}],"replies":[{"embeddable":true,"href":"https:\/\/global-hookah.com\/es\/wp-json\/wp\/v2\/comments?post=11533"}],"version-history":[{"count":0,"href":"https:\/\/global-hookah.com\/es\/wp-json\/wp\/v2\/product\/11533\/revisions"}],"wp:featuredmedia":[{"embeddable":true,"href":"https:\/\/global-hookah.com\/es\/wp-json\/wp\/v2\/media\/11536"}],"wp:attachment":[{"href":"https:\/\/global-hookah.com\/es\/wp-json\/wp\/v2\/media?parent=11533"}],"wp:term":[{"taxonomy":"product_brand","embeddable":true,"href":"https:\/\/global-hookah.com\/es\/wp-json\/wp\/v2\/product_brand?post=11533"},{"taxonomy":"product_cat","embeddable":true,"href":"https:\/\/global-hookah.com\/es\/wp-json\/wp\/v2\/product_cat?post=11533"},{"taxonomy":"product_tag","embeddable":true,"href":"https:\/\/global-hookah.com\/es\/wp-json\/wp\/v2\/product_tag?post=11533"}],"curies":[{"name":"wp","href":"https:\/\/api.w.org\/{rel}","templated":true}]}}