{"id":11694,"date":"2023-05-18T01:19:45","date_gmt":"2023-05-18T01:19:45","guid":{"rendered":"https:\/\/global-hookah.com\/product\/2-hoses-glass-hookah-pipe-wholesale\/"},"modified":"2024-01-12T07:49:38","modified_gmt":"2024-01-12T07:49:38","slug":"2-hoses-glass-hookah-pipe-wholesale","status":"publish","type":"product","link":"https:\/\/global-hookah.com\/es\/producto\/2-hoses-glass-hookah-pipe-wholesale\/","title":{"rendered":"Pipa Hookah de vidrio de 2 mangueras al por mayor"},"content":{"rendered":"<p>Este <strong>Pipa Hookah de cristal con 2 mangueras<\/strong> mide 21,65 pulgadas de alto, su tama\u00f1o compacto lo hace muy port\u00e1til - se puede empacar f\u00e1cilmente en una bolsa para fumar en cualquier lugar, est\u00e1 hecho de vidrio de borosilicato, por lo que es muy port\u00e1til Resistencia a los choques t\u00e9rmicos, lo que significa que puede soportar cambios r\u00e1pidos de temperatura sin agrietarse o romperse<\/p>\n<p>Este <strong>Pipa Hookah de cristal con 2 mangueras<\/strong> est\u00e1 dise\u00f1ado para su uso por varias personas en salones, bares, etc. La configuraci\u00f3n de la taza y la manguera puede acomodar a m\u00e1s de 2 personas.<\/p>\n<p>Este <strong>pipa Hookah de cristal<\/strong> utiliza percoladores y difusores para suavizar el humo, enfri\u00e1ndolo y filtr\u00e1ndolo antes de que llegue al usuario.<\/p>\n<p>f\u00e1cil instalaci\u00f3n<\/p>\n<p><strong>Pipa Hookah de vidrio<\/strong> est\u00e1n dise\u00f1ados para una c\u00f3moda instalaci\u00f3n, uso y limpieza. El proceso de configuraci\u00f3n es sencillo: s\u00f3lo tiene que a\u00f1adir agua al recipiente, conectar la manguera y la boquilla, colocar el tabaco en la cazoleta y ya est\u00e1 listo para fumar. El desmontaje es igual de f\u00e1cil<\/p>\n<p>Optar por<a href=\"https:\/\/global-hookah.com\/product-category\/wholesale-hookah\/\"><strong> venta al por mayor de nuestros narguiles<\/strong><\/a> tiene calidad garantizada y se env\u00eda directamente desde el <strong>f\u00e1brica de narguile<\/strong> para que el precio al por mayor de sus narguiles sea m\u00e1s favorable que el precio al por mayor de los minoristas.<\/p>\n<div class=\"detailmodule_html\">\n<div class=\"detail-desc-decorate-richtext\">\n<div style=\"overflow: hidden; height: 0px;\">m<\/div>\n<div>\n<p><span style=\"background-color: #ffffff; color: #000000; font-size: 18px; font-family: 'Open Sans', Roboto, Arial, Helvetica, sans-serif, SimSun;\">Art\u00edculo:Shisha de cristal<br \/>\nMaterial:Vidrio+Metal+Cer\u00e1mica<br \/>\nTipo:2 mangueras<br \/>\nColor:Azul,Verde,Morado,Amarillo<br \/>\nAltura total:Aproximadamente 55CM\/21.65\u2033.<br \/>\nDi\u00e1metro de la parte inferior:Unos 14CM\/5.5\u2033.<br \/>\nUso:Tuber\u00edas y accesorios Shihsa<br \/>\nLugar adecuado:Hogar,Bar,Club,Boda,Fiesta,Viaje,Exterior.<\/span><\/p>\n<p><img decoding=\"async\" src=\"https:\/\/ae01.alicdn.com\/kf\/S8e65001a0f494b45852847c9f5c76fc4b.jpg\" \/><img decoding=\"async\" src=\"https:\/\/ae01.alicdn.com\/kf\/S615a49fd95bb439facaa1a8c6df110beb.jpg\" \/><img decoding=\"async\" src=\"https:\/\/ae01.alicdn.com\/kf\/S13d8eb83152d44c88faf560039c70491E.jpg\" \/><img decoding=\"async\" src=\"https:\/\/ae01.alicdn.com\/kf\/Sd52b366faab24ceea00adb0bc50631ffW.jpg\" \/><img decoding=\"async\" src=\"https:\/\/ae01.alicdn.com\/kf\/S51f6dddfd77348ba9b88a4d8d8f00071d.jpg\" \/><img decoding=\"async\" src=\"https:\/\/ae01.alicdn.com\/kf\/Se8d0a90945634b9ead00a104682cf02d8.jpg\" \/><img decoding=\"async\" src=\"https:\/\/ae01.alicdn.com\/kf\/S61dddf39b8394f289340528bb2785fd9j.jpg\" \/><img decoding=\"async\" src=\"https:\/\/ae01.alicdn.com\/kf\/Sbde67b0192c948f8af10faf1b4c1547e2.jpg\" \/><\/p>\n<p><img decoding=\"async\" src=\"https:\/\/ae01.alicdn.com\/kf\/H0982bec1f89643ea928b461ecb2d84f2l.jpg\" \/><\/p>\n<\/div>\n<\/div>\n<\/div>\n<p>&nbsp;<\/p>","protected":false},"excerpt":{"rendered":"<p>Este 2 Mangueras de vidrio pipa Hookah es 21.65 pulgadas de alto, su tama\u00f1o compacto hace que sea muy port\u00e1til - usted puede<\/p>","protected":false},"featured_media":11695,"comment_status":"open","ping_status":"closed","template":"","meta":{"iawp_total_views":26,"_joinchat":[]},"product_brand":[],"product_cat":[560,559,119],"product_tag":[],"class_list":{"0":"post-11694","1":"product","2":"type-product","3":"status-publish","4":"has-post-thumbnail","6":"product_cat-glass-hookah-wholesale","7":"product_cat-portable-hookah-wholesale","8":"product_cat-wholesale-hookah","10":"first","11":"instock","12":"shipping-taxable","13":"purchasable","14":"product-type-simple"},"yoast_head":"<!-- This site is optimized with the Yoast SEO Premium plugin v24.7 (Yoast SEO v26.8) - https:\/\/yoast.com\/product\/yoast-seo-premium-wordpress\/ -->\n<title>2 Hoses Glass Hookah Pipe Wholesale - Global Hookah<\/title>\n<meta name=\"robots\" content=\"index, follow, max-snippet:-1, max-image-preview:large, max-video-preview:-1\" \/>\n<link rel=\"canonical\" href=\"https:\/\/global-hookah.com\/es\/producto\/2-hoses-glass-hookah-pipe-wholesale\/\" \/>\n<meta property=\"og:locale\" content=\"es_ES\" \/>\n<meta property=\"og:type\" content=\"article\" \/>\n<meta property=\"og:title\" content=\"2 Hoses Glass Hookah Pipe Wholesale\" \/>\n<meta property=\"og:description\" content=\"This 2 Hoses Glass Hookah Pipe is 21.65 inches tall, its compact size makes it highly portable &#8211; you can\" \/>\n<meta property=\"og:url\" content=\"https:\/\/global-hookah.com\/es\/producto\/2-hoses-glass-hookah-pipe-wholesale\/\" \/>\n<meta property=\"og:site_name\" content=\"Global Hookah\" \/>\n<meta property=\"article:modified_time\" content=\"2024-01-12T07:49:38+00:00\" \/>\n<meta property=\"og:image\" content=\"https:\/\/global-hookah.com\/wp-content\/uploads\/2023\/05\/New-2-Hoses-Glass-Hookah-Pipa-Narguile-Completo-Shisha-Pipe-Chicha-Cachimba-Middle-Size-Sisha-Smoking.jpg\" \/>\n\t<meta property=\"og:image:width\" content=\"1200\" \/>\n\t<meta property=\"og:image:height\" content=\"1200\" \/>\n\t<meta property=\"og:image:type\" content=\"image\/jpeg\" \/>\n<meta name=\"twitter:card\" content=\"summary_large_image\" \/>\n<meta name=\"twitter:label1\" content=\"Tiempo de lectura\" \/>\n\t<meta name=\"twitter:data1\" content=\"3 minutos\" \/>\n<script type=\"application\/ld+json\" class=\"yoast-schema-graph\">{\"@context\":\"https:\/\/schema.org\",\"@graph\":[{\"@type\":\"WebPage\",\"@id\":\"https:\/\/global-hookah.com\/product\/2-hoses-glass-hookah-pipe-wholesale\/\",\"url\":\"https:\/\/global-hookah.com\/product\/2-hoses-glass-hookah-pipe-wholesale\/\",\"name\":\"2 Hoses Glass Hookah Pipe Wholesale - Global Hookah\",\"isPartOf\":{\"@id\":\"https:\/\/global-hookah.com\/#website\"},\"primaryImageOfPage\":{\"@id\":\"https:\/\/global-hookah.com\/product\/2-hoses-glass-hookah-pipe-wholesale\/#primaryimage\"},\"image\":{\"@id\":\"https:\/\/global-hookah.com\/product\/2-hoses-glass-hookah-pipe-wholesale\/#primaryimage\"},\"thumbnailUrl\":\"https:\/\/global-hookah.com\/wp-content\/uploads\/2023\/05\/New-2-Hoses-Glass-Hookah-Pipa-Narguile-Completo-Shisha-Pipe-Chicha-Cachimba-Middle-Size-Sisha-Smoking.jpg\",\"datePublished\":\"2023-05-18T01:19:45+00:00\",\"dateModified\":\"2024-01-12T07:49:38+00:00\",\"breadcrumb\":{\"@id\":\"https:\/\/global-hookah.com\/product\/2-hoses-glass-hookah-pipe-wholesale\/#breadcrumb\"},\"inLanguage\":\"es\",\"potentialAction\":[{\"@type\":\"ReadAction\",\"target\":[\"https:\/\/global-hookah.com\/product\/2-hoses-glass-hookah-pipe-wholesale\/\"]}]},{\"@type\":\"ImageObject\",\"inLanguage\":\"es\",\"@id\":\"https:\/\/global-hookah.com\/product\/2-hoses-glass-hookah-pipe-wholesale\/#primaryimage\",\"url\":\"https:\/\/global-hookah.com\/wp-content\/uploads\/2023\/05\/New-2-Hoses-Glass-Hookah-Pipa-Narguile-Completo-Shisha-Pipe-Chicha-Cachimba-Middle-Size-Sisha-Smoking.jpg\",\"contentUrl\":\"https:\/\/global-hookah.com\/wp-content\/uploads\/2023\/05\/New-2-Hoses-Glass-Hookah-Pipa-Narguile-Completo-Shisha-Pipe-Chicha-Cachimba-Middle-Size-Sisha-Smoking.jpg\",\"width\":1200,\"height\":1200,\"caption\":\"2 Hoses Glass Hookah Pipe Wholesale\"},{\"@type\":\"BreadcrumbList\",\"@id\":\"https:\/\/global-hookah.com\/product\/2-hoses-glass-hookah-pipe-wholesale\/#breadcrumb\",\"itemListElement\":[{\"@type\":\"ListItem\",\"position\":1,\"name\":\"Home\",\"item\":\"https:\/\/global-hookah.com\/\"},{\"@type\":\"ListItem\",\"position\":2,\"name\":\"Shop\",\"item\":\"https:\/\/global-hookah.com\/shop\/\"},{\"@type\":\"ListItem\",\"position\":3,\"name\":\"2 Hoses Glass Hookah Pipe Wholesale\"}]},{\"@type\":\"WebSite\",\"@id\":\"https:\/\/global-hookah.com\/#website\",\"url\":\"https:\/\/global-hookah.com\/\",\"name\":\"Global Hookah\",\"description\":\"Global Hookah\",\"publisher\":{\"@id\":\"https:\/\/global-hookah.com\/#organization\"},\"potentialAction\":[{\"@type\":\"SearchAction\",\"target\":{\"@type\":\"EntryPoint\",\"urlTemplate\":\"https:\/\/global-hookah.com\/?s={search_term_string}\"},\"query-input\":{\"@type\":\"PropertyValueSpecification\",\"valueRequired\":true,\"valueName\":\"search_term_string\"}}],\"inLanguage\":\"es\"},{\"@type\":\"Organization\",\"@id\":\"https:\/\/global-hookah.com\/#organization\",\"name\":\"Global Hookah\",\"url\":\"https:\/\/global-hookah.com\/\",\"logo\":{\"@type\":\"ImageObject\",\"inLanguage\":\"es\",\"@id\":\"https:\/\/global-hookah.com\/#\/schema\/logo\/image\/\",\"url\":\"https:\/\/global-hookah.com\/wp-content\/uploads\/2021\/10\/cropped-fgg.png\",\"contentUrl\":\"https:\/\/global-hookah.com\/wp-content\/uploads\/2021\/10\/cropped-fgg.png\",\"width\":512,\"height\":512,\"caption\":\"Global Hookah\"},\"image\":{\"@id\":\"https:\/\/global-hookah.com\/#\/schema\/logo\/image\/\"}}]}<\/script>\n<!-- \/ Yoast SEO Premium plugin. -->","yoast_head_json":{"title":"Pipa Hookah de vidrio de 2 mangueras al por mayor - Global Hookah","robots":{"index":"index","follow":"follow","max-snippet":"max-snippet:-1","max-image-preview":"max-image-preview:large","max-video-preview":"max-video-preview:-1"},"canonical":"https:\/\/global-hookah.com\/es\/producto\/2-hoses-glass-hookah-pipe-wholesale\/","og_locale":"es_ES","og_type":"article","og_title":"2 Hoses Glass Hookah Pipe Wholesale","og_description":"This 2 Hoses Glass Hookah Pipe is 21.65 inches tall, its compact size makes it highly portable &#8211; you can","og_url":"https:\/\/global-hookah.com\/es\/producto\/2-hoses-glass-hookah-pipe-wholesale\/","og_site_name":"Global Hookah","article_modified_time":"2024-01-12T07:49:38+00:00","og_image":[{"width":1200,"height":1200,"url":"https:\/\/global-hookah.com\/wp-content\/uploads\/2023\/05\/New-2-Hoses-Glass-Hookah-Pipa-Narguile-Completo-Shisha-Pipe-Chicha-Cachimba-Middle-Size-Sisha-Smoking.jpg","type":"image\/jpeg"}],"twitter_card":"summary_large_image","twitter_misc":{"Tiempo de lectura":"3 minutos"},"schema":{"@context":"https:\/\/schema.org","@graph":[{"@type":"WebPage","@id":"https:\/\/global-hookah.com\/product\/2-hoses-glass-hookah-pipe-wholesale\/","url":"https:\/\/global-hookah.com\/product\/2-hoses-glass-hookah-pipe-wholesale\/","name":"Pipa Hookah de vidrio de 2 mangueras al por mayor - Global Hookah","isPartOf":{"@id":"https:\/\/global-hookah.com\/#website"},"primaryImageOfPage":{"@id":"https:\/\/global-hookah.com\/product\/2-hoses-glass-hookah-pipe-wholesale\/#primaryimage"},"image":{"@id":"https:\/\/global-hookah.com\/product\/2-hoses-glass-hookah-pipe-wholesale\/#primaryimage"},"thumbnailUrl":"https:\/\/global-hookah.com\/wp-content\/uploads\/2023\/05\/New-2-Hoses-Glass-Hookah-Pipa-Narguile-Completo-Shisha-Pipe-Chicha-Cachimba-Middle-Size-Sisha-Smoking.jpg","datePublished":"2023-05-18T01:19:45+00:00","dateModified":"2024-01-12T07:49:38+00:00","breadcrumb":{"@id":"https:\/\/global-hookah.com\/product\/2-hoses-glass-hookah-pipe-wholesale\/#breadcrumb"},"inLanguage":"es","potentialAction":[{"@type":"ReadAction","target":["https:\/\/global-hookah.com\/product\/2-hoses-glass-hookah-pipe-wholesale\/"]}]},{"@type":"ImageObject","inLanguage":"es","@id":"https:\/\/global-hookah.com\/product\/2-hoses-glass-hookah-pipe-wholesale\/#primaryimage","url":"https:\/\/global-hookah.com\/wp-content\/uploads\/2023\/05\/New-2-Hoses-Glass-Hookah-Pipa-Narguile-Completo-Shisha-Pipe-Chicha-Cachimba-Middle-Size-Sisha-Smoking.jpg","contentUrl":"https:\/\/global-hookah.com\/wp-content\/uploads\/2023\/05\/New-2-Hoses-Glass-Hookah-Pipa-Narguile-Completo-Shisha-Pipe-Chicha-Cachimba-Middle-Size-Sisha-Smoking.jpg","width":1200,"height":1200,"caption":"2 Hoses Glass Hookah Pipe Wholesale"},{"@type":"BreadcrumbList","@id":"https:\/\/global-hookah.com\/product\/2-hoses-glass-hookah-pipe-wholesale\/#breadcrumb","itemListElement":[{"@type":"ListItem","position":1,"name":"Home","item":"https:\/\/global-hookah.com\/"},{"@type":"ListItem","position":2,"name":"Shop","item":"https:\/\/global-hookah.com\/shop\/"},{"@type":"ListItem","position":3,"name":"2 Hoses Glass Hookah Pipe Wholesale"}]},{"@type":"WebSite","@id":"https:\/\/global-hookah.com\/#website","url":"https:\/\/global-hookah.com\/","name":"Global Hookah","description":"Global Hookah","publisher":{"@id":"https:\/\/global-hookah.com\/#organization"},"potentialAction":[{"@type":"SearchAction","target":{"@type":"EntryPoint","urlTemplate":"https:\/\/global-hookah.com\/?s={search_term_string}"},"query-input":{"@type":"PropertyValueSpecification","valueRequired":true,"valueName":"search_term_string"}}],"inLanguage":"es"},{"@type":"Organization","@id":"https:\/\/global-hookah.com\/#organization","name":"Global Hookah","url":"https:\/\/global-hookah.com\/","logo":{"@type":"ImageObject","inLanguage":"es","@id":"https:\/\/global-hookah.com\/#\/schema\/logo\/image\/","url":"https:\/\/global-hookah.com\/wp-content\/uploads\/2021\/10\/cropped-fgg.png","contentUrl":"https:\/\/global-hookah.com\/wp-content\/uploads\/2021\/10\/cropped-fgg.png","width":512,"height":512,"caption":"Global Hookah"},"image":{"@id":"https:\/\/global-hookah.com\/#\/schema\/logo\/image\/"}}]}},"_links":{"self":[{"href":"https:\/\/global-hookah.com\/es\/wp-json\/wp\/v2\/product\/11694","targetHints":{"allow":["GET"]}}],"collection":[{"href":"https:\/\/global-hookah.com\/es\/wp-json\/wp\/v2\/product"}],"about":[{"href":"https:\/\/global-hookah.com\/es\/wp-json\/wp\/v2\/types\/product"}],"replies":[{"embeddable":true,"href":"https:\/\/global-hookah.com\/es\/wp-json\/wp\/v2\/comments?post=11694"}],"version-history":[{"count":0,"href":"https:\/\/global-hookah.com\/es\/wp-json\/wp\/v2\/product\/11694\/revisions"}],"wp:featuredmedia":[{"embeddable":true,"href":"https:\/\/global-hookah.com\/es\/wp-json\/wp\/v2\/media\/11695"}],"wp:attachment":[{"href":"https:\/\/global-hookah.com\/es\/wp-json\/wp\/v2\/media?parent=11694"}],"wp:term":[{"taxonomy":"product_brand","embeddable":true,"href":"https:\/\/global-hookah.com\/es\/wp-json\/wp\/v2\/product_brand?post=11694"},{"taxonomy":"product_cat","embeddable":true,"href":"https:\/\/global-hookah.com\/es\/wp-json\/wp\/v2\/product_cat?post=11694"},{"taxonomy":"product_tag","embeddable":true,"href":"https:\/\/global-hookah.com\/es\/wp-json\/wp\/v2\/product_tag?post=11694"}],"curies":[{"name":"wp","href":"https:\/\/api.w.org\/{rel}","templated":true}]}}