{"id":11754,"date":"2023-05-18T01:27:01","date_gmt":"2023-05-18T01:27:01","guid":{"rendered":"https:\/\/global-hookah.com\/product\/portable-travel-small-hookah-set-wholesale\/"},"modified":"2024-01-12T07:49:36","modified_gmt":"2024-01-12T07:49:36","slug":"portable-travel-small-hookah-set-wholesale","status":"publish","type":"product","link":"https:\/\/global-hookah.com\/es\/producto\/portable-travel-small-hookah-set-wholesale\/","title":{"rendered":"Set de narguile peque\u00f1o port\u00e1til de viaje al por mayor"},"content":{"rendered":"<div class=\"product-specs-list-container\"><\/div>\n<p>Puede ponerse en contacto con nosotros <strong>Venta al por mayor Travel Small Hookah Set<\/strong>somos una <strong>vendedores de narguile al por mayor de alta calidad<\/strong>aunque tenemos una gran variedad de <a href=\"https:\/\/global-hookah.com\/product-category\/hookahs\/portable-hookah\/\">Narguile peque\u00f1o<\/a> entre los que elegir, pero el m\u00e1s popular es este Set de viaje para pipa de agua peque\u00f1a<\/p>\n<p>Este <strong>Set de narguile port\u00e1til de viaje<\/strong> tiene un aspecto bonito y a la moda que le confiere un aspecto precioso y elegante. Puede utilizarse en casa o en la oficina, o llevarse a cualquier parte. La caracter\u00edstica de que se puede limpiar f\u00e1cilmente hace que sea m\u00e1s conveniente que otros productos. Con su tama\u00f1o port\u00e1til, gran capacidad y alta calidad, \u00a1este set port\u00e1til de viaje para pipa de agua seguramente satisfar\u00e1 todas sus necesidades! Debe ser el compa\u00f1ero de viaje perfecto para cualquier amante de narguile, La raz\u00f3n principal por la que es tan popular es debido a su naturaleza social - porque la gente tiende a pasar el rato mientras fuman narguiles juntos. Esto hace que sea port\u00e1til y muy f\u00e1cil de llevar, y el dise\u00f1o de la manguera es muy largo, perfecto para compartir con todo el mundo. La boquilla tambi\u00e9n tiene un dise\u00f1o ergon\u00f3mico que hace que sea c\u00f3modo de usar, \u00a1incluso despu\u00e9s de largos per\u00edodos de tiempo!<\/p>\n<p>Funcionan filtrando el humo a trav\u00e9s del agua antes de que llegue a la boca del fumador. El agua enfr\u00eda el humo y le da un sabor agradable, adem\u00e1s de filtrar muchas sustancias qu\u00edmicas nocivas presentes en el humo del tabaco, como el alquitr\u00e1n, el mon\u00f3xido de carbono y la nicotina.<\/p>\n<p>Si quieres ofrecer tu Hookah favorito a tus clientes amantes de los viajes en tu estanco, puedes optar por <strong>mayorista nuestro Travel Small Hookah Set<\/strong>. seguro que no te defraudar\u00e1<\/p>\n<p><span style=\"background-color: #ffffff; font-size: 20px;\"><span style=\"background-color: #ffffff; color: #000000; font-size: 20px;\">Par\u00e1metros del producto <\/span><\/span><\/p>\n<p><span style=\"font-size: 21.3333px;\">Color como se muestra en la imagen 6 Color\uff1a<\/span><\/p>\n<p><span style=\"font-size: 21.3333px;\">Embalaje de bolsa de viaje individual\uff0c Tambi\u00e9n contiene una caja exterior individual.<\/span><\/p>\n<p><span style=\"font-size: 21.3333px;\">Altura\uff1a 32cm<\/span><\/p>\n<p><span style=\"font-size: 21.3333px;\">Caja individual\uff1a 21.5*14.5*18.5cm<\/span><\/p>\n<p>&nbsp;<\/p>\n<p><img decoding=\"async\" src=\"https:\/\/ae01.alicdn.com\/kf\/H9070df7f2d1e44aebcec0dbd7eac34e8K.jpg\" \/><img decoding=\"async\" src=\"https:\/\/ae01.alicdn.com\/kf\/Hf6e43d66a14a4c22b6592df3f26cead5V.jpg\" width=\"790\" height=\"751.9277108433735\" \/><\/p>\n<p><img fetchpriority=\"high\" decoding=\"async\" src=\"https:\/\/ae01.alicdn.com\/kf\/Hd6c4c5c7ddab4f9d93f93f6a47db2c1ej.jpg\" width=\"790\" height=\"790\" \/><\/p>\n<p><img decoding=\"async\" src=\"https:\/\/ae01.alicdn.com\/kf\/H90402afe17db492a82b96d93ed13952ey.jpg\" width=\"790\" height=\"790\" \/><\/p>\n<p><img decoding=\"async\" src=\"https:\/\/ae01.alicdn.com\/kf\/H315bde9e60434ecba937d8aa1f17ccfdj.jpg\" width=\"790\" height=\"790\" \/><\/p>\n<p><img loading=\"lazy\" decoding=\"async\" src=\"https:\/\/ae01.alicdn.com\/kf\/H3cb62003e8574da989cfb61ec652984es.jpg\" width=\"790\" height=\"790\" \/><\/p>\n<p><img loading=\"lazy\" decoding=\"async\" src=\"https:\/\/ae01.alicdn.com\/kf\/H3e12887ec3dc47b4a806d259d05d50a59.jpg\" width=\"790\" height=\"790\" \/><\/p>\n<p><img loading=\"lazy\" decoding=\"async\" src=\"https:\/\/ae01.alicdn.com\/kf\/H9d14cdd12a7841ef95696f4e61d749a6M.jpg\" width=\"790\" height=\"790\" \/><\/p>\n<p><img decoding=\"async\" src=\"https:\/\/ae01.alicdn.com\/kf\/H9070df7f2d1e44aebcec0dbd7eac34e8K.jpg\" \/><\/p>\n<p><span style=\"color: #ffffff;\"><a href=\"https:\/\/global-hookah.com\/product\/silicone-weed-gas-mask-bong\/\">hierba de cachimba<\/a> \u00a0Pipa bongo hierba Hookah petaca vaporizador<\/span><\/p>","protected":false},"excerpt":{"rendered":"<p>Admite personalizaci\u00f3n<br \/>\nSe puede apoyar la venta al por mayor<br \/>\nLogotipo personalizado (pedido m\u00edn. 20 unidades)<br \/>\nSi necesita\u00a0<a class=\"wpil_keyword_link\" title=\"hookah al por mayor\" href=\"https:\/\/global-hookah.com\/product-category\/hookahs\/wholesale-hookah\/\" data-wpil-keyword-link=\"linked\">hookah al por mayor<\/a>, p\u00f3ngase en contacto con nosotros por WhatsApp o correo electr\u00f3nico, y le proporcionaremos el precio al por mayor, nuestro correo electr\u00f3nico es (muxiangpipe5@gmail.com)<\/p>","protected":false},"featured_media":11755,"comment_status":"open","ping_status":"closed","template":"","meta":{"iawp_total_views":3,"_joinchat":[]},"product_brand":[],"product_cat":[559,119],"product_tag":[],"class_list":{"0":"post-11754","1":"product","2":"type-product","3":"status-publish","4":"has-post-thumbnail","6":"product_cat-portable-hookah-wholesale","7":"product_cat-wholesale-hookah","9":"first","10":"instock","11":"shipping-taxable","12":"product-type-external"},"yoast_head":"<!-- This site is optimized with the Yoast SEO Premium plugin v24.7 (Yoast SEO v26.8) - https:\/\/yoast.com\/product\/yoast-seo-premium-wordpress\/ -->\n<title>Portable Travel Small Hookah Set Wholesale - Global Hookah<\/title>\n<meta name=\"robots\" content=\"index, follow, max-snippet:-1, max-image-preview:large, max-video-preview:-1\" \/>\n<link rel=\"canonical\" href=\"https:\/\/global-hookah.com\/es\/pt\/produto\/portable-travel-small-hookah-set-wholesale\/\" \/>\n<meta property=\"og:locale\" content=\"es_ES\" \/>\n<meta property=\"og:type\" content=\"article\" \/>\n<meta property=\"og:title\" content=\"Portable Travel Small Hookah Set Wholesale\" \/>\n<meta property=\"og:description\" content=\"Can Support Customization Wholesale Can Be Supported Customized logo(Min. order 20 pieces) If you need\u00a0wholesale hookah, please contact us by WhatsApp or email, and we will provide you with the wholesale price, our email is (muxiangpipe5@gmail.com)\" \/>\n<meta property=\"og:url\" content=\"https:\/\/global-hookah.com\/es\/pt\/produto\/portable-travel-small-hookah-set-wholesale\/\" \/>\n<meta property=\"og:site_name\" content=\"Global Hookah\" \/>\n<meta property=\"article:modified_time\" content=\"2024-01-12T07:49:36+00:00\" \/>\n<meta property=\"og:image\" content=\"https:\/\/global-hookah.com\/wp-content\/uploads\/2023\/05\/Small-Hookah-Set-With-Portable-Travel-Bag-Tripod-Glass-Shisha-Pot-Silicone-Tube-Smoke-Narguile-Complete.jpg\" \/>\n\t<meta property=\"og:image:width\" content=\"1000\" \/>\n\t<meta property=\"og:image:height\" content=\"1000\" \/>\n\t<meta property=\"og:image:type\" content=\"image\/jpeg\" \/>\n<meta name=\"twitter:card\" content=\"summary_large_image\" \/>\n<meta name=\"twitter:label1\" content=\"Tiempo de lectura\" \/>\n\t<meta name=\"twitter:data1\" content=\"4 minutos\" \/>\n<script type=\"application\/ld+json\" class=\"yoast-schema-graph\">{\"@context\":\"https:\/\/schema.org\",\"@graph\":[{\"@type\":\"WebPage\",\"@id\":\"https:\/\/global-hookah.com\/pt\/produto\/portable-travel-small-hookah-set-wholesale\/\",\"url\":\"https:\/\/global-hookah.com\/pt\/produto\/portable-travel-small-hookah-set-wholesale\/\",\"name\":\"Portable Travel Small Hookah Set Wholesale - Global Hookah\",\"isPartOf\":{\"@id\":\"https:\/\/global-hookah.com\/#website\"},\"primaryImageOfPage\":{\"@id\":\"https:\/\/global-hookah.com\/pt\/produto\/portable-travel-small-hookah-set-wholesale\/#primaryimage\"},\"image\":{\"@id\":\"https:\/\/global-hookah.com\/pt\/produto\/portable-travel-small-hookah-set-wholesale\/#primaryimage\"},\"thumbnailUrl\":\"https:\/\/global-hookah.com\/wp-content\/uploads\/2023\/05\/Small-Hookah-Set-With-Portable-Travel-Bag-Tripod-Glass-Shisha-Pot-Silicone-Tube-Smoke-Narguile-Complete.jpg\",\"datePublished\":\"2023-05-18T01:27:01+00:00\",\"dateModified\":\"2024-01-12T07:49:36+00:00\",\"breadcrumb\":{\"@id\":\"https:\/\/global-hookah.com\/pt\/produto\/portable-travel-small-hookah-set-wholesale\/#breadcrumb\"},\"inLanguage\":\"es\",\"potentialAction\":[{\"@type\":\"ReadAction\",\"target\":[\"https:\/\/global-hookah.com\/pt\/produto\/portable-travel-small-hookah-set-wholesale\/\"]}]},{\"@type\":\"ImageObject\",\"inLanguage\":\"es\",\"@id\":\"https:\/\/global-hookah.com\/pt\/produto\/portable-travel-small-hookah-set-wholesale\/#primaryimage\",\"url\":\"https:\/\/global-hookah.com\/wp-content\/uploads\/2023\/05\/Small-Hookah-Set-With-Portable-Travel-Bag-Tripod-Glass-Shisha-Pot-Silicone-Tube-Smoke-Narguile-Complete.jpg\",\"contentUrl\":\"https:\/\/global-hookah.com\/wp-content\/uploads\/2023\/05\/Small-Hookah-Set-With-Portable-Travel-Bag-Tripod-Glass-Shisha-Pot-Silicone-Tube-Smoke-Narguile-Complete.jpg\",\"width\":1000,\"height\":1000,\"caption\":\"Portable Travel Small Hookah Set Wholesale\"},{\"@type\":\"BreadcrumbList\",\"@id\":\"https:\/\/global-hookah.com\/pt\/produto\/portable-travel-small-hookah-set-wholesale\/#breadcrumb\",\"itemListElement\":[{\"@type\":\"ListItem\",\"position\":1,\"name\":\"Home\",\"item\":\"https:\/\/global-hookah.com\/\"},{\"@type\":\"ListItem\",\"position\":2,\"name\":\"Shop\",\"item\":\"https:\/\/global-hookah.com\/shop\/\"},{\"@type\":\"ListItem\",\"position\":3,\"name\":\"Portable Travel Small Hookah Set Wholesale\"}]},{\"@type\":\"WebSite\",\"@id\":\"https:\/\/global-hookah.com\/#website\",\"url\":\"https:\/\/global-hookah.com\/\",\"name\":\"Global Hookah\",\"description\":\"Global Hookah\",\"publisher\":{\"@id\":\"https:\/\/global-hookah.com\/#organization\"},\"potentialAction\":[{\"@type\":\"SearchAction\",\"target\":{\"@type\":\"EntryPoint\",\"urlTemplate\":\"https:\/\/global-hookah.com\/?s={search_term_string}\"},\"query-input\":{\"@type\":\"PropertyValueSpecification\",\"valueRequired\":true,\"valueName\":\"search_term_string\"}}],\"inLanguage\":\"es\"},{\"@type\":\"Organization\",\"@id\":\"https:\/\/global-hookah.com\/#organization\",\"name\":\"Global Hookah\",\"url\":\"https:\/\/global-hookah.com\/\",\"logo\":{\"@type\":\"ImageObject\",\"inLanguage\":\"es\",\"@id\":\"https:\/\/global-hookah.com\/#\/schema\/logo\/image\/\",\"url\":\"https:\/\/global-hookah.com\/wp-content\/uploads\/2021\/10\/cropped-fgg.png\",\"contentUrl\":\"https:\/\/global-hookah.com\/wp-content\/uploads\/2021\/10\/cropped-fgg.png\",\"width\":512,\"height\":512,\"caption\":\"Global Hookah\"},\"image\":{\"@id\":\"https:\/\/global-hookah.com\/#\/schema\/logo\/image\/\"}}]}<\/script>\n<!-- \/ Yoast SEO Premium plugin. -->","yoast_head_json":{"title":"Set de narguile peque\u00f1o port\u00e1til de viaje al por mayor - Global Hookah","robots":{"index":"index","follow":"follow","max-snippet":"max-snippet:-1","max-image-preview":"max-image-preview:large","max-video-preview":"max-video-preview:-1"},"canonical":"https:\/\/global-hookah.com\/es\/pt\/produto\/portable-travel-small-hookah-set-wholesale\/","og_locale":"es_ES","og_type":"article","og_title":"Portable Travel Small Hookah Set Wholesale","og_description":"Can Support Customization Wholesale Can Be Supported Customized logo(Min. order 20 pieces) If you need\u00a0wholesale hookah, please contact us by WhatsApp or email, and we will provide you with the wholesale price, our email is (muxiangpipe5@gmail.com)","og_url":"https:\/\/global-hookah.com\/es\/pt\/produto\/portable-travel-small-hookah-set-wholesale\/","og_site_name":"Global Hookah","article_modified_time":"2024-01-12T07:49:36+00:00","og_image":[{"width":1000,"height":1000,"url":"https:\/\/global-hookah.com\/wp-content\/uploads\/2023\/05\/Small-Hookah-Set-With-Portable-Travel-Bag-Tripod-Glass-Shisha-Pot-Silicone-Tube-Smoke-Narguile-Complete.jpg","type":"image\/jpeg"}],"twitter_card":"summary_large_image","twitter_misc":{"Tiempo de lectura":"4 minutos"},"schema":{"@context":"https:\/\/schema.org","@graph":[{"@type":"WebPage","@id":"https:\/\/global-hookah.com\/pt\/produto\/portable-travel-small-hookah-set-wholesale\/","url":"https:\/\/global-hookah.com\/pt\/produto\/portable-travel-small-hookah-set-wholesale\/","name":"Set de narguile peque\u00f1o port\u00e1til de viaje al por mayor - Global Hookah","isPartOf":{"@id":"https:\/\/global-hookah.com\/#website"},"primaryImageOfPage":{"@id":"https:\/\/global-hookah.com\/pt\/produto\/portable-travel-small-hookah-set-wholesale\/#primaryimage"},"image":{"@id":"https:\/\/global-hookah.com\/pt\/produto\/portable-travel-small-hookah-set-wholesale\/#primaryimage"},"thumbnailUrl":"https:\/\/global-hookah.com\/wp-content\/uploads\/2023\/05\/Small-Hookah-Set-With-Portable-Travel-Bag-Tripod-Glass-Shisha-Pot-Silicone-Tube-Smoke-Narguile-Complete.jpg","datePublished":"2023-05-18T01:27:01+00:00","dateModified":"2024-01-12T07:49:36+00:00","breadcrumb":{"@id":"https:\/\/global-hookah.com\/pt\/produto\/portable-travel-small-hookah-set-wholesale\/#breadcrumb"},"inLanguage":"es","potentialAction":[{"@type":"ReadAction","target":["https:\/\/global-hookah.com\/pt\/produto\/portable-travel-small-hookah-set-wholesale\/"]}]},{"@type":"ImageObject","inLanguage":"es","@id":"https:\/\/global-hookah.com\/pt\/produto\/portable-travel-small-hookah-set-wholesale\/#primaryimage","url":"https:\/\/global-hookah.com\/wp-content\/uploads\/2023\/05\/Small-Hookah-Set-With-Portable-Travel-Bag-Tripod-Glass-Shisha-Pot-Silicone-Tube-Smoke-Narguile-Complete.jpg","contentUrl":"https:\/\/global-hookah.com\/wp-content\/uploads\/2023\/05\/Small-Hookah-Set-With-Portable-Travel-Bag-Tripod-Glass-Shisha-Pot-Silicone-Tube-Smoke-Narguile-Complete.jpg","width":1000,"height":1000,"caption":"Portable Travel Small Hookah Set Wholesale"},{"@type":"BreadcrumbList","@id":"https:\/\/global-hookah.com\/pt\/produto\/portable-travel-small-hookah-set-wholesale\/#breadcrumb","itemListElement":[{"@type":"ListItem","position":1,"name":"Home","item":"https:\/\/global-hookah.com\/"},{"@type":"ListItem","position":2,"name":"Shop","item":"https:\/\/global-hookah.com\/shop\/"},{"@type":"ListItem","position":3,"name":"Portable Travel Small Hookah Set Wholesale"}]},{"@type":"WebSite","@id":"https:\/\/global-hookah.com\/#website","url":"https:\/\/global-hookah.com\/","name":"Global Hookah","description":"Global Hookah","publisher":{"@id":"https:\/\/global-hookah.com\/#organization"},"potentialAction":[{"@type":"SearchAction","target":{"@type":"EntryPoint","urlTemplate":"https:\/\/global-hookah.com\/?s={search_term_string}"},"query-input":{"@type":"PropertyValueSpecification","valueRequired":true,"valueName":"search_term_string"}}],"inLanguage":"es"},{"@type":"Organization","@id":"https:\/\/global-hookah.com\/#organization","name":"Global Hookah","url":"https:\/\/global-hookah.com\/","logo":{"@type":"ImageObject","inLanguage":"es","@id":"https:\/\/global-hookah.com\/#\/schema\/logo\/image\/","url":"https:\/\/global-hookah.com\/wp-content\/uploads\/2021\/10\/cropped-fgg.png","contentUrl":"https:\/\/global-hookah.com\/wp-content\/uploads\/2021\/10\/cropped-fgg.png","width":512,"height":512,"caption":"Global Hookah"},"image":{"@id":"https:\/\/global-hookah.com\/#\/schema\/logo\/image\/"}}]}},"_links":{"self":[{"href":"https:\/\/global-hookah.com\/es\/wp-json\/wp\/v2\/product\/11754","targetHints":{"allow":["GET"]}}],"collection":[{"href":"https:\/\/global-hookah.com\/es\/wp-json\/wp\/v2\/product"}],"about":[{"href":"https:\/\/global-hookah.com\/es\/wp-json\/wp\/v2\/types\/product"}],"replies":[{"embeddable":true,"href":"https:\/\/global-hookah.com\/es\/wp-json\/wp\/v2\/comments?post=11754"}],"version-history":[{"count":0,"href":"https:\/\/global-hookah.com\/es\/wp-json\/wp\/v2\/product\/11754\/revisions"}],"wp:featuredmedia":[{"embeddable":true,"href":"https:\/\/global-hookah.com\/es\/wp-json\/wp\/v2\/media\/11755"}],"wp:attachment":[{"href":"https:\/\/global-hookah.com\/es\/wp-json\/wp\/v2\/media?parent=11754"}],"wp:term":[{"taxonomy":"product_brand","embeddable":true,"href":"https:\/\/global-hookah.com\/es\/wp-json\/wp\/v2\/product_brand?post=11754"},{"taxonomy":"product_cat","embeddable":true,"href":"https:\/\/global-hookah.com\/es\/wp-json\/wp\/v2\/product_cat?post=11754"},{"taxonomy":"product_tag","embeddable":true,"href":"https:\/\/global-hookah.com\/es\/wp-json\/wp\/v2\/product_tag?post=11754"}],"curies":[{"name":"wp","href":"https:\/\/api.w.org\/{rel}","templated":true}]}}