{"id":11773,"date":"2023-05-18T01:28:16","date_gmt":"2023-05-18T01:28:16","guid":{"rendered":"https:\/\/global-hookah.com\/product\/aluminum-alloy-hookah-wholesale\/"},"modified":"2024-01-12T03:57:48","modified_gmt":"2024-01-12T03:57:48","slug":"aluminum-alloy-hookah-wholesale","status":"publish","type":"product","link":"https:\/\/global-hookah.com\/es\/producto\/aluminum-alloy-hookah-wholesale\/","title":{"rendered":"Hookah de aleaci\u00f3n de aluminio al por mayor"},"content":{"rendered":"<div id=\"offer-template-0\">\n<p>Somos la <strong>fabricante y proveedor l\u00edder de hookah de aleaci\u00f3n de aluminio de alta calidad<\/strong>que se utiliza para fumar. Este producto est\u00e1 dise\u00f1ado por nuestros expertos utilizando aleaci\u00f3n de aluminio de primera calidad, lo que garantiza su durabilidad. Este<strong> hookah de aleaci\u00f3n de aluminio<\/strong> tiene muchos ad v antajos en comparaci\u00f3n con la <a href=\"https:\/\/global-hookah.com\/product-category\/hookahs\/glass-hookah\/\">narguile de cristal<\/a> y narguile de arcilla, como buen aislamiento t\u00e9rmico, fuerte resistencia a los \u00e1cidos y buena resistencia a los impactos.<\/p>\n<p>Si no encuentra aqu\u00ed lo que busca, tambi\u00e9n podemos <strong>dise\u00f1a a medida tu pipa de agua de aleaci\u00f3n de aluminio<\/strong>\u00a1! Env\u00edenos su dise\u00f1o exclusivo por correo electr\u00f3nico y le responderemos con un presupuesto y un plazo de producci\u00f3n estimado en 24 horas.<\/p>\n<p>Siempre hay uno o m\u00e1s estilos de pipa de agua de aleaci\u00f3n de aluminio que se adaptan mejor a usted porque todos ellos son al por mayor en nuestro sitio web. Si desea<strong> comprar pipa de agua de aleaci\u00f3n de aluminio al por mayor<\/strong> sin comprometer la calidad, aqu\u00ed es el lugar para hacerlo. Con el proceso de inspecci\u00f3n de calidad m\u00e1s completo de nuestra f\u00e1brica de narguiles, puede estar seguro de que sus art\u00edculos al por mayor ser\u00e1n del m\u00e1s alto calibre.<\/p>\n<\/div>\n<p><span style=\"background-color: #c0c0c0; font-size: 18pt;\"><strong><span style=\"color: #000000;\">Par\u00e1metros del producto <\/span><\/strong><\/span><\/p>\n<p><span style=\"font-size: 20px;\"><strong>Nombre del producto: narguile en forma de concha<\/strong><\/span><br \/>\n<strong><span style=\"font-size: 15pt;\">Material: Aluminio<\/span><\/strong><br \/>\n<strong><span style=\"font-size: 15pt;\">Altura:60 CM<\/span><\/strong><br \/>\n<strong><span style=\"font-size: 15pt;\">Peso:3,6 KG, Peso del producto m\u00e1s la caja \u00fanicamente<\/span><\/strong><br \/>\n<strong><span style=\"font-size: 15pt;\">Cantidad por embalaje: 4 unidades<\/span><\/strong><br \/>\n<strong><span style=\"font-size: 15pt;\">Caja de color:59*35*16 CM<\/span><\/strong><br \/>\n<strong><span style=\"font-size: 15pt;\">Calibre de la caja:60.5*36.5*67 CM<\/span><\/strong><\/p>\n<p><img decoding=\"async\" style=\"width: 800px;\" src=\"https:\/\/ae01.alicdn.com\/kf\/Sfdd73ed3e7f340bbaec83bf53d8dc3cbL.jpg\" width=\"800px\" \/><img decoding=\"async\" style=\"width: 800px;\" src=\"https:\/\/ae01.alicdn.com\/kf\/S98fa3f80eb61477087b27e576616ecdfR.jpg\" width=\"800px\" \/><img decoding=\"async\" style=\"width: 800px;\" src=\"https:\/\/ae01.alicdn.com\/kf\/S54db06c8f383421e907c8d9add455744U.jpg\" width=\"800px\" \/><img decoding=\"async\" style=\"width: 800px;\" src=\"https:\/\/ae01.alicdn.com\/kf\/S82e6d86478ec46b5bc210aeb12a3dcc3K.jpg\" width=\"800px\" \/><img decoding=\"async\" style=\"width: 800px;\" src=\"https:\/\/ae01.alicdn.com\/kf\/Sbbc8e0e5476e4cb78f47e86e0f9ca296J.jpg\" width=\"800px\" \/><img decoding=\"async\" style=\"width: 800px;\" src=\"https:\/\/ae01.alicdn.com\/kf\/S117592c2271349a0bd534ac2a838d1ddn.jpg\" width=\"800px\" \/><img decoding=\"async\" style=\"width: 800px;\" src=\"https:\/\/ae01.alicdn.com\/kf\/Sc4e4d22d98e24703863502a8530c5ae1O.jpg\" width=\"800px\" \/><\/p>\n<p>&nbsp;<\/p>","protected":false},"excerpt":{"rendered":"<p>Admite personalizaci\u00f3n<br \/>\nSe puede apoyar la venta al por mayor<br \/>\nLogotipo personalizado (pedido m\u00edn. 20 unidades)<br \/>\nSi necesita\u00a0<a class=\"wpil_keyword_link\" title=\"hookah al por mayor\" href=\"https:\/\/global-hookah.com\/product-category\/hookahs\/wholesale-hookah\/\" data-wpil-keyword-link=\"linked\">hookah al por mayor<\/a>, p\u00f3ngase en contacto con nosotros por WhatsApp o correo electr\u00f3nico, y le proporcionaremos el precio al por mayor, nuestro correo electr\u00f3nico es (muxiangpipe5@gmail.com)<\/p>","protected":false},"featured_media":11774,"comment_status":"open","ping_status":"closed","template":"","meta":{"iawp_total_views":4,"_joinchat":[]},"product_brand":[],"product_cat":[560,119],"product_tag":[],"class_list":{"0":"post-11773","1":"product","2":"type-product","3":"status-publish","4":"has-post-thumbnail","6":"product_cat-glass-hookah-wholesale","7":"product_cat-wholesale-hookah","9":"first","10":"instock","11":"shipping-taxable","12":"product-type-external"},"yoast_head":"<!-- This site is optimized with the Yoast SEO Premium plugin v24.7 (Yoast SEO v26.8) - https:\/\/yoast.com\/product\/yoast-seo-premium-wordpress\/ -->\n<title>Aluminum Alloy Hookah Wholesale - Global Hookah<\/title>\n<meta name=\"robots\" content=\"index, follow, max-snippet:-1, max-image-preview:large, max-video-preview:-1\" \/>\n<link rel=\"canonical\" href=\"https:\/\/global-hookah.com\/es\/producto\/aluminum-alloy-hookah-wholesale\/\" \/>\n<meta property=\"og:locale\" content=\"es_ES\" \/>\n<meta property=\"og:type\" content=\"article\" \/>\n<meta property=\"og:title\" content=\"Aluminum Alloy Hookah Wholesale\" \/>\n<meta property=\"og:description\" content=\"Can Support Customization Wholesale Can Be Supported Customized logo(Min. order 20 pieces) If you need\u00a0wholesale hookah, please contact us by WhatsApp or email, and we will provide you with the wholesale price, our email is (muxiangpipe5@gmail.com)\" \/>\n<meta property=\"og:url\" content=\"https:\/\/global-hookah.com\/es\/producto\/aluminum-alloy-hookah-wholesale\/\" \/>\n<meta property=\"og:site_name\" content=\"Global Hookah\" \/>\n<meta property=\"article:modified_time\" content=\"2024-01-12T03:57:48+00:00\" \/>\n<meta property=\"og:image\" content=\"https:\/\/global-hookah.com\/wp-content\/uploads\/2023\/05\/2022-New-Mortar-shaped-Hookah-Aluminum-Alloy-Single-tube-Silicone-Tube-Pipe-Narguile-Complete-Shisha-With.jpg\" \/>\n\t<meta property=\"og:image:width\" content=\"800\" \/>\n\t<meta property=\"og:image:height\" content=\"800\" \/>\n\t<meta property=\"og:image:type\" content=\"image\/jpeg\" \/>\n<meta name=\"twitter:card\" content=\"summary_large_image\" \/>\n<meta name=\"twitter:label1\" content=\"Tiempo de lectura\" \/>\n\t<meta name=\"twitter:data1\" content=\"3 minutos\" \/>\n<script type=\"application\/ld+json\" class=\"yoast-schema-graph\">{\"@context\":\"https:\/\/schema.org\",\"@graph\":[{\"@type\":\"WebPage\",\"@id\":\"https:\/\/global-hookah.com\/product\/aluminum-alloy-hookah-wholesale\/\",\"url\":\"https:\/\/global-hookah.com\/product\/aluminum-alloy-hookah-wholesale\/\",\"name\":\"Aluminum Alloy Hookah Wholesale - Global Hookah\",\"isPartOf\":{\"@id\":\"https:\/\/global-hookah.com\/#website\"},\"primaryImageOfPage\":{\"@id\":\"https:\/\/global-hookah.com\/product\/aluminum-alloy-hookah-wholesale\/#primaryimage\"},\"image\":{\"@id\":\"https:\/\/global-hookah.com\/product\/aluminum-alloy-hookah-wholesale\/#primaryimage\"},\"thumbnailUrl\":\"https:\/\/global-hookah.com\/wp-content\/uploads\/2023\/05\/2022-New-Mortar-shaped-Hookah-Aluminum-Alloy-Single-tube-Silicone-Tube-Pipe-Narguile-Complete-Shisha-With.jpg\",\"datePublished\":\"2023-05-18T01:28:16+00:00\",\"dateModified\":\"2024-01-12T03:57:48+00:00\",\"breadcrumb\":{\"@id\":\"https:\/\/global-hookah.com\/product\/aluminum-alloy-hookah-wholesale\/#breadcrumb\"},\"inLanguage\":\"es\",\"potentialAction\":[{\"@type\":\"ReadAction\",\"target\":[\"https:\/\/global-hookah.com\/product\/aluminum-alloy-hookah-wholesale\/\"]}]},{\"@type\":\"ImageObject\",\"inLanguage\":\"es\",\"@id\":\"https:\/\/global-hookah.com\/product\/aluminum-alloy-hookah-wholesale\/#primaryimage\",\"url\":\"https:\/\/global-hookah.com\/wp-content\/uploads\/2023\/05\/2022-New-Mortar-shaped-Hookah-Aluminum-Alloy-Single-tube-Silicone-Tube-Pipe-Narguile-Complete-Shisha-With.jpg\",\"contentUrl\":\"https:\/\/global-hookah.com\/wp-content\/uploads\/2023\/05\/2022-New-Mortar-shaped-Hookah-Aluminum-Alloy-Single-tube-Silicone-Tube-Pipe-Narguile-Complete-Shisha-With.jpg\",\"width\":800,\"height\":800,\"caption\":\"Aluminum Alloy Hookah Wholesale\"},{\"@type\":\"BreadcrumbList\",\"@id\":\"https:\/\/global-hookah.com\/product\/aluminum-alloy-hookah-wholesale\/#breadcrumb\",\"itemListElement\":[{\"@type\":\"ListItem\",\"position\":1,\"name\":\"Home\",\"item\":\"https:\/\/global-hookah.com\/\"},{\"@type\":\"ListItem\",\"position\":2,\"name\":\"Shop\",\"item\":\"https:\/\/global-hookah.com\/shop\/\"},{\"@type\":\"ListItem\",\"position\":3,\"name\":\"Aluminum Alloy Hookah Wholesale\"}]},{\"@type\":\"WebSite\",\"@id\":\"https:\/\/global-hookah.com\/#website\",\"url\":\"https:\/\/global-hookah.com\/\",\"name\":\"Global Hookah\",\"description\":\"Global Hookah\",\"publisher\":{\"@id\":\"https:\/\/global-hookah.com\/#organization\"},\"potentialAction\":[{\"@type\":\"SearchAction\",\"target\":{\"@type\":\"EntryPoint\",\"urlTemplate\":\"https:\/\/global-hookah.com\/?s={search_term_string}\"},\"query-input\":{\"@type\":\"PropertyValueSpecification\",\"valueRequired\":true,\"valueName\":\"search_term_string\"}}],\"inLanguage\":\"es\"},{\"@type\":\"Organization\",\"@id\":\"https:\/\/global-hookah.com\/#organization\",\"name\":\"Global Hookah\",\"url\":\"https:\/\/global-hookah.com\/\",\"logo\":{\"@type\":\"ImageObject\",\"inLanguage\":\"es\",\"@id\":\"https:\/\/global-hookah.com\/#\/schema\/logo\/image\/\",\"url\":\"https:\/\/global-hookah.com\/wp-content\/uploads\/2021\/10\/cropped-fgg.png\",\"contentUrl\":\"https:\/\/global-hookah.com\/wp-content\/uploads\/2021\/10\/cropped-fgg.png\",\"width\":512,\"height\":512,\"caption\":\"Global Hookah\"},\"image\":{\"@id\":\"https:\/\/global-hookah.com\/#\/schema\/logo\/image\/\"}}]}<\/script>\n<!-- \/ Yoast SEO Premium plugin. -->","yoast_head_json":{"title":"Hookah de aleaci\u00f3n de aluminio al por mayor - Global Hookah","robots":{"index":"index","follow":"follow","max-snippet":"max-snippet:-1","max-image-preview":"max-image-preview:large","max-video-preview":"max-video-preview:-1"},"canonical":"https:\/\/global-hookah.com\/es\/producto\/aluminum-alloy-hookah-wholesale\/","og_locale":"es_ES","og_type":"article","og_title":"Aluminum Alloy Hookah Wholesale","og_description":"Can Support Customization Wholesale Can Be Supported Customized logo(Min. order 20 pieces) If you need\u00a0wholesale hookah, please contact us by WhatsApp or email, and we will provide you with the wholesale price, our email is (muxiangpipe5@gmail.com)","og_url":"https:\/\/global-hookah.com\/es\/producto\/aluminum-alloy-hookah-wholesale\/","og_site_name":"Global Hookah","article_modified_time":"2024-01-12T03:57:48+00:00","og_image":[{"width":800,"height":800,"url":"https:\/\/global-hookah.com\/wp-content\/uploads\/2023\/05\/2022-New-Mortar-shaped-Hookah-Aluminum-Alloy-Single-tube-Silicone-Tube-Pipe-Narguile-Complete-Shisha-With.jpg","type":"image\/jpeg"}],"twitter_card":"summary_large_image","twitter_misc":{"Tiempo de lectura":"3 minutos"},"schema":{"@context":"https:\/\/schema.org","@graph":[{"@type":"WebPage","@id":"https:\/\/global-hookah.com\/product\/aluminum-alloy-hookah-wholesale\/","url":"https:\/\/global-hookah.com\/product\/aluminum-alloy-hookah-wholesale\/","name":"Hookah de aleaci\u00f3n de aluminio al por mayor - Global Hookah","isPartOf":{"@id":"https:\/\/global-hookah.com\/#website"},"primaryImageOfPage":{"@id":"https:\/\/global-hookah.com\/product\/aluminum-alloy-hookah-wholesale\/#primaryimage"},"image":{"@id":"https:\/\/global-hookah.com\/product\/aluminum-alloy-hookah-wholesale\/#primaryimage"},"thumbnailUrl":"https:\/\/global-hookah.com\/wp-content\/uploads\/2023\/05\/2022-New-Mortar-shaped-Hookah-Aluminum-Alloy-Single-tube-Silicone-Tube-Pipe-Narguile-Complete-Shisha-With.jpg","datePublished":"2023-05-18T01:28:16+00:00","dateModified":"2024-01-12T03:57:48+00:00","breadcrumb":{"@id":"https:\/\/global-hookah.com\/product\/aluminum-alloy-hookah-wholesale\/#breadcrumb"},"inLanguage":"es","potentialAction":[{"@type":"ReadAction","target":["https:\/\/global-hookah.com\/product\/aluminum-alloy-hookah-wholesale\/"]}]},{"@type":"ImageObject","inLanguage":"es","@id":"https:\/\/global-hookah.com\/product\/aluminum-alloy-hookah-wholesale\/#primaryimage","url":"https:\/\/global-hookah.com\/wp-content\/uploads\/2023\/05\/2022-New-Mortar-shaped-Hookah-Aluminum-Alloy-Single-tube-Silicone-Tube-Pipe-Narguile-Complete-Shisha-With.jpg","contentUrl":"https:\/\/global-hookah.com\/wp-content\/uploads\/2023\/05\/2022-New-Mortar-shaped-Hookah-Aluminum-Alloy-Single-tube-Silicone-Tube-Pipe-Narguile-Complete-Shisha-With.jpg","width":800,"height":800,"caption":"Aluminum Alloy Hookah Wholesale"},{"@type":"BreadcrumbList","@id":"https:\/\/global-hookah.com\/product\/aluminum-alloy-hookah-wholesale\/#breadcrumb","itemListElement":[{"@type":"ListItem","position":1,"name":"Home","item":"https:\/\/global-hookah.com\/"},{"@type":"ListItem","position":2,"name":"Shop","item":"https:\/\/global-hookah.com\/shop\/"},{"@type":"ListItem","position":3,"name":"Aluminum Alloy Hookah Wholesale"}]},{"@type":"WebSite","@id":"https:\/\/global-hookah.com\/#website","url":"https:\/\/global-hookah.com\/","name":"Global Hookah","description":"Global Hookah","publisher":{"@id":"https:\/\/global-hookah.com\/#organization"},"potentialAction":[{"@type":"SearchAction","target":{"@type":"EntryPoint","urlTemplate":"https:\/\/global-hookah.com\/?s={search_term_string}"},"query-input":{"@type":"PropertyValueSpecification","valueRequired":true,"valueName":"search_term_string"}}],"inLanguage":"es"},{"@type":"Organization","@id":"https:\/\/global-hookah.com\/#organization","name":"Global Hookah","url":"https:\/\/global-hookah.com\/","logo":{"@type":"ImageObject","inLanguage":"es","@id":"https:\/\/global-hookah.com\/#\/schema\/logo\/image\/","url":"https:\/\/global-hookah.com\/wp-content\/uploads\/2021\/10\/cropped-fgg.png","contentUrl":"https:\/\/global-hookah.com\/wp-content\/uploads\/2021\/10\/cropped-fgg.png","width":512,"height":512,"caption":"Global Hookah"},"image":{"@id":"https:\/\/global-hookah.com\/#\/schema\/logo\/image\/"}}]}},"_links":{"self":[{"href":"https:\/\/global-hookah.com\/es\/wp-json\/wp\/v2\/product\/11773","targetHints":{"allow":["GET"]}}],"collection":[{"href":"https:\/\/global-hookah.com\/es\/wp-json\/wp\/v2\/product"}],"about":[{"href":"https:\/\/global-hookah.com\/es\/wp-json\/wp\/v2\/types\/product"}],"replies":[{"embeddable":true,"href":"https:\/\/global-hookah.com\/es\/wp-json\/wp\/v2\/comments?post=11773"}],"version-history":[{"count":0,"href":"https:\/\/global-hookah.com\/es\/wp-json\/wp\/v2\/product\/11773\/revisions"}],"wp:featuredmedia":[{"embeddable":true,"href":"https:\/\/global-hookah.com\/es\/wp-json\/wp\/v2\/media\/11774"}],"wp:attachment":[{"href":"https:\/\/global-hookah.com\/es\/wp-json\/wp\/v2\/media?parent=11773"}],"wp:term":[{"taxonomy":"product_brand","embeddable":true,"href":"https:\/\/global-hookah.com\/es\/wp-json\/wp\/v2\/product_brand?post=11773"},{"taxonomy":"product_cat","embeddable":true,"href":"https:\/\/global-hookah.com\/es\/wp-json\/wp\/v2\/product_cat?post=11773"},{"taxonomy":"product_tag","embeddable":true,"href":"https:\/\/global-hookah.com\/es\/wp-json\/wp\/v2\/product_tag?post=11773"}],"curies":[{"name":"wp","href":"https:\/\/api.w.org\/{rel}","templated":true}]}}