{"id":11781,"date":"2023-05-18T01:31:21","date_gmt":"2023-05-18T01:31:21","guid":{"rendered":"https:\/\/global-hookah.com\/product\/saudi-arabian-hookah-wholesale\/"},"modified":"2023-05-18T12:54:02","modified_gmt":"2023-05-18T12:54:02","slug":"saudi-arabian-hookah-wholesale","status":"publish","type":"product","link":"https:\/\/global-hookah.com\/es\/producto\/saudi-arabian-hookah-wholesale\/","title":{"rendered":"Hookah de Arabia Saud\u00ed al por mayor"},"content":{"rendered":"<p>\u00bfBusca un producto de calidad? <strong>Hookah de Arabia Saud\u00ed y accesorios a precios competitivos al por mayor<\/strong>? \u00a1No busque m\u00e1s! Nuestra Global-Hookah ofrece una amplia gama de <strong>Hookah de Arabia Saud\u00ed al por mayor<\/strong> que satisface tanto las preferencias tradicionales como las modernas.<\/p>\n<p>En <a href=\"https:\/\/global-hookah.com\/\">Global-hookah<\/a> sitio web fue creado por nuestro en 2012. Debido a nuestro amor por hookah, comenzamos nuestro viaje. Inicialmente s\u00f3lo mayorista hookah botellas a nuestros clientes fuera de l\u00ednea, pero m\u00e1s tarde debido a la nueva corona Raz\u00f3n, cuando decidimos abrir nuestra propia tienda online para vender shisha en l\u00ednea, con el tiempo nos convertimos gradualmente en uno de los. <strong>mayores mayoristas de narguile de Europa<\/strong>Nuestra empresa ha crecido constantemente desde su creaci\u00f3n y ahora ofrece una amplia gama de productos, incluyendo pipas de tabaco para shisha y accesorios a precios muy competitivos.<\/p>\n<p>Llevamos m\u00e1s de 11 a\u00f1os prestando servicios a clientes de todo el mundo. Ofrecemos precios muy asequibles <strong>Env\u00edo al por mayor de nuestra pipa de agua saud\u00ed<\/strong> a cualquier lugar del mundo.<\/p>\n<p>&nbsp;<\/p>\n<p><span style=\"font-size: 24px;\">Nombre: Madera de establo <a href=\"https:\/\/global-hookah.com\/product\/hookah-manufacturers-baseball-hookah-set-stainless-steel-base-baseball-net-red-hookah-with-hookah-pot\/\">acero inoxidable mediano WOOKA hookah juego completo<\/a><\/span><br \/>\n<span style=\"font-size: 24px;\">Tama\u00f1o: 15CM*15CM*30CM\u00a0<\/span><br \/>\n<span style=\"font-size: 24px;\">Peso:2.3KG (con embalaje)<\/span><br \/>\n<span style=\"font-size: 24px;\">N\u00famero de embalaje:12PCS\/caja<\/span><br \/>\n<span style=\"font-size: 24px;\">N\u00famero de embalaje:6PCS\/ caja<\/span><br \/>\n<span style=\"font-size: 24px;\">Volumen de toda la caja 47CM*32CM*62CM<\/span><br \/>\n<span style=\"font-size: 24px;\">Peso: 28KG<\/span><\/p>\n<p><img fetchpriority=\"high\" decoding=\"async\" src=\"https:\/\/ae01.alicdn.com\/kf\/S546ff6b726024e2f9ffab4ae3ceec56ep.jpg\" width=\"902\" height=\"780\" \/><img decoding=\"async\" src=\"https:\/\/ae01.alicdn.com\/kf\/S5f227850e2de441cb71e5cd8232aaf70i.jpg\" \/><img decoding=\"async\" src=\"https:\/\/ae01.alicdn.com\/kf\/S03946dba37e04469bf1938b0250bbcdch.jpg\" width=\"790\" \/><img decoding=\"async\" src=\"https:\/\/ae01.alicdn.com\/kf\/S188c91d50bd7438fae87a535996abff2C.jpg\" width=\"952\" height=\"1115\" \/><img decoding=\"async\" src=\"https:\/\/ae01.alicdn.com\/kf\/Sbc0e2c98bf394c62a79f96c346a4d897L.jpg\" width=\"915\" height=\"912\" \/><img loading=\"lazy\" decoding=\"async\" src=\"https:\/\/ae01.alicdn.com\/kf\/S454384fd9a5a4ab7b7b7b320106b649eX.jpg\" width=\"909\" height=\"910\" \/><img loading=\"lazy\" decoding=\"async\" src=\"https:\/\/ae01.alicdn.com\/kf\/S87695a2e8b294632bbdf6b4ae0820b81r.jpg\" width=\"921\" height=\"1378\" \/><\/p>","protected":false},"excerpt":{"rendered":"<p>Admite personalizaci\u00f3n<br \/>\nSe puede apoyar la venta al por mayor<br \/>\nLogotipo personalizado (pedido m\u00edn. 20 unidades)<br \/>\nSi necesita\u00a0<a class=\"wpil_keyword_link\" title=\"hookah al por mayor\" href=\"https:\/\/global-hookah.com\/product-category\/hookahs\/wholesale-hookah\/\" data-wpil-keyword-link=\"linked\">hookah al por mayor<\/a>, p\u00f3ngase en contacto con nosotros por WhatsApp o correo electr\u00f3nico, y le proporcionaremos el precio al por mayor, nuestro correo electr\u00f3nico es (muxiangpipe5@gmail.com)<\/p>","protected":false},"featured_media":11782,"comment_status":"open","ping_status":"closed","template":"","meta":{"iawp_total_views":59,"_joinchat":[]},"product_brand":[],"product_cat":[119],"product_tag":[],"class_list":{"0":"post-11781","1":"product","2":"type-product","3":"status-publish","4":"has-post-thumbnail","6":"product_cat-wholesale-hookah","8":"first","9":"instock","10":"shipping-taxable","11":"product-type-external"},"yoast_head":"<!-- This site is optimized with the Yoast SEO Premium plugin v24.7 (Yoast SEO v26.8) - https:\/\/yoast.com\/product\/yoast-seo-premium-wordpress\/ -->\n<title>Saudi Arabian Hookah Wholesale - Global Hookah<\/title>\n<meta name=\"robots\" content=\"index, follow, max-snippet:-1, max-image-preview:large, max-video-preview:-1\" \/>\n<link rel=\"canonical\" href=\"https:\/\/global-hookah.com\/es\/producto\/saudi-arabian-hookah-wholesale\/\" \/>\n<meta property=\"og:locale\" content=\"es_ES\" \/>\n<meta property=\"og:type\" content=\"article\" \/>\n<meta property=\"og:title\" content=\"Saudi Arabian Hookah Wholesale\" \/>\n<meta property=\"og:description\" content=\"Can Support Customization Wholesale Can Be Supported Customized logo(Min. order 20 pieces) If you need\u00a0wholesale hookah, please contact us by WhatsApp or email, and we will provide you with the wholesale price, our email is (muxiangpipe5@gmail.com)\" \/>\n<meta property=\"og:url\" content=\"https:\/\/global-hookah.com\/es\/producto\/saudi-arabian-hookah-wholesale\/\" \/>\n<meta property=\"og:site_name\" content=\"Global Hookah\" \/>\n<meta property=\"article:modified_time\" content=\"2023-05-18T12:54:02+00:00\" \/>\n<meta property=\"og:image\" content=\"https:\/\/global-hookah.com\/wp-content\/uploads\/2023\/05\/Arabian-Hookah-Shisha-Stabilized-Wood-Wooka-Chicha-Set-Smoking-Pipe-Narguile-Complete-Single-Tube-With-Hookahs.jpg\" \/>\n\t<meta property=\"og:image:width\" content=\"1920\" \/>\n\t<meta property=\"og:image:height\" content=\"1920\" \/>\n\t<meta property=\"og:image:type\" content=\"image\/jpeg\" \/>\n<meta name=\"twitter:card\" content=\"summary_large_image\" \/>\n<meta name=\"twitter:label1\" content=\"Tiempo de lectura\" \/>\n\t<meta name=\"twitter:data1\" content=\"3 minutos\" \/>\n<script type=\"application\/ld+json\" class=\"yoast-schema-graph\">{\"@context\":\"https:\/\/schema.org\",\"@graph\":[{\"@type\":\"WebPage\",\"@id\":\"https:\/\/global-hookah.com\/es\/producto\/saudi-arabian-hookah-wholesale\/\",\"url\":\"https:\/\/global-hookah.com\/es\/producto\/saudi-arabian-hookah-wholesale\/\",\"name\":\"Saudi Arabian Hookah Wholesale - Global Hookah\",\"isPartOf\":{\"@id\":\"https:\/\/global-hookah.com\/#website\"},\"primaryImageOfPage\":{\"@id\":\"https:\/\/global-hookah.com\/es\/producto\/saudi-arabian-hookah-wholesale\/#primaryimage\"},\"image\":{\"@id\":\"https:\/\/global-hookah.com\/es\/producto\/saudi-arabian-hookah-wholesale\/#primaryimage\"},\"thumbnailUrl\":\"https:\/\/global-hookah.com\/wp-content\/uploads\/2023\/05\/Arabian-Hookah-Shisha-Stabilized-Wood-Wooka-Chicha-Set-Smoking-Pipe-Narguile-Complete-Single-Tube-With-Hookahs.jpg\",\"datePublished\":\"2023-05-18T01:31:21+00:00\",\"dateModified\":\"2023-05-18T12:54:02+00:00\",\"breadcrumb\":{\"@id\":\"https:\/\/global-hookah.com\/es\/producto\/saudi-arabian-hookah-wholesale\/#breadcrumb\"},\"inLanguage\":\"es\",\"potentialAction\":[{\"@type\":\"ReadAction\",\"target\":[\"https:\/\/global-hookah.com\/es\/producto\/saudi-arabian-hookah-wholesale\/\"]}]},{\"@type\":\"ImageObject\",\"inLanguage\":\"es\",\"@id\":\"https:\/\/global-hookah.com\/es\/producto\/saudi-arabian-hookah-wholesale\/#primaryimage\",\"url\":\"https:\/\/global-hookah.com\/wp-content\/uploads\/2023\/05\/Arabian-Hookah-Shisha-Stabilized-Wood-Wooka-Chicha-Set-Smoking-Pipe-Narguile-Complete-Single-Tube-With-Hookahs.jpg\",\"contentUrl\":\"https:\/\/global-hookah.com\/wp-content\/uploads\/2023\/05\/Arabian-Hookah-Shisha-Stabilized-Wood-Wooka-Chicha-Set-Smoking-Pipe-Narguile-Complete-Single-Tube-With-Hookahs.jpg\",\"width\":1920,\"height\":1920,\"caption\":\"Saudi Arabian Hookah Wholesale\"},{\"@type\":\"BreadcrumbList\",\"@id\":\"https:\/\/global-hookah.com\/es\/producto\/saudi-arabian-hookah-wholesale\/#breadcrumb\",\"itemListElement\":[{\"@type\":\"ListItem\",\"position\":1,\"name\":\"Home\",\"item\":\"https:\/\/global-hookah.com\/\"},{\"@type\":\"ListItem\",\"position\":2,\"name\":\"Shop\",\"item\":\"https:\/\/global-hookah.com\/shop\/\"},{\"@type\":\"ListItem\",\"position\":3,\"name\":\"Saudi Arabian Hookah Wholesale\"}]},{\"@type\":\"WebSite\",\"@id\":\"https:\/\/global-hookah.com\/#website\",\"url\":\"https:\/\/global-hookah.com\/\",\"name\":\"Global Hookah\",\"description\":\"Global Hookah\",\"publisher\":{\"@id\":\"https:\/\/global-hookah.com\/#organization\"},\"potentialAction\":[{\"@type\":\"SearchAction\",\"target\":{\"@type\":\"EntryPoint\",\"urlTemplate\":\"https:\/\/global-hookah.com\/?s={search_term_string}\"},\"query-input\":{\"@type\":\"PropertyValueSpecification\",\"valueRequired\":true,\"valueName\":\"search_term_string\"}}],\"inLanguage\":\"es\"},{\"@type\":\"Organization\",\"@id\":\"https:\/\/global-hookah.com\/#organization\",\"name\":\"Global Hookah\",\"url\":\"https:\/\/global-hookah.com\/\",\"logo\":{\"@type\":\"ImageObject\",\"inLanguage\":\"es\",\"@id\":\"https:\/\/global-hookah.com\/#\/schema\/logo\/image\/\",\"url\":\"https:\/\/global-hookah.com\/wp-content\/uploads\/2021\/10\/cropped-fgg.png\",\"contentUrl\":\"https:\/\/global-hookah.com\/wp-content\/uploads\/2021\/10\/cropped-fgg.png\",\"width\":512,\"height\":512,\"caption\":\"Global Hookah\"},\"image\":{\"@id\":\"https:\/\/global-hookah.com\/#\/schema\/logo\/image\/\"}}]}<\/script>\n<!-- \/ Yoast SEO Premium plugin. -->","yoast_head_json":{"title":"Hookah de Arabia Saudita al por mayor - Global Hookah","robots":{"index":"index","follow":"follow","max-snippet":"max-snippet:-1","max-image-preview":"max-image-preview:large","max-video-preview":"max-video-preview:-1"},"canonical":"https:\/\/global-hookah.com\/es\/producto\/saudi-arabian-hookah-wholesale\/","og_locale":"es_ES","og_type":"article","og_title":"Saudi Arabian Hookah Wholesale","og_description":"Can Support Customization Wholesale Can Be Supported Customized logo(Min. order 20 pieces) If you need\u00a0wholesale hookah, please contact us by WhatsApp or email, and we will provide you with the wholesale price, our email is (muxiangpipe5@gmail.com)","og_url":"https:\/\/global-hookah.com\/es\/producto\/saudi-arabian-hookah-wholesale\/","og_site_name":"Global Hookah","article_modified_time":"2023-05-18T12:54:02+00:00","og_image":[{"width":1920,"height":1920,"url":"https:\/\/global-hookah.com\/wp-content\/uploads\/2023\/05\/Arabian-Hookah-Shisha-Stabilized-Wood-Wooka-Chicha-Set-Smoking-Pipe-Narguile-Complete-Single-Tube-With-Hookahs.jpg","type":"image\/jpeg"}],"twitter_card":"summary_large_image","twitter_misc":{"Tiempo de lectura":"3 minutos"},"schema":{"@context":"https:\/\/schema.org","@graph":[{"@type":"WebPage","@id":"https:\/\/global-hookah.com\/es\/producto\/saudi-arabian-hookah-wholesale\/","url":"https:\/\/global-hookah.com\/es\/producto\/saudi-arabian-hookah-wholesale\/","name":"Hookah de Arabia Saudita al por mayor - Global Hookah","isPartOf":{"@id":"https:\/\/global-hookah.com\/#website"},"primaryImageOfPage":{"@id":"https:\/\/global-hookah.com\/es\/producto\/saudi-arabian-hookah-wholesale\/#primaryimage"},"image":{"@id":"https:\/\/global-hookah.com\/es\/producto\/saudi-arabian-hookah-wholesale\/#primaryimage"},"thumbnailUrl":"https:\/\/global-hookah.com\/wp-content\/uploads\/2023\/05\/Arabian-Hookah-Shisha-Stabilized-Wood-Wooka-Chicha-Set-Smoking-Pipe-Narguile-Complete-Single-Tube-With-Hookahs.jpg","datePublished":"2023-05-18T01:31:21+00:00","dateModified":"2023-05-18T12:54:02+00:00","breadcrumb":{"@id":"https:\/\/global-hookah.com\/es\/producto\/saudi-arabian-hookah-wholesale\/#breadcrumb"},"inLanguage":"es","potentialAction":[{"@type":"ReadAction","target":["https:\/\/global-hookah.com\/es\/producto\/saudi-arabian-hookah-wholesale\/"]}]},{"@type":"ImageObject","inLanguage":"es","@id":"https:\/\/global-hookah.com\/es\/producto\/saudi-arabian-hookah-wholesale\/#primaryimage","url":"https:\/\/global-hookah.com\/wp-content\/uploads\/2023\/05\/Arabian-Hookah-Shisha-Stabilized-Wood-Wooka-Chicha-Set-Smoking-Pipe-Narguile-Complete-Single-Tube-With-Hookahs.jpg","contentUrl":"https:\/\/global-hookah.com\/wp-content\/uploads\/2023\/05\/Arabian-Hookah-Shisha-Stabilized-Wood-Wooka-Chicha-Set-Smoking-Pipe-Narguile-Complete-Single-Tube-With-Hookahs.jpg","width":1920,"height":1920,"caption":"Saudi Arabian Hookah Wholesale"},{"@type":"BreadcrumbList","@id":"https:\/\/global-hookah.com\/es\/producto\/saudi-arabian-hookah-wholesale\/#breadcrumb","itemListElement":[{"@type":"ListItem","position":1,"name":"Home","item":"https:\/\/global-hookah.com\/"},{"@type":"ListItem","position":2,"name":"Shop","item":"https:\/\/global-hookah.com\/shop\/"},{"@type":"ListItem","position":3,"name":"Saudi Arabian Hookah Wholesale"}]},{"@type":"WebSite","@id":"https:\/\/global-hookah.com\/#website","url":"https:\/\/global-hookah.com\/","name":"Global Hookah","description":"Global Hookah","publisher":{"@id":"https:\/\/global-hookah.com\/#organization"},"potentialAction":[{"@type":"SearchAction","target":{"@type":"EntryPoint","urlTemplate":"https:\/\/global-hookah.com\/?s={search_term_string}"},"query-input":{"@type":"PropertyValueSpecification","valueRequired":true,"valueName":"search_term_string"}}],"inLanguage":"es"},{"@type":"Organization","@id":"https:\/\/global-hookah.com\/#organization","name":"Global Hookah","url":"https:\/\/global-hookah.com\/","logo":{"@type":"ImageObject","inLanguage":"es","@id":"https:\/\/global-hookah.com\/#\/schema\/logo\/image\/","url":"https:\/\/global-hookah.com\/wp-content\/uploads\/2021\/10\/cropped-fgg.png","contentUrl":"https:\/\/global-hookah.com\/wp-content\/uploads\/2021\/10\/cropped-fgg.png","width":512,"height":512,"caption":"Global Hookah"},"image":{"@id":"https:\/\/global-hookah.com\/#\/schema\/logo\/image\/"}}]}},"_links":{"self":[{"href":"https:\/\/global-hookah.com\/es\/wp-json\/wp\/v2\/product\/11781","targetHints":{"allow":["GET"]}}],"collection":[{"href":"https:\/\/global-hookah.com\/es\/wp-json\/wp\/v2\/product"}],"about":[{"href":"https:\/\/global-hookah.com\/es\/wp-json\/wp\/v2\/types\/product"}],"replies":[{"embeddable":true,"href":"https:\/\/global-hookah.com\/es\/wp-json\/wp\/v2\/comments?post=11781"}],"version-history":[{"count":0,"href":"https:\/\/global-hookah.com\/es\/wp-json\/wp\/v2\/product\/11781\/revisions"}],"wp:featuredmedia":[{"embeddable":true,"href":"https:\/\/global-hookah.com\/es\/wp-json\/wp\/v2\/media\/11782"}],"wp:attachment":[{"href":"https:\/\/global-hookah.com\/es\/wp-json\/wp\/v2\/media?parent=11781"}],"wp:term":[{"taxonomy":"product_brand","embeddable":true,"href":"https:\/\/global-hookah.com\/es\/wp-json\/wp\/v2\/product_brand?post=11781"},{"taxonomy":"product_cat","embeddable":true,"href":"https:\/\/global-hookah.com\/es\/wp-json\/wp\/v2\/product_cat?post=11781"},{"taxonomy":"product_tag","embeddable":true,"href":"https:\/\/global-hookah.com\/es\/wp-json\/wp\/v2\/product_tag?post=11781"}],"curies":[{"name":"wp","href":"https:\/\/api.w.org\/{rel}","templated":true}]}}