{"id":11790,"date":"2023-05-18T01:33:49","date_gmt":"2023-05-18T01:33:49","guid":{"rendered":"https:\/\/global-hookah.com\/product\/single-pipe-arabian-hookah-wholesale\/"},"modified":"2024-01-12T07:49:35","modified_gmt":"2024-01-12T07:49:35","slug":"single-pipe-arabian-hookah-wholesale","status":"publish","type":"product","link":"https:\/\/global-hookah.com\/es\/producto\/single-pipe-arabian-hookah-wholesale\/","title":{"rendered":"Narguile \u00e1rabe de una sola pipa al por mayor"},"content":{"rendered":"<p>Somos una<strong> proveedor l\u00edder de narguiles de tubo \u00fanico<\/strong> en los Estados Unidos. Nuestros productos est\u00e1n hechos s\u00f3lo con materiales de la m\u00e1s alta calidad, y utilizamos s\u00f3lo piezas aut\u00e9nticas de Arabian Hookah Wholesale para asegurar un ajuste perfecto en cada producto. Y Nuestro <strong>El narguile \u00e1rabe de una sola pipa se personaliza<\/strong> en varios tama\u00f1os y colores seg\u00fan las necesidades de nuestros clientes. Nuestra exquisita colecci\u00f3n presenta dise\u00f1os \u00e1rabes tradicionales, artesan\u00eda experta y una experiencia de fumado superior que cautivar\u00e1 a sus clientes y elevar\u00e1 sus sesiones de shisha s. Es el mejor minorista hookah en los Estados Unidos para elegir<\/p>\n<p>Este tipo de narguile viene con muchas ventajas en comparaci\u00f3n con otros tipos, tales como multi-pipas o incluso los electr\u00f3nicos que est\u00e1n disponibles hoy en d\u00eda. \u00a1Una de las principales ventajas ser\u00eda el hecho de que son port\u00e1tiles, lo que significa que pueden ser f\u00e1cilmente transportados en cualquier lugar sin ning\u00fan problema en absoluto! \u00a1Esto los hace ideales para fiestas al aire libre o incluso para fiestas en interiores donde se quiere algo que se ve bien tambi\u00e9n! Adem\u00e1s <a href=\"https:\/\/global-hookah.com\/product\/metal-large-egyptian-hookah-pipe\/\">hookah utiliza una sola manguera en lugar de dos mangueras como el tradicional egipcio<\/a> hookah, por lo que es m\u00e1s f\u00e1cil de usar y limpiar . S\u00f3lo tiene que a\u00f1adir su tabaco shisha favorito y ya est\u00e1 listo para disfrutar de la relajante experiencia de fumar narguile.<\/p>\n<p>Al asociarse con nosotros como su <strong>venta al por mayor hookahs de un solo tubo<\/strong> puede ofrecer a sus clientes una experiencia de fumado sin igual con nuestros Hookahs \u00e1rabes de una sola pipa. Coloque su <strong>venta al por mayor hookahs de un solo tubo<\/strong> haga su pedido hoy y benef\u00edciese de nuestros precios competitivos y de la excepcional calidad de nuestros productos<\/p>\n<p><span style=\"font-size: 18pt;\"><strong><span style=\"color: #000000;\"><span style=\"background-color: #c0c0c0;\">Detalles del producto <\/span><\/span><\/strong><\/span><\/p>\n<p><span style=\"font-size: 18pt;\">Peso\uff1a2kg<\/span><br \/>\n<span style=\"font-size: 18pt;\">Altura del producto\uff1a57cm<\/span><br \/>\n<span style=\"font-size: 18pt;\">CANT\/CTN\uff1a6\/ caja<\/span><br \/>\n<span style=\"font-size: 18pt;\">Tama\u00f1o de la caja\uff1a18*18*28cm<\/span><\/p>\n<p>&nbsp;<\/p>\n<p><img decoding=\"async\" src=\"https:\/\/cbu01.alicdn.com\/img\/ibank\/O1CN010TwxMC2EWvTBHQnUo_!!940318753-0-cib.jpg\" \/><img decoding=\"async\" src=\"https:\/\/cbu01.alicdn.com\/img\/ibank\/O1CN019Z76kS2EWvSzvVlO9_!!940318753-0-cib.jpg\" \/><img decoding=\"async\" src=\"https:\/\/cbu01.alicdn.com\/img\/ibank\/O1CN01PY6Vh42EWvSzvbKvy_!!940318753-0-cib.jpg\" \/><\/p>\n<p>&nbsp;<\/p>\n<p style=\"text-align: center;\" align=\"center\"><img fetchpriority=\"high\" decoding=\"async\" src=\"https:\/\/cbu01.alicdn.com\/img\/ibank\/O1CN01rAlLid2EWvT72HVxX_!!940318753-0-cib.jpg\" width=\"790\" height=\"790\" \/><\/p>\n<p><img decoding=\"async\" src=\"https:\/\/cbu01.alicdn.com\/img\/ibank\/O1CN019n0RT22EWvTBHWlxU_!!940318753-0-cib.jpg\" width=\"790\" height=\"790\" \/><\/p>\n<p><img decoding=\"async\" src=\"https:\/\/cbu01.alicdn.com\/img\/ibank\/O1CN01h9wc0e2EWvT5tg5An_!!940318753-0-cib.jpg\" width=\"790\" height=\"790\" \/><\/p>\n<p><img loading=\"lazy\" decoding=\"async\" src=\"https:\/\/cbu01.alicdn.com\/img\/ibank\/O1CN01s4qDo22EWvT72H2rr_!!940318753-0-cib.jpg\" width=\"790\" height=\"790\" \/><strong><span style=\"color: #000000; font-size: 16pt;\"><span style=\"background-color: #c0c0c0;\"><br \/>\n<\/span><\/span><\/strong><\/p>","protected":false},"excerpt":{"rendered":"<p>Admite personalizaci\u00f3n<br \/>\nSe puede apoyar la venta al por mayor<br \/>\nLogotipo personalizado (pedido m\u00edn. 20 unidades)<br \/>\nSi necesita <a class=\"wpil_keyword_link\" href=\"https:\/\/global-hookah.com\/product-category\/hookahs\/wholesale-hookah\/\"   title=\"hookah al por mayor\" data-wpil-keyword-link=\"linked\">hookah al por mayor<\/a>, p\u00f3ngase en contacto con nosotros por WhatsApp o correo electr\u00f3nico, y le proporcionaremos el precio al por mayor, nuestro correo electr\u00f3nico es (muxiangpipe5@gmail.com)<\/p>","protected":false},"featured_media":11791,"comment_status":"open","ping_status":"closed","template":"","meta":{"iawp_total_views":8,"_joinchat":[]},"product_brand":[],"product_cat":[559,119],"product_tag":[],"class_list":{"0":"post-11790","1":"product","2":"type-product","3":"status-publish","4":"has-post-thumbnail","6":"product_cat-portable-hookah-wholesale","7":"product_cat-wholesale-hookah","9":"first","10":"instock","11":"shipping-taxable","12":"product-type-external"},"yoast_head":"<!-- This site is optimized with the Yoast SEO Premium plugin v24.7 (Yoast SEO v26.8) - https:\/\/yoast.com\/product\/yoast-seo-premium-wordpress\/ -->\n<title>Single-Pipe Arabian Hookah Wholesale - Global Hookah<\/title>\n<meta name=\"robots\" content=\"index, follow, max-snippet:-1, max-image-preview:large, max-video-preview:-1\" \/>\n<link rel=\"canonical\" href=\"https:\/\/global-hookah.com\/es\/producto\/single-pipe-arabian-hookah-wholesale\/\" \/>\n<meta property=\"og:locale\" content=\"es_ES\" \/>\n<meta property=\"og:type\" content=\"article\" \/>\n<meta property=\"og:title\" content=\"Single-Pipe Arabian Hookah Wholesale\" \/>\n<meta property=\"og:description\" content=\"Can Support Customization Wholesale Can Be Supported Customized logo(Min. order 20 pieces) If you need wholesale hookah, please contact us by WhatsApp or email, and we will provide you with the wholesale price, our email is (muxiangpipe5@gmail.com)\" \/>\n<meta property=\"og:url\" content=\"https:\/\/global-hookah.com\/es\/producto\/single-pipe-arabian-hookah-wholesale\/\" \/>\n<meta property=\"og:site_name\" content=\"Global Hookah\" \/>\n<meta property=\"article:modified_time\" content=\"2024-01-12T07:49:35+00:00\" \/>\n<meta property=\"og:image\" content=\"https:\/\/global-hookah.com\/wp-content\/uploads\/2023\/05\/Arabian-Hookah-Full-Set-Single-Tube-Smoking-Pipe-Hookahs-Aluminum-Alloy-Vaporesso-Glass-Shisha-Dab-Rig.jpg\" \/>\n\t<meta property=\"og:image:width\" content=\"800\" \/>\n\t<meta property=\"og:image:height\" content=\"800\" \/>\n\t<meta property=\"og:image:type\" content=\"image\/jpeg\" \/>\n<meta name=\"twitter:card\" content=\"summary_large_image\" \/>\n<meta name=\"twitter:label1\" content=\"Tiempo de lectura\" \/>\n\t<meta name=\"twitter:data1\" content=\"3 minutos\" \/>\n<script type=\"application\/ld+json\" class=\"yoast-schema-graph\">{\"@context\":\"https:\/\/schema.org\",\"@graph\":[{\"@type\":\"WebPage\",\"@id\":\"https:\/\/global-hookah.com\/product\/single-pipe-arabian-hookah-wholesale\/\",\"url\":\"https:\/\/global-hookah.com\/product\/single-pipe-arabian-hookah-wholesale\/\",\"name\":\"Single-Pipe Arabian Hookah Wholesale - Global Hookah\",\"isPartOf\":{\"@id\":\"https:\/\/global-hookah.com\/#website\"},\"primaryImageOfPage\":{\"@id\":\"https:\/\/global-hookah.com\/product\/single-pipe-arabian-hookah-wholesale\/#primaryimage\"},\"image\":{\"@id\":\"https:\/\/global-hookah.com\/product\/single-pipe-arabian-hookah-wholesale\/#primaryimage\"},\"thumbnailUrl\":\"https:\/\/global-hookah.com\/wp-content\/uploads\/2023\/05\/Arabian-Hookah-Full-Set-Single-Tube-Smoking-Pipe-Hookahs-Aluminum-Alloy-Vaporesso-Glass-Shisha-Dab-Rig.jpg\",\"datePublished\":\"2023-05-18T01:33:49+00:00\",\"dateModified\":\"2024-01-12T07:49:35+00:00\",\"breadcrumb\":{\"@id\":\"https:\/\/global-hookah.com\/product\/single-pipe-arabian-hookah-wholesale\/#breadcrumb\"},\"inLanguage\":\"es\",\"potentialAction\":[{\"@type\":\"ReadAction\",\"target\":[\"https:\/\/global-hookah.com\/product\/single-pipe-arabian-hookah-wholesale\/\"]}]},{\"@type\":\"ImageObject\",\"inLanguage\":\"es\",\"@id\":\"https:\/\/global-hookah.com\/product\/single-pipe-arabian-hookah-wholesale\/#primaryimage\",\"url\":\"https:\/\/global-hookah.com\/wp-content\/uploads\/2023\/05\/Arabian-Hookah-Full-Set-Single-Tube-Smoking-Pipe-Hookahs-Aluminum-Alloy-Vaporesso-Glass-Shisha-Dab-Rig.jpg\",\"contentUrl\":\"https:\/\/global-hookah.com\/wp-content\/uploads\/2023\/05\/Arabian-Hookah-Full-Set-Single-Tube-Smoking-Pipe-Hookahs-Aluminum-Alloy-Vaporesso-Glass-Shisha-Dab-Rig.jpg\",\"width\":800,\"height\":800,\"caption\":\"Single-Pipe Arabian Hookah Wholesale\"},{\"@type\":\"BreadcrumbList\",\"@id\":\"https:\/\/global-hookah.com\/product\/single-pipe-arabian-hookah-wholesale\/#breadcrumb\",\"itemListElement\":[{\"@type\":\"ListItem\",\"position\":1,\"name\":\"Home\",\"item\":\"https:\/\/global-hookah.com\/\"},{\"@type\":\"ListItem\",\"position\":2,\"name\":\"Shop\",\"item\":\"https:\/\/global-hookah.com\/shop\/\"},{\"@type\":\"ListItem\",\"position\":3,\"name\":\"Single-Pipe Arabian Hookah Wholesale\"}]},{\"@type\":\"WebSite\",\"@id\":\"https:\/\/global-hookah.com\/#website\",\"url\":\"https:\/\/global-hookah.com\/\",\"name\":\"Global Hookah\",\"description\":\"Global Hookah\",\"publisher\":{\"@id\":\"https:\/\/global-hookah.com\/#organization\"},\"potentialAction\":[{\"@type\":\"SearchAction\",\"target\":{\"@type\":\"EntryPoint\",\"urlTemplate\":\"https:\/\/global-hookah.com\/?s={search_term_string}\"},\"query-input\":{\"@type\":\"PropertyValueSpecification\",\"valueRequired\":true,\"valueName\":\"search_term_string\"}}],\"inLanguage\":\"es\"},{\"@type\":\"Organization\",\"@id\":\"https:\/\/global-hookah.com\/#organization\",\"name\":\"Global Hookah\",\"url\":\"https:\/\/global-hookah.com\/\",\"logo\":{\"@type\":\"ImageObject\",\"inLanguage\":\"es\",\"@id\":\"https:\/\/global-hookah.com\/#\/schema\/logo\/image\/\",\"url\":\"https:\/\/global-hookah.com\/wp-content\/uploads\/2021\/10\/cropped-fgg.png\",\"contentUrl\":\"https:\/\/global-hookah.com\/wp-content\/uploads\/2021\/10\/cropped-fgg.png\",\"width\":512,\"height\":512,\"caption\":\"Global Hookah\"},\"image\":{\"@id\":\"https:\/\/global-hookah.com\/#\/schema\/logo\/image\/\"}}]}<\/script>\n<!-- \/ Yoast SEO Premium plugin. -->","yoast_head_json":{"title":"Narguile \u00e1rabe de una sola pipa al por mayor - Global Hookah","robots":{"index":"index","follow":"follow","max-snippet":"max-snippet:-1","max-image-preview":"max-image-preview:large","max-video-preview":"max-video-preview:-1"},"canonical":"https:\/\/global-hookah.com\/es\/producto\/single-pipe-arabian-hookah-wholesale\/","og_locale":"es_ES","og_type":"article","og_title":"Single-Pipe Arabian Hookah Wholesale","og_description":"Can Support Customization Wholesale Can Be Supported Customized logo(Min. order 20 pieces) If you need wholesale hookah, please contact us by WhatsApp or email, and we will provide you with the wholesale price, our email is (muxiangpipe5@gmail.com)","og_url":"https:\/\/global-hookah.com\/es\/producto\/single-pipe-arabian-hookah-wholesale\/","og_site_name":"Global Hookah","article_modified_time":"2024-01-12T07:49:35+00:00","og_image":[{"width":800,"height":800,"url":"https:\/\/global-hookah.com\/wp-content\/uploads\/2023\/05\/Arabian-Hookah-Full-Set-Single-Tube-Smoking-Pipe-Hookahs-Aluminum-Alloy-Vaporesso-Glass-Shisha-Dab-Rig.jpg","type":"image\/jpeg"}],"twitter_card":"summary_large_image","twitter_misc":{"Tiempo de lectura":"3 minutos"},"schema":{"@context":"https:\/\/schema.org","@graph":[{"@type":"WebPage","@id":"https:\/\/global-hookah.com\/product\/single-pipe-arabian-hookah-wholesale\/","url":"https:\/\/global-hookah.com\/product\/single-pipe-arabian-hookah-wholesale\/","name":"Narguile \u00e1rabe de una sola pipa al por mayor - Global Hookah","isPartOf":{"@id":"https:\/\/global-hookah.com\/#website"},"primaryImageOfPage":{"@id":"https:\/\/global-hookah.com\/product\/single-pipe-arabian-hookah-wholesale\/#primaryimage"},"image":{"@id":"https:\/\/global-hookah.com\/product\/single-pipe-arabian-hookah-wholesale\/#primaryimage"},"thumbnailUrl":"https:\/\/global-hookah.com\/wp-content\/uploads\/2023\/05\/Arabian-Hookah-Full-Set-Single-Tube-Smoking-Pipe-Hookahs-Aluminum-Alloy-Vaporesso-Glass-Shisha-Dab-Rig.jpg","datePublished":"2023-05-18T01:33:49+00:00","dateModified":"2024-01-12T07:49:35+00:00","breadcrumb":{"@id":"https:\/\/global-hookah.com\/product\/single-pipe-arabian-hookah-wholesale\/#breadcrumb"},"inLanguage":"es","potentialAction":[{"@type":"ReadAction","target":["https:\/\/global-hookah.com\/product\/single-pipe-arabian-hookah-wholesale\/"]}]},{"@type":"ImageObject","inLanguage":"es","@id":"https:\/\/global-hookah.com\/product\/single-pipe-arabian-hookah-wholesale\/#primaryimage","url":"https:\/\/global-hookah.com\/wp-content\/uploads\/2023\/05\/Arabian-Hookah-Full-Set-Single-Tube-Smoking-Pipe-Hookahs-Aluminum-Alloy-Vaporesso-Glass-Shisha-Dab-Rig.jpg","contentUrl":"https:\/\/global-hookah.com\/wp-content\/uploads\/2023\/05\/Arabian-Hookah-Full-Set-Single-Tube-Smoking-Pipe-Hookahs-Aluminum-Alloy-Vaporesso-Glass-Shisha-Dab-Rig.jpg","width":800,"height":800,"caption":"Single-Pipe Arabian Hookah Wholesale"},{"@type":"BreadcrumbList","@id":"https:\/\/global-hookah.com\/product\/single-pipe-arabian-hookah-wholesale\/#breadcrumb","itemListElement":[{"@type":"ListItem","position":1,"name":"Home","item":"https:\/\/global-hookah.com\/"},{"@type":"ListItem","position":2,"name":"Shop","item":"https:\/\/global-hookah.com\/shop\/"},{"@type":"ListItem","position":3,"name":"Single-Pipe Arabian Hookah Wholesale"}]},{"@type":"WebSite","@id":"https:\/\/global-hookah.com\/#website","url":"https:\/\/global-hookah.com\/","name":"Global Hookah","description":"Global Hookah","publisher":{"@id":"https:\/\/global-hookah.com\/#organization"},"potentialAction":[{"@type":"SearchAction","target":{"@type":"EntryPoint","urlTemplate":"https:\/\/global-hookah.com\/?s={search_term_string}"},"query-input":{"@type":"PropertyValueSpecification","valueRequired":true,"valueName":"search_term_string"}}],"inLanguage":"es"},{"@type":"Organization","@id":"https:\/\/global-hookah.com\/#organization","name":"Global Hookah","url":"https:\/\/global-hookah.com\/","logo":{"@type":"ImageObject","inLanguage":"es","@id":"https:\/\/global-hookah.com\/#\/schema\/logo\/image\/","url":"https:\/\/global-hookah.com\/wp-content\/uploads\/2021\/10\/cropped-fgg.png","contentUrl":"https:\/\/global-hookah.com\/wp-content\/uploads\/2021\/10\/cropped-fgg.png","width":512,"height":512,"caption":"Global Hookah"},"image":{"@id":"https:\/\/global-hookah.com\/#\/schema\/logo\/image\/"}}]}},"_links":{"self":[{"href":"https:\/\/global-hookah.com\/es\/wp-json\/wp\/v2\/product\/11790","targetHints":{"allow":["GET"]}}],"collection":[{"href":"https:\/\/global-hookah.com\/es\/wp-json\/wp\/v2\/product"}],"about":[{"href":"https:\/\/global-hookah.com\/es\/wp-json\/wp\/v2\/types\/product"}],"replies":[{"embeddable":true,"href":"https:\/\/global-hookah.com\/es\/wp-json\/wp\/v2\/comments?post=11790"}],"version-history":[{"count":0,"href":"https:\/\/global-hookah.com\/es\/wp-json\/wp\/v2\/product\/11790\/revisions"}],"wp:featuredmedia":[{"embeddable":true,"href":"https:\/\/global-hookah.com\/es\/wp-json\/wp\/v2\/media\/11791"}],"wp:attachment":[{"href":"https:\/\/global-hookah.com\/es\/wp-json\/wp\/v2\/media?parent=11790"}],"wp:term":[{"taxonomy":"product_brand","embeddable":true,"href":"https:\/\/global-hookah.com\/es\/wp-json\/wp\/v2\/product_brand?post=11790"},{"taxonomy":"product_cat","embeddable":true,"href":"https:\/\/global-hookah.com\/es\/wp-json\/wp\/v2\/product_cat?post=11790"},{"taxonomy":"product_tag","embeddable":true,"href":"https:\/\/global-hookah.com\/es\/wp-json\/wp\/v2\/product_tag?post=11790"}],"curies":[{"name":"wp","href":"https:\/\/api.w.org\/{rel}","templated":true}]}}