{"id":11799,"date":"2023-05-18T01:54:10","date_gmt":"2023-05-18T01:54:10","guid":{"rendered":"https:\/\/global-hookah.com\/product\/travel-glass-shisha-hookah-pipe-wholesale\/"},"modified":"2024-01-12T07:49:34","modified_gmt":"2024-01-12T07:49:34","slug":"travel-glass-shisha-hookah-pipe-wholesale","status":"publish","type":"product","link":"https:\/\/global-hookah.com\/es\/producto\/travel-glass-shisha-hookah-pipe-wholesale\/","title":{"rendered":"Pipa de viaje de cristal para shisha y narguile al por mayor"},"content":{"rendered":"<div class=\"detailmodule_text\">\n<p>Como<a href=\"https:\/\/global-hookah.com\/product-category\/hookahs\/wholesale-hookah\/\"><strong> Mayorista l\u00edder de pipas Hookah<\/strong><\/a> en la industria, estamos comprometidos a ofrecer a nuestros clientes productos excepcionales a precios competitivos. Nuestra Travel Glass Shisha Hookah Pipe es la adici\u00f3n perfecta a su inventario, atendiendo a la creciente demanda de soluciones de hookah so port\u00e1tiles y de alta calidad. Por <strong>Venda al por mayor nuestra pipa de viaje Shisha Hookah de cristal<\/strong> puede ofrecer a sus clientes algo \u00fanico que realmente les encanta Y una experiencia c\u00f3moda para fumar<\/p>\n<\/div>\n<div class=\"detailmodule_image\"><img decoding=\"async\" class=\"detail-desc-decorate-image\" src=\"https:\/\/ae01.alicdn.com\/kf\/H74a149e4b2a34329bd7a1c19a34a0a624.jpg\" \/><\/div>\n<div class=\"detailmodule_image\">\n<p>Este<strong> pipa de viaje shisha hookah<\/strong> es un tipo de pipa de shisha que ha sido dise\u00f1ada especialmente para viajar. \u00a1Esto significa que viene con algunas grandes caracter\u00edsticas que la hacen ideal para llevar en viajes y vacaciones sin tener que preocuparse de da\u00f1ar su preciada propiedad durante el transporte! El<strong> travel glass shisha hookah pipe venta al por mayor<\/strong> ofrece muchas ventajas sobre <a href=\"https:\/\/global-hookah.com\/product-category\/hookahs\/\">otros tipos de shisha<\/a> porque es m\u00e1s f\u00e1cil de limpiar y mantener que otros tipos de pipas fabricadas con piezas de metal o pl\u00e1stico. Tambi\u00e9n ofrece un aspecto \u00fanico debido a su construcci\u00f3n de culo de vaso, lo que ayuda a que esta tuber\u00eda en particular se destacan de otros.<\/p>\n<p><img decoding=\"async\" class=\"detail-desc-decorate-image\" src=\"https:\/\/ae01.alicdn.com\/kf\/Hb84d7eb21bfa4aec836bb33b5c3c204dR.jpg\" \/><\/p>\n<\/div>\n<div class=\"detailmodule_image\">\n<p>Adem\u00e1s, la base de narguile viene con <a href=\"https:\/\/global-hookah.com\/product-category\/hookah-parts\/\">accesorios, incluidas pinzas<\/a>, por lo que puede utilizar f\u00e1cilmente esta pipa hookah donde quiera. Es un producto ideal para viajes o actividades al aire libre. En t\u00e9rminos de dise\u00f1o, hay muchos dise\u00f1os diferentes para elegir. Puede elegir una pipa de agua de viaje con cazoleta o sin ella. El <a href=\"https:\/\/global-hookah.com\/product\/arabian-2-hose-glass-hookah\/\">El narguile est\u00e1 hecho de vidrio<\/a> lo que lo hace m\u00e1s duradero que otros materiales como el pl\u00e1stico.<\/p>\n<p>Si quiere saber m\u00e1s sobre <strong>narguiles de viaje al por mayor<\/strong> \u00a1entonces echa un vistazo a nuestro sitio web donde hemos enumerado toda la informaci\u00f3n en detalle, incluyendo todos los beneficios que vienen junto con el uso de estos narguiles en comparaci\u00f3n con los de tama\u00f1o regular!<\/p>\n<p><img decoding=\"async\" class=\"detail-desc-decorate-image\" src=\"https:\/\/ae01.alicdn.com\/kf\/H3a632b62917049a48371e6abc430f5f3L.jpg\" \/><img decoding=\"async\" class=\"detail-desc-decorate-image\" src=\"https:\/\/ae01.alicdn.com\/kf\/H5d20087c63bc43de99de7b023992a43aa.jpg\" \/><img decoding=\"async\" class=\"detail-desc-decorate-image\" src=\"https:\/\/ae01.alicdn.com\/kf\/H4d20a74618d0420f94e24e080c6b1501K.jpg\" \/><img decoding=\"async\" class=\"detail-desc-decorate-image\" src=\"https:\/\/ae01.alicdn.com\/kf\/H40681d8b5e4e410597413abf0ddfacc57.jpg\" \/><img decoding=\"async\" class=\"detail-desc-decorate-image\" src=\"https:\/\/ae01.alicdn.com\/kf\/He7dc6f3b16ce4528a58f37a14870147ay.jpg\" \/><img decoding=\"async\" class=\"detail-desc-decorate-image\" src=\"https:\/\/ae01.alicdn.com\/kf\/Haa1ff93b08fc4ff083c60990be1184abs.jpg\" \/><\/p>\n<\/div>\n<div class=\"detailmodule_image\"><img decoding=\"async\" class=\"detail-desc-decorate-image\" src=\"https:\/\/ae01.alicdn.com\/kf\/Hf9ebb7e266c34a629b3716c281c8e99fX.jpg\" \/><\/div>\n<p>&nbsp;<\/p>\n<p>&nbsp;<\/p>\n<p>&nbsp;<\/p>\n<p>&nbsp;<\/p>\n<p>&nbsp;<\/p>","protected":false},"excerpt":{"rendered":"<p>Admite personalizaci\u00f3n<br \/>\nSe puede apoyar la venta al por mayor<br \/>\nLogotipo personalizado (pedido m\u00edn. 20 unidades)<br \/>\nSi necesita hookah al por mayor, p\u00f3ngase en contacto con nosotros por WhatsApp o correo electr\u00f3nico, y le proporcionaremos el precio al por mayor, nuestro correo electr\u00f3nico es (muxiangpipe5@gmail.com)<\/p>","protected":false},"featured_media":11800,"comment_status":"open","ping_status":"closed","template":"","meta":{"iawp_total_views":3,"_joinchat":[]},"product_brand":[],"product_cat":[560,559,119],"product_tag":[],"class_list":{"0":"post-11799","1":"product","2":"type-product","3":"status-publish","4":"has-post-thumbnail","6":"product_cat-glass-hookah-wholesale","7":"product_cat-portable-hookah-wholesale","8":"product_cat-wholesale-hookah","10":"first","11":"instock","12":"shipping-taxable","13":"product-type-external"},"yoast_head":"<!-- This site is optimized with the Yoast SEO Premium plugin v24.7 (Yoast SEO v26.8) - https:\/\/yoast.com\/product\/yoast-seo-premium-wordpress\/ -->\n<title>Travel Glass Shisha Hookah Pipe Wholesale - Global Hookah<\/title>\n<meta name=\"robots\" content=\"index, follow, max-snippet:-1, max-image-preview:large, max-video-preview:-1\" \/>\n<link rel=\"canonical\" href=\"https:\/\/global-hookah.com\/es\/pt\/produto\/atacado-de-cachimbo-de-narguile-de-vidro-para-viagem\/\" \/>\n<meta property=\"og:locale\" content=\"es_ES\" \/>\n<meta property=\"og:type\" content=\"article\" \/>\n<meta property=\"og:title\" content=\"Travel Glass Shisha Hookah Pipe Wholesale\" \/>\n<meta property=\"og:description\" content=\"Can Support Customization Wholesale Can Be Supported Customized logo(Min. order 20 pieces) If you need wholesale hookah, please contact us by WhatsApp or email, and we will provide you with the wholesale price, our email is (muxiangpipe5@gmail.com)\" \/>\n<meta property=\"og:url\" content=\"https:\/\/global-hookah.com\/es\/pt\/produto\/atacado-de-cachimbo-de-narguile-de-vidro-para-viagem\/\" \/>\n<meta property=\"og:site_name\" content=\"Global Hookah\" \/>\n<meta property=\"article:modified_time\" content=\"2024-01-12T07:49:34+00:00\" \/>\n<meta property=\"og:image\" content=\"https:\/\/global-hookah.com\/wp-content\/uploads\/2023\/05\/DEJAYA-Travel-Glass-Shisha-Hookah-Pipe-Chicha-Narguile-Completo-Nargile-with-Sheesha-Ceramic-Bowl-Charcoal-Tongs.jpg\" \/>\n\t<meta property=\"og:image:width\" content=\"1000\" \/>\n\t<meta property=\"og:image:height\" content=\"1000\" \/>\n\t<meta property=\"og:image:type\" content=\"image\/jpeg\" \/>\n<meta name=\"twitter:card\" content=\"summary_large_image\" \/>\n<meta name=\"twitter:label1\" content=\"Tiempo de lectura\" \/>\n\t<meta name=\"twitter:data1\" content=\"4 minutos\" \/>\n<script type=\"application\/ld+json\" class=\"yoast-schema-graph\">{\"@context\":\"https:\/\/schema.org\",\"@graph\":[{\"@type\":\"WebPage\",\"@id\":\"https:\/\/global-hookah.com\/pt\/produto\/atacado-de-cachimbo-de-narguile-de-vidro-para-viagem\/\",\"url\":\"https:\/\/global-hookah.com\/pt\/produto\/atacado-de-cachimbo-de-narguile-de-vidro-para-viagem\/\",\"name\":\"Travel Glass Shisha Hookah Pipe Wholesale - Global Hookah\",\"isPartOf\":{\"@id\":\"https:\/\/global-hookah.com\/#website\"},\"primaryImageOfPage\":{\"@id\":\"https:\/\/global-hookah.com\/pt\/produto\/atacado-de-cachimbo-de-narguile-de-vidro-para-viagem\/#primaryimage\"},\"image\":{\"@id\":\"https:\/\/global-hookah.com\/pt\/produto\/atacado-de-cachimbo-de-narguile-de-vidro-para-viagem\/#primaryimage\"},\"thumbnailUrl\":\"https:\/\/global-hookah.com\/wp-content\/uploads\/2023\/05\/DEJAYA-Travel-Glass-Shisha-Hookah-Pipe-Chicha-Narguile-Completo-Nargile-with-Sheesha-Ceramic-Bowl-Charcoal-Tongs.jpg\",\"datePublished\":\"2023-05-18T01:54:10+00:00\",\"dateModified\":\"2024-01-12T07:49:34+00:00\",\"breadcrumb\":{\"@id\":\"https:\/\/global-hookah.com\/pt\/produto\/atacado-de-cachimbo-de-narguile-de-vidro-para-viagem\/#breadcrumb\"},\"inLanguage\":\"es\",\"potentialAction\":[{\"@type\":\"ReadAction\",\"target\":[\"https:\/\/global-hookah.com\/pt\/produto\/atacado-de-cachimbo-de-narguile-de-vidro-para-viagem\/\"]}]},{\"@type\":\"ImageObject\",\"inLanguage\":\"es\",\"@id\":\"https:\/\/global-hookah.com\/pt\/produto\/atacado-de-cachimbo-de-narguile-de-vidro-para-viagem\/#primaryimage\",\"url\":\"https:\/\/global-hookah.com\/wp-content\/uploads\/2023\/05\/DEJAYA-Travel-Glass-Shisha-Hookah-Pipe-Chicha-Narguile-Completo-Nargile-with-Sheesha-Ceramic-Bowl-Charcoal-Tongs.jpg\",\"contentUrl\":\"https:\/\/global-hookah.com\/wp-content\/uploads\/2023\/05\/DEJAYA-Travel-Glass-Shisha-Hookah-Pipe-Chicha-Narguile-Completo-Nargile-with-Sheesha-Ceramic-Bowl-Charcoal-Tongs.jpg\",\"width\":1000,\"height\":1000,\"caption\":\"Travel Glass Shisha Hookah Pipe Wholesale\"},{\"@type\":\"BreadcrumbList\",\"@id\":\"https:\/\/global-hookah.com\/pt\/produto\/atacado-de-cachimbo-de-narguile-de-vidro-para-viagem\/#breadcrumb\",\"itemListElement\":[{\"@type\":\"ListItem\",\"position\":1,\"name\":\"Home\",\"item\":\"https:\/\/global-hookah.com\/\"},{\"@type\":\"ListItem\",\"position\":2,\"name\":\"Shop\",\"item\":\"https:\/\/global-hookah.com\/shop\/\"},{\"@type\":\"ListItem\",\"position\":3,\"name\":\"Travel Glass Shisha Hookah Pipe Wholesale\"}]},{\"@type\":\"WebSite\",\"@id\":\"https:\/\/global-hookah.com\/#website\",\"url\":\"https:\/\/global-hookah.com\/\",\"name\":\"Global Hookah\",\"description\":\"Global Hookah\",\"publisher\":{\"@id\":\"https:\/\/global-hookah.com\/#organization\"},\"potentialAction\":[{\"@type\":\"SearchAction\",\"target\":{\"@type\":\"EntryPoint\",\"urlTemplate\":\"https:\/\/global-hookah.com\/?s={search_term_string}\"},\"query-input\":{\"@type\":\"PropertyValueSpecification\",\"valueRequired\":true,\"valueName\":\"search_term_string\"}}],\"inLanguage\":\"es\"},{\"@type\":\"Organization\",\"@id\":\"https:\/\/global-hookah.com\/#organization\",\"name\":\"Global Hookah\",\"url\":\"https:\/\/global-hookah.com\/\",\"logo\":{\"@type\":\"ImageObject\",\"inLanguage\":\"es\",\"@id\":\"https:\/\/global-hookah.com\/#\/schema\/logo\/image\/\",\"url\":\"https:\/\/global-hookah.com\/wp-content\/uploads\/2021\/10\/cropped-fgg.png\",\"contentUrl\":\"https:\/\/global-hookah.com\/wp-content\/uploads\/2021\/10\/cropped-fgg.png\",\"width\":512,\"height\":512,\"caption\":\"Global Hookah\"},\"image\":{\"@id\":\"https:\/\/global-hookah.com\/#\/schema\/logo\/image\/\"}}]}<\/script>\n<!-- \/ Yoast SEO Premium plugin. -->","yoast_head_json":{"title":"Viaje de cristal Shisha Hookah Pipe al por mayor - Global Hookah","robots":{"index":"index","follow":"follow","max-snippet":"max-snippet:-1","max-image-preview":"max-image-preview:large","max-video-preview":"max-video-preview:-1"},"canonical":"https:\/\/global-hookah.com\/es\/pt\/produto\/atacado-de-cachimbo-de-narguile-de-vidro-para-viagem\/","og_locale":"es_ES","og_type":"article","og_title":"Travel Glass Shisha Hookah Pipe Wholesale","og_description":"Can Support Customization Wholesale Can Be Supported Customized logo(Min. order 20 pieces) If you need wholesale hookah, please contact us by WhatsApp or email, and we will provide you with the wholesale price, our email is (muxiangpipe5@gmail.com)","og_url":"https:\/\/global-hookah.com\/es\/pt\/produto\/atacado-de-cachimbo-de-narguile-de-vidro-para-viagem\/","og_site_name":"Global Hookah","article_modified_time":"2024-01-12T07:49:34+00:00","og_image":[{"width":1000,"height":1000,"url":"https:\/\/global-hookah.com\/wp-content\/uploads\/2023\/05\/DEJAYA-Travel-Glass-Shisha-Hookah-Pipe-Chicha-Narguile-Completo-Nargile-with-Sheesha-Ceramic-Bowl-Charcoal-Tongs.jpg","type":"image\/jpeg"}],"twitter_card":"summary_large_image","twitter_misc":{"Tiempo de lectura":"4 minutos"},"schema":{"@context":"https:\/\/schema.org","@graph":[{"@type":"WebPage","@id":"https:\/\/global-hookah.com\/pt\/produto\/atacado-de-cachimbo-de-narguile-de-vidro-para-viagem\/","url":"https:\/\/global-hookah.com\/pt\/produto\/atacado-de-cachimbo-de-narguile-de-vidro-para-viagem\/","name":"Viaje de cristal Shisha Hookah Pipe al por mayor - Global Hookah","isPartOf":{"@id":"https:\/\/global-hookah.com\/#website"},"primaryImageOfPage":{"@id":"https:\/\/global-hookah.com\/pt\/produto\/atacado-de-cachimbo-de-narguile-de-vidro-para-viagem\/#primaryimage"},"image":{"@id":"https:\/\/global-hookah.com\/pt\/produto\/atacado-de-cachimbo-de-narguile-de-vidro-para-viagem\/#primaryimage"},"thumbnailUrl":"https:\/\/global-hookah.com\/wp-content\/uploads\/2023\/05\/DEJAYA-Travel-Glass-Shisha-Hookah-Pipe-Chicha-Narguile-Completo-Nargile-with-Sheesha-Ceramic-Bowl-Charcoal-Tongs.jpg","datePublished":"2023-05-18T01:54:10+00:00","dateModified":"2024-01-12T07:49:34+00:00","breadcrumb":{"@id":"https:\/\/global-hookah.com\/pt\/produto\/atacado-de-cachimbo-de-narguile-de-vidro-para-viagem\/#breadcrumb"},"inLanguage":"es","potentialAction":[{"@type":"ReadAction","target":["https:\/\/global-hookah.com\/pt\/produto\/atacado-de-cachimbo-de-narguile-de-vidro-para-viagem\/"]}]},{"@type":"ImageObject","inLanguage":"es","@id":"https:\/\/global-hookah.com\/pt\/produto\/atacado-de-cachimbo-de-narguile-de-vidro-para-viagem\/#primaryimage","url":"https:\/\/global-hookah.com\/wp-content\/uploads\/2023\/05\/DEJAYA-Travel-Glass-Shisha-Hookah-Pipe-Chicha-Narguile-Completo-Nargile-with-Sheesha-Ceramic-Bowl-Charcoal-Tongs.jpg","contentUrl":"https:\/\/global-hookah.com\/wp-content\/uploads\/2023\/05\/DEJAYA-Travel-Glass-Shisha-Hookah-Pipe-Chicha-Narguile-Completo-Nargile-with-Sheesha-Ceramic-Bowl-Charcoal-Tongs.jpg","width":1000,"height":1000,"caption":"Travel Glass Shisha Hookah Pipe Wholesale"},{"@type":"BreadcrumbList","@id":"https:\/\/global-hookah.com\/pt\/produto\/atacado-de-cachimbo-de-narguile-de-vidro-para-viagem\/#breadcrumb","itemListElement":[{"@type":"ListItem","position":1,"name":"Home","item":"https:\/\/global-hookah.com\/"},{"@type":"ListItem","position":2,"name":"Shop","item":"https:\/\/global-hookah.com\/shop\/"},{"@type":"ListItem","position":3,"name":"Travel Glass Shisha Hookah Pipe Wholesale"}]},{"@type":"WebSite","@id":"https:\/\/global-hookah.com\/#website","url":"https:\/\/global-hookah.com\/","name":"Global Hookah","description":"Global Hookah","publisher":{"@id":"https:\/\/global-hookah.com\/#organization"},"potentialAction":[{"@type":"SearchAction","target":{"@type":"EntryPoint","urlTemplate":"https:\/\/global-hookah.com\/?s={search_term_string}"},"query-input":{"@type":"PropertyValueSpecification","valueRequired":true,"valueName":"search_term_string"}}],"inLanguage":"es"},{"@type":"Organization","@id":"https:\/\/global-hookah.com\/#organization","name":"Global Hookah","url":"https:\/\/global-hookah.com\/","logo":{"@type":"ImageObject","inLanguage":"es","@id":"https:\/\/global-hookah.com\/#\/schema\/logo\/image\/","url":"https:\/\/global-hookah.com\/wp-content\/uploads\/2021\/10\/cropped-fgg.png","contentUrl":"https:\/\/global-hookah.com\/wp-content\/uploads\/2021\/10\/cropped-fgg.png","width":512,"height":512,"caption":"Global Hookah"},"image":{"@id":"https:\/\/global-hookah.com\/#\/schema\/logo\/image\/"}}]}},"_links":{"self":[{"href":"https:\/\/global-hookah.com\/es\/wp-json\/wp\/v2\/product\/11799","targetHints":{"allow":["GET"]}}],"collection":[{"href":"https:\/\/global-hookah.com\/es\/wp-json\/wp\/v2\/product"}],"about":[{"href":"https:\/\/global-hookah.com\/es\/wp-json\/wp\/v2\/types\/product"}],"replies":[{"embeddable":true,"href":"https:\/\/global-hookah.com\/es\/wp-json\/wp\/v2\/comments?post=11799"}],"version-history":[{"count":0,"href":"https:\/\/global-hookah.com\/es\/wp-json\/wp\/v2\/product\/11799\/revisions"}],"wp:featuredmedia":[{"embeddable":true,"href":"https:\/\/global-hookah.com\/es\/wp-json\/wp\/v2\/media\/11800"}],"wp:attachment":[{"href":"https:\/\/global-hookah.com\/es\/wp-json\/wp\/v2\/media?parent=11799"}],"wp:term":[{"taxonomy":"product_brand","embeddable":true,"href":"https:\/\/global-hookah.com\/es\/wp-json\/wp\/v2\/product_brand?post=11799"},{"taxonomy":"product_cat","embeddable":true,"href":"https:\/\/global-hookah.com\/es\/wp-json\/wp\/v2\/product_cat?post=11799"},{"taxonomy":"product_tag","embeddable":true,"href":"https:\/\/global-hookah.com\/es\/wp-json\/wp\/v2\/product_tag?post=11799"}],"curies":[{"name":"wp","href":"https:\/\/api.w.org\/{rel}","templated":true}]}}