{"id":11817,"date":"2023-05-18T02:00:24","date_gmt":"2023-05-18T02:00:24","guid":{"rendered":"https:\/\/global-hookah.com\/product\/premium-hookah-set-wholesale\/"},"modified":"2023-06-18T06:27:44","modified_gmt":"2023-06-18T06:27:44","slug":"premium-hookah-set-wholesale","status":"publish","type":"product","link":"https:\/\/global-hookah.com\/es\/producto\/premium-hookah-set-wholesale\/","title":{"rendered":"Premium Hookah Set al por mayor"},"content":{"rendered":"<p>Enhorabuena, ha encontrado el mejor lugar para <strong>Venta al por mayor de un set de narguile Premium de alta calidad<\/strong>. Proporcionamos las mercanc\u00edas m\u00e1s altas del calibre en los costes competitivos como l\u00edder de la industria en hookahs y accesorios del hookah. Lo tenemos listo para usted! y Nuestro <strong><a class=\"wpil_keyword_link\" title=\"hookah al por mayor\" href=\"https:\/\/global-hookah.com\/product-category\/hookahs\/wholesale-hookah\/\" data-wpil-keyword-link=\"linked\">hookah al por mayor<\/a> establece<\/strong> incluyen todo lo necesario para empezar a utilizar una pipa narguile para fumar.<\/p>\n<p>Nuestro Set de Hookah Premium al por mayor est\u00e1 fabricado con materiales de alta calidad y puede personalizarse seg\u00fan sus necesidades. Con tecnolog\u00eda avanzada y trabajadores cualificados, podemos asegurarle la buena calidad de nuestros productos. Por favor, estar seguro de comprar o <strong>juego de narguile al por mayor<\/strong> a la venta en nuestra <strong>f\u00e1brica de narguile<\/strong><\/p>\n<div id=\"offer-template-0\"><img decoding=\"async\" src=\"https:\/\/ae03.alicdn.com\/kf\/S718fb562e4f248eaa610820af399b705Z.jpg\" \/><img decoding=\"async\" src=\"https:\/\/ae03.alicdn.com\/kf\/S9364c0b461944b52b6d776bad5e48047e.jpg\" \/><img decoding=\"async\" src=\"https:\/\/ae03.alicdn.com\/kf\/S33eedfb8ab1a494a885cdf4be6d3b45bk.jpg\" \/><img decoding=\"async\" src=\"https:\/\/ae03.alicdn.com\/kf\/S2a514378e88c4ea88baf11d66920456a2.jpg\" \/><img decoding=\"async\" src=\"https:\/\/ae03.alicdn.com\/kf\/S18932c2073014c26b24e9471631f32bbj.jpg\" \/><img decoding=\"async\" src=\"https:\/\/ae03.alicdn.com\/kf\/S5b7bb9c5accb4a72b3781a893cb809d10.jpg\" \/><\/div>","protected":false},"excerpt":{"rendered":"<p>Admite personalizaci\u00f3n<br \/>\nSe puede apoyar la venta al por mayor<br \/>\nLogotipo personalizado (pedido m\u00edn. 20 unidades)<br \/>\nSi necesita hookah al por mayor, p\u00f3ngase en contacto con nosotros por WhatsApp o correo electr\u00f3nico, y le proporcionaremos el precio al por mayor, nuestro correo electr\u00f3nico es (muxiangpipe5@gmail.com)<\/p>","protected":false},"featured_media":11818,"comment_status":"open","ping_status":"closed","template":"","meta":{"iawp_total_views":11,"_joinchat":[]},"product_brand":[],"product_cat":[119],"product_tag":[],"class_list":{"0":"post-11817","1":"product","2":"type-product","3":"status-publish","4":"has-post-thumbnail","6":"product_cat-wholesale-hookah","8":"first","9":"instock","10":"shipping-taxable","11":"purchasable","12":"product-type-simple"},"yoast_head":"<!-- This site is optimized with the Yoast SEO Premium plugin v24.7 (Yoast SEO v26.8) - https:\/\/yoast.com\/product\/yoast-seo-premium-wordpress\/ -->\n<title>Premium Hookah Set Wholesale - Global Hookah<\/title>\n<meta name=\"robots\" content=\"index, follow, max-snippet:-1, max-image-preview:large, max-video-preview:-1\" \/>\n<link rel=\"canonical\" href=\"https:\/\/global-hookah.com\/es\/producto\/premium-hookah-set-wholesale\/\" \/>\n<meta property=\"og:locale\" content=\"es_ES\" \/>\n<meta property=\"og:type\" content=\"article\" \/>\n<meta property=\"og:title\" content=\"Premium Hookah Set Wholesale\" \/>\n<meta property=\"og:description\" content=\"Can Support Customization Wholesale Can Be Supported Customized logo(Min. order 20 pieces) If you need\u00a0wholesale hookah, please contact us by WhatsApp or email, and we will provide you with the wholesale price, our email is (muxiangpipe5@gmail.com)\" \/>\n<meta property=\"og:url\" content=\"https:\/\/global-hookah.com\/es\/producto\/premium-hookah-set-wholesale\/\" \/>\n<meta property=\"og:site_name\" content=\"Global Hookah\" \/>\n<meta property=\"article:modified_time\" content=\"2023-06-18T06:27:44+00:00\" \/>\n<meta property=\"og:image\" content=\"https:\/\/global-hookah.com\/wp-content\/uploads\/2023\/05\/Premium-Hookah-Set-With-Unique-Glass-Vase-Hose-Hookah-Bowl-Coals-Tong-Stainless-Steel-Shisha-Complete.jpg\" \/>\n\t<meta property=\"og:image:width\" content=\"1200\" \/>\n\t<meta property=\"og:image:height\" content=\"1200\" \/>\n\t<meta property=\"og:image:type\" content=\"image\/jpeg\" \/>\n<meta name=\"twitter:card\" content=\"summary_large_image\" \/>\n<meta name=\"twitter:label1\" content=\"Tiempo de lectura\" \/>\n\t<meta name=\"twitter:data1\" content=\"2 minutos\" \/>\n<script type=\"application\/ld+json\" class=\"yoast-schema-graph\">{\"@context\":\"https:\/\/schema.org\",\"@graph\":[{\"@type\":\"WebPage\",\"@id\":\"https:\/\/global-hookah.com\/product\/premium-hookah-set-wholesale\/\",\"url\":\"https:\/\/global-hookah.com\/product\/premium-hookah-set-wholesale\/\",\"name\":\"Premium Hookah Set Wholesale - Global Hookah\",\"isPartOf\":{\"@id\":\"https:\/\/global-hookah.com\/#website\"},\"primaryImageOfPage\":{\"@id\":\"https:\/\/global-hookah.com\/product\/premium-hookah-set-wholesale\/#primaryimage\"},\"image\":{\"@id\":\"https:\/\/global-hookah.com\/product\/premium-hookah-set-wholesale\/#primaryimage\"},\"thumbnailUrl\":\"https:\/\/global-hookah.com\/wp-content\/uploads\/2023\/05\/Premium-Hookah-Set-With-Unique-Glass-Vase-Hose-Hookah-Bowl-Coals-Tong-Stainless-Steel-Shisha-Complete.jpg\",\"datePublished\":\"2023-05-18T02:00:24+00:00\",\"dateModified\":\"2023-06-18T06:27:44+00:00\",\"breadcrumb\":{\"@id\":\"https:\/\/global-hookah.com\/product\/premium-hookah-set-wholesale\/#breadcrumb\"},\"inLanguage\":\"es\",\"potentialAction\":[{\"@type\":\"ReadAction\",\"target\":[\"https:\/\/global-hookah.com\/product\/premium-hookah-set-wholesale\/\"]}]},{\"@type\":\"ImageObject\",\"inLanguage\":\"es\",\"@id\":\"https:\/\/global-hookah.com\/product\/premium-hookah-set-wholesale\/#primaryimage\",\"url\":\"https:\/\/global-hookah.com\/wp-content\/uploads\/2023\/05\/Premium-Hookah-Set-With-Unique-Glass-Vase-Hose-Hookah-Bowl-Coals-Tong-Stainless-Steel-Shisha-Complete.jpg\",\"contentUrl\":\"https:\/\/global-hookah.com\/wp-content\/uploads\/2023\/05\/Premium-Hookah-Set-With-Unique-Glass-Vase-Hose-Hookah-Bowl-Coals-Tong-Stainless-Steel-Shisha-Complete.jpg\",\"width\":1200,\"height\":1200,\"caption\":\"Premium Hookah Set Wholesale\"},{\"@type\":\"BreadcrumbList\",\"@id\":\"https:\/\/global-hookah.com\/product\/premium-hookah-set-wholesale\/#breadcrumb\",\"itemListElement\":[{\"@type\":\"ListItem\",\"position\":1,\"name\":\"Home\",\"item\":\"https:\/\/global-hookah.com\/\"},{\"@type\":\"ListItem\",\"position\":2,\"name\":\"Shop\",\"item\":\"https:\/\/global-hookah.com\/shop\/\"},{\"@type\":\"ListItem\",\"position\":3,\"name\":\"Premium Hookah Set Wholesale\"}]},{\"@type\":\"WebSite\",\"@id\":\"https:\/\/global-hookah.com\/#website\",\"url\":\"https:\/\/global-hookah.com\/\",\"name\":\"Global Hookah\",\"description\":\"Global Hookah\",\"publisher\":{\"@id\":\"https:\/\/global-hookah.com\/#organization\"},\"potentialAction\":[{\"@type\":\"SearchAction\",\"target\":{\"@type\":\"EntryPoint\",\"urlTemplate\":\"https:\/\/global-hookah.com\/?s={search_term_string}\"},\"query-input\":{\"@type\":\"PropertyValueSpecification\",\"valueRequired\":true,\"valueName\":\"search_term_string\"}}],\"inLanguage\":\"es\"},{\"@type\":\"Organization\",\"@id\":\"https:\/\/global-hookah.com\/#organization\",\"name\":\"Global Hookah\",\"url\":\"https:\/\/global-hookah.com\/\",\"logo\":{\"@type\":\"ImageObject\",\"inLanguage\":\"es\",\"@id\":\"https:\/\/global-hookah.com\/#\/schema\/logo\/image\/\",\"url\":\"https:\/\/global-hookah.com\/wp-content\/uploads\/2021\/10\/cropped-fgg.png\",\"contentUrl\":\"https:\/\/global-hookah.com\/wp-content\/uploads\/2021\/10\/cropped-fgg.png\",\"width\":512,\"height\":512,\"caption\":\"Global Hookah\"},\"image\":{\"@id\":\"https:\/\/global-hookah.com\/#\/schema\/logo\/image\/\"}}]}<\/script>\n<!-- \/ Yoast SEO Premium plugin. -->","yoast_head_json":{"title":"Hookah Set Premium al por mayor - Global Hookah","robots":{"index":"index","follow":"follow","max-snippet":"max-snippet:-1","max-image-preview":"max-image-preview:large","max-video-preview":"max-video-preview:-1"},"canonical":"https:\/\/global-hookah.com\/es\/producto\/premium-hookah-set-wholesale\/","og_locale":"es_ES","og_type":"article","og_title":"Premium Hookah Set Wholesale","og_description":"Can Support Customization Wholesale Can Be Supported Customized logo(Min. order 20 pieces) If you need\u00a0wholesale hookah, please contact us by WhatsApp or email, and we will provide you with the wholesale price, our email is (muxiangpipe5@gmail.com)","og_url":"https:\/\/global-hookah.com\/es\/producto\/premium-hookah-set-wholesale\/","og_site_name":"Global Hookah","article_modified_time":"2023-06-18T06:27:44+00:00","og_image":[{"width":1200,"height":1200,"url":"https:\/\/global-hookah.com\/wp-content\/uploads\/2023\/05\/Premium-Hookah-Set-With-Unique-Glass-Vase-Hose-Hookah-Bowl-Coals-Tong-Stainless-Steel-Shisha-Complete.jpg","type":"image\/jpeg"}],"twitter_card":"summary_large_image","twitter_misc":{"Tiempo de lectura":"2 minutos"},"schema":{"@context":"https:\/\/schema.org","@graph":[{"@type":"WebPage","@id":"https:\/\/global-hookah.com\/product\/premium-hookah-set-wholesale\/","url":"https:\/\/global-hookah.com\/product\/premium-hookah-set-wholesale\/","name":"Hookah Set Premium al por mayor - Global Hookah","isPartOf":{"@id":"https:\/\/global-hookah.com\/#website"},"primaryImageOfPage":{"@id":"https:\/\/global-hookah.com\/product\/premium-hookah-set-wholesale\/#primaryimage"},"image":{"@id":"https:\/\/global-hookah.com\/product\/premium-hookah-set-wholesale\/#primaryimage"},"thumbnailUrl":"https:\/\/global-hookah.com\/wp-content\/uploads\/2023\/05\/Premium-Hookah-Set-With-Unique-Glass-Vase-Hose-Hookah-Bowl-Coals-Tong-Stainless-Steel-Shisha-Complete.jpg","datePublished":"2023-05-18T02:00:24+00:00","dateModified":"2023-06-18T06:27:44+00:00","breadcrumb":{"@id":"https:\/\/global-hookah.com\/product\/premium-hookah-set-wholesale\/#breadcrumb"},"inLanguage":"es","potentialAction":[{"@type":"ReadAction","target":["https:\/\/global-hookah.com\/product\/premium-hookah-set-wholesale\/"]}]},{"@type":"ImageObject","inLanguage":"es","@id":"https:\/\/global-hookah.com\/product\/premium-hookah-set-wholesale\/#primaryimage","url":"https:\/\/global-hookah.com\/wp-content\/uploads\/2023\/05\/Premium-Hookah-Set-With-Unique-Glass-Vase-Hose-Hookah-Bowl-Coals-Tong-Stainless-Steel-Shisha-Complete.jpg","contentUrl":"https:\/\/global-hookah.com\/wp-content\/uploads\/2023\/05\/Premium-Hookah-Set-With-Unique-Glass-Vase-Hose-Hookah-Bowl-Coals-Tong-Stainless-Steel-Shisha-Complete.jpg","width":1200,"height":1200,"caption":"Premium Hookah Set Wholesale"},{"@type":"BreadcrumbList","@id":"https:\/\/global-hookah.com\/product\/premium-hookah-set-wholesale\/#breadcrumb","itemListElement":[{"@type":"ListItem","position":1,"name":"Home","item":"https:\/\/global-hookah.com\/"},{"@type":"ListItem","position":2,"name":"Shop","item":"https:\/\/global-hookah.com\/shop\/"},{"@type":"ListItem","position":3,"name":"Premium Hookah Set Wholesale"}]},{"@type":"WebSite","@id":"https:\/\/global-hookah.com\/#website","url":"https:\/\/global-hookah.com\/","name":"Global Hookah","description":"Global Hookah","publisher":{"@id":"https:\/\/global-hookah.com\/#organization"},"potentialAction":[{"@type":"SearchAction","target":{"@type":"EntryPoint","urlTemplate":"https:\/\/global-hookah.com\/?s={search_term_string}"},"query-input":{"@type":"PropertyValueSpecification","valueRequired":true,"valueName":"search_term_string"}}],"inLanguage":"es"},{"@type":"Organization","@id":"https:\/\/global-hookah.com\/#organization","name":"Global Hookah","url":"https:\/\/global-hookah.com\/","logo":{"@type":"ImageObject","inLanguage":"es","@id":"https:\/\/global-hookah.com\/#\/schema\/logo\/image\/","url":"https:\/\/global-hookah.com\/wp-content\/uploads\/2021\/10\/cropped-fgg.png","contentUrl":"https:\/\/global-hookah.com\/wp-content\/uploads\/2021\/10\/cropped-fgg.png","width":512,"height":512,"caption":"Global Hookah"},"image":{"@id":"https:\/\/global-hookah.com\/#\/schema\/logo\/image\/"}}]}},"_links":{"self":[{"href":"https:\/\/global-hookah.com\/es\/wp-json\/wp\/v2\/product\/11817","targetHints":{"allow":["GET"]}}],"collection":[{"href":"https:\/\/global-hookah.com\/es\/wp-json\/wp\/v2\/product"}],"about":[{"href":"https:\/\/global-hookah.com\/es\/wp-json\/wp\/v2\/types\/product"}],"replies":[{"embeddable":true,"href":"https:\/\/global-hookah.com\/es\/wp-json\/wp\/v2\/comments?post=11817"}],"version-history":[{"count":0,"href":"https:\/\/global-hookah.com\/es\/wp-json\/wp\/v2\/product\/11817\/revisions"}],"wp:featuredmedia":[{"embeddable":true,"href":"https:\/\/global-hookah.com\/es\/wp-json\/wp\/v2\/media\/11818"}],"wp:attachment":[{"href":"https:\/\/global-hookah.com\/es\/wp-json\/wp\/v2\/media?parent=11817"}],"wp:term":[{"taxonomy":"product_brand","embeddable":true,"href":"https:\/\/global-hookah.com\/es\/wp-json\/wp\/v2\/product_brand?post=11817"},{"taxonomy":"product_cat","embeddable":true,"href":"https:\/\/global-hookah.com\/es\/wp-json\/wp\/v2\/product_cat?post=11817"},{"taxonomy":"product_tag","embeddable":true,"href":"https:\/\/global-hookah.com\/es\/wp-json\/wp\/v2\/product_tag?post=11817"}],"curies":[{"name":"wp","href":"https:\/\/api.w.org\/{rel}","templated":true}]}}