{"id":11826,"date":"2023-05-18T02:04:13","date_gmt":"2023-05-18T02:04:13","guid":{"rendered":"https:\/\/global-hookah.com\/product\/hookah-pipe-narguile-with-acrylic-removable-accessories-smoking-pipes-mask-shisha-tobacco-pipe\/"},"modified":"2023-05-18T09:17:32","modified_gmt":"2023-05-18T09:17:32","slug":"silicone-gas-mask-bong-wholesale","status":"publish","type":"product","link":"https:\/\/global-hookah.com\/es\/producto\/silicone-gas-mask-bong-wholesale\/","title":{"rendered":"M\u00e1scara de gas de silicona Bong al por mayor"},"content":{"rendered":"<div class=\"product-specs-list-container\">\n<p>Somos una reputada<strong> fabricante y exportador de Gas Mask Bong en China<\/strong>. Si est\u00e1 interesado en adquirir un <strong>venta al por mayor Gas Mask Bong<\/strong> de nuestro fabricante, p\u00f3ngase en contacto con nosotros<\/p>\n<p>Este bong de silicona tiene una m\u00e1scara de gas unida a \u00e9l, por lo que es el<a href=\"https:\/\/global-hookah.com\/product-category\/bongs\/gas-mask-bong\/\"> Bong de silicona con m\u00e1scara de gas<\/a>. Puedes disfrutar del humo con esta cachimba de silicona con m\u00e1scara de gas sin tener que preocuparte de que te entre en los ojos o en la boca.<\/p>\n<p>Inhalas a trav\u00e9s del tubo del lateral del bong con m\u00e1scara de gas mientras te cubres los labios y la nariz con la boquilla. Como el humo se filtra a trav\u00e9s del agua antes de entrar en tus pulmones, puedes dar caladas considerablemente m\u00e1s grandes de las que dar\u00edas con un bong t\u00edpico. te ayudan a eliminar los compuestos peligrosos sin sacrificar la potencia.<\/p>\n<p>Este bong de silicona con m\u00e1scara de gas es un \u00e9xito garantizado entre los aficionados al bong gracias a su dise\u00f1o elegante y vanguardista. Podr\u00e1s aspirar todo el humo de tu hierba seca o cera preferida mientras llevas puesta la m\u00e1scara de silicona, que se ajusta c\u00f3modamente a tu cara. Y como est\u00e1 compuesta de silicona de alta calidad, limpiar la c\u00e1mara interior es pan comido.<\/p>\n<p>El aspecto distintivo de este producto es lo que atrae a fumadores de todo el mundo. Es la opci\u00f3n ideal para ti si quieres que tus colegas se queden impresionados con tu nueva cachimba. Para comprar este <strong>M\u00e1scara de gas Bong a granel<\/strong>, Ll\u00e1menos ahora mismo.<\/p>\n<\/div>\n<div id=\"offer-template-0\"><img decoding=\"async\" src=\"https:\/\/ae03.alicdn.com\/kf\/S24830569613e4a6ab53656558bc5bb74d.jpg\" \/><img decoding=\"async\" src=\"https:\/\/ae03.alicdn.com\/kf\/S609404a5f0f14d4bb0d8a42908806c5br.jpg\" \/><img decoding=\"async\" src=\"https:\/\/ae03.alicdn.com\/kf\/S06de8f5180ce4348b5539cdf22b74fefc.jpg\" \/><img decoding=\"async\" src=\"https:\/\/ae03.alicdn.com\/kf\/S31099f6252d643dba4247623ebc28104F.jpg\" \/><img decoding=\"async\" src=\"https:\/\/ae03.alicdn.com\/kf\/Sd36083276f004f1eb5cd5e3279f0ceddF.jpg\" \/><img decoding=\"async\" src=\"https:\/\/ae03.alicdn.com\/kf\/Sa1b190ed886e4a8daa6f02b69f7c4c062.jpg\" \/><\/div>","protected":false},"excerpt":{"rendered":"<p>Admite personalizaci\u00f3n<br \/>\nSe puede apoyar la venta al por mayor<br \/>\nLogotipo personalizado (pedido m\u00edn. 20 unidades)<br \/>\nSi necesita\u00a0<a href=\"https:\/\/global-hookah.com\/product-category\/hookahs\/wholesale-hookah\/\">hookah al por mayor<\/a>, p\u00f3ngase en contacto con nosotros por WhatsApp o correo electr\u00f3nico, y le proporcionaremos el precio al por mayor, nuestro correo electr\u00f3nico es (muxiangpipe5@gmail.com)<\/p>","protected":false},"featured_media":11827,"comment_status":"open","ping_status":"closed","template":"","meta":{"iawp_total_views":4,"_joinchat":[]},"product_brand":[],"product_cat":[119],"product_tag":[],"class_list":{"0":"post-11826","1":"product","2":"type-product","3":"status-publish","4":"has-post-thumbnail","6":"product_cat-wholesale-hookah","8":"first","9":"instock","10":"shipping-taxable","11":"product-type-external"},"yoast_head":"<!-- This site is optimized with the Yoast SEO Premium plugin v24.7 (Yoast SEO v26.8) - https:\/\/yoast.com\/product\/yoast-seo-premium-wordpress\/ -->\n<title>Silicone Gas Mask Bong Wholesale - Global Hookah<\/title>\n<meta name=\"robots\" content=\"index, follow, max-snippet:-1, max-image-preview:large, max-video-preview:-1\" \/>\n<link rel=\"canonical\" href=\"https:\/\/global-hookah.com\/es\/producto\/silicone-gas-mask-bong-wholesale\/\" \/>\n<meta property=\"og:locale\" content=\"es_ES\" \/>\n<meta property=\"og:type\" content=\"article\" \/>\n<meta property=\"og:title\" content=\"Silicone Gas Mask Bong Wholesale\" \/>\n<meta property=\"og:description\" content=\"Can Support Customization Wholesale Can Be Supported Customized logo(Min. order 20 pieces) If you need\u00a0wholesale hookah, please contact us by WhatsApp or email, and we will provide you with the wholesale price, our email is (muxiangpipe5@gmail.com)\" \/>\n<meta property=\"og:url\" content=\"https:\/\/global-hookah.com\/es\/producto\/silicone-gas-mask-bong-wholesale\/\" \/>\n<meta property=\"og:site_name\" content=\"Global Hookah\" \/>\n<meta property=\"article:modified_time\" content=\"2023-05-18T09:17:32+00:00\" \/>\n<meta property=\"og:image\" content=\"https:\/\/global-hookah.com\/wp-content\/uploads\/2023\/05\/Hookah-Pipe-Narguile-With-Acrylic-Removable-Accessories-Smoking-Pipes-Mask-Shisha-Tobacco-Pipe.jpg\" \/>\n\t<meta property=\"og:image:width\" content=\"800\" \/>\n\t<meta property=\"og:image:height\" content=\"800\" \/>\n\t<meta property=\"og:image:type\" content=\"image\/jpeg\" \/>\n<meta name=\"twitter:card\" content=\"summary_large_image\" \/>\n<meta name=\"twitter:label1\" content=\"Tiempo de lectura\" \/>\n\t<meta name=\"twitter:data1\" content=\"3 minutos\" \/>\n<script type=\"application\/ld+json\" class=\"yoast-schema-graph\">{\"@context\":\"https:\/\/schema.org\",\"@graph\":[{\"@type\":\"WebPage\",\"@id\":\"https:\/\/global-hookah.com\/product\/silicone-gas-mask-bong-wholesale\/\",\"url\":\"https:\/\/global-hookah.com\/product\/silicone-gas-mask-bong-wholesale\/\",\"name\":\"Silicone Gas Mask Bong Wholesale - Global Hookah\",\"isPartOf\":{\"@id\":\"https:\/\/global-hookah.com\/#website\"},\"primaryImageOfPage\":{\"@id\":\"https:\/\/global-hookah.com\/product\/silicone-gas-mask-bong-wholesale\/#primaryimage\"},\"image\":{\"@id\":\"https:\/\/global-hookah.com\/product\/silicone-gas-mask-bong-wholesale\/#primaryimage\"},\"thumbnailUrl\":\"https:\/\/global-hookah.com\/wp-content\/uploads\/2023\/05\/Hookah-Pipe-Narguile-With-Acrylic-Removable-Accessories-Smoking-Pipes-Mask-Shisha-Tobacco-Pipe.jpg\",\"datePublished\":\"2023-05-18T02:04:13+00:00\",\"dateModified\":\"2023-05-18T09:17:32+00:00\",\"breadcrumb\":{\"@id\":\"https:\/\/global-hookah.com\/product\/silicone-gas-mask-bong-wholesale\/#breadcrumb\"},\"inLanguage\":\"es\",\"potentialAction\":[{\"@type\":\"ReadAction\",\"target\":[\"https:\/\/global-hookah.com\/product\/silicone-gas-mask-bong-wholesale\/\"]}]},{\"@type\":\"ImageObject\",\"inLanguage\":\"es\",\"@id\":\"https:\/\/global-hookah.com\/product\/silicone-gas-mask-bong-wholesale\/#primaryimage\",\"url\":\"https:\/\/global-hookah.com\/wp-content\/uploads\/2023\/05\/Hookah-Pipe-Narguile-With-Acrylic-Removable-Accessories-Smoking-Pipes-Mask-Shisha-Tobacco-Pipe.jpg\",\"contentUrl\":\"https:\/\/global-hookah.com\/wp-content\/uploads\/2023\/05\/Hookah-Pipe-Narguile-With-Acrylic-Removable-Accessories-Smoking-Pipes-Mask-Shisha-Tobacco-Pipe.jpg\",\"width\":800,\"height\":800,\"caption\":\"Gas Mask Bong Wholesale\"},{\"@type\":\"BreadcrumbList\",\"@id\":\"https:\/\/global-hookah.com\/product\/silicone-gas-mask-bong-wholesale\/#breadcrumb\",\"itemListElement\":[{\"@type\":\"ListItem\",\"position\":1,\"name\":\"Home\",\"item\":\"https:\/\/global-hookah.com\/\"},{\"@type\":\"ListItem\",\"position\":2,\"name\":\"Shop\",\"item\":\"https:\/\/global-hookah.com\/shop\/\"},{\"@type\":\"ListItem\",\"position\":3,\"name\":\"Silicone Gas Mask Bong Wholesale\"}]},{\"@type\":\"WebSite\",\"@id\":\"https:\/\/global-hookah.com\/#website\",\"url\":\"https:\/\/global-hookah.com\/\",\"name\":\"Global Hookah\",\"description\":\"Global Hookah\",\"publisher\":{\"@id\":\"https:\/\/global-hookah.com\/#organization\"},\"potentialAction\":[{\"@type\":\"SearchAction\",\"target\":{\"@type\":\"EntryPoint\",\"urlTemplate\":\"https:\/\/global-hookah.com\/?s={search_term_string}\"},\"query-input\":{\"@type\":\"PropertyValueSpecification\",\"valueRequired\":true,\"valueName\":\"search_term_string\"}}],\"inLanguage\":\"es\"},{\"@type\":\"Organization\",\"@id\":\"https:\/\/global-hookah.com\/#organization\",\"name\":\"Global Hookah\",\"url\":\"https:\/\/global-hookah.com\/\",\"logo\":{\"@type\":\"ImageObject\",\"inLanguage\":\"es\",\"@id\":\"https:\/\/global-hookah.com\/#\/schema\/logo\/image\/\",\"url\":\"https:\/\/global-hookah.com\/wp-content\/uploads\/2021\/10\/cropped-fgg.png\",\"contentUrl\":\"https:\/\/global-hookah.com\/wp-content\/uploads\/2021\/10\/cropped-fgg.png\",\"width\":512,\"height\":512,\"caption\":\"Global Hookah\"},\"image\":{\"@id\":\"https:\/\/global-hookah.com\/#\/schema\/logo\/image\/\"}}]}<\/script>\n<!-- \/ Yoast SEO Premium plugin. -->","yoast_head_json":{"title":"Bong de silicona con m\u00e1scara de gas al por mayor - Global Hookah","robots":{"index":"index","follow":"follow","max-snippet":"max-snippet:-1","max-image-preview":"max-image-preview:large","max-video-preview":"max-video-preview:-1"},"canonical":"https:\/\/global-hookah.com\/es\/producto\/silicone-gas-mask-bong-wholesale\/","og_locale":"es_ES","og_type":"article","og_title":"Silicone Gas Mask Bong Wholesale","og_description":"Can Support Customization Wholesale Can Be Supported Customized logo(Min. order 20 pieces) If you need\u00a0wholesale hookah, please contact us by WhatsApp or email, and we will provide you with the wholesale price, our email is (muxiangpipe5@gmail.com)","og_url":"https:\/\/global-hookah.com\/es\/producto\/silicone-gas-mask-bong-wholesale\/","og_site_name":"Global Hookah","article_modified_time":"2023-05-18T09:17:32+00:00","og_image":[{"width":800,"height":800,"url":"https:\/\/global-hookah.com\/wp-content\/uploads\/2023\/05\/Hookah-Pipe-Narguile-With-Acrylic-Removable-Accessories-Smoking-Pipes-Mask-Shisha-Tobacco-Pipe.jpg","type":"image\/jpeg"}],"twitter_card":"summary_large_image","twitter_misc":{"Tiempo de lectura":"3 minutos"},"schema":{"@context":"https:\/\/schema.org","@graph":[{"@type":"WebPage","@id":"https:\/\/global-hookah.com\/product\/silicone-gas-mask-bong-wholesale\/","url":"https:\/\/global-hookah.com\/product\/silicone-gas-mask-bong-wholesale\/","name":"Bong de silicona con m\u00e1scara de gas al por mayor - Global Hookah","isPartOf":{"@id":"https:\/\/global-hookah.com\/#website"},"primaryImageOfPage":{"@id":"https:\/\/global-hookah.com\/product\/silicone-gas-mask-bong-wholesale\/#primaryimage"},"image":{"@id":"https:\/\/global-hookah.com\/product\/silicone-gas-mask-bong-wholesale\/#primaryimage"},"thumbnailUrl":"https:\/\/global-hookah.com\/wp-content\/uploads\/2023\/05\/Hookah-Pipe-Narguile-With-Acrylic-Removable-Accessories-Smoking-Pipes-Mask-Shisha-Tobacco-Pipe.jpg","datePublished":"2023-05-18T02:04:13+00:00","dateModified":"2023-05-18T09:17:32+00:00","breadcrumb":{"@id":"https:\/\/global-hookah.com\/product\/silicone-gas-mask-bong-wholesale\/#breadcrumb"},"inLanguage":"es","potentialAction":[{"@type":"ReadAction","target":["https:\/\/global-hookah.com\/product\/silicone-gas-mask-bong-wholesale\/"]}]},{"@type":"ImageObject","inLanguage":"es","@id":"https:\/\/global-hookah.com\/product\/silicone-gas-mask-bong-wholesale\/#primaryimage","url":"https:\/\/global-hookah.com\/wp-content\/uploads\/2023\/05\/Hookah-Pipe-Narguile-With-Acrylic-Removable-Accessories-Smoking-Pipes-Mask-Shisha-Tobacco-Pipe.jpg","contentUrl":"https:\/\/global-hookah.com\/wp-content\/uploads\/2023\/05\/Hookah-Pipe-Narguile-With-Acrylic-Removable-Accessories-Smoking-Pipes-Mask-Shisha-Tobacco-Pipe.jpg","width":800,"height":800,"caption":"Gas Mask Bong Wholesale"},{"@type":"BreadcrumbList","@id":"https:\/\/global-hookah.com\/product\/silicone-gas-mask-bong-wholesale\/#breadcrumb","itemListElement":[{"@type":"ListItem","position":1,"name":"Home","item":"https:\/\/global-hookah.com\/"},{"@type":"ListItem","position":2,"name":"Shop","item":"https:\/\/global-hookah.com\/shop\/"},{"@type":"ListItem","position":3,"name":"Silicone Gas Mask Bong Wholesale"}]},{"@type":"WebSite","@id":"https:\/\/global-hookah.com\/#website","url":"https:\/\/global-hookah.com\/","name":"Global Hookah","description":"Global Hookah","publisher":{"@id":"https:\/\/global-hookah.com\/#organization"},"potentialAction":[{"@type":"SearchAction","target":{"@type":"EntryPoint","urlTemplate":"https:\/\/global-hookah.com\/?s={search_term_string}"},"query-input":{"@type":"PropertyValueSpecification","valueRequired":true,"valueName":"search_term_string"}}],"inLanguage":"es"},{"@type":"Organization","@id":"https:\/\/global-hookah.com\/#organization","name":"Global Hookah","url":"https:\/\/global-hookah.com\/","logo":{"@type":"ImageObject","inLanguage":"es","@id":"https:\/\/global-hookah.com\/#\/schema\/logo\/image\/","url":"https:\/\/global-hookah.com\/wp-content\/uploads\/2021\/10\/cropped-fgg.png","contentUrl":"https:\/\/global-hookah.com\/wp-content\/uploads\/2021\/10\/cropped-fgg.png","width":512,"height":512,"caption":"Global Hookah"},"image":{"@id":"https:\/\/global-hookah.com\/#\/schema\/logo\/image\/"}}]}},"_links":{"self":[{"href":"https:\/\/global-hookah.com\/es\/wp-json\/wp\/v2\/product\/11826","targetHints":{"allow":["GET"]}}],"collection":[{"href":"https:\/\/global-hookah.com\/es\/wp-json\/wp\/v2\/product"}],"about":[{"href":"https:\/\/global-hookah.com\/es\/wp-json\/wp\/v2\/types\/product"}],"replies":[{"embeddable":true,"href":"https:\/\/global-hookah.com\/es\/wp-json\/wp\/v2\/comments?post=11826"}],"version-history":[{"count":0,"href":"https:\/\/global-hookah.com\/es\/wp-json\/wp\/v2\/product\/11826\/revisions"}],"wp:featuredmedia":[{"embeddable":true,"href":"https:\/\/global-hookah.com\/es\/wp-json\/wp\/v2\/media\/11827"}],"wp:attachment":[{"href":"https:\/\/global-hookah.com\/es\/wp-json\/wp\/v2\/media?parent=11826"}],"wp:term":[{"taxonomy":"product_brand","embeddable":true,"href":"https:\/\/global-hookah.com\/es\/wp-json\/wp\/v2\/product_brand?post=11826"},{"taxonomy":"product_cat","embeddable":true,"href":"https:\/\/global-hookah.com\/es\/wp-json\/wp\/v2\/product_cat?post=11826"},{"taxonomy":"product_tag","embeddable":true,"href":"https:\/\/global-hookah.com\/es\/wp-json\/wp\/v2\/product_tag?post=11826"}],"curies":[{"name":"wp","href":"https:\/\/api.w.org\/{rel}","templated":true}]}}