{"id":11842,"date":"2023-05-18T02:06:55","date_gmt":"2023-05-18T02:06:55","guid":{"rendered":"https:\/\/global-hookah.com\/product\/medium-size-four-tube-acrylic-crystal-glass-hookah-set-wholesale\/"},"modified":"2024-01-12T03:57:43","modified_gmt":"2024-01-12T03:57:43","slug":"medium-size-four-tube-acrylic-crystal-glass-hookah-set-wholesale","status":"publish","type":"product","link":"https:\/\/global-hookah.com\/es\/producto\/medium-size-four-tube-acrylic-crystal-glass-hookah-set-wholesale\/","title":{"rendered":"Mediana de cuatro tubos de acr\u00edlico de cristal Hookah Set al por mayor"},"content":{"rendered":"<p>Desea<strong> vende al por mayor este narguile de cristal de cuatro tubos de tama\u00f1o medio<\/strong>? Estupendo. El <strong>narguile mediano de cristal de cuatro tubos<\/strong> es un gran <a href=\"https:\/\/global-hookah.com\/product-category\/hookahs\/\">narguile de iniciaci\u00f3n<\/a> para cualquier persona que acaba de empezar o como un regalo para alguien especial. Este narguile est\u00e1 hecho de vidrio soplado a mano y viene con un taz\u00f3n de vidrio y la manguera, lo que hace que para un todo-en torno a una hermosa pieza que se puede disfrutar en los pr\u00f3ximos a\u00f1os. Tambi\u00e9n viene con pinzas para que pueda manejar los tubos con seguridad y facilidad. La manguera est\u00e1 hecha de silicona y dura m\u00e1s que las mangueras de goma tradicionales, ya que no se dobla con tanta facilidad ni se agrieta cuando se expone a temperaturas extremas.<\/p>\n<p>El cuenco es desmontable para facilitar la limpieza, y la manguera tiene una boquilla desmontable para facilitar el embalaje cuando se viaja. Este conjunto hookah viene completo con todas las piezas necesarias, incluyendo pinzas, arandelas, junta de base, y las instrucciones para facilitar el montaje y mantenimiento.<\/p>\n<p><a href=\"https:\/\/global-hookah.com\">Global-Hookah<\/a> es uno de los principales fabricantes y exportadores de narguiles, accesorios para narguiles, accesorios para fumadores y mucho m\u00e1s. Tenemos m\u00e1s de 100 tipos de productos para su elecci\u00f3n de nosotros. Nos hemos comprometido a ofrecer productos de alta calidad a precios competitivos desde 2003.<\/p>\n<div class=\"detailmodule_text-image\">\n<p style=\"font-size: 16px; font-weight: normal; text-align: left; display: block; width: 100%;\" align=\"left\">Atributo de mercanc\u00eda<br \/>\nTipo: Shisha<br \/>\nColor: cuatro tubos azules, cuatro tubos negros<br \/>\nEstilo: sencillo, lujo ligero<br \/>\nTama\u00f1o del producto: 54*12 cm<br \/>\nTama\u00f1o de la caja de color: 15*15*35cm<br \/>\nPeso del producto: 1,5 kg<\/p>\n<div><img decoding=\"async\" class=\"detail-desc-decorate-image\" src=\"https:\/\/ae01.alicdn.com\/kf\/S55f4eb1fca1a4edba60b39d4cd9067a2k.jpg\" \/><img decoding=\"async\" class=\"detail-desc-decorate-image\" src=\"https:\/\/ae01.alicdn.com\/kf\/Sb12af86b75f44763a76731237a2e84b4E.jpg\" \/><img decoding=\"async\" class=\"detail-desc-decorate-image\" src=\"https:\/\/ae01.alicdn.com\/kf\/Sc20a956d1f6544bea3823bdb1f2de35aC.jpg\" \/><img decoding=\"async\" class=\"detail-desc-decorate-image\" src=\"https:\/\/ae01.alicdn.com\/kf\/S4e83cb8085304505aef876ebf02eb634q.jpg\" \/><\/div>\n<\/div>\n<div class=\"detailmodule_text-image\">\n<p style=\"color: #ffffff;\">Mediana de cuatro tubos de cristal acr\u00edlico Hookah Set<br \/>\nShisha Para Fumar<br \/>\nPipa Smok<br \/>\nAut\u00e9ntica espuma de lujo<br \/>\nKit completo Narguile<br \/>\nTuber\u00eda<br \/>\nShisha<br \/>\nHookah<br \/>\nvaporizadores para fumar<br \/>\naccesorios para fumadores<br \/>\nbongs para fumar<\/p>\n<\/div>\n<p>&nbsp;<\/p>","protected":false},"excerpt":{"rendered":"<p>Estilo: sencillo y a la moda<br \/>\nAdmite personalizaci\u00f3n<br \/>\nSe puede apoyar la venta al por mayor<br \/>\nLogotipo personalizado (pedido m\u00edn. 20 unidades)<br \/>\nSi necesita <a href=\"https:\/\/global-hookah.com\/product-category\/hookahs\/wholesale-hookah\/\">hookah al por mayor<\/a>, p\u00f3ngase en contacto con nosotros por WhatsApp o correo electr\u00f3nico, y le proporcionaremos el precio al por mayor, nuestro correo electr\u00f3nico es (muxiangpipe5@gmail.com)<\/p>","protected":false},"featured_media":11843,"comment_status":"open","ping_status":"closed","template":"","meta":{"iawp_total_views":2,"_joinchat":[]},"product_brand":[],"product_cat":[560,119],"product_tag":[],"class_list":{"0":"post-11842","1":"product","2":"type-product","3":"status-publish","4":"has-post-thumbnail","6":"product_cat-glass-hookah-wholesale","7":"product_cat-wholesale-hookah","9":"first","10":"instock","11":"shipping-taxable","12":"purchasable","13":"product-type-simple"},"yoast_head":"<!-- This site is optimized with the Yoast SEO Premium plugin v24.7 (Yoast SEO v26.8) - https:\/\/yoast.com\/product\/yoast-seo-premium-wordpress\/ -->\n<title>Medium Size Four Tube Acrylic Crystal Glass Hookah Set Wholesale - Global Hookah<\/title>\n<meta name=\"robots\" content=\"index, follow, max-snippet:-1, max-image-preview:large, max-video-preview:-1\" \/>\n<link rel=\"canonical\" href=\"https:\/\/global-hookah.com\/es\/producto\/medium-size-four-tube-acrylic-crystal-glass-hookah-set-wholesale\/\" \/>\n<meta property=\"og:locale\" content=\"es_ES\" \/>\n<meta property=\"og:type\" content=\"article\" \/>\n<meta property=\"og:title\" content=\"Medium Size Four Tube Acrylic Crystal Glass Hookah Set Wholesale\" \/>\n<meta property=\"og:description\" content=\"Style: simple and fashionable Can Support Customization Wholesale Can Be Supported Customized logo(Min. order 20 pieces) If you need wholesale hookah, please contact us by WhatsApp or email, and we will provide you with the wholesale price, our email is (muxiangpipe5@gmail.com)\" \/>\n<meta property=\"og:url\" content=\"https:\/\/global-hookah.com\/es\/producto\/medium-size-four-tube-acrylic-crystal-glass-hookah-set-wholesale\/\" \/>\n<meta property=\"og:site_name\" content=\"Global Hookah\" \/>\n<meta property=\"article:modified_time\" content=\"2024-01-12T03:57:43+00:00\" \/>\n<meta property=\"og:image\" content=\"https:\/\/global-hookah.com\/wp-content\/uploads\/2023\/05\/Medium-Size-Four-Tube-Acrylic-Crystal-Glass-Hookah-Set-Shisha-For-Smoking-Smok-Pipe-Genuine-Luxury.jpg\" \/>\n\t<meta property=\"og:image:width\" content=\"1500\" \/>\n\t<meta property=\"og:image:height\" content=\"1500\" \/>\n\t<meta property=\"og:image:type\" content=\"image\/jpeg\" \/>\n<meta name=\"twitter:card\" content=\"summary_large_image\" \/>\n<meta name=\"twitter:label1\" content=\"Tiempo de lectura\" \/>\n\t<meta name=\"twitter:data1\" content=\"2 minutos\" \/>\n<script type=\"application\/ld+json\" class=\"yoast-schema-graph\">{\"@context\":\"https:\/\/schema.org\",\"@graph\":[{\"@type\":\"WebPage\",\"@id\":\"https:\/\/global-hookah.com\/product\/medium-size-four-tube-acrylic-crystal-glass-hookah-set-wholesale\/\",\"url\":\"https:\/\/global-hookah.com\/product\/medium-size-four-tube-acrylic-crystal-glass-hookah-set-wholesale\/\",\"name\":\"Medium Size Four Tube Acrylic Crystal Glass Hookah Set Wholesale - Global Hookah\",\"isPartOf\":{\"@id\":\"https:\/\/global-hookah.com\/#website\"},\"primaryImageOfPage\":{\"@id\":\"https:\/\/global-hookah.com\/product\/medium-size-four-tube-acrylic-crystal-glass-hookah-set-wholesale\/#primaryimage\"},\"image\":{\"@id\":\"https:\/\/global-hookah.com\/product\/medium-size-four-tube-acrylic-crystal-glass-hookah-set-wholesale\/#primaryimage\"},\"thumbnailUrl\":\"https:\/\/global-hookah.com\/wp-content\/uploads\/2023\/05\/Medium-Size-Four-Tube-Acrylic-Crystal-Glass-Hookah-Set-Shisha-For-Smoking-Smok-Pipe-Genuine-Luxury.jpg\",\"datePublished\":\"2023-05-18T02:06:55+00:00\",\"dateModified\":\"2024-01-12T03:57:43+00:00\",\"breadcrumb\":{\"@id\":\"https:\/\/global-hookah.com\/product\/medium-size-four-tube-acrylic-crystal-glass-hookah-set-wholesale\/#breadcrumb\"},\"inLanguage\":\"es\",\"potentialAction\":[{\"@type\":\"ReadAction\",\"target\":[\"https:\/\/global-hookah.com\/product\/medium-size-four-tube-acrylic-crystal-glass-hookah-set-wholesale\/\"]}]},{\"@type\":\"ImageObject\",\"inLanguage\":\"es\",\"@id\":\"https:\/\/global-hookah.com\/product\/medium-size-four-tube-acrylic-crystal-glass-hookah-set-wholesale\/#primaryimage\",\"url\":\"https:\/\/global-hookah.com\/wp-content\/uploads\/2023\/05\/Medium-Size-Four-Tube-Acrylic-Crystal-Glass-Hookah-Set-Shisha-For-Smoking-Smok-Pipe-Genuine-Luxury.jpg\",\"contentUrl\":\"https:\/\/global-hookah.com\/wp-content\/uploads\/2023\/05\/Medium-Size-Four-Tube-Acrylic-Crystal-Glass-Hookah-Set-Shisha-For-Smoking-Smok-Pipe-Genuine-Luxury.jpg\",\"width\":1500,\"height\":1500,\"caption\":\"Medium Size Four Tube Acrylic Crystal Glass Hookah Set Wholesale\"},{\"@type\":\"BreadcrumbList\",\"@id\":\"https:\/\/global-hookah.com\/product\/medium-size-four-tube-acrylic-crystal-glass-hookah-set-wholesale\/#breadcrumb\",\"itemListElement\":[{\"@type\":\"ListItem\",\"position\":1,\"name\":\"Home\",\"item\":\"https:\/\/global-hookah.com\/\"},{\"@type\":\"ListItem\",\"position\":2,\"name\":\"Shop\",\"item\":\"https:\/\/global-hookah.com\/shop\/\"},{\"@type\":\"ListItem\",\"position\":3,\"name\":\"Medium Size Four Tube Acrylic Crystal Glass Hookah Set Wholesale\"}]},{\"@type\":\"WebSite\",\"@id\":\"https:\/\/global-hookah.com\/#website\",\"url\":\"https:\/\/global-hookah.com\/\",\"name\":\"Global Hookah\",\"description\":\"Global Hookah\",\"publisher\":{\"@id\":\"https:\/\/global-hookah.com\/#organization\"},\"potentialAction\":[{\"@type\":\"SearchAction\",\"target\":{\"@type\":\"EntryPoint\",\"urlTemplate\":\"https:\/\/global-hookah.com\/?s={search_term_string}\"},\"query-input\":{\"@type\":\"PropertyValueSpecification\",\"valueRequired\":true,\"valueName\":\"search_term_string\"}}],\"inLanguage\":\"es\"},{\"@type\":\"Organization\",\"@id\":\"https:\/\/global-hookah.com\/#organization\",\"name\":\"Global Hookah\",\"url\":\"https:\/\/global-hookah.com\/\",\"logo\":{\"@type\":\"ImageObject\",\"inLanguage\":\"es\",\"@id\":\"https:\/\/global-hookah.com\/#\/schema\/logo\/image\/\",\"url\":\"https:\/\/global-hookah.com\/wp-content\/uploads\/2021\/10\/cropped-fgg.png\",\"contentUrl\":\"https:\/\/global-hookah.com\/wp-content\/uploads\/2021\/10\/cropped-fgg.png\",\"width\":512,\"height\":512,\"caption\":\"Global Hookah\"},\"image\":{\"@id\":\"https:\/\/global-hookah.com\/#\/schema\/logo\/image\/\"}}]}<\/script>\n<!-- \/ Yoast SEO Premium plugin. -->","yoast_head_json":{"title":"Tama\u00f1o medio de cuatro tubos de cristal acr\u00edlico Hookah Set Venta al por mayor - Global Hookah","robots":{"index":"index","follow":"follow","max-snippet":"max-snippet:-1","max-image-preview":"max-image-preview:large","max-video-preview":"max-video-preview:-1"},"canonical":"https:\/\/global-hookah.com\/es\/producto\/medium-size-four-tube-acrylic-crystal-glass-hookah-set-wholesale\/","og_locale":"es_ES","og_type":"article","og_title":"Medium Size Four Tube Acrylic Crystal Glass Hookah Set Wholesale","og_description":"Style: simple and fashionable Can Support Customization Wholesale Can Be Supported Customized logo(Min. order 20 pieces) If you need wholesale hookah, please contact us by WhatsApp or email, and we will provide you with the wholesale price, our email is (muxiangpipe5@gmail.com)","og_url":"https:\/\/global-hookah.com\/es\/producto\/medium-size-four-tube-acrylic-crystal-glass-hookah-set-wholesale\/","og_site_name":"Global Hookah","article_modified_time":"2024-01-12T03:57:43+00:00","og_image":[{"width":1500,"height":1500,"url":"https:\/\/global-hookah.com\/wp-content\/uploads\/2023\/05\/Medium-Size-Four-Tube-Acrylic-Crystal-Glass-Hookah-Set-Shisha-For-Smoking-Smok-Pipe-Genuine-Luxury.jpg","type":"image\/jpeg"}],"twitter_card":"summary_large_image","twitter_misc":{"Tiempo de lectura":"2 minutos"},"schema":{"@context":"https:\/\/schema.org","@graph":[{"@type":"WebPage","@id":"https:\/\/global-hookah.com\/product\/medium-size-four-tube-acrylic-crystal-glass-hookah-set-wholesale\/","url":"https:\/\/global-hookah.com\/product\/medium-size-four-tube-acrylic-crystal-glass-hookah-set-wholesale\/","name":"Tama\u00f1o medio de cuatro tubos de cristal acr\u00edlico Hookah Set Venta al por mayor - Global Hookah","isPartOf":{"@id":"https:\/\/global-hookah.com\/#website"},"primaryImageOfPage":{"@id":"https:\/\/global-hookah.com\/product\/medium-size-four-tube-acrylic-crystal-glass-hookah-set-wholesale\/#primaryimage"},"image":{"@id":"https:\/\/global-hookah.com\/product\/medium-size-four-tube-acrylic-crystal-glass-hookah-set-wholesale\/#primaryimage"},"thumbnailUrl":"https:\/\/global-hookah.com\/wp-content\/uploads\/2023\/05\/Medium-Size-Four-Tube-Acrylic-Crystal-Glass-Hookah-Set-Shisha-For-Smoking-Smok-Pipe-Genuine-Luxury.jpg","datePublished":"2023-05-18T02:06:55+00:00","dateModified":"2024-01-12T03:57:43+00:00","breadcrumb":{"@id":"https:\/\/global-hookah.com\/product\/medium-size-four-tube-acrylic-crystal-glass-hookah-set-wholesale\/#breadcrumb"},"inLanguage":"es","potentialAction":[{"@type":"ReadAction","target":["https:\/\/global-hookah.com\/product\/medium-size-four-tube-acrylic-crystal-glass-hookah-set-wholesale\/"]}]},{"@type":"ImageObject","inLanguage":"es","@id":"https:\/\/global-hookah.com\/product\/medium-size-four-tube-acrylic-crystal-glass-hookah-set-wholesale\/#primaryimage","url":"https:\/\/global-hookah.com\/wp-content\/uploads\/2023\/05\/Medium-Size-Four-Tube-Acrylic-Crystal-Glass-Hookah-Set-Shisha-For-Smoking-Smok-Pipe-Genuine-Luxury.jpg","contentUrl":"https:\/\/global-hookah.com\/wp-content\/uploads\/2023\/05\/Medium-Size-Four-Tube-Acrylic-Crystal-Glass-Hookah-Set-Shisha-For-Smoking-Smok-Pipe-Genuine-Luxury.jpg","width":1500,"height":1500,"caption":"Medium Size Four Tube Acrylic Crystal Glass Hookah Set Wholesale"},{"@type":"BreadcrumbList","@id":"https:\/\/global-hookah.com\/product\/medium-size-four-tube-acrylic-crystal-glass-hookah-set-wholesale\/#breadcrumb","itemListElement":[{"@type":"ListItem","position":1,"name":"Home","item":"https:\/\/global-hookah.com\/"},{"@type":"ListItem","position":2,"name":"Shop","item":"https:\/\/global-hookah.com\/shop\/"},{"@type":"ListItem","position":3,"name":"Medium Size Four Tube Acrylic Crystal Glass Hookah Set Wholesale"}]},{"@type":"WebSite","@id":"https:\/\/global-hookah.com\/#website","url":"https:\/\/global-hookah.com\/","name":"Global Hookah","description":"Global Hookah","publisher":{"@id":"https:\/\/global-hookah.com\/#organization"},"potentialAction":[{"@type":"SearchAction","target":{"@type":"EntryPoint","urlTemplate":"https:\/\/global-hookah.com\/?s={search_term_string}"},"query-input":{"@type":"PropertyValueSpecification","valueRequired":true,"valueName":"search_term_string"}}],"inLanguage":"es"},{"@type":"Organization","@id":"https:\/\/global-hookah.com\/#organization","name":"Global Hookah","url":"https:\/\/global-hookah.com\/","logo":{"@type":"ImageObject","inLanguage":"es","@id":"https:\/\/global-hookah.com\/#\/schema\/logo\/image\/","url":"https:\/\/global-hookah.com\/wp-content\/uploads\/2021\/10\/cropped-fgg.png","contentUrl":"https:\/\/global-hookah.com\/wp-content\/uploads\/2021\/10\/cropped-fgg.png","width":512,"height":512,"caption":"Global Hookah"},"image":{"@id":"https:\/\/global-hookah.com\/#\/schema\/logo\/image\/"}}]}},"_links":{"self":[{"href":"https:\/\/global-hookah.com\/es\/wp-json\/wp\/v2\/product\/11842","targetHints":{"allow":["GET"]}}],"collection":[{"href":"https:\/\/global-hookah.com\/es\/wp-json\/wp\/v2\/product"}],"about":[{"href":"https:\/\/global-hookah.com\/es\/wp-json\/wp\/v2\/types\/product"}],"replies":[{"embeddable":true,"href":"https:\/\/global-hookah.com\/es\/wp-json\/wp\/v2\/comments?post=11842"}],"version-history":[{"count":0,"href":"https:\/\/global-hookah.com\/es\/wp-json\/wp\/v2\/product\/11842\/revisions"}],"wp:featuredmedia":[{"embeddable":true,"href":"https:\/\/global-hookah.com\/es\/wp-json\/wp\/v2\/media\/11843"}],"wp:attachment":[{"href":"https:\/\/global-hookah.com\/es\/wp-json\/wp\/v2\/media?parent=11842"}],"wp:term":[{"taxonomy":"product_brand","embeddable":true,"href":"https:\/\/global-hookah.com\/es\/wp-json\/wp\/v2\/product_brand?post=11842"},{"taxonomy":"product_cat","embeddable":true,"href":"https:\/\/global-hookah.com\/es\/wp-json\/wp\/v2\/product_cat?post=11842"},{"taxonomy":"product_tag","embeddable":true,"href":"https:\/\/global-hookah.com\/es\/wp-json\/wp\/v2\/product_tag?post=11842"}],"curies":[{"name":"wp","href":"https:\/\/api.w.org\/{rel}","templated":true}]}}