{"id":11853,"date":"2023-05-18T02:08:22","date_gmt":"2023-05-18T02:08:22","guid":{"rendered":"https:\/\/global-hookah.com\/product\/easy-hookah-with-glass-base-wholesale\/"},"modified":"2024-01-12T03:57:42","modified_gmt":"2024-01-12T03:57:42","slug":"easy-hookah-with-glass-base-wholesale","status":"publish","type":"product","link":"https:\/\/global-hookah.com\/es\/producto\/easy-hookah-with-glass-base-wholesale\/","title":{"rendered":"Narguile f\u00e1cil con base de cristal al por mayor"},"content":{"rendered":"<p>Si desea <strong>Vende al por mayor este narguile de cristal Easy<\/strong>, P\u00f3ngase en contacto con nosotros. <strong>Hookah F\u00e1cil Con Base De Vidrio Al Por Mayor<\/strong> se puede utilizar para fumar shisha, tabaco, hierbas y otras sustancias que se fuman a trav\u00e9s de una pipa. Viene con una base de cristal, que le da un aspecto m\u00e1s moderno y bonito. El Easy Hookah tambi\u00e9n viene con un ojal de goma en el <a href=\"https:\/\/global-hookah.com\/product-category\/hookah-parts\/\">manguera<\/a> para que pueda encajar f\u00e1cilmente en la base de la tuber\u00eda. Tambi\u00e9n puede utilizar este<strong> Hookah F\u00e1cil Con Base De Vidrio Al Por Mayor<\/strong> en fiestas y otros actos donde se re\u00fana la gente.<\/p>\n<p>La pipa narguile est\u00e1 hecha de vidrio o acero inoxidable, aluminio anodizado. Consta de tres partes: una cazoleta (donde se coloca el tabaco), un tubo (por donde viaja el humo) y una boquilla. La cazoleta de este narguile es muy grande, puedes absorberlo con dos o tres compa\u00f1eros al mismo tiempo<span style=\"color: #000000; font-family: OpenSans; font-size: 14px; white-space: pre-wrap;\">.<\/span><\/p>\n<div class=\"detailmodule_text\">\n<p class=\"detail-desc-decorate-content\" style=\"font-family: OpenSans; font-size: 14px; font-weight: 300; line-height: 20px; white-space: pre-wrap; color: #000000; margin-bottom: 12px;\">\n<\/div>\n<div class=\"detailmodule_image\"><img decoding=\"async\" class=\"detail-desc-decorate-image\" style=\"margin-bottom: 10px;\" src=\"https:\/\/ae01.alicdn.com\/kf\/H00bd5d79cb3e4fe1b4be43c363e074cdc.jpg\" \/><\/div>\n<div class=\"detailmodule_image\">\n<p>Estas bases se fabrican con un proceso de tratamiento especial. Este proceso de tratamiento hace que el vidrio tenga una gran transparencia y coloraci\u00f3n, lo que le confiere un aspecto muy bello. El aspecto de este tipo de base es similar al de un amortiguador, y sus materiales y procesos de fabricaci\u00f3n son incre\u00edbles.<\/p>\n<p>Nosotros <a href=\"https:\/\/global-hookah.com\/product-category\/hookahs\/wholesale-hookah\/\">venta al por mayor de todos los estilos de Hookahs<\/a>, Desde peque\u00f1os narguiles manuales de una sola manguera hasta grandes narguiles de sobremesa con m\u00faltiples mangueras. Si est\u00e1 buscando un proveedor mayorista de narguiles, \u00a1estamos aqu\u00ed para ayudarle a encontrar lo que necesita!<\/p>\n<div class=\"detailmodule_text\">\n<p class=\"detail-desc-decorate-content\" style=\"font-family: OpenSans; font-size: 14px; font-weight: 300; line-height: 20px; white-space: pre-wrap; color: #000000; margin-bottom: 12px;\">Adem\u00e1s de su dise\u00f1o y materiales, destacan las mejores prestaciones que podemos encontrar en los narguiles. Cuenta con un sistema de escape ascendente que recorre todo el m\u00e1stil, y tres rejillas de ventilaci\u00f3n atraviesan la c\u00e1mara para conseguir efectos \u00fanicos. El sistema de sujeci\u00f3n est\u00e1 hecho con una junta de goma y el conector de la manguera est\u00e1 imantado, consiguiendo as\u00ed una fijaci\u00f3n perfecta sin riesgo de que la manguera se caiga.<\/p>\n<\/div>\n<p><img decoding=\"async\" class=\"detail-desc-decorate-image\" src=\"https:\/\/ae01.alicdn.com\/kf\/H724ade604e3b490198c3876cb5f74f4an.jpg\" \/><img decoding=\"async\" class=\"detail-desc-decorate-image\" src=\"https:\/\/ae01.alicdn.com\/kf\/H1464006bdade4922a22b100759d5eec8e.jpg\" \/><img decoding=\"async\" class=\"detail-desc-decorate-image\" src=\"https:\/\/ae01.alicdn.com\/kf\/H4a4c1edd729c44e1ae0b256044431d7fQ.jpg\" \/><img decoding=\"async\" class=\"detail-desc-decorate-image\" src=\"https:\/\/ae01.alicdn.com\/kf\/H2795b16c3ea3487ab18451adaa6a3f723.jpg\" \/><img decoding=\"async\" class=\"detail-desc-decorate-image\" src=\"https:\/\/ae01.alicdn.com\/kf\/Hc3a3f363ddb54a639103141f7355ec8dJ.jpg\" \/><img decoding=\"async\" class=\"detail-desc-decorate-image\" src=\"https:\/\/ae01.alicdn.com\/kf\/H02f3e6e10edc4f75897cde464be5231f5.jpg\" \/><img decoding=\"async\" class=\"detail-desc-decorate-image\" src=\"https:\/\/ae01.alicdn.com\/kf\/H23bbe520d1a2470e9a3838ce25a7ce27S.jpg\" \/><img decoding=\"async\" class=\"detail-desc-decorate-image\" src=\"https:\/\/ae01.alicdn.com\/kf\/H3dee3d50d06d4ca1b966f125fa49b9f2W.jpg\" \/><img decoding=\"async\" class=\"detail-desc-decorate-image\" src=\"https:\/\/ae01.alicdn.com\/kf\/H55c5816eb9024f41af4ce2588c5361d7L.jpg\" \/><\/p>\n<\/div>\n<p>&nbsp;<\/p>","protected":false},"excerpt":{"rendered":"<p>Estilo: sencillo y a la moda<br \/>\nAdmite personalizaci\u00f3n<br \/>\nSe puede apoyar la venta al por mayor<br \/>\nLogotipo personalizado (pedido m\u00edn. 20 unidades)<br \/>\nSi necesita hookah al por mayor, p\u00f3ngase en contacto con nosotros por WhatsApp o correo electr\u00f3nico, y le proporcionaremos el precio al por mayor, nuestro correo electr\u00f3nico es (muxiangpipe5@gmail.com)<\/p>","protected":false},"featured_media":11854,"comment_status":"open","ping_status":"closed","template":"","meta":{"iawp_total_views":11,"_joinchat":[]},"product_brand":[],"product_cat":[560,119],"product_tag":[],"class_list":{"0":"post-11853","1":"product","2":"type-product","3":"status-publish","4":"has-post-thumbnail","6":"product_cat-glass-hookah-wholesale","7":"product_cat-wholesale-hookah","9":"first","10":"instock","11":"shipping-taxable","12":"purchasable","13":"product-type-simple"},"yoast_head":"<!-- This site is optimized with the Yoast SEO Premium plugin v24.7 (Yoast SEO v26.8) - https:\/\/yoast.com\/product\/yoast-seo-premium-wordpress\/ -->\n<title>Easy hookah with glass base wholesale - Global Hookah<\/title>\n<meta name=\"robots\" content=\"index, follow, max-snippet:-1, max-image-preview:large, max-video-preview:-1\" \/>\n<link rel=\"canonical\" href=\"https:\/\/global-hookah.com\/es\/producto\/easy-hookah-with-glass-base-wholesale\/\" \/>\n<meta property=\"og:locale\" content=\"es_ES\" \/>\n<meta property=\"og:type\" content=\"article\" \/>\n<meta property=\"og:title\" content=\"Easy hookah with glass base wholesale\" \/>\n<meta property=\"og:description\" content=\"Style: simple and fashionable Can Support Customization Wholesale Can Be Supported Customized logo(Min. order 20 pieces) If you need wholesale hookah, please contact us by WhatsApp or email, and we will provide you with the wholesale price, our email is (muxiangpipe5@gmail.com)\" \/>\n<meta property=\"og:url\" content=\"https:\/\/global-hookah.com\/es\/producto\/easy-hookah-with-glass-base-wholesale\/\" \/>\n<meta property=\"og:site_name\" content=\"Global Hookah\" \/>\n<meta property=\"article:modified_time\" content=\"2024-01-12T03:57:42+00:00\" \/>\n<meta property=\"og:image\" content=\"https:\/\/global-hookah.com\/wp-content\/uploads\/2023\/05\/New-Styles-Shi-Carver-Easy-hookah-with-glass-base-Nargile-Sheesha-Narguile-Chicha-Cachimbas-Shisha-set.jpg\" \/>\n\t<meta property=\"og:image:width\" content=\"1000\" \/>\n\t<meta property=\"og:image:height\" content=\"1000\" \/>\n\t<meta property=\"og:image:type\" content=\"image\/jpeg\" \/>\n<meta name=\"twitter:card\" content=\"summary_large_image\" \/>\n<meta name=\"twitter:label1\" content=\"Tiempo de lectura\" \/>\n\t<meta name=\"twitter:data1\" content=\"4 minutos\" \/>\n<script type=\"application\/ld+json\" class=\"yoast-schema-graph\">{\"@context\":\"https:\/\/schema.org\",\"@graph\":[{\"@type\":\"WebPage\",\"@id\":\"https:\/\/global-hookah.com\/product\/easy-hookah-with-glass-base-wholesale\/\",\"url\":\"https:\/\/global-hookah.com\/product\/easy-hookah-with-glass-base-wholesale\/\",\"name\":\"Easy hookah with glass base wholesale - Global Hookah\",\"isPartOf\":{\"@id\":\"https:\/\/global-hookah.com\/#website\"},\"primaryImageOfPage\":{\"@id\":\"https:\/\/global-hookah.com\/product\/easy-hookah-with-glass-base-wholesale\/#primaryimage\"},\"image\":{\"@id\":\"https:\/\/global-hookah.com\/product\/easy-hookah-with-glass-base-wholesale\/#primaryimage\"},\"thumbnailUrl\":\"https:\/\/global-hookah.com\/wp-content\/uploads\/2023\/05\/New-Styles-Shi-Carver-Easy-hookah-with-glass-base-Nargile-Sheesha-Narguile-Chicha-Cachimbas-Shisha-set.jpg\",\"datePublished\":\"2023-05-18T02:08:22+00:00\",\"dateModified\":\"2024-01-12T03:57:42+00:00\",\"breadcrumb\":{\"@id\":\"https:\/\/global-hookah.com\/product\/easy-hookah-with-glass-base-wholesale\/#breadcrumb\"},\"inLanguage\":\"es\",\"potentialAction\":[{\"@type\":\"ReadAction\",\"target\":[\"https:\/\/global-hookah.com\/product\/easy-hookah-with-glass-base-wholesale\/\"]}]},{\"@type\":\"ImageObject\",\"inLanguage\":\"es\",\"@id\":\"https:\/\/global-hookah.com\/product\/easy-hookah-with-glass-base-wholesale\/#primaryimage\",\"url\":\"https:\/\/global-hookah.com\/wp-content\/uploads\/2023\/05\/New-Styles-Shi-Carver-Easy-hookah-with-glass-base-Nargile-Sheesha-Narguile-Chicha-Cachimbas-Shisha-set.jpg\",\"contentUrl\":\"https:\/\/global-hookah.com\/wp-content\/uploads\/2023\/05\/New-Styles-Shi-Carver-Easy-hookah-with-glass-base-Nargile-Sheesha-Narguile-Chicha-Cachimbas-Shisha-set.jpg\",\"width\":1000,\"height\":1000},{\"@type\":\"BreadcrumbList\",\"@id\":\"https:\/\/global-hookah.com\/product\/easy-hookah-with-glass-base-wholesale\/#breadcrumb\",\"itemListElement\":[{\"@type\":\"ListItem\",\"position\":1,\"name\":\"Home\",\"item\":\"https:\/\/global-hookah.com\/\"},{\"@type\":\"ListItem\",\"position\":2,\"name\":\"Shop\",\"item\":\"https:\/\/global-hookah.com\/shop\/\"},{\"@type\":\"ListItem\",\"position\":3,\"name\":\"Easy hookah with glass base wholesale\"}]},{\"@type\":\"WebSite\",\"@id\":\"https:\/\/global-hookah.com\/#website\",\"url\":\"https:\/\/global-hookah.com\/\",\"name\":\"Global Hookah\",\"description\":\"Global Hookah\",\"publisher\":{\"@id\":\"https:\/\/global-hookah.com\/#organization\"},\"potentialAction\":[{\"@type\":\"SearchAction\",\"target\":{\"@type\":\"EntryPoint\",\"urlTemplate\":\"https:\/\/global-hookah.com\/?s={search_term_string}\"},\"query-input\":{\"@type\":\"PropertyValueSpecification\",\"valueRequired\":true,\"valueName\":\"search_term_string\"}}],\"inLanguage\":\"es\"},{\"@type\":\"Organization\",\"@id\":\"https:\/\/global-hookah.com\/#organization\",\"name\":\"Global Hookah\",\"url\":\"https:\/\/global-hookah.com\/\",\"logo\":{\"@type\":\"ImageObject\",\"inLanguage\":\"es\",\"@id\":\"https:\/\/global-hookah.com\/#\/schema\/logo\/image\/\",\"url\":\"https:\/\/global-hookah.com\/wp-content\/uploads\/2021\/10\/cropped-fgg.png\",\"contentUrl\":\"https:\/\/global-hookah.com\/wp-content\/uploads\/2021\/10\/cropped-fgg.png\",\"width\":512,\"height\":512,\"caption\":\"Global Hookah\"},\"image\":{\"@id\":\"https:\/\/global-hookah.com\/#\/schema\/logo\/image\/\"}}]}<\/script>\n<!-- \/ Yoast SEO Premium plugin. -->","yoast_head_json":{"title":"F\u00e1cil hookah con base de cristal al por mayor - Global Hookah","robots":{"index":"index","follow":"follow","max-snippet":"max-snippet:-1","max-image-preview":"max-image-preview:large","max-video-preview":"max-video-preview:-1"},"canonical":"https:\/\/global-hookah.com\/es\/producto\/easy-hookah-with-glass-base-wholesale\/","og_locale":"es_ES","og_type":"article","og_title":"Easy hookah with glass base wholesale","og_description":"Style: simple and fashionable Can Support Customization Wholesale Can Be Supported Customized logo(Min. order 20 pieces) If you need wholesale hookah, please contact us by WhatsApp or email, and we will provide you with the wholesale price, our email is (muxiangpipe5@gmail.com)","og_url":"https:\/\/global-hookah.com\/es\/producto\/easy-hookah-with-glass-base-wholesale\/","og_site_name":"Global Hookah","article_modified_time":"2024-01-12T03:57:42+00:00","og_image":[{"width":1000,"height":1000,"url":"https:\/\/global-hookah.com\/wp-content\/uploads\/2023\/05\/New-Styles-Shi-Carver-Easy-hookah-with-glass-base-Nargile-Sheesha-Narguile-Chicha-Cachimbas-Shisha-set.jpg","type":"image\/jpeg"}],"twitter_card":"summary_large_image","twitter_misc":{"Tiempo de lectura":"4 minutos"},"schema":{"@context":"https:\/\/schema.org","@graph":[{"@type":"WebPage","@id":"https:\/\/global-hookah.com\/product\/easy-hookah-with-glass-base-wholesale\/","url":"https:\/\/global-hookah.com\/product\/easy-hookah-with-glass-base-wholesale\/","name":"F\u00e1cil hookah con base de cristal al por mayor - Global Hookah","isPartOf":{"@id":"https:\/\/global-hookah.com\/#website"},"primaryImageOfPage":{"@id":"https:\/\/global-hookah.com\/product\/easy-hookah-with-glass-base-wholesale\/#primaryimage"},"image":{"@id":"https:\/\/global-hookah.com\/product\/easy-hookah-with-glass-base-wholesale\/#primaryimage"},"thumbnailUrl":"https:\/\/global-hookah.com\/wp-content\/uploads\/2023\/05\/New-Styles-Shi-Carver-Easy-hookah-with-glass-base-Nargile-Sheesha-Narguile-Chicha-Cachimbas-Shisha-set.jpg","datePublished":"2023-05-18T02:08:22+00:00","dateModified":"2024-01-12T03:57:42+00:00","breadcrumb":{"@id":"https:\/\/global-hookah.com\/product\/easy-hookah-with-glass-base-wholesale\/#breadcrumb"},"inLanguage":"es","potentialAction":[{"@type":"ReadAction","target":["https:\/\/global-hookah.com\/product\/easy-hookah-with-glass-base-wholesale\/"]}]},{"@type":"ImageObject","inLanguage":"es","@id":"https:\/\/global-hookah.com\/product\/easy-hookah-with-glass-base-wholesale\/#primaryimage","url":"https:\/\/global-hookah.com\/wp-content\/uploads\/2023\/05\/New-Styles-Shi-Carver-Easy-hookah-with-glass-base-Nargile-Sheesha-Narguile-Chicha-Cachimbas-Shisha-set.jpg","contentUrl":"https:\/\/global-hookah.com\/wp-content\/uploads\/2023\/05\/New-Styles-Shi-Carver-Easy-hookah-with-glass-base-Nargile-Sheesha-Narguile-Chicha-Cachimbas-Shisha-set.jpg","width":1000,"height":1000},{"@type":"BreadcrumbList","@id":"https:\/\/global-hookah.com\/product\/easy-hookah-with-glass-base-wholesale\/#breadcrumb","itemListElement":[{"@type":"ListItem","position":1,"name":"Home","item":"https:\/\/global-hookah.com\/"},{"@type":"ListItem","position":2,"name":"Shop","item":"https:\/\/global-hookah.com\/shop\/"},{"@type":"ListItem","position":3,"name":"Easy hookah with glass base wholesale"}]},{"@type":"WebSite","@id":"https:\/\/global-hookah.com\/#website","url":"https:\/\/global-hookah.com\/","name":"Global Hookah","description":"Global Hookah","publisher":{"@id":"https:\/\/global-hookah.com\/#organization"},"potentialAction":[{"@type":"SearchAction","target":{"@type":"EntryPoint","urlTemplate":"https:\/\/global-hookah.com\/?s={search_term_string}"},"query-input":{"@type":"PropertyValueSpecification","valueRequired":true,"valueName":"search_term_string"}}],"inLanguage":"es"},{"@type":"Organization","@id":"https:\/\/global-hookah.com\/#organization","name":"Global Hookah","url":"https:\/\/global-hookah.com\/","logo":{"@type":"ImageObject","inLanguage":"es","@id":"https:\/\/global-hookah.com\/#\/schema\/logo\/image\/","url":"https:\/\/global-hookah.com\/wp-content\/uploads\/2021\/10\/cropped-fgg.png","contentUrl":"https:\/\/global-hookah.com\/wp-content\/uploads\/2021\/10\/cropped-fgg.png","width":512,"height":512,"caption":"Global Hookah"},"image":{"@id":"https:\/\/global-hookah.com\/#\/schema\/logo\/image\/"}}]}},"_links":{"self":[{"href":"https:\/\/global-hookah.com\/es\/wp-json\/wp\/v2\/product\/11853","targetHints":{"allow":["GET"]}}],"collection":[{"href":"https:\/\/global-hookah.com\/es\/wp-json\/wp\/v2\/product"}],"about":[{"href":"https:\/\/global-hookah.com\/es\/wp-json\/wp\/v2\/types\/product"}],"replies":[{"embeddable":true,"href":"https:\/\/global-hookah.com\/es\/wp-json\/wp\/v2\/comments?post=11853"}],"version-history":[{"count":0,"href":"https:\/\/global-hookah.com\/es\/wp-json\/wp\/v2\/product\/11853\/revisions"}],"wp:featuredmedia":[{"embeddable":true,"href":"https:\/\/global-hookah.com\/es\/wp-json\/wp\/v2\/media\/11854"}],"wp:attachment":[{"href":"https:\/\/global-hookah.com\/es\/wp-json\/wp\/v2\/media?parent=11853"}],"wp:term":[{"taxonomy":"product_brand","embeddable":true,"href":"https:\/\/global-hookah.com\/es\/wp-json\/wp\/v2\/product_brand?post=11853"},{"taxonomy":"product_cat","embeddable":true,"href":"https:\/\/global-hookah.com\/es\/wp-json\/wp\/v2\/product_cat?post=11853"},{"taxonomy":"product_tag","embeddable":true,"href":"https:\/\/global-hookah.com\/es\/wp-json\/wp\/v2\/product_tag?post=11853"}],"curies":[{"name":"wp","href":"https:\/\/api.w.org\/{rel}","templated":true}]}}