{"id":12001,"date":"2023-05-23T13:56:43","date_gmt":"2023-05-23T13:56:43","guid":{"rendered":"https:\/\/global-hookah.com\/product\/2-hoses-prime-hookah-wholesale\/"},"modified":"2023-06-18T07:44:28","modified_gmt":"2023-06-18T07:44:28","slug":"2-hoses-prime-hookah-wholesale","status":"publish","type":"product","link":"https:\/\/global-hookah.com\/es\/producto\/2-hoses-prime-hookah-wholesale\/","title":{"rendered":"2 Mangueras Prime Hookah al por mayor"},"content":{"rendered":"<p>Este <strong>2 Mangueras Prime Hookah<\/strong> ha sido construida con acero inoxidable y aluminio de primera calidad para una mayor durabilidad y una bella apariencia. Su tama\u00f1o casi se asemeja al de un narguile t\u00edpico, lo que le permite fumar con estilo sin sacrificar su dise\u00f1o distintivo. Para disipar sus preocupaciones sobre la resistencia del producto, hemos mejorado el dise\u00f1o de la conexi\u00f3n de la pipa para una mayor estabilidad y hemos empleado materiales de sellado de alta calidad. Para garantizarle una experiencia de fumado superior, tanto si fuma solo como con amigos, tambi\u00e9n hemos alargado la longitud de la pipa. <a href=\"https:\/\/global-hookah.com\/\">narguile<\/a> mangueras y en Hanced la calidad del carb\u00f3n vegetal. Se aplica un estricto control de calidad a cada <strong>Set de narguile de lujo<\/strong> para garantizar que el producto final que reciba sea impecable. Puede tener un estilo de vida superior gracias a los 2 <strong>Mangueras Prime Hookah al por mayor<\/strong>.<\/p>\n<p>Si necesita <strong>mayorista este 2 Mangueras Prime Hookah<\/strong>P\u00f3ngase en contacto con nosotros a tiempo<\/p>\n<div class=\"detailmodule_html\">\n<div class=\"detail-desc-decorate-richtext\">\n<div>\n<div>\n<div>\n<div>\n<div>\n<div>\n<p><img decoding=\"async\" src=\"https:\/\/ae01.alicdn.com\/kf\/S5002ea9b14a14733adc3c5845776054c7.jpg\" \/><img decoding=\"async\" src=\"https:\/\/ae01.alicdn.com\/kf\/S48a2ef96dc32495db5f45b08d02c58edI.jpg\" \/><img decoding=\"async\" src=\"https:\/\/ae01.alicdn.com\/kf\/Sc3a0128e6ff14c108807a13ca401cad9Q.jpg\" \/><img decoding=\"async\" src=\"https:\/\/ae01.alicdn.com\/kf\/S719cfea211824e6e93af66039be892e5Y.jpg\" \/><img decoding=\"async\" src=\"https:\/\/ae01.alicdn.com\/kf\/S5e9ced5a35054d03b56b2f916e73e0dbD.jpg\" \/><img decoding=\"async\" src=\"https:\/\/ae01.alicdn.com\/kf\/S731fd0001f614631b9962ff9b91b2fdeo.jpg\" \/><img decoding=\"async\" src=\"https:\/\/ae01.alicdn.com\/kf\/Sb531d86d05a4445a9e11eb1a0a7b2747b.jpg\" \/><img decoding=\"async\" src=\"https:\/\/ae01.alicdn.com\/kf\/Sa224d4c8031a4842b35d7902efb4a111a.jpg\" \/><\/p>\n<p><img decoding=\"async\" src=\"https:\/\/ae01.alicdn.com\/kf\/H0982bec1f89643ea928b461ecb2d84f2l.jpg\" \/><\/p>\n<\/div>\n<\/div>\n<\/div>\n<\/div>\n<\/div>\n<\/div>\n<\/div>\n<\/div>\n<p>&nbsp;<\/p>","protected":false},"excerpt":{"rendered":"<p>Este 2 Mangueras Prime Hookah ha sido construido con acero inoxidable de primera calidad y aluminio para una mayor durabilidad y una hermosa<\/p>","protected":false},"featured_media":12002,"comment_status":"open","ping_status":"closed","template":"","meta":{"iawp_total_views":6,"_joinchat":[]},"product_brand":[],"product_cat":[119],"product_tag":[],"class_list":{"0":"post-12001","1":"product","2":"type-product","3":"status-publish","4":"has-post-thumbnail","6":"product_cat-wholesale-hookah","8":"first","9":"instock","10":"shipping-taxable","11":"purchasable","12":"product-type-variable"},"yoast_head":"<!-- This site is optimized with the Yoast SEO Premium plugin v24.7 (Yoast SEO v26.8) - https:\/\/yoast.com\/product\/yoast-seo-premium-wordpress\/ -->\n<title>2 Hoses Prime Hookah Wholesale - Global Hookah<\/title>\n<meta name=\"robots\" content=\"index, follow, max-snippet:-1, max-image-preview:large, max-video-preview:-1\" \/>\n<link rel=\"canonical\" href=\"https:\/\/global-hookah.com\/es\/producto\/2-hoses-prime-hookah-wholesale\/\" \/>\n<meta property=\"og:locale\" content=\"es_ES\" \/>\n<meta property=\"og:type\" content=\"article\" \/>\n<meta property=\"og:title\" content=\"2 Hoses Prime Hookah Wholesale\" \/>\n<meta property=\"og:description\" content=\"This 2 Hoses Prime Hookah has been built with premium stainless steel and aluminum for increased durability and a beautiful\" \/>\n<meta property=\"og:url\" content=\"https:\/\/global-hookah.com\/es\/producto\/2-hoses-prime-hookah-wholesale\/\" \/>\n<meta property=\"og:site_name\" content=\"Global Hookah\" \/>\n<meta property=\"article:modified_time\" content=\"2023-06-18T07:44:28+00:00\" \/>\n<meta property=\"og:image\" content=\"https:\/\/global-hookah.com\/wp-content\/uploads\/2023\/05\/New-2-Hoses-Glass-Hookah-Pipe-Shisha-Pipa-Narguile-Completo-Nargile-Hooka-Chicha-Cachimba-Sisha-Smoking.jpg\" \/>\n\t<meta property=\"og:image:width\" content=\"1000\" \/>\n\t<meta property=\"og:image:height\" content=\"1000\" \/>\n\t<meta property=\"og:image:type\" content=\"image\/jpeg\" \/>\n<meta name=\"twitter:card\" content=\"summary_large_image\" \/>\n<meta name=\"twitter:label1\" content=\"Tiempo de lectura\" \/>\n\t<meta name=\"twitter:data1\" content=\"3 minutos\" \/>\n<script type=\"application\/ld+json\" class=\"yoast-schema-graph\">{\"@context\":\"https:\/\/schema.org\",\"@graph\":[{\"@type\":\"WebPage\",\"@id\":\"https:\/\/global-hookah.com\/product\/2-hoses-prime-hookah-wholesale\/\",\"url\":\"https:\/\/global-hookah.com\/product\/2-hoses-prime-hookah-wholesale\/\",\"name\":\"2 Hoses Prime Hookah Wholesale - Global Hookah\",\"isPartOf\":{\"@id\":\"https:\/\/global-hookah.com\/#website\"},\"primaryImageOfPage\":{\"@id\":\"https:\/\/global-hookah.com\/product\/2-hoses-prime-hookah-wholesale\/#primaryimage\"},\"image\":{\"@id\":\"https:\/\/global-hookah.com\/product\/2-hoses-prime-hookah-wholesale\/#primaryimage\"},\"thumbnailUrl\":\"https:\/\/global-hookah.com\/wp-content\/uploads\/2023\/05\/New-2-Hoses-Glass-Hookah-Pipe-Shisha-Pipa-Narguile-Completo-Nargile-Hooka-Chicha-Cachimba-Sisha-Smoking.jpg\",\"datePublished\":\"2023-05-23T13:56:43+00:00\",\"dateModified\":\"2023-06-18T07:44:28+00:00\",\"breadcrumb\":{\"@id\":\"https:\/\/global-hookah.com\/product\/2-hoses-prime-hookah-wholesale\/#breadcrumb\"},\"inLanguage\":\"es\",\"potentialAction\":[{\"@type\":\"ReadAction\",\"target\":[\"https:\/\/global-hookah.com\/product\/2-hoses-prime-hookah-wholesale\/\"]}]},{\"@type\":\"ImageObject\",\"inLanguage\":\"es\",\"@id\":\"https:\/\/global-hookah.com\/product\/2-hoses-prime-hookah-wholesale\/#primaryimage\",\"url\":\"https:\/\/global-hookah.com\/wp-content\/uploads\/2023\/05\/New-2-Hoses-Glass-Hookah-Pipe-Shisha-Pipa-Narguile-Completo-Nargile-Hooka-Chicha-Cachimba-Sisha-Smoking.jpg\",\"contentUrl\":\"https:\/\/global-hookah.com\/wp-content\/uploads\/2023\/05\/New-2-Hoses-Glass-Hookah-Pipe-Shisha-Pipa-Narguile-Completo-Nargile-Hooka-Chicha-Cachimba-Sisha-Smoking.jpg\",\"width\":1000,\"height\":1000,\"caption\":\"2 Hoses Prime Hookah Wholesale\"},{\"@type\":\"BreadcrumbList\",\"@id\":\"https:\/\/global-hookah.com\/product\/2-hoses-prime-hookah-wholesale\/#breadcrumb\",\"itemListElement\":[{\"@type\":\"ListItem\",\"position\":1,\"name\":\"Home\",\"item\":\"https:\/\/global-hookah.com\/\"},{\"@type\":\"ListItem\",\"position\":2,\"name\":\"Shop\",\"item\":\"https:\/\/global-hookah.com\/shop\/\"},{\"@type\":\"ListItem\",\"position\":3,\"name\":\"2 Hoses Prime Hookah Wholesale\"}]},{\"@type\":\"WebSite\",\"@id\":\"https:\/\/global-hookah.com\/#website\",\"url\":\"https:\/\/global-hookah.com\/\",\"name\":\"Global Hookah\",\"description\":\"Global Hookah\",\"publisher\":{\"@id\":\"https:\/\/global-hookah.com\/#organization\"},\"potentialAction\":[{\"@type\":\"SearchAction\",\"target\":{\"@type\":\"EntryPoint\",\"urlTemplate\":\"https:\/\/global-hookah.com\/?s={search_term_string}\"},\"query-input\":{\"@type\":\"PropertyValueSpecification\",\"valueRequired\":true,\"valueName\":\"search_term_string\"}}],\"inLanguage\":\"es\"},{\"@type\":\"Organization\",\"@id\":\"https:\/\/global-hookah.com\/#organization\",\"name\":\"Global Hookah\",\"url\":\"https:\/\/global-hookah.com\/\",\"logo\":{\"@type\":\"ImageObject\",\"inLanguage\":\"es\",\"@id\":\"https:\/\/global-hookah.com\/#\/schema\/logo\/image\/\",\"url\":\"https:\/\/global-hookah.com\/wp-content\/uploads\/2021\/10\/cropped-fgg.png\",\"contentUrl\":\"https:\/\/global-hookah.com\/wp-content\/uploads\/2021\/10\/cropped-fgg.png\",\"width\":512,\"height\":512,\"caption\":\"Global Hookah\"},\"image\":{\"@id\":\"https:\/\/global-hookah.com\/#\/schema\/logo\/image\/\"}}]}<\/script>\n<!-- \/ Yoast SEO Premium plugin. -->","yoast_head_json":{"title":"2 Mangueras Prime Hookah al por mayor - Global Hookah","robots":{"index":"index","follow":"follow","max-snippet":"max-snippet:-1","max-image-preview":"max-image-preview:large","max-video-preview":"max-video-preview:-1"},"canonical":"https:\/\/global-hookah.com\/es\/producto\/2-hoses-prime-hookah-wholesale\/","og_locale":"es_ES","og_type":"article","og_title":"2 Hoses Prime Hookah Wholesale","og_description":"This 2 Hoses Prime Hookah has been built with premium stainless steel and aluminum for increased durability and a beautiful","og_url":"https:\/\/global-hookah.com\/es\/producto\/2-hoses-prime-hookah-wholesale\/","og_site_name":"Global Hookah","article_modified_time":"2023-06-18T07:44:28+00:00","og_image":[{"width":1000,"height":1000,"url":"https:\/\/global-hookah.com\/wp-content\/uploads\/2023\/05\/New-2-Hoses-Glass-Hookah-Pipe-Shisha-Pipa-Narguile-Completo-Nargile-Hooka-Chicha-Cachimba-Sisha-Smoking.jpg","type":"image\/jpeg"}],"twitter_card":"summary_large_image","twitter_misc":{"Tiempo de lectura":"3 minutos"},"schema":{"@context":"https:\/\/schema.org","@graph":[{"@type":"WebPage","@id":"https:\/\/global-hookah.com\/product\/2-hoses-prime-hookah-wholesale\/","url":"https:\/\/global-hookah.com\/product\/2-hoses-prime-hookah-wholesale\/","name":"2 Mangueras Prime Hookah al por mayor - Global Hookah","isPartOf":{"@id":"https:\/\/global-hookah.com\/#website"},"primaryImageOfPage":{"@id":"https:\/\/global-hookah.com\/product\/2-hoses-prime-hookah-wholesale\/#primaryimage"},"image":{"@id":"https:\/\/global-hookah.com\/product\/2-hoses-prime-hookah-wholesale\/#primaryimage"},"thumbnailUrl":"https:\/\/global-hookah.com\/wp-content\/uploads\/2023\/05\/New-2-Hoses-Glass-Hookah-Pipe-Shisha-Pipa-Narguile-Completo-Nargile-Hooka-Chicha-Cachimba-Sisha-Smoking.jpg","datePublished":"2023-05-23T13:56:43+00:00","dateModified":"2023-06-18T07:44:28+00:00","breadcrumb":{"@id":"https:\/\/global-hookah.com\/product\/2-hoses-prime-hookah-wholesale\/#breadcrumb"},"inLanguage":"es","potentialAction":[{"@type":"ReadAction","target":["https:\/\/global-hookah.com\/product\/2-hoses-prime-hookah-wholesale\/"]}]},{"@type":"ImageObject","inLanguage":"es","@id":"https:\/\/global-hookah.com\/product\/2-hoses-prime-hookah-wholesale\/#primaryimage","url":"https:\/\/global-hookah.com\/wp-content\/uploads\/2023\/05\/New-2-Hoses-Glass-Hookah-Pipe-Shisha-Pipa-Narguile-Completo-Nargile-Hooka-Chicha-Cachimba-Sisha-Smoking.jpg","contentUrl":"https:\/\/global-hookah.com\/wp-content\/uploads\/2023\/05\/New-2-Hoses-Glass-Hookah-Pipe-Shisha-Pipa-Narguile-Completo-Nargile-Hooka-Chicha-Cachimba-Sisha-Smoking.jpg","width":1000,"height":1000,"caption":"2 Hoses Prime Hookah Wholesale"},{"@type":"BreadcrumbList","@id":"https:\/\/global-hookah.com\/product\/2-hoses-prime-hookah-wholesale\/#breadcrumb","itemListElement":[{"@type":"ListItem","position":1,"name":"Home","item":"https:\/\/global-hookah.com\/"},{"@type":"ListItem","position":2,"name":"Shop","item":"https:\/\/global-hookah.com\/shop\/"},{"@type":"ListItem","position":3,"name":"2 Hoses Prime Hookah Wholesale"}]},{"@type":"WebSite","@id":"https:\/\/global-hookah.com\/#website","url":"https:\/\/global-hookah.com\/","name":"Global Hookah","description":"Global Hookah","publisher":{"@id":"https:\/\/global-hookah.com\/#organization"},"potentialAction":[{"@type":"SearchAction","target":{"@type":"EntryPoint","urlTemplate":"https:\/\/global-hookah.com\/?s={search_term_string}"},"query-input":{"@type":"PropertyValueSpecification","valueRequired":true,"valueName":"search_term_string"}}],"inLanguage":"es"},{"@type":"Organization","@id":"https:\/\/global-hookah.com\/#organization","name":"Global Hookah","url":"https:\/\/global-hookah.com\/","logo":{"@type":"ImageObject","inLanguage":"es","@id":"https:\/\/global-hookah.com\/#\/schema\/logo\/image\/","url":"https:\/\/global-hookah.com\/wp-content\/uploads\/2021\/10\/cropped-fgg.png","contentUrl":"https:\/\/global-hookah.com\/wp-content\/uploads\/2021\/10\/cropped-fgg.png","width":512,"height":512,"caption":"Global Hookah"},"image":{"@id":"https:\/\/global-hookah.com\/#\/schema\/logo\/image\/"}}]}},"_links":{"self":[{"href":"https:\/\/global-hookah.com\/es\/wp-json\/wp\/v2\/product\/12001","targetHints":{"allow":["GET"]}}],"collection":[{"href":"https:\/\/global-hookah.com\/es\/wp-json\/wp\/v2\/product"}],"about":[{"href":"https:\/\/global-hookah.com\/es\/wp-json\/wp\/v2\/types\/product"}],"replies":[{"embeddable":true,"href":"https:\/\/global-hookah.com\/es\/wp-json\/wp\/v2\/comments?post=12001"}],"version-history":[{"count":0,"href":"https:\/\/global-hookah.com\/es\/wp-json\/wp\/v2\/product\/12001\/revisions"}],"wp:featuredmedia":[{"embeddable":true,"href":"https:\/\/global-hookah.com\/es\/wp-json\/wp\/v2\/media\/12002"}],"wp:attachment":[{"href":"https:\/\/global-hookah.com\/es\/wp-json\/wp\/v2\/media?parent=12001"}],"wp:term":[{"taxonomy":"product_brand","embeddable":true,"href":"https:\/\/global-hookah.com\/es\/wp-json\/wp\/v2\/product_brand?post=12001"},{"taxonomy":"product_cat","embeddable":true,"href":"https:\/\/global-hookah.com\/es\/wp-json\/wp\/v2\/product_cat?post=12001"},{"taxonomy":"product_tag","embeddable":true,"href":"https:\/\/global-hookah.com\/es\/wp-json\/wp\/v2\/product_tag?post=12001"}],"curies":[{"name":"wp","href":"https:\/\/api.w.org\/{rel}","templated":true}]}}