{"id":12013,"date":"2023-05-23T14:01:28","date_gmt":"2023-05-23T14:01:28","guid":{"rendered":"https:\/\/global-hookah.com\/product\/new-york-middle-size-glass-hookah-wholesale\/"},"modified":"2024-01-12T03:56:13","modified_gmt":"2024-01-12T03:56:13","slug":"new-york-middle-size-glass-hookah-wholesale","status":"publish","type":"product","link":"https:\/\/global-hookah.com\/es\/producto\/new-york-middle-size-glass-hookah-wholesale\/","title":{"rendered":"Nueva York Tama\u00f1o Medio Hookah de vidrio al por mayor"},"content":{"rendered":"<p>Con un di\u00e1metro inferior de alrededor de 12CM\/4.72\u2033 y una altura total de aproximadamente 58CM\/22.83\u2033, este <strong>narguile de cristal mediano<\/strong> ofrece una experiencia de fumado relajante. Su forma atractiva pero peque\u00f1a hace que sea f\u00e1cil de transportar y utilizar en una gran variedad de situaciones.<\/p>\n<p>Con el <strong>Nueva York Tama\u00f1o Medio Hookah de vidrio al por mayor<\/strong> para mejorar su experiencia de fumar. Cada base de narguile viene con todos los extras necesarios, incluyendo una cazoleta de porcelana, cuatro mangueras de piel sint\u00e9tica y pinzas de metal para carb\u00f3n. Adem\u00e1s, recibir\u00e1 dos piezas de papel de aluminio y cinco boquillas de regalo, d\u00e1ndole todo lo que necesita para empezar a disfrutar de su narguile inmediatamente.<\/p>\n<p>Usted puede disfrutar de m\u00faltiples sesiones de fumar sin preocuparse por los da\u00f1os debido al dise\u00f1o duradero de este <a href=\"https:\/\/global-hookah.com\/\">narguile<\/a>. El uso de componentes de vidrio, metal y cer\u00e1mica garantiza un producto de alta calidad capaz de resistir un uso frecuente.<\/p>\n<div class=\"detailmodule_html\">\n<div class=\"detail-desc-decorate-richtext\">\n<p><img decoding=\"async\" src=\"https:\/\/ae01.alicdn.com\/kf\/S53fbdf6e05194e96bd83592408dc4514U.jpg\" \/><img decoding=\"async\" src=\"https:\/\/ae01.alicdn.com\/kf\/S1754a7ed487a41fd916663e9225051f5v.jpg\" \/><img decoding=\"async\" src=\"https:\/\/ae01.alicdn.com\/kf\/S0452971c1abf4f208f440b2c1d6d94d39.jpg\" \/><img decoding=\"async\" src=\"https:\/\/ae01.alicdn.com\/kf\/S47afca0377a242528a45710b16a9845fP.jpg\" \/><img decoding=\"async\" src=\"https:\/\/ae01.alicdn.com\/kf\/S274e9cc2985a4b39b56a616f73635608m.jpg\" \/><img decoding=\"async\" src=\"https:\/\/ae01.alicdn.com\/kf\/S2588ac3bd4b1474bafca7ed590d49d94T.jpg\" \/><img decoding=\"async\" src=\"https:\/\/ae01.alicdn.com\/kf\/Sfa0ab91686d74901a51944f05927e79fJ.jpg\" \/><img decoding=\"async\" src=\"https:\/\/ae01.alicdn.com\/kf\/S2bd7380b035a47379f9498f8cfe29a64h.jpg\" \/><img decoding=\"async\" src=\"https:\/\/ae01.alicdn.com\/kf\/S397aab571b3a47e39ea05ab4d93de54e0.jpg\" \/><img decoding=\"async\" src=\"https:\/\/ae01.alicdn.com\/kf\/Sc8ded2333eec400ea1d9b2cc1bcebc04n.jpg\" \/><\/p>\n<p>&nbsp;<\/p>\n<\/div>\n<\/div>\n<p>&nbsp;<\/p>","protected":false},"excerpt":{"rendered":"<p>Con un di\u00e1metro inferior de alrededor de 12CM\/4.72\u2033 y una altura total de aproximadamente 58CM\/22.83\u2033, este narguile de cristal de tama\u00f1o medio ofrece un<\/p>","protected":false},"featured_media":12014,"comment_status":"open","ping_status":"closed","template":"","meta":{"iawp_total_views":13,"_joinchat":[]},"product_brand":[],"product_cat":[560,119],"product_tag":[],"class_list":{"0":"post-12013","1":"product","2":"type-product","3":"status-publish","4":"has-post-thumbnail","6":"product_cat-glass-hookah-wholesale","7":"product_cat-wholesale-hookah","9":"first","10":"instock","11":"sale","12":"shipping-taxable","13":"purchasable","14":"product-type-variable"},"yoast_head":"<!-- This site is optimized with the Yoast SEO Premium plugin v24.7 (Yoast SEO v26.8) - https:\/\/yoast.com\/product\/yoast-seo-premium-wordpress\/ -->\n<title>New York Middle Size Glass Hookah Wholesale - Global Hookah<\/title>\n<meta name=\"robots\" content=\"index, follow, max-snippet:-1, max-image-preview:large, max-video-preview:-1\" \/>\n<link rel=\"canonical\" href=\"https:\/\/global-hookah.com\/es\/producto\/new-york-middle-size-glass-hookah-wholesale\/\" \/>\n<meta property=\"og:locale\" content=\"es_ES\" \/>\n<meta property=\"og:type\" content=\"article\" \/>\n<meta property=\"og:title\" content=\"New York Middle Size Glass Hookah Wholesale\" \/>\n<meta property=\"og:description\" content=\"With a bottom diameter of around 12CM\/4.72&#8243; and a total height of roughly 58CM\/22.83&#8243;, this medium-sized glass hookah offers a\" \/>\n<meta property=\"og:url\" content=\"https:\/\/global-hookah.com\/es\/producto\/new-york-middle-size-glass-hookah-wholesale\/\" \/>\n<meta property=\"og:site_name\" content=\"Global Hookah\" \/>\n<meta property=\"article:modified_time\" content=\"2024-01-12T03:56:13+00:00\" \/>\n<meta property=\"og:image\" content=\"https:\/\/global-hookah.com\/wp-content\/uploads\/2023\/05\/Middle-Size-Glass-Hookah-Pipa-Narguile-Completo-4-Hoses-Shisha-Pipe-Set-Chicha-Cachimba-Hooka-Sisha.jpg\" \/>\n\t<meta property=\"og:image:width\" content=\"1000\" \/>\n\t<meta property=\"og:image:height\" content=\"1000\" \/>\n\t<meta property=\"og:image:type\" content=\"image\/jpeg\" \/>\n<meta name=\"twitter:card\" content=\"summary_large_image\" \/>\n<meta name=\"twitter:label1\" content=\"Tiempo de lectura\" \/>\n\t<meta name=\"twitter:data1\" content=\"3 minutos\" \/>\n<script type=\"application\/ld+json\" class=\"yoast-schema-graph\">{\"@context\":\"https:\/\/schema.org\",\"@graph\":[{\"@type\":\"WebPage\",\"@id\":\"https:\/\/global-hookah.com\/product\/new-york-middle-size-glass-hookah-wholesale\/\",\"url\":\"https:\/\/global-hookah.com\/product\/new-york-middle-size-glass-hookah-wholesale\/\",\"name\":\"New York Middle Size Glass Hookah Wholesale - Global Hookah\",\"isPartOf\":{\"@id\":\"https:\/\/global-hookah.com\/#website\"},\"primaryImageOfPage\":{\"@id\":\"https:\/\/global-hookah.com\/product\/new-york-middle-size-glass-hookah-wholesale\/#primaryimage\"},\"image\":{\"@id\":\"https:\/\/global-hookah.com\/product\/new-york-middle-size-glass-hookah-wholesale\/#primaryimage\"},\"thumbnailUrl\":\"https:\/\/global-hookah.com\/wp-content\/uploads\/2023\/05\/Middle-Size-Glass-Hookah-Pipa-Narguile-Completo-4-Hoses-Shisha-Pipe-Set-Chicha-Cachimba-Hooka-Sisha.jpg\",\"datePublished\":\"2023-05-23T14:01:28+00:00\",\"dateModified\":\"2024-01-12T03:56:13+00:00\",\"breadcrumb\":{\"@id\":\"https:\/\/global-hookah.com\/product\/new-york-middle-size-glass-hookah-wholesale\/#breadcrumb\"},\"inLanguage\":\"es\",\"potentialAction\":[{\"@type\":\"ReadAction\",\"target\":[\"https:\/\/global-hookah.com\/product\/new-york-middle-size-glass-hookah-wholesale\/\"]}]},{\"@type\":\"ImageObject\",\"inLanguage\":\"es\",\"@id\":\"https:\/\/global-hookah.com\/product\/new-york-middle-size-glass-hookah-wholesale\/#primaryimage\",\"url\":\"https:\/\/global-hookah.com\/wp-content\/uploads\/2023\/05\/Middle-Size-Glass-Hookah-Pipa-Narguile-Completo-4-Hoses-Shisha-Pipe-Set-Chicha-Cachimba-Hooka-Sisha.jpg\",\"contentUrl\":\"https:\/\/global-hookah.com\/wp-content\/uploads\/2023\/05\/Middle-Size-Glass-Hookah-Pipa-Narguile-Completo-4-Hoses-Shisha-Pipe-Set-Chicha-Cachimba-Hooka-Sisha.jpg\",\"width\":1000,\"height\":1000,\"caption\":\"New York Middle Size Glass Hookah Wholesale\"},{\"@type\":\"BreadcrumbList\",\"@id\":\"https:\/\/global-hookah.com\/product\/new-york-middle-size-glass-hookah-wholesale\/#breadcrumb\",\"itemListElement\":[{\"@type\":\"ListItem\",\"position\":1,\"name\":\"Home\",\"item\":\"https:\/\/global-hookah.com\/\"},{\"@type\":\"ListItem\",\"position\":2,\"name\":\"Shop\",\"item\":\"https:\/\/global-hookah.com\/shop\/\"},{\"@type\":\"ListItem\",\"position\":3,\"name\":\"New York Middle Size Glass Hookah Wholesale\"}]},{\"@type\":\"WebSite\",\"@id\":\"https:\/\/global-hookah.com\/#website\",\"url\":\"https:\/\/global-hookah.com\/\",\"name\":\"Global Hookah\",\"description\":\"Global Hookah\",\"publisher\":{\"@id\":\"https:\/\/global-hookah.com\/#organization\"},\"potentialAction\":[{\"@type\":\"SearchAction\",\"target\":{\"@type\":\"EntryPoint\",\"urlTemplate\":\"https:\/\/global-hookah.com\/?s={search_term_string}\"},\"query-input\":{\"@type\":\"PropertyValueSpecification\",\"valueRequired\":true,\"valueName\":\"search_term_string\"}}],\"inLanguage\":\"es\"},{\"@type\":\"Organization\",\"@id\":\"https:\/\/global-hookah.com\/#organization\",\"name\":\"Global Hookah\",\"url\":\"https:\/\/global-hookah.com\/\",\"logo\":{\"@type\":\"ImageObject\",\"inLanguage\":\"es\",\"@id\":\"https:\/\/global-hookah.com\/#\/schema\/logo\/image\/\",\"url\":\"https:\/\/global-hookah.com\/wp-content\/uploads\/2021\/10\/cropped-fgg.png\",\"contentUrl\":\"https:\/\/global-hookah.com\/wp-content\/uploads\/2021\/10\/cropped-fgg.png\",\"width\":512,\"height\":512,\"caption\":\"Global Hookah\"},\"image\":{\"@id\":\"https:\/\/global-hookah.com\/#\/schema\/logo\/image\/\"}}]}<\/script>\n<!-- \/ Yoast SEO Premium plugin. -->","yoast_head_json":{"title":"Hookah de cristal de tama\u00f1o medio de Nueva York al por mayor - Global Hookah","robots":{"index":"index","follow":"follow","max-snippet":"max-snippet:-1","max-image-preview":"max-image-preview:large","max-video-preview":"max-video-preview:-1"},"canonical":"https:\/\/global-hookah.com\/es\/producto\/new-york-middle-size-glass-hookah-wholesale\/","og_locale":"es_ES","og_type":"article","og_title":"New York Middle Size Glass Hookah Wholesale","og_description":"With a bottom diameter of around 12CM\/4.72&#8243; and a total height of roughly 58CM\/22.83&#8243;, this medium-sized glass hookah offers a","og_url":"https:\/\/global-hookah.com\/es\/producto\/new-york-middle-size-glass-hookah-wholesale\/","og_site_name":"Global Hookah","article_modified_time":"2024-01-12T03:56:13+00:00","og_image":[{"width":1000,"height":1000,"url":"https:\/\/global-hookah.com\/wp-content\/uploads\/2023\/05\/Middle-Size-Glass-Hookah-Pipa-Narguile-Completo-4-Hoses-Shisha-Pipe-Set-Chicha-Cachimba-Hooka-Sisha.jpg","type":"image\/jpeg"}],"twitter_card":"summary_large_image","twitter_misc":{"Tiempo de lectura":"3 minutos"},"schema":{"@context":"https:\/\/schema.org","@graph":[{"@type":"WebPage","@id":"https:\/\/global-hookah.com\/product\/new-york-middle-size-glass-hookah-wholesale\/","url":"https:\/\/global-hookah.com\/product\/new-york-middle-size-glass-hookah-wholesale\/","name":"Hookah de cristal de tama\u00f1o medio de Nueva York al por mayor - Global Hookah","isPartOf":{"@id":"https:\/\/global-hookah.com\/#website"},"primaryImageOfPage":{"@id":"https:\/\/global-hookah.com\/product\/new-york-middle-size-glass-hookah-wholesale\/#primaryimage"},"image":{"@id":"https:\/\/global-hookah.com\/product\/new-york-middle-size-glass-hookah-wholesale\/#primaryimage"},"thumbnailUrl":"https:\/\/global-hookah.com\/wp-content\/uploads\/2023\/05\/Middle-Size-Glass-Hookah-Pipa-Narguile-Completo-4-Hoses-Shisha-Pipe-Set-Chicha-Cachimba-Hooka-Sisha.jpg","datePublished":"2023-05-23T14:01:28+00:00","dateModified":"2024-01-12T03:56:13+00:00","breadcrumb":{"@id":"https:\/\/global-hookah.com\/product\/new-york-middle-size-glass-hookah-wholesale\/#breadcrumb"},"inLanguage":"es","potentialAction":[{"@type":"ReadAction","target":["https:\/\/global-hookah.com\/product\/new-york-middle-size-glass-hookah-wholesale\/"]}]},{"@type":"ImageObject","inLanguage":"es","@id":"https:\/\/global-hookah.com\/product\/new-york-middle-size-glass-hookah-wholesale\/#primaryimage","url":"https:\/\/global-hookah.com\/wp-content\/uploads\/2023\/05\/Middle-Size-Glass-Hookah-Pipa-Narguile-Completo-4-Hoses-Shisha-Pipe-Set-Chicha-Cachimba-Hooka-Sisha.jpg","contentUrl":"https:\/\/global-hookah.com\/wp-content\/uploads\/2023\/05\/Middle-Size-Glass-Hookah-Pipa-Narguile-Completo-4-Hoses-Shisha-Pipe-Set-Chicha-Cachimba-Hooka-Sisha.jpg","width":1000,"height":1000,"caption":"New York Middle Size Glass Hookah Wholesale"},{"@type":"BreadcrumbList","@id":"https:\/\/global-hookah.com\/product\/new-york-middle-size-glass-hookah-wholesale\/#breadcrumb","itemListElement":[{"@type":"ListItem","position":1,"name":"Home","item":"https:\/\/global-hookah.com\/"},{"@type":"ListItem","position":2,"name":"Shop","item":"https:\/\/global-hookah.com\/shop\/"},{"@type":"ListItem","position":3,"name":"New York Middle Size Glass Hookah Wholesale"}]},{"@type":"WebSite","@id":"https:\/\/global-hookah.com\/#website","url":"https:\/\/global-hookah.com\/","name":"Global Hookah","description":"Global Hookah","publisher":{"@id":"https:\/\/global-hookah.com\/#organization"},"potentialAction":[{"@type":"SearchAction","target":{"@type":"EntryPoint","urlTemplate":"https:\/\/global-hookah.com\/?s={search_term_string}"},"query-input":{"@type":"PropertyValueSpecification","valueRequired":true,"valueName":"search_term_string"}}],"inLanguage":"es"},{"@type":"Organization","@id":"https:\/\/global-hookah.com\/#organization","name":"Global Hookah","url":"https:\/\/global-hookah.com\/","logo":{"@type":"ImageObject","inLanguage":"es","@id":"https:\/\/global-hookah.com\/#\/schema\/logo\/image\/","url":"https:\/\/global-hookah.com\/wp-content\/uploads\/2021\/10\/cropped-fgg.png","contentUrl":"https:\/\/global-hookah.com\/wp-content\/uploads\/2021\/10\/cropped-fgg.png","width":512,"height":512,"caption":"Global Hookah"},"image":{"@id":"https:\/\/global-hookah.com\/#\/schema\/logo\/image\/"}}]}},"_links":{"self":[{"href":"https:\/\/global-hookah.com\/es\/wp-json\/wp\/v2\/product\/12013","targetHints":{"allow":["GET"]}}],"collection":[{"href":"https:\/\/global-hookah.com\/es\/wp-json\/wp\/v2\/product"}],"about":[{"href":"https:\/\/global-hookah.com\/es\/wp-json\/wp\/v2\/types\/product"}],"replies":[{"embeddable":true,"href":"https:\/\/global-hookah.com\/es\/wp-json\/wp\/v2\/comments?post=12013"}],"version-history":[{"count":0,"href":"https:\/\/global-hookah.com\/es\/wp-json\/wp\/v2\/product\/12013\/revisions"}],"wp:featuredmedia":[{"embeddable":true,"href":"https:\/\/global-hookah.com\/es\/wp-json\/wp\/v2\/media\/12014"}],"wp:attachment":[{"href":"https:\/\/global-hookah.com\/es\/wp-json\/wp\/v2\/media?parent=12013"}],"wp:term":[{"taxonomy":"product_brand","embeddable":true,"href":"https:\/\/global-hookah.com\/es\/wp-json\/wp\/v2\/product_brand?post=12013"},{"taxonomy":"product_cat","embeddable":true,"href":"https:\/\/global-hookah.com\/es\/wp-json\/wp\/v2\/product_cat?post=12013"},{"taxonomy":"product_tag","embeddable":true,"href":"https:\/\/global-hookah.com\/es\/wp-json\/wp\/v2\/product_tag?post=12013"}],"curies":[{"name":"wp","href":"https:\/\/api.w.org\/{rel}","templated":true}]}}