{"id":12274,"date":"2023-06-19T00:34:17","date_gmt":"2023-06-19T00:34:17","guid":{"rendered":"https:\/\/global-hookah.com\/?post_type=product&#038;p=12274"},"modified":"2024-01-12T03:56:12","modified_gmt":"2024-01-12T03:56:12","slug":"fruit-flavor-saudi-arabian-hookah-wholesale","status":"publish","type":"product","link":"https:\/\/global-hookah.com\/es\/producto\/fruit-flavor-saudi-arabian-hookah-wholesale\/","title":{"rendered":"Hookah de Arabia Saud\u00ed con sabor a frutas al por mayor"},"content":{"rendered":"<p>Este <strong>Narguile saud\u00ed<\/strong> cuenta con un v\u00e1stago inferior extra\u00edble, que se elogia por facilitar el almacenamiento sin sacrificar la potente salida de humo. El <strong>Hookah de Arabia Saud\u00ed<\/strong> La estabilidad aumenta gracias a la construcci\u00f3n atornillada de la placa superior, que garantiza su estabilidad y resistencia durante el uso.<\/p>\n<p>La versatilidad de nuestro narguile saud\u00ed realza lo divertido que es usarlo. Puede acoplarse r\u00e1pidamente a cualquier<a href=\"https:\/\/global-hookah.com\/\"> tubo<\/a>, including glass, rubber, plastic, and metal ones, giving it a flexible option for your smoking sessions.<\/p>\n<p>Sin embargo, no terminamos ah\u00ed. Tras escuchar las opiniones de nuestros consumidores, hemos realizado importantes ajustes. La entrada de la manguera cumple ahora un tama\u00f1o est\u00e1ndar, lo que facilita las sustituciones en caso de que sean necesarias. Para evitar da\u00f1os durante el env\u00edo y que falten componentes, tambi\u00e9n hemos mejorado mucho nuestras t\u00e9cnicas de embalaje, integrando materiales protectores superiores e inspecciones para asegurarnos de que su narguile le llegue en excelente estado.<\/p>\n<p>Si necesita <strong>venta al por mayor de narguile saud\u00ed<\/strong>No dude en ponerse en contacto con nosotros<\/p>","protected":false},"excerpt":{"rendered":"<p>Esta pipa de agua de Arabia Saudita tiene un tallo inferior que es desmontable, que es elogiado por hacer el almacenamiento simple sin sacrificar<\/p>","protected":false},"featured_media":12277,"comment_status":"open","ping_status":"closed","template":"","meta":{"iawp_total_views":14,"_joinchat":[]},"product_brand":[],"product_cat":[560,119],"product_tag":[],"class_list":{"0":"post-12274","1":"product","2":"type-product","3":"status-publish","4":"has-post-thumbnail","6":"product_cat-glass-hookah-wholesale","7":"product_cat-wholesale-hookah","9":"first","10":"instock","11":"shipping-taxable","12":"purchasable","13":"product-type-simple"},"yoast_head":"<!-- This site is optimized with the Yoast SEO Premium plugin v24.7 (Yoast SEO v26.8) - https:\/\/yoast.com\/product\/yoast-seo-premium-wordpress\/ -->\n<title>Fruit Flavor Saudi Arabian Hookah Wholesale - Global Hookah<\/title>\n<meta name=\"robots\" content=\"index, follow, max-snippet:-1, max-image-preview:large, max-video-preview:-1\" \/>\n<link rel=\"canonical\" href=\"https:\/\/global-hookah.com\/es\/produkt\/frucht-aroma-saudi-arabische-hookah-groshandel\/\" \/>\n<meta property=\"og:locale\" content=\"es_ES\" \/>\n<meta property=\"og:type\" content=\"article\" \/>\n<meta property=\"og:title\" content=\"Fruit Flavor Saudi Arabian Hookah Wholesale\" \/>\n<meta property=\"og:description\" content=\"This Saudi Arabian hookah features a lower stem that is removable, which is praised for making storage simple without sacrificing\" \/>\n<meta property=\"og:url\" content=\"https:\/\/global-hookah.com\/es\/produkt\/frucht-aroma-saudi-arabische-hookah-groshandel\/\" \/>\n<meta property=\"og:site_name\" content=\"Global Hookah\" \/>\n<meta property=\"article:modified_time\" content=\"2024-01-12T03:56:12+00:00\" \/>\n<meta property=\"og:image\" content=\"https:\/\/global-hookah.com\/wp-content\/uploads\/2023\/06\/O1CN01p2o7G81KudWdHadei_2213217671224-0-cib.jpg\" \/>\n\t<meta property=\"og:image:width\" content=\"800\" \/>\n\t<meta property=\"og:image:height\" content=\"800\" \/>\n\t<meta property=\"og:image:type\" content=\"image\/jpeg\" \/>\n<meta name=\"twitter:card\" content=\"summary_large_image\" \/>\n<meta name=\"twitter:label1\" content=\"Tiempo de lectura\" \/>\n\t<meta name=\"twitter:data1\" content=\"1 minuto\" \/>\n<script type=\"application\/ld+json\" class=\"yoast-schema-graph\">{\"@context\":\"https:\/\/schema.org\",\"@graph\":[{\"@type\":\"WebPage\",\"@id\":\"https:\/\/global-hookah.com\/de\/produkt\/frucht-aroma-saudi-arabische-hookah-groshandel\/\",\"url\":\"https:\/\/global-hookah.com\/de\/produkt\/frucht-aroma-saudi-arabische-hookah-groshandel\/\",\"name\":\"Fruit Flavor Saudi Arabian Hookah Wholesale - Global Hookah\",\"isPartOf\":{\"@id\":\"https:\/\/global-hookah.com\/#website\"},\"primaryImageOfPage\":{\"@id\":\"https:\/\/global-hookah.com\/de\/produkt\/frucht-aroma-saudi-arabische-hookah-groshandel\/#primaryimage\"},\"image\":{\"@id\":\"https:\/\/global-hookah.com\/de\/produkt\/frucht-aroma-saudi-arabische-hookah-groshandel\/#primaryimage\"},\"thumbnailUrl\":\"https:\/\/global-hookah.com\/wp-content\/uploads\/2023\/06\/O1CN01p2o7G81KudWdHadei_2213217671224-0-cib.jpg\",\"datePublished\":\"2023-06-19T00:34:17+00:00\",\"dateModified\":\"2024-01-12T03:56:12+00:00\",\"breadcrumb\":{\"@id\":\"https:\/\/global-hookah.com\/de\/produkt\/frucht-aroma-saudi-arabische-hookah-groshandel\/#breadcrumb\"},\"inLanguage\":\"es\",\"potentialAction\":[{\"@type\":\"ReadAction\",\"target\":[\"https:\/\/global-hookah.com\/de\/produkt\/frucht-aroma-saudi-arabische-hookah-groshandel\/\"]}]},{\"@type\":\"ImageObject\",\"inLanguage\":\"es\",\"@id\":\"https:\/\/global-hookah.com\/de\/produkt\/frucht-aroma-saudi-arabische-hookah-groshandel\/#primaryimage\",\"url\":\"https:\/\/global-hookah.com\/wp-content\/uploads\/2023\/06\/O1CN01p2o7G81KudWdHadei_2213217671224-0-cib.jpg\",\"contentUrl\":\"https:\/\/global-hookah.com\/wp-content\/uploads\/2023\/06\/O1CN01p2o7G81KudWdHadei_2213217671224-0-cib.jpg\",\"width\":800,\"height\":800,\"caption\":\"Arabian Hookah Wholesale\"},{\"@type\":\"BreadcrumbList\",\"@id\":\"https:\/\/global-hookah.com\/de\/produkt\/frucht-aroma-saudi-arabische-hookah-groshandel\/#breadcrumb\",\"itemListElement\":[{\"@type\":\"ListItem\",\"position\":1,\"name\":\"Home\",\"item\":\"https:\/\/global-hookah.com\/\"},{\"@type\":\"ListItem\",\"position\":2,\"name\":\"Shop\",\"item\":\"https:\/\/global-hookah.com\/shop\/\"},{\"@type\":\"ListItem\",\"position\":3,\"name\":\"Fruit Flavor Saudi Arabian Hookah Wholesale\"}]},{\"@type\":\"WebSite\",\"@id\":\"https:\/\/global-hookah.com\/#website\",\"url\":\"https:\/\/global-hookah.com\/\",\"name\":\"Global Hookah\",\"description\":\"Global Hookah\",\"publisher\":{\"@id\":\"https:\/\/global-hookah.com\/#organization\"},\"potentialAction\":[{\"@type\":\"SearchAction\",\"target\":{\"@type\":\"EntryPoint\",\"urlTemplate\":\"https:\/\/global-hookah.com\/?s={search_term_string}\"},\"query-input\":{\"@type\":\"PropertyValueSpecification\",\"valueRequired\":true,\"valueName\":\"search_term_string\"}}],\"inLanguage\":\"es\"},{\"@type\":\"Organization\",\"@id\":\"https:\/\/global-hookah.com\/#organization\",\"name\":\"Global Hookah\",\"url\":\"https:\/\/global-hookah.com\/\",\"logo\":{\"@type\":\"ImageObject\",\"inLanguage\":\"es\",\"@id\":\"https:\/\/global-hookah.com\/#\/schema\/logo\/image\/\",\"url\":\"https:\/\/global-hookah.com\/wp-content\/uploads\/2021\/10\/cropped-fgg.png\",\"contentUrl\":\"https:\/\/global-hookah.com\/wp-content\/uploads\/2021\/10\/cropped-fgg.png\",\"width\":512,\"height\":512,\"caption\":\"Global Hookah\"},\"image\":{\"@id\":\"https:\/\/global-hookah.com\/#\/schema\/logo\/image\/\"}}]}<\/script>\n<!-- \/ Yoast SEO Premium plugin. -->","yoast_head_json":{"title":"Hookah de Arabia Saudita con sabor a frutas al por mayor - Global Hookah","robots":{"index":"index","follow":"follow","max-snippet":"max-snippet:-1","max-image-preview":"max-image-preview:large","max-video-preview":"max-video-preview:-1"},"canonical":"https:\/\/global-hookah.com\/es\/produkt\/frucht-aroma-saudi-arabische-hookah-groshandel\/","og_locale":"es_ES","og_type":"article","og_title":"Fruit Flavor Saudi Arabian Hookah Wholesale","og_description":"This Saudi Arabian hookah features a lower stem that is removable, which is praised for making storage simple without sacrificing","og_url":"https:\/\/global-hookah.com\/es\/produkt\/frucht-aroma-saudi-arabische-hookah-groshandel\/","og_site_name":"Global Hookah","article_modified_time":"2024-01-12T03:56:12+00:00","og_image":[{"width":800,"height":800,"url":"https:\/\/global-hookah.com\/wp-content\/uploads\/2023\/06\/O1CN01p2o7G81KudWdHadei_2213217671224-0-cib.jpg","type":"image\/jpeg"}],"twitter_card":"summary_large_image","twitter_misc":{"Tiempo de lectura":"1 minuto"},"schema":{"@context":"https:\/\/schema.org","@graph":[{"@type":"WebPage","@id":"https:\/\/global-hookah.com\/de\/produkt\/frucht-aroma-saudi-arabische-hookah-groshandel\/","url":"https:\/\/global-hookah.com\/de\/produkt\/frucht-aroma-saudi-arabische-hookah-groshandel\/","name":"Hookah de Arabia Saudita con sabor a frutas al por mayor - Global Hookah","isPartOf":{"@id":"https:\/\/global-hookah.com\/#website"},"primaryImageOfPage":{"@id":"https:\/\/global-hookah.com\/de\/produkt\/frucht-aroma-saudi-arabische-hookah-groshandel\/#primaryimage"},"image":{"@id":"https:\/\/global-hookah.com\/de\/produkt\/frucht-aroma-saudi-arabische-hookah-groshandel\/#primaryimage"},"thumbnailUrl":"https:\/\/global-hookah.com\/wp-content\/uploads\/2023\/06\/O1CN01p2o7G81KudWdHadei_2213217671224-0-cib.jpg","datePublished":"2023-06-19T00:34:17+00:00","dateModified":"2024-01-12T03:56:12+00:00","breadcrumb":{"@id":"https:\/\/global-hookah.com\/de\/produkt\/frucht-aroma-saudi-arabische-hookah-groshandel\/#breadcrumb"},"inLanguage":"es","potentialAction":[{"@type":"ReadAction","target":["https:\/\/global-hookah.com\/de\/produkt\/frucht-aroma-saudi-arabische-hookah-groshandel\/"]}]},{"@type":"ImageObject","inLanguage":"es","@id":"https:\/\/global-hookah.com\/de\/produkt\/frucht-aroma-saudi-arabische-hookah-groshandel\/#primaryimage","url":"https:\/\/global-hookah.com\/wp-content\/uploads\/2023\/06\/O1CN01p2o7G81KudWdHadei_2213217671224-0-cib.jpg","contentUrl":"https:\/\/global-hookah.com\/wp-content\/uploads\/2023\/06\/O1CN01p2o7G81KudWdHadei_2213217671224-0-cib.jpg","width":800,"height":800,"caption":"Arabian Hookah Wholesale"},{"@type":"BreadcrumbList","@id":"https:\/\/global-hookah.com\/de\/produkt\/frucht-aroma-saudi-arabische-hookah-groshandel\/#breadcrumb","itemListElement":[{"@type":"ListItem","position":1,"name":"Home","item":"https:\/\/global-hookah.com\/"},{"@type":"ListItem","position":2,"name":"Shop","item":"https:\/\/global-hookah.com\/shop\/"},{"@type":"ListItem","position":3,"name":"Fruit Flavor Saudi Arabian Hookah Wholesale"}]},{"@type":"WebSite","@id":"https:\/\/global-hookah.com\/#website","url":"https:\/\/global-hookah.com\/","name":"Global Hookah","description":"Global Hookah","publisher":{"@id":"https:\/\/global-hookah.com\/#organization"},"potentialAction":[{"@type":"SearchAction","target":{"@type":"EntryPoint","urlTemplate":"https:\/\/global-hookah.com\/?s={search_term_string}"},"query-input":{"@type":"PropertyValueSpecification","valueRequired":true,"valueName":"search_term_string"}}],"inLanguage":"es"},{"@type":"Organization","@id":"https:\/\/global-hookah.com\/#organization","name":"Global Hookah","url":"https:\/\/global-hookah.com\/","logo":{"@type":"ImageObject","inLanguage":"es","@id":"https:\/\/global-hookah.com\/#\/schema\/logo\/image\/","url":"https:\/\/global-hookah.com\/wp-content\/uploads\/2021\/10\/cropped-fgg.png","contentUrl":"https:\/\/global-hookah.com\/wp-content\/uploads\/2021\/10\/cropped-fgg.png","width":512,"height":512,"caption":"Global Hookah"},"image":{"@id":"https:\/\/global-hookah.com\/#\/schema\/logo\/image\/"}}]}},"_links":{"self":[{"href":"https:\/\/global-hookah.com\/es\/wp-json\/wp\/v2\/product\/12274","targetHints":{"allow":["GET"]}}],"collection":[{"href":"https:\/\/global-hookah.com\/es\/wp-json\/wp\/v2\/product"}],"about":[{"href":"https:\/\/global-hookah.com\/es\/wp-json\/wp\/v2\/types\/product"}],"replies":[{"embeddable":true,"href":"https:\/\/global-hookah.com\/es\/wp-json\/wp\/v2\/comments?post=12274"}],"version-history":[{"count":0,"href":"https:\/\/global-hookah.com\/es\/wp-json\/wp\/v2\/product\/12274\/revisions"}],"wp:featuredmedia":[{"embeddable":true,"href":"https:\/\/global-hookah.com\/es\/wp-json\/wp\/v2\/media\/12277"}],"wp:attachment":[{"href":"https:\/\/global-hookah.com\/es\/wp-json\/wp\/v2\/media?parent=12274"}],"wp:term":[{"taxonomy":"product_brand","embeddable":true,"href":"https:\/\/global-hookah.com\/es\/wp-json\/wp\/v2\/product_brand?post=12274"},{"taxonomy":"product_cat","embeddable":true,"href":"https:\/\/global-hookah.com\/es\/wp-json\/wp\/v2\/product_cat?post=12274"},{"taxonomy":"product_tag","embeddable":true,"href":"https:\/\/global-hookah.com\/es\/wp-json\/wp\/v2\/product_tag?post=12274"}],"curies":[{"name":"wp","href":"https:\/\/api.w.org\/{rel}","templated":true}]}}