{"id":12280,"date":"2023-06-19T01:04:50","date_gmt":"2023-06-19T01:04:50","guid":{"rendered":"https:\/\/global-hookah.com\/?post_type=product&#038;p=12280"},"modified":"2023-06-19T01:37:57","modified_gmt":"2023-06-19T01:37:57","slug":"plastic-hookah-wholesale","status":"publish","type":"product","link":"https:\/\/global-hookah.com\/es\/producto\/plastic-hookah-wholesale\/","title":{"rendered":"Hookah de pl\u00e1stico al por mayor"},"content":{"rendered":"<p>En <strong>principales mayoristas de Hookahs de pl\u00e1stico,<\/strong> estamos orgullosos de presentar el reci\u00e9n mejorado Plastic Hookah Wholesale. Este narguile ligero y compacto est\u00e1 perfectamente adaptado para viajar, por lo que es una adici\u00f3n esencial a su surtido.<\/p>\n<p>Con el fin de asegurar el viaje seguro de este narguile, hemos reforzado su durabilidad con un robusto estuche de transporte. Su construcci\u00f3n a partir de pl\u00e1stico resistente garantiza que este <strong>Hookah de pl\u00e1stico al por mayor<\/strong> resiste el uso frecuente, prometiendo longevidad a sus clientes.<\/p>\n<p>Nuestra <strong>Hookah de pl\u00e1stico al por mayor<\/strong> viene con una selecci\u00f3n de <a href=\"https:\/\/global-hookah.com\/product-category\/hookah-parts\/\">accesorios<\/a> y componentes de repuesto como parte de nuestro compromiso de ofrecer a los clientes una experiencia de ahumado completa. La \u00fanica pieza extra que sus consumidores querr\u00e1n es el carb\u00f3n, lo que les permitir\u00e1 adaptar su experiencia de fumado a sus gustos.<\/p>\n<p>El rendimiento de este <strong>Hookah de pl\u00e1stico barato<\/strong> es sorprendente a pesar de su peque\u00f1o tama\u00f1o. Aunque no es un producto de gama alta, produce regularmente un cigarrillo placentero, por lo que es una gran opci\u00f3n para los fumadores solteros.<\/p>\n<p>Como mayoristas, ofrecemos este compa\u00f1ero de viaje para el placer de fumar, prometiendo no s\u00f3lo un <a href=\"https:\/\/global-hookah.com\/\"><strong>Hookah de calidad<\/strong><\/a> sino tambi\u00e9n una oportunidad de negocio que echa humo a la competencia.<\/p>","protected":false},"excerpt":{"rendered":"<p>Como mayoristas l\u00edderes de narguiles de pl\u00e1stico, estamos orgullosos de presentar el narguile de pl\u00e1stico al por mayor recientemente mejorado. Esta hookah ligera y compacta<\/p>","protected":false},"featured_media":12282,"comment_status":"open","ping_status":"closed","template":"","meta":{"iawp_total_views":4,"_joinchat":[]},"product_brand":[],"product_cat":[119],"product_tag":[],"class_list":{"0":"post-12280","1":"product","2":"type-product","3":"status-publish","4":"has-post-thumbnail","6":"product_cat-wholesale-hookah","8":"first","9":"instock","10":"shipping-taxable","11":"purchasable","12":"product-type-simple"},"yoast_head":"<!-- This site is optimized with the Yoast SEO Premium plugin v24.7 (Yoast SEO v26.8) - https:\/\/yoast.com\/product\/yoast-seo-premium-wordpress\/ -->\n<title>Plastic Hookah Wholesale - Global Hookah<\/title>\n<meta name=\"robots\" content=\"index, follow, max-snippet:-1, max-image-preview:large, max-video-preview:-1\" \/>\n<link rel=\"canonical\" href=\"https:\/\/global-hookah.com\/es\/producto\/plastic-hookah-wholesale\/\" \/>\n<meta property=\"og:locale\" content=\"es_ES\" \/>\n<meta property=\"og:type\" content=\"article\" \/>\n<meta property=\"og:title\" content=\"Plastic Hookah Wholesale\" \/>\n<meta property=\"og:description\" content=\"As leading wholesalers of Plastic Hookahs, we&#8217;re proud to present the newly improved Plastic Hookah Wholesale. This lightweight, compact hookah\" \/>\n<meta property=\"og:url\" content=\"https:\/\/global-hookah.com\/es\/producto\/plastic-hookah-wholesale\/\" \/>\n<meta property=\"og:site_name\" content=\"Global Hookah\" \/>\n<meta property=\"article:modified_time\" content=\"2023-06-19T01:37:57+00:00\" \/>\n<meta property=\"og:image\" content=\"https:\/\/global-hookah.com\/wp-content\/uploads\/2023\/06\/O1CN01mcQwxz2K7AxJCYVVP_2213278159509-0-cib.jpg\" \/>\n\t<meta property=\"og:image:width\" content=\"800\" \/>\n\t<meta property=\"og:image:height\" content=\"800\" \/>\n\t<meta property=\"og:image:type\" content=\"image\/jpeg\" \/>\n<meta name=\"twitter:card\" content=\"summary_large_image\" \/>\n<meta name=\"twitter:label1\" content=\"Tiempo de lectura\" \/>\n\t<meta name=\"twitter:data1\" content=\"1 minuto\" \/>\n<script type=\"application\/ld+json\" class=\"yoast-schema-graph\">{\"@context\":\"https:\/\/schema.org\",\"@graph\":[{\"@type\":\"WebPage\",\"@id\":\"https:\/\/global-hookah.com\/product\/plastic-hookah-wholesale\/\",\"url\":\"https:\/\/global-hookah.com\/product\/plastic-hookah-wholesale\/\",\"name\":\"Plastic Hookah Wholesale - Global Hookah\",\"isPartOf\":{\"@id\":\"https:\/\/global-hookah.com\/#website\"},\"primaryImageOfPage\":{\"@id\":\"https:\/\/global-hookah.com\/product\/plastic-hookah-wholesale\/#primaryimage\"},\"image\":{\"@id\":\"https:\/\/global-hookah.com\/product\/plastic-hookah-wholesale\/#primaryimage\"},\"thumbnailUrl\":\"https:\/\/global-hookah.com\/wp-content\/uploads\/2023\/06\/O1CN01mcQwxz2K7AxJCYVVP_2213278159509-0-cib.jpg\",\"datePublished\":\"2023-06-19T01:04:50+00:00\",\"dateModified\":\"2023-06-19T01:37:57+00:00\",\"breadcrumb\":{\"@id\":\"https:\/\/global-hookah.com\/product\/plastic-hookah-wholesale\/#breadcrumb\"},\"inLanguage\":\"es\",\"potentialAction\":[{\"@type\":\"ReadAction\",\"target\":[\"https:\/\/global-hookah.com\/product\/plastic-hookah-wholesale\/\"]}]},{\"@type\":\"ImageObject\",\"inLanguage\":\"es\",\"@id\":\"https:\/\/global-hookah.com\/product\/plastic-hookah-wholesale\/#primaryimage\",\"url\":\"https:\/\/global-hookah.com\/wp-content\/uploads\/2023\/06\/O1CN01mcQwxz2K7AxJCYVVP_2213278159509-0-cib.jpg\",\"contentUrl\":\"https:\/\/global-hookah.com\/wp-content\/uploads\/2023\/06\/O1CN01mcQwxz2K7AxJCYVVP_2213278159509-0-cib.jpg\",\"width\":800,\"height\":800,\"caption\":\"Plastic Hookah Wholesale\"},{\"@type\":\"BreadcrumbList\",\"@id\":\"https:\/\/global-hookah.com\/product\/plastic-hookah-wholesale\/#breadcrumb\",\"itemListElement\":[{\"@type\":\"ListItem\",\"position\":1,\"name\":\"Home\",\"item\":\"https:\/\/global-hookah.com\/\"},{\"@type\":\"ListItem\",\"position\":2,\"name\":\"Shop\",\"item\":\"https:\/\/global-hookah.com\/shop\/\"},{\"@type\":\"ListItem\",\"position\":3,\"name\":\"Plastic Hookah Wholesale\"}]},{\"@type\":\"WebSite\",\"@id\":\"https:\/\/global-hookah.com\/#website\",\"url\":\"https:\/\/global-hookah.com\/\",\"name\":\"Global Hookah\",\"description\":\"Global Hookah\",\"publisher\":{\"@id\":\"https:\/\/global-hookah.com\/#organization\"},\"potentialAction\":[{\"@type\":\"SearchAction\",\"target\":{\"@type\":\"EntryPoint\",\"urlTemplate\":\"https:\/\/global-hookah.com\/?s={search_term_string}\"},\"query-input\":{\"@type\":\"PropertyValueSpecification\",\"valueRequired\":true,\"valueName\":\"search_term_string\"}}],\"inLanguage\":\"es\"},{\"@type\":\"Organization\",\"@id\":\"https:\/\/global-hookah.com\/#organization\",\"name\":\"Global Hookah\",\"url\":\"https:\/\/global-hookah.com\/\",\"logo\":{\"@type\":\"ImageObject\",\"inLanguage\":\"es\",\"@id\":\"https:\/\/global-hookah.com\/#\/schema\/logo\/image\/\",\"url\":\"https:\/\/global-hookah.com\/wp-content\/uploads\/2021\/10\/cropped-fgg.png\",\"contentUrl\":\"https:\/\/global-hookah.com\/wp-content\/uploads\/2021\/10\/cropped-fgg.png\",\"width\":512,\"height\":512,\"caption\":\"Global Hookah\"},\"image\":{\"@id\":\"https:\/\/global-hookah.com\/#\/schema\/logo\/image\/\"}}]}<\/script>\n<!-- \/ Yoast SEO Premium plugin. -->","yoast_head_json":{"title":"Hookah de pl\u00e1stico al por mayor - Global Hookah","robots":{"index":"index","follow":"follow","max-snippet":"max-snippet:-1","max-image-preview":"max-image-preview:large","max-video-preview":"max-video-preview:-1"},"canonical":"https:\/\/global-hookah.com\/es\/producto\/plastic-hookah-wholesale\/","og_locale":"es_ES","og_type":"article","og_title":"Plastic Hookah Wholesale","og_description":"As leading wholesalers of Plastic Hookahs, we&#8217;re proud to present the newly improved Plastic Hookah Wholesale. This lightweight, compact hookah","og_url":"https:\/\/global-hookah.com\/es\/producto\/plastic-hookah-wholesale\/","og_site_name":"Global Hookah","article_modified_time":"2023-06-19T01:37:57+00:00","og_image":[{"width":800,"height":800,"url":"https:\/\/global-hookah.com\/wp-content\/uploads\/2023\/06\/O1CN01mcQwxz2K7AxJCYVVP_2213278159509-0-cib.jpg","type":"image\/jpeg"}],"twitter_card":"summary_large_image","twitter_misc":{"Tiempo de lectura":"1 minuto"},"schema":{"@context":"https:\/\/schema.org","@graph":[{"@type":"WebPage","@id":"https:\/\/global-hookah.com\/product\/plastic-hookah-wholesale\/","url":"https:\/\/global-hookah.com\/product\/plastic-hookah-wholesale\/","name":"Hookah de pl\u00e1stico al por mayor - Global Hookah","isPartOf":{"@id":"https:\/\/global-hookah.com\/#website"},"primaryImageOfPage":{"@id":"https:\/\/global-hookah.com\/product\/plastic-hookah-wholesale\/#primaryimage"},"image":{"@id":"https:\/\/global-hookah.com\/product\/plastic-hookah-wholesale\/#primaryimage"},"thumbnailUrl":"https:\/\/global-hookah.com\/wp-content\/uploads\/2023\/06\/O1CN01mcQwxz2K7AxJCYVVP_2213278159509-0-cib.jpg","datePublished":"2023-06-19T01:04:50+00:00","dateModified":"2023-06-19T01:37:57+00:00","breadcrumb":{"@id":"https:\/\/global-hookah.com\/product\/plastic-hookah-wholesale\/#breadcrumb"},"inLanguage":"es","potentialAction":[{"@type":"ReadAction","target":["https:\/\/global-hookah.com\/product\/plastic-hookah-wholesale\/"]}]},{"@type":"ImageObject","inLanguage":"es","@id":"https:\/\/global-hookah.com\/product\/plastic-hookah-wholesale\/#primaryimage","url":"https:\/\/global-hookah.com\/wp-content\/uploads\/2023\/06\/O1CN01mcQwxz2K7AxJCYVVP_2213278159509-0-cib.jpg","contentUrl":"https:\/\/global-hookah.com\/wp-content\/uploads\/2023\/06\/O1CN01mcQwxz2K7AxJCYVVP_2213278159509-0-cib.jpg","width":800,"height":800,"caption":"Plastic Hookah Wholesale"},{"@type":"BreadcrumbList","@id":"https:\/\/global-hookah.com\/product\/plastic-hookah-wholesale\/#breadcrumb","itemListElement":[{"@type":"ListItem","position":1,"name":"Home","item":"https:\/\/global-hookah.com\/"},{"@type":"ListItem","position":2,"name":"Shop","item":"https:\/\/global-hookah.com\/shop\/"},{"@type":"ListItem","position":3,"name":"Plastic Hookah Wholesale"}]},{"@type":"WebSite","@id":"https:\/\/global-hookah.com\/#website","url":"https:\/\/global-hookah.com\/","name":"Global Hookah","description":"Global Hookah","publisher":{"@id":"https:\/\/global-hookah.com\/#organization"},"potentialAction":[{"@type":"SearchAction","target":{"@type":"EntryPoint","urlTemplate":"https:\/\/global-hookah.com\/?s={search_term_string}"},"query-input":{"@type":"PropertyValueSpecification","valueRequired":true,"valueName":"search_term_string"}}],"inLanguage":"es"},{"@type":"Organization","@id":"https:\/\/global-hookah.com\/#organization","name":"Global Hookah","url":"https:\/\/global-hookah.com\/","logo":{"@type":"ImageObject","inLanguage":"es","@id":"https:\/\/global-hookah.com\/#\/schema\/logo\/image\/","url":"https:\/\/global-hookah.com\/wp-content\/uploads\/2021\/10\/cropped-fgg.png","contentUrl":"https:\/\/global-hookah.com\/wp-content\/uploads\/2021\/10\/cropped-fgg.png","width":512,"height":512,"caption":"Global Hookah"},"image":{"@id":"https:\/\/global-hookah.com\/#\/schema\/logo\/image\/"}}]}},"_links":{"self":[{"href":"https:\/\/global-hookah.com\/es\/wp-json\/wp\/v2\/product\/12280","targetHints":{"allow":["GET"]}}],"collection":[{"href":"https:\/\/global-hookah.com\/es\/wp-json\/wp\/v2\/product"}],"about":[{"href":"https:\/\/global-hookah.com\/es\/wp-json\/wp\/v2\/types\/product"}],"replies":[{"embeddable":true,"href":"https:\/\/global-hookah.com\/es\/wp-json\/wp\/v2\/comments?post=12280"}],"version-history":[{"count":0,"href":"https:\/\/global-hookah.com\/es\/wp-json\/wp\/v2\/product\/12280\/revisions"}],"wp:featuredmedia":[{"embeddable":true,"href":"https:\/\/global-hookah.com\/es\/wp-json\/wp\/v2\/media\/12282"}],"wp:attachment":[{"href":"https:\/\/global-hookah.com\/es\/wp-json\/wp\/v2\/media?parent=12280"}],"wp:term":[{"taxonomy":"product_brand","embeddable":true,"href":"https:\/\/global-hookah.com\/es\/wp-json\/wp\/v2\/product_brand?post=12280"},{"taxonomy":"product_cat","embeddable":true,"href":"https:\/\/global-hookah.com\/es\/wp-json\/wp\/v2\/product_cat?post=12280"},{"taxonomy":"product_tag","embeddable":true,"href":"https:\/\/global-hookah.com\/es\/wp-json\/wp\/v2\/product_tag?post=12280"}],"curies":[{"name":"wp","href":"https:\/\/api.w.org\/{rel}","templated":true}]}}