{"id":12306,"date":"2023-06-19T02:49:01","date_gmt":"2023-06-19T02:49:01","guid":{"rendered":"https:\/\/global-hookah.com\/?post_type=product&#038;p=12306"},"modified":"2024-01-12T07:49:33","modified_gmt":"2024-01-12T07:49:33","slug":"stainless-steel-russian-hookah-wholesale","status":"publish","type":"product","link":"https:\/\/global-hookah.com\/es\/producto\/stainless-steel-russian-hookah-wholesale\/","title":{"rendered":"Narguile ruso de acero inoxidable al por mayor"},"content":{"rendered":"<p>Nos sentimos muy satisfechos de los excelentes elogios que recibimos de nuestros clientes por la excepcional calidad y la experiencia de fumar que ofrecen nuestros productos. <strong>venta al por mayor Hookahs rusos de acero inoxidable<\/strong> ofrecer como especialidad <strong>mayorista de este narguile ruso.<\/strong><\/p>\n<p>Nuestra <strong>Narguile ruso de acero inoxidable<\/strong>Una de sus caracter\u00edsticas especiales es el m\u00e9todo de uni\u00f3n a presi\u00f3n, que une el tallo a la base sin utilizar arandelas de goma. El rendimiento de la pipa de agua se ve mejorado por el fuerte sellado de su dise\u00f1o \u00fanico.<\/p>\n<p>Nuestra <strong>venta al por mayor Hookah ruso de acero inoxidable<\/strong> est\u00e1 dise\u00f1ado para ser f\u00e1cil de usar. Incluso sin una gu\u00eda de instalaci\u00f3n r\u00e1pida impresa, se puede montar f\u00e1cilmente. Adem\u00e1s, su calidad de construcci\u00f3n es impresionante, y el color es m\u00e1s atractivo de lo que esperan nuestros clientes.<\/p>\n<p>Al estar fabricado con vidrio de alta calidad, este <strong>narguile original<\/strong> es extremadamente port\u00e1til. Es la opci\u00f3n perfecta tanto para interiores como para exteriores, ya que est\u00e1 fabricada para soportar golpes accidentales y es f\u00e1cil de limpiar.<\/p>\n<p>Una goma resistente <a href=\"https:\/\/global-hookah.com\/\">manguera<\/a> con extremos met\u00e1licos se incluye con nuestro<strong> narguile original<\/strong>La conexi\u00f3n de la manguera utiliza juntas de goma para aumentar su durabilidad y proporcionar un flujo de aire m\u00e1s suave.<\/p>","protected":false},"excerpt":{"rendered":"<p>Nos sentimos muy satisfechos de los excelentes elogios que recibimos de nuestros clientes por la calidad excepcional y la experiencia de fumar.<\/p>","protected":false},"featured_media":12313,"comment_status":"open","ping_status":"closed","template":"","meta":{"iawp_total_views":9,"_joinchat":[]},"product_brand":[],"product_cat":[560,559,119],"product_tag":[],"class_list":{"0":"post-12306","1":"product","2":"type-product","3":"status-publish","4":"has-post-thumbnail","6":"product_cat-glass-hookah-wholesale","7":"product_cat-portable-hookah-wholesale","8":"product_cat-wholesale-hookah","10":"first","11":"instock","12":"shipping-taxable","13":"purchasable","14":"product-type-simple"},"yoast_head":"<!-- This site is optimized with the Yoast SEO Premium plugin v24.7 (Yoast SEO v26.8) - https:\/\/yoast.com\/product\/yoast-seo-premium-wordpress\/ -->\n<title>Stainless Steel Russian Hookah Wholesale - Global Hookah<\/title>\n<meta name=\"robots\" content=\"index, follow, max-snippet:-1, max-image-preview:large, max-video-preview:-1\" \/>\n<link rel=\"canonical\" href=\"https:\/\/global-hookah.com\/es\/producto\/stainless-steel-russian-hookah-wholesale\/\" \/>\n<meta property=\"og:locale\" content=\"es_ES\" \/>\n<meta property=\"og:type\" content=\"article\" \/>\n<meta property=\"og:title\" content=\"Stainless Steel Russian Hookah Wholesale\" \/>\n<meta property=\"og:description\" content=\"We take great satisfaction in the excellent acclaim we receive from our customers for the exceptional quality and smoking experience\" \/>\n<meta property=\"og:url\" content=\"https:\/\/global-hookah.com\/es\/producto\/stainless-steel-russian-hookah-wholesale\/\" \/>\n<meta property=\"og:site_name\" content=\"Global Hookah\" \/>\n<meta property=\"article:modified_time\" content=\"2024-01-12T07:49:33+00:00\" \/>\n<meta property=\"og:image\" content=\"https:\/\/global-hookah.com\/wp-content\/uploads\/2023\/06\/O1CN01gmBLuQ24JVquSTpNr_2211934627370-0-cib.jpg\" \/>\n\t<meta property=\"og:image:width\" content=\"1280\" \/>\n\t<meta property=\"og:image:height\" content=\"1280\" \/>\n\t<meta property=\"og:image:type\" content=\"image\/jpeg\" \/>\n<meta name=\"twitter:card\" content=\"summary_large_image\" \/>\n<meta name=\"twitter:label1\" content=\"Tiempo de lectura\" \/>\n\t<meta name=\"twitter:data1\" content=\"1 minuto\" \/>\n<script type=\"application\/ld+json\" class=\"yoast-schema-graph\">{\"@context\":\"https:\/\/schema.org\",\"@graph\":[{\"@type\":\"WebPage\",\"@id\":\"https:\/\/global-hookah.com\/product\/stainless-steel-russian-hookah-wholesale\/\",\"url\":\"https:\/\/global-hookah.com\/product\/stainless-steel-russian-hookah-wholesale\/\",\"name\":\"Stainless Steel Russian Hookah Wholesale - Global Hookah\",\"isPartOf\":{\"@id\":\"https:\/\/global-hookah.com\/#website\"},\"primaryImageOfPage\":{\"@id\":\"https:\/\/global-hookah.com\/product\/stainless-steel-russian-hookah-wholesale\/#primaryimage\"},\"image\":{\"@id\":\"https:\/\/global-hookah.com\/product\/stainless-steel-russian-hookah-wholesale\/#primaryimage\"},\"thumbnailUrl\":\"https:\/\/global-hookah.com\/wp-content\/uploads\/2023\/06\/O1CN01gmBLuQ24JVquSTpNr_2211934627370-0-cib.jpg\",\"datePublished\":\"2023-06-19T02:49:01+00:00\",\"dateModified\":\"2024-01-12T07:49:33+00:00\",\"breadcrumb\":{\"@id\":\"https:\/\/global-hookah.com\/product\/stainless-steel-russian-hookah-wholesale\/#breadcrumb\"},\"inLanguage\":\"es\",\"potentialAction\":[{\"@type\":\"ReadAction\",\"target\":[\"https:\/\/global-hookah.com\/product\/stainless-steel-russian-hookah-wholesale\/\"]}]},{\"@type\":\"ImageObject\",\"inLanguage\":\"es\",\"@id\":\"https:\/\/global-hookah.com\/product\/stainless-steel-russian-hookah-wholesale\/#primaryimage\",\"url\":\"https:\/\/global-hookah.com\/wp-content\/uploads\/2023\/06\/O1CN01gmBLuQ24JVquSTpNr_2211934627370-0-cib.jpg\",\"contentUrl\":\"https:\/\/global-hookah.com\/wp-content\/uploads\/2023\/06\/O1CN01gmBLuQ24JVquSTpNr_2211934627370-0-cib.jpg\",\"width\":1280,\"height\":1280,\"caption\":\"Stainless Steel Russian Hookah Wholesale\"},{\"@type\":\"BreadcrumbList\",\"@id\":\"https:\/\/global-hookah.com\/product\/stainless-steel-russian-hookah-wholesale\/#breadcrumb\",\"itemListElement\":[{\"@type\":\"ListItem\",\"position\":1,\"name\":\"Home\",\"item\":\"https:\/\/global-hookah.com\/\"},{\"@type\":\"ListItem\",\"position\":2,\"name\":\"Shop\",\"item\":\"https:\/\/global-hookah.com\/shop\/\"},{\"@type\":\"ListItem\",\"position\":3,\"name\":\"Stainless Steel Russian Hookah Wholesale\"}]},{\"@type\":\"WebSite\",\"@id\":\"https:\/\/global-hookah.com\/#website\",\"url\":\"https:\/\/global-hookah.com\/\",\"name\":\"Global Hookah\",\"description\":\"Global Hookah\",\"publisher\":{\"@id\":\"https:\/\/global-hookah.com\/#organization\"},\"potentialAction\":[{\"@type\":\"SearchAction\",\"target\":{\"@type\":\"EntryPoint\",\"urlTemplate\":\"https:\/\/global-hookah.com\/?s={search_term_string}\"},\"query-input\":{\"@type\":\"PropertyValueSpecification\",\"valueRequired\":true,\"valueName\":\"search_term_string\"}}],\"inLanguage\":\"es\"},{\"@type\":\"Organization\",\"@id\":\"https:\/\/global-hookah.com\/#organization\",\"name\":\"Global Hookah\",\"url\":\"https:\/\/global-hookah.com\/\",\"logo\":{\"@type\":\"ImageObject\",\"inLanguage\":\"es\",\"@id\":\"https:\/\/global-hookah.com\/#\/schema\/logo\/image\/\",\"url\":\"https:\/\/global-hookah.com\/wp-content\/uploads\/2021\/10\/cropped-fgg.png\",\"contentUrl\":\"https:\/\/global-hookah.com\/wp-content\/uploads\/2021\/10\/cropped-fgg.png\",\"width\":512,\"height\":512,\"caption\":\"Global Hookah\"},\"image\":{\"@id\":\"https:\/\/global-hookah.com\/#\/schema\/logo\/image\/\"}}]}<\/script>\n<!-- \/ Yoast SEO Premium plugin. -->","yoast_head_json":{"title":"Hookah ruso de acero inoxidable al por mayor - Global Hookah","robots":{"index":"index","follow":"follow","max-snippet":"max-snippet:-1","max-image-preview":"max-image-preview:large","max-video-preview":"max-video-preview:-1"},"canonical":"https:\/\/global-hookah.com\/es\/producto\/stainless-steel-russian-hookah-wholesale\/","og_locale":"es_ES","og_type":"article","og_title":"Stainless Steel Russian Hookah Wholesale","og_description":"We take great satisfaction in the excellent acclaim we receive from our customers for the exceptional quality and smoking experience","og_url":"https:\/\/global-hookah.com\/es\/producto\/stainless-steel-russian-hookah-wholesale\/","og_site_name":"Global Hookah","article_modified_time":"2024-01-12T07:49:33+00:00","og_image":[{"width":1280,"height":1280,"url":"https:\/\/global-hookah.com\/wp-content\/uploads\/2023\/06\/O1CN01gmBLuQ24JVquSTpNr_2211934627370-0-cib.jpg","type":"image\/jpeg"}],"twitter_card":"summary_large_image","twitter_misc":{"Tiempo de lectura":"1 minuto"},"schema":{"@context":"https:\/\/schema.org","@graph":[{"@type":"WebPage","@id":"https:\/\/global-hookah.com\/product\/stainless-steel-russian-hookah-wholesale\/","url":"https:\/\/global-hookah.com\/product\/stainless-steel-russian-hookah-wholesale\/","name":"Hookah ruso de acero inoxidable al por mayor - Global Hookah","isPartOf":{"@id":"https:\/\/global-hookah.com\/#website"},"primaryImageOfPage":{"@id":"https:\/\/global-hookah.com\/product\/stainless-steel-russian-hookah-wholesale\/#primaryimage"},"image":{"@id":"https:\/\/global-hookah.com\/product\/stainless-steel-russian-hookah-wholesale\/#primaryimage"},"thumbnailUrl":"https:\/\/global-hookah.com\/wp-content\/uploads\/2023\/06\/O1CN01gmBLuQ24JVquSTpNr_2211934627370-0-cib.jpg","datePublished":"2023-06-19T02:49:01+00:00","dateModified":"2024-01-12T07:49:33+00:00","breadcrumb":{"@id":"https:\/\/global-hookah.com\/product\/stainless-steel-russian-hookah-wholesale\/#breadcrumb"},"inLanguage":"es","potentialAction":[{"@type":"ReadAction","target":["https:\/\/global-hookah.com\/product\/stainless-steel-russian-hookah-wholesale\/"]}]},{"@type":"ImageObject","inLanguage":"es","@id":"https:\/\/global-hookah.com\/product\/stainless-steel-russian-hookah-wholesale\/#primaryimage","url":"https:\/\/global-hookah.com\/wp-content\/uploads\/2023\/06\/O1CN01gmBLuQ24JVquSTpNr_2211934627370-0-cib.jpg","contentUrl":"https:\/\/global-hookah.com\/wp-content\/uploads\/2023\/06\/O1CN01gmBLuQ24JVquSTpNr_2211934627370-0-cib.jpg","width":1280,"height":1280,"caption":"Stainless Steel Russian Hookah Wholesale"},{"@type":"BreadcrumbList","@id":"https:\/\/global-hookah.com\/product\/stainless-steel-russian-hookah-wholesale\/#breadcrumb","itemListElement":[{"@type":"ListItem","position":1,"name":"Home","item":"https:\/\/global-hookah.com\/"},{"@type":"ListItem","position":2,"name":"Shop","item":"https:\/\/global-hookah.com\/shop\/"},{"@type":"ListItem","position":3,"name":"Stainless Steel Russian Hookah Wholesale"}]},{"@type":"WebSite","@id":"https:\/\/global-hookah.com\/#website","url":"https:\/\/global-hookah.com\/","name":"Global Hookah","description":"Global Hookah","publisher":{"@id":"https:\/\/global-hookah.com\/#organization"},"potentialAction":[{"@type":"SearchAction","target":{"@type":"EntryPoint","urlTemplate":"https:\/\/global-hookah.com\/?s={search_term_string}"},"query-input":{"@type":"PropertyValueSpecification","valueRequired":true,"valueName":"search_term_string"}}],"inLanguage":"es"},{"@type":"Organization","@id":"https:\/\/global-hookah.com\/#organization","name":"Global Hookah","url":"https:\/\/global-hookah.com\/","logo":{"@type":"ImageObject","inLanguage":"es","@id":"https:\/\/global-hookah.com\/#\/schema\/logo\/image\/","url":"https:\/\/global-hookah.com\/wp-content\/uploads\/2021\/10\/cropped-fgg.png","contentUrl":"https:\/\/global-hookah.com\/wp-content\/uploads\/2021\/10\/cropped-fgg.png","width":512,"height":512,"caption":"Global Hookah"},"image":{"@id":"https:\/\/global-hookah.com\/#\/schema\/logo\/image\/"}}]}},"_links":{"self":[{"href":"https:\/\/global-hookah.com\/es\/wp-json\/wp\/v2\/product\/12306","targetHints":{"allow":["GET"]}}],"collection":[{"href":"https:\/\/global-hookah.com\/es\/wp-json\/wp\/v2\/product"}],"about":[{"href":"https:\/\/global-hookah.com\/es\/wp-json\/wp\/v2\/types\/product"}],"replies":[{"embeddable":true,"href":"https:\/\/global-hookah.com\/es\/wp-json\/wp\/v2\/comments?post=12306"}],"version-history":[{"count":0,"href":"https:\/\/global-hookah.com\/es\/wp-json\/wp\/v2\/product\/12306\/revisions"}],"wp:featuredmedia":[{"embeddable":true,"href":"https:\/\/global-hookah.com\/es\/wp-json\/wp\/v2\/media\/12313"}],"wp:attachment":[{"href":"https:\/\/global-hookah.com\/es\/wp-json\/wp\/v2\/media?parent=12306"}],"wp:term":[{"taxonomy":"product_brand","embeddable":true,"href":"https:\/\/global-hookah.com\/es\/wp-json\/wp\/v2\/product_brand?post=12306"},{"taxonomy":"product_cat","embeddable":true,"href":"https:\/\/global-hookah.com\/es\/wp-json\/wp\/v2\/product_cat?post=12306"},{"taxonomy":"product_tag","embeddable":true,"href":"https:\/\/global-hookah.com\/es\/wp-json\/wp\/v2\/product_tag?post=12306"}],"curies":[{"name":"wp","href":"https:\/\/api.w.org\/{rel}","templated":true}]}}