{"id":12317,"date":"2023-06-19T03:38:11","date_gmt":"2023-06-19T03:38:11","guid":{"rendered":"https:\/\/global-hookah.com\/?post_type=product&#038;p=12317"},"modified":"2023-06-19T05:19:41","modified_gmt":"2023-06-19T05:19:41","slug":"egyptian-style-metal-arabic-hookah-wholesale","status":"publish","type":"product","link":"https:\/\/global-hookah.com\/es\/producto\/egyptian-style-metal-arabic-hookah-wholesale\/","title":{"rendered":"Hookah \u00e1rabe de metal estilo egipcio al por mayor"},"content":{"rendered":"<p>Nuestra <strong>Narguile \u00e1rabe de metal estilo egipcio<\/strong> se caracteriza por su s\u00f3lida estructura y su v\u00e1stago inferior desmontable, que no s\u00f3lo facilita su almacenamiento, sino que tambi\u00e9n garantiza una potente experiencia de fumado.<\/p>\n<p>Con menos de 10 minutos de montaje sin complicaciones, este <strong>Narguile \u00e1rabe de metal<\/strong> se ha creado pensando en los usuarios principiantes. A pesar de su tama\u00f1o, el <strong>narguile egipcio<\/strong>\u00a0mantenimiento sencillo gracias a la facilidad con que pueden desmontarse sus piezas.<\/p>\n<p>La placa superior, que se fija a la base del cuenco, es muy popular entre nuestros clientes. Al colocar sobre \u00e9l una Nara o unas pinzas, no se producir\u00e1 ning\u00fan balanceo gracias a la notable estabilidad que proporciona. Cuando la base est\u00e1 dos tercios llena, el <strong>Hookah \u00e1rabe<\/strong> est\u00e1 dise\u00f1ado para aspirar de forma \u00f3ptima, proporcionando inhalaciones herm\u00e9ticas y potentes.<\/p>\n<p>Damos prioridad a la satisfacci\u00f3n del cliente, por lo que reemplazamos r\u00e1pidamente cualquier art\u00edculo que se entregue da\u00f1ado. Nuestro<strong> narguile egipcio<\/strong> es de metal de alta calidad y tiene un <a href=\"https:\/\/global-hookah.com\/\">manguera<\/a>Todo ello lo convierte en un Hookah \u00e1rabe realmente incre\u00edble. Adem\u00e1s, nuestro paquete viene con un mont\u00f3n de accesorios, proporcionando un valor fant\u00e1stico. Nos aseguramos de que todas las cosas est\u00e9n intactas y libres de piezas sueltas envolvi\u00e9ndolas cuidadosamente.<\/p>\n<p>Si necesita <strong>venda al por mayor este Hookah \u00e1rabe de metal de estilo egipcio<\/strong> p\u00f3ngase en contacto con nosotros por correo<\/p>","protected":false},"excerpt":{"rendered":"<p>Nuestra narguile \u00e1rabe de metal de estilo egipcio se caracteriza por su s\u00f3lida estructura y su tallo inferior desmontable, que no s\u00f3lo hace que<\/p>","protected":false},"featured_media":12321,"comment_status":"open","ping_status":"closed","template":"","meta":{"iawp_total_views":1,"_joinchat":[]},"product_brand":[],"product_cat":[119],"product_tag":[],"class_list":{"0":"post-12317","1":"product","2":"type-product","3":"status-publish","4":"has-post-thumbnail","6":"product_cat-wholesale-hookah","8":"first","9":"instock","10":"shipping-taxable","11":"purchasable","12":"product-type-simple"},"yoast_head":"<!-- This site is optimized with the Yoast SEO Premium plugin v24.7 (Yoast SEO v26.8) - https:\/\/yoast.com\/product\/yoast-seo-premium-wordpress\/ -->\n<title>Egyptian Style Metal Arabic Hookah Wholesale - Global Hookah<\/title>\n<meta name=\"robots\" content=\"index, follow, max-snippet:-1, max-image-preview:large, max-video-preview:-1\" \/>\n<link rel=\"canonical\" href=\"https:\/\/global-hookah.com\/es\/producto\/egyptian-style-metal-arabic-hookah-wholesale\/\" \/>\n<meta property=\"og:locale\" content=\"es_ES\" \/>\n<meta property=\"og:type\" content=\"article\" \/>\n<meta property=\"og:title\" content=\"Egyptian Style Metal Arabic Hookah Wholesale\" \/>\n<meta property=\"og:description\" content=\"Our Egyptian Style Metal Arabic Hookah is characterized by its solid structure and detachable lower stem, which not only makes\" \/>\n<meta property=\"og:url\" content=\"https:\/\/global-hookah.com\/es\/producto\/egyptian-style-metal-arabic-hookah-wholesale\/\" \/>\n<meta property=\"og:site_name\" content=\"Global Hookah\" \/>\n<meta property=\"article:modified_time\" content=\"2023-06-19T05:19:41+00:00\" \/>\n<meta property=\"og:image\" content=\"https:\/\/global-hookah.com\/wp-content\/uploads\/2023\/06\/O1CN014CCmBx23khgB0mxRv_2201231717294-0-cib.jpg\" \/>\n\t<meta property=\"og:image:width\" content=\"1500\" \/>\n\t<meta property=\"og:image:height\" content=\"1500\" \/>\n\t<meta property=\"og:image:type\" content=\"image\/jpeg\" \/>\n<meta name=\"twitter:card\" content=\"summary_large_image\" \/>\n<meta name=\"twitter:label1\" content=\"Tiempo de lectura\" \/>\n\t<meta name=\"twitter:data1\" content=\"1 minuto\" \/>\n<script type=\"application\/ld+json\" class=\"yoast-schema-graph\">{\"@context\":\"https:\/\/schema.org\",\"@graph\":[{\"@type\":\"WebPage\",\"@id\":\"https:\/\/global-hookah.com\/product\/egyptian-style-metal-arabic-hookah-wholesale\/\",\"url\":\"https:\/\/global-hookah.com\/product\/egyptian-style-metal-arabic-hookah-wholesale\/\",\"name\":\"Egyptian Style Metal Arabic Hookah Wholesale - Global Hookah\",\"isPartOf\":{\"@id\":\"https:\/\/global-hookah.com\/#website\"},\"primaryImageOfPage\":{\"@id\":\"https:\/\/global-hookah.com\/product\/egyptian-style-metal-arabic-hookah-wholesale\/#primaryimage\"},\"image\":{\"@id\":\"https:\/\/global-hookah.com\/product\/egyptian-style-metal-arabic-hookah-wholesale\/#primaryimage\"},\"thumbnailUrl\":\"https:\/\/global-hookah.com\/wp-content\/uploads\/2023\/06\/O1CN014CCmBx23khgB0mxRv_2201231717294-0-cib.jpg\",\"datePublished\":\"2023-06-19T03:38:11+00:00\",\"dateModified\":\"2023-06-19T05:19:41+00:00\",\"breadcrumb\":{\"@id\":\"https:\/\/global-hookah.com\/product\/egyptian-style-metal-arabic-hookah-wholesale\/#breadcrumb\"},\"inLanguage\":\"es\",\"potentialAction\":[{\"@type\":\"ReadAction\",\"target\":[\"https:\/\/global-hookah.com\/product\/egyptian-style-metal-arabic-hookah-wholesale\/\"]}]},{\"@type\":\"ImageObject\",\"inLanguage\":\"es\",\"@id\":\"https:\/\/global-hookah.com\/product\/egyptian-style-metal-arabic-hookah-wholesale\/#primaryimage\",\"url\":\"https:\/\/global-hookah.com\/wp-content\/uploads\/2023\/06\/O1CN014CCmBx23khgB0mxRv_2201231717294-0-cib.jpg\",\"contentUrl\":\"https:\/\/global-hookah.com\/wp-content\/uploads\/2023\/06\/O1CN014CCmBx23khgB0mxRv_2201231717294-0-cib.jpg\",\"width\":1500,\"height\":1500},{\"@type\":\"BreadcrumbList\",\"@id\":\"https:\/\/global-hookah.com\/product\/egyptian-style-metal-arabic-hookah-wholesale\/#breadcrumb\",\"itemListElement\":[{\"@type\":\"ListItem\",\"position\":1,\"name\":\"Home\",\"item\":\"https:\/\/global-hookah.com\/\"},{\"@type\":\"ListItem\",\"position\":2,\"name\":\"Shop\",\"item\":\"https:\/\/global-hookah.com\/shop\/\"},{\"@type\":\"ListItem\",\"position\":3,\"name\":\"Egyptian Style Metal Arabic Hookah Wholesale\"}]},{\"@type\":\"WebSite\",\"@id\":\"https:\/\/global-hookah.com\/#website\",\"url\":\"https:\/\/global-hookah.com\/\",\"name\":\"Global Hookah\",\"description\":\"Global Hookah\",\"publisher\":{\"@id\":\"https:\/\/global-hookah.com\/#organization\"},\"potentialAction\":[{\"@type\":\"SearchAction\",\"target\":{\"@type\":\"EntryPoint\",\"urlTemplate\":\"https:\/\/global-hookah.com\/?s={search_term_string}\"},\"query-input\":{\"@type\":\"PropertyValueSpecification\",\"valueRequired\":true,\"valueName\":\"search_term_string\"}}],\"inLanguage\":\"es\"},{\"@type\":\"Organization\",\"@id\":\"https:\/\/global-hookah.com\/#organization\",\"name\":\"Global Hookah\",\"url\":\"https:\/\/global-hookah.com\/\",\"logo\":{\"@type\":\"ImageObject\",\"inLanguage\":\"es\",\"@id\":\"https:\/\/global-hookah.com\/#\/schema\/logo\/image\/\",\"url\":\"https:\/\/global-hookah.com\/wp-content\/uploads\/2021\/10\/cropped-fgg.png\",\"contentUrl\":\"https:\/\/global-hookah.com\/wp-content\/uploads\/2021\/10\/cropped-fgg.png\",\"width\":512,\"height\":512,\"caption\":\"Global Hookah\"},\"image\":{\"@id\":\"https:\/\/global-hookah.com\/#\/schema\/logo\/image\/\"}}]}<\/script>\n<!-- \/ Yoast SEO Premium plugin. -->","yoast_head_json":{"title":"Hookah \u00e1rabe de metal estilo egipcio al por mayor - Global Hookah","robots":{"index":"index","follow":"follow","max-snippet":"max-snippet:-1","max-image-preview":"max-image-preview:large","max-video-preview":"max-video-preview:-1"},"canonical":"https:\/\/global-hookah.com\/es\/producto\/egyptian-style-metal-arabic-hookah-wholesale\/","og_locale":"es_ES","og_type":"article","og_title":"Egyptian Style Metal Arabic Hookah Wholesale","og_description":"Our Egyptian Style Metal Arabic Hookah is characterized by its solid structure and detachable lower stem, which not only makes","og_url":"https:\/\/global-hookah.com\/es\/producto\/egyptian-style-metal-arabic-hookah-wholesale\/","og_site_name":"Global Hookah","article_modified_time":"2023-06-19T05:19:41+00:00","og_image":[{"width":1500,"height":1500,"url":"https:\/\/global-hookah.com\/wp-content\/uploads\/2023\/06\/O1CN014CCmBx23khgB0mxRv_2201231717294-0-cib.jpg","type":"image\/jpeg"}],"twitter_card":"summary_large_image","twitter_misc":{"Tiempo de lectura":"1 minuto"},"schema":{"@context":"https:\/\/schema.org","@graph":[{"@type":"WebPage","@id":"https:\/\/global-hookah.com\/product\/egyptian-style-metal-arabic-hookah-wholesale\/","url":"https:\/\/global-hookah.com\/product\/egyptian-style-metal-arabic-hookah-wholesale\/","name":"Hookah \u00e1rabe de metal estilo egipcio al por mayor - Global Hookah","isPartOf":{"@id":"https:\/\/global-hookah.com\/#website"},"primaryImageOfPage":{"@id":"https:\/\/global-hookah.com\/product\/egyptian-style-metal-arabic-hookah-wholesale\/#primaryimage"},"image":{"@id":"https:\/\/global-hookah.com\/product\/egyptian-style-metal-arabic-hookah-wholesale\/#primaryimage"},"thumbnailUrl":"https:\/\/global-hookah.com\/wp-content\/uploads\/2023\/06\/O1CN014CCmBx23khgB0mxRv_2201231717294-0-cib.jpg","datePublished":"2023-06-19T03:38:11+00:00","dateModified":"2023-06-19T05:19:41+00:00","breadcrumb":{"@id":"https:\/\/global-hookah.com\/product\/egyptian-style-metal-arabic-hookah-wholesale\/#breadcrumb"},"inLanguage":"es","potentialAction":[{"@type":"ReadAction","target":["https:\/\/global-hookah.com\/product\/egyptian-style-metal-arabic-hookah-wholesale\/"]}]},{"@type":"ImageObject","inLanguage":"es","@id":"https:\/\/global-hookah.com\/product\/egyptian-style-metal-arabic-hookah-wholesale\/#primaryimage","url":"https:\/\/global-hookah.com\/wp-content\/uploads\/2023\/06\/O1CN014CCmBx23khgB0mxRv_2201231717294-0-cib.jpg","contentUrl":"https:\/\/global-hookah.com\/wp-content\/uploads\/2023\/06\/O1CN014CCmBx23khgB0mxRv_2201231717294-0-cib.jpg","width":1500,"height":1500},{"@type":"BreadcrumbList","@id":"https:\/\/global-hookah.com\/product\/egyptian-style-metal-arabic-hookah-wholesale\/#breadcrumb","itemListElement":[{"@type":"ListItem","position":1,"name":"Home","item":"https:\/\/global-hookah.com\/"},{"@type":"ListItem","position":2,"name":"Shop","item":"https:\/\/global-hookah.com\/shop\/"},{"@type":"ListItem","position":3,"name":"Egyptian Style Metal Arabic Hookah Wholesale"}]},{"@type":"WebSite","@id":"https:\/\/global-hookah.com\/#website","url":"https:\/\/global-hookah.com\/","name":"Global Hookah","description":"Global Hookah","publisher":{"@id":"https:\/\/global-hookah.com\/#organization"},"potentialAction":[{"@type":"SearchAction","target":{"@type":"EntryPoint","urlTemplate":"https:\/\/global-hookah.com\/?s={search_term_string}"},"query-input":{"@type":"PropertyValueSpecification","valueRequired":true,"valueName":"search_term_string"}}],"inLanguage":"es"},{"@type":"Organization","@id":"https:\/\/global-hookah.com\/#organization","name":"Global Hookah","url":"https:\/\/global-hookah.com\/","logo":{"@type":"ImageObject","inLanguage":"es","@id":"https:\/\/global-hookah.com\/#\/schema\/logo\/image\/","url":"https:\/\/global-hookah.com\/wp-content\/uploads\/2021\/10\/cropped-fgg.png","contentUrl":"https:\/\/global-hookah.com\/wp-content\/uploads\/2021\/10\/cropped-fgg.png","width":512,"height":512,"caption":"Global Hookah"},"image":{"@id":"https:\/\/global-hookah.com\/#\/schema\/logo\/image\/"}}]}},"_links":{"self":[{"href":"https:\/\/global-hookah.com\/es\/wp-json\/wp\/v2\/product\/12317","targetHints":{"allow":["GET"]}}],"collection":[{"href":"https:\/\/global-hookah.com\/es\/wp-json\/wp\/v2\/product"}],"about":[{"href":"https:\/\/global-hookah.com\/es\/wp-json\/wp\/v2\/types\/product"}],"replies":[{"embeddable":true,"href":"https:\/\/global-hookah.com\/es\/wp-json\/wp\/v2\/comments?post=12317"}],"version-history":[{"count":0,"href":"https:\/\/global-hookah.com\/es\/wp-json\/wp\/v2\/product\/12317\/revisions"}],"wp:featuredmedia":[{"embeddable":true,"href":"https:\/\/global-hookah.com\/es\/wp-json\/wp\/v2\/media\/12321"}],"wp:attachment":[{"href":"https:\/\/global-hookah.com\/es\/wp-json\/wp\/v2\/media?parent=12317"}],"wp:term":[{"taxonomy":"product_brand","embeddable":true,"href":"https:\/\/global-hookah.com\/es\/wp-json\/wp\/v2\/product_brand?post=12317"},{"taxonomy":"product_cat","embeddable":true,"href":"https:\/\/global-hookah.com\/es\/wp-json\/wp\/v2\/product_cat?post=12317"},{"taxonomy":"product_tag","embeddable":true,"href":"https:\/\/global-hookah.com\/es\/wp-json\/wp\/v2\/product_tag?post=12317"}],"curies":[{"name":"wp","href":"https:\/\/api.w.org\/{rel}","templated":true}]}}