{"id":12606,"date":"2023-06-23T03:25:21","date_gmt":"2023-06-23T03:25:21","guid":{"rendered":"https:\/\/global-hookah.com\/?post_type=product&#038;p=12606"},"modified":"2023-07-03T13:21:16","modified_gmt":"2023-07-03T13:21:16","slug":"purple-dab-rigs-gravity-bong-wholesale","status":"publish","type":"product","link":"https:\/\/global-hookah.com\/es\/producto\/purple-dab-rigs-gravity-bong-wholesale\/","title":{"rendered":"Dab Rigs Gravity Bong Morado al por mayor"},"content":{"rendered":"<p>En <strong>equipo de dab morado<\/strong> es una forma estupenda de disfrutar de los concentrados. Esta pieza presenta un <a href=\"https:\/\/global-hookah.com\/\">v\u00e1stago fijo<\/a> y percolador sin juntas, que le permite vaporizar f\u00e1cilmente sus ceras y aceites favoritos. Este <strong>Purple Dab Rigs Gravity Bong<\/strong> es de vidrio de alta calidad y tiene una base pesada para mayor estabilidad. y porque <strong>Purple Dab Rigs Gravity Bong<\/strong> tiene una c\u00e1mara de agua, que enfr\u00eda el humo y lo filtra al mismo tiempo. Incluso puede a\u00f1adir f\u00e1cilmente cubitos de hielo o hielo picado para enfriar a\u00fan m\u00e1s el humo.<\/p>\n<p>Este bong de gravedad es una gran opci\u00f3n para cualquiera que quiera fumar sus concentrados favoritos sobre la marcha. El percolador en forma de panal hace que el humo pase a trav\u00e9s del agua para enfriarlo antes de llegar a tus pulmones y a\u00f1ade sabor extra a tu humo. Incluso puedes a\u00f1adir un agujero para carbohidratos en el lateral para conseguir un efecto a\u00fan m\u00e1s suave.<\/p>","protected":false},"excerpt":{"rendered":"<p>El dab rig p\u00farpura es una gran manera de disfrutar de los concentrados. Esta pieza cuenta con un v\u00e1stago fijo y un percolador sin juntas,<\/p>","protected":false},"featured_media":12610,"comment_status":"open","ping_status":"closed","template":"","meta":{"iawp_total_views":3,"_joinchat":[]},"product_brand":[],"product_cat":[249],"product_tag":[],"class_list":{"0":"post-12606","1":"product","2":"type-product","3":"status-publish","4":"has-post-thumbnail","6":"product_cat-bong-wholesale","8":"first","9":"instock","10":"shipping-taxable","11":"product-type-simple"},"yoast_head":"<!-- This site is optimized with the Yoast SEO Premium plugin v24.7 (Yoast SEO v26.8) - https:\/\/yoast.com\/product\/yoast-seo-premium-wordpress\/ -->\n<title>Purple Dab Rigs Gravity Bong Wholesale - Global Hookah<\/title>\n<meta name=\"robots\" content=\"index, follow, max-snippet:-1, max-image-preview:large, max-video-preview:-1\" \/>\n<link rel=\"canonical\" href=\"https:\/\/global-hookah.com\/es\/producto\/purple-dab-rigs-gravity-bong-wholesale\/\" \/>\n<meta property=\"og:locale\" content=\"es_ES\" \/>\n<meta property=\"og:type\" content=\"article\" \/>\n<meta property=\"og:title\" content=\"Purple Dab Rigs Gravity Bong Wholesale\" \/>\n<meta property=\"og:description\" content=\"The purple dab rig is a great way to enjoy concentrates. This piece features a fixed downstem and jointless percolator,\" \/>\n<meta property=\"og:url\" content=\"https:\/\/global-hookah.com\/es\/producto\/purple-dab-rigs-gravity-bong-wholesale\/\" \/>\n<meta property=\"og:site_name\" content=\"Global Hookah\" \/>\n<meta property=\"article:modified_time\" content=\"2023-07-03T13:21:16+00:00\" \/>\n<meta property=\"og:image\" content=\"https:\/\/global-hookah.com\/wp-content\/uploads\/2023\/06\/1683280006957-cae36df6728b49b696bb485f43b2fc2f-goods.png\" \/>\n\t<meta property=\"og:image:width\" content=\"800\" \/>\n\t<meta property=\"og:image:height\" content=\"800\" \/>\n\t<meta property=\"og:image:type\" content=\"image\/png\" \/>\n<meta name=\"twitter:card\" content=\"summary_large_image\" \/>\n<meta name=\"twitter:label1\" content=\"Tiempo de lectura\" \/>\n\t<meta name=\"twitter:data1\" content=\"1 minuto\" \/>\n<script type=\"application\/ld+json\" class=\"yoast-schema-graph\">{\"@context\":\"https:\/\/schema.org\",\"@graph\":[{\"@type\":\"WebPage\",\"@id\":\"https:\/\/global-hookah.com\/product\/purple-dab-rigs-gravity-bong-wholesale\/\",\"url\":\"https:\/\/global-hookah.com\/product\/purple-dab-rigs-gravity-bong-wholesale\/\",\"name\":\"Purple Dab Rigs Gravity Bong Wholesale - Global Hookah\",\"isPartOf\":{\"@id\":\"https:\/\/global-hookah.com\/#website\"},\"primaryImageOfPage\":{\"@id\":\"https:\/\/global-hookah.com\/product\/purple-dab-rigs-gravity-bong-wholesale\/#primaryimage\"},\"image\":{\"@id\":\"https:\/\/global-hookah.com\/product\/purple-dab-rigs-gravity-bong-wholesale\/#primaryimage\"},\"thumbnailUrl\":\"https:\/\/global-hookah.com\/wp-content\/uploads\/2023\/06\/1683280006957-cae36df6728b49b696bb485f43b2fc2f-goods.png\",\"datePublished\":\"2023-06-23T03:25:21+00:00\",\"dateModified\":\"2023-07-03T13:21:16+00:00\",\"breadcrumb\":{\"@id\":\"https:\/\/global-hookah.com\/product\/purple-dab-rigs-gravity-bong-wholesale\/#breadcrumb\"},\"inLanguage\":\"es\",\"potentialAction\":[{\"@type\":\"ReadAction\",\"target\":[\"https:\/\/global-hookah.com\/product\/purple-dab-rigs-gravity-bong-wholesale\/\"]}]},{\"@type\":\"ImageObject\",\"inLanguage\":\"es\",\"@id\":\"https:\/\/global-hookah.com\/product\/purple-dab-rigs-gravity-bong-wholesale\/#primaryimage\",\"url\":\"https:\/\/global-hookah.com\/wp-content\/uploads\/2023\/06\/1683280006957-cae36df6728b49b696bb485f43b2fc2f-goods.png\",\"contentUrl\":\"https:\/\/global-hookah.com\/wp-content\/uploads\/2023\/06\/1683280006957-cae36df6728b49b696bb485f43b2fc2f-goods.png\",\"width\":800,\"height\":800,\"caption\":\"Purple Dab Rigs Gravity Bong Wholesale\"},{\"@type\":\"BreadcrumbList\",\"@id\":\"https:\/\/global-hookah.com\/product\/purple-dab-rigs-gravity-bong-wholesale\/#breadcrumb\",\"itemListElement\":[{\"@type\":\"ListItem\",\"position\":1,\"name\":\"Home\",\"item\":\"https:\/\/global-hookah.com\/\"},{\"@type\":\"ListItem\",\"position\":2,\"name\":\"Shop\",\"item\":\"https:\/\/global-hookah.com\/shop\/\"},{\"@type\":\"ListItem\",\"position\":3,\"name\":\"Purple Dab Rigs Gravity Bong Wholesale\"}]},{\"@type\":\"WebSite\",\"@id\":\"https:\/\/global-hookah.com\/#website\",\"url\":\"https:\/\/global-hookah.com\/\",\"name\":\"Global Hookah\",\"description\":\"Global Hookah\",\"publisher\":{\"@id\":\"https:\/\/global-hookah.com\/#organization\"},\"potentialAction\":[{\"@type\":\"SearchAction\",\"target\":{\"@type\":\"EntryPoint\",\"urlTemplate\":\"https:\/\/global-hookah.com\/?s={search_term_string}\"},\"query-input\":{\"@type\":\"PropertyValueSpecification\",\"valueRequired\":true,\"valueName\":\"search_term_string\"}}],\"inLanguage\":\"es\"},{\"@type\":\"Organization\",\"@id\":\"https:\/\/global-hookah.com\/#organization\",\"name\":\"Global Hookah\",\"url\":\"https:\/\/global-hookah.com\/\",\"logo\":{\"@type\":\"ImageObject\",\"inLanguage\":\"es\",\"@id\":\"https:\/\/global-hookah.com\/#\/schema\/logo\/image\/\",\"url\":\"https:\/\/global-hookah.com\/wp-content\/uploads\/2021\/10\/cropped-fgg.png\",\"contentUrl\":\"https:\/\/global-hookah.com\/wp-content\/uploads\/2021\/10\/cropped-fgg.png\",\"width\":512,\"height\":512,\"caption\":\"Global Hookah\"},\"image\":{\"@id\":\"https:\/\/global-hookah.com\/#\/schema\/logo\/image\/\"}}]}<\/script>\n<!-- \/ Yoast SEO Premium plugin. -->","yoast_head_json":{"title":"Purple Dab Rigs Gravity Bong al por mayor - Global Hookah","robots":{"index":"index","follow":"follow","max-snippet":"max-snippet:-1","max-image-preview":"max-image-preview:large","max-video-preview":"max-video-preview:-1"},"canonical":"https:\/\/global-hookah.com\/es\/producto\/purple-dab-rigs-gravity-bong-wholesale\/","og_locale":"es_ES","og_type":"article","og_title":"Purple Dab Rigs Gravity Bong Wholesale","og_description":"The purple dab rig is a great way to enjoy concentrates. This piece features a fixed downstem and jointless percolator,","og_url":"https:\/\/global-hookah.com\/es\/producto\/purple-dab-rigs-gravity-bong-wholesale\/","og_site_name":"Global Hookah","article_modified_time":"2023-07-03T13:21:16+00:00","og_image":[{"width":800,"height":800,"url":"https:\/\/global-hookah.com\/wp-content\/uploads\/2023\/06\/1683280006957-cae36df6728b49b696bb485f43b2fc2f-goods.png","type":"image\/png"}],"twitter_card":"summary_large_image","twitter_misc":{"Tiempo de lectura":"1 minuto"},"schema":{"@context":"https:\/\/schema.org","@graph":[{"@type":"WebPage","@id":"https:\/\/global-hookah.com\/product\/purple-dab-rigs-gravity-bong-wholesale\/","url":"https:\/\/global-hookah.com\/product\/purple-dab-rigs-gravity-bong-wholesale\/","name":"Purple Dab Rigs Gravity Bong al por mayor - Global Hookah","isPartOf":{"@id":"https:\/\/global-hookah.com\/#website"},"primaryImageOfPage":{"@id":"https:\/\/global-hookah.com\/product\/purple-dab-rigs-gravity-bong-wholesale\/#primaryimage"},"image":{"@id":"https:\/\/global-hookah.com\/product\/purple-dab-rigs-gravity-bong-wholesale\/#primaryimage"},"thumbnailUrl":"https:\/\/global-hookah.com\/wp-content\/uploads\/2023\/06\/1683280006957-cae36df6728b49b696bb485f43b2fc2f-goods.png","datePublished":"2023-06-23T03:25:21+00:00","dateModified":"2023-07-03T13:21:16+00:00","breadcrumb":{"@id":"https:\/\/global-hookah.com\/product\/purple-dab-rigs-gravity-bong-wholesale\/#breadcrumb"},"inLanguage":"es","potentialAction":[{"@type":"ReadAction","target":["https:\/\/global-hookah.com\/product\/purple-dab-rigs-gravity-bong-wholesale\/"]}]},{"@type":"ImageObject","inLanguage":"es","@id":"https:\/\/global-hookah.com\/product\/purple-dab-rigs-gravity-bong-wholesale\/#primaryimage","url":"https:\/\/global-hookah.com\/wp-content\/uploads\/2023\/06\/1683280006957-cae36df6728b49b696bb485f43b2fc2f-goods.png","contentUrl":"https:\/\/global-hookah.com\/wp-content\/uploads\/2023\/06\/1683280006957-cae36df6728b49b696bb485f43b2fc2f-goods.png","width":800,"height":800,"caption":"Purple Dab Rigs Gravity Bong Wholesale"},{"@type":"BreadcrumbList","@id":"https:\/\/global-hookah.com\/product\/purple-dab-rigs-gravity-bong-wholesale\/#breadcrumb","itemListElement":[{"@type":"ListItem","position":1,"name":"Home","item":"https:\/\/global-hookah.com\/"},{"@type":"ListItem","position":2,"name":"Shop","item":"https:\/\/global-hookah.com\/shop\/"},{"@type":"ListItem","position":3,"name":"Purple Dab Rigs Gravity Bong Wholesale"}]},{"@type":"WebSite","@id":"https:\/\/global-hookah.com\/#website","url":"https:\/\/global-hookah.com\/","name":"Global Hookah","description":"Global Hookah","publisher":{"@id":"https:\/\/global-hookah.com\/#organization"},"potentialAction":[{"@type":"SearchAction","target":{"@type":"EntryPoint","urlTemplate":"https:\/\/global-hookah.com\/?s={search_term_string}"},"query-input":{"@type":"PropertyValueSpecification","valueRequired":true,"valueName":"search_term_string"}}],"inLanguage":"es"},{"@type":"Organization","@id":"https:\/\/global-hookah.com\/#organization","name":"Global Hookah","url":"https:\/\/global-hookah.com\/","logo":{"@type":"ImageObject","inLanguage":"es","@id":"https:\/\/global-hookah.com\/#\/schema\/logo\/image\/","url":"https:\/\/global-hookah.com\/wp-content\/uploads\/2021\/10\/cropped-fgg.png","contentUrl":"https:\/\/global-hookah.com\/wp-content\/uploads\/2021\/10\/cropped-fgg.png","width":512,"height":512,"caption":"Global Hookah"},"image":{"@id":"https:\/\/global-hookah.com\/#\/schema\/logo\/image\/"}}]}},"_links":{"self":[{"href":"https:\/\/global-hookah.com\/es\/wp-json\/wp\/v2\/product\/12606","targetHints":{"allow":["GET"]}}],"collection":[{"href":"https:\/\/global-hookah.com\/es\/wp-json\/wp\/v2\/product"}],"about":[{"href":"https:\/\/global-hookah.com\/es\/wp-json\/wp\/v2\/types\/product"}],"replies":[{"embeddable":true,"href":"https:\/\/global-hookah.com\/es\/wp-json\/wp\/v2\/comments?post=12606"}],"version-history":[{"count":0,"href":"https:\/\/global-hookah.com\/es\/wp-json\/wp\/v2\/product\/12606\/revisions"}],"wp:featuredmedia":[{"embeddable":true,"href":"https:\/\/global-hookah.com\/es\/wp-json\/wp\/v2\/media\/12610"}],"wp:attachment":[{"href":"https:\/\/global-hookah.com\/es\/wp-json\/wp\/v2\/media?parent=12606"}],"wp:term":[{"taxonomy":"product_brand","embeddable":true,"href":"https:\/\/global-hookah.com\/es\/wp-json\/wp\/v2\/product_brand?post=12606"},{"taxonomy":"product_cat","embeddable":true,"href":"https:\/\/global-hookah.com\/es\/wp-json\/wp\/v2\/product_cat?post=12606"},{"taxonomy":"product_tag","embeddable":true,"href":"https:\/\/global-hookah.com\/es\/wp-json\/wp\/v2\/product_tag?post=12606"}],"curies":[{"name":"wp","href":"https:\/\/api.w.org\/{rel}","templated":true}]}}