{"id":12615,"date":"2023-06-23T03:30:44","date_gmt":"2023-06-23T03:30:44","guid":{"rendered":"https:\/\/global-hookah.com\/?post_type=product&#038;p=12615"},"modified":"2023-06-24T08:24:13","modified_gmt":"2023-06-24T08:24:13","slug":"wholesale-beaker-bong","status":"publish","type":"product","link":"https:\/\/global-hookah.com\/es\/producto\/wholesale-beaker-bong\/","title":{"rendered":"Mayorista Beaker Bong"},"content":{"rendered":"<p>Utilice nuestro <strong>Beaker Bong<\/strong>Con un tubo de succi\u00f3n de mayor di\u00e1metro, puede proporcionar a los usuarios m\u00e1s funciones excelentes y hemos fortificado la base, haci\u00e9ndola m\u00e1s gruesa para una mayor estabilidad.<\/p>\n<p>Nuestra cazoleta redise\u00f1ada y el flujo descendente encajan a la perfecci\u00f3n, garantizando una experiencia de fumado perfecta. Para aquellos que no est\u00e9n seguros de cu\u00e1nta agua utilizar, proporcionamos instrucciones claras para los niveles \u00f3ptimos de agua, eliminando cualquier preocupaci\u00f3n de que el agua vuelva a escupir.<\/p>\n<p>Nuestra <strong>vaso de cristal Bong <\/strong>ahora cuenta con un cristal m\u00e1s grueso para una mayor durabilidad, lo que la convierte en la compa\u00f1era de viaje perfecta. Adem\u00e1s, cada compra est\u00e1 asegurada con un embalaje mejorado, dise\u00f1ado para mantener su producto seguro e intacto durante el transporte.<\/p>\n<p><strong>Venda al por mayor nuestro Beaker Bong<\/strong> te hace sentir diferente de <a href=\"https:\/\/global-hookah.com\/\">otros bongs de cristal<\/a><\/p>","protected":false},"excerpt":{"rendered":"<p>Utilice nuestro Beaker Bong, para aumentar su experiencia de fumar, que Con un tubo de succi\u00f3n de mayor di\u00e1metro, puede proporcionar a los usuarios con<\/p>","protected":false},"featured_media":12626,"comment_status":"open","ping_status":"closed","template":"","meta":{"iawp_total_views":1,"_joinchat":[]},"product_brand":[],"product_cat":[249],"product_tag":[],"class_list":{"0":"post-12615","1":"product","2":"type-product","3":"status-publish","4":"has-post-thumbnail","6":"product_cat-bong-wholesale","8":"first","9":"instock","10":"shipping-taxable","11":"product-type-simple"},"yoast_head":"<!-- This site is optimized with the Yoast SEO Premium plugin v24.7 (Yoast SEO v26.8) - https:\/\/yoast.com\/product\/yoast-seo-premium-wordpress\/ -->\n<title>Wholesale Beaker Bong - Global Hookah<\/title>\n<meta name=\"robots\" content=\"index, follow, max-snippet:-1, max-image-preview:large, max-video-preview:-1\" \/>\n<link rel=\"canonical\" href=\"https:\/\/global-hookah.com\/es\/producto\/wholesale-beaker-bong\/\" \/>\n<meta property=\"og:locale\" content=\"es_ES\" \/>\n<meta property=\"og:type\" content=\"article\" \/>\n<meta property=\"og:title\" content=\"Wholesale Beaker Bong\" \/>\n<meta property=\"og:description\" content=\"Use our Beaker Bong, to increase your smoking experience, it With a bigger diameter suction tube, can provide users with\" \/>\n<meta property=\"og:url\" content=\"https:\/\/global-hookah.com\/es\/producto\/wholesale-beaker-bong\/\" \/>\n<meta property=\"og:site_name\" content=\"Global Hookah\" \/>\n<meta property=\"article:modified_time\" content=\"2023-06-24T08:24:13+00:00\" \/>\n<meta property=\"og:image\" content=\"https:\/\/global-hookah.com\/wp-content\/uploads\/2023\/06\/ea2d4f74-c9fb-4def-a9a1-ca81f38870bb_1500x1500.jpeg\" \/>\n\t<meta property=\"og:image:width\" content=\"1500\" \/>\n\t<meta property=\"og:image:height\" content=\"1500\" \/>\n\t<meta property=\"og:image:type\" content=\"image\/jpeg\" \/>\n<meta name=\"twitter:card\" content=\"summary_large_image\" \/>\n<meta name=\"twitter:label1\" content=\"Tiempo de lectura\" \/>\n\t<meta name=\"twitter:data1\" content=\"1 minuto\" \/>\n<script type=\"application\/ld+json\" class=\"yoast-schema-graph\">{\"@context\":\"https:\/\/schema.org\",\"@graph\":[{\"@type\":\"WebPage\",\"@id\":\"https:\/\/global-hookah.com\/product\/wholesale-beaker-bong\/\",\"url\":\"https:\/\/global-hookah.com\/product\/wholesale-beaker-bong\/\",\"name\":\"Wholesale Beaker Bong - Global Hookah\",\"isPartOf\":{\"@id\":\"https:\/\/global-hookah.com\/#website\"},\"primaryImageOfPage\":{\"@id\":\"https:\/\/global-hookah.com\/product\/wholesale-beaker-bong\/#primaryimage\"},\"image\":{\"@id\":\"https:\/\/global-hookah.com\/product\/wholesale-beaker-bong\/#primaryimage\"},\"thumbnailUrl\":\"https:\/\/global-hookah.com\/wp-content\/uploads\/2023\/06\/ea2d4f74-c9fb-4def-a9a1-ca81f38870bb_1500x1500.jpeg\",\"datePublished\":\"2023-06-23T03:30:44+00:00\",\"dateModified\":\"2023-06-24T08:24:13+00:00\",\"breadcrumb\":{\"@id\":\"https:\/\/global-hookah.com\/product\/wholesale-beaker-bong\/#breadcrumb\"},\"inLanguage\":\"es\",\"potentialAction\":[{\"@type\":\"ReadAction\",\"target\":[\"https:\/\/global-hookah.com\/product\/wholesale-beaker-bong\/\"]}]},{\"@type\":\"ImageObject\",\"inLanguage\":\"es\",\"@id\":\"https:\/\/global-hookah.com\/product\/wholesale-beaker-bong\/#primaryimage\",\"url\":\"https:\/\/global-hookah.com\/wp-content\/uploads\/2023\/06\/ea2d4f74-c9fb-4def-a9a1-ca81f38870bb_1500x1500.jpeg\",\"contentUrl\":\"https:\/\/global-hookah.com\/wp-content\/uploads\/2023\/06\/ea2d4f74-c9fb-4def-a9a1-ca81f38870bb_1500x1500.jpeg\",\"width\":1500,\"height\":1500,\"caption\":\"Wholesale Beaker Bong\"},{\"@type\":\"BreadcrumbList\",\"@id\":\"https:\/\/global-hookah.com\/product\/wholesale-beaker-bong\/#breadcrumb\",\"itemListElement\":[{\"@type\":\"ListItem\",\"position\":1,\"name\":\"Home\",\"item\":\"https:\/\/global-hookah.com\/\"},{\"@type\":\"ListItem\",\"position\":2,\"name\":\"Shop\",\"item\":\"https:\/\/global-hookah.com\/shop\/\"},{\"@type\":\"ListItem\",\"position\":3,\"name\":\"Wholesale Beaker Bong\"}]},{\"@type\":\"WebSite\",\"@id\":\"https:\/\/global-hookah.com\/#website\",\"url\":\"https:\/\/global-hookah.com\/\",\"name\":\"Global Hookah\",\"description\":\"Global Hookah\",\"publisher\":{\"@id\":\"https:\/\/global-hookah.com\/#organization\"},\"potentialAction\":[{\"@type\":\"SearchAction\",\"target\":{\"@type\":\"EntryPoint\",\"urlTemplate\":\"https:\/\/global-hookah.com\/?s={search_term_string}\"},\"query-input\":{\"@type\":\"PropertyValueSpecification\",\"valueRequired\":true,\"valueName\":\"search_term_string\"}}],\"inLanguage\":\"es\"},{\"@type\":\"Organization\",\"@id\":\"https:\/\/global-hookah.com\/#organization\",\"name\":\"Global Hookah\",\"url\":\"https:\/\/global-hookah.com\/\",\"logo\":{\"@type\":\"ImageObject\",\"inLanguage\":\"es\",\"@id\":\"https:\/\/global-hookah.com\/#\/schema\/logo\/image\/\",\"url\":\"https:\/\/global-hookah.com\/wp-content\/uploads\/2021\/10\/cropped-fgg.png\",\"contentUrl\":\"https:\/\/global-hookah.com\/wp-content\/uploads\/2021\/10\/cropped-fgg.png\",\"width\":512,\"height\":512,\"caption\":\"Global Hookah\"},\"image\":{\"@id\":\"https:\/\/global-hookah.com\/#\/schema\/logo\/image\/\"}}]}<\/script>\n<!-- \/ Yoast SEO Premium plugin. -->","yoast_head_json":{"title":"Wholesale Beaker Bong - Global Hookah","robots":{"index":"index","follow":"follow","max-snippet":"max-snippet:-1","max-image-preview":"max-image-preview:large","max-video-preview":"max-video-preview:-1"},"canonical":"https:\/\/global-hookah.com\/es\/producto\/wholesale-beaker-bong\/","og_locale":"es_ES","og_type":"article","og_title":"Wholesale Beaker Bong","og_description":"Use our Beaker Bong, to increase your smoking experience, it With a bigger diameter suction tube, can provide users with","og_url":"https:\/\/global-hookah.com\/es\/producto\/wholesale-beaker-bong\/","og_site_name":"Global Hookah","article_modified_time":"2023-06-24T08:24:13+00:00","og_image":[{"width":1500,"height":1500,"url":"https:\/\/global-hookah.com\/wp-content\/uploads\/2023\/06\/ea2d4f74-c9fb-4def-a9a1-ca81f38870bb_1500x1500.jpeg","type":"image\/jpeg"}],"twitter_card":"summary_large_image","twitter_misc":{"Tiempo de lectura":"1 minuto"},"schema":{"@context":"https:\/\/schema.org","@graph":[{"@type":"WebPage","@id":"https:\/\/global-hookah.com\/product\/wholesale-beaker-bong\/","url":"https:\/\/global-hookah.com\/product\/wholesale-beaker-bong\/","name":"Wholesale Beaker Bong - Global Hookah","isPartOf":{"@id":"https:\/\/global-hookah.com\/#website"},"primaryImageOfPage":{"@id":"https:\/\/global-hookah.com\/product\/wholesale-beaker-bong\/#primaryimage"},"image":{"@id":"https:\/\/global-hookah.com\/product\/wholesale-beaker-bong\/#primaryimage"},"thumbnailUrl":"https:\/\/global-hookah.com\/wp-content\/uploads\/2023\/06\/ea2d4f74-c9fb-4def-a9a1-ca81f38870bb_1500x1500.jpeg","datePublished":"2023-06-23T03:30:44+00:00","dateModified":"2023-06-24T08:24:13+00:00","breadcrumb":{"@id":"https:\/\/global-hookah.com\/product\/wholesale-beaker-bong\/#breadcrumb"},"inLanguage":"es","potentialAction":[{"@type":"ReadAction","target":["https:\/\/global-hookah.com\/product\/wholesale-beaker-bong\/"]}]},{"@type":"ImageObject","inLanguage":"es","@id":"https:\/\/global-hookah.com\/product\/wholesale-beaker-bong\/#primaryimage","url":"https:\/\/global-hookah.com\/wp-content\/uploads\/2023\/06\/ea2d4f74-c9fb-4def-a9a1-ca81f38870bb_1500x1500.jpeg","contentUrl":"https:\/\/global-hookah.com\/wp-content\/uploads\/2023\/06\/ea2d4f74-c9fb-4def-a9a1-ca81f38870bb_1500x1500.jpeg","width":1500,"height":1500,"caption":"Wholesale Beaker Bong"},{"@type":"BreadcrumbList","@id":"https:\/\/global-hookah.com\/product\/wholesale-beaker-bong\/#breadcrumb","itemListElement":[{"@type":"ListItem","position":1,"name":"Home","item":"https:\/\/global-hookah.com\/"},{"@type":"ListItem","position":2,"name":"Shop","item":"https:\/\/global-hookah.com\/shop\/"},{"@type":"ListItem","position":3,"name":"Wholesale Beaker Bong"}]},{"@type":"WebSite","@id":"https:\/\/global-hookah.com\/#website","url":"https:\/\/global-hookah.com\/","name":"Global Hookah","description":"Global Hookah","publisher":{"@id":"https:\/\/global-hookah.com\/#organization"},"potentialAction":[{"@type":"SearchAction","target":{"@type":"EntryPoint","urlTemplate":"https:\/\/global-hookah.com\/?s={search_term_string}"},"query-input":{"@type":"PropertyValueSpecification","valueRequired":true,"valueName":"search_term_string"}}],"inLanguage":"es"},{"@type":"Organization","@id":"https:\/\/global-hookah.com\/#organization","name":"Global Hookah","url":"https:\/\/global-hookah.com\/","logo":{"@type":"ImageObject","inLanguage":"es","@id":"https:\/\/global-hookah.com\/#\/schema\/logo\/image\/","url":"https:\/\/global-hookah.com\/wp-content\/uploads\/2021\/10\/cropped-fgg.png","contentUrl":"https:\/\/global-hookah.com\/wp-content\/uploads\/2021\/10\/cropped-fgg.png","width":512,"height":512,"caption":"Global Hookah"},"image":{"@id":"https:\/\/global-hookah.com\/#\/schema\/logo\/image\/"}}]}},"_links":{"self":[{"href":"https:\/\/global-hookah.com\/es\/wp-json\/wp\/v2\/product\/12615","targetHints":{"allow":["GET"]}}],"collection":[{"href":"https:\/\/global-hookah.com\/es\/wp-json\/wp\/v2\/product"}],"about":[{"href":"https:\/\/global-hookah.com\/es\/wp-json\/wp\/v2\/types\/product"}],"replies":[{"embeddable":true,"href":"https:\/\/global-hookah.com\/es\/wp-json\/wp\/v2\/comments?post=12615"}],"version-history":[{"count":0,"href":"https:\/\/global-hookah.com\/es\/wp-json\/wp\/v2\/product\/12615\/revisions"}],"wp:featuredmedia":[{"embeddable":true,"href":"https:\/\/global-hookah.com\/es\/wp-json\/wp\/v2\/media\/12626"}],"wp:attachment":[{"href":"https:\/\/global-hookah.com\/es\/wp-json\/wp\/v2\/media?parent=12615"}],"wp:term":[{"taxonomy":"product_brand","embeddable":true,"href":"https:\/\/global-hookah.com\/es\/wp-json\/wp\/v2\/product_brand?post=12615"},{"taxonomy":"product_cat","embeddable":true,"href":"https:\/\/global-hookah.com\/es\/wp-json\/wp\/v2\/product_cat?post=12615"},{"taxonomy":"product_tag","embeddable":true,"href":"https:\/\/global-hookah.com\/es\/wp-json\/wp\/v2\/product_tag?post=12615"}],"curies":[{"name":"wp","href":"https:\/\/api.w.org\/{rel}","templated":true}]}}