{"id":12643,"date":"2023-06-23T03:46:43","date_gmt":"2023-06-23T03:46:43","guid":{"rendered":"https:\/\/global-hookah.com\/?post_type=product&#038;p=12643"},"modified":"2023-07-03T13:00:40","modified_gmt":"2023-07-03T13:00:40","slug":"cartoon-custom-handmade-bong-wholesale","status":"publish","type":"product","link":"https:\/\/global-hookah.com\/es\/producto\/cartoon-custom-handmade-bong-wholesale\/","title":{"rendered":"Bong de dibujos animados hecho a mano al por mayor"},"content":{"rendered":"<p>El vidrio grueso de alta calidad utilizado para fabricar este <strong>Bong de dibujos animados hecho a mano <\/strong>tiene un dise\u00f1o exquisito. Esta cachimba tiene percoladores en forma de panal, que suavizan y realzan el sabor del humo. Por lo tanto, si est\u00e1 buscando <strong>Proveedores mayoristas de bongs personalizados hechos a mano<\/strong> que te haga feliz, \u00e9sta es una buena elecci\u00f3n.<\/p>\n<p>En <strong>Bong de vidrio soplado personalizado Cartoon<\/strong> es un <a href=\"https:\/\/global-hookah.com\/product-category\/bongs\/\">tuber\u00eda de agua premium de alta gama<\/a> que cuenta con una gran c\u00e1mara inferior. Este <strong>cachimba de cristal hecha a mano<\/strong> tiene un receptor de hielo, que te permite a\u00f1adir cubitos de hielo para enfriar el humo y conseguir un golpe m\u00e1s suave.<\/p>\n<p>y Esta colorida pipa presenta una variedad de personajes de dibujos animados impresos en la parte frontal del tubo. El dise\u00f1o se imprime directamente en la superficie del vidrio mediante una impresora de inyecci\u00f3n de tinta de alta definici\u00f3n que garantiza una vibraci\u00f3n y una saturaci\u00f3n del color duraderas.<\/p>\n<p>Estos<strong> bongs de cristal<\/strong> pueden conservarse como objetos de colecci\u00f3n o utilizarse de forma habitual. Para adaptarse a sus necesidades, las pipas est\u00e1n disponibles en una gran variedad de estilos y tonalidades. Puede elegir la pipa que m\u00e1s le convenga; tanto si quiere algo sencillo como algo intrincado con un dise\u00f1o \u00fanico, \u00a1tenemos lo que necesita!<\/p>\n<p>La caricatura m\u00e1s importante<strong> Bongs de vidrio soplado personalizados<\/strong> est\u00e1n dise\u00f1ados por un equipo de artistas y producidos en su propia f\u00e1brica. As\u00ed que si necesita<strong> vende al por mayor este Bong hecho a mano<\/strong> p\u00f3ngase en contacto con nosotros<\/p>","protected":false},"excerpt":{"rendered":"<p>El vidrio grueso de alta calidad utilizado para fabricar esta Bong Cartoon Custom Handmade tiene un dise\u00f1o exquisito. Este bong tiene nido de abeja<\/p>","protected":false},"featured_media":12650,"comment_status":"open","ping_status":"closed","template":"","meta":{"iawp_total_views":6,"_joinchat":[]},"product_brand":[],"product_cat":[249],"product_tag":[],"class_list":{"0":"post-12643","1":"product","2":"type-product","3":"status-publish","4":"has-post-thumbnail","6":"product_cat-bong-wholesale","8":"first","9":"instock","10":"shipping-taxable","11":"product-type-simple"},"yoast_head":"<!-- This site is optimized with the Yoast SEO Premium plugin v24.7 (Yoast SEO v26.8) - https:\/\/yoast.com\/product\/yoast-seo-premium-wordpress\/ -->\n<title>Cartoon Custom Handmade Bong Wholesale - Global Hookah<\/title>\n<meta name=\"robots\" content=\"index, follow, max-snippet:-1, max-image-preview:large, max-video-preview:-1\" \/>\n<link rel=\"canonical\" href=\"https:\/\/global-hookah.com\/es\/producto\/cartoon-custom-handmade-bong-wholesale\/\" \/>\n<meta property=\"og:locale\" content=\"es_ES\" \/>\n<meta property=\"og:type\" content=\"article\" \/>\n<meta property=\"og:title\" content=\"Cartoon Custom Handmade Bong Wholesale\" \/>\n<meta property=\"og:description\" content=\"The high-quality thick glass used to make this Cartoon Custom Handmade Bong has an exquisite design. This bong has honeycomb\" \/>\n<meta property=\"og:url\" content=\"https:\/\/global-hookah.com\/es\/producto\/cartoon-custom-handmade-bong-wholesale\/\" \/>\n<meta property=\"og:site_name\" content=\"Global Hookah\" \/>\n<meta property=\"article:modified_time\" content=\"2023-07-03T13:00:40+00:00\" \/>\n<meta property=\"og:image\" content=\"https:\/\/global-hookah.com\/wp-content\/uploads\/2023\/06\/8d390433221f36746944ceee5e554174-scaled.jpg\" \/>\n\t<meta property=\"og:image:width\" content=\"2560\" \/>\n\t<meta property=\"og:image:height\" content=\"2560\" \/>\n\t<meta property=\"og:image:type\" content=\"image\/jpeg\" \/>\n<meta name=\"twitter:card\" content=\"summary_large_image\" \/>\n<meta name=\"twitter:label1\" content=\"Tiempo de lectura\" \/>\n\t<meta name=\"twitter:data1\" content=\"1 minuto\" \/>\n<script type=\"application\/ld+json\" class=\"yoast-schema-graph\">{\"@context\":\"https:\/\/schema.org\",\"@graph\":[{\"@type\":\"WebPage\",\"@id\":\"https:\/\/global-hookah.com\/es\/producto\/cartoon-custom-handmade-bong-wholesale\/\",\"url\":\"https:\/\/global-hookah.com\/es\/producto\/cartoon-custom-handmade-bong-wholesale\/\",\"name\":\"Cartoon Custom Handmade Bong Wholesale - Global Hookah\",\"isPartOf\":{\"@id\":\"https:\/\/global-hookah.com\/#website\"},\"primaryImageOfPage\":{\"@id\":\"https:\/\/global-hookah.com\/es\/producto\/cartoon-custom-handmade-bong-wholesale\/#primaryimage\"},\"image\":{\"@id\":\"https:\/\/global-hookah.com\/es\/producto\/cartoon-custom-handmade-bong-wholesale\/#primaryimage\"},\"thumbnailUrl\":\"https:\/\/global-hookah.com\/wp-content\/uploads\/2023\/06\/8d390433221f36746944ceee5e554174-scaled.jpg\",\"datePublished\":\"2023-06-23T03:46:43+00:00\",\"dateModified\":\"2023-07-03T13:00:40+00:00\",\"breadcrumb\":{\"@id\":\"https:\/\/global-hookah.com\/es\/producto\/cartoon-custom-handmade-bong-wholesale\/#breadcrumb\"},\"inLanguage\":\"es\",\"potentialAction\":[{\"@type\":\"ReadAction\",\"target\":[\"https:\/\/global-hookah.com\/es\/producto\/cartoon-custom-handmade-bong-wholesale\/\"]}]},{\"@type\":\"ImageObject\",\"inLanguage\":\"es\",\"@id\":\"https:\/\/global-hookah.com\/es\/producto\/cartoon-custom-handmade-bong-wholesale\/#primaryimage\",\"url\":\"https:\/\/global-hookah.com\/wp-content\/uploads\/2023\/06\/8d390433221f36746944ceee5e554174-scaled.jpg\",\"contentUrl\":\"https:\/\/global-hookah.com\/wp-content\/uploads\/2023\/06\/8d390433221f36746944ceee5e554174-scaled.jpg\",\"width\":2560,\"height\":2560,\"caption\":\"Cartoon Custom Handmade Bong Wholesale\"},{\"@type\":\"BreadcrumbList\",\"@id\":\"https:\/\/global-hookah.com\/es\/producto\/cartoon-custom-handmade-bong-wholesale\/#breadcrumb\",\"itemListElement\":[{\"@type\":\"ListItem\",\"position\":1,\"name\":\"Home\",\"item\":\"https:\/\/global-hookah.com\/\"},{\"@type\":\"ListItem\",\"position\":2,\"name\":\"Shop\",\"item\":\"https:\/\/global-hookah.com\/shop\/\"},{\"@type\":\"ListItem\",\"position\":3,\"name\":\"Cartoon Custom Handmade Bong Wholesale\"}]},{\"@type\":\"WebSite\",\"@id\":\"https:\/\/global-hookah.com\/#website\",\"url\":\"https:\/\/global-hookah.com\/\",\"name\":\"Global Hookah\",\"description\":\"Global Hookah\",\"publisher\":{\"@id\":\"https:\/\/global-hookah.com\/#organization\"},\"potentialAction\":[{\"@type\":\"SearchAction\",\"target\":{\"@type\":\"EntryPoint\",\"urlTemplate\":\"https:\/\/global-hookah.com\/?s={search_term_string}\"},\"query-input\":{\"@type\":\"PropertyValueSpecification\",\"valueRequired\":true,\"valueName\":\"search_term_string\"}}],\"inLanguage\":\"es\"},{\"@type\":\"Organization\",\"@id\":\"https:\/\/global-hookah.com\/#organization\",\"name\":\"Global Hookah\",\"url\":\"https:\/\/global-hookah.com\/\",\"logo\":{\"@type\":\"ImageObject\",\"inLanguage\":\"es\",\"@id\":\"https:\/\/global-hookah.com\/#\/schema\/logo\/image\/\",\"url\":\"https:\/\/global-hookah.com\/wp-content\/uploads\/2021\/10\/cropped-fgg.png\",\"contentUrl\":\"https:\/\/global-hookah.com\/wp-content\/uploads\/2021\/10\/cropped-fgg.png\",\"width\":512,\"height\":512,\"caption\":\"Global Hookah\"},\"image\":{\"@id\":\"https:\/\/global-hookah.com\/#\/schema\/logo\/image\/\"}}]}<\/script>\n<!-- \/ Yoast SEO Premium plugin. -->","yoast_head_json":{"title":"Bong de dibujos animados hecho a mano al por mayor - Global Hookah","robots":{"index":"index","follow":"follow","max-snippet":"max-snippet:-1","max-image-preview":"max-image-preview:large","max-video-preview":"max-video-preview:-1"},"canonical":"https:\/\/global-hookah.com\/es\/producto\/cartoon-custom-handmade-bong-wholesale\/","og_locale":"es_ES","og_type":"article","og_title":"Cartoon Custom Handmade Bong Wholesale","og_description":"The high-quality thick glass used to make this Cartoon Custom Handmade Bong has an exquisite design. This bong has honeycomb","og_url":"https:\/\/global-hookah.com\/es\/producto\/cartoon-custom-handmade-bong-wholesale\/","og_site_name":"Global Hookah","article_modified_time":"2023-07-03T13:00:40+00:00","og_image":[{"width":2560,"height":2560,"url":"https:\/\/global-hookah.com\/wp-content\/uploads\/2023\/06\/8d390433221f36746944ceee5e554174-scaled.jpg","type":"image\/jpeg"}],"twitter_card":"summary_large_image","twitter_misc":{"Tiempo de lectura":"1 minuto"},"schema":{"@context":"https:\/\/schema.org","@graph":[{"@type":"WebPage","@id":"https:\/\/global-hookah.com\/es\/producto\/cartoon-custom-handmade-bong-wholesale\/","url":"https:\/\/global-hookah.com\/es\/producto\/cartoon-custom-handmade-bong-wholesale\/","name":"Bong de dibujos animados hecho a mano al por mayor - Global Hookah","isPartOf":{"@id":"https:\/\/global-hookah.com\/#website"},"primaryImageOfPage":{"@id":"https:\/\/global-hookah.com\/es\/producto\/cartoon-custom-handmade-bong-wholesale\/#primaryimage"},"image":{"@id":"https:\/\/global-hookah.com\/es\/producto\/cartoon-custom-handmade-bong-wholesale\/#primaryimage"},"thumbnailUrl":"https:\/\/global-hookah.com\/wp-content\/uploads\/2023\/06\/8d390433221f36746944ceee5e554174-scaled.jpg","datePublished":"2023-06-23T03:46:43+00:00","dateModified":"2023-07-03T13:00:40+00:00","breadcrumb":{"@id":"https:\/\/global-hookah.com\/es\/producto\/cartoon-custom-handmade-bong-wholesale\/#breadcrumb"},"inLanguage":"es","potentialAction":[{"@type":"ReadAction","target":["https:\/\/global-hookah.com\/es\/producto\/cartoon-custom-handmade-bong-wholesale\/"]}]},{"@type":"ImageObject","inLanguage":"es","@id":"https:\/\/global-hookah.com\/es\/producto\/cartoon-custom-handmade-bong-wholesale\/#primaryimage","url":"https:\/\/global-hookah.com\/wp-content\/uploads\/2023\/06\/8d390433221f36746944ceee5e554174-scaled.jpg","contentUrl":"https:\/\/global-hookah.com\/wp-content\/uploads\/2023\/06\/8d390433221f36746944ceee5e554174-scaled.jpg","width":2560,"height":2560,"caption":"Cartoon Custom Handmade Bong Wholesale"},{"@type":"BreadcrumbList","@id":"https:\/\/global-hookah.com\/es\/producto\/cartoon-custom-handmade-bong-wholesale\/#breadcrumb","itemListElement":[{"@type":"ListItem","position":1,"name":"Home","item":"https:\/\/global-hookah.com\/"},{"@type":"ListItem","position":2,"name":"Shop","item":"https:\/\/global-hookah.com\/shop\/"},{"@type":"ListItem","position":3,"name":"Cartoon Custom Handmade Bong Wholesale"}]},{"@type":"WebSite","@id":"https:\/\/global-hookah.com\/#website","url":"https:\/\/global-hookah.com\/","name":"Global Hookah","description":"Global Hookah","publisher":{"@id":"https:\/\/global-hookah.com\/#organization"},"potentialAction":[{"@type":"SearchAction","target":{"@type":"EntryPoint","urlTemplate":"https:\/\/global-hookah.com\/?s={search_term_string}"},"query-input":{"@type":"PropertyValueSpecification","valueRequired":true,"valueName":"search_term_string"}}],"inLanguage":"es"},{"@type":"Organization","@id":"https:\/\/global-hookah.com\/#organization","name":"Global Hookah","url":"https:\/\/global-hookah.com\/","logo":{"@type":"ImageObject","inLanguage":"es","@id":"https:\/\/global-hookah.com\/#\/schema\/logo\/image\/","url":"https:\/\/global-hookah.com\/wp-content\/uploads\/2021\/10\/cropped-fgg.png","contentUrl":"https:\/\/global-hookah.com\/wp-content\/uploads\/2021\/10\/cropped-fgg.png","width":512,"height":512,"caption":"Global Hookah"},"image":{"@id":"https:\/\/global-hookah.com\/#\/schema\/logo\/image\/"}}]}},"_links":{"self":[{"href":"https:\/\/global-hookah.com\/es\/wp-json\/wp\/v2\/product\/12643","targetHints":{"allow":["GET"]}}],"collection":[{"href":"https:\/\/global-hookah.com\/es\/wp-json\/wp\/v2\/product"}],"about":[{"href":"https:\/\/global-hookah.com\/es\/wp-json\/wp\/v2\/types\/product"}],"replies":[{"embeddable":true,"href":"https:\/\/global-hookah.com\/es\/wp-json\/wp\/v2\/comments?post=12643"}],"version-history":[{"count":0,"href":"https:\/\/global-hookah.com\/es\/wp-json\/wp\/v2\/product\/12643\/revisions"}],"wp:featuredmedia":[{"embeddable":true,"href":"https:\/\/global-hookah.com\/es\/wp-json\/wp\/v2\/media\/12650"}],"wp:attachment":[{"href":"https:\/\/global-hookah.com\/es\/wp-json\/wp\/v2\/media?parent=12643"}],"wp:term":[{"taxonomy":"product_brand","embeddable":true,"href":"https:\/\/global-hookah.com\/es\/wp-json\/wp\/v2\/product_brand?post=12643"},{"taxonomy":"product_cat","embeddable":true,"href":"https:\/\/global-hookah.com\/es\/wp-json\/wp\/v2\/product_cat?post=12643"},{"taxonomy":"product_tag","embeddable":true,"href":"https:\/\/global-hookah.com\/es\/wp-json\/wp\/v2\/product_tag?post=12643"}],"curies":[{"name":"wp","href":"https:\/\/api.w.org\/{rel}","templated":true}]}}