{"id":12668,"date":"2023-06-23T05:14:45","date_gmt":"2023-06-23T05:14:45","guid":{"rendered":"https:\/\/global-hookah.com\/?post_type=product&#038;p=12668"},"modified":"2023-06-24T08:31:58","modified_gmt":"2023-06-24T08:31:58","slug":"round-glass-bong-wholesale","status":"publish","type":"product","link":"https:\/\/global-hookah.com\/es\/producto\/round-glass-bong-wholesale\/","title":{"rendered":"Bong de vidrio redondo al por mayor"},"content":{"rendered":"<p>Nuestra <strong>Bong de cristal redondo<\/strong> ahora viene con un dise\u00f1o de cazoleta mejorado que encaja a la perfecci\u00f3n y nunca se atasca, garantizando una experiencia de fumado perfecta en todo momento. Empaquetado de forma segura en un embalaje resistente, le garantizamos que su producto llegar\u00e1 intacto y listo para usar.<\/p>\n<p>La longitud del tallo ya no es un problema con nuestro nuevo dise\u00f1o ajustable que es f\u00e1cil de limpiar y usar. Adem\u00e1s, hemos escuchado a nuestros clientes y hemos modificado el dise\u00f1o para que cuente con un bajante y una cazoleta independientes, lo que le ofrece un mayor control sobre su experiencia de fumar.<\/p>\n<p>Por fin no hay que preocuparse por la fragilidad. Hemos fabricado nuestra cachimba con un cristal m\u00e1s resistente y grueso, lo que aumenta su durabilidad a la vez que mantiene su elegante est\u00e9tica. Port\u00e1til y f\u00e1cil de llevar, el <strong>Bong de vidrio redondo al por mayor<\/strong> es el compa\u00f1ero perfecto para el fumador en movimiento. Disfrute de caladas suaves y ricas donde quiera y cuando quiera. La calidad de nuestra artesan\u00eda se refleja en cada calada. <strong>Mayorista nuestra Bong de cristal redondo<\/strong> ahora una experiencia divertida para fumar<\/p>\n<p>&nbsp;<\/p>","protected":false},"excerpt":{"rendered":"<p>Nuestro Bong de cristal redondo viene ahora con un dise\u00f1o de cazoleta mejorado que encaja perfectamente y nunca se atasca, asegurando una<\/p>","protected":false},"featured_media":12673,"comment_status":"open","ping_status":"closed","template":"","meta":{"iawp_total_views":7,"_joinchat":[]},"product_brand":[],"product_cat":[249],"product_tag":[],"class_list":{"0":"post-12668","1":"product","2":"type-product","3":"status-publish","4":"has-post-thumbnail","6":"product_cat-bong-wholesale","8":"first","9":"instock","10":"shipping-taxable","11":"product-type-simple"},"yoast_head":"<!-- This site is optimized with the Yoast SEO Premium plugin v24.7 (Yoast SEO v26.8) - https:\/\/yoast.com\/product\/yoast-seo-premium-wordpress\/ -->\n<title>Round Glass Bong Wholesale - Global Hookah<\/title>\n<meta name=\"robots\" content=\"index, follow, max-snippet:-1, max-image-preview:large, max-video-preview:-1\" \/>\n<link rel=\"canonical\" href=\"https:\/\/global-hookah.com\/es\/produkt\/round-glass-bong-wholesale\/\" \/>\n<meta property=\"og:locale\" content=\"es_ES\" \/>\n<meta property=\"og:type\" content=\"article\" \/>\n<meta property=\"og:title\" content=\"Round Glass Bong Wholesale\" \/>\n<meta property=\"og:description\" content=\"Our Round Glass Bong now comes with an enhanced bowl design that fits perfectly and never gets stuck, ensuring a\" \/>\n<meta property=\"og:url\" content=\"https:\/\/global-hookah.com\/es\/produkt\/round-glass-bong-wholesale\/\" \/>\n<meta property=\"og:site_name\" content=\"Global Hookah\" \/>\n<meta property=\"article:modified_time\" content=\"2023-06-24T08:31:58+00:00\" \/>\n<meta property=\"og:image\" content=\"https:\/\/global-hookah.com\/wp-content\/uploads\/2023\/06\/ff4aa60a3148d9d1c338f25b814cc525-1.jpg\" \/>\n\t<meta property=\"og:image:width\" content=\"1280\" \/>\n\t<meta property=\"og:image:height\" content=\"1280\" \/>\n\t<meta property=\"og:image:type\" content=\"image\/jpeg\" \/>\n<meta name=\"twitter:card\" content=\"summary_large_image\" \/>\n<meta name=\"twitter:label1\" content=\"Tiempo de lectura\" \/>\n\t<meta name=\"twitter:data1\" content=\"1 minuto\" \/>\n<script type=\"application\/ld+json\" class=\"yoast-schema-graph\">{\"@context\":\"https:\/\/schema.org\",\"@graph\":[{\"@type\":\"WebPage\",\"@id\":\"https:\/\/global-hookah.com\/de\/produkt\/round-glass-bong-wholesale\/\",\"url\":\"https:\/\/global-hookah.com\/de\/produkt\/round-glass-bong-wholesale\/\",\"name\":\"Round Glass Bong Wholesale - Global Hookah\",\"isPartOf\":{\"@id\":\"https:\/\/global-hookah.com\/#website\"},\"primaryImageOfPage\":{\"@id\":\"https:\/\/global-hookah.com\/de\/produkt\/round-glass-bong-wholesale\/#primaryimage\"},\"image\":{\"@id\":\"https:\/\/global-hookah.com\/de\/produkt\/round-glass-bong-wholesale\/#primaryimage\"},\"thumbnailUrl\":\"https:\/\/global-hookah.com\/wp-content\/uploads\/2023\/06\/ff4aa60a3148d9d1c338f25b814cc525-1.jpg\",\"datePublished\":\"2023-06-23T05:14:45+00:00\",\"dateModified\":\"2023-06-24T08:31:58+00:00\",\"breadcrumb\":{\"@id\":\"https:\/\/global-hookah.com\/de\/produkt\/round-glass-bong-wholesale\/#breadcrumb\"},\"inLanguage\":\"es\",\"potentialAction\":[{\"@type\":\"ReadAction\",\"target\":[\"https:\/\/global-hookah.com\/de\/produkt\/round-glass-bong-wholesale\/\"]}]},{\"@type\":\"ImageObject\",\"inLanguage\":\"es\",\"@id\":\"https:\/\/global-hookah.com\/de\/produkt\/round-glass-bong-wholesale\/#primaryimage\",\"url\":\"https:\/\/global-hookah.com\/wp-content\/uploads\/2023\/06\/ff4aa60a3148d9d1c338f25b814cc525-1.jpg\",\"contentUrl\":\"https:\/\/global-hookah.com\/wp-content\/uploads\/2023\/06\/ff4aa60a3148d9d1c338f25b814cc525-1.jpg\",\"width\":1280,\"height\":1280,\"caption\":\"Round Glass Bong Wholesale\"},{\"@type\":\"BreadcrumbList\",\"@id\":\"https:\/\/global-hookah.com\/de\/produkt\/round-glass-bong-wholesale\/#breadcrumb\",\"itemListElement\":[{\"@type\":\"ListItem\",\"position\":1,\"name\":\"Home\",\"item\":\"https:\/\/global-hookah.com\/\"},{\"@type\":\"ListItem\",\"position\":2,\"name\":\"Shop\",\"item\":\"https:\/\/global-hookah.com\/shop\/\"},{\"@type\":\"ListItem\",\"position\":3,\"name\":\"Round Glass Bong Wholesale\"}]},{\"@type\":\"WebSite\",\"@id\":\"https:\/\/global-hookah.com\/#website\",\"url\":\"https:\/\/global-hookah.com\/\",\"name\":\"Global Hookah\",\"description\":\"Global Hookah\",\"publisher\":{\"@id\":\"https:\/\/global-hookah.com\/#organization\"},\"potentialAction\":[{\"@type\":\"SearchAction\",\"target\":{\"@type\":\"EntryPoint\",\"urlTemplate\":\"https:\/\/global-hookah.com\/?s={search_term_string}\"},\"query-input\":{\"@type\":\"PropertyValueSpecification\",\"valueRequired\":true,\"valueName\":\"search_term_string\"}}],\"inLanguage\":\"es\"},{\"@type\":\"Organization\",\"@id\":\"https:\/\/global-hookah.com\/#organization\",\"name\":\"Global Hookah\",\"url\":\"https:\/\/global-hookah.com\/\",\"logo\":{\"@type\":\"ImageObject\",\"inLanguage\":\"es\",\"@id\":\"https:\/\/global-hookah.com\/#\/schema\/logo\/image\/\",\"url\":\"https:\/\/global-hookah.com\/wp-content\/uploads\/2021\/10\/cropped-fgg.png\",\"contentUrl\":\"https:\/\/global-hookah.com\/wp-content\/uploads\/2021\/10\/cropped-fgg.png\",\"width\":512,\"height\":512,\"caption\":\"Global Hookah\"},\"image\":{\"@id\":\"https:\/\/global-hookah.com\/#\/schema\/logo\/image\/\"}}]}<\/script>\n<!-- \/ Yoast SEO Premium plugin. -->","yoast_head_json":{"title":"Bong de vidrio redondo al por mayor - Global Hookah","robots":{"index":"index","follow":"follow","max-snippet":"max-snippet:-1","max-image-preview":"max-image-preview:large","max-video-preview":"max-video-preview:-1"},"canonical":"https:\/\/global-hookah.com\/es\/produkt\/round-glass-bong-wholesale\/","og_locale":"es_ES","og_type":"article","og_title":"Round Glass Bong Wholesale","og_description":"Our Round Glass Bong now comes with an enhanced bowl design that fits perfectly and never gets stuck, ensuring a","og_url":"https:\/\/global-hookah.com\/es\/produkt\/round-glass-bong-wholesale\/","og_site_name":"Global Hookah","article_modified_time":"2023-06-24T08:31:58+00:00","og_image":[{"width":1280,"height":1280,"url":"https:\/\/global-hookah.com\/wp-content\/uploads\/2023\/06\/ff4aa60a3148d9d1c338f25b814cc525-1.jpg","type":"image\/jpeg"}],"twitter_card":"summary_large_image","twitter_misc":{"Tiempo de lectura":"1 minuto"},"schema":{"@context":"https:\/\/schema.org","@graph":[{"@type":"WebPage","@id":"https:\/\/global-hookah.com\/de\/produkt\/round-glass-bong-wholesale\/","url":"https:\/\/global-hookah.com\/de\/produkt\/round-glass-bong-wholesale\/","name":"Bong de vidrio redondo al por mayor - Global Hookah","isPartOf":{"@id":"https:\/\/global-hookah.com\/#website"},"primaryImageOfPage":{"@id":"https:\/\/global-hookah.com\/de\/produkt\/round-glass-bong-wholesale\/#primaryimage"},"image":{"@id":"https:\/\/global-hookah.com\/de\/produkt\/round-glass-bong-wholesale\/#primaryimage"},"thumbnailUrl":"https:\/\/global-hookah.com\/wp-content\/uploads\/2023\/06\/ff4aa60a3148d9d1c338f25b814cc525-1.jpg","datePublished":"2023-06-23T05:14:45+00:00","dateModified":"2023-06-24T08:31:58+00:00","breadcrumb":{"@id":"https:\/\/global-hookah.com\/de\/produkt\/round-glass-bong-wholesale\/#breadcrumb"},"inLanguage":"es","potentialAction":[{"@type":"ReadAction","target":["https:\/\/global-hookah.com\/de\/produkt\/round-glass-bong-wholesale\/"]}]},{"@type":"ImageObject","inLanguage":"es","@id":"https:\/\/global-hookah.com\/de\/produkt\/round-glass-bong-wholesale\/#primaryimage","url":"https:\/\/global-hookah.com\/wp-content\/uploads\/2023\/06\/ff4aa60a3148d9d1c338f25b814cc525-1.jpg","contentUrl":"https:\/\/global-hookah.com\/wp-content\/uploads\/2023\/06\/ff4aa60a3148d9d1c338f25b814cc525-1.jpg","width":1280,"height":1280,"caption":"Round Glass Bong Wholesale"},{"@type":"BreadcrumbList","@id":"https:\/\/global-hookah.com\/de\/produkt\/round-glass-bong-wholesale\/#breadcrumb","itemListElement":[{"@type":"ListItem","position":1,"name":"Home","item":"https:\/\/global-hookah.com\/"},{"@type":"ListItem","position":2,"name":"Shop","item":"https:\/\/global-hookah.com\/shop\/"},{"@type":"ListItem","position":3,"name":"Round Glass Bong Wholesale"}]},{"@type":"WebSite","@id":"https:\/\/global-hookah.com\/#website","url":"https:\/\/global-hookah.com\/","name":"Global Hookah","description":"Global Hookah","publisher":{"@id":"https:\/\/global-hookah.com\/#organization"},"potentialAction":[{"@type":"SearchAction","target":{"@type":"EntryPoint","urlTemplate":"https:\/\/global-hookah.com\/?s={search_term_string}"},"query-input":{"@type":"PropertyValueSpecification","valueRequired":true,"valueName":"search_term_string"}}],"inLanguage":"es"},{"@type":"Organization","@id":"https:\/\/global-hookah.com\/#organization","name":"Global Hookah","url":"https:\/\/global-hookah.com\/","logo":{"@type":"ImageObject","inLanguage":"es","@id":"https:\/\/global-hookah.com\/#\/schema\/logo\/image\/","url":"https:\/\/global-hookah.com\/wp-content\/uploads\/2021\/10\/cropped-fgg.png","contentUrl":"https:\/\/global-hookah.com\/wp-content\/uploads\/2021\/10\/cropped-fgg.png","width":512,"height":512,"caption":"Global Hookah"},"image":{"@id":"https:\/\/global-hookah.com\/#\/schema\/logo\/image\/"}}]}},"_links":{"self":[{"href":"https:\/\/global-hookah.com\/es\/wp-json\/wp\/v2\/product\/12668","targetHints":{"allow":["GET"]}}],"collection":[{"href":"https:\/\/global-hookah.com\/es\/wp-json\/wp\/v2\/product"}],"about":[{"href":"https:\/\/global-hookah.com\/es\/wp-json\/wp\/v2\/types\/product"}],"replies":[{"embeddable":true,"href":"https:\/\/global-hookah.com\/es\/wp-json\/wp\/v2\/comments?post=12668"}],"version-history":[{"count":0,"href":"https:\/\/global-hookah.com\/es\/wp-json\/wp\/v2\/product\/12668\/revisions"}],"wp:featuredmedia":[{"embeddable":true,"href":"https:\/\/global-hookah.com\/es\/wp-json\/wp\/v2\/media\/12673"}],"wp:attachment":[{"href":"https:\/\/global-hookah.com\/es\/wp-json\/wp\/v2\/media?parent=12668"}],"wp:term":[{"taxonomy":"product_brand","embeddable":true,"href":"https:\/\/global-hookah.com\/es\/wp-json\/wp\/v2\/product_brand?post=12668"},{"taxonomy":"product_cat","embeddable":true,"href":"https:\/\/global-hookah.com\/es\/wp-json\/wp\/v2\/product_cat?post=12668"},{"taxonomy":"product_tag","embeddable":true,"href":"https:\/\/global-hookah.com\/es\/wp-json\/wp\/v2\/product_tag?post=12668"}],"curies":[{"name":"wp","href":"https:\/\/api.w.org\/{rel}","templated":true}]}}