{"id":12798,"date":"2023-07-10T02:57:46","date_gmt":"2023-07-10T02:57:46","guid":{"rendered":"https:\/\/global-hookah.com\/?post_type=product&#038;p=12798"},"modified":"2024-01-12T03:56:07","modified_gmt":"2024-01-12T03:56:07","slug":"single-pipe-large-hookah-set","status":"publish","type":"product","link":"https:\/\/global-hookah.com\/es\/producto\/single-pipe-large-hookah-set\/","title":{"rendered":"Juego de pipa individual grande"},"content":{"rendered":"<p>Este <strong>Juego de pipa individual grande<\/strong> est\u00e1 hecho de aluminio, que es incre\u00edblemente resistente y duradero. Tiene una vida \u00fatil m\u00e1s larga. Usted puede ver el humo a medida que pasa a trav\u00e9s de la pipa de agua ya que este <strong>Set de narguile grande<\/strong> incluye una base y un tallo de cristal. Simplemente llene la base del set hookah con agua o hielo, ponga su bebida favorita en el tallo de cristal y encienda el hookah. El humo entrar\u00e1 en tu boca a trav\u00e9s de la boquilla de la pipa hookah y viajar\u00e1 por la pipa. \u00a1El humo saldr\u00e1 cuando exhales por la boquilla y a trav\u00e9s de la pipa!<\/p>\n<p><strong>narguile extra grande<\/strong> tiene una boquilla extra ancha que hace que fumar sea m\u00e1s c\u00f3modo y agradable. A diferencia de otros narguiles, \u00e9ste puede almacenar hasta 2 litros de agua, por lo que no tendr\u00e1 que reponerla con tanta frecuencia. El tallo de acero inoxidable tiene una gran abertura en la parte inferior y es f\u00e1cil de limpiar despu\u00e9s de cada uso. El set de narguile grande de una sola pipa es una de las mejores pipas del mercado. <a href=\"https:\/\/global-hookah.com\/\">narguiles m\u00e1s populares<\/a> en nuestra colecci\u00f3n.<\/p>\n<p>La altura de 60 cm de este set de narguile hace que s\u00f3lo sea adecuado para su uso en interiores. Con un di\u00e1metro de la base de 23 cm, puede contener una cantidad considerable de agua mientras se asegura de que no se evapore r\u00e1pidamente mientras fuma.<\/p>\n<p>Este<strong> set de narguile de pie<\/strong> satisfar\u00e1 todas sus exigencias independientemente del tipo de shisha que desee fumar porque incluye una bandeja de aluminio y algunos accesorios como pinzas, pinzas para carb\u00f3n, manguera, cepillos, etc.<\/p>","protected":false},"excerpt":{"rendered":"<p>Este set de narguile grande de una sola pipa est\u00e1 hecho de aluminio, que es incre\u00edblemente resistente y duradero. Tiene una<\/p>","protected":false},"featured_media":12800,"comment_status":"open","ping_status":"closed","template":"","meta":{"iawp_total_views":2,"_joinchat":[]},"product_brand":[],"product_cat":[415,560],"product_tag":[],"class_list":{"0":"post-12798","1":"product","2":"type-product","3":"status-publish","4":"has-post-thumbnail","6":"product_cat-accessories","7":"product_cat-glass-hookah-wholesale","9":"first","10":"instock","11":"sale","12":"shipping-taxable","13":"purchasable","14":"product-type-simple"},"yoast_head":"<!-- This site is optimized with the Yoast SEO Premium plugin v24.7 (Yoast SEO v26.8) - https:\/\/yoast.com\/product\/yoast-seo-premium-wordpress\/ -->\n<title>Single Pipe Large Hookah Set - Global Hookah<\/title>\n<meta name=\"robots\" content=\"index, follow, max-snippet:-1, max-image-preview:large, max-video-preview:-1\" \/>\n<link rel=\"canonical\" href=\"https:\/\/global-hookah.com\/es\/pt\/produto\/conjunto-de-narguile-grande-de-tubo-unico\/\" \/>\n<meta property=\"og:locale\" content=\"es_ES\" \/>\n<meta property=\"og:type\" content=\"article\" \/>\n<meta property=\"og:title\" content=\"Single Pipe Large Hookah Set\" \/>\n<meta property=\"og:description\" content=\"This Single Pipe Large Hookah Set is made of aluminum, which is incredibly strong and long-lasting. It has a longer\" \/>\n<meta property=\"og:url\" content=\"https:\/\/global-hookah.com\/es\/pt\/produto\/conjunto-de-narguile-grande-de-tubo-unico\/\" \/>\n<meta property=\"og:site_name\" content=\"Global Hookah\" \/>\n<meta property=\"article:modified_time\" content=\"2024-01-12T03:56:07+00:00\" \/>\n<meta property=\"og:image\" content=\"https:\/\/global-hookah.com\/wp-content\/uploads\/2023\/07\/\u4e3b\u56fe-02.jpg\" \/>\n\t<meta property=\"og:image:width\" content=\"800\" \/>\n\t<meta property=\"og:image:height\" content=\"800\" \/>\n\t<meta property=\"og:image:type\" content=\"image\/jpeg\" \/>\n<meta name=\"twitter:card\" content=\"summary_large_image\" \/>\n<meta name=\"twitter:label1\" content=\"Tiempo de lectura\" \/>\n\t<meta name=\"twitter:data1\" content=\"2 minutos\" \/>\n<script type=\"application\/ld+json\" class=\"yoast-schema-graph\">{\"@context\":\"https:\/\/schema.org\",\"@graph\":[{\"@type\":\"WebPage\",\"@id\":\"https:\/\/global-hookah.com\/pt\/produto\/conjunto-de-narguile-grande-de-tubo-unico\/\",\"url\":\"https:\/\/global-hookah.com\/pt\/produto\/conjunto-de-narguile-grande-de-tubo-unico\/\",\"name\":\"Single Pipe Large Hookah Set - Global Hookah\",\"isPartOf\":{\"@id\":\"https:\/\/global-hookah.com\/#website\"},\"primaryImageOfPage\":{\"@id\":\"https:\/\/global-hookah.com\/pt\/produto\/conjunto-de-narguile-grande-de-tubo-unico\/#primaryimage\"},\"image\":{\"@id\":\"https:\/\/global-hookah.com\/pt\/produto\/conjunto-de-narguile-grande-de-tubo-unico\/#primaryimage\"},\"thumbnailUrl\":\"https:\/\/global-hookah.com\/wp-content\/uploads\/2023\/07\/\u4e3b\u56fe-02.jpg\",\"datePublished\":\"2023-07-10T02:57:46+00:00\",\"dateModified\":\"2024-01-12T03:56:07+00:00\",\"breadcrumb\":{\"@id\":\"https:\/\/global-hookah.com\/pt\/produto\/conjunto-de-narguile-grande-de-tubo-unico\/#breadcrumb\"},\"inLanguage\":\"es\",\"potentialAction\":[{\"@type\":\"ReadAction\",\"target\":[\"https:\/\/global-hookah.com\/pt\/produto\/conjunto-de-narguile-grande-de-tubo-unico\/\"]}]},{\"@type\":\"ImageObject\",\"inLanguage\":\"es\",\"@id\":\"https:\/\/global-hookah.com\/pt\/produto\/conjunto-de-narguile-grande-de-tubo-unico\/#primaryimage\",\"url\":\"https:\/\/global-hookah.com\/wp-content\/uploads\/2023\/07\/\u4e3b\u56fe-02.jpg\",\"contentUrl\":\"https:\/\/global-hookah.com\/wp-content\/uploads\/2023\/07\/\u4e3b\u56fe-02.jpg\",\"width\":800,\"height\":800,\"caption\":\"Single Pipe Large Hookah Set\"},{\"@type\":\"BreadcrumbList\",\"@id\":\"https:\/\/global-hookah.com\/pt\/produto\/conjunto-de-narguile-grande-de-tubo-unico\/#breadcrumb\",\"itemListElement\":[{\"@type\":\"ListItem\",\"position\":1,\"name\":\"Home\",\"item\":\"https:\/\/global-hookah.com\/\"},{\"@type\":\"ListItem\",\"position\":2,\"name\":\"Shop\",\"item\":\"https:\/\/global-hookah.com\/shop\/\"},{\"@type\":\"ListItem\",\"position\":3,\"name\":\"Single Pipe Large Hookah Set\"}]},{\"@type\":\"WebSite\",\"@id\":\"https:\/\/global-hookah.com\/#website\",\"url\":\"https:\/\/global-hookah.com\/\",\"name\":\"Global Hookah\",\"description\":\"Global Hookah\",\"publisher\":{\"@id\":\"https:\/\/global-hookah.com\/#organization\"},\"potentialAction\":[{\"@type\":\"SearchAction\",\"target\":{\"@type\":\"EntryPoint\",\"urlTemplate\":\"https:\/\/global-hookah.com\/?s={search_term_string}\"},\"query-input\":{\"@type\":\"PropertyValueSpecification\",\"valueRequired\":true,\"valueName\":\"search_term_string\"}}],\"inLanguage\":\"es\"},{\"@type\":\"Organization\",\"@id\":\"https:\/\/global-hookah.com\/#organization\",\"name\":\"Global Hookah\",\"url\":\"https:\/\/global-hookah.com\/\",\"logo\":{\"@type\":\"ImageObject\",\"inLanguage\":\"es\",\"@id\":\"https:\/\/global-hookah.com\/#\/schema\/logo\/image\/\",\"url\":\"https:\/\/global-hookah.com\/wp-content\/uploads\/2021\/10\/cropped-fgg.png\",\"contentUrl\":\"https:\/\/global-hookah.com\/wp-content\/uploads\/2021\/10\/cropped-fgg.png\",\"width\":512,\"height\":512,\"caption\":\"Global Hookah\"},\"image\":{\"@id\":\"https:\/\/global-hookah.com\/#\/schema\/logo\/image\/\"}}]}<\/script>\n<!-- \/ Yoast SEO Premium plugin. -->","yoast_head_json":{"title":"Juego de pipa individual grande - Global Hookah","robots":{"index":"index","follow":"follow","max-snippet":"max-snippet:-1","max-image-preview":"max-image-preview:large","max-video-preview":"max-video-preview:-1"},"canonical":"https:\/\/global-hookah.com\/es\/pt\/produto\/conjunto-de-narguile-grande-de-tubo-unico\/","og_locale":"es_ES","og_type":"article","og_title":"Single Pipe Large Hookah Set","og_description":"This Single Pipe Large Hookah Set is made of aluminum, which is incredibly strong and long-lasting. It has a longer","og_url":"https:\/\/global-hookah.com\/es\/pt\/produto\/conjunto-de-narguile-grande-de-tubo-unico\/","og_site_name":"Global Hookah","article_modified_time":"2024-01-12T03:56:07+00:00","og_image":[{"width":800,"height":800,"url":"https:\/\/global-hookah.com\/wp-content\/uploads\/2023\/07\/\u4e3b\u56fe-02.jpg","type":"image\/jpeg"}],"twitter_card":"summary_large_image","twitter_misc":{"Tiempo de lectura":"2 minutos"},"schema":{"@context":"https:\/\/schema.org","@graph":[{"@type":"WebPage","@id":"https:\/\/global-hookah.com\/pt\/produto\/conjunto-de-narguile-grande-de-tubo-unico\/","url":"https:\/\/global-hookah.com\/pt\/produto\/conjunto-de-narguile-grande-de-tubo-unico\/","name":"Juego de pipa individual grande - Global Hookah","isPartOf":{"@id":"https:\/\/global-hookah.com\/#website"},"primaryImageOfPage":{"@id":"https:\/\/global-hookah.com\/pt\/produto\/conjunto-de-narguile-grande-de-tubo-unico\/#primaryimage"},"image":{"@id":"https:\/\/global-hookah.com\/pt\/produto\/conjunto-de-narguile-grande-de-tubo-unico\/#primaryimage"},"thumbnailUrl":"https:\/\/global-hookah.com\/wp-content\/uploads\/2023\/07\/\u4e3b\u56fe-02.jpg","datePublished":"2023-07-10T02:57:46+00:00","dateModified":"2024-01-12T03:56:07+00:00","breadcrumb":{"@id":"https:\/\/global-hookah.com\/pt\/produto\/conjunto-de-narguile-grande-de-tubo-unico\/#breadcrumb"},"inLanguage":"es","potentialAction":[{"@type":"ReadAction","target":["https:\/\/global-hookah.com\/pt\/produto\/conjunto-de-narguile-grande-de-tubo-unico\/"]}]},{"@type":"ImageObject","inLanguage":"es","@id":"https:\/\/global-hookah.com\/pt\/produto\/conjunto-de-narguile-grande-de-tubo-unico\/#primaryimage","url":"https:\/\/global-hookah.com\/wp-content\/uploads\/2023\/07\/\u4e3b\u56fe-02.jpg","contentUrl":"https:\/\/global-hookah.com\/wp-content\/uploads\/2023\/07\/\u4e3b\u56fe-02.jpg","width":800,"height":800,"caption":"Single Pipe Large Hookah Set"},{"@type":"BreadcrumbList","@id":"https:\/\/global-hookah.com\/pt\/produto\/conjunto-de-narguile-grande-de-tubo-unico\/#breadcrumb","itemListElement":[{"@type":"ListItem","position":1,"name":"Home","item":"https:\/\/global-hookah.com\/"},{"@type":"ListItem","position":2,"name":"Shop","item":"https:\/\/global-hookah.com\/shop\/"},{"@type":"ListItem","position":3,"name":"Single Pipe Large Hookah Set"}]},{"@type":"WebSite","@id":"https:\/\/global-hookah.com\/#website","url":"https:\/\/global-hookah.com\/","name":"Global Hookah","description":"Global Hookah","publisher":{"@id":"https:\/\/global-hookah.com\/#organization"},"potentialAction":[{"@type":"SearchAction","target":{"@type":"EntryPoint","urlTemplate":"https:\/\/global-hookah.com\/?s={search_term_string}"},"query-input":{"@type":"PropertyValueSpecification","valueRequired":true,"valueName":"search_term_string"}}],"inLanguage":"es"},{"@type":"Organization","@id":"https:\/\/global-hookah.com\/#organization","name":"Global Hookah","url":"https:\/\/global-hookah.com\/","logo":{"@type":"ImageObject","inLanguage":"es","@id":"https:\/\/global-hookah.com\/#\/schema\/logo\/image\/","url":"https:\/\/global-hookah.com\/wp-content\/uploads\/2021\/10\/cropped-fgg.png","contentUrl":"https:\/\/global-hookah.com\/wp-content\/uploads\/2021\/10\/cropped-fgg.png","width":512,"height":512,"caption":"Global Hookah"},"image":{"@id":"https:\/\/global-hookah.com\/#\/schema\/logo\/image\/"}}]}},"_links":{"self":[{"href":"https:\/\/global-hookah.com\/es\/wp-json\/wp\/v2\/product\/12798","targetHints":{"allow":["GET"]}}],"collection":[{"href":"https:\/\/global-hookah.com\/es\/wp-json\/wp\/v2\/product"}],"about":[{"href":"https:\/\/global-hookah.com\/es\/wp-json\/wp\/v2\/types\/product"}],"replies":[{"embeddable":true,"href":"https:\/\/global-hookah.com\/es\/wp-json\/wp\/v2\/comments?post=12798"}],"version-history":[{"count":0,"href":"https:\/\/global-hookah.com\/es\/wp-json\/wp\/v2\/product\/12798\/revisions"}],"wp:featuredmedia":[{"embeddable":true,"href":"https:\/\/global-hookah.com\/es\/wp-json\/wp\/v2\/media\/12800"}],"wp:attachment":[{"href":"https:\/\/global-hookah.com\/es\/wp-json\/wp\/v2\/media?parent=12798"}],"wp:term":[{"taxonomy":"product_brand","embeddable":true,"href":"https:\/\/global-hookah.com\/es\/wp-json\/wp\/v2\/product_brand?post=12798"},{"taxonomy":"product_cat","embeddable":true,"href":"https:\/\/global-hookah.com\/es\/wp-json\/wp\/v2\/product_cat?post=12798"},{"taxonomy":"product_tag","embeddable":true,"href":"https:\/\/global-hookah.com\/es\/wp-json\/wp\/v2\/product_tag?post=12798"}],"curies":[{"name":"wp","href":"https:\/\/api.w.org\/{rel}","templated":true}]}}