{"id":12854,"date":"2023-07-30T01:53:33","date_gmt":"2023-07-30T01:53:33","guid":{"rendered":"https:\/\/global-hookah.com\/product\/new-bar-shisha-pipe-set-4-hoses-glass-hookah-pipa-wholesale\/"},"modified":"2024-06-26T02:55:55","modified_gmt":"2024-06-26T02:55:55","slug":"new-bar-shisha-pipe-set-4-hoses-glass-hookah-pipe-wholesale","status":"publish","type":"product","link":"https:\/\/global-hookah.com\/es\/producto\/new-bar-shisha-pipe-set-4-hoses-glass-hookah-pipe-wholesale\/","title":{"rendered":"Nuevo Bar Shisha Pipe Set 4 Mangueras Vidrio Hookah Pipe Venta al por mayor"},"content":{"rendered":"<div class=\"product-specs-list-container\">\n<p><strong>Pipa Hookah de vidrio con 4 mangueras<\/strong> Utilizando materiales de alta calidad y excelente artesan\u00eda, sirve como un gran hookah de 4 mangueras que est\u00e1 construido para durar m\u00e1s tiempo que cualquier otro; un hecho que no escapar\u00e1 a aquellos que est\u00e1n dispuestos a sacar el m\u00e1ximo provecho de su hookah. Puede fumar sin cuidado ya que est\u00e1 construido de vidrio de primera calidad resistente al calor que no se rompe f\u00e1cilmente. A diferencia de otros materiales, el vidrio no se corroe ni se oxida con el tiempo manteniendo sus condiciones iniciales.<\/p>\n<p>H\u00e1bilmente creado para mejorar sus sesiones de fumar, este <strong>Pipa Hookah de vidrio con 4 mangueras<\/strong> tiene varias ventajas que le dejar\u00e1n cautivado. La primera ventaja es que estos <strong>cuatro tubos<\/strong> le permiten a usted y a sus amigos fumar shisha juntos: \u00a1se acab\u00f3 el turnarse! Un dise\u00f1o tan innovador fomenta la diversi\u00f3n colectiva y los recuerdos duraderos.<\/p>\n<p>Adem\u00e1s, de la copa sale un humo suave y limpio que proporciona un sabor puro sin interferencias.<\/p>\n<p>Esta podr\u00eda ser la mejor inversi\u00f3n para cualquier aficionado a la shisha, ya que la manguera superior 4 se utiliza durante numerosas sesiones, lo que hace que sea agradable en todo momento.<\/p>\n<p>Te invitamos a echar un vistazo a la impresionante selecci\u00f3n de narguiles al por mayor con descuento de nuestra tienda online. Tenemos desde modelos sencillos de cristal hasta narguiles de lujo con m\u00faltiples c\u00e1maras y cristal decorativo - \u00a1hay para todos los gustos! Echa un vistazo a nuestra colecci\u00f3n ahora para encontrar la pipa hookah perfecta para tus necesidades.<\/p>\n<\/div>\n<div class=\"detailmodule_html\">\n<div class=\"detail-desc-decorate-richtext\">\n<div style=\"overflow: hidden; height: 0px;\">modname=cke<\/div>\n<div>\n<div>\n<p><span style=\"background-color: #ffffff; color: #000000; font-size: 18px; font-family: 'Open Sans', Roboto, Arial, Helvetica, sans-serif, SimSun;\"><br \/>\nMaterial:Vidrio+Metal+Cer\u00e1mica<br \/>\nTipo:4 mangueras<br \/>\nColor:Negro,Azul,Rojo,Amarillo<br \/>\nAltura total:Alrededor de 52CM\/20.47\u2033.<br \/>\nDi\u00e1metro del fondo:Unos 12,5CM\/4,92\u2033.<br \/>\nUso:Tuber\u00edas y accesorios Shihsa<br \/>\n<\/span><\/p>\n<\/div>\n<p><img decoding=\"async\" src=\"https:\/\/ae01.alicdn.com\/kf\/S9c1cca0eb8a3483bb518151cc135469fh.jpg\" \/><img decoding=\"async\" src=\"https:\/\/ae01.alicdn.com\/kf\/S6bb06bfaff4f446ea472acb620e4f0b0f.jpg\" \/><img decoding=\"async\" src=\"https:\/\/ae01.alicdn.com\/kf\/Sdd3b4e873e274df085c7923dbfef4d6eR.jpg\" \/><img decoding=\"async\" src=\"https:\/\/ae01.alicdn.com\/kf\/Sfec5bcd0710d4af983ac06c3fee899e0X.jpg\" \/><img decoding=\"async\" src=\"https:\/\/ae01.alicdn.com\/kf\/S4cceac44022f45968efd9716e6933a43M.jpg\" \/><img decoding=\"async\" src=\"https:\/\/ae01.alicdn.com\/kf\/S0e3e18c5344c409fb1387269b8117ab85.jpg\" \/><img decoding=\"async\" src=\"https:\/\/ae01.alicdn.com\/kf\/S58d53b81ac5441059526be7c773e541bD.jpg\" \/><img decoding=\"async\" src=\"https:\/\/ae01.alicdn.com\/kf\/Se601268b12bc45fc89a2cbf705bcc5d1W.jpg\" \/><img decoding=\"async\" src=\"https:\/\/ae01.alicdn.com\/kf\/Sbf516fa93248437cbfb93246cb01e6bdE.jpg\" \/><img decoding=\"async\" src=\"https:\/\/ae01.alicdn.com\/kf\/S4991bd71485047f2830ef79f25e2d121u.jpg\" \/><img decoding=\"async\" src=\"https:\/\/ae01.alicdn.com\/kf\/Sf834d2717f6b484c937dda4c1a54d903W.jpg\" \/><\/p>\n<p><img decoding=\"async\" src=\"https:\/\/ae01.alicdn.com\/kf\/H0982bec1f89643ea928b461ecb2d84f2l.jpg\" \/><\/p>\n<\/div>\n<\/div>\n<\/div>\n<p>&nbsp;<\/p>","protected":false},"excerpt":{"rendered":"<p>4 Mangueras de vidrio pipa hookah utilizando materiales de alta calidad y excelente artesan\u00eda, sirve como un gran hookah de 4 mangueras que es<\/p>","protected":false},"featured_media":12855,"comment_status":"open","ping_status":"closed","template":"","meta":{"iawp_total_views":13,"_joinchat":[]},"product_brand":[],"product_cat":[560,119],"product_tag":[],"class_list":{"0":"post-12854","1":"product","2":"type-product","3":"status-publish","4":"has-post-thumbnail","6":"product_cat-glass-hookah-wholesale","7":"product_cat-wholesale-hookah","9":"first","10":"instock","11":"shipping-taxable","12":"purchasable","13":"product-type-variable"},"yoast_head":"<!-- This site is optimized with the Yoast SEO Premium plugin v24.7 (Yoast SEO v26.8) - https:\/\/yoast.com\/product\/yoast-seo-premium-wordpress\/ -->\n<title>New Bar Shisha Pipe Set 4 Hoses Glass Hookah Pipe Wholesale - Global Hookah<\/title>\n<meta name=\"robots\" content=\"index, follow, max-snippet:-1, max-image-preview:large, max-video-preview:-1\" \/>\n<link rel=\"canonical\" href=\"https:\/\/global-hookah.com\/es\/producto\/new-bar-shisha-pipe-set-4-hoses-glass-hookah-pipe-wholesale\/\" \/>\n<meta property=\"og:locale\" content=\"es_ES\" \/>\n<meta property=\"og:type\" content=\"article\" \/>\n<meta property=\"og:title\" content=\"New Bar Shisha Pipe Set 4 Hoses Glass Hookah Pipe Wholesale\" \/>\n<meta property=\"og:description\" content=\"4 Hoses Glass Hookah Pipe using high-quality materials and excellent craftsmanship, it serves as a large 4-hose hookah that is\" \/>\n<meta property=\"og:url\" content=\"https:\/\/global-hookah.com\/es\/producto\/new-bar-shisha-pipe-set-4-hoses-glass-hookah-pipe-wholesale\/\" \/>\n<meta property=\"og:site_name\" content=\"Global Hookah\" \/>\n<meta property=\"article:modified_time\" content=\"2024-06-26T02:55:55+00:00\" \/>\n<meta property=\"og:image\" content=\"https:\/\/global-hookah.com\/wp-content\/uploads\/2023\/07\/New-Bar-Shisha-Pipe-Set-4-Hoses-Glass-Hookah-Pipa-Narguile-Completo-Chicha-Cachimba-Hooka-Sisha.jpg\" \/>\n\t<meta property=\"og:image:width\" content=\"1920\" \/>\n\t<meta property=\"og:image:height\" content=\"1920\" \/>\n\t<meta property=\"og:image:type\" content=\"image\/jpeg\" \/>\n<meta name=\"twitter:card\" content=\"summary_large_image\" \/>\n<meta name=\"twitter:label1\" content=\"Tiempo de lectura\" \/>\n\t<meta name=\"twitter:data1\" content=\"4 minutos\" \/>\n<script type=\"application\/ld+json\" class=\"yoast-schema-graph\">{\"@context\":\"https:\/\/schema.org\",\"@graph\":[{\"@type\":\"WebPage\",\"@id\":\"https:\/\/global-hookah.com\/product\/new-bar-shisha-pipe-set-4-hoses-glass-hookah-pipe-wholesale\/\",\"url\":\"https:\/\/global-hookah.com\/product\/new-bar-shisha-pipe-set-4-hoses-glass-hookah-pipe-wholesale\/\",\"name\":\"New Bar Shisha Pipe Set 4 Hoses Glass Hookah Pipe Wholesale - Global Hookah\",\"isPartOf\":{\"@id\":\"https:\/\/global-hookah.com\/#website\"},\"primaryImageOfPage\":{\"@id\":\"https:\/\/global-hookah.com\/product\/new-bar-shisha-pipe-set-4-hoses-glass-hookah-pipe-wholesale\/#primaryimage\"},\"image\":{\"@id\":\"https:\/\/global-hookah.com\/product\/new-bar-shisha-pipe-set-4-hoses-glass-hookah-pipe-wholesale\/#primaryimage\"},\"thumbnailUrl\":\"https:\/\/global-hookah.com\/wp-content\/uploads\/2023\/07\/New-Bar-Shisha-Pipe-Set-4-Hoses-Glass-Hookah-Pipa-Narguile-Completo-Chicha-Cachimba-Hooka-Sisha.jpg\",\"datePublished\":\"2023-07-30T01:53:33+00:00\",\"dateModified\":\"2024-06-26T02:55:55+00:00\",\"breadcrumb\":{\"@id\":\"https:\/\/global-hookah.com\/product\/new-bar-shisha-pipe-set-4-hoses-glass-hookah-pipe-wholesale\/#breadcrumb\"},\"inLanguage\":\"es\",\"potentialAction\":[{\"@type\":\"ReadAction\",\"target\":[\"https:\/\/global-hookah.com\/product\/new-bar-shisha-pipe-set-4-hoses-glass-hookah-pipe-wholesale\/\"]}]},{\"@type\":\"ImageObject\",\"inLanguage\":\"es\",\"@id\":\"https:\/\/global-hookah.com\/product\/new-bar-shisha-pipe-set-4-hoses-glass-hookah-pipe-wholesale\/#primaryimage\",\"url\":\"https:\/\/global-hookah.com\/wp-content\/uploads\/2023\/07\/New-Bar-Shisha-Pipe-Set-4-Hoses-Glass-Hookah-Pipa-Narguile-Completo-Chicha-Cachimba-Hooka-Sisha.jpg\",\"contentUrl\":\"https:\/\/global-hookah.com\/wp-content\/uploads\/2023\/07\/New-Bar-Shisha-Pipe-Set-4-Hoses-Glass-Hookah-Pipa-Narguile-Completo-Chicha-Cachimba-Hooka-Sisha.jpg\",\"width\":1920,\"height\":1920,\"caption\":\"4 Hoses Glass Hookah Pipe Wholesale\"},{\"@type\":\"BreadcrumbList\",\"@id\":\"https:\/\/global-hookah.com\/product\/new-bar-shisha-pipe-set-4-hoses-glass-hookah-pipe-wholesale\/#breadcrumb\",\"itemListElement\":[{\"@type\":\"ListItem\",\"position\":1,\"name\":\"Home\",\"item\":\"https:\/\/global-hookah.com\/\"},{\"@type\":\"ListItem\",\"position\":2,\"name\":\"Shop\",\"item\":\"https:\/\/global-hookah.com\/shop\/\"},{\"@type\":\"ListItem\",\"position\":3,\"name\":\"New Bar Shisha Pipe Set 4 Hoses Glass Hookah Pipe Wholesale\"}]},{\"@type\":\"WebSite\",\"@id\":\"https:\/\/global-hookah.com\/#website\",\"url\":\"https:\/\/global-hookah.com\/\",\"name\":\"Global Hookah\",\"description\":\"Global Hookah\",\"publisher\":{\"@id\":\"https:\/\/global-hookah.com\/#organization\"},\"potentialAction\":[{\"@type\":\"SearchAction\",\"target\":{\"@type\":\"EntryPoint\",\"urlTemplate\":\"https:\/\/global-hookah.com\/?s={search_term_string}\"},\"query-input\":{\"@type\":\"PropertyValueSpecification\",\"valueRequired\":true,\"valueName\":\"search_term_string\"}}],\"inLanguage\":\"es\"},{\"@type\":\"Organization\",\"@id\":\"https:\/\/global-hookah.com\/#organization\",\"name\":\"Global Hookah\",\"url\":\"https:\/\/global-hookah.com\/\",\"logo\":{\"@type\":\"ImageObject\",\"inLanguage\":\"es\",\"@id\":\"https:\/\/global-hookah.com\/#\/schema\/logo\/image\/\",\"url\":\"https:\/\/global-hookah.com\/wp-content\/uploads\/2021\/10\/cropped-fgg.png\",\"contentUrl\":\"https:\/\/global-hookah.com\/wp-content\/uploads\/2021\/10\/cropped-fgg.png\",\"width\":512,\"height\":512,\"caption\":\"Global Hookah\"},\"image\":{\"@id\":\"https:\/\/global-hookah.com\/#\/schema\/logo\/image\/\"}}]}<\/script>\n<!-- \/ Yoast SEO Premium plugin. -->","yoast_head_json":{"title":"Nuevo Bar Shisha Pipe Set 4 Mangueras de vidrio Hookah Pipe Venta al por mayor - Global Hookah","robots":{"index":"index","follow":"follow","max-snippet":"max-snippet:-1","max-image-preview":"max-image-preview:large","max-video-preview":"max-video-preview:-1"},"canonical":"https:\/\/global-hookah.com\/es\/producto\/new-bar-shisha-pipe-set-4-hoses-glass-hookah-pipe-wholesale\/","og_locale":"es_ES","og_type":"article","og_title":"New Bar Shisha Pipe Set 4 Hoses Glass Hookah Pipe Wholesale","og_description":"4 Hoses Glass Hookah Pipe using high-quality materials and excellent craftsmanship, it serves as a large 4-hose hookah that is","og_url":"https:\/\/global-hookah.com\/es\/producto\/new-bar-shisha-pipe-set-4-hoses-glass-hookah-pipe-wholesale\/","og_site_name":"Global Hookah","article_modified_time":"2024-06-26T02:55:55+00:00","og_image":[{"width":1920,"height":1920,"url":"https:\/\/global-hookah.com\/wp-content\/uploads\/2023\/07\/New-Bar-Shisha-Pipe-Set-4-Hoses-Glass-Hookah-Pipa-Narguile-Completo-Chicha-Cachimba-Hooka-Sisha.jpg","type":"image\/jpeg"}],"twitter_card":"summary_large_image","twitter_misc":{"Tiempo de lectura":"4 minutos"},"schema":{"@context":"https:\/\/schema.org","@graph":[{"@type":"WebPage","@id":"https:\/\/global-hookah.com\/product\/new-bar-shisha-pipe-set-4-hoses-glass-hookah-pipe-wholesale\/","url":"https:\/\/global-hookah.com\/product\/new-bar-shisha-pipe-set-4-hoses-glass-hookah-pipe-wholesale\/","name":"Nuevo Bar Shisha Pipe Set 4 Mangueras de vidrio Hookah Pipe Venta al por mayor - Global Hookah","isPartOf":{"@id":"https:\/\/global-hookah.com\/#website"},"primaryImageOfPage":{"@id":"https:\/\/global-hookah.com\/product\/new-bar-shisha-pipe-set-4-hoses-glass-hookah-pipe-wholesale\/#primaryimage"},"image":{"@id":"https:\/\/global-hookah.com\/product\/new-bar-shisha-pipe-set-4-hoses-glass-hookah-pipe-wholesale\/#primaryimage"},"thumbnailUrl":"https:\/\/global-hookah.com\/wp-content\/uploads\/2023\/07\/New-Bar-Shisha-Pipe-Set-4-Hoses-Glass-Hookah-Pipa-Narguile-Completo-Chicha-Cachimba-Hooka-Sisha.jpg","datePublished":"2023-07-30T01:53:33+00:00","dateModified":"2024-06-26T02:55:55+00:00","breadcrumb":{"@id":"https:\/\/global-hookah.com\/product\/new-bar-shisha-pipe-set-4-hoses-glass-hookah-pipe-wholesale\/#breadcrumb"},"inLanguage":"es","potentialAction":[{"@type":"ReadAction","target":["https:\/\/global-hookah.com\/product\/new-bar-shisha-pipe-set-4-hoses-glass-hookah-pipe-wholesale\/"]}]},{"@type":"ImageObject","inLanguage":"es","@id":"https:\/\/global-hookah.com\/product\/new-bar-shisha-pipe-set-4-hoses-glass-hookah-pipe-wholesale\/#primaryimage","url":"https:\/\/global-hookah.com\/wp-content\/uploads\/2023\/07\/New-Bar-Shisha-Pipe-Set-4-Hoses-Glass-Hookah-Pipa-Narguile-Completo-Chicha-Cachimba-Hooka-Sisha.jpg","contentUrl":"https:\/\/global-hookah.com\/wp-content\/uploads\/2023\/07\/New-Bar-Shisha-Pipe-Set-4-Hoses-Glass-Hookah-Pipa-Narguile-Completo-Chicha-Cachimba-Hooka-Sisha.jpg","width":1920,"height":1920,"caption":"4 Hoses Glass Hookah Pipe Wholesale"},{"@type":"BreadcrumbList","@id":"https:\/\/global-hookah.com\/product\/new-bar-shisha-pipe-set-4-hoses-glass-hookah-pipe-wholesale\/#breadcrumb","itemListElement":[{"@type":"ListItem","position":1,"name":"Home","item":"https:\/\/global-hookah.com\/"},{"@type":"ListItem","position":2,"name":"Shop","item":"https:\/\/global-hookah.com\/shop\/"},{"@type":"ListItem","position":3,"name":"New Bar Shisha Pipe Set 4 Hoses Glass Hookah Pipe Wholesale"}]},{"@type":"WebSite","@id":"https:\/\/global-hookah.com\/#website","url":"https:\/\/global-hookah.com\/","name":"Global Hookah","description":"Global Hookah","publisher":{"@id":"https:\/\/global-hookah.com\/#organization"},"potentialAction":[{"@type":"SearchAction","target":{"@type":"EntryPoint","urlTemplate":"https:\/\/global-hookah.com\/?s={search_term_string}"},"query-input":{"@type":"PropertyValueSpecification","valueRequired":true,"valueName":"search_term_string"}}],"inLanguage":"es"},{"@type":"Organization","@id":"https:\/\/global-hookah.com\/#organization","name":"Global Hookah","url":"https:\/\/global-hookah.com\/","logo":{"@type":"ImageObject","inLanguage":"es","@id":"https:\/\/global-hookah.com\/#\/schema\/logo\/image\/","url":"https:\/\/global-hookah.com\/wp-content\/uploads\/2021\/10\/cropped-fgg.png","contentUrl":"https:\/\/global-hookah.com\/wp-content\/uploads\/2021\/10\/cropped-fgg.png","width":512,"height":512,"caption":"Global Hookah"},"image":{"@id":"https:\/\/global-hookah.com\/#\/schema\/logo\/image\/"}}]}},"_links":{"self":[{"href":"https:\/\/global-hookah.com\/es\/wp-json\/wp\/v2\/product\/12854","targetHints":{"allow":["GET"]}}],"collection":[{"href":"https:\/\/global-hookah.com\/es\/wp-json\/wp\/v2\/product"}],"about":[{"href":"https:\/\/global-hookah.com\/es\/wp-json\/wp\/v2\/types\/product"}],"replies":[{"embeddable":true,"href":"https:\/\/global-hookah.com\/es\/wp-json\/wp\/v2\/comments?post=12854"}],"version-history":[{"count":0,"href":"https:\/\/global-hookah.com\/es\/wp-json\/wp\/v2\/product\/12854\/revisions"}],"wp:featuredmedia":[{"embeddable":true,"href":"https:\/\/global-hookah.com\/es\/wp-json\/wp\/v2\/media\/12855"}],"wp:attachment":[{"href":"https:\/\/global-hookah.com\/es\/wp-json\/wp\/v2\/media?parent=12854"}],"wp:term":[{"taxonomy":"product_brand","embeddable":true,"href":"https:\/\/global-hookah.com\/es\/wp-json\/wp\/v2\/product_brand?post=12854"},{"taxonomy":"product_cat","embeddable":true,"href":"https:\/\/global-hookah.com\/es\/wp-json\/wp\/v2\/product_cat?post=12854"},{"taxonomy":"product_tag","embeddable":true,"href":"https:\/\/global-hookah.com\/es\/wp-json\/wp\/v2\/product_tag?post=12854"}],"curies":[{"name":"wp","href":"https:\/\/api.w.org\/{rel}","templated":true}]}}