{"id":12863,"date":"2023-07-30T01:57:31","date_gmt":"2023-07-30T01:57:31","guid":{"rendered":"https:\/\/global-hookah.com\/product\/wholesale-2-hoses-turkish-hookah-pipe\/"},"modified":"2024-01-12T03:56:01","modified_gmt":"2024-01-12T03:56:01","slug":"wholesale-2-hoses-turkish-hookah-pipe","status":"publish","type":"product","link":"https:\/\/global-hookah.com\/es\/producto\/wholesale-2-hoses-turkish-hookah-pipe\/","title":{"rendered":"Mayorista 2 Mangueras Pipa Hookah Turca"},"content":{"rendered":"<p><strong>Pipas de narguile turcas<\/strong> son famosos desde hace mucho tiempo por ofrecer una experiencia de fumado sin igual, apreciada por los aficionados de todo el mundo. La artesan\u00eda y la atenci\u00f3n al detalle que se invierte en cada uno de nuestros cigarros. <strong>Pipas de narguile turcas<\/strong> contribuyen a su superioridad sin rival. Uno de los factores clave de la <strong>Pipas de narguile turcas<\/strong> reinado es su excepcional construcci\u00f3n. Estos <strong>narguile tradicional turco<\/strong> est\u00e1n meticulosamente elaborados a mano por expertos artesanos, que se aseguran de que cada elemento est\u00e9 perfectamente equilibrado y ensamblado.<\/p>\n<p>Esta artesan\u00eda garantiza una extracci\u00f3n suave y sin esfuerzo, permitiendo una experiencia de fumado realmente placentera. Adem\u00e1s, <strong>pipa de shisha turca<\/strong> son famosas por su excepcional dise\u00f1o del flujo de aire. El intrincado patr\u00f3n del tallo de la pipa y los orificios de ventilaci\u00f3n estrat\u00e9gicamente colocados crean una ventilaci\u00f3n \u00f3ptima, lo que resulta en una combusti\u00f3n uniforme y consistente y una entrega de sabor robusto. Esta meticulosa ingenier\u00eda garantiza que cada calada sea rica en sabor y aroma.<\/p>\n<p>Los usuarios pueden <a href=\"https:\/\/global-hookah.com\/product-category\/wholesale-hookah\/\">personalizar sus pipas de narguile<\/a> para ajustarse a sus preferencias porque a la <a href=\"https:\/\/global-hookah.com\/product-category\/hookahs\/\">variedad de pipas hookah<\/a> de nuestro <a href=\"https:\/\/global-hookah.com\/\">narguile mundial<\/a> websiteLos fumadores pueden elegir la pipa hookah turca ideal para sus necesidades entre una gran variedad de estilos, tama\u00f1os y materiales. Hay muchas alternativas est\u00e9ticamente agradables para elegir, ya sea que desee un estilo convencional o moderno.<\/p>\n<div class=\"detailmodule_html\">\n<div class=\"detail-desc-decorate-richtext\">\n<div>\n<div>\n<div>\n<div>\n<div>\n<div>\n<div>\n<div>\n<p style=\"text-align: start;\" align=\"start\"><span style=\"background-color: #ffffff; color: #000000; font-size: 18px; font-family: arial, helvetica, sans-serif;\">Material:Vidrio+Metal+Cer\u00e1mica<br \/>\nColor:Negro,Azul,Rojo<\/span><\/p>\n<p style=\"text-align: start;\" align=\"start\"><span style=\"background-color: #ffffff; color: #000000; font-size: 18px; font-family: arial, helvetica, sans-serif;\">Tipo:Elefante de metal Decoraci\u00f3n artesanal<br \/>\nAltura total:Aproximadamente 55CM\/21.65\u2033.<br \/>\nDi\u00e1metro del fondo: 15CM\/5.91\u2033 aprox.<br \/>\nUso:Tuber\u00edas y accesorios Shihsa<br \/>\nLugar adecuado:Hogar,Bar,Club,Boda,Fiesta,Viaje,Exterior.<\/span><\/p>\n<div style=\"text-align: start;\" align=\"start\"><\/div>\n<p style=\"text-align: start;\" align=\"start\"><span style=\"background-color: #ffffff; color: #000000; font-size: 18px; font-family: arial, helvetica, sans-serif;\">Lista de embalaje:<br \/>\n1PC * Hookah Base (Incluyendo los accesorios necesarios como muestra la foto)<br \/>\n1PC* Taz\u00f3n de cer\u00e1mica<br \/>\n2PCS*Mangueras de cuero sint\u00e9tico<br \/>\n1PC* Pinzas de metal para carb\u00f3n<\/span><\/p>\n<p style=\"text-align: start;\" align=\"start\"><img decoding=\"async\" src=\"https:\/\/ae01.alicdn.com\/kf\/Se84e13fea3054d5383b958370a6a20b3V.jpg\" \/><img decoding=\"async\" src=\"https:\/\/ae01.alicdn.com\/kf\/S0f2659f114784553a3e2846c3b00b4c7h.jpg\" \/><img decoding=\"async\" src=\"https:\/\/ae01.alicdn.com\/kf\/S9e71fb44dc3b4587952cc5dcaf64cc4f0.jpg\" \/><img decoding=\"async\" src=\"https:\/\/ae01.alicdn.com\/kf\/Se4f078ea065c4721aadd515e830ffff5O.jpg\" \/><img decoding=\"async\" src=\"https:\/\/ae01.alicdn.com\/kf\/S12fb7a4a75d5447dae37f6c3e8ce6d353.jpg\" \/><img decoding=\"async\" src=\"https:\/\/ae01.alicdn.com\/kf\/S901af91c69c4407581f9514c3f4f47ee5.jpg\" \/><img decoding=\"async\" src=\"https:\/\/ae01.alicdn.com\/kf\/S625bbb73d8f34714acb15355dc3455dfJ.jpg\" \/><img decoding=\"async\" src=\"https:\/\/ae01.alicdn.com\/kf\/Sa4783949ac1142febf66f42fe1103b76q.jpg\" \/><img decoding=\"async\" src=\"https:\/\/ae01.alicdn.com\/kf\/Sdc8af3c3c88249b3887ceb91107d0f54X.jpg\" \/><\/p>\n<p><img decoding=\"async\" src=\"https:\/\/ae01.alicdn.com\/kf\/H0982bec1f89643ea928b461ecb2d84f2l.jpg\" \/><\/p>\n<div><\/div>\n<\/div>\n<\/div>\n<\/div>\n<\/div>\n<div>\n<\/div>\n<\/div>\n<\/div>\n<\/div>\n<\/div>\n<p>&nbsp;<\/p>\n<p>&nbsp;<\/p>\n<p>&nbsp;<\/p>\n<\/div>\n<\/div>\n<p>&nbsp;<\/p>","protected":false},"excerpt":{"rendered":"<p>Las pipas de narguile turcas son famosas desde hace mucho tiempo por proporcionar una experiencia de fumado sin igual, apreciada por los aficionados de todo el mundo. El<\/p>","protected":false},"featured_media":12864,"comment_status":"open","ping_status":"closed","template":"","meta":{"iawp_total_views":10,"_joinchat":[]},"product_brand":[],"product_cat":[560,119],"product_tag":[],"class_list":{"0":"post-12863","1":"product","2":"type-product","3":"status-publish","4":"has-post-thumbnail","6":"product_cat-glass-hookah-wholesale","7":"product_cat-wholesale-hookah","9":"first","10":"instock","11":"shipping-taxable","12":"purchasable","13":"product-type-variable"},"yoast_head":"<!-- This site is optimized with the Yoast SEO Premium plugin v24.7 (Yoast SEO v26.8) - https:\/\/yoast.com\/product\/yoast-seo-premium-wordpress\/ -->\n<title>Wholesale 2 Hoses Turkish Hookah Pipe - Global Hookah<\/title>\n<meta name=\"robots\" content=\"index, follow, max-snippet:-1, max-image-preview:large, max-video-preview:-1\" \/>\n<link rel=\"canonical\" href=\"https:\/\/global-hookah.com\/es\/produkt\/groshandel-2-schlauche-turkische-hookah-pfeife\/\" \/>\n<meta property=\"og:locale\" content=\"es_ES\" \/>\n<meta property=\"og:type\" content=\"article\" \/>\n<meta property=\"og:title\" content=\"Wholesale 2 Hoses Turkish Hookah Pipe\" \/>\n<meta property=\"og:description\" content=\"Turkish hookah pipes have long been celebrated for providing an unparalleled smoking experience that is cherished by enthusiasts worldwide. The\" \/>\n<meta property=\"og:url\" content=\"https:\/\/global-hookah.com\/es\/produkt\/groshandel-2-schlauche-turkische-hookah-pfeife\/\" \/>\n<meta property=\"og:site_name\" content=\"Global Hookah\" \/>\n<meta property=\"article:modified_time\" content=\"2024-01-12T03:56:01+00:00\" \/>\n<meta property=\"og:image\" content=\"https:\/\/global-hookah.com\/wp-content\/uploads\/2023\/07\/Big-Painting-Glass-Hookah-Pipa-Narguile-Completo-Shisha-Pipe-Chicha-Cachimba-2-Hoses-Sisha-Metal-Elephant.jpg\" \/>\n\t<meta property=\"og:image:width\" content=\"1500\" \/>\n\t<meta property=\"og:image:height\" content=\"1500\" \/>\n\t<meta property=\"og:image:type\" content=\"image\/jpeg\" \/>\n<meta name=\"twitter:card\" content=\"summary_large_image\" \/>\n<meta name=\"twitter:label1\" content=\"Tiempo de lectura\" \/>\n\t<meta name=\"twitter:data1\" content=\"4 minutos\" \/>\n<script type=\"application\/ld+json\" class=\"yoast-schema-graph\">{\"@context\":\"https:\/\/schema.org\",\"@graph\":[{\"@type\":\"WebPage\",\"@id\":\"https:\/\/global-hookah.com\/de\/produkt\/groshandel-2-schlauche-turkische-hookah-pfeife\/\",\"url\":\"https:\/\/global-hookah.com\/de\/produkt\/groshandel-2-schlauche-turkische-hookah-pfeife\/\",\"name\":\"Wholesale 2 Hoses Turkish Hookah Pipe - Global Hookah\",\"isPartOf\":{\"@id\":\"https:\/\/global-hookah.com\/#website\"},\"primaryImageOfPage\":{\"@id\":\"https:\/\/global-hookah.com\/de\/produkt\/groshandel-2-schlauche-turkische-hookah-pfeife\/#primaryimage\"},\"image\":{\"@id\":\"https:\/\/global-hookah.com\/de\/produkt\/groshandel-2-schlauche-turkische-hookah-pfeife\/#primaryimage\"},\"thumbnailUrl\":\"https:\/\/global-hookah.com\/wp-content\/uploads\/2023\/07\/Big-Painting-Glass-Hookah-Pipa-Narguile-Completo-Shisha-Pipe-Chicha-Cachimba-2-Hoses-Sisha-Metal-Elephant.jpg\",\"datePublished\":\"2023-07-30T01:57:31+00:00\",\"dateModified\":\"2024-01-12T03:56:01+00:00\",\"breadcrumb\":{\"@id\":\"https:\/\/global-hookah.com\/de\/produkt\/groshandel-2-schlauche-turkische-hookah-pfeife\/#breadcrumb\"},\"inLanguage\":\"es\",\"potentialAction\":[{\"@type\":\"ReadAction\",\"target\":[\"https:\/\/global-hookah.com\/de\/produkt\/groshandel-2-schlauche-turkische-hookah-pfeife\/\"]}]},{\"@type\":\"ImageObject\",\"inLanguage\":\"es\",\"@id\":\"https:\/\/global-hookah.com\/de\/produkt\/groshandel-2-schlauche-turkische-hookah-pfeife\/#primaryimage\",\"url\":\"https:\/\/global-hookah.com\/wp-content\/uploads\/2023\/07\/Big-Painting-Glass-Hookah-Pipa-Narguile-Completo-Shisha-Pipe-Chicha-Cachimba-2-Hoses-Sisha-Metal-Elephant.jpg\",\"contentUrl\":\"https:\/\/global-hookah.com\/wp-content\/uploads\/2023\/07\/Big-Painting-Glass-Hookah-Pipa-Narguile-Completo-Shisha-Pipe-Chicha-Cachimba-2-Hoses-Sisha-Metal-Elephant.jpg\",\"width\":1500,\"height\":1500,\"caption\":\"Wholesale 2 Hoses Turkish Hookah Pipe\"},{\"@type\":\"BreadcrumbList\",\"@id\":\"https:\/\/global-hookah.com\/de\/produkt\/groshandel-2-schlauche-turkische-hookah-pfeife\/#breadcrumb\",\"itemListElement\":[{\"@type\":\"ListItem\",\"position\":1,\"name\":\"Home\",\"item\":\"https:\/\/global-hookah.com\/\"},{\"@type\":\"ListItem\",\"position\":2,\"name\":\"Shop\",\"item\":\"https:\/\/global-hookah.com\/shop\/\"},{\"@type\":\"ListItem\",\"position\":3,\"name\":\"Wholesale 2 Hoses Turkish Hookah Pipe\"}]},{\"@type\":\"WebSite\",\"@id\":\"https:\/\/global-hookah.com\/#website\",\"url\":\"https:\/\/global-hookah.com\/\",\"name\":\"Global Hookah\",\"description\":\"Global Hookah\",\"publisher\":{\"@id\":\"https:\/\/global-hookah.com\/#organization\"},\"potentialAction\":[{\"@type\":\"SearchAction\",\"target\":{\"@type\":\"EntryPoint\",\"urlTemplate\":\"https:\/\/global-hookah.com\/?s={search_term_string}\"},\"query-input\":{\"@type\":\"PropertyValueSpecification\",\"valueRequired\":true,\"valueName\":\"search_term_string\"}}],\"inLanguage\":\"es\"},{\"@type\":\"Organization\",\"@id\":\"https:\/\/global-hookah.com\/#organization\",\"name\":\"Global Hookah\",\"url\":\"https:\/\/global-hookah.com\/\",\"logo\":{\"@type\":\"ImageObject\",\"inLanguage\":\"es\",\"@id\":\"https:\/\/global-hookah.com\/#\/schema\/logo\/image\/\",\"url\":\"https:\/\/global-hookah.com\/wp-content\/uploads\/2021\/10\/cropped-fgg.png\",\"contentUrl\":\"https:\/\/global-hookah.com\/wp-content\/uploads\/2021\/10\/cropped-fgg.png\",\"width\":512,\"height\":512,\"caption\":\"Global Hookah\"},\"image\":{\"@id\":\"https:\/\/global-hookah.com\/#\/schema\/logo\/image\/\"}}]}<\/script>\n<!-- \/ Yoast SEO Premium plugin. -->","yoast_head_json":{"title":"Mayorista 2 Mangueras Pipa Hookah Turca - Global Hookah","robots":{"index":"index","follow":"follow","max-snippet":"max-snippet:-1","max-image-preview":"max-image-preview:large","max-video-preview":"max-video-preview:-1"},"canonical":"https:\/\/global-hookah.com\/es\/produkt\/groshandel-2-schlauche-turkische-hookah-pfeife\/","og_locale":"es_ES","og_type":"article","og_title":"Wholesale 2 Hoses Turkish Hookah Pipe","og_description":"Turkish hookah pipes have long been celebrated for providing an unparalleled smoking experience that is cherished by enthusiasts worldwide. The","og_url":"https:\/\/global-hookah.com\/es\/produkt\/groshandel-2-schlauche-turkische-hookah-pfeife\/","og_site_name":"Global Hookah","article_modified_time":"2024-01-12T03:56:01+00:00","og_image":[{"width":1500,"height":1500,"url":"https:\/\/global-hookah.com\/wp-content\/uploads\/2023\/07\/Big-Painting-Glass-Hookah-Pipa-Narguile-Completo-Shisha-Pipe-Chicha-Cachimba-2-Hoses-Sisha-Metal-Elephant.jpg","type":"image\/jpeg"}],"twitter_card":"summary_large_image","twitter_misc":{"Tiempo de lectura":"4 minutos"},"schema":{"@context":"https:\/\/schema.org","@graph":[{"@type":"WebPage","@id":"https:\/\/global-hookah.com\/de\/produkt\/groshandel-2-schlauche-turkische-hookah-pfeife\/","url":"https:\/\/global-hookah.com\/de\/produkt\/groshandel-2-schlauche-turkische-hookah-pfeife\/","name":"Mayorista 2 Mangueras Pipa Hookah Turca - Global Hookah","isPartOf":{"@id":"https:\/\/global-hookah.com\/#website"},"primaryImageOfPage":{"@id":"https:\/\/global-hookah.com\/de\/produkt\/groshandel-2-schlauche-turkische-hookah-pfeife\/#primaryimage"},"image":{"@id":"https:\/\/global-hookah.com\/de\/produkt\/groshandel-2-schlauche-turkische-hookah-pfeife\/#primaryimage"},"thumbnailUrl":"https:\/\/global-hookah.com\/wp-content\/uploads\/2023\/07\/Big-Painting-Glass-Hookah-Pipa-Narguile-Completo-Shisha-Pipe-Chicha-Cachimba-2-Hoses-Sisha-Metal-Elephant.jpg","datePublished":"2023-07-30T01:57:31+00:00","dateModified":"2024-01-12T03:56:01+00:00","breadcrumb":{"@id":"https:\/\/global-hookah.com\/de\/produkt\/groshandel-2-schlauche-turkische-hookah-pfeife\/#breadcrumb"},"inLanguage":"es","potentialAction":[{"@type":"ReadAction","target":["https:\/\/global-hookah.com\/de\/produkt\/groshandel-2-schlauche-turkische-hookah-pfeife\/"]}]},{"@type":"ImageObject","inLanguage":"es","@id":"https:\/\/global-hookah.com\/de\/produkt\/groshandel-2-schlauche-turkische-hookah-pfeife\/#primaryimage","url":"https:\/\/global-hookah.com\/wp-content\/uploads\/2023\/07\/Big-Painting-Glass-Hookah-Pipa-Narguile-Completo-Shisha-Pipe-Chicha-Cachimba-2-Hoses-Sisha-Metal-Elephant.jpg","contentUrl":"https:\/\/global-hookah.com\/wp-content\/uploads\/2023\/07\/Big-Painting-Glass-Hookah-Pipa-Narguile-Completo-Shisha-Pipe-Chicha-Cachimba-2-Hoses-Sisha-Metal-Elephant.jpg","width":1500,"height":1500,"caption":"Wholesale 2 Hoses Turkish Hookah Pipe"},{"@type":"BreadcrumbList","@id":"https:\/\/global-hookah.com\/de\/produkt\/groshandel-2-schlauche-turkische-hookah-pfeife\/#breadcrumb","itemListElement":[{"@type":"ListItem","position":1,"name":"Home","item":"https:\/\/global-hookah.com\/"},{"@type":"ListItem","position":2,"name":"Shop","item":"https:\/\/global-hookah.com\/shop\/"},{"@type":"ListItem","position":3,"name":"Wholesale 2 Hoses Turkish Hookah Pipe"}]},{"@type":"WebSite","@id":"https:\/\/global-hookah.com\/#website","url":"https:\/\/global-hookah.com\/","name":"Global Hookah","description":"Global Hookah","publisher":{"@id":"https:\/\/global-hookah.com\/#organization"},"potentialAction":[{"@type":"SearchAction","target":{"@type":"EntryPoint","urlTemplate":"https:\/\/global-hookah.com\/?s={search_term_string}"},"query-input":{"@type":"PropertyValueSpecification","valueRequired":true,"valueName":"search_term_string"}}],"inLanguage":"es"},{"@type":"Organization","@id":"https:\/\/global-hookah.com\/#organization","name":"Global Hookah","url":"https:\/\/global-hookah.com\/","logo":{"@type":"ImageObject","inLanguage":"es","@id":"https:\/\/global-hookah.com\/#\/schema\/logo\/image\/","url":"https:\/\/global-hookah.com\/wp-content\/uploads\/2021\/10\/cropped-fgg.png","contentUrl":"https:\/\/global-hookah.com\/wp-content\/uploads\/2021\/10\/cropped-fgg.png","width":512,"height":512,"caption":"Global Hookah"},"image":{"@id":"https:\/\/global-hookah.com\/#\/schema\/logo\/image\/"}}]}},"_links":{"self":[{"href":"https:\/\/global-hookah.com\/es\/wp-json\/wp\/v2\/product\/12863","targetHints":{"allow":["GET"]}}],"collection":[{"href":"https:\/\/global-hookah.com\/es\/wp-json\/wp\/v2\/product"}],"about":[{"href":"https:\/\/global-hookah.com\/es\/wp-json\/wp\/v2\/types\/product"}],"replies":[{"embeddable":true,"href":"https:\/\/global-hookah.com\/es\/wp-json\/wp\/v2\/comments?post=12863"}],"version-history":[{"count":0,"href":"https:\/\/global-hookah.com\/es\/wp-json\/wp\/v2\/product\/12863\/revisions"}],"wp:featuredmedia":[{"embeddable":true,"href":"https:\/\/global-hookah.com\/es\/wp-json\/wp\/v2\/media\/12864"}],"wp:attachment":[{"href":"https:\/\/global-hookah.com\/es\/wp-json\/wp\/v2\/media?parent=12863"}],"wp:term":[{"taxonomy":"product_brand","embeddable":true,"href":"https:\/\/global-hookah.com\/es\/wp-json\/wp\/v2\/product_brand?post=12863"},{"taxonomy":"product_cat","embeddable":true,"href":"https:\/\/global-hookah.com\/es\/wp-json\/wp\/v2\/product_cat?post=12863"},{"taxonomy":"product_tag","embeddable":true,"href":"https:\/\/global-hookah.com\/es\/wp-json\/wp\/v2\/product_tag?post=12863"}],"curies":[{"name":"wp","href":"https:\/\/api.w.org\/{rel}","templated":true}]}}