{"id":12871,"date":"2023-07-30T01:58:36","date_gmt":"2023-07-30T01:58:36","guid":{"rendered":"https:\/\/global-hookah.com\/product\/china-travel-glass-shisha-hookah-pipe\/"},"modified":"2026-02-10T08:31:02","modified_gmt":"2026-02-10T08:31:02","slug":"china-travel-glass-shisha-hookah-pipe","status":"publish","type":"product","link":"https:\/\/global-hookah.com\/es\/producto\/china-travel-glass-shisha-hookah-pipe\/","title":{"rendered":"Pipa de viaje de cristal para shisha y narguile de China"},"content":{"rendered":"<div class=\"product-specs-list-container\">\n<p>Lo mejor de este<strong> narguile de cristal de viaje<\/strong> es que se hizo con<strong> los viajeros en mente<\/strong>. Su peque\u00f1a altura de 11 cm le permite caber f\u00e1cilmente tanto en bolsas est\u00e1ndar como en mochilas de viaje. \u00a1Seguro que te encantar\u00e1 si te gusta viajar!<\/p>\n<p>El magn\u00edfico <a href=\"https:\/\/global-hookah.com\/product-category\/wholesale-hookah\/glass-hookah-wholesale\/\"><strong>narguile de cristal<\/strong> <\/a>El cuerpo, que ha sido h\u00e1bilmente elaborado para una filtraci\u00f3n \u00f3ptima, es el componente central de esta <strong>Travel Glass Shisha Hookah Pi<\/strong>pe. La base m\u00e1s gruesa asegura la robustez, resistiendo impactos y cambios de temperatura, y el sencillo dep\u00f3sito de agua le permite llenarlo con el agua o hielo que prefiera.<\/p>\n<p>Desde la base se extiende hacia arriba un v\u00e1stago o columna met\u00e1lica de varias secciones con un acabado cromado de alto brillo que irradia un lustre refinado de primera calidad. Fabricado en acero inoxidable de precisi\u00f3n mecanizado mediante CNC e integrado a la perfecci\u00f3n con vidrio de borosilicato de alta calidad, cuenta con innovadores orificios de ventilaci\u00f3n con rodamientos de bolas en puntos de conexi\u00f3n clave para garantizar un flujo de aire suave y sin obstrucciones con una resistencia m\u00ednima.<\/p>\n<p>Sin necesidad de herramientas, todas las piezas se pueden desmontar y volver a montar r\u00e1pidamente. En una habitaci\u00f3n de hotel, en una casa de vacaciones o en un camping al aire libre, se puede montar y empezar a utilizar r\u00e1pidamente gracias al dise\u00f1o de conexi\u00f3n roscada. La limpieza y el mantenimiento tambi\u00e9n son sencillos, al igual que el desmontaje.<\/p>\n<ul class=\"product-specs-list util-clearfix\">\n<li class=\"product-prop line-limit-length\"><span class=\"property-title\">Color:\u00a0<\/span><span class=\"property-desc line-limit-length\">Blanco<\/span><\/li>\n<li class=\"product-prop line-limit-length\"><span class=\"property-title\">Altura total:\u00a0<\/span><span class=\"property-desc line-limit-length\">30CM\/11.81\u2033<\/span><\/li>\n<li class=\"product-prop line-limit-length\"><span class=\"property-title\">Anchura de la base de cristal:\u00a0<\/span><span class=\"property-desc line-limit-length\">11CM\/4.33\u2033<\/span><\/li>\n<li class=\"product-prop line-limit-length\"><span class=\"property-title\">\u00dasalo:\u00a0<\/span><span class=\"property-desc line-limit-length\">Pipa de shisha y accesorios<\/span><\/li>\n<\/ul>\n<\/div>\n<div class=\"detailmodule_image\"><img decoding=\"async\" class=\"detail-desc-decorate-image\" src=\"https:\/\/ae01.alicdn.com\/kf\/H680f141f6f92479ca0bbb319a3dbd5d9R.jpg\" \/><img decoding=\"async\" class=\"detail-desc-decorate-image\" src=\"https:\/\/ae01.alicdn.com\/kf\/Hefa23932f54d4d758fa6df151db3aa0da.jpg\" \/><img decoding=\"async\" class=\"detail-desc-decorate-image\" src=\"https:\/\/ae01.alicdn.com\/kf\/H11c25b9bb5b14366abb226b22a504829j.jpg\" \/><img decoding=\"async\" class=\"detail-desc-decorate-image\" src=\"https:\/\/ae01.alicdn.com\/kf\/H2ab3b58623d84d238d73d7d584b319200.jpg\" \/><\/div>\n<div class=\"detailmodule_html\">\n<div class=\"detail-desc-decorate-richtext\">\n<div style=\"overflow: hidden; height: 0px;\">modname=ckeditor<\/div>\n<div>\n<p><img decoding=\"async\" style=\"display: block;\" src=\"https:\/\/ae01.alicdn.com\/kf\/H1934d834bf00411f9d87465f9152565dA.jpg\" \/><img decoding=\"async\" style=\"display: block;\" src=\"https:\/\/ae01.alicdn.com\/kf\/H1dcf2c7b2eff45e88d9d945636c5cb2eN.jpg\" \/><img decoding=\"async\" style=\"display: block;\" src=\"https:\/\/ae01.alicdn.com\/kf\/Hcbb90694502c4c38bc7d449e7d39cf99X.jpg\" \/><img decoding=\"async\" style=\"display: block;\" src=\"https:\/\/ae01.alicdn.com\/kf\/H4274d6c7544b47bdbcb34cc86c6b6b9d7.jpg\" \/><img decoding=\"async\" style=\"display: block;\" src=\"https:\/\/ae01.alicdn.com\/kf\/H2b29305bb56c4eea90968081b24fb8e7x.jpg\" \/><img decoding=\"async\" style=\"display: block;\" src=\"https:\/\/ae01.alicdn.com\/kf\/Hbb123f2b0d4048cdb8bce42d5b4e99deG.jpg\" \/><img decoding=\"async\" style=\"display: block;\" src=\"https:\/\/ae01.alicdn.com\/kf\/He998f8754e8e442bb9401f5d372909bb5.jpg\" \/><img decoding=\"async\" style=\"display: block;\" src=\"https:\/\/ae01.alicdn.com\/kf\/H4e5f91e09bd94728945c09a2de626890k.jpg\" \/><img decoding=\"async\" style=\"display: block;\" src=\"https:\/\/ae01.alicdn.com\/kf\/H6358b9374d64489b929452983b7b23ccL.jpg\" \/><img decoding=\"async\" style=\"display: block;\" src=\"https:\/\/ae01.alicdn.com\/kf\/H68a45124bdeb4ab380b6b4ff4b7e8b55C.jpg\" \/><img decoding=\"async\" style=\"display: block;\" src=\"https:\/\/ae01.alicdn.com\/kf\/H4258620dad674b65a7963aa2b886ee5aA.jpg\" \/><\/p>\n<\/div>\n<\/div>\n<\/div>\n<p>&nbsp;<\/p>\n<p>&nbsp;<\/p>\n<p>&nbsp;<\/p>","protected":false},"excerpt":{"rendered":"<p>Lo mejor de este narguile de cristal de viaje es que se ha fabricado pensando en los viajeros. Su peque\u00f1a altura<\/p>","protected":false},"featured_media":12872,"comment_status":"open","ping_status":"closed","template":"","meta":{"iawp_total_views":2,"_joinchat":[]},"product_brand":[],"product_cat":[560,559,119],"product_tag":[],"class_list":{"0":"post-12871","1":"product","2":"type-product","3":"status-publish","4":"has-post-thumbnail","6":"product_cat-glass-hookah-wholesale","7":"product_cat-portable-hookah-wholesale","8":"product_cat-wholesale-hookah","10":"first","11":"instock","12":"shipping-taxable","13":"product-type-external"},"yoast_head":"<!-- This site is optimized with the Yoast SEO Premium plugin v24.7 (Yoast SEO v26.8) - https:\/\/yoast.com\/product\/yoast-seo-premium-wordpress\/ -->\n<title>China Travel Glass Shisha Hookah Pipe - Global Hookah<\/title>\n<meta name=\"robots\" content=\"index, follow, max-snippet:-1, max-image-preview:large, max-video-preview:-1\" \/>\n<link rel=\"canonical\" href=\"https:\/\/global-hookah.com\/es\/producto\/china-travel-glass-shisha-hookah-pipe\/\" \/>\n<meta property=\"og:locale\" content=\"es_ES\" \/>\n<meta property=\"og:type\" content=\"article\" \/>\n<meta property=\"og:title\" content=\"China Travel Glass Shisha Hookah Pipe\" \/>\n<meta property=\"og:description\" content=\"The nicest thing about this travel glass hookah is that it was made with travelers in mind. Its small height\" \/>\n<meta property=\"og:url\" content=\"https:\/\/global-hookah.com\/es\/producto\/china-travel-glass-shisha-hookah-pipe\/\" \/>\n<meta property=\"og:site_name\" content=\"Global Hookah\" \/>\n<meta property=\"article:modified_time\" content=\"2026-02-10T08:31:02+00:00\" \/>\n<meta property=\"og:image\" content=\"https:\/\/global-hookah.com\/wp-content\/uploads\/2023\/07\/Travel-Glass-Shisha-Hookah-Pipe-Chicha-Pipa-Narguile-Completo-Cachimba-Nargile-Double-Hose-Smoking-Accessories.jpg\" \/>\n\t<meta property=\"og:image:width\" content=\"1000\" \/>\n\t<meta property=\"og:image:height\" content=\"1000\" \/>\n\t<meta property=\"og:image:type\" content=\"image\/jpeg\" \/>\n<meta name=\"twitter:card\" content=\"summary_large_image\" \/>\n<meta name=\"twitter:label1\" content=\"Tiempo de lectura\" \/>\n\t<meta name=\"twitter:data1\" content=\"5 minutos\" \/>\n<script type=\"application\/ld+json\" class=\"yoast-schema-graph\">{\"@context\":\"https:\/\/schema.org\",\"@graph\":[{\"@type\":\"WebPage\",\"@id\":\"https:\/\/global-hookah.com\/product\/china-travel-glass-shisha-hookah-pipe\/\",\"url\":\"https:\/\/global-hookah.com\/product\/china-travel-glass-shisha-hookah-pipe\/\",\"name\":\"China Travel Glass Shisha Hookah Pipe - Global Hookah\",\"isPartOf\":{\"@id\":\"https:\/\/global-hookah.com\/#website\"},\"primaryImageOfPage\":{\"@id\":\"https:\/\/global-hookah.com\/product\/china-travel-glass-shisha-hookah-pipe\/#primaryimage\"},\"image\":{\"@id\":\"https:\/\/global-hookah.com\/product\/china-travel-glass-shisha-hookah-pipe\/#primaryimage\"},\"thumbnailUrl\":\"https:\/\/global-hookah.com\/wp-content\/uploads\/2023\/07\/Travel-Glass-Shisha-Hookah-Pipe-Chicha-Pipa-Narguile-Completo-Cachimba-Nargile-Double-Hose-Smoking-Accessories.jpg\",\"datePublished\":\"2023-07-30T01:58:36+00:00\",\"dateModified\":\"2026-02-10T08:31:02+00:00\",\"breadcrumb\":{\"@id\":\"https:\/\/global-hookah.com\/product\/china-travel-glass-shisha-hookah-pipe\/#breadcrumb\"},\"inLanguage\":\"es\",\"potentialAction\":[{\"@type\":\"ReadAction\",\"target\":[\"https:\/\/global-hookah.com\/product\/china-travel-glass-shisha-hookah-pipe\/\"]}]},{\"@type\":\"ImageObject\",\"inLanguage\":\"es\",\"@id\":\"https:\/\/global-hookah.com\/product\/china-travel-glass-shisha-hookah-pipe\/#primaryimage\",\"url\":\"https:\/\/global-hookah.com\/wp-content\/uploads\/2023\/07\/Travel-Glass-Shisha-Hookah-Pipe-Chicha-Pipa-Narguile-Completo-Cachimba-Nargile-Double-Hose-Smoking-Accessories.jpg\",\"contentUrl\":\"https:\/\/global-hookah.com\/wp-content\/uploads\/2023\/07\/Travel-Glass-Shisha-Hookah-Pipe-Chicha-Pipa-Narguile-Completo-Cachimba-Nargile-Double-Hose-Smoking-Accessories.jpg\",\"width\":1000,\"height\":1000,\"caption\":\"China Travel Glass Shisha Hookah Pipe\"},{\"@type\":\"BreadcrumbList\",\"@id\":\"https:\/\/global-hookah.com\/product\/china-travel-glass-shisha-hookah-pipe\/#breadcrumb\",\"itemListElement\":[{\"@type\":\"ListItem\",\"position\":1,\"name\":\"Home\",\"item\":\"https:\/\/global-hookah.com\/\"},{\"@type\":\"ListItem\",\"position\":2,\"name\":\"Shop\",\"item\":\"https:\/\/global-hookah.com\/shop\/\"},{\"@type\":\"ListItem\",\"position\":3,\"name\":\"China Travel Glass Shisha Hookah Pipe\"}]},{\"@type\":\"WebSite\",\"@id\":\"https:\/\/global-hookah.com\/#website\",\"url\":\"https:\/\/global-hookah.com\/\",\"name\":\"Global Hookah\",\"description\":\"Global Hookah\",\"publisher\":{\"@id\":\"https:\/\/global-hookah.com\/#organization\"},\"potentialAction\":[{\"@type\":\"SearchAction\",\"target\":{\"@type\":\"EntryPoint\",\"urlTemplate\":\"https:\/\/global-hookah.com\/?s={search_term_string}\"},\"query-input\":{\"@type\":\"PropertyValueSpecification\",\"valueRequired\":true,\"valueName\":\"search_term_string\"}}],\"inLanguage\":\"es\"},{\"@type\":\"Organization\",\"@id\":\"https:\/\/global-hookah.com\/#organization\",\"name\":\"Global Hookah\",\"url\":\"https:\/\/global-hookah.com\/\",\"logo\":{\"@type\":\"ImageObject\",\"inLanguage\":\"es\",\"@id\":\"https:\/\/global-hookah.com\/#\/schema\/logo\/image\/\",\"url\":\"https:\/\/global-hookah.com\/wp-content\/uploads\/2021\/10\/cropped-fgg.png\",\"contentUrl\":\"https:\/\/global-hookah.com\/wp-content\/uploads\/2021\/10\/cropped-fgg.png\",\"width\":512,\"height\":512,\"caption\":\"Global Hookah\"},\"image\":{\"@id\":\"https:\/\/global-hookah.com\/#\/schema\/logo\/image\/\"}}]}<\/script>\n<!-- \/ Yoast SEO Premium plugin. -->","yoast_head_json":{"title":"Pipa de viaje de cristal para shisha - Global Hookah","robots":{"index":"index","follow":"follow","max-snippet":"max-snippet:-1","max-image-preview":"max-image-preview:large","max-video-preview":"max-video-preview:-1"},"canonical":"https:\/\/global-hookah.com\/es\/producto\/china-travel-glass-shisha-hookah-pipe\/","og_locale":"es_ES","og_type":"article","og_title":"China Travel Glass Shisha Hookah Pipe","og_description":"The nicest thing about this travel glass hookah is that it was made with travelers in mind. Its small height","og_url":"https:\/\/global-hookah.com\/es\/producto\/china-travel-glass-shisha-hookah-pipe\/","og_site_name":"Global Hookah","article_modified_time":"2026-02-10T08:31:02+00:00","og_image":[{"width":1000,"height":1000,"url":"https:\/\/global-hookah.com\/wp-content\/uploads\/2023\/07\/Travel-Glass-Shisha-Hookah-Pipe-Chicha-Pipa-Narguile-Completo-Cachimba-Nargile-Double-Hose-Smoking-Accessories.jpg","type":"image\/jpeg"}],"twitter_card":"summary_large_image","twitter_misc":{"Tiempo de lectura":"5 minutos"},"schema":{"@context":"https:\/\/schema.org","@graph":[{"@type":"WebPage","@id":"https:\/\/global-hookah.com\/product\/china-travel-glass-shisha-hookah-pipe\/","url":"https:\/\/global-hookah.com\/product\/china-travel-glass-shisha-hookah-pipe\/","name":"Pipa de viaje de cristal para shisha - Global Hookah","isPartOf":{"@id":"https:\/\/global-hookah.com\/#website"},"primaryImageOfPage":{"@id":"https:\/\/global-hookah.com\/product\/china-travel-glass-shisha-hookah-pipe\/#primaryimage"},"image":{"@id":"https:\/\/global-hookah.com\/product\/china-travel-glass-shisha-hookah-pipe\/#primaryimage"},"thumbnailUrl":"https:\/\/global-hookah.com\/wp-content\/uploads\/2023\/07\/Travel-Glass-Shisha-Hookah-Pipe-Chicha-Pipa-Narguile-Completo-Cachimba-Nargile-Double-Hose-Smoking-Accessories.jpg","datePublished":"2023-07-30T01:58:36+00:00","dateModified":"2026-02-10T08:31:02+00:00","breadcrumb":{"@id":"https:\/\/global-hookah.com\/product\/china-travel-glass-shisha-hookah-pipe\/#breadcrumb"},"inLanguage":"es","potentialAction":[{"@type":"ReadAction","target":["https:\/\/global-hookah.com\/product\/china-travel-glass-shisha-hookah-pipe\/"]}]},{"@type":"ImageObject","inLanguage":"es","@id":"https:\/\/global-hookah.com\/product\/china-travel-glass-shisha-hookah-pipe\/#primaryimage","url":"https:\/\/global-hookah.com\/wp-content\/uploads\/2023\/07\/Travel-Glass-Shisha-Hookah-Pipe-Chicha-Pipa-Narguile-Completo-Cachimba-Nargile-Double-Hose-Smoking-Accessories.jpg","contentUrl":"https:\/\/global-hookah.com\/wp-content\/uploads\/2023\/07\/Travel-Glass-Shisha-Hookah-Pipe-Chicha-Pipa-Narguile-Completo-Cachimba-Nargile-Double-Hose-Smoking-Accessories.jpg","width":1000,"height":1000,"caption":"China Travel Glass Shisha Hookah Pipe"},{"@type":"BreadcrumbList","@id":"https:\/\/global-hookah.com\/product\/china-travel-glass-shisha-hookah-pipe\/#breadcrumb","itemListElement":[{"@type":"ListItem","position":1,"name":"Home","item":"https:\/\/global-hookah.com\/"},{"@type":"ListItem","position":2,"name":"Shop","item":"https:\/\/global-hookah.com\/shop\/"},{"@type":"ListItem","position":3,"name":"China Travel Glass Shisha Hookah Pipe"}]},{"@type":"WebSite","@id":"https:\/\/global-hookah.com\/#website","url":"https:\/\/global-hookah.com\/","name":"Global Hookah","description":"Global Hookah","publisher":{"@id":"https:\/\/global-hookah.com\/#organization"},"potentialAction":[{"@type":"SearchAction","target":{"@type":"EntryPoint","urlTemplate":"https:\/\/global-hookah.com\/?s={search_term_string}"},"query-input":{"@type":"PropertyValueSpecification","valueRequired":true,"valueName":"search_term_string"}}],"inLanguage":"es"},{"@type":"Organization","@id":"https:\/\/global-hookah.com\/#organization","name":"Global Hookah","url":"https:\/\/global-hookah.com\/","logo":{"@type":"ImageObject","inLanguage":"es","@id":"https:\/\/global-hookah.com\/#\/schema\/logo\/image\/","url":"https:\/\/global-hookah.com\/wp-content\/uploads\/2021\/10\/cropped-fgg.png","contentUrl":"https:\/\/global-hookah.com\/wp-content\/uploads\/2021\/10\/cropped-fgg.png","width":512,"height":512,"caption":"Global Hookah"},"image":{"@id":"https:\/\/global-hookah.com\/#\/schema\/logo\/image\/"}}]}},"_links":{"self":[{"href":"https:\/\/global-hookah.com\/es\/wp-json\/wp\/v2\/product\/12871","targetHints":{"allow":["GET"]}}],"collection":[{"href":"https:\/\/global-hookah.com\/es\/wp-json\/wp\/v2\/product"}],"about":[{"href":"https:\/\/global-hookah.com\/es\/wp-json\/wp\/v2\/types\/product"}],"replies":[{"embeddable":true,"href":"https:\/\/global-hookah.com\/es\/wp-json\/wp\/v2\/comments?post=12871"}],"version-history":[{"count":3,"href":"https:\/\/global-hookah.com\/es\/wp-json\/wp\/v2\/product\/12871\/revisions"}],"predecessor-version":[{"id":33133,"href":"https:\/\/global-hookah.com\/es\/wp-json\/wp\/v2\/product\/12871\/revisions\/33133"}],"wp:featuredmedia":[{"embeddable":true,"href":"https:\/\/global-hookah.com\/es\/wp-json\/wp\/v2\/media\/12872"}],"wp:attachment":[{"href":"https:\/\/global-hookah.com\/es\/wp-json\/wp\/v2\/media?parent=12871"}],"wp:term":[{"taxonomy":"product_brand","embeddable":true,"href":"https:\/\/global-hookah.com\/es\/wp-json\/wp\/v2\/product_brand?post=12871"},{"taxonomy":"product_cat","embeddable":true,"href":"https:\/\/global-hookah.com\/es\/wp-json\/wp\/v2\/product_cat?post=12871"},{"taxonomy":"product_tag","embeddable":true,"href":"https:\/\/global-hookah.com\/es\/wp-json\/wp\/v2\/product_tag?post=12871"}],"curies":[{"name":"wp","href":"https:\/\/api.w.org\/{rel}","templated":true}]}}