{"id":12891,"date":"2023-07-30T02:23:35","date_gmt":"2023-07-30T02:23:35","guid":{"rendered":"https:\/\/global-hookah.com\/product\/red-portable-hookah-wholesale\/"},"modified":"2024-01-12T07:48:39","modified_gmt":"2024-01-12T07:48:39","slug":"red-portable-hookah-wholesale","status":"publish","type":"product","link":"https:\/\/global-hookah.com\/es\/producto\/red-portable-hookah-wholesale\/","title":{"rendered":"Hookah port\u00e1til rojo al por mayor"},"content":{"rendered":"<p>En los \u00faltimos a\u00f1os, la popularidad de <strong>Hookah port\u00e1til roja<\/strong> ha ido en aumento, cautivando tanto a los entusiastas experimentados como a los reci\u00e9n llegados. Por eso hemos dise\u00f1ado especialmente este <strong>Hookah peque\u00f1a port\u00e1til<\/strong> Dise\u00f1ado con el estilo de vida moderno en mente, este narguile compacto le permite disfrutar de sus sabores favoritos en cualquier momento y en cualquier lugar. Con su construcci\u00f3n ligera, el <strong>narguile port\u00e1til rojo<\/strong> es f\u00e1cil de transportar, lo que la hace perfecta para reuniones al aire libre, fiestas o incluso una noche tranquila en casa.<\/p>\n<p>Su elegante dise\u00f1o se adapta c\u00f3modamente a la mano y puede guardarse sin esfuerzo en el bolso o la mochila. C\u00f3mo instalar el<strong> narguile port\u00e1til peque\u00f1o<\/strong> es pan comido. Cuenta con un sencillo proceso de montaje que no requiere herramientas adicionales ni instrucciones complicadas. En cuesti\u00f3n de minutos, puede tenerlo listo para usar sin ninguna molestia. Adem\u00e1s, <strong>juego de narguile rojo<\/strong> se han convertido en una opci\u00f3n muy popular entre los consumidores por su aspecto llamativo y su capacidad para a\u00f1adir un elemento de estilo a cualquier reuni\u00f3n.<\/p>\n<p>Nuestra promesa a los consumidores es ofrecerles <a href=\"https:\/\/global-hookah.com\/product-category\/wholesale-hookah\/\">pipas hookah premium al por mayor<\/a> costes justos. Podemos ayudarle a encontrar el producto perfecto para su establecimiento si busca art\u00edculos \u00fanicos para su bar o restaurante.<\/p>\n<div class=\"detailmodule_html\">\n<div class=\"detail-desc-decorate-richtext\">\n<p><img decoding=\"async\" src=\"https:\/\/ae01.alicdn.com\/kf\/S964a616f0b644c3aa7d085c93e5a6240K.jpg?width=800&amp;height=800&amp;hash=1600\" \/><img decoding=\"async\" src=\"https:\/\/ae01.alicdn.com\/kf\/S2a57a99178f74d46bd641dc48fd9d1fav.jpg?width=800&amp;height=800&amp;hash=1600\" \/><img decoding=\"async\" src=\"https:\/\/ae01.alicdn.com\/kf\/S7279a3ca3ed446b6ba42300d1d61ef29f.jpg?width=800&amp;height=800&amp;hash=1600\" \/><img decoding=\"async\" src=\"https:\/\/ae01.alicdn.com\/kf\/S35297991b10d4c6f8a78315b80bfeb0ap.jpg?width=800&amp;height=800&amp;hash=1600\" \/><img decoding=\"async\" src=\"https:\/\/ae01.alicdn.com\/kf\/S679b858a79ac473fa41b1145ef83cc6bm.jpg?width=800&amp;height=800&amp;hash=1600\" \/><img decoding=\"async\" src=\"https:\/\/ae01.alicdn.com\/kf\/S7169ed838ac74bf0be8706fd9a1db219c.jpg?width=800&amp;height=800&amp;hash=1600\" \/><img decoding=\"async\" src=\"https:\/\/ae01.alicdn.com\/kf\/S2b623a43d5a14fb4a047bf44088fdab26.jpg?width=800&amp;height=800&amp;hash=1600\" \/><img decoding=\"async\" src=\"https:\/\/ae01.alicdn.com\/kf\/S5decaafad32e46549bff0d090835c3921.jpg?width=800&amp;height=800&amp;hash=1600\" \/><img decoding=\"async\" src=\"https:\/\/ae01.alicdn.com\/kf\/S971fa4e048464f07844ccccd16740f1cr.jpg?width=800&amp;height=800&amp;hash=1600\" \/><img decoding=\"async\" src=\"https:\/\/ae01.alicdn.com\/kf\/Sb440a007396c4011a446e8ceedfeb36eP.jpg?width=800&amp;height=800&amp;hash=1600\" \/><img decoding=\"async\" src=\"https:\/\/ae01.alicdn.com\/kf\/S7f8f9d81acc94739bff062c2b69196012.jpg?width=800&amp;height=800&amp;hash=1600\" \/><img decoding=\"async\" src=\"https:\/\/ae01.alicdn.com\/kf\/S5d1062cb67824759b3830d39441e17ebb.jpg?width=800&amp;height=800&amp;hash=1600\" \/><img decoding=\"async\" src=\"https:\/\/ae01.alicdn.com\/kf\/S22060b55009a49e7ae77a152691f3dc9T.jpg?width=800&amp;height=800&amp;hash=1600\" \/><img decoding=\"async\" src=\"https:\/\/ae01.alicdn.com\/kf\/Sdaf51e4d361a43d28fe642bf85d7034eG.jpg?width=800&amp;height=800&amp;hash=1600\" \/><img decoding=\"async\" src=\"https:\/\/ae01.alicdn.com\/kf\/S607c3da3aadd4d908fc1ee69ef2a6683L.jpg?width=800&amp;height=800&amp;hash=1600\" \/><\/p>\n<p><img decoding=\"async\" src=\"https:\/\/ae01.alicdn.com\/kf\/S971fa4e048464f07844ccccd16740f1cr.jpg?width=800&amp;height=800&amp;hash=1600\" \/><img decoding=\"async\" src=\"https:\/\/ae01.alicdn.com\/kf\/S35297991b10d4c6f8a78315b80bfeb0ap.jpg?width=800&amp;height=800&amp;hash=1600\" \/><img decoding=\"async\" src=\"https:\/\/ae01.alicdn.com\/kf\/S7169ed838ac74bf0be8706fd9a1db219c.jpg?width=800&amp;height=800&amp;hash=1600\" \/><img decoding=\"async\" src=\"https:\/\/ae01.alicdn.com\/kf\/S9f93df7f19c945738971d8b18f0cac165.jpg?width=750&amp;height=648&amp;hash=1398\" \/><\/p>\n<p style=\"text-align: center; margin: 5pt 0pt 5pt 0pt;\" align=\"center\"><strong><span class=\"15\" style=\"font-size: 24pt;\"><span style=\"background-color: #68bc00;\"><span style=\"color: #000000;\"><span style=\"font-family: 'Comic Sans MS';\">SOMBRA DE LUNA Fumar<\/span><\/span><\/span><\/span><\/strong><\/p>\n<p style=\"text-align: justify; margin: 5pt 0pt 5pt 0pt;\" align=\"justify\"><span style=\"background-color: #ffffff;\"><span style=\"color: #000000;\"><span style=\"font-size: 14px;\"><span style=\"font-family: arial, helvetica, sans-serif;\">1. \u00a1Apoyo a la venta al por mayor, Dropshipping, Logo personalizar, OEM! <\/span><\/span><\/span><\/span><\/p>\n<p style=\"text-align: justify; margin: 5pt 0pt 5pt 0pt;\" align=\"justify\"><span style=\"background-color: #ffffff;\"><span style=\"color: #000000;\"><span style=\"font-size: 14px;\"><span style=\"font-family: arial, helvetica, sans-serif;\">2. +Sigue a la tienda y consigue Descuentos o Cupones <\/span><\/span><\/span><\/span><\/p>\n<p style=\"text-align: justify; margin: 5pt 0pt 5pt 0pt;\" align=\"justify\"><span style=\"background-color: #ffffff;\"><span style=\"color: #000000;\"><span style=\"font-size: 14px;\"><span style=\"font-family: arial, helvetica, sans-serif;\">3. Acerca de color: Parte de los productos se env\u00edan de color al azar para mantener la velocidad de env\u00edo r\u00e1pido (SI desea que el color, por favor deje nota o mensaje) <\/span><\/span><\/span><\/span><\/p>\n<p style=\"text-align: justify; margin: 5pt 0pt 5pt 0pt;\" align=\"justify\"><span style=\"background-color: #ffffff;\"><span style=\"color: #000000;\"><span style=\"font-size: 14px;\"><span style=\"font-family: arial, helvetica, sans-serif;\">4. Sobre el enchufe: No importa de qu\u00e9 pa\u00eds usted es, todos le enviaremos el enchufe est\u00e1ndar de la conversi\u00f3n cabe su nacional. <\/span><\/span><\/span><\/span><\/p>\n<p style=\"text-align: justify; margin: 5pt 0pt 5pt 0pt;\" align=\"justify\"><span style=\"background-color: #ffffff;\"><span style=\"color: #000000;\"><span style=\"font-size: 14px;\"><span style=\"font-family: arial, helvetica, sans-serif;\">5. Garantizamos para enviar mercanc\u00edas hacia fuera en el plazo de 24hour despu\u00e9s de la confirmaci\u00f3n del pago excepto d\u00eda de fiesta <\/span><\/span><\/span><\/span><\/p>\n<p style=\"text-align: justify; margin: 5pt 0pt 5pt 0pt;\" align=\"justify\"><span style=\"background-color: #ffffff;\"><span style=\"color: #000000;\"><span style=\"font-size: 14px;\"><span style=\"font-family: arial, helvetica, sans-serif;\">6. Enviamos por AliExpress env\u00edo est\u00e1ndar,DHL,Fedex, principalmente de acuerdo con el m\u00e9todo de env\u00edo de su elecci\u00f3n. <\/span><\/span><\/span><\/span><\/p>\n<p style=\"text-align: justify; margin: 5pt 0pt 5pt 0pt;\" align=\"justify\"><span style=\"background-color: #ffffff;\"><span style=\"color: #000000;\"><span style=\"font-size: 14px;\"><span style=\"font-family: arial, helvetica, sans-serif;\">7. Tenemos experiencia rica del env\u00edo, usted no tendremos problema con aduanas, por favor la garant\u00eda 100% nos cree. <\/span><\/span><\/span><\/span><\/p>\n<p style=\"text-align: justify; margin: 5pt 0pt 5pt 0pt;\" align=\"justify\"><span style=\"background-color: #ffffff;\"><span style=\"color: #000000;\"><span style=\"font-size: 14px;\"><span style=\"font-family: arial, helvetica, sans-serif;\">8. \u00a1Si usted no recibi\u00f3 el art\u00edculo despu\u00e9s de 15-45 d\u00edas, por favor no dude en contactar con nosotros.haremos todo nuestro esfuerzo para resolver el problema.Return &amp; Refund:If cualquier pregunta acerca de los art\u00edculos, por favor tome fotos o videos, p\u00f3ngase en contacto con nosotros para reenviar, devoluci\u00f3n o reembolso, no es necesario abrir la disputa o review.Warranty:100% Genuino y Garant\u00eda de Calidad! Todos los art\u00edculos tienen 1-3 a\u00f1os de garant\u00eda.<\/span><\/span><\/span><\/span><\/p>\n<\/div>\n<\/div>","protected":false},"excerpt":{"rendered":"<p>En los \u00faltimos a\u00f1os, la popularidad de la narguile port\u00e1til roja ha ido en aumento, cautivando tanto a los entusiastas experimentados como a los reci\u00e9n llegados.<\/p>","protected":false},"featured_media":12892,"comment_status":"open","ping_status":"closed","template":"","meta":{"iawp_total_views":0,"_joinchat":[]},"product_brand":[],"product_cat":[559,119],"product_tag":[],"class_list":{"0":"post-12891","1":"product","2":"type-product","3":"status-publish","4":"has-post-thumbnail","6":"product_cat-portable-hookah-wholesale","7":"product_cat-wholesale-hookah","9":"first","10":"instock","11":"shipping-taxable","12":"purchasable","13":"product-type-variable"},"yoast_head":"<!-- This site is optimized with the Yoast SEO Premium plugin v24.7 (Yoast SEO v26.8) - https:\/\/yoast.com\/product\/yoast-seo-premium-wordpress\/ -->\n<title>Red Portable Hookah Wholesale - Global Hookah<\/title>\n<meta name=\"robots\" content=\"index, follow, max-snippet:-1, max-image-preview:large, max-video-preview:-1\" \/>\n<link rel=\"canonical\" href=\"https:\/\/global-hookah.com\/es\/producto\/red-portable-hookah-wholesale\/\" \/>\n<meta property=\"og:locale\" content=\"es_ES\" \/>\n<meta property=\"og:type\" content=\"article\" \/>\n<meta property=\"og:title\" content=\"Red Portable Hookah Wholesale\" \/>\n<meta property=\"og:description\" content=\"In recent years, the popularity of Red Portable Hookah has been on the rise, captivating both seasoned enthusiasts and newcomers\" \/>\n<meta property=\"og:url\" content=\"https:\/\/global-hookah.com\/es\/producto\/red-portable-hookah-wholesale\/\" \/>\n<meta property=\"og:site_name\" content=\"Global Hookah\" \/>\n<meta property=\"article:modified_time\" content=\"2024-01-12T07:48:39+00:00\" \/>\n<meta property=\"og:image\" content=\"https:\/\/global-hookah.com\/wp-content\/uploads\/2023\/07\/HAPPY-SMOKING-Portable-Hookah-Red-Wine-Bottle-Head-with-Chichi-Bowl-Shisha-Pipes-for-Sheesha-Cachimba.jpg\" \/>\n\t<meta property=\"og:image:width\" content=\"800\" \/>\n\t<meta property=\"og:image:height\" content=\"800\" \/>\n\t<meta property=\"og:image:type\" content=\"image\/jpeg\" \/>\n<meta name=\"twitter:card\" content=\"summary_large_image\" \/>\n<meta name=\"twitter:label1\" content=\"Tiempo de lectura\" \/>\n\t<meta name=\"twitter:data1\" content=\"6 minutos\" \/>\n<script type=\"application\/ld+json\" class=\"yoast-schema-graph\">{\"@context\":\"https:\/\/schema.org\",\"@graph\":[{\"@type\":\"WebPage\",\"@id\":\"https:\/\/global-hookah.com\/product\/red-portable-hookah-wholesale\/\",\"url\":\"https:\/\/global-hookah.com\/product\/red-portable-hookah-wholesale\/\",\"name\":\"Red Portable Hookah Wholesale - Global Hookah\",\"isPartOf\":{\"@id\":\"https:\/\/global-hookah.com\/#website\"},\"primaryImageOfPage\":{\"@id\":\"https:\/\/global-hookah.com\/product\/red-portable-hookah-wholesale\/#primaryimage\"},\"image\":{\"@id\":\"https:\/\/global-hookah.com\/product\/red-portable-hookah-wholesale\/#primaryimage\"},\"thumbnailUrl\":\"https:\/\/global-hookah.com\/wp-content\/uploads\/2023\/07\/HAPPY-SMOKING-Portable-Hookah-Red-Wine-Bottle-Head-with-Chichi-Bowl-Shisha-Pipes-for-Sheesha-Cachimba.jpg\",\"datePublished\":\"2023-07-30T02:23:35+00:00\",\"dateModified\":\"2024-01-12T07:48:39+00:00\",\"breadcrumb\":{\"@id\":\"https:\/\/global-hookah.com\/product\/red-portable-hookah-wholesale\/#breadcrumb\"},\"inLanguage\":\"es\",\"potentialAction\":[{\"@type\":\"ReadAction\",\"target\":[\"https:\/\/global-hookah.com\/product\/red-portable-hookah-wholesale\/\"]}]},{\"@type\":\"ImageObject\",\"inLanguage\":\"es\",\"@id\":\"https:\/\/global-hookah.com\/product\/red-portable-hookah-wholesale\/#primaryimage\",\"url\":\"https:\/\/global-hookah.com\/wp-content\/uploads\/2023\/07\/HAPPY-SMOKING-Portable-Hookah-Red-Wine-Bottle-Head-with-Chichi-Bowl-Shisha-Pipes-for-Sheesha-Cachimba.jpg\",\"contentUrl\":\"https:\/\/global-hookah.com\/wp-content\/uploads\/2023\/07\/HAPPY-SMOKING-Portable-Hookah-Red-Wine-Bottle-Head-with-Chichi-Bowl-Shisha-Pipes-for-Sheesha-Cachimba.jpg\",\"width\":800,\"height\":800,\"caption\":\"Red Portable Hookah Wholesale\"},{\"@type\":\"BreadcrumbList\",\"@id\":\"https:\/\/global-hookah.com\/product\/red-portable-hookah-wholesale\/#breadcrumb\",\"itemListElement\":[{\"@type\":\"ListItem\",\"position\":1,\"name\":\"Home\",\"item\":\"https:\/\/global-hookah.com\/\"},{\"@type\":\"ListItem\",\"position\":2,\"name\":\"Shop\",\"item\":\"https:\/\/global-hookah.com\/shop\/\"},{\"@type\":\"ListItem\",\"position\":3,\"name\":\"Red Portable Hookah Wholesale\"}]},{\"@type\":\"WebSite\",\"@id\":\"https:\/\/global-hookah.com\/#website\",\"url\":\"https:\/\/global-hookah.com\/\",\"name\":\"Global Hookah\",\"description\":\"Global Hookah\",\"publisher\":{\"@id\":\"https:\/\/global-hookah.com\/#organization\"},\"potentialAction\":[{\"@type\":\"SearchAction\",\"target\":{\"@type\":\"EntryPoint\",\"urlTemplate\":\"https:\/\/global-hookah.com\/?s={search_term_string}\"},\"query-input\":{\"@type\":\"PropertyValueSpecification\",\"valueRequired\":true,\"valueName\":\"search_term_string\"}}],\"inLanguage\":\"es\"},{\"@type\":\"Organization\",\"@id\":\"https:\/\/global-hookah.com\/#organization\",\"name\":\"Global Hookah\",\"url\":\"https:\/\/global-hookah.com\/\",\"logo\":{\"@type\":\"ImageObject\",\"inLanguage\":\"es\",\"@id\":\"https:\/\/global-hookah.com\/#\/schema\/logo\/image\/\",\"url\":\"https:\/\/global-hookah.com\/wp-content\/uploads\/2021\/10\/cropped-fgg.png\",\"contentUrl\":\"https:\/\/global-hookah.com\/wp-content\/uploads\/2021\/10\/cropped-fgg.png\",\"width\":512,\"height\":512,\"caption\":\"Global Hookah\"},\"image\":{\"@id\":\"https:\/\/global-hookah.com\/#\/schema\/logo\/image\/\"}}]}<\/script>\n<!-- \/ Yoast SEO Premium plugin. -->","yoast_head_json":{"title":"Hookah port\u00e1til rojo al por mayor - Global Hookah","robots":{"index":"index","follow":"follow","max-snippet":"max-snippet:-1","max-image-preview":"max-image-preview:large","max-video-preview":"max-video-preview:-1"},"canonical":"https:\/\/global-hookah.com\/es\/producto\/red-portable-hookah-wholesale\/","og_locale":"es_ES","og_type":"article","og_title":"Red Portable Hookah Wholesale","og_description":"In recent years, the popularity of Red Portable Hookah has been on the rise, captivating both seasoned enthusiasts and newcomers","og_url":"https:\/\/global-hookah.com\/es\/producto\/red-portable-hookah-wholesale\/","og_site_name":"Global Hookah","article_modified_time":"2024-01-12T07:48:39+00:00","og_image":[{"width":800,"height":800,"url":"https:\/\/global-hookah.com\/wp-content\/uploads\/2023\/07\/HAPPY-SMOKING-Portable-Hookah-Red-Wine-Bottle-Head-with-Chichi-Bowl-Shisha-Pipes-for-Sheesha-Cachimba.jpg","type":"image\/jpeg"}],"twitter_card":"summary_large_image","twitter_misc":{"Tiempo de lectura":"6 minutos"},"schema":{"@context":"https:\/\/schema.org","@graph":[{"@type":"WebPage","@id":"https:\/\/global-hookah.com\/product\/red-portable-hookah-wholesale\/","url":"https:\/\/global-hookah.com\/product\/red-portable-hookah-wholesale\/","name":"Hookah port\u00e1til rojo al por mayor - Global Hookah","isPartOf":{"@id":"https:\/\/global-hookah.com\/#website"},"primaryImageOfPage":{"@id":"https:\/\/global-hookah.com\/product\/red-portable-hookah-wholesale\/#primaryimage"},"image":{"@id":"https:\/\/global-hookah.com\/product\/red-portable-hookah-wholesale\/#primaryimage"},"thumbnailUrl":"https:\/\/global-hookah.com\/wp-content\/uploads\/2023\/07\/HAPPY-SMOKING-Portable-Hookah-Red-Wine-Bottle-Head-with-Chichi-Bowl-Shisha-Pipes-for-Sheesha-Cachimba.jpg","datePublished":"2023-07-30T02:23:35+00:00","dateModified":"2024-01-12T07:48:39+00:00","breadcrumb":{"@id":"https:\/\/global-hookah.com\/product\/red-portable-hookah-wholesale\/#breadcrumb"},"inLanguage":"es","potentialAction":[{"@type":"ReadAction","target":["https:\/\/global-hookah.com\/product\/red-portable-hookah-wholesale\/"]}]},{"@type":"ImageObject","inLanguage":"es","@id":"https:\/\/global-hookah.com\/product\/red-portable-hookah-wholesale\/#primaryimage","url":"https:\/\/global-hookah.com\/wp-content\/uploads\/2023\/07\/HAPPY-SMOKING-Portable-Hookah-Red-Wine-Bottle-Head-with-Chichi-Bowl-Shisha-Pipes-for-Sheesha-Cachimba.jpg","contentUrl":"https:\/\/global-hookah.com\/wp-content\/uploads\/2023\/07\/HAPPY-SMOKING-Portable-Hookah-Red-Wine-Bottle-Head-with-Chichi-Bowl-Shisha-Pipes-for-Sheesha-Cachimba.jpg","width":800,"height":800,"caption":"Red Portable Hookah Wholesale"},{"@type":"BreadcrumbList","@id":"https:\/\/global-hookah.com\/product\/red-portable-hookah-wholesale\/#breadcrumb","itemListElement":[{"@type":"ListItem","position":1,"name":"Home","item":"https:\/\/global-hookah.com\/"},{"@type":"ListItem","position":2,"name":"Shop","item":"https:\/\/global-hookah.com\/shop\/"},{"@type":"ListItem","position":3,"name":"Red Portable Hookah Wholesale"}]},{"@type":"WebSite","@id":"https:\/\/global-hookah.com\/#website","url":"https:\/\/global-hookah.com\/","name":"Global Hookah","description":"Global Hookah","publisher":{"@id":"https:\/\/global-hookah.com\/#organization"},"potentialAction":[{"@type":"SearchAction","target":{"@type":"EntryPoint","urlTemplate":"https:\/\/global-hookah.com\/?s={search_term_string}"},"query-input":{"@type":"PropertyValueSpecification","valueRequired":true,"valueName":"search_term_string"}}],"inLanguage":"es"},{"@type":"Organization","@id":"https:\/\/global-hookah.com\/#organization","name":"Global Hookah","url":"https:\/\/global-hookah.com\/","logo":{"@type":"ImageObject","inLanguage":"es","@id":"https:\/\/global-hookah.com\/#\/schema\/logo\/image\/","url":"https:\/\/global-hookah.com\/wp-content\/uploads\/2021\/10\/cropped-fgg.png","contentUrl":"https:\/\/global-hookah.com\/wp-content\/uploads\/2021\/10\/cropped-fgg.png","width":512,"height":512,"caption":"Global Hookah"},"image":{"@id":"https:\/\/global-hookah.com\/#\/schema\/logo\/image\/"}}]}},"_links":{"self":[{"href":"https:\/\/global-hookah.com\/es\/wp-json\/wp\/v2\/product\/12891","targetHints":{"allow":["GET"]}}],"collection":[{"href":"https:\/\/global-hookah.com\/es\/wp-json\/wp\/v2\/product"}],"about":[{"href":"https:\/\/global-hookah.com\/es\/wp-json\/wp\/v2\/types\/product"}],"replies":[{"embeddable":true,"href":"https:\/\/global-hookah.com\/es\/wp-json\/wp\/v2\/comments?post=12891"}],"version-history":[{"count":0,"href":"https:\/\/global-hookah.com\/es\/wp-json\/wp\/v2\/product\/12891\/revisions"}],"wp:featuredmedia":[{"embeddable":true,"href":"https:\/\/global-hookah.com\/es\/wp-json\/wp\/v2\/media\/12892"}],"wp:attachment":[{"href":"https:\/\/global-hookah.com\/es\/wp-json\/wp\/v2\/media?parent=12891"}],"wp:term":[{"taxonomy":"product_brand","embeddable":true,"href":"https:\/\/global-hookah.com\/es\/wp-json\/wp\/v2\/product_brand?post=12891"},{"taxonomy":"product_cat","embeddable":true,"href":"https:\/\/global-hookah.com\/es\/wp-json\/wp\/v2\/product_cat?post=12891"},{"taxonomy":"product_tag","embeddable":true,"href":"https:\/\/global-hookah.com\/es\/wp-json\/wp\/v2\/product_tag?post=12891"}],"curies":[{"name":"wp","href":"https:\/\/api.w.org\/{rel}","templated":true}]}}