{"id":12900,"date":"2023-07-30T02:24:45","date_gmt":"2023-07-30T02:24:45","guid":{"rendered":"https:\/\/global-hookah.com\/product\/russian-glass-hookah-set-wholesale\/"},"modified":"2024-01-12T03:55:58","modified_gmt":"2024-01-12T03:55:58","slug":"russian-glass-hookah-set-wholesale","status":"publish","type":"product","link":"https:\/\/global-hookah.com\/es\/producto\/russian-glass-hookah-set-wholesale\/","title":{"rendered":"Juego de Hookah de cristal ruso al por mayor"},"content":{"rendered":"<div class=\"detailmodule_text-image\">\n<p>Disfrutar de una sesi\u00f3n de narguile es algo m\u00e1s que una actividad de ocio; es una experiencia que te transporta a un reino de relajaci\u00f3n y socializaci\u00f3n. este <strong>Conjuntos de narguile de cristal ruso<\/strong> llevan esta experiencia a nuevas cotas, ofreciendo ventajas incomparables que mejoran todos los aspectos de sus sesiones de fumado. Fabricado con la m\u00e1xima precisi\u00f3n, <strong>Narguiles rusos de cristal<\/strong> cuentan con una durabilidad y calidad excepcionales. El uso de materiales de aluminio de primera calidad garantiza un tiro suave, lo que le permite saborear los ricos sabores de sus mezclas de shisha favoritas.<\/p>\n<p>La construcci\u00f3n de cristal transparente a\u00f1ade un elemento de elegancia, creando un atractivo est\u00e9tico que complementa cualquier entorno. Adem\u00e1s, <strong>Conjuntos de narguile de cristal ruso<\/strong> est\u00e1n dise\u00f1ados con una meticulosa atenci\u00f3n al detalle, garantizando un flujo de aire \u00f3ptimo para una fumada satisfactoria. Los innovadores dise\u00f1os incorporan avanzados sistemas de filtraci\u00f3n, lo que se traduce en un humo m\u00e1s limpio y puro que intensifica los sabores y minimiza la aspereza<\/p>\n<p>Ofrecemos la mayor selecci\u00f3n de <a href=\"https:\/\/global-hookah.com\/product-category\/wholesale-hookah\/\">narguiles de cristal al por mayor<\/a> del pa\u00eds. Puede elegir el tubo que mejor se adapte a sus necesidades porque cada uno tiene un estilo y un aspecto distintivos. Adem\u00e1s de las marcas conocidas, nuestros<strong> Fabricante de narguile<\/strong> ofrece tuber\u00edas \u00fanicas bajo pedido st.<\/p>\n<p style=\"font-size: 16px; font-weight: normal; text-align: left; display: block; width: 100%;\" align=\"left\">Altura: 58 cm<br \/>\nMaterial: Aluminio<br \/>\nColor: Deslumbrante<br \/>\nEstilo: Estilo conciso<br \/>\nTama\u00f1o de la caja de color: 20,5*20,5*28cm<br \/>\nPeso: 3 kg<\/p>\n<div><\/div>\n<div><img decoding=\"async\" class=\"detail-desc-decorate-image\" src=\"https:\/\/ae01.alicdn.com\/kf\/Sd78873a1f8f8486aa2e3d156f2300ad3r.jpeg\" \/><img decoding=\"async\" class=\"detail-desc-decorate-image\" src=\"https:\/\/ae01.alicdn.com\/kf\/Sbe6253421f294503845620d80b743722Y.jpg\" \/><img decoding=\"async\" class=\"detail-desc-decorate-image\" src=\"https:\/\/ae01.alicdn.com\/kf\/Sa8263472e879474ea326634c1da87fabS.jpeg\" \/><img decoding=\"async\" class=\"detail-desc-decorate-image\" style=\"margin-bottom: 10px;\" src=\"https:\/\/ae01.alicdn.com\/kf\/S1d66ee3ff949430f871257299c582ed7m.jpg\" \/><img decoding=\"async\" class=\"detail-desc-decorate-image\" style=\"margin-bottom: 10px;\" src=\"https:\/\/ae01.alicdn.com\/kf\/S9aa2454ccc544bc684106353d863465aS.jpg\" \/><img decoding=\"async\" class=\"detail-desc-decorate-image\" style=\"margin-bottom: 10px;\" src=\"https:\/\/ae01.alicdn.com\/kf\/S4dcb5e1276fa498e9d41c6ff16b6cb01Q.jpg\" \/><\/div>\n<\/div>\n<div class=\"detailmodule_text\">\n<p style=\"color: #ffffff;\">Hookah<br \/>\nTuber\u00eda<br \/>\nbol\u00edgrafo hookah<br \/>\nShisha<br \/>\nPipas que fuman hierba<br \/>\nNarguile completo<br \/>\naccesorios para fumadores<br \/>\nvaporizadores para fumar<\/p>\n<\/div>\n<p>&nbsp;<\/p>","protected":false},"excerpt":{"rendered":"<p>Disfrutar de una sesi\u00f3n de narguile es algo m\u00e1s que una actividad de ocio: es una experiencia que te transporta a un mundo mejor.<\/p>","protected":false},"featured_media":12901,"comment_status":"open","ping_status":"closed","template":"","meta":{"iawp_total_views":5,"_joinchat":[]},"product_brand":[],"product_cat":[560,119],"product_tag":[],"class_list":{"0":"post-12900","1":"product","2":"type-product","3":"status-publish","4":"has-post-thumbnail","6":"product_cat-glass-hookah-wholesale","7":"product_cat-wholesale-hookah","9":"first","10":"outofstock","11":"shipping-taxable","12":"purchasable","13":"product-type-variable"},"yoast_head":"<!-- This site is optimized with the Yoast SEO Premium plugin v24.7 (Yoast SEO v26.8) - https:\/\/yoast.com\/product\/yoast-seo-premium-wordpress\/ -->\n<title>Russian Glass Hookah Set Wholesale - Global Hookah<\/title>\n<meta name=\"robots\" content=\"index, follow, max-snippet:-1, max-image-preview:large, max-video-preview:-1\" \/>\n<link rel=\"canonical\" href=\"https:\/\/global-hookah.com\/es\/ru\/\u043f\u0440\u043e\u0434\u0443\u043a\u0442\/\u0440\u0443\u0441\u0441\u043a\u0438\u0439-\u0441\u0442\u0435\u043a\u043b\u043e-\u043a\u0430\u043b\u044c\u044f\u043d-\u043d\u0430\u0431\u043e\u0440-\u043e\u043f\u0442\/\" \/>\n<meta property=\"og:locale\" content=\"es_ES\" \/>\n<meta property=\"og:type\" content=\"article\" \/>\n<meta property=\"og:title\" content=\"Russian Glass Hookah Set Wholesale\" \/>\n<meta property=\"og:description\" content=\"Indulging in a hookah session is more than just a leisurely activity; it&#8217;s an experience that transports you to a\" \/>\n<meta property=\"og:url\" content=\"https:\/\/global-hookah.com\/es\/ru\/\u043f\u0440\u043e\u0434\u0443\u043a\u0442\/\u0440\u0443\u0441\u0441\u043a\u0438\u0439-\u0441\u0442\u0435\u043a\u043b\u043e-\u043a\u0430\u043b\u044c\u044f\u043d-\u043d\u0430\u0431\u043e\u0440-\u043e\u043f\u0442\/\" \/>\n<meta property=\"og:site_name\" content=\"Global Hookah\" \/>\n<meta property=\"article:modified_time\" content=\"2024-01-12T03:55:58+00:00\" \/>\n<meta property=\"og:image\" content=\"https:\/\/global-hookah.com\/wp-content\/uploads\/2023\/07\/Russian-Glass-Hookah-Set-Colorful-Model-High-Quality-Shisha-Pipe-Shining-Base-Narghile-Accessorys-Luxcy-Gift.jpg\" \/>\n\t<meta property=\"og:image:width\" content=\"800\" \/>\n\t<meta property=\"og:image:height\" content=\"800\" \/>\n\t<meta property=\"og:image:type\" content=\"image\/jpeg\" \/>\n<meta name=\"twitter:card\" content=\"summary_large_image\" \/>\n<meta name=\"twitter:label1\" content=\"Tiempo de lectura\" \/>\n\t<meta name=\"twitter:data1\" content=\"3 minutos\" \/>\n<script type=\"application\/ld+json\" class=\"yoast-schema-graph\">{\"@context\":\"https:\/\/schema.org\",\"@graph\":[{\"@type\":\"WebPage\",\"@id\":\"https:\/\/global-hookah.com\/ru\/\u043f\u0440\u043e\u0434\u0443\u043a\u0442\/%d1%80%d1%83%d1%81%d1%81%d0%ba%d0%b8%d0%b9-%d1%81%d1%82%d0%b5%d0%ba%d0%bb%d0%be-%d0%ba%d0%b0%d0%bb%d1%8c%d1%8f%d0%bd-%d0%bd%d0%b0%d0%b1%d0%be%d1%80-%d0%be%d0%bf%d1%82\/\",\"url\":\"https:\/\/global-hookah.com\/ru\/\u043f\u0440\u043e\u0434\u0443\u043a\u0442\/%d1%80%d1%83%d1%81%d1%81%d0%ba%d0%b8%d0%b9-%d1%81%d1%82%d0%b5%d0%ba%d0%bb%d0%be-%d0%ba%d0%b0%d0%bb%d1%8c%d1%8f%d0%bd-%d0%bd%d0%b0%d0%b1%d0%be%d1%80-%d0%be%d0%bf%d1%82\/\",\"name\":\"Russian Glass Hookah Set Wholesale - Global Hookah\",\"isPartOf\":{\"@id\":\"https:\/\/global-hookah.com\/#website\"},\"primaryImageOfPage\":{\"@id\":\"https:\/\/global-hookah.com\/ru\/\u043f\u0440\u043e\u0434\u0443\u043a\u0442\/%d1%80%d1%83%d1%81%d1%81%d0%ba%d0%b8%d0%b9-%d1%81%d1%82%d0%b5%d0%ba%d0%bb%d0%be-%d0%ba%d0%b0%d0%bb%d1%8c%d1%8f%d0%bd-%d0%bd%d0%b0%d0%b1%d0%be%d1%80-%d0%be%d0%bf%d1%82\/#primaryimage\"},\"image\":{\"@id\":\"https:\/\/global-hookah.com\/ru\/\u043f\u0440\u043e\u0434\u0443\u043a\u0442\/%d1%80%d1%83%d1%81%d1%81%d0%ba%d0%b8%d0%b9-%d1%81%d1%82%d0%b5%d0%ba%d0%bb%d0%be-%d0%ba%d0%b0%d0%bb%d1%8c%d1%8f%d0%bd-%d0%bd%d0%b0%d0%b1%d0%be%d1%80-%d0%be%d0%bf%d1%82\/#primaryimage\"},\"thumbnailUrl\":\"https:\/\/global-hookah.com\/wp-content\/uploads\/2023\/07\/Russian-Glass-Hookah-Set-Colorful-Model-High-Quality-Shisha-Pipe-Shining-Base-Narghile-Accessorys-Luxcy-Gift.jpg\",\"datePublished\":\"2023-07-30T02:24:45+00:00\",\"dateModified\":\"2024-01-12T03:55:58+00:00\",\"breadcrumb\":{\"@id\":\"https:\/\/global-hookah.com\/ru\/\u043f\u0440\u043e\u0434\u0443\u043a\u0442\/%d1%80%d1%83%d1%81%d1%81%d0%ba%d0%b8%d0%b9-%d1%81%d1%82%d0%b5%d0%ba%d0%bb%d0%be-%d0%ba%d0%b0%d0%bb%d1%8c%d1%8f%d0%bd-%d0%bd%d0%b0%d0%b1%d0%be%d1%80-%d0%be%d0%bf%d1%82\/#breadcrumb\"},\"inLanguage\":\"es\",\"potentialAction\":[{\"@type\":\"ReadAction\",\"target\":[\"https:\/\/global-hookah.com\/ru\/\u043f\u0440\u043e\u0434\u0443\u043a\u0442\/%d1%80%d1%83%d1%81%d1%81%d0%ba%d0%b8%d0%b9-%d1%81%d1%82%d0%b5%d0%ba%d0%bb%d0%be-%d0%ba%d0%b0%d0%bb%d1%8c%d1%8f%d0%bd-%d0%bd%d0%b0%d0%b1%d0%be%d1%80-%d0%be%d0%bf%d1%82\/\"]}]},{\"@type\":\"ImageObject\",\"inLanguage\":\"es\",\"@id\":\"https:\/\/global-hookah.com\/ru\/\u043f\u0440\u043e\u0434\u0443\u043a\u0442\/%d1%80%d1%83%d1%81%d1%81%d0%ba%d0%b8%d0%b9-%d1%81%d1%82%d0%b5%d0%ba%d0%bb%d0%be-%d0%ba%d0%b0%d0%bb%d1%8c%d1%8f%d0%bd-%d0%bd%d0%b0%d0%b1%d0%be%d1%80-%d0%be%d0%bf%d1%82\/#primaryimage\",\"url\":\"https:\/\/global-hookah.com\/wp-content\/uploads\/2023\/07\/Russian-Glass-Hookah-Set-Colorful-Model-High-Quality-Shisha-Pipe-Shining-Base-Narghile-Accessorys-Luxcy-Gift.jpg\",\"contentUrl\":\"https:\/\/global-hookah.com\/wp-content\/uploads\/2023\/07\/Russian-Glass-Hookah-Set-Colorful-Model-High-Quality-Shisha-Pipe-Shining-Base-Narghile-Accessorys-Luxcy-Gift.jpg\",\"width\":800,\"height\":800,\"caption\":\"Russian Glass Hookah Set Wholesale\"},{\"@type\":\"BreadcrumbList\",\"@id\":\"https:\/\/global-hookah.com\/ru\/\u043f\u0440\u043e\u0434\u0443\u043a\u0442\/%d1%80%d1%83%d1%81%d1%81%d0%ba%d0%b8%d0%b9-%d1%81%d1%82%d0%b5%d0%ba%d0%bb%d0%be-%d0%ba%d0%b0%d0%bb%d1%8c%d1%8f%d0%bd-%d0%bd%d0%b0%d0%b1%d0%be%d1%80-%d0%be%d0%bf%d1%82\/#breadcrumb\",\"itemListElement\":[{\"@type\":\"ListItem\",\"position\":1,\"name\":\"Home\",\"item\":\"https:\/\/global-hookah.com\/\"},{\"@type\":\"ListItem\",\"position\":2,\"name\":\"Shop\",\"item\":\"https:\/\/global-hookah.com\/shop\/\"},{\"@type\":\"ListItem\",\"position\":3,\"name\":\"Russian Glass Hookah Set Wholesale\"}]},{\"@type\":\"WebSite\",\"@id\":\"https:\/\/global-hookah.com\/#website\",\"url\":\"https:\/\/global-hookah.com\/\",\"name\":\"Global Hookah\",\"description\":\"Global Hookah\",\"publisher\":{\"@id\":\"https:\/\/global-hookah.com\/#organization\"},\"potentialAction\":[{\"@type\":\"SearchAction\",\"target\":{\"@type\":\"EntryPoint\",\"urlTemplate\":\"https:\/\/global-hookah.com\/?s={search_term_string}\"},\"query-input\":{\"@type\":\"PropertyValueSpecification\",\"valueRequired\":true,\"valueName\":\"search_term_string\"}}],\"inLanguage\":\"es\"},{\"@type\":\"Organization\",\"@id\":\"https:\/\/global-hookah.com\/#organization\",\"name\":\"Global Hookah\",\"url\":\"https:\/\/global-hookah.com\/\",\"logo\":{\"@type\":\"ImageObject\",\"inLanguage\":\"es\",\"@id\":\"https:\/\/global-hookah.com\/#\/schema\/logo\/image\/\",\"url\":\"https:\/\/global-hookah.com\/wp-content\/uploads\/2021\/10\/cropped-fgg.png\",\"contentUrl\":\"https:\/\/global-hookah.com\/wp-content\/uploads\/2021\/10\/cropped-fgg.png\",\"width\":512,\"height\":512,\"caption\":\"Global Hookah\"},\"image\":{\"@id\":\"https:\/\/global-hookah.com\/#\/schema\/logo\/image\/\"}}]}<\/script>\n<!-- \/ Yoast SEO Premium plugin. -->","yoast_head_json":{"title":"Juego de narguile de cristal ruso al por mayor - Global Hookah","robots":{"index":"index","follow":"follow","max-snippet":"max-snippet:-1","max-image-preview":"max-image-preview:large","max-video-preview":"max-video-preview:-1"},"canonical":"https:\/\/global-hookah.com\/es\/ru\/\u043f\u0440\u043e\u0434\u0443\u043a\u0442\/\u0440\u0443\u0441\u0441\u043a\u0438\u0439-\u0441\u0442\u0435\u043a\u043b\u043e-\u043a\u0430\u043b\u044c\u044f\u043d-\u043d\u0430\u0431\u043e\u0440-\u043e\u043f\u0442\/","og_locale":"es_ES","og_type":"article","og_title":"Russian Glass Hookah Set Wholesale","og_description":"Indulging in a hookah session is more than just a leisurely activity; it&#8217;s an experience that transports you to a","og_url":"https:\/\/global-hookah.com\/es\/ru\/\u043f\u0440\u043e\u0434\u0443\u043a\u0442\/\u0440\u0443\u0441\u0441\u043a\u0438\u0439-\u0441\u0442\u0435\u043a\u043b\u043e-\u043a\u0430\u043b\u044c\u044f\u043d-\u043d\u0430\u0431\u043e\u0440-\u043e\u043f\u0442\/","og_site_name":"Global Hookah","article_modified_time":"2024-01-12T03:55:58+00:00","og_image":[{"width":800,"height":800,"url":"https:\/\/global-hookah.com\/wp-content\/uploads\/2023\/07\/Russian-Glass-Hookah-Set-Colorful-Model-High-Quality-Shisha-Pipe-Shining-Base-Narghile-Accessorys-Luxcy-Gift.jpg","type":"image\/jpeg"}],"twitter_card":"summary_large_image","twitter_misc":{"Tiempo de lectura":"3 minutos"},"schema":{"@context":"https:\/\/schema.org","@graph":[{"@type":"WebPage","@id":"https:\/\/global-hookah.com\/ru\/\u043f\u0440\u043e\u0434\u0443\u043a\u0442\/%d1%80%d1%83%d1%81%d1%81%d0%ba%d0%b8%d0%b9-%d1%81%d1%82%d0%b5%d0%ba%d0%bb%d0%be-%d0%ba%d0%b0%d0%bb%d1%8c%d1%8f%d0%bd-%d0%bd%d0%b0%d0%b1%d0%be%d1%80-%d0%be%d0%bf%d1%82\/","url":"https:\/\/global-hookah.com\/ru\/\u043f\u0440\u043e\u0434\u0443\u043a\u0442\/%d1%80%d1%83%d1%81%d1%81%d0%ba%d0%b8%d0%b9-%d1%81%d1%82%d0%b5%d0%ba%d0%bb%d0%be-%d0%ba%d0%b0%d0%bb%d1%8c%d1%8f%d0%bd-%d0%bd%d0%b0%d0%b1%d0%be%d1%80-%d0%be%d0%bf%d1%82\/","name":"Juego de narguile de cristal ruso al por mayor - Global Hookah","isPartOf":{"@id":"https:\/\/global-hookah.com\/#website"},"primaryImageOfPage":{"@id":"https:\/\/global-hookah.com\/ru\/\u043f\u0440\u043e\u0434\u0443\u043a\u0442\/%d1%80%d1%83%d1%81%d1%81%d0%ba%d0%b8%d0%b9-%d1%81%d1%82%d0%b5%d0%ba%d0%bb%d0%be-%d0%ba%d0%b0%d0%bb%d1%8c%d1%8f%d0%bd-%d0%bd%d0%b0%d0%b1%d0%be%d1%80-%d0%be%d0%bf%d1%82\/#primaryimage"},"image":{"@id":"https:\/\/global-hookah.com\/ru\/\u043f\u0440\u043e\u0434\u0443\u043a\u0442\/%d1%80%d1%83%d1%81%d1%81%d0%ba%d0%b8%d0%b9-%d1%81%d1%82%d0%b5%d0%ba%d0%bb%d0%be-%d0%ba%d0%b0%d0%bb%d1%8c%d1%8f%d0%bd-%d0%bd%d0%b0%d0%b1%d0%be%d1%80-%d0%be%d0%bf%d1%82\/#primaryimage"},"thumbnailUrl":"https:\/\/global-hookah.com\/wp-content\/uploads\/2023\/07\/Russian-Glass-Hookah-Set-Colorful-Model-High-Quality-Shisha-Pipe-Shining-Base-Narghile-Accessorys-Luxcy-Gift.jpg","datePublished":"2023-07-30T02:24:45+00:00","dateModified":"2024-01-12T03:55:58+00:00","breadcrumb":{"@id":"https:\/\/global-hookah.com\/ru\/\u043f\u0440\u043e\u0434\u0443\u043a\u0442\/%d1%80%d1%83%d1%81%d1%81%d0%ba%d0%b8%d0%b9-%d1%81%d1%82%d0%b5%d0%ba%d0%bb%d0%be-%d0%ba%d0%b0%d0%bb%d1%8c%d1%8f%d0%bd-%d0%bd%d0%b0%d0%b1%d0%be%d1%80-%d0%be%d0%bf%d1%82\/#breadcrumb"},"inLanguage":"es","potentialAction":[{"@type":"ReadAction","target":["https:\/\/global-hookah.com\/ru\/\u043f\u0440\u043e\u0434\u0443\u043a\u0442\/%d1%80%d1%83%d1%81%d1%81%d0%ba%d0%b8%d0%b9-%d1%81%d1%82%d0%b5%d0%ba%d0%bb%d0%be-%d0%ba%d0%b0%d0%bb%d1%8c%d1%8f%d0%bd-%d0%bd%d0%b0%d0%b1%d0%be%d1%80-%d0%be%d0%bf%d1%82\/"]}]},{"@type":"ImageObject","inLanguage":"es","@id":"https:\/\/global-hookah.com\/ru\/\u043f\u0440\u043e\u0434\u0443\u043a\u0442\/%d1%80%d1%83%d1%81%d1%81%d0%ba%d0%b8%d0%b9-%d1%81%d1%82%d0%b5%d0%ba%d0%bb%d0%be-%d0%ba%d0%b0%d0%bb%d1%8c%d1%8f%d0%bd-%d0%bd%d0%b0%d0%b1%d0%be%d1%80-%d0%be%d0%bf%d1%82\/#primaryimage","url":"https:\/\/global-hookah.com\/wp-content\/uploads\/2023\/07\/Russian-Glass-Hookah-Set-Colorful-Model-High-Quality-Shisha-Pipe-Shining-Base-Narghile-Accessorys-Luxcy-Gift.jpg","contentUrl":"https:\/\/global-hookah.com\/wp-content\/uploads\/2023\/07\/Russian-Glass-Hookah-Set-Colorful-Model-High-Quality-Shisha-Pipe-Shining-Base-Narghile-Accessorys-Luxcy-Gift.jpg","width":800,"height":800,"caption":"Russian Glass Hookah Set Wholesale"},{"@type":"BreadcrumbList","@id":"https:\/\/global-hookah.com\/ru\/\u043f\u0440\u043e\u0434\u0443\u043a\u0442\/%d1%80%d1%83%d1%81%d1%81%d0%ba%d0%b8%d0%b9-%d1%81%d1%82%d0%b5%d0%ba%d0%bb%d0%be-%d0%ba%d0%b0%d0%bb%d1%8c%d1%8f%d0%bd-%d0%bd%d0%b0%d0%b1%d0%be%d1%80-%d0%be%d0%bf%d1%82\/#breadcrumb","itemListElement":[{"@type":"ListItem","position":1,"name":"Home","item":"https:\/\/global-hookah.com\/"},{"@type":"ListItem","position":2,"name":"Shop","item":"https:\/\/global-hookah.com\/shop\/"},{"@type":"ListItem","position":3,"name":"Russian Glass Hookah Set Wholesale"}]},{"@type":"WebSite","@id":"https:\/\/global-hookah.com\/#website","url":"https:\/\/global-hookah.com\/","name":"Global Hookah","description":"Global Hookah","publisher":{"@id":"https:\/\/global-hookah.com\/#organization"},"potentialAction":[{"@type":"SearchAction","target":{"@type":"EntryPoint","urlTemplate":"https:\/\/global-hookah.com\/?s={search_term_string}"},"query-input":{"@type":"PropertyValueSpecification","valueRequired":true,"valueName":"search_term_string"}}],"inLanguage":"es"},{"@type":"Organization","@id":"https:\/\/global-hookah.com\/#organization","name":"Global Hookah","url":"https:\/\/global-hookah.com\/","logo":{"@type":"ImageObject","inLanguage":"es","@id":"https:\/\/global-hookah.com\/#\/schema\/logo\/image\/","url":"https:\/\/global-hookah.com\/wp-content\/uploads\/2021\/10\/cropped-fgg.png","contentUrl":"https:\/\/global-hookah.com\/wp-content\/uploads\/2021\/10\/cropped-fgg.png","width":512,"height":512,"caption":"Global Hookah"},"image":{"@id":"https:\/\/global-hookah.com\/#\/schema\/logo\/image\/"}}]}},"_links":{"self":[{"href":"https:\/\/global-hookah.com\/es\/wp-json\/wp\/v2\/product\/12900","targetHints":{"allow":["GET"]}}],"collection":[{"href":"https:\/\/global-hookah.com\/es\/wp-json\/wp\/v2\/product"}],"about":[{"href":"https:\/\/global-hookah.com\/es\/wp-json\/wp\/v2\/types\/product"}],"replies":[{"embeddable":true,"href":"https:\/\/global-hookah.com\/es\/wp-json\/wp\/v2\/comments?post=12900"}],"version-history":[{"count":0,"href":"https:\/\/global-hookah.com\/es\/wp-json\/wp\/v2\/product\/12900\/revisions"}],"wp:featuredmedia":[{"embeddable":true,"href":"https:\/\/global-hookah.com\/es\/wp-json\/wp\/v2\/media\/12901"}],"wp:attachment":[{"href":"https:\/\/global-hookah.com\/es\/wp-json\/wp\/v2\/media?parent=12900"}],"wp:term":[{"taxonomy":"product_brand","embeddable":true,"href":"https:\/\/global-hookah.com\/es\/wp-json\/wp\/v2\/product_brand?post=12900"},{"taxonomy":"product_cat","embeddable":true,"href":"https:\/\/global-hookah.com\/es\/wp-json\/wp\/v2\/product_cat?post=12900"},{"taxonomy":"product_tag","embeddable":true,"href":"https:\/\/global-hookah.com\/es\/wp-json\/wp\/v2\/product_tag?post=12900"}],"curies":[{"name":"wp","href":"https:\/\/api.w.org\/{rel}","templated":true}]}}